{"id":255110,"date":"2023-02-21T16:02:42","date_gmt":"2023-02-21T13:02:42","guid":{"rendered":"https:\/\/sakipsabancimuzesi.org\/shop\/?post_type=product&#038;p=255110"},"modified":"2026-03-26T12:07:35","modified_gmt":"2026-03-26T09:07:35","slug":"degasnin-gozunden","status":"publish","type":"product","link":"https:\/\/sakipsabancimuzesi.org\/shop\/urun\/yayin-ve-multimedya\/cocuk-kitaplari\/degasnin-gozunden\/","title":{"rendered":"Degas&#8217;n\u0131n G\u00f6z\u00fcnden"},"content":{"rendered":"<p>New York Modern Sanat M\u00fczesi\u2019nin (MOMA) \u00e7ocuklar i\u00e7in haz\u0131rlad\u0131\u011f\u0131 sanat kitaplar\u0131 Mars\u0131k Kitap etiketiyle T\u00fcrk\u00e7e\u2019de!<\/p>\n<p>Dizinin T\u00fcrk okurlar\u0131yla bulu\u015fan ilk kitab\u0131 Magritte\u2019in Elmas\u0131&#8217;yd\u0131. \u0130kinci kitap Ya\u015fam\u0131n Renkleri.<br \/>\nNisan ay\u0131nda raflarda olacak yeni kitap ise Degas&#8217;n\u0131n G\u00f6z\u00fcnden.<br \/>\nParis sokaklar\u0131nda dola\u015fan ressam, \u00e7izer, bask\u0131 sanat\u00e7\u0131s\u0131 ve heykeltra\u015f Edgar Degas, ya\u015fad\u0131\u011f\u0131 \u015fehri b\u00fcy\u00fck bir merakla g\u00f6zlemliyor. Modern d\u00fcnya ve onun insanlar\u0131yla ilgili izlenimler olu\u015fturuyor. Otob\u00fcsteyken daha \u00f6nce hi\u00e7 fark etmedi\u011fi bir \u015feyi, d\u0131\u015far\u0131da y\u00fcr\u00fcyen insanlar\u0131n y\u00fczlerinin bulan\u0131k oldu\u011funu, fark ediyor. Paris Operas\u0131&#8217;n\u0131 ziyaretinde ise g\u00f6steriye haz\u0131rlanan balerinlerin \u00e7al\u0131\u015fmalar\u0131n\u0131 izliyor.<br \/>\nDegas&#8217;n\u0131n G\u00f6z\u00fcnden adl\u0131 bu kitap, gen\u00e7 okurlar\u0131 ve k\u00fc\u00e7\u00fck sanat\u00e7\u0131lar\u0131 kendi \u00e7evrelerini dikkatle incelemeleri konusunda heveslendiriyor. Kitap, Cristina Pieropan&#8217;\u0131n ki\u015fide d\u00f6nem duygusu uyand\u0131ran renkli ill\u00fcstrasyonlar\u0131n\u0131 ve Degas&#8217;n\u0131n yedi eserinin r\u00f6prod\u00fcksiyonlar\u0131n\u0131 i\u00e7eriyor.<\/p>\n","protected":false},"excerpt":{"rendered":"<p>New York Modern Sanat M\u00fczesi\u2019nin (MOMA) \u00e7ocuklar i\u00e7in haz\u0131rlad\u0131\u011f\u0131 sanat kitaplar\u0131 Mars\u0131k Kitap etiketiyle T\u00fcrk\u00e7e\u2019de! Dizinin T\u00fcrk okurlar\u0131yla bulu\u015fan ilk kitab\u0131 Magritte\u2019in Elmas\u0131&#8217;yd\u0131. \u0130kinci kitap Ya\u015fam\u0131n Renkleri. Nisan ay\u0131nda raflarda olacak yeni kitap ise Degas&#8217;n\u0131n G\u00f6z\u00fcnden. Paris sokaklar\u0131nda dola\u015fan ressam, \u00e7izer, bask\u0131 sanat\u00e7\u0131s\u0131 ve heykeltra\u015f Edgar Degas, ya\u015fad\u0131\u011f\u0131 \u015fehri b\u00fcy\u00fck bir merakla g\u00f6zlemliyor. Modern d\u00fcnya [&#8230;]\n","protected":false},"featured_media":255113,"template":"","meta":{"_exactmetrics_skip_tracking":false,"_exactmetrics_sitenote_active":false,"_exactmetrics_sitenote_note":"","_exactmetrics_sitenote_category":0},"product_brand":[],"product_cat":[628,662,665,760],"product_tag":[],"woo-feed-brand":[],"class_list":{"0":"post-255110","1":"product","2":"type-product","3":"status-publish","4":"has-post-thumbnail","6":"product_cat-cocuk-ve-oyun","7":"product_cat-yayin-ve-multimedya","8":"product_cat-cocuk-kitaplari","9":"product_cat-cocuk-kitaplari-cocuk-ve-oyun","11":"first","12":"instock","13":"taxable","14":"shipping-taxable","15":"purchasable","16":"product-type-simple"},"yoast_head":"<!-- This site is optimized with the Yoast SEO plugin v27.1.1 - https:\/\/yoast.com\/product\/yoast-seo-wordpress\/ -->\n<title>Degas&#039;n\u0131n G\u00f6z\u00fcnden - SSM Shop<\/title>\n<meta name=\"robots\" content=\"index, follow, max-snippet:-1, max-image-preview:large, max-video-preview:-1\" \/>\n<link rel=\"canonical\" href=\"https:\/\/sakipsabancimuzesi.org\/shop\/urun\/yayin-ve-multimedya\/cocuk-kitaplari\/degasnin-gozunden\/\" \/>\n<meta property=\"og:locale\" content=\"tr_TR\" \/>\n<meta property=\"og:type\" content=\"article\" \/>\n<meta property=\"og:title\" content=\"Degas&#039;n\u0131n G\u00f6z\u00fcnden - SSM Shop\" \/>\n<meta property=\"og:description\" content=\"New York Modern Sanat M\u00fczesi\u2019nin (MOMA) \u00e7ocuklar i\u00e7in haz\u0131rlad\u0131\u011f\u0131 sanat kitaplar\u0131 Mars\u0131k Kitap etiketiyle T\u00fcrk\u00e7e\u2019de! Dizinin T\u00fcrk okurlar\u0131yla bulu\u015fan ilk kitab\u0131 Magritte\u2019in Elmas\u0131&#8217;yd\u0131. \u0130kinci kitap Ya\u015fam\u0131n Renkleri. Nisan ay\u0131nda raflarda olacak yeni kitap ise Degas&#8217;n\u0131n G\u00f6z\u00fcnden. Paris sokaklar\u0131nda dola\u015fan ressam, \u00e7izer, bask\u0131 sanat\u00e7\u0131s\u0131 ve heykeltra\u015f Edgar Degas, ya\u015fad\u0131\u011f\u0131 \u015fehri b\u00fcy\u00fck bir merakla g\u00f6zlemliyor. Modern d\u00fcnya [...]\" \/>\n<meta property=\"og:url\" content=\"https:\/\/sakipsabancimuzesi.org\/shop\/urun\/yayin-ve-multimedya\/cocuk-kitaplari\/degasnin-gozunden\/\" \/>\n<meta property=\"og:site_name\" content=\"SSM Shop\" \/>\n<meta property=\"article:publisher\" content=\"https:\/\/www.facebook.com\/SakipSabanciMuzesi\/\" \/>\n<meta property=\"article:modified_time\" content=\"2026-03-26T09:07:35+00:00\" \/>\n<meta property=\"og:image\" content=\"https:\/\/sakipsabancimuzesi.org\/shop\/wp-content\/uploads\/2023\/02\/Degasnin-Gozunden.jpg\" \/>\n\t<meta property=\"og:image:width\" content=\"1280\" \/>\n\t<meta property=\"og:image:height\" content=\"1600\" \/>\n\t<meta property=\"og:image:type\" content=\"image\/jpeg\" \/>\n<meta name=\"twitter:card\" content=\"summary_large_image\" \/>\n<meta name=\"twitter:label1\" content=\"Tahmini okuma s\u00fcresi\" \/>\n\t<meta name=\"twitter:data1\" content=\"1 dakika\" \/>\n<script type=\"application\/ld+json\" class=\"yoast-schema-graph\">{\"@context\":\"https:\/\/schema.org\",\"@graph\":[{\"@type\":\"WebPage\",\"@id\":\"https:\/\/sakipsabancimuzesi.org\/shop\/urun\/yayin-ve-multimedya\/cocuk-kitaplari\/degasnin-gozunden\/\",\"url\":\"https:\/\/sakipsabancimuzesi.org\/shop\/urun\/yayin-ve-multimedya\/cocuk-kitaplari\/degasnin-gozunden\/\",\"name\":\"Degas'n\u0131n G\u00f6z\u00fcnden - SSM Shop\",\"isPartOf\":{\"@id\":\"https:\/\/sakipsabancimuzesi.org\/shop\/#website\"},\"primaryImageOfPage\":{\"@id\":\"https:\/\/sakipsabancimuzesi.org\/shop\/urun\/yayin-ve-multimedya\/cocuk-kitaplari\/degasnin-gozunden\/#primaryimage\"},\"image\":{\"@id\":\"https:\/\/sakipsabancimuzesi.org\/shop\/urun\/yayin-ve-multimedya\/cocuk-kitaplari\/degasnin-gozunden\/#primaryimage\"},\"thumbnailUrl\":\"https:\/\/sakipsabancimuzesi.org\/shop\/wp-content\/uploads\/2023\/02\/Degasnin-Gozunden.jpg\",\"datePublished\":\"2023-02-21T13:02:42+00:00\",\"dateModified\":\"2026-03-26T09:07:35+00:00\",\"breadcrumb\":{\"@id\":\"https:\/\/sakipsabancimuzesi.org\/shop\/urun\/yayin-ve-multimedya\/cocuk-kitaplari\/degasnin-gozunden\/#breadcrumb\"},\"inLanguage\":\"tr\",\"potentialAction\":[{\"@type\":\"ReadAction\",\"target\":[\"https:\/\/sakipsabancimuzesi.org\/shop\/urun\/yayin-ve-multimedya\/cocuk-kitaplari\/degasnin-gozunden\/\"]}]},{\"@type\":\"ImageObject\",\"inLanguage\":\"tr\",\"@id\":\"https:\/\/sakipsabancimuzesi.org\/shop\/urun\/yayin-ve-multimedya\/cocuk-kitaplari\/degasnin-gozunden\/#primaryimage\",\"url\":\"https:\/\/sakipsabancimuzesi.org\/shop\/wp-content\/uploads\/2023\/02\/Degasnin-Gozunden.jpg\",\"contentUrl\":\"https:\/\/sakipsabancimuzesi.org\/shop\/wp-content\/uploads\/2023\/02\/Degasnin-Gozunden.jpg\",\"width\":1280,\"height\":1600},{\"@type\":\"BreadcrumbList\",\"@id\":\"https:\/\/sakipsabancimuzesi.org\/shop\/urun\/yayin-ve-multimedya\/cocuk-kitaplari\/degasnin-gozunden\/#breadcrumb\",\"itemListElement\":[{\"@type\":\"ListItem\",\"position\":1,\"name\":\"Ana sayfa\",\"item\":\"https:\/\/sakipsabancimuzesi.org\/shop\/\"},{\"@type\":\"ListItem\",\"position\":2,\"name\":\"Shop\",\"item\":\"https:\/\/sakipsabancimuzesi.org\/shop\/shop\/\"},{\"@type\":\"ListItem\",\"position\":3,\"name\":\"Degas&#8217;n\u0131n G\u00f6z\u00fcnden\"}]},{\"@type\":\"WebSite\",\"@id\":\"https:\/\/sakipsabancimuzesi.org\/shop\/#website\",\"url\":\"https:\/\/sakipsabancimuzesi.org\/shop\/\",\"name\":\"SSM Shop\",\"description\":\"Sak\u0131p Sabanc\u0131 M\u00fczesi, Ma\u011faza\",\"publisher\":{\"@id\":\"https:\/\/sakipsabancimuzesi.org\/shop\/#organization\"},\"potentialAction\":[{\"@type\":\"SearchAction\",\"target\":{\"@type\":\"EntryPoint\",\"urlTemplate\":\"https:\/\/sakipsabancimuzesi.org\/shop\/?s={search_term_string}\"},\"query-input\":{\"@type\":\"PropertyValueSpecification\",\"valueRequired\":true,\"valueName\":\"search_term_string\"}}],\"inLanguage\":\"tr\"},{\"@type\":\"Organization\",\"@id\":\"https:\/\/sakipsabancimuzesi.org\/shop\/#organization\",\"name\":\"SSM Shop\",\"url\":\"https:\/\/sakipsabancimuzesi.org\/shop\/\",\"logo\":{\"@type\":\"ImageObject\",\"inLanguage\":\"tr\",\"@id\":\"https:\/\/sakipsabancimuzesi.org\/shop\/#\/schema\/logo\/image\/\",\"url\":\"https:\/\/sakipsabancimuzesi.org\/shop\/wp-content\/uploads\/2019\/11\/logo.png\",\"contentUrl\":\"https:\/\/sakipsabancimuzesi.org\/shop\/wp-content\/uploads\/2019\/11\/logo.png\",\"width\":227,\"height\":87,\"caption\":\"SSM Shop\"},\"image\":{\"@id\":\"https:\/\/sakipsabancimuzesi.org\/shop\/#\/schema\/logo\/image\/\"},\"sameAs\":[\"https:\/\/www.facebook.com\/SakipSabanciMuzesi\/\"]}]}<\/script>\n<!-- \/ Yoast SEO plugin. -->","yoast_head_json":{"title":"Degas'n\u0131n G\u00f6z\u00fcnden - SSM Shop","robots":{"index":"index","follow":"follow","max-snippet":"max-snippet:-1","max-image-preview":"max-image-preview:large","max-video-preview":"max-video-preview:-1"},"canonical":"https:\/\/sakipsabancimuzesi.org\/shop\/urun\/yayin-ve-multimedya\/cocuk-kitaplari\/degasnin-gozunden\/","og_locale":"tr_TR","og_type":"article","og_title":"Degas'n\u0131n G\u00f6z\u00fcnden - SSM Shop","og_description":"New York Modern Sanat M\u00fczesi\u2019nin (MOMA) \u00e7ocuklar i\u00e7in haz\u0131rlad\u0131\u011f\u0131 sanat kitaplar\u0131 Mars\u0131k Kitap etiketiyle T\u00fcrk\u00e7e\u2019de! Dizinin T\u00fcrk okurlar\u0131yla bulu\u015fan ilk kitab\u0131 Magritte\u2019in Elmas\u0131&#8217;yd\u0131. \u0130kinci kitap Ya\u015fam\u0131n Renkleri. Nisan ay\u0131nda raflarda olacak yeni kitap ise Degas&#8217;n\u0131n G\u00f6z\u00fcnden. Paris sokaklar\u0131nda dola\u015fan ressam, \u00e7izer, bask\u0131 sanat\u00e7\u0131s\u0131 ve heykeltra\u015f Edgar Degas, ya\u015fad\u0131\u011f\u0131 \u015fehri b\u00fcy\u00fck bir merakla g\u00f6zlemliyor. Modern d\u00fcnya [...]","og_url":"https:\/\/sakipsabancimuzesi.org\/shop\/urun\/yayin-ve-multimedya\/cocuk-kitaplari\/degasnin-gozunden\/","og_site_name":"SSM Shop","article_publisher":"https:\/\/www.facebook.com\/SakipSabanciMuzesi\/","article_modified_time":"2026-03-26T09:07:35+00:00","og_image":[{"width":1280,"height":1600,"url":"https:\/\/sakipsabancimuzesi.org\/shop\/wp-content\/uploads\/2023\/02\/Degasnin-Gozunden.jpg","type":"image\/jpeg"}],"twitter_card":"summary_large_image","twitter_misc":{"Tahmini okuma s\u00fcresi":"1 dakika"},"schema":{"@context":"https:\/\/schema.org","@graph":[{"@type":"WebPage","@id":"https:\/\/sakipsabancimuzesi.org\/shop\/urun\/yayin-ve-multimedya\/cocuk-kitaplari\/degasnin-gozunden\/","url":"https:\/\/sakipsabancimuzesi.org\/shop\/urun\/yayin-ve-multimedya\/cocuk-kitaplari\/degasnin-gozunden\/","name":"Degas'n\u0131n G\u00f6z\u00fcnden - SSM Shop","isPartOf":{"@id":"https:\/\/sakipsabancimuzesi.org\/shop\/#website"},"primaryImageOfPage":{"@id":"https:\/\/sakipsabancimuzesi.org\/shop\/urun\/yayin-ve-multimedya\/cocuk-kitaplari\/degasnin-gozunden\/#primaryimage"},"image":{"@id":"https:\/\/sakipsabancimuzesi.org\/shop\/urun\/yayin-ve-multimedya\/cocuk-kitaplari\/degasnin-gozunden\/#primaryimage"},"thumbnailUrl":"https:\/\/sakipsabancimuzesi.org\/shop\/wp-content\/uploads\/2023\/02\/Degasnin-Gozunden.jpg","datePublished":"2023-02-21T13:02:42+00:00","dateModified":"2026-03-26T09:07:35+00:00","breadcrumb":{"@id":"https:\/\/sakipsabancimuzesi.org\/shop\/urun\/yayin-ve-multimedya\/cocuk-kitaplari\/degasnin-gozunden\/#breadcrumb"},"inLanguage":"tr","potentialAction":[{"@type":"ReadAction","target":["https:\/\/sakipsabancimuzesi.org\/shop\/urun\/yayin-ve-multimedya\/cocuk-kitaplari\/degasnin-gozunden\/"]}]},{"@type":"ImageObject","inLanguage":"tr","@id":"https:\/\/sakipsabancimuzesi.org\/shop\/urun\/yayin-ve-multimedya\/cocuk-kitaplari\/degasnin-gozunden\/#primaryimage","url":"https:\/\/sakipsabancimuzesi.org\/shop\/wp-content\/uploads\/2023\/02\/Degasnin-Gozunden.jpg","contentUrl":"https:\/\/sakipsabancimuzesi.org\/shop\/wp-content\/uploads\/2023\/02\/Degasnin-Gozunden.jpg","width":1280,"height":1600},{"@type":"BreadcrumbList","@id":"https:\/\/sakipsabancimuzesi.org\/shop\/urun\/yayin-ve-multimedya\/cocuk-kitaplari\/degasnin-gozunden\/#breadcrumb","itemListElement":[{"@type":"ListItem","position":1,"name":"Ana sayfa","item":"https:\/\/sakipsabancimuzesi.org\/shop\/"},{"@type":"ListItem","position":2,"name":"Shop","item":"https:\/\/sakipsabancimuzesi.org\/shop\/shop\/"},{"@type":"ListItem","position":3,"name":"Degas&#8217;n\u0131n G\u00f6z\u00fcnden"}]},{"@type":"WebSite","@id":"https:\/\/sakipsabancimuzesi.org\/shop\/#website","url":"https:\/\/sakipsabancimuzesi.org\/shop\/","name":"SSM Shop","description":"Sak\u0131p Sabanc\u0131 M\u00fczesi, Ma\u011faza","publisher":{"@id":"https:\/\/sakipsabancimuzesi.org\/shop\/#organization"},"potentialAction":[{"@type":"SearchAction","target":{"@type":"EntryPoint","urlTemplate":"https:\/\/sakipsabancimuzesi.org\/shop\/?s={search_term_string}"},"query-input":{"@type":"PropertyValueSpecification","valueRequired":true,"valueName":"search_term_string"}}],"inLanguage":"tr"},{"@type":"Organization","@id":"https:\/\/sakipsabancimuzesi.org\/shop\/#organization","name":"SSM Shop","url":"https:\/\/sakipsabancimuzesi.org\/shop\/","logo":{"@type":"ImageObject","inLanguage":"tr","@id":"https:\/\/sakipsabancimuzesi.org\/shop\/#\/schema\/logo\/image\/","url":"https:\/\/sakipsabancimuzesi.org\/shop\/wp-content\/uploads\/2019\/11\/logo.png","contentUrl":"https:\/\/sakipsabancimuzesi.org\/shop\/wp-content\/uploads\/2019\/11\/logo.png","width":227,"height":87,"caption":"SSM Shop"},"image":{"@id":"https:\/\/sakipsabancimuzesi.org\/shop\/#\/schema\/logo\/image\/"},"sameAs":["https:\/\/www.facebook.com\/SakipSabanciMuzesi\/"]}]}},"jetpack_sharing_enabled":true,"_links":{"self":[{"href":"https:\/\/sakipsabancimuzesi.org\/shop\/wp-json\/wp\/v2\/product\/255110","targetHints":{"allow":["GET"]}}],"collection":[{"href":"https:\/\/sakipsabancimuzesi.org\/shop\/wp-json\/wp\/v2\/product"}],"about":[{"href":"https:\/\/sakipsabancimuzesi.org\/shop\/wp-json\/wp\/v2\/types\/product"}],"wp:featuredmedia":[{"embeddable":true,"href":"https:\/\/sakipsabancimuzesi.org\/shop\/wp-json\/wp\/v2\/media\/255113"}],"wp:attachment":[{"href":"https:\/\/sakipsabancimuzesi.org\/shop\/wp-json\/wp\/v2\/media?parent=255110"}],"wp:term":[{"taxonomy":"product_brand","embeddable":true,"href":"https:\/\/sakipsabancimuzesi.org\/shop\/wp-json\/wp\/v2\/product_brand?post=255110"},{"taxonomy":"product_cat","embeddable":true,"href":"https:\/\/sakipsabancimuzesi.org\/shop\/wp-json\/wp\/v2\/product_cat?post=255110"},{"taxonomy":"product_tag","embeddable":true,"href":"https:\/\/sakipsabancimuzesi.org\/shop\/wp-json\/wp\/v2\/product_tag?post=255110"},{"taxonomy":"woo-feed-brand","embeddable":true,"href":"https:\/\/sakipsabancimuzesi.org\/shop\/wp-json\/wp\/v2\/woo-feed-brand?post=255110"}],"curies":[{"name":"wp","href":"https:\/\/api.w.org\/{rel}","templated":true}]}}