{"id":255114,"date":"2023-02-21T16:04:36","date_gmt":"2023-02-21T13:04:36","guid":{"rendered":"https:\/\/sakipsabancimuzesi.org\/shop\/?post_type=product&#038;p=255114"},"modified":"2025-11-28T11:17:38","modified_gmt":"2025-11-28T08:17:38","slug":"sanatci-burada-ne-anlatmak-istemis","status":"publish","type":"product","link":"https:\/\/sakipsabancimuzesi.org\/shop\/urun\/yayin-ve-multimedya\/cocuk-kitaplari\/sanatci-burada-ne-anlatmak-istemis\/","title":{"rendered":"Sanat\u00e7\u0131 Burada Ne Anlatmak \u0130stemi\u015f?"},"content":{"rendered":"<p>Bir sanat m\u00fczesini gezerken veya bir kitapta \u00fcnl\u00fc ressamlar\u0131n tablolar\u0131yla kar\u015f\u0131la\u015ft\u0131\u011f\u0131nda, i\u00e7inden \u201cSanat\u00e7\u0131 burada ne anlatmak istemi\u015f\u201d sorusu ge\u00e7iyor mu? O zaman do\u011fru yerdesin.<br \/>\nBu kitap bir sanat atlas\u0131. Ba\u015fka bir deyi\u015fle, senin k\u00fc\u00e7\u00fck sanat m\u00fczen. D\u00fcnyan\u0131n d\u00f6rt bir yan\u0131ndaki m\u00fczelerden eserler, senin i\u00e7in burada topland\u0131. Kitaptaki her b\u00f6l\u00fcm seni ba\u015fka bir salona g\u00f6t\u00fcrecek. Her salonda ba\u015fka bir ressam\u0131, farkl\u0131 sanat ak\u0131mlar\u0131n\u0131 ve onlar\u0131n birbirinden ilham verici hik\u00e2yelerini okuyacaks\u0131n. Sayfalar aras\u0131nda tarih \u00f6ncesinden, 20. y\u00fczy\u0131la kadar sanat\u0131n ser\u00fcvenini izlerken i\u00e7indeki sanat\u00e7\u0131 ruh da k\u0131p\u0131r k\u0131p\u0131r olmaya ba\u015flayabilir. Art\u0131k enstalasyon, barok, fresk, k\u00fcbizm, empresyonizm gibi haval\u0131 kelimeler de hayat\u0131n\u0131n bir par\u00e7as\u0131 h\u00e2line gelecek.<br \/>\nLeonardo Da Vinci\u2019den Frida Kahlo\u2019ya, Rembrandt\u2019tan Osman Hamdi\u2019ye, Andy Warhol\u2019dan Matisse\u2019e, Monet\u2019den Matrak\u00e7\u0131 Nasuh\u2019a, Vigee\u2019den Van Gogh\u2019a kadar bir\u00e7ok sanat\u00e7\u0131n\u0131n hem hayat hik\u00e2yeleri hem de eserlerinin hik\u00e2yeleri bu iki kapak aras\u0131ndaki m\u00fczede!<br \/>\nBitmedi! M\u00fczenin \u00e7\u0131k\u0131\u015f\u0131nda seni bir s\u00fcrpriz bekliyor: Sayfalar boyunca gezip g\u00f6rd\u00fc\u011f\u00fcn eserlerin \u00e7\u0131kartmalar\u0131 ve tamamen sana ait bir m\u00fcze duvar\u0131. M\u00fczeni istedi\u011fin gibi dizayn edebilirsin. Y\u0131l\u0131n her g\u00fcn\u00fc senin i\u00e7in a\u00e7\u0131k olacak bu m\u00fczeyi istedi\u011fin zaman gezebilir, isteyenlere sanat turu yapt\u0131rabilirsin!<\/p>\n","protected":false},"excerpt":{"rendered":"<p>Bir sanat m\u00fczesini gezerken veya bir kitapta \u00fcnl\u00fc ressamlar\u0131n tablolar\u0131yla kar\u015f\u0131la\u015ft\u0131\u011f\u0131nda, i\u00e7inden \u201cSanat\u00e7\u0131 burada ne anlatmak istemi\u015f\u201d sorusu ge\u00e7iyor mu? O zaman do\u011fru yerdesin. Bu kitap bir sanat atlas\u0131. Ba\u015fka bir deyi\u015fle, senin k\u00fc\u00e7\u00fck sanat m\u00fczen. D\u00fcnyan\u0131n d\u00f6rt bir yan\u0131ndaki m\u00fczelerden eserler, senin i\u00e7in burada topland\u0131. Kitaptaki her b\u00f6l\u00fcm seni ba\u015fka bir salona g\u00f6t\u00fcrecek. Her [&#8230;]\n","protected":false},"featured_media":255115,"template":"","meta":{"_exactmetrics_skip_tracking":false,"_exactmetrics_sitenote_active":false,"_exactmetrics_sitenote_note":"","_exactmetrics_sitenote_category":0},"product_brand":[],"product_cat":[628,662,665,760],"product_tag":[],"woo-feed-brand":[],"class_list":{"0":"post-255114","1":"product","2":"type-product","3":"status-publish","4":"has-post-thumbnail","6":"product_cat-cocuk-ve-oyun","7":"product_cat-yayin-ve-multimedya","8":"product_cat-cocuk-kitaplari","9":"product_cat-cocuk-kitaplari-cocuk-ve-oyun","11":"first","12":"instock","13":"taxable","14":"shipping-taxable","15":"purchasable","16":"product-type-simple"},"yoast_head":"<!-- This site is optimized with the Yoast SEO plugin v27.1.1 - https:\/\/yoast.com\/product\/yoast-seo-wordpress\/ -->\n<title>Sanat\u00e7\u0131 Burada Ne Anlatmak \u0130stemi\u015f? - SSM Shop<\/title>\n<meta name=\"robots\" content=\"index, follow, max-snippet:-1, max-image-preview:large, max-video-preview:-1\" \/>\n<link rel=\"canonical\" href=\"https:\/\/sakipsabancimuzesi.org\/shop\/urun\/yayin-ve-multimedya\/cocuk-kitaplari\/sanatci-burada-ne-anlatmak-istemis\/\" \/>\n<meta property=\"og:locale\" content=\"tr_TR\" \/>\n<meta property=\"og:type\" content=\"article\" \/>\n<meta property=\"og:title\" content=\"Sanat\u00e7\u0131 Burada Ne Anlatmak \u0130stemi\u015f? - SSM Shop\" \/>\n<meta property=\"og:description\" content=\"Bir sanat m\u00fczesini gezerken veya bir kitapta \u00fcnl\u00fc ressamlar\u0131n tablolar\u0131yla kar\u015f\u0131la\u015ft\u0131\u011f\u0131nda, i\u00e7inden \u201cSanat\u00e7\u0131 burada ne anlatmak istemi\u015f\u201d sorusu ge\u00e7iyor mu? O zaman do\u011fru yerdesin. Bu kitap bir sanat atlas\u0131. Ba\u015fka bir deyi\u015fle, senin k\u00fc\u00e7\u00fck sanat m\u00fczen. D\u00fcnyan\u0131n d\u00f6rt bir yan\u0131ndaki m\u00fczelerden eserler, senin i\u00e7in burada topland\u0131. Kitaptaki her b\u00f6l\u00fcm seni ba\u015fka bir salona g\u00f6t\u00fcrecek. Her [...]\" \/>\n<meta property=\"og:url\" content=\"https:\/\/sakipsabancimuzesi.org\/shop\/urun\/yayin-ve-multimedya\/cocuk-kitaplari\/sanatci-burada-ne-anlatmak-istemis\/\" \/>\n<meta property=\"og:site_name\" content=\"SSM Shop\" \/>\n<meta property=\"article:publisher\" content=\"https:\/\/www.facebook.com\/SakipSabanciMuzesi\/\" \/>\n<meta property=\"article:modified_time\" content=\"2025-11-28T08:17:38+00:00\" \/>\n<meta property=\"og:image\" content=\"https:\/\/sakipsabancimuzesi.org\/shop\/wp-content\/uploads\/2023\/02\/Sanatci-Burada-Ne-Anlatmak-Istemis_.jpg\" \/>\n\t<meta property=\"og:image:width\" content=\"1280\" \/>\n\t<meta property=\"og:image:height\" content=\"1600\" \/>\n\t<meta property=\"og:image:type\" content=\"image\/jpeg\" \/>\n<meta name=\"twitter:card\" content=\"summary_large_image\" \/>\n<meta name=\"twitter:label1\" content=\"Tahmini okuma s\u00fcresi\" \/>\n\t<meta name=\"twitter:data1\" content=\"1 dakika\" \/>\n<script type=\"application\/ld+json\" class=\"yoast-schema-graph\">{\"@context\":\"https:\/\/schema.org\",\"@graph\":[{\"@type\":\"WebPage\",\"@id\":\"https:\/\/sakipsabancimuzesi.org\/shop\/urun\/yayin-ve-multimedya\/cocuk-kitaplari\/sanatci-burada-ne-anlatmak-istemis\/\",\"url\":\"https:\/\/sakipsabancimuzesi.org\/shop\/urun\/yayin-ve-multimedya\/cocuk-kitaplari\/sanatci-burada-ne-anlatmak-istemis\/\",\"name\":\"Sanat\u00e7\u0131 Burada Ne Anlatmak \u0130stemi\u015f? - SSM Shop\",\"isPartOf\":{\"@id\":\"https:\/\/sakipsabancimuzesi.org\/shop\/#website\"},\"primaryImageOfPage\":{\"@id\":\"https:\/\/sakipsabancimuzesi.org\/shop\/urun\/yayin-ve-multimedya\/cocuk-kitaplari\/sanatci-burada-ne-anlatmak-istemis\/#primaryimage\"},\"image\":{\"@id\":\"https:\/\/sakipsabancimuzesi.org\/shop\/urun\/yayin-ve-multimedya\/cocuk-kitaplari\/sanatci-burada-ne-anlatmak-istemis\/#primaryimage\"},\"thumbnailUrl\":\"https:\/\/sakipsabancimuzesi.org\/shop\/wp-content\/uploads\/2023\/02\/Sanatci-Burada-Ne-Anlatmak-Istemis_.jpg\",\"datePublished\":\"2023-02-21T13:04:36+00:00\",\"dateModified\":\"2025-11-28T08:17:38+00:00\",\"breadcrumb\":{\"@id\":\"https:\/\/sakipsabancimuzesi.org\/shop\/urun\/yayin-ve-multimedya\/cocuk-kitaplari\/sanatci-burada-ne-anlatmak-istemis\/#breadcrumb\"},\"inLanguage\":\"tr\",\"potentialAction\":[{\"@type\":\"ReadAction\",\"target\":[\"https:\/\/sakipsabancimuzesi.org\/shop\/urun\/yayin-ve-multimedya\/cocuk-kitaplari\/sanatci-burada-ne-anlatmak-istemis\/\"]}]},{\"@type\":\"ImageObject\",\"inLanguage\":\"tr\",\"@id\":\"https:\/\/sakipsabancimuzesi.org\/shop\/urun\/yayin-ve-multimedya\/cocuk-kitaplari\/sanatci-burada-ne-anlatmak-istemis\/#primaryimage\",\"url\":\"https:\/\/sakipsabancimuzesi.org\/shop\/wp-content\/uploads\/2023\/02\/Sanatci-Burada-Ne-Anlatmak-Istemis_.jpg\",\"contentUrl\":\"https:\/\/sakipsabancimuzesi.org\/shop\/wp-content\/uploads\/2023\/02\/Sanatci-Burada-Ne-Anlatmak-Istemis_.jpg\",\"width\":1280,\"height\":1600},{\"@type\":\"BreadcrumbList\",\"@id\":\"https:\/\/sakipsabancimuzesi.org\/shop\/urun\/yayin-ve-multimedya\/cocuk-kitaplari\/sanatci-burada-ne-anlatmak-istemis\/#breadcrumb\",\"itemListElement\":[{\"@type\":\"ListItem\",\"position\":1,\"name\":\"Ana sayfa\",\"item\":\"https:\/\/sakipsabancimuzesi.org\/shop\/\"},{\"@type\":\"ListItem\",\"position\":2,\"name\":\"Shop\",\"item\":\"https:\/\/sakipsabancimuzesi.org\/shop\/shop\/\"},{\"@type\":\"ListItem\",\"position\":3,\"name\":\"Sanat\u00e7\u0131 Burada Ne Anlatmak \u0130stemi\u015f?\"}]},{\"@type\":\"WebSite\",\"@id\":\"https:\/\/sakipsabancimuzesi.org\/shop\/#website\",\"url\":\"https:\/\/sakipsabancimuzesi.org\/shop\/\",\"name\":\"SSM Shop\",\"description\":\"Sak\u0131p Sabanc\u0131 M\u00fczesi, Ma\u011faza\",\"publisher\":{\"@id\":\"https:\/\/sakipsabancimuzesi.org\/shop\/#organization\"},\"potentialAction\":[{\"@type\":\"SearchAction\",\"target\":{\"@type\":\"EntryPoint\",\"urlTemplate\":\"https:\/\/sakipsabancimuzesi.org\/shop\/?s={search_term_string}\"},\"query-input\":{\"@type\":\"PropertyValueSpecification\",\"valueRequired\":true,\"valueName\":\"search_term_string\"}}],\"inLanguage\":\"tr\"},{\"@type\":\"Organization\",\"@id\":\"https:\/\/sakipsabancimuzesi.org\/shop\/#organization\",\"name\":\"SSM Shop\",\"url\":\"https:\/\/sakipsabancimuzesi.org\/shop\/\",\"logo\":{\"@type\":\"ImageObject\",\"inLanguage\":\"tr\",\"@id\":\"https:\/\/sakipsabancimuzesi.org\/shop\/#\/schema\/logo\/image\/\",\"url\":\"https:\/\/sakipsabancimuzesi.org\/shop\/wp-content\/uploads\/2019\/11\/logo.png\",\"contentUrl\":\"https:\/\/sakipsabancimuzesi.org\/shop\/wp-content\/uploads\/2019\/11\/logo.png\",\"width\":227,\"height\":87,\"caption\":\"SSM Shop\"},\"image\":{\"@id\":\"https:\/\/sakipsabancimuzesi.org\/shop\/#\/schema\/logo\/image\/\"},\"sameAs\":[\"https:\/\/www.facebook.com\/SakipSabanciMuzesi\/\"]}]}<\/script>\n<!-- \/ Yoast SEO plugin. -->","yoast_head_json":{"title":"Sanat\u00e7\u0131 Burada Ne Anlatmak \u0130stemi\u015f? - SSM Shop","robots":{"index":"index","follow":"follow","max-snippet":"max-snippet:-1","max-image-preview":"max-image-preview:large","max-video-preview":"max-video-preview:-1"},"canonical":"https:\/\/sakipsabancimuzesi.org\/shop\/urun\/yayin-ve-multimedya\/cocuk-kitaplari\/sanatci-burada-ne-anlatmak-istemis\/","og_locale":"tr_TR","og_type":"article","og_title":"Sanat\u00e7\u0131 Burada Ne Anlatmak \u0130stemi\u015f? - SSM Shop","og_description":"Bir sanat m\u00fczesini gezerken veya bir kitapta \u00fcnl\u00fc ressamlar\u0131n tablolar\u0131yla kar\u015f\u0131la\u015ft\u0131\u011f\u0131nda, i\u00e7inden \u201cSanat\u00e7\u0131 burada ne anlatmak istemi\u015f\u201d sorusu ge\u00e7iyor mu? O zaman do\u011fru yerdesin. Bu kitap bir sanat atlas\u0131. Ba\u015fka bir deyi\u015fle, senin k\u00fc\u00e7\u00fck sanat m\u00fczen. D\u00fcnyan\u0131n d\u00f6rt bir yan\u0131ndaki m\u00fczelerden eserler, senin i\u00e7in burada topland\u0131. Kitaptaki her b\u00f6l\u00fcm seni ba\u015fka bir salona g\u00f6t\u00fcrecek. Her [...]","og_url":"https:\/\/sakipsabancimuzesi.org\/shop\/urun\/yayin-ve-multimedya\/cocuk-kitaplari\/sanatci-burada-ne-anlatmak-istemis\/","og_site_name":"SSM Shop","article_publisher":"https:\/\/www.facebook.com\/SakipSabanciMuzesi\/","article_modified_time":"2025-11-28T08:17:38+00:00","og_image":[{"width":1280,"height":1600,"url":"https:\/\/sakipsabancimuzesi.org\/shop\/wp-content\/uploads\/2023\/02\/Sanatci-Burada-Ne-Anlatmak-Istemis_.jpg","type":"image\/jpeg"}],"twitter_card":"summary_large_image","twitter_misc":{"Tahmini okuma s\u00fcresi":"1 dakika"},"schema":{"@context":"https:\/\/schema.org","@graph":[{"@type":"WebPage","@id":"https:\/\/sakipsabancimuzesi.org\/shop\/urun\/yayin-ve-multimedya\/cocuk-kitaplari\/sanatci-burada-ne-anlatmak-istemis\/","url":"https:\/\/sakipsabancimuzesi.org\/shop\/urun\/yayin-ve-multimedya\/cocuk-kitaplari\/sanatci-burada-ne-anlatmak-istemis\/","name":"Sanat\u00e7\u0131 Burada Ne Anlatmak \u0130stemi\u015f? - SSM Shop","isPartOf":{"@id":"https:\/\/sakipsabancimuzesi.org\/shop\/#website"},"primaryImageOfPage":{"@id":"https:\/\/sakipsabancimuzesi.org\/shop\/urun\/yayin-ve-multimedya\/cocuk-kitaplari\/sanatci-burada-ne-anlatmak-istemis\/#primaryimage"},"image":{"@id":"https:\/\/sakipsabancimuzesi.org\/shop\/urun\/yayin-ve-multimedya\/cocuk-kitaplari\/sanatci-burada-ne-anlatmak-istemis\/#primaryimage"},"thumbnailUrl":"https:\/\/sakipsabancimuzesi.org\/shop\/wp-content\/uploads\/2023\/02\/Sanatci-Burada-Ne-Anlatmak-Istemis_.jpg","datePublished":"2023-02-21T13:04:36+00:00","dateModified":"2025-11-28T08:17:38+00:00","breadcrumb":{"@id":"https:\/\/sakipsabancimuzesi.org\/shop\/urun\/yayin-ve-multimedya\/cocuk-kitaplari\/sanatci-burada-ne-anlatmak-istemis\/#breadcrumb"},"inLanguage":"tr","potentialAction":[{"@type":"ReadAction","target":["https:\/\/sakipsabancimuzesi.org\/shop\/urun\/yayin-ve-multimedya\/cocuk-kitaplari\/sanatci-burada-ne-anlatmak-istemis\/"]}]},{"@type":"ImageObject","inLanguage":"tr","@id":"https:\/\/sakipsabancimuzesi.org\/shop\/urun\/yayin-ve-multimedya\/cocuk-kitaplari\/sanatci-burada-ne-anlatmak-istemis\/#primaryimage","url":"https:\/\/sakipsabancimuzesi.org\/shop\/wp-content\/uploads\/2023\/02\/Sanatci-Burada-Ne-Anlatmak-Istemis_.jpg","contentUrl":"https:\/\/sakipsabancimuzesi.org\/shop\/wp-content\/uploads\/2023\/02\/Sanatci-Burada-Ne-Anlatmak-Istemis_.jpg","width":1280,"height":1600},{"@type":"BreadcrumbList","@id":"https:\/\/sakipsabancimuzesi.org\/shop\/urun\/yayin-ve-multimedya\/cocuk-kitaplari\/sanatci-burada-ne-anlatmak-istemis\/#breadcrumb","itemListElement":[{"@type":"ListItem","position":1,"name":"Ana sayfa","item":"https:\/\/sakipsabancimuzesi.org\/shop\/"},{"@type":"ListItem","position":2,"name":"Shop","item":"https:\/\/sakipsabancimuzesi.org\/shop\/shop\/"},{"@type":"ListItem","position":3,"name":"Sanat\u00e7\u0131 Burada Ne Anlatmak \u0130stemi\u015f?"}]},{"@type":"WebSite","@id":"https:\/\/sakipsabancimuzesi.org\/shop\/#website","url":"https:\/\/sakipsabancimuzesi.org\/shop\/","name":"SSM Shop","description":"Sak\u0131p Sabanc\u0131 M\u00fczesi, Ma\u011faza","publisher":{"@id":"https:\/\/sakipsabancimuzesi.org\/shop\/#organization"},"potentialAction":[{"@type":"SearchAction","target":{"@type":"EntryPoint","urlTemplate":"https:\/\/sakipsabancimuzesi.org\/shop\/?s={search_term_string}"},"query-input":{"@type":"PropertyValueSpecification","valueRequired":true,"valueName":"search_term_string"}}],"inLanguage":"tr"},{"@type":"Organization","@id":"https:\/\/sakipsabancimuzesi.org\/shop\/#organization","name":"SSM Shop","url":"https:\/\/sakipsabancimuzesi.org\/shop\/","logo":{"@type":"ImageObject","inLanguage":"tr","@id":"https:\/\/sakipsabancimuzesi.org\/shop\/#\/schema\/logo\/image\/","url":"https:\/\/sakipsabancimuzesi.org\/shop\/wp-content\/uploads\/2019\/11\/logo.png","contentUrl":"https:\/\/sakipsabancimuzesi.org\/shop\/wp-content\/uploads\/2019\/11\/logo.png","width":227,"height":87,"caption":"SSM Shop"},"image":{"@id":"https:\/\/sakipsabancimuzesi.org\/shop\/#\/schema\/logo\/image\/"},"sameAs":["https:\/\/www.facebook.com\/SakipSabanciMuzesi\/"]}]}},"jetpack_sharing_enabled":true,"_links":{"self":[{"href":"https:\/\/sakipsabancimuzesi.org\/shop\/wp-json\/wp\/v2\/product\/255114","targetHints":{"allow":["GET"]}}],"collection":[{"href":"https:\/\/sakipsabancimuzesi.org\/shop\/wp-json\/wp\/v2\/product"}],"about":[{"href":"https:\/\/sakipsabancimuzesi.org\/shop\/wp-json\/wp\/v2\/types\/product"}],"wp:featuredmedia":[{"embeddable":true,"href":"https:\/\/sakipsabancimuzesi.org\/shop\/wp-json\/wp\/v2\/media\/255115"}],"wp:attachment":[{"href":"https:\/\/sakipsabancimuzesi.org\/shop\/wp-json\/wp\/v2\/media?parent=255114"}],"wp:term":[{"taxonomy":"product_brand","embeddable":true,"href":"https:\/\/sakipsabancimuzesi.org\/shop\/wp-json\/wp\/v2\/product_brand?post=255114"},{"taxonomy":"product_cat","embeddable":true,"href":"https:\/\/sakipsabancimuzesi.org\/shop\/wp-json\/wp\/v2\/product_cat?post=255114"},{"taxonomy":"product_tag","embeddable":true,"href":"https:\/\/sakipsabancimuzesi.org\/shop\/wp-json\/wp\/v2\/product_tag?post=255114"},{"taxonomy":"woo-feed-brand","embeddable":true,"href":"https:\/\/sakipsabancimuzesi.org\/shop\/wp-json\/wp\/v2\/woo-feed-brand?post=255114"}],"curies":[{"name":"wp","href":"https:\/\/api.w.org\/{rel}","templated":true}]}}