{"id":255125,"date":"2023-03-03T12:58:54","date_gmt":"2023-03-03T09:58:54","guid":{"rendered":"https:\/\/sakipsabancimuzesi.org\/shop\/?post_type=product&#038;p=255125"},"modified":"2025-09-25T12:03:15","modified_gmt":"2025-09-25T09:03:15","slug":"i-love-ssm-hafiza-oyunu","status":"publish","type":"product","link":"https:\/\/sakipsabancimuzesi.org\/shop\/urun\/cocuk-ve-oyun\/cocuk-oyunlari\/i-love-ssm-hafiza-oyunu\/","title":{"rendered":"I Love SSM Haf\u0131za Oyunu"},"content":{"rendered":"<p>Sak\u0131p Sabanc\u0131 M\u00fczesi Resim koleksiyonuna ait \u00f6zel olarak \u00fcretilmi\u015f \u00e7ocuk oyunudur.<\/p>\n<p>\u0130\u00e7erisinde 48 Kart mevcuttur.<\/p>\n<p>Kartlar\u0131 resimli kapal\u0131 olacak \u015fekilde oyun alan\u0131na yerle\u015ftir.<\/p>\n<p>S\u0131ra sana geldi\u011finde iki kart a\u00e7. E\u011fer bu iki kart ayn\u0131 ise senindir!<\/p>\n<p>Se\u00e7ti\u011fin kart\u0131n e\u015fini buldu\u011fun zaman yeni bir kart a\u00e7abilirsin. Ancak kartlar e\u015fle\u015fmediyse s\u0131ra bir sonraki oyuncuya ge\u00e7er.<\/p>\n<p>Oyunun sonunda en \u00e7ok kart toplayan oyuncu birinci olur.<\/p>\n","protected":false},"excerpt":{"rendered":"<p>Sak\u0131p Sabanc\u0131 M\u00fczesi Resim koleksiyonuna ait \u00f6zel olarak \u00fcretilmi\u015f \u00e7ocuk oyunudur. \u0130\u00e7erisinde 48 Kart mevcuttur. Kartlar\u0131 resimli kapal\u0131 olacak \u015fekilde oyun alan\u0131na yerle\u015ftir. S\u0131ra sana geldi\u011finde iki kart a\u00e7. E\u011fer bu iki kart ayn\u0131 ise senindir! Se\u00e7ti\u011fin kart\u0131n e\u015fini buldu\u011fun zaman yeni bir kart a\u00e7abilirsin. Ancak kartlar e\u015fle\u015fmediyse s\u0131ra bir sonraki oyuncuya ge\u00e7er. Oyunun sonunda [&#8230;]\n","protected":false},"featured_media":261440,"template":"","meta":{"_exactmetrics_skip_tracking":false,"_exactmetrics_sitenote_active":false,"_exactmetrics_sitenote_note":"","_exactmetrics_sitenote_category":0},"product_brand":[],"product_cat":[628,631],"product_tag":[768,754],"woo-feed-brand":[],"class_list":{"0":"post-255125","1":"product","2":"type-product","3":"status-publish","4":"has-post-thumbnail","6":"product_cat-cocuk-ve-oyun","7":"product_cat-cocuk-oyunlari","8":"product_tag-bayramseckisi","9":"product_tag-i-love-ssm","11":"first","12":"instock","13":"taxable","14":"shipping-taxable","15":"purchasable","16":"product-type-simple"},"yoast_head":"<!-- This site is optimized with the Yoast SEO plugin v27.1.1 - https:\/\/yoast.com\/product\/yoast-seo-wordpress\/ -->\n<title>I Love SSM Haf\u0131za Oyunu - SSM Shop<\/title>\n<meta name=\"robots\" content=\"index, follow, max-snippet:-1, max-image-preview:large, max-video-preview:-1\" \/>\n<link rel=\"canonical\" href=\"https:\/\/sakipsabancimuzesi.org\/shop\/urun\/cocuk-ve-oyun\/cocuk-oyunlari\/i-love-ssm-hafiza-oyunu\/\" \/>\n<meta property=\"og:locale\" content=\"tr_TR\" \/>\n<meta property=\"og:type\" content=\"article\" \/>\n<meta property=\"og:title\" content=\"I Love SSM Haf\u0131za Oyunu - SSM Shop\" \/>\n<meta property=\"og:description\" content=\"Sak\u0131p Sabanc\u0131 M\u00fczesi Resim koleksiyonuna ait \u00f6zel olarak \u00fcretilmi\u015f \u00e7ocuk oyunudur. \u0130\u00e7erisinde 48 Kart mevcuttur. Kartlar\u0131 resimli kapal\u0131 olacak \u015fekilde oyun alan\u0131na yerle\u015ftir. S\u0131ra sana geldi\u011finde iki kart a\u00e7. E\u011fer bu iki kart ayn\u0131 ise senindir! Se\u00e7ti\u011fin kart\u0131n e\u015fini buldu\u011fun zaman yeni bir kart a\u00e7abilirsin. Ancak kartlar e\u015fle\u015fmediyse s\u0131ra bir sonraki oyuncuya ge\u00e7er. Oyunun sonunda [...]\" \/>\n<meta property=\"og:url\" content=\"https:\/\/sakipsabancimuzesi.org\/shop\/urun\/cocuk-ve-oyun\/cocuk-oyunlari\/i-love-ssm-hafiza-oyunu\/\" \/>\n<meta property=\"og:site_name\" content=\"SSM Shop\" \/>\n<meta property=\"article:publisher\" content=\"https:\/\/www.facebook.com\/SakipSabanciMuzesi\/\" \/>\n<meta property=\"article:modified_time\" content=\"2025-09-25T09:03:15+00:00\" \/>\n<meta property=\"og:image\" content=\"https:\/\/sakipsabancimuzesi.org\/shop\/wp-content\/uploads\/2023\/03\/CEF6107.jpg\" \/>\n\t<meta property=\"og:image:width\" content=\"1280\" \/>\n\t<meta property=\"og:image:height\" content=\"1600\" \/>\n\t<meta property=\"og:image:type\" content=\"image\/jpeg\" \/>\n<meta name=\"twitter:card\" content=\"summary_large_image\" \/>\n<script type=\"application\/ld+json\" class=\"yoast-schema-graph\">{\"@context\":\"https:\/\/schema.org\",\"@graph\":[{\"@type\":\"WebPage\",\"@id\":\"https:\/\/sakipsabancimuzesi.org\/shop\/urun\/cocuk-ve-oyun\/cocuk-oyunlari\/i-love-ssm-hafiza-oyunu\/\",\"url\":\"https:\/\/sakipsabancimuzesi.org\/shop\/urun\/cocuk-ve-oyun\/cocuk-oyunlari\/i-love-ssm-hafiza-oyunu\/\",\"name\":\"I Love SSM Haf\u0131za Oyunu - SSM Shop\",\"isPartOf\":{\"@id\":\"https:\/\/sakipsabancimuzesi.org\/shop\/#website\"},\"primaryImageOfPage\":{\"@id\":\"https:\/\/sakipsabancimuzesi.org\/shop\/urun\/cocuk-ve-oyun\/cocuk-oyunlari\/i-love-ssm-hafiza-oyunu\/#primaryimage\"},\"image\":{\"@id\":\"https:\/\/sakipsabancimuzesi.org\/shop\/urun\/cocuk-ve-oyun\/cocuk-oyunlari\/i-love-ssm-hafiza-oyunu\/#primaryimage\"},\"thumbnailUrl\":\"https:\/\/sakipsabancimuzesi.org\/shop\/wp-content\/uploads\/2023\/03\/CEF6107.jpg\",\"datePublished\":\"2023-03-03T09:58:54+00:00\",\"dateModified\":\"2025-09-25T09:03:15+00:00\",\"breadcrumb\":{\"@id\":\"https:\/\/sakipsabancimuzesi.org\/shop\/urun\/cocuk-ve-oyun\/cocuk-oyunlari\/i-love-ssm-hafiza-oyunu\/#breadcrumb\"},\"inLanguage\":\"tr\",\"potentialAction\":[{\"@type\":\"ReadAction\",\"target\":[\"https:\/\/sakipsabancimuzesi.org\/shop\/urun\/cocuk-ve-oyun\/cocuk-oyunlari\/i-love-ssm-hafiza-oyunu\/\"]}]},{\"@type\":\"ImageObject\",\"inLanguage\":\"tr\",\"@id\":\"https:\/\/sakipsabancimuzesi.org\/shop\/urun\/cocuk-ve-oyun\/cocuk-oyunlari\/i-love-ssm-hafiza-oyunu\/#primaryimage\",\"url\":\"https:\/\/sakipsabancimuzesi.org\/shop\/wp-content\/uploads\/2023\/03\/CEF6107.jpg\",\"contentUrl\":\"https:\/\/sakipsabancimuzesi.org\/shop\/wp-content\/uploads\/2023\/03\/CEF6107.jpg\",\"width\":1280,\"height\":1600},{\"@type\":\"BreadcrumbList\",\"@id\":\"https:\/\/sakipsabancimuzesi.org\/shop\/urun\/cocuk-ve-oyun\/cocuk-oyunlari\/i-love-ssm-hafiza-oyunu\/#breadcrumb\",\"itemListElement\":[{\"@type\":\"ListItem\",\"position\":1,\"name\":\"Ana sayfa\",\"item\":\"https:\/\/sakipsabancimuzesi.org\/shop\/\"},{\"@type\":\"ListItem\",\"position\":2,\"name\":\"Shop\",\"item\":\"https:\/\/sakipsabancimuzesi.org\/shop\/shop\/\"},{\"@type\":\"ListItem\",\"position\":3,\"name\":\"I Love SSM Haf\u0131za Oyunu\"}]},{\"@type\":\"WebSite\",\"@id\":\"https:\/\/sakipsabancimuzesi.org\/shop\/#website\",\"url\":\"https:\/\/sakipsabancimuzesi.org\/shop\/\",\"name\":\"SSM Shop\",\"description\":\"Sak\u0131p Sabanc\u0131 M\u00fczesi, Ma\u011faza\",\"publisher\":{\"@id\":\"https:\/\/sakipsabancimuzesi.org\/shop\/#organization\"},\"potentialAction\":[{\"@type\":\"SearchAction\",\"target\":{\"@type\":\"EntryPoint\",\"urlTemplate\":\"https:\/\/sakipsabancimuzesi.org\/shop\/?s={search_term_string}\"},\"query-input\":{\"@type\":\"PropertyValueSpecification\",\"valueRequired\":true,\"valueName\":\"search_term_string\"}}],\"inLanguage\":\"tr\"},{\"@type\":\"Organization\",\"@id\":\"https:\/\/sakipsabancimuzesi.org\/shop\/#organization\",\"name\":\"SSM Shop\",\"url\":\"https:\/\/sakipsabancimuzesi.org\/shop\/\",\"logo\":{\"@type\":\"ImageObject\",\"inLanguage\":\"tr\",\"@id\":\"https:\/\/sakipsabancimuzesi.org\/shop\/#\/schema\/logo\/image\/\",\"url\":\"https:\/\/sakipsabancimuzesi.org\/shop\/wp-content\/uploads\/2019\/11\/logo.png\",\"contentUrl\":\"https:\/\/sakipsabancimuzesi.org\/shop\/wp-content\/uploads\/2019\/11\/logo.png\",\"width\":227,\"height\":87,\"caption\":\"SSM Shop\"},\"image\":{\"@id\":\"https:\/\/sakipsabancimuzesi.org\/shop\/#\/schema\/logo\/image\/\"},\"sameAs\":[\"https:\/\/www.facebook.com\/SakipSabanciMuzesi\/\"]}]}<\/script>\n<!-- \/ Yoast SEO plugin. -->","yoast_head_json":{"title":"I Love SSM Haf\u0131za Oyunu - SSM Shop","robots":{"index":"index","follow":"follow","max-snippet":"max-snippet:-1","max-image-preview":"max-image-preview:large","max-video-preview":"max-video-preview:-1"},"canonical":"https:\/\/sakipsabancimuzesi.org\/shop\/urun\/cocuk-ve-oyun\/cocuk-oyunlari\/i-love-ssm-hafiza-oyunu\/","og_locale":"tr_TR","og_type":"article","og_title":"I Love SSM Haf\u0131za Oyunu - SSM Shop","og_description":"Sak\u0131p Sabanc\u0131 M\u00fczesi Resim koleksiyonuna ait \u00f6zel olarak \u00fcretilmi\u015f \u00e7ocuk oyunudur. \u0130\u00e7erisinde 48 Kart mevcuttur. Kartlar\u0131 resimli kapal\u0131 olacak \u015fekilde oyun alan\u0131na yerle\u015ftir. S\u0131ra sana geldi\u011finde iki kart a\u00e7. E\u011fer bu iki kart ayn\u0131 ise senindir! Se\u00e7ti\u011fin kart\u0131n e\u015fini buldu\u011fun zaman yeni bir kart a\u00e7abilirsin. Ancak kartlar e\u015fle\u015fmediyse s\u0131ra bir sonraki oyuncuya ge\u00e7er. Oyunun sonunda [...]","og_url":"https:\/\/sakipsabancimuzesi.org\/shop\/urun\/cocuk-ve-oyun\/cocuk-oyunlari\/i-love-ssm-hafiza-oyunu\/","og_site_name":"SSM Shop","article_publisher":"https:\/\/www.facebook.com\/SakipSabanciMuzesi\/","article_modified_time":"2025-09-25T09:03:15+00:00","og_image":[{"width":1280,"height":1600,"url":"https:\/\/sakipsabancimuzesi.org\/shop\/wp-content\/uploads\/2023\/03\/CEF6107.jpg","type":"image\/jpeg"}],"twitter_card":"summary_large_image","schema":{"@context":"https:\/\/schema.org","@graph":[{"@type":"WebPage","@id":"https:\/\/sakipsabancimuzesi.org\/shop\/urun\/cocuk-ve-oyun\/cocuk-oyunlari\/i-love-ssm-hafiza-oyunu\/","url":"https:\/\/sakipsabancimuzesi.org\/shop\/urun\/cocuk-ve-oyun\/cocuk-oyunlari\/i-love-ssm-hafiza-oyunu\/","name":"I Love SSM Haf\u0131za Oyunu - SSM Shop","isPartOf":{"@id":"https:\/\/sakipsabancimuzesi.org\/shop\/#website"},"primaryImageOfPage":{"@id":"https:\/\/sakipsabancimuzesi.org\/shop\/urun\/cocuk-ve-oyun\/cocuk-oyunlari\/i-love-ssm-hafiza-oyunu\/#primaryimage"},"image":{"@id":"https:\/\/sakipsabancimuzesi.org\/shop\/urun\/cocuk-ve-oyun\/cocuk-oyunlari\/i-love-ssm-hafiza-oyunu\/#primaryimage"},"thumbnailUrl":"https:\/\/sakipsabancimuzesi.org\/shop\/wp-content\/uploads\/2023\/03\/CEF6107.jpg","datePublished":"2023-03-03T09:58:54+00:00","dateModified":"2025-09-25T09:03:15+00:00","breadcrumb":{"@id":"https:\/\/sakipsabancimuzesi.org\/shop\/urun\/cocuk-ve-oyun\/cocuk-oyunlari\/i-love-ssm-hafiza-oyunu\/#breadcrumb"},"inLanguage":"tr","potentialAction":[{"@type":"ReadAction","target":["https:\/\/sakipsabancimuzesi.org\/shop\/urun\/cocuk-ve-oyun\/cocuk-oyunlari\/i-love-ssm-hafiza-oyunu\/"]}]},{"@type":"ImageObject","inLanguage":"tr","@id":"https:\/\/sakipsabancimuzesi.org\/shop\/urun\/cocuk-ve-oyun\/cocuk-oyunlari\/i-love-ssm-hafiza-oyunu\/#primaryimage","url":"https:\/\/sakipsabancimuzesi.org\/shop\/wp-content\/uploads\/2023\/03\/CEF6107.jpg","contentUrl":"https:\/\/sakipsabancimuzesi.org\/shop\/wp-content\/uploads\/2023\/03\/CEF6107.jpg","width":1280,"height":1600},{"@type":"BreadcrumbList","@id":"https:\/\/sakipsabancimuzesi.org\/shop\/urun\/cocuk-ve-oyun\/cocuk-oyunlari\/i-love-ssm-hafiza-oyunu\/#breadcrumb","itemListElement":[{"@type":"ListItem","position":1,"name":"Ana sayfa","item":"https:\/\/sakipsabancimuzesi.org\/shop\/"},{"@type":"ListItem","position":2,"name":"Shop","item":"https:\/\/sakipsabancimuzesi.org\/shop\/shop\/"},{"@type":"ListItem","position":3,"name":"I Love SSM Haf\u0131za Oyunu"}]},{"@type":"WebSite","@id":"https:\/\/sakipsabancimuzesi.org\/shop\/#website","url":"https:\/\/sakipsabancimuzesi.org\/shop\/","name":"SSM Shop","description":"Sak\u0131p Sabanc\u0131 M\u00fczesi, Ma\u011faza","publisher":{"@id":"https:\/\/sakipsabancimuzesi.org\/shop\/#organization"},"potentialAction":[{"@type":"SearchAction","target":{"@type":"EntryPoint","urlTemplate":"https:\/\/sakipsabancimuzesi.org\/shop\/?s={search_term_string}"},"query-input":{"@type":"PropertyValueSpecification","valueRequired":true,"valueName":"search_term_string"}}],"inLanguage":"tr"},{"@type":"Organization","@id":"https:\/\/sakipsabancimuzesi.org\/shop\/#organization","name":"SSM Shop","url":"https:\/\/sakipsabancimuzesi.org\/shop\/","logo":{"@type":"ImageObject","inLanguage":"tr","@id":"https:\/\/sakipsabancimuzesi.org\/shop\/#\/schema\/logo\/image\/","url":"https:\/\/sakipsabancimuzesi.org\/shop\/wp-content\/uploads\/2019\/11\/logo.png","contentUrl":"https:\/\/sakipsabancimuzesi.org\/shop\/wp-content\/uploads\/2019\/11\/logo.png","width":227,"height":87,"caption":"SSM Shop"},"image":{"@id":"https:\/\/sakipsabancimuzesi.org\/shop\/#\/schema\/logo\/image\/"},"sameAs":["https:\/\/www.facebook.com\/SakipSabanciMuzesi\/"]}]}},"jetpack_sharing_enabled":true,"_links":{"self":[{"href":"https:\/\/sakipsabancimuzesi.org\/shop\/wp-json\/wp\/v2\/product\/255125","targetHints":{"allow":["GET"]}}],"collection":[{"href":"https:\/\/sakipsabancimuzesi.org\/shop\/wp-json\/wp\/v2\/product"}],"about":[{"href":"https:\/\/sakipsabancimuzesi.org\/shop\/wp-json\/wp\/v2\/types\/product"}],"wp:featuredmedia":[{"embeddable":true,"href":"https:\/\/sakipsabancimuzesi.org\/shop\/wp-json\/wp\/v2\/media\/261440"}],"wp:attachment":[{"href":"https:\/\/sakipsabancimuzesi.org\/shop\/wp-json\/wp\/v2\/media?parent=255125"}],"wp:term":[{"taxonomy":"product_brand","embeddable":true,"href":"https:\/\/sakipsabancimuzesi.org\/shop\/wp-json\/wp\/v2\/product_brand?post=255125"},{"taxonomy":"product_cat","embeddable":true,"href":"https:\/\/sakipsabancimuzesi.org\/shop\/wp-json\/wp\/v2\/product_cat?post=255125"},{"taxonomy":"product_tag","embeddable":true,"href":"https:\/\/sakipsabancimuzesi.org\/shop\/wp-json\/wp\/v2\/product_tag?post=255125"},{"taxonomy":"woo-feed-brand","embeddable":true,"href":"https:\/\/sakipsabancimuzesi.org\/shop\/wp-json\/wp\/v2\/woo-feed-brand?post=255125"}],"curies":[{"name":"wp","href":"https:\/\/api.w.org\/{rel}","templated":true}]}}