{"id":255274,"date":"2023-05-04T14:59:52","date_gmt":"2023-05-04T11:59:52","guid":{"rendered":"https:\/\/sakipsabancimuzesi.org\/shop\/?post_type=product&#038;p=255274"},"modified":"2025-11-14T21:11:17","modified_gmt":"2025-11-14T18:11:17","slug":"gumus-uzum-kolye","status":"publish","type":"product","link":"https:\/\/sakipsabancimuzesi.org\/shop\/urun\/taki\/kolye\/gumus-uzum-kolye\/","title":{"rendered":"G\u00fcm\u00fc\u015f \u00dcz\u00fcm Kolye"},"content":{"rendered":"<p>EMMA KRAFFT<br \/>\nPergamon\u2019dan Esintiler, Onur Yaz\u0131c\u0131gil\u2019in 13 Eyl\u00fcl-6 Ekim 2022 tarihlerinde Gate 27 Ayval\u0131k Konuk Sanat\u00e7\u0131 Program\u0131\u2019nda tasarlad\u0131\u011f\u0131 dijital yaz\u0131 tipi projesinin EMMA KRAFFT taraf\u0131ndan tak\u0131 tasar\u0131m\u0131na uygulanmas\u0131n\u0131 kapsar. Bu proje Pergamon\u2019daki zengin yaz\u0131 k\u00fclt\u00fcr\u00fc miras\u0131n\u0131n belgelenerek g\u00fcn\u00fcm\u00fcz dijital mecras\u0131nda yaz\u0131 tipi olarak tasarlanmas\u0131 sonucunda \u00fc\u00e7 boyutlu bir nesne \u00fczerinden v\u00fccut bulmu\u015f halidir. EMMA KRAFFT tasar\u0131m at\u00f6lyesinde, Pergamon harfleri bronz ve g\u00fcm\u00fc\u015f gibi madenlerle tak\u0131 nesneleri olarak kurgulan\u0131p tasarlanm\u0131\u015ft\u0131r. Pergamon \u00f6ren yerinde bulunan K\u0131z\u0131l Avlu tap\u0131na\u011f\u0131nda g\u00f6r\u00fclen \u00fcz\u00fcm salk\u0131m\u0131ndan al\u0131nan ilhamla T\u00fcrk\u00e7ede \u201c\u015eARAP G\u0130B\u0130 KADIN\u201d anlam\u0131na gelen Yunanca kar\u015f\u0131l\u0131\u011f\u0131 ile bilezikler ve y\u00fcz\u00fckler \u00fcretilmi\u015ftir.<\/p>\n","protected":false},"excerpt":{"rendered":"<p>EMMA KRAFFT Pergamon\u2019dan Esintiler, Onur Yaz\u0131c\u0131gil\u2019in 13 Eyl\u00fcl-6 Ekim 2022 tarihlerinde Gate 27 Ayval\u0131k Konuk Sanat\u00e7\u0131 Program\u0131\u2019nda tasarlad\u0131\u011f\u0131 dijital yaz\u0131 tipi projesinin EMMA KRAFFT taraf\u0131ndan tak\u0131 tasar\u0131m\u0131na uygulanmas\u0131n\u0131 kapsar. Bu proje Pergamon\u2019daki zengin yaz\u0131 k\u00fclt\u00fcr\u00fc miras\u0131n\u0131n belgelenerek g\u00fcn\u00fcm\u00fcz dijital mecras\u0131nda yaz\u0131 tipi olarak tasarlanmas\u0131 sonucunda \u00fc\u00e7 boyutlu bir nesne \u00fczerinden v\u00fccut bulmu\u015f halidir. EMMA KRAFFT [&#8230;]\n","protected":false},"featured_media":255358,"template":"","meta":{"_exactmetrics_skip_tracking":false,"_exactmetrics_sitenote_active":false,"_exactmetrics_sitenote_note":"","_exactmetrics_sitenote_category":0},"product_brand":[],"product_cat":[656,659],"product_tag":[],"woo-feed-brand":[],"class_list":{"0":"post-255274","1":"product","2":"type-product","3":"status-publish","4":"has-post-thumbnail","6":"product_cat-taki","7":"product_cat-kolye","9":"first","10":"outofstock","11":"taxable","12":"shipping-taxable","13":"purchasable","14":"product-type-simple"},"yoast_head":"<!-- This site is optimized with the Yoast SEO plugin v27.1.1 - https:\/\/yoast.com\/product\/yoast-seo-wordpress\/ -->\n<title>G\u00fcm\u00fc\u015f \u00dcz\u00fcm Kolye - SSM Shop<\/title>\n<meta name=\"robots\" content=\"index, follow, max-snippet:-1, max-image-preview:large, max-video-preview:-1\" \/>\n<link rel=\"canonical\" href=\"https:\/\/sakipsabancimuzesi.org\/shop\/urun\/taki\/kolye\/gumus-uzum-kolye\/\" \/>\n<meta property=\"og:locale\" content=\"tr_TR\" \/>\n<meta property=\"og:type\" content=\"article\" \/>\n<meta property=\"og:title\" content=\"G\u00fcm\u00fc\u015f \u00dcz\u00fcm Kolye - SSM Shop\" \/>\n<meta property=\"og:description\" content=\"EMMA KRAFFT Pergamon\u2019dan Esintiler, Onur Yaz\u0131c\u0131gil\u2019in 13 Eyl\u00fcl-6 Ekim 2022 tarihlerinde Gate 27 Ayval\u0131k Konuk Sanat\u00e7\u0131 Program\u0131\u2019nda tasarlad\u0131\u011f\u0131 dijital yaz\u0131 tipi projesinin EMMA KRAFFT taraf\u0131ndan tak\u0131 tasar\u0131m\u0131na uygulanmas\u0131n\u0131 kapsar. Bu proje Pergamon\u2019daki zengin yaz\u0131 k\u00fclt\u00fcr\u00fc miras\u0131n\u0131n belgelenerek g\u00fcn\u00fcm\u00fcz dijital mecras\u0131nda yaz\u0131 tipi olarak tasarlanmas\u0131 sonucunda \u00fc\u00e7 boyutlu bir nesne \u00fczerinden v\u00fccut bulmu\u015f halidir. EMMA KRAFFT [...]\" \/>\n<meta property=\"og:url\" content=\"https:\/\/sakipsabancimuzesi.org\/shop\/urun\/taki\/kolye\/gumus-uzum-kolye\/\" \/>\n<meta property=\"og:site_name\" content=\"SSM Shop\" \/>\n<meta property=\"article:publisher\" content=\"https:\/\/www.facebook.com\/SakipSabanciMuzesi\/\" \/>\n<meta property=\"article:modified_time\" content=\"2025-11-14T18:11:17+00:00\" \/>\n<meta property=\"og:image\" content=\"https:\/\/sakipsabancimuzesi.org\/shop\/wp-content\/uploads\/2023\/05\/Gumus-uzum-kolye.jpg\" \/>\n\t<meta property=\"og:image:width\" content=\"1280\" \/>\n\t<meta property=\"og:image:height\" content=\"1600\" \/>\n\t<meta property=\"og:image:type\" content=\"image\/jpeg\" \/>\n<meta name=\"twitter:card\" content=\"summary_large_image\" \/>\n<meta name=\"twitter:label1\" content=\"Tahmini okuma s\u00fcresi\" \/>\n\t<meta name=\"twitter:data1\" content=\"1 dakika\" \/>\n<script type=\"application\/ld+json\" class=\"yoast-schema-graph\">{\"@context\":\"https:\/\/schema.org\",\"@graph\":[{\"@type\":\"WebPage\",\"@id\":\"https:\/\/sakipsabancimuzesi.org\/shop\/urun\/taki\/kolye\/gumus-uzum-kolye\/\",\"url\":\"https:\/\/sakipsabancimuzesi.org\/shop\/urun\/taki\/kolye\/gumus-uzum-kolye\/\",\"name\":\"G\u00fcm\u00fc\u015f \u00dcz\u00fcm Kolye - SSM Shop\",\"isPartOf\":{\"@id\":\"https:\/\/sakipsabancimuzesi.org\/shop\/#website\"},\"primaryImageOfPage\":{\"@id\":\"https:\/\/sakipsabancimuzesi.org\/shop\/urun\/taki\/kolye\/gumus-uzum-kolye\/#primaryimage\"},\"image\":{\"@id\":\"https:\/\/sakipsabancimuzesi.org\/shop\/urun\/taki\/kolye\/gumus-uzum-kolye\/#primaryimage\"},\"thumbnailUrl\":\"https:\/\/sakipsabancimuzesi.org\/shop\/wp-content\/uploads\/2023\/05\/Gumus-uzum-kolye.jpg\",\"datePublished\":\"2023-05-04T11:59:52+00:00\",\"dateModified\":\"2025-11-14T18:11:17+00:00\",\"breadcrumb\":{\"@id\":\"https:\/\/sakipsabancimuzesi.org\/shop\/urun\/taki\/kolye\/gumus-uzum-kolye\/#breadcrumb\"},\"inLanguage\":\"tr\",\"potentialAction\":[{\"@type\":\"ReadAction\",\"target\":[\"https:\/\/sakipsabancimuzesi.org\/shop\/urun\/taki\/kolye\/gumus-uzum-kolye\/\"]}]},{\"@type\":\"ImageObject\",\"inLanguage\":\"tr\",\"@id\":\"https:\/\/sakipsabancimuzesi.org\/shop\/urun\/taki\/kolye\/gumus-uzum-kolye\/#primaryimage\",\"url\":\"https:\/\/sakipsabancimuzesi.org\/shop\/wp-content\/uploads\/2023\/05\/Gumus-uzum-kolye.jpg\",\"contentUrl\":\"https:\/\/sakipsabancimuzesi.org\/shop\/wp-content\/uploads\/2023\/05\/Gumus-uzum-kolye.jpg\",\"width\":1280,\"height\":1600},{\"@type\":\"BreadcrumbList\",\"@id\":\"https:\/\/sakipsabancimuzesi.org\/shop\/urun\/taki\/kolye\/gumus-uzum-kolye\/#breadcrumb\",\"itemListElement\":[{\"@type\":\"ListItem\",\"position\":1,\"name\":\"Ana sayfa\",\"item\":\"https:\/\/sakipsabancimuzesi.org\/shop\/\"},{\"@type\":\"ListItem\",\"position\":2,\"name\":\"Shop\",\"item\":\"https:\/\/sakipsabancimuzesi.org\/shop\/shop\/\"},{\"@type\":\"ListItem\",\"position\":3,\"name\":\"G\u00fcm\u00fc\u015f \u00dcz\u00fcm Kolye\"}]},{\"@type\":\"WebSite\",\"@id\":\"https:\/\/sakipsabancimuzesi.org\/shop\/#website\",\"url\":\"https:\/\/sakipsabancimuzesi.org\/shop\/\",\"name\":\"SSM Shop\",\"description\":\"Sak\u0131p Sabanc\u0131 M\u00fczesi, Ma\u011faza\",\"publisher\":{\"@id\":\"https:\/\/sakipsabancimuzesi.org\/shop\/#organization\"},\"potentialAction\":[{\"@type\":\"SearchAction\",\"target\":{\"@type\":\"EntryPoint\",\"urlTemplate\":\"https:\/\/sakipsabancimuzesi.org\/shop\/?s={search_term_string}\"},\"query-input\":{\"@type\":\"PropertyValueSpecification\",\"valueRequired\":true,\"valueName\":\"search_term_string\"}}],\"inLanguage\":\"tr\"},{\"@type\":\"Organization\",\"@id\":\"https:\/\/sakipsabancimuzesi.org\/shop\/#organization\",\"name\":\"SSM Shop\",\"url\":\"https:\/\/sakipsabancimuzesi.org\/shop\/\",\"logo\":{\"@type\":\"ImageObject\",\"inLanguage\":\"tr\",\"@id\":\"https:\/\/sakipsabancimuzesi.org\/shop\/#\/schema\/logo\/image\/\",\"url\":\"https:\/\/sakipsabancimuzesi.org\/shop\/wp-content\/uploads\/2019\/11\/logo.png\",\"contentUrl\":\"https:\/\/sakipsabancimuzesi.org\/shop\/wp-content\/uploads\/2019\/11\/logo.png\",\"width\":227,\"height\":87,\"caption\":\"SSM Shop\"},\"image\":{\"@id\":\"https:\/\/sakipsabancimuzesi.org\/shop\/#\/schema\/logo\/image\/\"},\"sameAs\":[\"https:\/\/www.facebook.com\/SakipSabanciMuzesi\/\"]}]}<\/script>\n<!-- \/ Yoast SEO plugin. -->","yoast_head_json":{"title":"G\u00fcm\u00fc\u015f \u00dcz\u00fcm Kolye - SSM Shop","robots":{"index":"index","follow":"follow","max-snippet":"max-snippet:-1","max-image-preview":"max-image-preview:large","max-video-preview":"max-video-preview:-1"},"canonical":"https:\/\/sakipsabancimuzesi.org\/shop\/urun\/taki\/kolye\/gumus-uzum-kolye\/","og_locale":"tr_TR","og_type":"article","og_title":"G\u00fcm\u00fc\u015f \u00dcz\u00fcm Kolye - SSM Shop","og_description":"EMMA KRAFFT Pergamon\u2019dan Esintiler, Onur Yaz\u0131c\u0131gil\u2019in 13 Eyl\u00fcl-6 Ekim 2022 tarihlerinde Gate 27 Ayval\u0131k Konuk Sanat\u00e7\u0131 Program\u0131\u2019nda tasarlad\u0131\u011f\u0131 dijital yaz\u0131 tipi projesinin EMMA KRAFFT taraf\u0131ndan tak\u0131 tasar\u0131m\u0131na uygulanmas\u0131n\u0131 kapsar. Bu proje Pergamon\u2019daki zengin yaz\u0131 k\u00fclt\u00fcr\u00fc miras\u0131n\u0131n belgelenerek g\u00fcn\u00fcm\u00fcz dijital mecras\u0131nda yaz\u0131 tipi olarak tasarlanmas\u0131 sonucunda \u00fc\u00e7 boyutlu bir nesne \u00fczerinden v\u00fccut bulmu\u015f halidir. EMMA KRAFFT [...]","og_url":"https:\/\/sakipsabancimuzesi.org\/shop\/urun\/taki\/kolye\/gumus-uzum-kolye\/","og_site_name":"SSM Shop","article_publisher":"https:\/\/www.facebook.com\/SakipSabanciMuzesi\/","article_modified_time":"2025-11-14T18:11:17+00:00","og_image":[{"width":1280,"height":1600,"url":"https:\/\/sakipsabancimuzesi.org\/shop\/wp-content\/uploads\/2023\/05\/Gumus-uzum-kolye.jpg","type":"image\/jpeg"}],"twitter_card":"summary_large_image","twitter_misc":{"Tahmini okuma s\u00fcresi":"1 dakika"},"schema":{"@context":"https:\/\/schema.org","@graph":[{"@type":"WebPage","@id":"https:\/\/sakipsabancimuzesi.org\/shop\/urun\/taki\/kolye\/gumus-uzum-kolye\/","url":"https:\/\/sakipsabancimuzesi.org\/shop\/urun\/taki\/kolye\/gumus-uzum-kolye\/","name":"G\u00fcm\u00fc\u015f \u00dcz\u00fcm Kolye - SSM Shop","isPartOf":{"@id":"https:\/\/sakipsabancimuzesi.org\/shop\/#website"},"primaryImageOfPage":{"@id":"https:\/\/sakipsabancimuzesi.org\/shop\/urun\/taki\/kolye\/gumus-uzum-kolye\/#primaryimage"},"image":{"@id":"https:\/\/sakipsabancimuzesi.org\/shop\/urun\/taki\/kolye\/gumus-uzum-kolye\/#primaryimage"},"thumbnailUrl":"https:\/\/sakipsabancimuzesi.org\/shop\/wp-content\/uploads\/2023\/05\/Gumus-uzum-kolye.jpg","datePublished":"2023-05-04T11:59:52+00:00","dateModified":"2025-11-14T18:11:17+00:00","breadcrumb":{"@id":"https:\/\/sakipsabancimuzesi.org\/shop\/urun\/taki\/kolye\/gumus-uzum-kolye\/#breadcrumb"},"inLanguage":"tr","potentialAction":[{"@type":"ReadAction","target":["https:\/\/sakipsabancimuzesi.org\/shop\/urun\/taki\/kolye\/gumus-uzum-kolye\/"]}]},{"@type":"ImageObject","inLanguage":"tr","@id":"https:\/\/sakipsabancimuzesi.org\/shop\/urun\/taki\/kolye\/gumus-uzum-kolye\/#primaryimage","url":"https:\/\/sakipsabancimuzesi.org\/shop\/wp-content\/uploads\/2023\/05\/Gumus-uzum-kolye.jpg","contentUrl":"https:\/\/sakipsabancimuzesi.org\/shop\/wp-content\/uploads\/2023\/05\/Gumus-uzum-kolye.jpg","width":1280,"height":1600},{"@type":"BreadcrumbList","@id":"https:\/\/sakipsabancimuzesi.org\/shop\/urun\/taki\/kolye\/gumus-uzum-kolye\/#breadcrumb","itemListElement":[{"@type":"ListItem","position":1,"name":"Ana sayfa","item":"https:\/\/sakipsabancimuzesi.org\/shop\/"},{"@type":"ListItem","position":2,"name":"Shop","item":"https:\/\/sakipsabancimuzesi.org\/shop\/shop\/"},{"@type":"ListItem","position":3,"name":"G\u00fcm\u00fc\u015f \u00dcz\u00fcm Kolye"}]},{"@type":"WebSite","@id":"https:\/\/sakipsabancimuzesi.org\/shop\/#website","url":"https:\/\/sakipsabancimuzesi.org\/shop\/","name":"SSM Shop","description":"Sak\u0131p Sabanc\u0131 M\u00fczesi, Ma\u011faza","publisher":{"@id":"https:\/\/sakipsabancimuzesi.org\/shop\/#organization"},"potentialAction":[{"@type":"SearchAction","target":{"@type":"EntryPoint","urlTemplate":"https:\/\/sakipsabancimuzesi.org\/shop\/?s={search_term_string}"},"query-input":{"@type":"PropertyValueSpecification","valueRequired":true,"valueName":"search_term_string"}}],"inLanguage":"tr"},{"@type":"Organization","@id":"https:\/\/sakipsabancimuzesi.org\/shop\/#organization","name":"SSM Shop","url":"https:\/\/sakipsabancimuzesi.org\/shop\/","logo":{"@type":"ImageObject","inLanguage":"tr","@id":"https:\/\/sakipsabancimuzesi.org\/shop\/#\/schema\/logo\/image\/","url":"https:\/\/sakipsabancimuzesi.org\/shop\/wp-content\/uploads\/2019\/11\/logo.png","contentUrl":"https:\/\/sakipsabancimuzesi.org\/shop\/wp-content\/uploads\/2019\/11\/logo.png","width":227,"height":87,"caption":"SSM Shop"},"image":{"@id":"https:\/\/sakipsabancimuzesi.org\/shop\/#\/schema\/logo\/image\/"},"sameAs":["https:\/\/www.facebook.com\/SakipSabanciMuzesi\/"]}]}},"jetpack_sharing_enabled":true,"_links":{"self":[{"href":"https:\/\/sakipsabancimuzesi.org\/shop\/wp-json\/wp\/v2\/product\/255274","targetHints":{"allow":["GET"]}}],"collection":[{"href":"https:\/\/sakipsabancimuzesi.org\/shop\/wp-json\/wp\/v2\/product"}],"about":[{"href":"https:\/\/sakipsabancimuzesi.org\/shop\/wp-json\/wp\/v2\/types\/product"}],"wp:featuredmedia":[{"embeddable":true,"href":"https:\/\/sakipsabancimuzesi.org\/shop\/wp-json\/wp\/v2\/media\/255358"}],"wp:attachment":[{"href":"https:\/\/sakipsabancimuzesi.org\/shop\/wp-json\/wp\/v2\/media?parent=255274"}],"wp:term":[{"taxonomy":"product_brand","embeddable":true,"href":"https:\/\/sakipsabancimuzesi.org\/shop\/wp-json\/wp\/v2\/product_brand?post=255274"},{"taxonomy":"product_cat","embeddable":true,"href":"https:\/\/sakipsabancimuzesi.org\/shop\/wp-json\/wp\/v2\/product_cat?post=255274"},{"taxonomy":"product_tag","embeddable":true,"href":"https:\/\/sakipsabancimuzesi.org\/shop\/wp-json\/wp\/v2\/product_tag?post=255274"},{"taxonomy":"woo-feed-brand","embeddable":true,"href":"https:\/\/sakipsabancimuzesi.org\/shop\/wp-json\/wp\/v2\/woo-feed-brand?post=255274"}],"curies":[{"name":"wp","href":"https:\/\/api.w.org\/{rel}","templated":true}]}}