{"id":257630,"date":"2023-06-16T10:21:34","date_gmt":"2023-06-16T07:21:34","guid":{"rendered":"https:\/\/sakipsabancimuzesi.org\/shop\/?post_type=product&#038;p=257630"},"modified":"2025-12-18T11:15:06","modified_gmt":"2025-12-18T08:15:06","slug":"kupa-2","status":"publish","type":"product","link":"https:\/\/sakipsabancimuzesi.org\/shop\/urun\/ev-dekorasyon\/mutfak\/kupa-2\/","title":{"rendered":"Kupa"},"content":{"rendered":"<p>Hacim: 235 ml<br \/>\nEn: 8.5 cm<br \/>\nBoy: 7.5 cm<\/p>\n<p>Y\u00fcksek kaliteli porselenden %100 el i\u015f\u00e7ili\u011fi ve boyamas\u0131 ile 3 kere f\u0131r\u0131nlanarak \u00fcretilmi\u015ftir.<br \/>\n\u00dcr\u00fcn\u00fcn g\u0131dayla temas eden b\u00f6l\u00fcmlerinde kullan\u0131lan hammaddeler g\u0131da g\u00fcvenli\u011fine uygunluk testlerinden ge\u00e7mi\u015ftir.<br \/>\nAlt\u0131n renkli detaylar 24 ayar alt\u0131n\u0131n s\u0131v\u0131 formuyla, g\u00fcm\u00fc\u015f renkli detaylar ger\u00e7ek s\u0131v\u0131 g\u00fcm\u00fc\u015fle bezenmi\u015ftir.<br \/>\nEl yap\u0131m\u0131 her \u00fcr\u00fcn gibi hassas kullanman\u0131z, \u00fcr\u00fcn\u00fcn\u00fcz\u00fcn uzun y\u0131llar sizle ya\u015f almas\u0131n\u0131 sa\u011flar. Elde y\u0131kaman\u0131z \u00f6nerilir.<\/p>\n","protected":false},"excerpt":{"rendered":"<p>Hacim: 235 ml En: 8.5 cm Boy: 7.5 cm Y\u00fcksek kaliteli porselenden %100 el i\u015f\u00e7ili\u011fi ve boyamas\u0131 ile 3 kere f\u0131r\u0131nlanarak \u00fcretilmi\u015ftir. \u00dcr\u00fcn\u00fcn g\u0131dayla temas eden b\u00f6l\u00fcmlerinde kullan\u0131lan hammaddeler g\u0131da g\u00fcvenli\u011fine uygunluk testlerinden ge\u00e7mi\u015ftir. Alt\u0131n renkli detaylar 24 ayar alt\u0131n\u0131n s\u0131v\u0131 formuyla, g\u00fcm\u00fc\u015f renkli detaylar ger\u00e7ek s\u0131v\u0131 g\u00fcm\u00fc\u015fle bezenmi\u015ftir. El yap\u0131m\u0131 her \u00fcr\u00fcn gibi hassas [&#8230;]\n","protected":false},"featured_media":261876,"template":"","meta":{"_exactmetrics_skip_tracking":false,"_exactmetrics_sitenote_active":false,"_exactmetrics_sitenote_note":"","_exactmetrics_sitenote_category":0},"product_brand":[],"product_cat":[634,636],"product_tag":[],"woo-feed-brand":[],"class_list":{"0":"post-257630","1":"product","2":"type-product","3":"status-publish","4":"has-post-thumbnail","6":"product_cat-ev-dekorasyon","7":"product_cat-mutfak","9":"first","10":"instock","11":"taxable","12":"shipping-taxable","13":"purchasable","14":"product-type-variable"},"yoast_head":"<!-- This site is optimized with the Yoast SEO plugin v27.1.1 - https:\/\/yoast.com\/product\/yoast-seo-wordpress\/ -->\n<title>Kupa - SSM Shop<\/title>\n<meta name=\"robots\" content=\"index, follow, max-snippet:-1, max-image-preview:large, max-video-preview:-1\" \/>\n<link rel=\"canonical\" href=\"https:\/\/sakipsabancimuzesi.org\/shop\/urun\/ev-dekorasyon\/mutfak\/kupa-2\/\" \/>\n<meta property=\"og:locale\" content=\"tr_TR\" \/>\n<meta property=\"og:type\" content=\"article\" \/>\n<meta property=\"og:title\" content=\"Kupa - SSM Shop\" \/>\n<meta property=\"og:description\" content=\"Hacim: 235 ml En: 8.5 cm Boy: 7.5 cm Y\u00fcksek kaliteli porselenden %100 el i\u015f\u00e7ili\u011fi ve boyamas\u0131 ile 3 kere f\u0131r\u0131nlanarak \u00fcretilmi\u015ftir. \u00dcr\u00fcn\u00fcn g\u0131dayla temas eden b\u00f6l\u00fcmlerinde kullan\u0131lan hammaddeler g\u0131da g\u00fcvenli\u011fine uygunluk testlerinden ge\u00e7mi\u015ftir. Alt\u0131n renkli detaylar 24 ayar alt\u0131n\u0131n s\u0131v\u0131 formuyla, g\u00fcm\u00fc\u015f renkli detaylar ger\u00e7ek s\u0131v\u0131 g\u00fcm\u00fc\u015fle bezenmi\u015ftir. El yap\u0131m\u0131 her \u00fcr\u00fcn gibi hassas [...]\" \/>\n<meta property=\"og:url\" content=\"https:\/\/sakipsabancimuzesi.org\/shop\/urun\/ev-dekorasyon\/mutfak\/kupa-2\/\" \/>\n<meta property=\"og:site_name\" content=\"SSM Shop\" \/>\n<meta property=\"article:publisher\" content=\"https:\/\/www.facebook.com\/SakipSabanciMuzesi\/\" \/>\n<meta property=\"article:modified_time\" content=\"2025-12-18T08:15:06+00:00\" \/>\n<meta property=\"og:image\" content=\"https:\/\/sakipsabancimuzesi.org\/shop\/wp-content\/uploads\/2023\/06\/CEF5943.jpg\" \/>\n\t<meta property=\"og:image:width\" content=\"1280\" \/>\n\t<meta property=\"og:image:height\" content=\"1600\" \/>\n\t<meta property=\"og:image:type\" content=\"image\/jpeg\" \/>\n<meta name=\"twitter:card\" content=\"summary_large_image\" \/>\n<script type=\"application\/ld+json\" class=\"yoast-schema-graph\">{\"@context\":\"https:\/\/schema.org\",\"@graph\":[{\"@type\":\"WebPage\",\"@id\":\"https:\/\/sakipsabancimuzesi.org\/shop\/urun\/ev-dekorasyon\/mutfak\/kupa-2\/\",\"url\":\"https:\/\/sakipsabancimuzesi.org\/shop\/urun\/ev-dekorasyon\/mutfak\/kupa-2\/\",\"name\":\"Kupa - SSM Shop\",\"isPartOf\":{\"@id\":\"https:\/\/sakipsabancimuzesi.org\/shop\/#website\"},\"primaryImageOfPage\":{\"@id\":\"https:\/\/sakipsabancimuzesi.org\/shop\/urun\/ev-dekorasyon\/mutfak\/kupa-2\/#primaryimage\"},\"image\":{\"@id\":\"https:\/\/sakipsabancimuzesi.org\/shop\/urun\/ev-dekorasyon\/mutfak\/kupa-2\/#primaryimage\"},\"thumbnailUrl\":\"https:\/\/sakipsabancimuzesi.org\/shop\/wp-content\/uploads\/2023\/06\/CEF5943.jpg\",\"datePublished\":\"2023-06-16T07:21:34+00:00\",\"dateModified\":\"2025-12-18T08:15:06+00:00\",\"breadcrumb\":{\"@id\":\"https:\/\/sakipsabancimuzesi.org\/shop\/urun\/ev-dekorasyon\/mutfak\/kupa-2\/#breadcrumb\"},\"inLanguage\":\"tr\",\"potentialAction\":[{\"@type\":\"ReadAction\",\"target\":[\"https:\/\/sakipsabancimuzesi.org\/shop\/urun\/ev-dekorasyon\/mutfak\/kupa-2\/\"]}]},{\"@type\":\"ImageObject\",\"inLanguage\":\"tr\",\"@id\":\"https:\/\/sakipsabancimuzesi.org\/shop\/urun\/ev-dekorasyon\/mutfak\/kupa-2\/#primaryimage\",\"url\":\"https:\/\/sakipsabancimuzesi.org\/shop\/wp-content\/uploads\/2023\/06\/CEF5943.jpg\",\"contentUrl\":\"https:\/\/sakipsabancimuzesi.org\/shop\/wp-content\/uploads\/2023\/06\/CEF5943.jpg\",\"width\":1280,\"height\":1600},{\"@type\":\"BreadcrumbList\",\"@id\":\"https:\/\/sakipsabancimuzesi.org\/shop\/urun\/ev-dekorasyon\/mutfak\/kupa-2\/#breadcrumb\",\"itemListElement\":[{\"@type\":\"ListItem\",\"position\":1,\"name\":\"Ana sayfa\",\"item\":\"https:\/\/sakipsabancimuzesi.org\/shop\/\"},{\"@type\":\"ListItem\",\"position\":2,\"name\":\"Shop\",\"item\":\"https:\/\/sakipsabancimuzesi.org\/shop\/shop\/\"},{\"@type\":\"ListItem\",\"position\":3,\"name\":\"Kupa\"}]},{\"@type\":\"WebSite\",\"@id\":\"https:\/\/sakipsabancimuzesi.org\/shop\/#website\",\"url\":\"https:\/\/sakipsabancimuzesi.org\/shop\/\",\"name\":\"SSM Shop\",\"description\":\"Sak\u0131p Sabanc\u0131 M\u00fczesi, Ma\u011faza\",\"publisher\":{\"@id\":\"https:\/\/sakipsabancimuzesi.org\/shop\/#organization\"},\"potentialAction\":[{\"@type\":\"SearchAction\",\"target\":{\"@type\":\"EntryPoint\",\"urlTemplate\":\"https:\/\/sakipsabancimuzesi.org\/shop\/?s={search_term_string}\"},\"query-input\":{\"@type\":\"PropertyValueSpecification\",\"valueRequired\":true,\"valueName\":\"search_term_string\"}}],\"inLanguage\":\"tr\"},{\"@type\":\"Organization\",\"@id\":\"https:\/\/sakipsabancimuzesi.org\/shop\/#organization\",\"name\":\"SSM Shop\",\"url\":\"https:\/\/sakipsabancimuzesi.org\/shop\/\",\"logo\":{\"@type\":\"ImageObject\",\"inLanguage\":\"tr\",\"@id\":\"https:\/\/sakipsabancimuzesi.org\/shop\/#\/schema\/logo\/image\/\",\"url\":\"https:\/\/sakipsabancimuzesi.org\/shop\/wp-content\/uploads\/2019\/11\/logo.png\",\"contentUrl\":\"https:\/\/sakipsabancimuzesi.org\/shop\/wp-content\/uploads\/2019\/11\/logo.png\",\"width\":227,\"height\":87,\"caption\":\"SSM Shop\"},\"image\":{\"@id\":\"https:\/\/sakipsabancimuzesi.org\/shop\/#\/schema\/logo\/image\/\"},\"sameAs\":[\"https:\/\/www.facebook.com\/SakipSabanciMuzesi\/\"]}]}<\/script>\n<!-- \/ Yoast SEO plugin. -->","yoast_head_json":{"title":"Kupa - SSM Shop","robots":{"index":"index","follow":"follow","max-snippet":"max-snippet:-1","max-image-preview":"max-image-preview:large","max-video-preview":"max-video-preview:-1"},"canonical":"https:\/\/sakipsabancimuzesi.org\/shop\/urun\/ev-dekorasyon\/mutfak\/kupa-2\/","og_locale":"tr_TR","og_type":"article","og_title":"Kupa - SSM Shop","og_description":"Hacim: 235 ml En: 8.5 cm Boy: 7.5 cm Y\u00fcksek kaliteli porselenden %100 el i\u015f\u00e7ili\u011fi ve boyamas\u0131 ile 3 kere f\u0131r\u0131nlanarak \u00fcretilmi\u015ftir. \u00dcr\u00fcn\u00fcn g\u0131dayla temas eden b\u00f6l\u00fcmlerinde kullan\u0131lan hammaddeler g\u0131da g\u00fcvenli\u011fine uygunluk testlerinden ge\u00e7mi\u015ftir. Alt\u0131n renkli detaylar 24 ayar alt\u0131n\u0131n s\u0131v\u0131 formuyla, g\u00fcm\u00fc\u015f renkli detaylar ger\u00e7ek s\u0131v\u0131 g\u00fcm\u00fc\u015fle bezenmi\u015ftir. El yap\u0131m\u0131 her \u00fcr\u00fcn gibi hassas [...]","og_url":"https:\/\/sakipsabancimuzesi.org\/shop\/urun\/ev-dekorasyon\/mutfak\/kupa-2\/","og_site_name":"SSM Shop","article_publisher":"https:\/\/www.facebook.com\/SakipSabanciMuzesi\/","article_modified_time":"2025-12-18T08:15:06+00:00","og_image":[{"width":1280,"height":1600,"url":"https:\/\/sakipsabancimuzesi.org\/shop\/wp-content\/uploads\/2023\/06\/CEF5943.jpg","type":"image\/jpeg"}],"twitter_card":"summary_large_image","schema":{"@context":"https:\/\/schema.org","@graph":[{"@type":"WebPage","@id":"https:\/\/sakipsabancimuzesi.org\/shop\/urun\/ev-dekorasyon\/mutfak\/kupa-2\/","url":"https:\/\/sakipsabancimuzesi.org\/shop\/urun\/ev-dekorasyon\/mutfak\/kupa-2\/","name":"Kupa - SSM Shop","isPartOf":{"@id":"https:\/\/sakipsabancimuzesi.org\/shop\/#website"},"primaryImageOfPage":{"@id":"https:\/\/sakipsabancimuzesi.org\/shop\/urun\/ev-dekorasyon\/mutfak\/kupa-2\/#primaryimage"},"image":{"@id":"https:\/\/sakipsabancimuzesi.org\/shop\/urun\/ev-dekorasyon\/mutfak\/kupa-2\/#primaryimage"},"thumbnailUrl":"https:\/\/sakipsabancimuzesi.org\/shop\/wp-content\/uploads\/2023\/06\/CEF5943.jpg","datePublished":"2023-06-16T07:21:34+00:00","dateModified":"2025-12-18T08:15:06+00:00","breadcrumb":{"@id":"https:\/\/sakipsabancimuzesi.org\/shop\/urun\/ev-dekorasyon\/mutfak\/kupa-2\/#breadcrumb"},"inLanguage":"tr","potentialAction":[{"@type":"ReadAction","target":["https:\/\/sakipsabancimuzesi.org\/shop\/urun\/ev-dekorasyon\/mutfak\/kupa-2\/"]}]},{"@type":"ImageObject","inLanguage":"tr","@id":"https:\/\/sakipsabancimuzesi.org\/shop\/urun\/ev-dekorasyon\/mutfak\/kupa-2\/#primaryimage","url":"https:\/\/sakipsabancimuzesi.org\/shop\/wp-content\/uploads\/2023\/06\/CEF5943.jpg","contentUrl":"https:\/\/sakipsabancimuzesi.org\/shop\/wp-content\/uploads\/2023\/06\/CEF5943.jpg","width":1280,"height":1600},{"@type":"BreadcrumbList","@id":"https:\/\/sakipsabancimuzesi.org\/shop\/urun\/ev-dekorasyon\/mutfak\/kupa-2\/#breadcrumb","itemListElement":[{"@type":"ListItem","position":1,"name":"Ana sayfa","item":"https:\/\/sakipsabancimuzesi.org\/shop\/"},{"@type":"ListItem","position":2,"name":"Shop","item":"https:\/\/sakipsabancimuzesi.org\/shop\/shop\/"},{"@type":"ListItem","position":3,"name":"Kupa"}]},{"@type":"WebSite","@id":"https:\/\/sakipsabancimuzesi.org\/shop\/#website","url":"https:\/\/sakipsabancimuzesi.org\/shop\/","name":"SSM Shop","description":"Sak\u0131p Sabanc\u0131 M\u00fczesi, Ma\u011faza","publisher":{"@id":"https:\/\/sakipsabancimuzesi.org\/shop\/#organization"},"potentialAction":[{"@type":"SearchAction","target":{"@type":"EntryPoint","urlTemplate":"https:\/\/sakipsabancimuzesi.org\/shop\/?s={search_term_string}"},"query-input":{"@type":"PropertyValueSpecification","valueRequired":true,"valueName":"search_term_string"}}],"inLanguage":"tr"},{"@type":"Organization","@id":"https:\/\/sakipsabancimuzesi.org\/shop\/#organization","name":"SSM Shop","url":"https:\/\/sakipsabancimuzesi.org\/shop\/","logo":{"@type":"ImageObject","inLanguage":"tr","@id":"https:\/\/sakipsabancimuzesi.org\/shop\/#\/schema\/logo\/image\/","url":"https:\/\/sakipsabancimuzesi.org\/shop\/wp-content\/uploads\/2019\/11\/logo.png","contentUrl":"https:\/\/sakipsabancimuzesi.org\/shop\/wp-content\/uploads\/2019\/11\/logo.png","width":227,"height":87,"caption":"SSM Shop"},"image":{"@id":"https:\/\/sakipsabancimuzesi.org\/shop\/#\/schema\/logo\/image\/"},"sameAs":["https:\/\/www.facebook.com\/SakipSabanciMuzesi\/"]}]}},"jetpack_sharing_enabled":true,"_links":{"self":[{"href":"https:\/\/sakipsabancimuzesi.org\/shop\/wp-json\/wp\/v2\/product\/257630","targetHints":{"allow":["GET"]}}],"collection":[{"href":"https:\/\/sakipsabancimuzesi.org\/shop\/wp-json\/wp\/v2\/product"}],"about":[{"href":"https:\/\/sakipsabancimuzesi.org\/shop\/wp-json\/wp\/v2\/types\/product"}],"wp:featuredmedia":[{"embeddable":true,"href":"https:\/\/sakipsabancimuzesi.org\/shop\/wp-json\/wp\/v2\/media\/261876"}],"wp:attachment":[{"href":"https:\/\/sakipsabancimuzesi.org\/shop\/wp-json\/wp\/v2\/media?parent=257630"}],"wp:term":[{"taxonomy":"product_brand","embeddable":true,"href":"https:\/\/sakipsabancimuzesi.org\/shop\/wp-json\/wp\/v2\/product_brand?post=257630"},{"taxonomy":"product_cat","embeddable":true,"href":"https:\/\/sakipsabancimuzesi.org\/shop\/wp-json\/wp\/v2\/product_cat?post=257630"},{"taxonomy":"product_tag","embeddable":true,"href":"https:\/\/sakipsabancimuzesi.org\/shop\/wp-json\/wp\/v2\/product_tag?post=257630"},{"taxonomy":"woo-feed-brand","embeddable":true,"href":"https:\/\/sakipsabancimuzesi.org\/shop\/wp-json\/wp\/v2\/woo-feed-brand?post=257630"}],"curies":[{"name":"wp","href":"https:\/\/api.w.org\/{rel}","templated":true}]}}