{"id":258750,"date":"2023-07-20T11:37:18","date_gmt":"2023-07-20T08:37:18","guid":{"rendered":"https:\/\/sakipsabancimuzesi.org\/shop\/?post_type=product&#038;p=258750"},"modified":"2025-09-18T16:26:01","modified_gmt":"2025-09-18T13:26:01","slug":"manga-cizimi-el-kitabi-jeannie-lee","status":"publish","type":"product","link":"https:\/\/sakipsabancimuzesi.org\/shop\/urun\/yayin-ve-multimedya\/cocuk-kitaplari\/manga-cizimi-el-kitabi-jeannie-lee\/","title":{"rendered":"Manga \u00c7izimi El Kitab\u0131 &#8211; Jeannie Lee"},"content":{"rendered":"<p>Manga \u00c7izimi Elkitab\u0131, i\u015fe yeni ba\u015flayan sanat\u00e7\u0131lar\u0131 manga ve anime \u00e7iziminin temelleri ile tan\u0131\u015ft\u0131r\u0131yor. Do\u011fru ara\u00e7 ve malzeme se\u00e7iminden farkl\u0131 \u00e7izim teknikleri ve ipu\u00e7lar\u0131na kadar manga \u00e7iziminin t\u00fcm y\u00f6nlerini ele alan bu kitap ile karakter tasar\u0131m\u0131n\u0131n, v\u00fccut tiplerinin, y\u00fcz hatlar\u0131n\u0131n m\u00fcrekkepleme tekniklerinin temellerini ve p\u00fcf noktalar\u0131n\u0131 \u00f6\u011frenebilirsiniz.<br \/>\nBununla birlikte al\u0131\u015ft\u0131rma sayfalar\u0131yla \u00f6\u011frendiklerinizi peki\u015ftirebilirsiniz. Bolca interaktif al\u0131\u015ft\u0131rma ve renklendirilmi\u015f \u00f6rnek e\u015fli\u011finde manga \u00e7iziminin temellerini \u00f6\u011frenmek olduk\u00e7a kolay ve e\u011flenceli!<\/p>\n","protected":false},"excerpt":{"rendered":"<p>Manga \u00c7izimi Elkitab\u0131, i\u015fe yeni ba\u015flayan sanat\u00e7\u0131lar\u0131 manga ve anime \u00e7iziminin temelleri ile tan\u0131\u015ft\u0131r\u0131yor. Do\u011fru ara\u00e7 ve malzeme se\u00e7iminden farkl\u0131 \u00e7izim teknikleri ve ipu\u00e7lar\u0131na kadar manga \u00e7iziminin t\u00fcm y\u00f6nlerini ele alan bu kitap ile karakter tasar\u0131m\u0131n\u0131n, v\u00fccut tiplerinin, y\u00fcz hatlar\u0131n\u0131n m\u00fcrekkepleme tekniklerinin temellerini ve p\u00fcf noktalar\u0131n\u0131 \u00f6\u011frenebilirsiniz. Bununla birlikte al\u0131\u015ft\u0131rma sayfalar\u0131yla \u00f6\u011frendiklerinizi peki\u015ftirebilirsiniz. Bolca interaktif [&#8230;]\n","protected":false},"featured_media":258753,"template":"","meta":{"_exactmetrics_skip_tracking":false,"_exactmetrics_sitenote_active":false,"_exactmetrics_sitenote_note":"","_exactmetrics_sitenote_category":0},"product_brand":[],"product_cat":[662,665,760],"product_tag":[],"woo-feed-brand":[],"class_list":{"0":"post-258750","1":"product","2":"type-product","3":"status-publish","4":"has-post-thumbnail","6":"product_cat-yayin-ve-multimedya","7":"product_cat-cocuk-kitaplari","8":"product_cat-cocuk-kitaplari-cocuk-ve-oyun","10":"first","11":"instock","12":"taxable","13":"shipping-taxable","14":"purchasable","15":"product-type-simple"},"yoast_head":"<!-- This site is optimized with the Yoast SEO plugin v27.1.1 - https:\/\/yoast.com\/product\/yoast-seo-wordpress\/ -->\n<title>Manga \u00c7izimi El Kitab\u0131 - Jeannie Lee - SSM Shop<\/title>\n<meta name=\"robots\" content=\"index, follow, max-snippet:-1, max-image-preview:large, max-video-preview:-1\" \/>\n<link rel=\"canonical\" href=\"https:\/\/sakipsabancimuzesi.org\/shop\/urun\/yayin-ve-multimedya\/cocuk-kitaplari\/manga-cizimi-el-kitabi-jeannie-lee\/\" \/>\n<meta property=\"og:locale\" content=\"tr_TR\" \/>\n<meta property=\"og:type\" content=\"article\" \/>\n<meta property=\"og:title\" content=\"Manga \u00c7izimi El Kitab\u0131 - Jeannie Lee - SSM Shop\" \/>\n<meta property=\"og:description\" content=\"Manga \u00c7izimi Elkitab\u0131, i\u015fe yeni ba\u015flayan sanat\u00e7\u0131lar\u0131 manga ve anime \u00e7iziminin temelleri ile tan\u0131\u015ft\u0131r\u0131yor. Do\u011fru ara\u00e7 ve malzeme se\u00e7iminden farkl\u0131 \u00e7izim teknikleri ve ipu\u00e7lar\u0131na kadar manga \u00e7iziminin t\u00fcm y\u00f6nlerini ele alan bu kitap ile karakter tasar\u0131m\u0131n\u0131n, v\u00fccut tiplerinin, y\u00fcz hatlar\u0131n\u0131n m\u00fcrekkepleme tekniklerinin temellerini ve p\u00fcf noktalar\u0131n\u0131 \u00f6\u011frenebilirsiniz. Bununla birlikte al\u0131\u015ft\u0131rma sayfalar\u0131yla \u00f6\u011frendiklerinizi peki\u015ftirebilirsiniz. Bolca interaktif [...]\" \/>\n<meta property=\"og:url\" content=\"https:\/\/sakipsabancimuzesi.org\/shop\/urun\/yayin-ve-multimedya\/cocuk-kitaplari\/manga-cizimi-el-kitabi-jeannie-lee\/\" \/>\n<meta property=\"og:site_name\" content=\"SSM Shop\" \/>\n<meta property=\"article:publisher\" content=\"https:\/\/www.facebook.com\/SakipSabanciMuzesi\/\" \/>\n<meta property=\"article:modified_time\" content=\"2025-09-18T13:26:01+00:00\" \/>\n<meta property=\"og:image\" content=\"https:\/\/sakipsabancimuzesi.org\/shop\/wp-content\/uploads\/2023\/07\/Manga-Cizimi-El-Kitabi.jpg\" \/>\n\t<meta property=\"og:image:width\" content=\"1280\" \/>\n\t<meta property=\"og:image:height\" content=\"1600\" \/>\n\t<meta property=\"og:image:type\" content=\"image\/jpeg\" \/>\n<meta name=\"twitter:card\" content=\"summary_large_image\" \/>\n<meta name=\"twitter:label1\" content=\"Tahmini okuma s\u00fcresi\" \/>\n\t<meta name=\"twitter:data1\" content=\"1 dakika\" \/>\n<script type=\"application\/ld+json\" class=\"yoast-schema-graph\">{\"@context\":\"https:\/\/schema.org\",\"@graph\":[{\"@type\":\"WebPage\",\"@id\":\"https:\/\/sakipsabancimuzesi.org\/shop\/urun\/yayin-ve-multimedya\/cocuk-kitaplari\/manga-cizimi-el-kitabi-jeannie-lee\/\",\"url\":\"https:\/\/sakipsabancimuzesi.org\/shop\/urun\/yayin-ve-multimedya\/cocuk-kitaplari\/manga-cizimi-el-kitabi-jeannie-lee\/\",\"name\":\"Manga \u00c7izimi El Kitab\u0131 - Jeannie Lee - SSM Shop\",\"isPartOf\":{\"@id\":\"https:\/\/sakipsabancimuzesi.org\/shop\/#website\"},\"primaryImageOfPage\":{\"@id\":\"https:\/\/sakipsabancimuzesi.org\/shop\/urun\/yayin-ve-multimedya\/cocuk-kitaplari\/manga-cizimi-el-kitabi-jeannie-lee\/#primaryimage\"},\"image\":{\"@id\":\"https:\/\/sakipsabancimuzesi.org\/shop\/urun\/yayin-ve-multimedya\/cocuk-kitaplari\/manga-cizimi-el-kitabi-jeannie-lee\/#primaryimage\"},\"thumbnailUrl\":\"https:\/\/sakipsabancimuzesi.org\/shop\/wp-content\/uploads\/2023\/07\/Manga-Cizimi-El-Kitabi.jpg\",\"datePublished\":\"2023-07-20T08:37:18+00:00\",\"dateModified\":\"2025-09-18T13:26:01+00:00\",\"breadcrumb\":{\"@id\":\"https:\/\/sakipsabancimuzesi.org\/shop\/urun\/yayin-ve-multimedya\/cocuk-kitaplari\/manga-cizimi-el-kitabi-jeannie-lee\/#breadcrumb\"},\"inLanguage\":\"tr\",\"potentialAction\":[{\"@type\":\"ReadAction\",\"target\":[\"https:\/\/sakipsabancimuzesi.org\/shop\/urun\/yayin-ve-multimedya\/cocuk-kitaplari\/manga-cizimi-el-kitabi-jeannie-lee\/\"]}]},{\"@type\":\"ImageObject\",\"inLanguage\":\"tr\",\"@id\":\"https:\/\/sakipsabancimuzesi.org\/shop\/urun\/yayin-ve-multimedya\/cocuk-kitaplari\/manga-cizimi-el-kitabi-jeannie-lee\/#primaryimage\",\"url\":\"https:\/\/sakipsabancimuzesi.org\/shop\/wp-content\/uploads\/2023\/07\/Manga-Cizimi-El-Kitabi.jpg\",\"contentUrl\":\"https:\/\/sakipsabancimuzesi.org\/shop\/wp-content\/uploads\/2023\/07\/Manga-Cizimi-El-Kitabi.jpg\",\"width\":1280,\"height\":1600},{\"@type\":\"BreadcrumbList\",\"@id\":\"https:\/\/sakipsabancimuzesi.org\/shop\/urun\/yayin-ve-multimedya\/cocuk-kitaplari\/manga-cizimi-el-kitabi-jeannie-lee\/#breadcrumb\",\"itemListElement\":[{\"@type\":\"ListItem\",\"position\":1,\"name\":\"Ana sayfa\",\"item\":\"https:\/\/sakipsabancimuzesi.org\/shop\/\"},{\"@type\":\"ListItem\",\"position\":2,\"name\":\"Shop\",\"item\":\"https:\/\/sakipsabancimuzesi.org\/shop\/shop\/\"},{\"@type\":\"ListItem\",\"position\":3,\"name\":\"Manga \u00c7izimi El Kitab\u0131 &#8211; Jeannie Lee\"}]},{\"@type\":\"WebSite\",\"@id\":\"https:\/\/sakipsabancimuzesi.org\/shop\/#website\",\"url\":\"https:\/\/sakipsabancimuzesi.org\/shop\/\",\"name\":\"SSM Shop\",\"description\":\"Sak\u0131p Sabanc\u0131 M\u00fczesi, Ma\u011faza\",\"publisher\":{\"@id\":\"https:\/\/sakipsabancimuzesi.org\/shop\/#organization\"},\"potentialAction\":[{\"@type\":\"SearchAction\",\"target\":{\"@type\":\"EntryPoint\",\"urlTemplate\":\"https:\/\/sakipsabancimuzesi.org\/shop\/?s={search_term_string}\"},\"query-input\":{\"@type\":\"PropertyValueSpecification\",\"valueRequired\":true,\"valueName\":\"search_term_string\"}}],\"inLanguage\":\"tr\"},{\"@type\":\"Organization\",\"@id\":\"https:\/\/sakipsabancimuzesi.org\/shop\/#organization\",\"name\":\"SSM Shop\",\"url\":\"https:\/\/sakipsabancimuzesi.org\/shop\/\",\"logo\":{\"@type\":\"ImageObject\",\"inLanguage\":\"tr\",\"@id\":\"https:\/\/sakipsabancimuzesi.org\/shop\/#\/schema\/logo\/image\/\",\"url\":\"https:\/\/sakipsabancimuzesi.org\/shop\/wp-content\/uploads\/2019\/11\/logo.png\",\"contentUrl\":\"https:\/\/sakipsabancimuzesi.org\/shop\/wp-content\/uploads\/2019\/11\/logo.png\",\"width\":227,\"height\":87,\"caption\":\"SSM Shop\"},\"image\":{\"@id\":\"https:\/\/sakipsabancimuzesi.org\/shop\/#\/schema\/logo\/image\/\"},\"sameAs\":[\"https:\/\/www.facebook.com\/SakipSabanciMuzesi\/\"]}]}<\/script>\n<!-- \/ Yoast SEO plugin. -->","yoast_head_json":{"title":"Manga \u00c7izimi El Kitab\u0131 - Jeannie Lee - SSM Shop","robots":{"index":"index","follow":"follow","max-snippet":"max-snippet:-1","max-image-preview":"max-image-preview:large","max-video-preview":"max-video-preview:-1"},"canonical":"https:\/\/sakipsabancimuzesi.org\/shop\/urun\/yayin-ve-multimedya\/cocuk-kitaplari\/manga-cizimi-el-kitabi-jeannie-lee\/","og_locale":"tr_TR","og_type":"article","og_title":"Manga \u00c7izimi El Kitab\u0131 - Jeannie Lee - SSM Shop","og_description":"Manga \u00c7izimi Elkitab\u0131, i\u015fe yeni ba\u015flayan sanat\u00e7\u0131lar\u0131 manga ve anime \u00e7iziminin temelleri ile tan\u0131\u015ft\u0131r\u0131yor. Do\u011fru ara\u00e7 ve malzeme se\u00e7iminden farkl\u0131 \u00e7izim teknikleri ve ipu\u00e7lar\u0131na kadar manga \u00e7iziminin t\u00fcm y\u00f6nlerini ele alan bu kitap ile karakter tasar\u0131m\u0131n\u0131n, v\u00fccut tiplerinin, y\u00fcz hatlar\u0131n\u0131n m\u00fcrekkepleme tekniklerinin temellerini ve p\u00fcf noktalar\u0131n\u0131 \u00f6\u011frenebilirsiniz. Bununla birlikte al\u0131\u015ft\u0131rma sayfalar\u0131yla \u00f6\u011frendiklerinizi peki\u015ftirebilirsiniz. Bolca interaktif [...]","og_url":"https:\/\/sakipsabancimuzesi.org\/shop\/urun\/yayin-ve-multimedya\/cocuk-kitaplari\/manga-cizimi-el-kitabi-jeannie-lee\/","og_site_name":"SSM Shop","article_publisher":"https:\/\/www.facebook.com\/SakipSabanciMuzesi\/","article_modified_time":"2025-09-18T13:26:01+00:00","og_image":[{"width":1280,"height":1600,"url":"https:\/\/sakipsabancimuzesi.org\/shop\/wp-content\/uploads\/2023\/07\/Manga-Cizimi-El-Kitabi.jpg","type":"image\/jpeg"}],"twitter_card":"summary_large_image","twitter_misc":{"Tahmini okuma s\u00fcresi":"1 dakika"},"schema":{"@context":"https:\/\/schema.org","@graph":[{"@type":"WebPage","@id":"https:\/\/sakipsabancimuzesi.org\/shop\/urun\/yayin-ve-multimedya\/cocuk-kitaplari\/manga-cizimi-el-kitabi-jeannie-lee\/","url":"https:\/\/sakipsabancimuzesi.org\/shop\/urun\/yayin-ve-multimedya\/cocuk-kitaplari\/manga-cizimi-el-kitabi-jeannie-lee\/","name":"Manga \u00c7izimi El Kitab\u0131 - Jeannie Lee - SSM Shop","isPartOf":{"@id":"https:\/\/sakipsabancimuzesi.org\/shop\/#website"},"primaryImageOfPage":{"@id":"https:\/\/sakipsabancimuzesi.org\/shop\/urun\/yayin-ve-multimedya\/cocuk-kitaplari\/manga-cizimi-el-kitabi-jeannie-lee\/#primaryimage"},"image":{"@id":"https:\/\/sakipsabancimuzesi.org\/shop\/urun\/yayin-ve-multimedya\/cocuk-kitaplari\/manga-cizimi-el-kitabi-jeannie-lee\/#primaryimage"},"thumbnailUrl":"https:\/\/sakipsabancimuzesi.org\/shop\/wp-content\/uploads\/2023\/07\/Manga-Cizimi-El-Kitabi.jpg","datePublished":"2023-07-20T08:37:18+00:00","dateModified":"2025-09-18T13:26:01+00:00","breadcrumb":{"@id":"https:\/\/sakipsabancimuzesi.org\/shop\/urun\/yayin-ve-multimedya\/cocuk-kitaplari\/manga-cizimi-el-kitabi-jeannie-lee\/#breadcrumb"},"inLanguage":"tr","potentialAction":[{"@type":"ReadAction","target":["https:\/\/sakipsabancimuzesi.org\/shop\/urun\/yayin-ve-multimedya\/cocuk-kitaplari\/manga-cizimi-el-kitabi-jeannie-lee\/"]}]},{"@type":"ImageObject","inLanguage":"tr","@id":"https:\/\/sakipsabancimuzesi.org\/shop\/urun\/yayin-ve-multimedya\/cocuk-kitaplari\/manga-cizimi-el-kitabi-jeannie-lee\/#primaryimage","url":"https:\/\/sakipsabancimuzesi.org\/shop\/wp-content\/uploads\/2023\/07\/Manga-Cizimi-El-Kitabi.jpg","contentUrl":"https:\/\/sakipsabancimuzesi.org\/shop\/wp-content\/uploads\/2023\/07\/Manga-Cizimi-El-Kitabi.jpg","width":1280,"height":1600},{"@type":"BreadcrumbList","@id":"https:\/\/sakipsabancimuzesi.org\/shop\/urun\/yayin-ve-multimedya\/cocuk-kitaplari\/manga-cizimi-el-kitabi-jeannie-lee\/#breadcrumb","itemListElement":[{"@type":"ListItem","position":1,"name":"Ana sayfa","item":"https:\/\/sakipsabancimuzesi.org\/shop\/"},{"@type":"ListItem","position":2,"name":"Shop","item":"https:\/\/sakipsabancimuzesi.org\/shop\/shop\/"},{"@type":"ListItem","position":3,"name":"Manga \u00c7izimi El Kitab\u0131 &#8211; Jeannie Lee"}]},{"@type":"WebSite","@id":"https:\/\/sakipsabancimuzesi.org\/shop\/#website","url":"https:\/\/sakipsabancimuzesi.org\/shop\/","name":"SSM Shop","description":"Sak\u0131p Sabanc\u0131 M\u00fczesi, Ma\u011faza","publisher":{"@id":"https:\/\/sakipsabancimuzesi.org\/shop\/#organization"},"potentialAction":[{"@type":"SearchAction","target":{"@type":"EntryPoint","urlTemplate":"https:\/\/sakipsabancimuzesi.org\/shop\/?s={search_term_string}"},"query-input":{"@type":"PropertyValueSpecification","valueRequired":true,"valueName":"search_term_string"}}],"inLanguage":"tr"},{"@type":"Organization","@id":"https:\/\/sakipsabancimuzesi.org\/shop\/#organization","name":"SSM Shop","url":"https:\/\/sakipsabancimuzesi.org\/shop\/","logo":{"@type":"ImageObject","inLanguage":"tr","@id":"https:\/\/sakipsabancimuzesi.org\/shop\/#\/schema\/logo\/image\/","url":"https:\/\/sakipsabancimuzesi.org\/shop\/wp-content\/uploads\/2019\/11\/logo.png","contentUrl":"https:\/\/sakipsabancimuzesi.org\/shop\/wp-content\/uploads\/2019\/11\/logo.png","width":227,"height":87,"caption":"SSM Shop"},"image":{"@id":"https:\/\/sakipsabancimuzesi.org\/shop\/#\/schema\/logo\/image\/"},"sameAs":["https:\/\/www.facebook.com\/SakipSabanciMuzesi\/"]}]}},"jetpack_sharing_enabled":true,"_links":{"self":[{"href":"https:\/\/sakipsabancimuzesi.org\/shop\/wp-json\/wp\/v2\/product\/258750","targetHints":{"allow":["GET"]}}],"collection":[{"href":"https:\/\/sakipsabancimuzesi.org\/shop\/wp-json\/wp\/v2\/product"}],"about":[{"href":"https:\/\/sakipsabancimuzesi.org\/shop\/wp-json\/wp\/v2\/types\/product"}],"wp:featuredmedia":[{"embeddable":true,"href":"https:\/\/sakipsabancimuzesi.org\/shop\/wp-json\/wp\/v2\/media\/258753"}],"wp:attachment":[{"href":"https:\/\/sakipsabancimuzesi.org\/shop\/wp-json\/wp\/v2\/media?parent=258750"}],"wp:term":[{"taxonomy":"product_brand","embeddable":true,"href":"https:\/\/sakipsabancimuzesi.org\/shop\/wp-json\/wp\/v2\/product_brand?post=258750"},{"taxonomy":"product_cat","embeddable":true,"href":"https:\/\/sakipsabancimuzesi.org\/shop\/wp-json\/wp\/v2\/product_cat?post=258750"},{"taxonomy":"product_tag","embeddable":true,"href":"https:\/\/sakipsabancimuzesi.org\/shop\/wp-json\/wp\/v2\/product_tag?post=258750"},{"taxonomy":"woo-feed-brand","embeddable":true,"href":"https:\/\/sakipsabancimuzesi.org\/shop\/wp-json\/wp\/v2\/woo-feed-brand?post=258750"}],"curies":[{"name":"wp","href":"https:\/\/api.w.org\/{rel}","templated":true}]}}