{"id":258751,"date":"2023-07-20T11:40:57","date_gmt":"2023-07-20T08:40:57","guid":{"rendered":"https:\/\/sakipsabancimuzesi.org\/shop\/?post_type=product&#038;p=258751"},"modified":"2025-11-13T16:12:40","modified_gmt":"2025-11-13T13:12:40","slug":"eskiz-cizimi-el-kitabi","status":"publish","type":"product","link":"https:\/\/sakipsabancimuzesi.org\/shop\/urun\/yayin-ve-multimedya\/cocuk-kitaplari\/eskiz-cizimi-el-kitabi\/","title":{"rendered":"Eskiz \u00c7izimi El Kitab\u0131"},"content":{"rendered":"<p>G\u00fcnl\u00fck Hayatta Eskiz Yapmak \u0130\u00e7in 100&#8217;den Fazla \u0130lgin\u00e7 ve Ak\u0131ll\u0131ca Bir Fikir<\/p>\n<p>Hem e\u011flendiren hem ilham veren bir yolculuk, Eskiz \u00c7izim Elkitab\u0131, sadece bir kalem, eskiz defteri ve hayal g\u00fcc\u00fcyle zaman\u0131n\u0131z\u0131 nas\u0131l verimli de\u011ferlendirebilece\u011finizi g\u00f6zler \u00f6n\u00fcne seriyor.<\/p>\n<p>Birbirinden ilgin\u00e7 esprili eskizler ve bolca e\u011flence dolu bu kitap, \u00e7izerlere g\u00fcnl\u00fck s\u0131k\u0131c\u0131 olaylar\u0131 nas\u0131l yarat\u0131c\u0131 anlara \u00e7evirebileceklerini g\u00f6steriyor. Basit \u00e7izim fikirleri ve az say\u0131da ara\u00e7 sayesinde hi\u00e7 d\u00fc\u015f\u00fcnmeden ne zaman isterseniz eskiz yapabilirsiniz. Dahas\u0131 kitaptaki ill\u00fcstrasyonlar ve ilham veren konular, g\u00fcnl\u00fck hayat\u0131n\u0131zda bir g\u00fcl\u00fcmsemeye sebep olurken, sizi stresten uzakla\u015ft\u0131rmaya ve yarat\u0131c\u0131 fikirler yaratmaya davet ediyor.<\/p>\n","protected":false},"excerpt":{"rendered":"<p>G\u00fcnl\u00fck Hayatta Eskiz Yapmak \u0130\u00e7in 100&#8217;den Fazla \u0130lgin\u00e7 ve Ak\u0131ll\u0131ca Bir Fikir Hem e\u011flendiren hem ilham veren bir yolculuk, Eskiz \u00c7izim Elkitab\u0131, sadece bir kalem, eskiz defteri ve hayal g\u00fcc\u00fcyle zaman\u0131n\u0131z\u0131 nas\u0131l verimli de\u011ferlendirebilece\u011finizi g\u00f6zler \u00f6n\u00fcne seriyor. Birbirinden ilgin\u00e7 esprili eskizler ve bolca e\u011flence dolu bu kitap, \u00e7izerlere g\u00fcnl\u00fck s\u0131k\u0131c\u0131 olaylar\u0131 nas\u0131l yarat\u0131c\u0131 anlara \u00e7evirebileceklerini [&#8230;]\n","protected":false},"featured_media":258754,"template":"","meta":{"_exactmetrics_skip_tracking":false,"_exactmetrics_sitenote_active":false,"_exactmetrics_sitenote_note":"","_exactmetrics_sitenote_category":0},"product_brand":[],"product_cat":[662,665,760],"product_tag":[],"woo-feed-brand":[],"class_list":{"0":"post-258751","1":"product","2":"type-product","3":"status-publish","4":"has-post-thumbnail","6":"product_cat-yayin-ve-multimedya","7":"product_cat-cocuk-kitaplari","8":"product_cat-cocuk-kitaplari-cocuk-ve-oyun","10":"first","11":"instock","12":"taxable","13":"shipping-taxable","14":"purchasable","15":"product-type-simple"},"yoast_head":"<!-- This site is optimized with the Yoast SEO plugin v27.1.1 - https:\/\/yoast.com\/product\/yoast-seo-wordpress\/ -->\n<title>Eskiz \u00c7izimi El Kitab\u0131 - SSM Shop<\/title>\n<meta name=\"robots\" content=\"index, follow, max-snippet:-1, max-image-preview:large, max-video-preview:-1\" \/>\n<link rel=\"canonical\" href=\"https:\/\/sakipsabancimuzesi.org\/shop\/urun\/yayin-ve-multimedya\/cocuk-kitaplari\/eskiz-cizimi-el-kitabi\/\" \/>\n<meta property=\"og:locale\" content=\"tr_TR\" \/>\n<meta property=\"og:type\" content=\"article\" \/>\n<meta property=\"og:title\" content=\"Eskiz \u00c7izimi El Kitab\u0131 - SSM Shop\" \/>\n<meta property=\"og:description\" content=\"G\u00fcnl\u00fck Hayatta Eskiz Yapmak \u0130\u00e7in 100&#8217;den Fazla \u0130lgin\u00e7 ve Ak\u0131ll\u0131ca Bir Fikir Hem e\u011flendiren hem ilham veren bir yolculuk, Eskiz \u00c7izim Elkitab\u0131, sadece bir kalem, eskiz defteri ve hayal g\u00fcc\u00fcyle zaman\u0131n\u0131z\u0131 nas\u0131l verimli de\u011ferlendirebilece\u011finizi g\u00f6zler \u00f6n\u00fcne seriyor. Birbirinden ilgin\u00e7 esprili eskizler ve bolca e\u011flence dolu bu kitap, \u00e7izerlere g\u00fcnl\u00fck s\u0131k\u0131c\u0131 olaylar\u0131 nas\u0131l yarat\u0131c\u0131 anlara \u00e7evirebileceklerini [...]\" \/>\n<meta property=\"og:url\" content=\"https:\/\/sakipsabancimuzesi.org\/shop\/urun\/yayin-ve-multimedya\/cocuk-kitaplari\/eskiz-cizimi-el-kitabi\/\" \/>\n<meta property=\"og:site_name\" content=\"SSM Shop\" \/>\n<meta property=\"article:publisher\" content=\"https:\/\/www.facebook.com\/SakipSabanciMuzesi\/\" \/>\n<meta property=\"article:modified_time\" content=\"2025-11-13T13:12:40+00:00\" \/>\n<meta property=\"og:image\" content=\"https:\/\/sakipsabancimuzesi.org\/shop\/wp-content\/uploads\/2023\/07\/Eskiz-Cizimi-El-Kitabi-1.jpg\" \/>\n\t<meta property=\"og:image:width\" content=\"1280\" \/>\n\t<meta property=\"og:image:height\" content=\"1600\" \/>\n\t<meta property=\"og:image:type\" content=\"image\/jpeg\" \/>\n<meta name=\"twitter:card\" content=\"summary_large_image\" \/>\n<meta name=\"twitter:label1\" content=\"Tahmini okuma s\u00fcresi\" \/>\n\t<meta name=\"twitter:data1\" content=\"1 dakika\" \/>\n<script type=\"application\/ld+json\" class=\"yoast-schema-graph\">{\"@context\":\"https:\/\/schema.org\",\"@graph\":[{\"@type\":\"WebPage\",\"@id\":\"https:\/\/sakipsabancimuzesi.org\/shop\/urun\/yayin-ve-multimedya\/cocuk-kitaplari\/eskiz-cizimi-el-kitabi\/\",\"url\":\"https:\/\/sakipsabancimuzesi.org\/shop\/urun\/yayin-ve-multimedya\/cocuk-kitaplari\/eskiz-cizimi-el-kitabi\/\",\"name\":\"Eskiz \u00c7izimi El Kitab\u0131 - SSM Shop\",\"isPartOf\":{\"@id\":\"https:\/\/sakipsabancimuzesi.org\/shop\/#website\"},\"primaryImageOfPage\":{\"@id\":\"https:\/\/sakipsabancimuzesi.org\/shop\/urun\/yayin-ve-multimedya\/cocuk-kitaplari\/eskiz-cizimi-el-kitabi\/#primaryimage\"},\"image\":{\"@id\":\"https:\/\/sakipsabancimuzesi.org\/shop\/urun\/yayin-ve-multimedya\/cocuk-kitaplari\/eskiz-cizimi-el-kitabi\/#primaryimage\"},\"thumbnailUrl\":\"https:\/\/sakipsabancimuzesi.org\/shop\/wp-content\/uploads\/2023\/07\/Eskiz-Cizimi-El-Kitabi-1.jpg\",\"datePublished\":\"2023-07-20T08:40:57+00:00\",\"dateModified\":\"2025-11-13T13:12:40+00:00\",\"breadcrumb\":{\"@id\":\"https:\/\/sakipsabancimuzesi.org\/shop\/urun\/yayin-ve-multimedya\/cocuk-kitaplari\/eskiz-cizimi-el-kitabi\/#breadcrumb\"},\"inLanguage\":\"tr\",\"potentialAction\":[{\"@type\":\"ReadAction\",\"target\":[\"https:\/\/sakipsabancimuzesi.org\/shop\/urun\/yayin-ve-multimedya\/cocuk-kitaplari\/eskiz-cizimi-el-kitabi\/\"]}]},{\"@type\":\"ImageObject\",\"inLanguage\":\"tr\",\"@id\":\"https:\/\/sakipsabancimuzesi.org\/shop\/urun\/yayin-ve-multimedya\/cocuk-kitaplari\/eskiz-cizimi-el-kitabi\/#primaryimage\",\"url\":\"https:\/\/sakipsabancimuzesi.org\/shop\/wp-content\/uploads\/2023\/07\/Eskiz-Cizimi-El-Kitabi-1.jpg\",\"contentUrl\":\"https:\/\/sakipsabancimuzesi.org\/shop\/wp-content\/uploads\/2023\/07\/Eskiz-Cizimi-El-Kitabi-1.jpg\",\"width\":1280,\"height\":1600},{\"@type\":\"BreadcrumbList\",\"@id\":\"https:\/\/sakipsabancimuzesi.org\/shop\/urun\/yayin-ve-multimedya\/cocuk-kitaplari\/eskiz-cizimi-el-kitabi\/#breadcrumb\",\"itemListElement\":[{\"@type\":\"ListItem\",\"position\":1,\"name\":\"Ana sayfa\",\"item\":\"https:\/\/sakipsabancimuzesi.org\/shop\/\"},{\"@type\":\"ListItem\",\"position\":2,\"name\":\"Shop\",\"item\":\"https:\/\/sakipsabancimuzesi.org\/shop\/shop\/\"},{\"@type\":\"ListItem\",\"position\":3,\"name\":\"Eskiz \u00c7izimi El Kitab\u0131\"}]},{\"@type\":\"WebSite\",\"@id\":\"https:\/\/sakipsabancimuzesi.org\/shop\/#website\",\"url\":\"https:\/\/sakipsabancimuzesi.org\/shop\/\",\"name\":\"SSM Shop\",\"description\":\"Sak\u0131p Sabanc\u0131 M\u00fczesi, Ma\u011faza\",\"publisher\":{\"@id\":\"https:\/\/sakipsabancimuzesi.org\/shop\/#organization\"},\"potentialAction\":[{\"@type\":\"SearchAction\",\"target\":{\"@type\":\"EntryPoint\",\"urlTemplate\":\"https:\/\/sakipsabancimuzesi.org\/shop\/?s={search_term_string}\"},\"query-input\":{\"@type\":\"PropertyValueSpecification\",\"valueRequired\":true,\"valueName\":\"search_term_string\"}}],\"inLanguage\":\"tr\"},{\"@type\":\"Organization\",\"@id\":\"https:\/\/sakipsabancimuzesi.org\/shop\/#organization\",\"name\":\"SSM Shop\",\"url\":\"https:\/\/sakipsabancimuzesi.org\/shop\/\",\"logo\":{\"@type\":\"ImageObject\",\"inLanguage\":\"tr\",\"@id\":\"https:\/\/sakipsabancimuzesi.org\/shop\/#\/schema\/logo\/image\/\",\"url\":\"https:\/\/sakipsabancimuzesi.org\/shop\/wp-content\/uploads\/2019\/11\/logo.png\",\"contentUrl\":\"https:\/\/sakipsabancimuzesi.org\/shop\/wp-content\/uploads\/2019\/11\/logo.png\",\"width\":227,\"height\":87,\"caption\":\"SSM Shop\"},\"image\":{\"@id\":\"https:\/\/sakipsabancimuzesi.org\/shop\/#\/schema\/logo\/image\/\"},\"sameAs\":[\"https:\/\/www.facebook.com\/SakipSabanciMuzesi\/\"]}]}<\/script>\n<!-- \/ Yoast SEO plugin. -->","yoast_head_json":{"title":"Eskiz \u00c7izimi El Kitab\u0131 - SSM Shop","robots":{"index":"index","follow":"follow","max-snippet":"max-snippet:-1","max-image-preview":"max-image-preview:large","max-video-preview":"max-video-preview:-1"},"canonical":"https:\/\/sakipsabancimuzesi.org\/shop\/urun\/yayin-ve-multimedya\/cocuk-kitaplari\/eskiz-cizimi-el-kitabi\/","og_locale":"tr_TR","og_type":"article","og_title":"Eskiz \u00c7izimi El Kitab\u0131 - SSM Shop","og_description":"G\u00fcnl\u00fck Hayatta Eskiz Yapmak \u0130\u00e7in 100&#8217;den Fazla \u0130lgin\u00e7 ve Ak\u0131ll\u0131ca Bir Fikir Hem e\u011flendiren hem ilham veren bir yolculuk, Eskiz \u00c7izim Elkitab\u0131, sadece bir kalem, eskiz defteri ve hayal g\u00fcc\u00fcyle zaman\u0131n\u0131z\u0131 nas\u0131l verimli de\u011ferlendirebilece\u011finizi g\u00f6zler \u00f6n\u00fcne seriyor. Birbirinden ilgin\u00e7 esprili eskizler ve bolca e\u011flence dolu bu kitap, \u00e7izerlere g\u00fcnl\u00fck s\u0131k\u0131c\u0131 olaylar\u0131 nas\u0131l yarat\u0131c\u0131 anlara \u00e7evirebileceklerini [...]","og_url":"https:\/\/sakipsabancimuzesi.org\/shop\/urun\/yayin-ve-multimedya\/cocuk-kitaplari\/eskiz-cizimi-el-kitabi\/","og_site_name":"SSM Shop","article_publisher":"https:\/\/www.facebook.com\/SakipSabanciMuzesi\/","article_modified_time":"2025-11-13T13:12:40+00:00","og_image":[{"width":1280,"height":1600,"url":"https:\/\/sakipsabancimuzesi.org\/shop\/wp-content\/uploads\/2023\/07\/Eskiz-Cizimi-El-Kitabi-1.jpg","type":"image\/jpeg"}],"twitter_card":"summary_large_image","twitter_misc":{"Tahmini okuma s\u00fcresi":"1 dakika"},"schema":{"@context":"https:\/\/schema.org","@graph":[{"@type":"WebPage","@id":"https:\/\/sakipsabancimuzesi.org\/shop\/urun\/yayin-ve-multimedya\/cocuk-kitaplari\/eskiz-cizimi-el-kitabi\/","url":"https:\/\/sakipsabancimuzesi.org\/shop\/urun\/yayin-ve-multimedya\/cocuk-kitaplari\/eskiz-cizimi-el-kitabi\/","name":"Eskiz \u00c7izimi El Kitab\u0131 - SSM Shop","isPartOf":{"@id":"https:\/\/sakipsabancimuzesi.org\/shop\/#website"},"primaryImageOfPage":{"@id":"https:\/\/sakipsabancimuzesi.org\/shop\/urun\/yayin-ve-multimedya\/cocuk-kitaplari\/eskiz-cizimi-el-kitabi\/#primaryimage"},"image":{"@id":"https:\/\/sakipsabancimuzesi.org\/shop\/urun\/yayin-ve-multimedya\/cocuk-kitaplari\/eskiz-cizimi-el-kitabi\/#primaryimage"},"thumbnailUrl":"https:\/\/sakipsabancimuzesi.org\/shop\/wp-content\/uploads\/2023\/07\/Eskiz-Cizimi-El-Kitabi-1.jpg","datePublished":"2023-07-20T08:40:57+00:00","dateModified":"2025-11-13T13:12:40+00:00","breadcrumb":{"@id":"https:\/\/sakipsabancimuzesi.org\/shop\/urun\/yayin-ve-multimedya\/cocuk-kitaplari\/eskiz-cizimi-el-kitabi\/#breadcrumb"},"inLanguage":"tr","potentialAction":[{"@type":"ReadAction","target":["https:\/\/sakipsabancimuzesi.org\/shop\/urun\/yayin-ve-multimedya\/cocuk-kitaplari\/eskiz-cizimi-el-kitabi\/"]}]},{"@type":"ImageObject","inLanguage":"tr","@id":"https:\/\/sakipsabancimuzesi.org\/shop\/urun\/yayin-ve-multimedya\/cocuk-kitaplari\/eskiz-cizimi-el-kitabi\/#primaryimage","url":"https:\/\/sakipsabancimuzesi.org\/shop\/wp-content\/uploads\/2023\/07\/Eskiz-Cizimi-El-Kitabi-1.jpg","contentUrl":"https:\/\/sakipsabancimuzesi.org\/shop\/wp-content\/uploads\/2023\/07\/Eskiz-Cizimi-El-Kitabi-1.jpg","width":1280,"height":1600},{"@type":"BreadcrumbList","@id":"https:\/\/sakipsabancimuzesi.org\/shop\/urun\/yayin-ve-multimedya\/cocuk-kitaplari\/eskiz-cizimi-el-kitabi\/#breadcrumb","itemListElement":[{"@type":"ListItem","position":1,"name":"Ana sayfa","item":"https:\/\/sakipsabancimuzesi.org\/shop\/"},{"@type":"ListItem","position":2,"name":"Shop","item":"https:\/\/sakipsabancimuzesi.org\/shop\/shop\/"},{"@type":"ListItem","position":3,"name":"Eskiz \u00c7izimi El Kitab\u0131"}]},{"@type":"WebSite","@id":"https:\/\/sakipsabancimuzesi.org\/shop\/#website","url":"https:\/\/sakipsabancimuzesi.org\/shop\/","name":"SSM Shop","description":"Sak\u0131p Sabanc\u0131 M\u00fczesi, Ma\u011faza","publisher":{"@id":"https:\/\/sakipsabancimuzesi.org\/shop\/#organization"},"potentialAction":[{"@type":"SearchAction","target":{"@type":"EntryPoint","urlTemplate":"https:\/\/sakipsabancimuzesi.org\/shop\/?s={search_term_string}"},"query-input":{"@type":"PropertyValueSpecification","valueRequired":true,"valueName":"search_term_string"}}],"inLanguage":"tr"},{"@type":"Organization","@id":"https:\/\/sakipsabancimuzesi.org\/shop\/#organization","name":"SSM Shop","url":"https:\/\/sakipsabancimuzesi.org\/shop\/","logo":{"@type":"ImageObject","inLanguage":"tr","@id":"https:\/\/sakipsabancimuzesi.org\/shop\/#\/schema\/logo\/image\/","url":"https:\/\/sakipsabancimuzesi.org\/shop\/wp-content\/uploads\/2019\/11\/logo.png","contentUrl":"https:\/\/sakipsabancimuzesi.org\/shop\/wp-content\/uploads\/2019\/11\/logo.png","width":227,"height":87,"caption":"SSM Shop"},"image":{"@id":"https:\/\/sakipsabancimuzesi.org\/shop\/#\/schema\/logo\/image\/"},"sameAs":["https:\/\/www.facebook.com\/SakipSabanciMuzesi\/"]}]}},"jetpack_sharing_enabled":true,"_links":{"self":[{"href":"https:\/\/sakipsabancimuzesi.org\/shop\/wp-json\/wp\/v2\/product\/258751","targetHints":{"allow":["GET"]}}],"collection":[{"href":"https:\/\/sakipsabancimuzesi.org\/shop\/wp-json\/wp\/v2\/product"}],"about":[{"href":"https:\/\/sakipsabancimuzesi.org\/shop\/wp-json\/wp\/v2\/types\/product"}],"wp:featuredmedia":[{"embeddable":true,"href":"https:\/\/sakipsabancimuzesi.org\/shop\/wp-json\/wp\/v2\/media\/258754"}],"wp:attachment":[{"href":"https:\/\/sakipsabancimuzesi.org\/shop\/wp-json\/wp\/v2\/media?parent=258751"}],"wp:term":[{"taxonomy":"product_brand","embeddable":true,"href":"https:\/\/sakipsabancimuzesi.org\/shop\/wp-json\/wp\/v2\/product_brand?post=258751"},{"taxonomy":"product_cat","embeddable":true,"href":"https:\/\/sakipsabancimuzesi.org\/shop\/wp-json\/wp\/v2\/product_cat?post=258751"},{"taxonomy":"product_tag","embeddable":true,"href":"https:\/\/sakipsabancimuzesi.org\/shop\/wp-json\/wp\/v2\/product_tag?post=258751"},{"taxonomy":"woo-feed-brand","embeddable":true,"href":"https:\/\/sakipsabancimuzesi.org\/shop\/wp-json\/wp\/v2\/woo-feed-brand?post=258751"}],"curies":[{"name":"wp","href":"https:\/\/api.w.org\/{rel}","templated":true}]}}