{"id":258756,"date":"2023-07-20T11:47:11","date_gmt":"2023-07-20T08:47:11","guid":{"rendered":"https:\/\/sakipsabancimuzesi.org\/shop\/?post_type=product&#038;p=258756"},"modified":"2025-09-18T16:25:54","modified_gmt":"2025-09-18T13:25:54","slug":"kaligrafi-ve-tipografi-el-kitabi","status":"publish","type":"product","link":"https:\/\/sakipsabancimuzesi.org\/shop\/urun\/yayin-ve-multimedya\/cocuk-kitaplari\/kaligrafi-ve-tipografi-el-kitabi\/","title":{"rendered":"Kaligrafi ve Tipografi El Kitab\u0131"},"content":{"rendered":"<p>Kaligrafinin temellerini anlamay\u0131 kolayla\u015ft\u0131ran Kaligrafi ve Tipografi Elkitab\u0131, do\u011fru malzeme ve ara\u00e7 se\u00e7iminden ba\u015flayarak i\u015fe yeni ba\u015flayan sanat\u00e7\u0131lar\u0131 keyifli bir \u00f6\u011frenme yolculu\u011funa \u00e7\u0131kar\u0131yor. Birbirinden farkl\u0131 teknikleri, al\u0131\u015ft\u0131rmalar\u0131 ve \u00e7ok \u00e7e\u015fitli harf tasar\u0131m stilleri i\u00e7eren bu kitap, yaz\u0131 becerilerinin geli\u015fmesinde yard\u0131mc\u0131 bir kaynak g\u00f6revi g\u00f6r\u00fcyor. Benzersiz ve ki\u015fiselle\u015ftirilmi\u015f el yaz\u0131m\u0131 alfabeler yaratmada bir dizi modern metot i\u00e7erirken geleneksel kaligrafinin temellerini de \u00f6\u011fretiyor. \u0130nteraktif \u00e7al\u0131\u015fmalarla ve al\u0131\u015ft\u0131rma sayfalar\u0131yla zenginle\u015ftirilmi\u015f bu kaynak sayesinde yaz\u0131 yazma sanat\u0131 hi\u00e7 bu kadar kolay uygulanabilir ve yarat\u0131c\u0131 olmam\u0131\u015ft\u0131!<\/p>\n","protected":false},"excerpt":{"rendered":"<p>Kaligrafinin temellerini anlamay\u0131 kolayla\u015ft\u0131ran Kaligrafi ve Tipografi Elkitab\u0131, do\u011fru malzeme ve ara\u00e7 se\u00e7iminden ba\u015flayarak i\u015fe yeni ba\u015flayan sanat\u00e7\u0131lar\u0131 keyifli bir \u00f6\u011frenme yolculu\u011funa \u00e7\u0131kar\u0131yor. Birbirinden farkl\u0131 teknikleri, al\u0131\u015ft\u0131rmalar\u0131 ve \u00e7ok \u00e7e\u015fitli harf tasar\u0131m stilleri i\u00e7eren bu kitap, yaz\u0131 becerilerinin geli\u015fmesinde yard\u0131mc\u0131 bir kaynak g\u00f6revi g\u00f6r\u00fcyor. Benzersiz ve ki\u015fiselle\u015ftirilmi\u015f el yaz\u0131m\u0131 alfabeler yaratmada bir dizi modern metot [&#8230;]\n","protected":false},"featured_media":258758,"template":"","meta":{"_exactmetrics_skip_tracking":false,"_exactmetrics_sitenote_active":false,"_exactmetrics_sitenote_note":"","_exactmetrics_sitenote_category":0},"product_brand":[],"product_cat":[662,665,760],"product_tag":[],"woo-feed-brand":[],"class_list":{"0":"post-258756","1":"product","2":"type-product","3":"status-publish","4":"has-post-thumbnail","6":"product_cat-yayin-ve-multimedya","7":"product_cat-cocuk-kitaplari","8":"product_cat-cocuk-kitaplari-cocuk-ve-oyun","10":"first","11":"instock","12":"taxable","13":"shipping-taxable","14":"purchasable","15":"product-type-simple"},"yoast_head":"<!-- This site is optimized with the Yoast SEO plugin v27.1.1 - https:\/\/yoast.com\/product\/yoast-seo-wordpress\/ -->\n<title>Kaligrafi ve Tipografi El Kitab\u0131 - SSM Shop<\/title>\n<meta name=\"robots\" content=\"index, follow, max-snippet:-1, max-image-preview:large, max-video-preview:-1\" \/>\n<link rel=\"canonical\" href=\"https:\/\/sakipsabancimuzesi.org\/shop\/urun\/yayin-ve-multimedya\/cocuk-kitaplari\/kaligrafi-ve-tipografi-el-kitabi\/\" \/>\n<meta property=\"og:locale\" content=\"tr_TR\" \/>\n<meta property=\"og:type\" content=\"article\" \/>\n<meta property=\"og:title\" content=\"Kaligrafi ve Tipografi El Kitab\u0131 - SSM Shop\" \/>\n<meta property=\"og:description\" content=\"Kaligrafinin temellerini anlamay\u0131 kolayla\u015ft\u0131ran Kaligrafi ve Tipografi Elkitab\u0131, do\u011fru malzeme ve ara\u00e7 se\u00e7iminden ba\u015flayarak i\u015fe yeni ba\u015flayan sanat\u00e7\u0131lar\u0131 keyifli bir \u00f6\u011frenme yolculu\u011funa \u00e7\u0131kar\u0131yor. Birbirinden farkl\u0131 teknikleri, al\u0131\u015ft\u0131rmalar\u0131 ve \u00e7ok \u00e7e\u015fitli harf tasar\u0131m stilleri i\u00e7eren bu kitap, yaz\u0131 becerilerinin geli\u015fmesinde yard\u0131mc\u0131 bir kaynak g\u00f6revi g\u00f6r\u00fcyor. Benzersiz ve ki\u015fiselle\u015ftirilmi\u015f el yaz\u0131m\u0131 alfabeler yaratmada bir dizi modern metot [...]\" \/>\n<meta property=\"og:url\" content=\"https:\/\/sakipsabancimuzesi.org\/shop\/urun\/yayin-ve-multimedya\/cocuk-kitaplari\/kaligrafi-ve-tipografi-el-kitabi\/\" \/>\n<meta property=\"og:site_name\" content=\"SSM Shop\" \/>\n<meta property=\"article:publisher\" content=\"https:\/\/www.facebook.com\/SakipSabanciMuzesi\/\" \/>\n<meta property=\"article:modified_time\" content=\"2025-09-18T13:25:54+00:00\" \/>\n<meta property=\"og:image\" content=\"https:\/\/sakipsabancimuzesi.org\/shop\/wp-content\/uploads\/2023\/07\/Kaligrafi-ve-Tipografi-El-Kitabi-1.jpg\" \/>\n\t<meta property=\"og:image:width\" content=\"1280\" \/>\n\t<meta property=\"og:image:height\" content=\"1600\" \/>\n\t<meta property=\"og:image:type\" content=\"image\/jpeg\" \/>\n<meta name=\"twitter:card\" content=\"summary_large_image\" \/>\n<meta name=\"twitter:label1\" content=\"Tahmini okuma s\u00fcresi\" \/>\n\t<meta name=\"twitter:data1\" content=\"1 dakika\" \/>\n<script type=\"application\/ld+json\" class=\"yoast-schema-graph\">{\"@context\":\"https:\/\/schema.org\",\"@graph\":[{\"@type\":\"WebPage\",\"@id\":\"https:\/\/sakipsabancimuzesi.org\/shop\/urun\/yayin-ve-multimedya\/cocuk-kitaplari\/kaligrafi-ve-tipografi-el-kitabi\/\",\"url\":\"https:\/\/sakipsabancimuzesi.org\/shop\/urun\/yayin-ve-multimedya\/cocuk-kitaplari\/kaligrafi-ve-tipografi-el-kitabi\/\",\"name\":\"Kaligrafi ve Tipografi El Kitab\u0131 - SSM Shop\",\"isPartOf\":{\"@id\":\"https:\/\/sakipsabancimuzesi.org\/shop\/#website\"},\"primaryImageOfPage\":{\"@id\":\"https:\/\/sakipsabancimuzesi.org\/shop\/urun\/yayin-ve-multimedya\/cocuk-kitaplari\/kaligrafi-ve-tipografi-el-kitabi\/#primaryimage\"},\"image\":{\"@id\":\"https:\/\/sakipsabancimuzesi.org\/shop\/urun\/yayin-ve-multimedya\/cocuk-kitaplari\/kaligrafi-ve-tipografi-el-kitabi\/#primaryimage\"},\"thumbnailUrl\":\"https:\/\/sakipsabancimuzesi.org\/shop\/wp-content\/uploads\/2023\/07\/Kaligrafi-ve-Tipografi-El-Kitabi-1.jpg\",\"datePublished\":\"2023-07-20T08:47:11+00:00\",\"dateModified\":\"2025-09-18T13:25:54+00:00\",\"breadcrumb\":{\"@id\":\"https:\/\/sakipsabancimuzesi.org\/shop\/urun\/yayin-ve-multimedya\/cocuk-kitaplari\/kaligrafi-ve-tipografi-el-kitabi\/#breadcrumb\"},\"inLanguage\":\"tr\",\"potentialAction\":[{\"@type\":\"ReadAction\",\"target\":[\"https:\/\/sakipsabancimuzesi.org\/shop\/urun\/yayin-ve-multimedya\/cocuk-kitaplari\/kaligrafi-ve-tipografi-el-kitabi\/\"]}]},{\"@type\":\"ImageObject\",\"inLanguage\":\"tr\",\"@id\":\"https:\/\/sakipsabancimuzesi.org\/shop\/urun\/yayin-ve-multimedya\/cocuk-kitaplari\/kaligrafi-ve-tipografi-el-kitabi\/#primaryimage\",\"url\":\"https:\/\/sakipsabancimuzesi.org\/shop\/wp-content\/uploads\/2023\/07\/Kaligrafi-ve-Tipografi-El-Kitabi-1.jpg\",\"contentUrl\":\"https:\/\/sakipsabancimuzesi.org\/shop\/wp-content\/uploads\/2023\/07\/Kaligrafi-ve-Tipografi-El-Kitabi-1.jpg\",\"width\":1280,\"height\":1600},{\"@type\":\"BreadcrumbList\",\"@id\":\"https:\/\/sakipsabancimuzesi.org\/shop\/urun\/yayin-ve-multimedya\/cocuk-kitaplari\/kaligrafi-ve-tipografi-el-kitabi\/#breadcrumb\",\"itemListElement\":[{\"@type\":\"ListItem\",\"position\":1,\"name\":\"Ana sayfa\",\"item\":\"https:\/\/sakipsabancimuzesi.org\/shop\/\"},{\"@type\":\"ListItem\",\"position\":2,\"name\":\"Shop\",\"item\":\"https:\/\/sakipsabancimuzesi.org\/shop\/shop\/\"},{\"@type\":\"ListItem\",\"position\":3,\"name\":\"Kaligrafi ve Tipografi El Kitab\u0131\"}]},{\"@type\":\"WebSite\",\"@id\":\"https:\/\/sakipsabancimuzesi.org\/shop\/#website\",\"url\":\"https:\/\/sakipsabancimuzesi.org\/shop\/\",\"name\":\"SSM Shop\",\"description\":\"Sak\u0131p Sabanc\u0131 M\u00fczesi, Ma\u011faza\",\"publisher\":{\"@id\":\"https:\/\/sakipsabancimuzesi.org\/shop\/#organization\"},\"potentialAction\":[{\"@type\":\"SearchAction\",\"target\":{\"@type\":\"EntryPoint\",\"urlTemplate\":\"https:\/\/sakipsabancimuzesi.org\/shop\/?s={search_term_string}\"},\"query-input\":{\"@type\":\"PropertyValueSpecification\",\"valueRequired\":true,\"valueName\":\"search_term_string\"}}],\"inLanguage\":\"tr\"},{\"@type\":\"Organization\",\"@id\":\"https:\/\/sakipsabancimuzesi.org\/shop\/#organization\",\"name\":\"SSM Shop\",\"url\":\"https:\/\/sakipsabancimuzesi.org\/shop\/\",\"logo\":{\"@type\":\"ImageObject\",\"inLanguage\":\"tr\",\"@id\":\"https:\/\/sakipsabancimuzesi.org\/shop\/#\/schema\/logo\/image\/\",\"url\":\"https:\/\/sakipsabancimuzesi.org\/shop\/wp-content\/uploads\/2019\/11\/logo.png\",\"contentUrl\":\"https:\/\/sakipsabancimuzesi.org\/shop\/wp-content\/uploads\/2019\/11\/logo.png\",\"width\":227,\"height\":87,\"caption\":\"SSM Shop\"},\"image\":{\"@id\":\"https:\/\/sakipsabancimuzesi.org\/shop\/#\/schema\/logo\/image\/\"},\"sameAs\":[\"https:\/\/www.facebook.com\/SakipSabanciMuzesi\/\"]}]}<\/script>\n<!-- \/ Yoast SEO plugin. -->","yoast_head_json":{"title":"Kaligrafi ve Tipografi El Kitab\u0131 - SSM Shop","robots":{"index":"index","follow":"follow","max-snippet":"max-snippet:-1","max-image-preview":"max-image-preview:large","max-video-preview":"max-video-preview:-1"},"canonical":"https:\/\/sakipsabancimuzesi.org\/shop\/urun\/yayin-ve-multimedya\/cocuk-kitaplari\/kaligrafi-ve-tipografi-el-kitabi\/","og_locale":"tr_TR","og_type":"article","og_title":"Kaligrafi ve Tipografi El Kitab\u0131 - SSM Shop","og_description":"Kaligrafinin temellerini anlamay\u0131 kolayla\u015ft\u0131ran Kaligrafi ve Tipografi Elkitab\u0131, do\u011fru malzeme ve ara\u00e7 se\u00e7iminden ba\u015flayarak i\u015fe yeni ba\u015flayan sanat\u00e7\u0131lar\u0131 keyifli bir \u00f6\u011frenme yolculu\u011funa \u00e7\u0131kar\u0131yor. Birbirinden farkl\u0131 teknikleri, al\u0131\u015ft\u0131rmalar\u0131 ve \u00e7ok \u00e7e\u015fitli harf tasar\u0131m stilleri i\u00e7eren bu kitap, yaz\u0131 becerilerinin geli\u015fmesinde yard\u0131mc\u0131 bir kaynak g\u00f6revi g\u00f6r\u00fcyor. Benzersiz ve ki\u015fiselle\u015ftirilmi\u015f el yaz\u0131m\u0131 alfabeler yaratmada bir dizi modern metot [...]","og_url":"https:\/\/sakipsabancimuzesi.org\/shop\/urun\/yayin-ve-multimedya\/cocuk-kitaplari\/kaligrafi-ve-tipografi-el-kitabi\/","og_site_name":"SSM Shop","article_publisher":"https:\/\/www.facebook.com\/SakipSabanciMuzesi\/","article_modified_time":"2025-09-18T13:25:54+00:00","og_image":[{"width":1280,"height":1600,"url":"https:\/\/sakipsabancimuzesi.org\/shop\/wp-content\/uploads\/2023\/07\/Kaligrafi-ve-Tipografi-El-Kitabi-1.jpg","type":"image\/jpeg"}],"twitter_card":"summary_large_image","twitter_misc":{"Tahmini okuma s\u00fcresi":"1 dakika"},"schema":{"@context":"https:\/\/schema.org","@graph":[{"@type":"WebPage","@id":"https:\/\/sakipsabancimuzesi.org\/shop\/urun\/yayin-ve-multimedya\/cocuk-kitaplari\/kaligrafi-ve-tipografi-el-kitabi\/","url":"https:\/\/sakipsabancimuzesi.org\/shop\/urun\/yayin-ve-multimedya\/cocuk-kitaplari\/kaligrafi-ve-tipografi-el-kitabi\/","name":"Kaligrafi ve Tipografi El Kitab\u0131 - SSM Shop","isPartOf":{"@id":"https:\/\/sakipsabancimuzesi.org\/shop\/#website"},"primaryImageOfPage":{"@id":"https:\/\/sakipsabancimuzesi.org\/shop\/urun\/yayin-ve-multimedya\/cocuk-kitaplari\/kaligrafi-ve-tipografi-el-kitabi\/#primaryimage"},"image":{"@id":"https:\/\/sakipsabancimuzesi.org\/shop\/urun\/yayin-ve-multimedya\/cocuk-kitaplari\/kaligrafi-ve-tipografi-el-kitabi\/#primaryimage"},"thumbnailUrl":"https:\/\/sakipsabancimuzesi.org\/shop\/wp-content\/uploads\/2023\/07\/Kaligrafi-ve-Tipografi-El-Kitabi-1.jpg","datePublished":"2023-07-20T08:47:11+00:00","dateModified":"2025-09-18T13:25:54+00:00","breadcrumb":{"@id":"https:\/\/sakipsabancimuzesi.org\/shop\/urun\/yayin-ve-multimedya\/cocuk-kitaplari\/kaligrafi-ve-tipografi-el-kitabi\/#breadcrumb"},"inLanguage":"tr","potentialAction":[{"@type":"ReadAction","target":["https:\/\/sakipsabancimuzesi.org\/shop\/urun\/yayin-ve-multimedya\/cocuk-kitaplari\/kaligrafi-ve-tipografi-el-kitabi\/"]}]},{"@type":"ImageObject","inLanguage":"tr","@id":"https:\/\/sakipsabancimuzesi.org\/shop\/urun\/yayin-ve-multimedya\/cocuk-kitaplari\/kaligrafi-ve-tipografi-el-kitabi\/#primaryimage","url":"https:\/\/sakipsabancimuzesi.org\/shop\/wp-content\/uploads\/2023\/07\/Kaligrafi-ve-Tipografi-El-Kitabi-1.jpg","contentUrl":"https:\/\/sakipsabancimuzesi.org\/shop\/wp-content\/uploads\/2023\/07\/Kaligrafi-ve-Tipografi-El-Kitabi-1.jpg","width":1280,"height":1600},{"@type":"BreadcrumbList","@id":"https:\/\/sakipsabancimuzesi.org\/shop\/urun\/yayin-ve-multimedya\/cocuk-kitaplari\/kaligrafi-ve-tipografi-el-kitabi\/#breadcrumb","itemListElement":[{"@type":"ListItem","position":1,"name":"Ana sayfa","item":"https:\/\/sakipsabancimuzesi.org\/shop\/"},{"@type":"ListItem","position":2,"name":"Shop","item":"https:\/\/sakipsabancimuzesi.org\/shop\/shop\/"},{"@type":"ListItem","position":3,"name":"Kaligrafi ve Tipografi El Kitab\u0131"}]},{"@type":"WebSite","@id":"https:\/\/sakipsabancimuzesi.org\/shop\/#website","url":"https:\/\/sakipsabancimuzesi.org\/shop\/","name":"SSM Shop","description":"Sak\u0131p Sabanc\u0131 M\u00fczesi, Ma\u011faza","publisher":{"@id":"https:\/\/sakipsabancimuzesi.org\/shop\/#organization"},"potentialAction":[{"@type":"SearchAction","target":{"@type":"EntryPoint","urlTemplate":"https:\/\/sakipsabancimuzesi.org\/shop\/?s={search_term_string}"},"query-input":{"@type":"PropertyValueSpecification","valueRequired":true,"valueName":"search_term_string"}}],"inLanguage":"tr"},{"@type":"Organization","@id":"https:\/\/sakipsabancimuzesi.org\/shop\/#organization","name":"SSM Shop","url":"https:\/\/sakipsabancimuzesi.org\/shop\/","logo":{"@type":"ImageObject","inLanguage":"tr","@id":"https:\/\/sakipsabancimuzesi.org\/shop\/#\/schema\/logo\/image\/","url":"https:\/\/sakipsabancimuzesi.org\/shop\/wp-content\/uploads\/2019\/11\/logo.png","contentUrl":"https:\/\/sakipsabancimuzesi.org\/shop\/wp-content\/uploads\/2019\/11\/logo.png","width":227,"height":87,"caption":"SSM Shop"},"image":{"@id":"https:\/\/sakipsabancimuzesi.org\/shop\/#\/schema\/logo\/image\/"},"sameAs":["https:\/\/www.facebook.com\/SakipSabanciMuzesi\/"]}]}},"jetpack_sharing_enabled":true,"_links":{"self":[{"href":"https:\/\/sakipsabancimuzesi.org\/shop\/wp-json\/wp\/v2\/product\/258756","targetHints":{"allow":["GET"]}}],"collection":[{"href":"https:\/\/sakipsabancimuzesi.org\/shop\/wp-json\/wp\/v2\/product"}],"about":[{"href":"https:\/\/sakipsabancimuzesi.org\/shop\/wp-json\/wp\/v2\/types\/product"}],"wp:featuredmedia":[{"embeddable":true,"href":"https:\/\/sakipsabancimuzesi.org\/shop\/wp-json\/wp\/v2\/media\/258758"}],"wp:attachment":[{"href":"https:\/\/sakipsabancimuzesi.org\/shop\/wp-json\/wp\/v2\/media?parent=258756"}],"wp:term":[{"taxonomy":"product_brand","embeddable":true,"href":"https:\/\/sakipsabancimuzesi.org\/shop\/wp-json\/wp\/v2\/product_brand?post=258756"},{"taxonomy":"product_cat","embeddable":true,"href":"https:\/\/sakipsabancimuzesi.org\/shop\/wp-json\/wp\/v2\/product_cat?post=258756"},{"taxonomy":"product_tag","embeddable":true,"href":"https:\/\/sakipsabancimuzesi.org\/shop\/wp-json\/wp\/v2\/product_tag?post=258756"},{"taxonomy":"woo-feed-brand","embeddable":true,"href":"https:\/\/sakipsabancimuzesi.org\/shop\/wp-json\/wp\/v2\/woo-feed-brand?post=258756"}],"curies":[{"name":"wp","href":"https:\/\/api.w.org\/{rel}","templated":true}]}}