{"id":258757,"date":"2023-07-20T11:50:21","date_gmt":"2023-07-20T08:50:21","guid":{"rendered":"https:\/\/sakipsabancimuzesi.org\/shop\/?post_type=product&#038;p=258757"},"modified":"2025-09-18T16:25:12","modified_gmt":"2025-09-18T13:25:12","slug":"cizgi-film-ve-illustrasyon-el-kitabi","status":"publish","type":"product","link":"https:\/\/sakipsabancimuzesi.org\/shop\/urun\/yayin-ve-multimedya\/cocuk-kitaplari\/cizgi-film-ve-illustrasyon-el-kitabi\/","title":{"rendered":"\u00c7izgi Film ve \u0130ll\u00fcstrasyon El Kitab\u0131"},"content":{"rendered":"<p>\u00c7izgi Film ve \u0130ll\u00fcstrasyon Elkitab\u0131, \u00e7izime yeni ba\u015flayan \u00e7izer ve ill\u00fcstrat\u00f6rleri geleneksel \u00e7izgi film ve animasyon d\u00fcnyas\u0131nda e\u011flenceli bir yolculu\u011fa \u00e7\u0131kar\u0131yor. Karikat\u00fcrist bir yakla\u015f\u0131m izleyerek sizleri, espri ve \u015faka yaz\u0131m\u0131n temelleriyle tan\u0131\u015ft\u0131r\u0131yor.<br \/>\nBu kitab\u0131n i\u00e7indeki pek \u00e7ok ipucu ve bilgi sayesinde y\u00fcz bi\u00e7imleri ve ifadeleriyle oynayarak orijinal karakterler yaratmay\u0131 \u00f6\u011frenecek, v\u00fccut \u015fekilleri ve hareketlerinin \u00e7iziminde uzmanla\u015fma \u015fans\u0131 elde edeceksiniz. Ayn\u0131 zamanda kendi \u00e7izim tarz\u0131n\u0131z\u0131 olu\u015ftururken ihtiyac\u0131n\u0131z olan materyal ve tekniklere kolayca ula\u015fabileceksiniz. Yarat\u0131c\u0131l\u0131\u011f\u0131 tetikleyen al\u0131\u015ft\u0131rmalar ve ad\u0131m ad\u0131m y\u00f6nergeler i\u00e7eren bu kitapla, temel \u00e7izgi film ve ill\u00fcstrasyon \u00e7izimi hi\u00e7 bu kadar ilham verici ve e\u011flenceli olmam\u0131\u015ft\u0131r!<\/p>\n","protected":false},"excerpt":{"rendered":"<p>\u00c7izgi Film ve \u0130ll\u00fcstrasyon Elkitab\u0131, \u00e7izime yeni ba\u015flayan \u00e7izer ve ill\u00fcstrat\u00f6rleri geleneksel \u00e7izgi film ve animasyon d\u00fcnyas\u0131nda e\u011flenceli bir yolculu\u011fa \u00e7\u0131kar\u0131yor. Karikat\u00fcrist bir yakla\u015f\u0131m izleyerek sizleri, espri ve \u015faka yaz\u0131m\u0131n temelleriyle tan\u0131\u015ft\u0131r\u0131yor. Bu kitab\u0131n i\u00e7indeki pek \u00e7ok ipucu ve bilgi sayesinde y\u00fcz bi\u00e7imleri ve ifadeleriyle oynayarak orijinal karakterler yaratmay\u0131 \u00f6\u011frenecek, v\u00fccut \u015fekilleri ve hareketlerinin \u00e7iziminde [&#8230;]\n","protected":false},"featured_media":258759,"template":"","meta":{"_exactmetrics_skip_tracking":false,"_exactmetrics_sitenote_active":false,"_exactmetrics_sitenote_note":"","_exactmetrics_sitenote_category":0},"product_brand":[],"product_cat":[662,665,760],"product_tag":[],"woo-feed-brand":[],"class_list":{"0":"post-258757","1":"product","2":"type-product","3":"status-publish","4":"has-post-thumbnail","6":"product_cat-yayin-ve-multimedya","7":"product_cat-cocuk-kitaplari","8":"product_cat-cocuk-kitaplari-cocuk-ve-oyun","10":"first","11":"instock","12":"taxable","13":"shipping-taxable","14":"purchasable","15":"product-type-simple"},"yoast_head":"<!-- This site is optimized with the Yoast SEO plugin v27.1.1 - https:\/\/yoast.com\/product\/yoast-seo-wordpress\/ -->\n<title>\u00c7izgi Film ve \u0130ll\u00fcstrasyon El Kitab\u0131 - SSM Shop<\/title>\n<meta name=\"robots\" content=\"index, follow, max-snippet:-1, max-image-preview:large, max-video-preview:-1\" \/>\n<link rel=\"canonical\" href=\"https:\/\/sakipsabancimuzesi.org\/shop\/urun\/yayin-ve-multimedya\/cocuk-kitaplari\/cizgi-film-ve-illustrasyon-el-kitabi\/\" \/>\n<meta property=\"og:locale\" content=\"tr_TR\" \/>\n<meta property=\"og:type\" content=\"article\" \/>\n<meta property=\"og:title\" content=\"\u00c7izgi Film ve \u0130ll\u00fcstrasyon El Kitab\u0131 - SSM Shop\" \/>\n<meta property=\"og:description\" content=\"\u00c7izgi Film ve \u0130ll\u00fcstrasyon Elkitab\u0131, \u00e7izime yeni ba\u015flayan \u00e7izer ve ill\u00fcstrat\u00f6rleri geleneksel \u00e7izgi film ve animasyon d\u00fcnyas\u0131nda e\u011flenceli bir yolculu\u011fa \u00e7\u0131kar\u0131yor. Karikat\u00fcrist bir yakla\u015f\u0131m izleyerek sizleri, espri ve \u015faka yaz\u0131m\u0131n temelleriyle tan\u0131\u015ft\u0131r\u0131yor. Bu kitab\u0131n i\u00e7indeki pek \u00e7ok ipucu ve bilgi sayesinde y\u00fcz bi\u00e7imleri ve ifadeleriyle oynayarak orijinal karakterler yaratmay\u0131 \u00f6\u011frenecek, v\u00fccut \u015fekilleri ve hareketlerinin \u00e7iziminde [...]\" \/>\n<meta property=\"og:url\" content=\"https:\/\/sakipsabancimuzesi.org\/shop\/urun\/yayin-ve-multimedya\/cocuk-kitaplari\/cizgi-film-ve-illustrasyon-el-kitabi\/\" \/>\n<meta property=\"og:site_name\" content=\"SSM Shop\" \/>\n<meta property=\"article:publisher\" content=\"https:\/\/www.facebook.com\/SakipSabanciMuzesi\/\" \/>\n<meta property=\"article:modified_time\" content=\"2025-09-18T13:25:12+00:00\" \/>\n<meta property=\"og:image\" content=\"https:\/\/sakipsabancimuzesi.org\/shop\/wp-content\/uploads\/2023\/07\/Cizgi-Film-ve-Illustrasyon-El-Kitabi-1.jpg\" \/>\n\t<meta property=\"og:image:width\" content=\"1280\" \/>\n\t<meta property=\"og:image:height\" content=\"1600\" \/>\n\t<meta property=\"og:image:type\" content=\"image\/jpeg\" \/>\n<meta name=\"twitter:card\" content=\"summary_large_image\" \/>\n<meta name=\"twitter:label1\" content=\"Tahmini okuma s\u00fcresi\" \/>\n\t<meta name=\"twitter:data1\" content=\"1 dakika\" \/>\n<script type=\"application\/ld+json\" class=\"yoast-schema-graph\">{\"@context\":\"https:\/\/schema.org\",\"@graph\":[{\"@type\":\"WebPage\",\"@id\":\"https:\/\/sakipsabancimuzesi.org\/shop\/urun\/yayin-ve-multimedya\/cocuk-kitaplari\/cizgi-film-ve-illustrasyon-el-kitabi\/\",\"url\":\"https:\/\/sakipsabancimuzesi.org\/shop\/urun\/yayin-ve-multimedya\/cocuk-kitaplari\/cizgi-film-ve-illustrasyon-el-kitabi\/\",\"name\":\"\u00c7izgi Film ve \u0130ll\u00fcstrasyon El Kitab\u0131 - SSM Shop\",\"isPartOf\":{\"@id\":\"https:\/\/sakipsabancimuzesi.org\/shop\/#website\"},\"primaryImageOfPage\":{\"@id\":\"https:\/\/sakipsabancimuzesi.org\/shop\/urun\/yayin-ve-multimedya\/cocuk-kitaplari\/cizgi-film-ve-illustrasyon-el-kitabi\/#primaryimage\"},\"image\":{\"@id\":\"https:\/\/sakipsabancimuzesi.org\/shop\/urun\/yayin-ve-multimedya\/cocuk-kitaplari\/cizgi-film-ve-illustrasyon-el-kitabi\/#primaryimage\"},\"thumbnailUrl\":\"https:\/\/sakipsabancimuzesi.org\/shop\/wp-content\/uploads\/2023\/07\/Cizgi-Film-ve-Illustrasyon-El-Kitabi-1.jpg\",\"datePublished\":\"2023-07-20T08:50:21+00:00\",\"dateModified\":\"2025-09-18T13:25:12+00:00\",\"breadcrumb\":{\"@id\":\"https:\/\/sakipsabancimuzesi.org\/shop\/urun\/yayin-ve-multimedya\/cocuk-kitaplari\/cizgi-film-ve-illustrasyon-el-kitabi\/#breadcrumb\"},\"inLanguage\":\"tr\",\"potentialAction\":[{\"@type\":\"ReadAction\",\"target\":[\"https:\/\/sakipsabancimuzesi.org\/shop\/urun\/yayin-ve-multimedya\/cocuk-kitaplari\/cizgi-film-ve-illustrasyon-el-kitabi\/\"]}]},{\"@type\":\"ImageObject\",\"inLanguage\":\"tr\",\"@id\":\"https:\/\/sakipsabancimuzesi.org\/shop\/urun\/yayin-ve-multimedya\/cocuk-kitaplari\/cizgi-film-ve-illustrasyon-el-kitabi\/#primaryimage\",\"url\":\"https:\/\/sakipsabancimuzesi.org\/shop\/wp-content\/uploads\/2023\/07\/Cizgi-Film-ve-Illustrasyon-El-Kitabi-1.jpg\",\"contentUrl\":\"https:\/\/sakipsabancimuzesi.org\/shop\/wp-content\/uploads\/2023\/07\/Cizgi-Film-ve-Illustrasyon-El-Kitabi-1.jpg\",\"width\":1280,\"height\":1600},{\"@type\":\"BreadcrumbList\",\"@id\":\"https:\/\/sakipsabancimuzesi.org\/shop\/urun\/yayin-ve-multimedya\/cocuk-kitaplari\/cizgi-film-ve-illustrasyon-el-kitabi\/#breadcrumb\",\"itemListElement\":[{\"@type\":\"ListItem\",\"position\":1,\"name\":\"Ana sayfa\",\"item\":\"https:\/\/sakipsabancimuzesi.org\/shop\/\"},{\"@type\":\"ListItem\",\"position\":2,\"name\":\"Shop\",\"item\":\"https:\/\/sakipsabancimuzesi.org\/shop\/shop\/\"},{\"@type\":\"ListItem\",\"position\":3,\"name\":\"\u00c7izgi Film ve \u0130ll\u00fcstrasyon El Kitab\u0131\"}]},{\"@type\":\"WebSite\",\"@id\":\"https:\/\/sakipsabancimuzesi.org\/shop\/#website\",\"url\":\"https:\/\/sakipsabancimuzesi.org\/shop\/\",\"name\":\"SSM Shop\",\"description\":\"Sak\u0131p Sabanc\u0131 M\u00fczesi, Ma\u011faza\",\"publisher\":{\"@id\":\"https:\/\/sakipsabancimuzesi.org\/shop\/#organization\"},\"potentialAction\":[{\"@type\":\"SearchAction\",\"target\":{\"@type\":\"EntryPoint\",\"urlTemplate\":\"https:\/\/sakipsabancimuzesi.org\/shop\/?s={search_term_string}\"},\"query-input\":{\"@type\":\"PropertyValueSpecification\",\"valueRequired\":true,\"valueName\":\"search_term_string\"}}],\"inLanguage\":\"tr\"},{\"@type\":\"Organization\",\"@id\":\"https:\/\/sakipsabancimuzesi.org\/shop\/#organization\",\"name\":\"SSM Shop\",\"url\":\"https:\/\/sakipsabancimuzesi.org\/shop\/\",\"logo\":{\"@type\":\"ImageObject\",\"inLanguage\":\"tr\",\"@id\":\"https:\/\/sakipsabancimuzesi.org\/shop\/#\/schema\/logo\/image\/\",\"url\":\"https:\/\/sakipsabancimuzesi.org\/shop\/wp-content\/uploads\/2019\/11\/logo.png\",\"contentUrl\":\"https:\/\/sakipsabancimuzesi.org\/shop\/wp-content\/uploads\/2019\/11\/logo.png\",\"width\":227,\"height\":87,\"caption\":\"SSM Shop\"},\"image\":{\"@id\":\"https:\/\/sakipsabancimuzesi.org\/shop\/#\/schema\/logo\/image\/\"},\"sameAs\":[\"https:\/\/www.facebook.com\/SakipSabanciMuzesi\/\"]}]}<\/script>\n<!-- \/ Yoast SEO plugin. -->","yoast_head_json":{"title":"\u00c7izgi Film ve \u0130ll\u00fcstrasyon El Kitab\u0131 - SSM Shop","robots":{"index":"index","follow":"follow","max-snippet":"max-snippet:-1","max-image-preview":"max-image-preview:large","max-video-preview":"max-video-preview:-1"},"canonical":"https:\/\/sakipsabancimuzesi.org\/shop\/urun\/yayin-ve-multimedya\/cocuk-kitaplari\/cizgi-film-ve-illustrasyon-el-kitabi\/","og_locale":"tr_TR","og_type":"article","og_title":"\u00c7izgi Film ve \u0130ll\u00fcstrasyon El Kitab\u0131 - SSM Shop","og_description":"\u00c7izgi Film ve \u0130ll\u00fcstrasyon Elkitab\u0131, \u00e7izime yeni ba\u015flayan \u00e7izer ve ill\u00fcstrat\u00f6rleri geleneksel \u00e7izgi film ve animasyon d\u00fcnyas\u0131nda e\u011flenceli bir yolculu\u011fa \u00e7\u0131kar\u0131yor. Karikat\u00fcrist bir yakla\u015f\u0131m izleyerek sizleri, espri ve \u015faka yaz\u0131m\u0131n temelleriyle tan\u0131\u015ft\u0131r\u0131yor. Bu kitab\u0131n i\u00e7indeki pek \u00e7ok ipucu ve bilgi sayesinde y\u00fcz bi\u00e7imleri ve ifadeleriyle oynayarak orijinal karakterler yaratmay\u0131 \u00f6\u011frenecek, v\u00fccut \u015fekilleri ve hareketlerinin \u00e7iziminde [...]","og_url":"https:\/\/sakipsabancimuzesi.org\/shop\/urun\/yayin-ve-multimedya\/cocuk-kitaplari\/cizgi-film-ve-illustrasyon-el-kitabi\/","og_site_name":"SSM Shop","article_publisher":"https:\/\/www.facebook.com\/SakipSabanciMuzesi\/","article_modified_time":"2025-09-18T13:25:12+00:00","og_image":[{"width":1280,"height":1600,"url":"https:\/\/sakipsabancimuzesi.org\/shop\/wp-content\/uploads\/2023\/07\/Cizgi-Film-ve-Illustrasyon-El-Kitabi-1.jpg","type":"image\/jpeg"}],"twitter_card":"summary_large_image","twitter_misc":{"Tahmini okuma s\u00fcresi":"1 dakika"},"schema":{"@context":"https:\/\/schema.org","@graph":[{"@type":"WebPage","@id":"https:\/\/sakipsabancimuzesi.org\/shop\/urun\/yayin-ve-multimedya\/cocuk-kitaplari\/cizgi-film-ve-illustrasyon-el-kitabi\/","url":"https:\/\/sakipsabancimuzesi.org\/shop\/urun\/yayin-ve-multimedya\/cocuk-kitaplari\/cizgi-film-ve-illustrasyon-el-kitabi\/","name":"\u00c7izgi Film ve \u0130ll\u00fcstrasyon El Kitab\u0131 - SSM Shop","isPartOf":{"@id":"https:\/\/sakipsabancimuzesi.org\/shop\/#website"},"primaryImageOfPage":{"@id":"https:\/\/sakipsabancimuzesi.org\/shop\/urun\/yayin-ve-multimedya\/cocuk-kitaplari\/cizgi-film-ve-illustrasyon-el-kitabi\/#primaryimage"},"image":{"@id":"https:\/\/sakipsabancimuzesi.org\/shop\/urun\/yayin-ve-multimedya\/cocuk-kitaplari\/cizgi-film-ve-illustrasyon-el-kitabi\/#primaryimage"},"thumbnailUrl":"https:\/\/sakipsabancimuzesi.org\/shop\/wp-content\/uploads\/2023\/07\/Cizgi-Film-ve-Illustrasyon-El-Kitabi-1.jpg","datePublished":"2023-07-20T08:50:21+00:00","dateModified":"2025-09-18T13:25:12+00:00","breadcrumb":{"@id":"https:\/\/sakipsabancimuzesi.org\/shop\/urun\/yayin-ve-multimedya\/cocuk-kitaplari\/cizgi-film-ve-illustrasyon-el-kitabi\/#breadcrumb"},"inLanguage":"tr","potentialAction":[{"@type":"ReadAction","target":["https:\/\/sakipsabancimuzesi.org\/shop\/urun\/yayin-ve-multimedya\/cocuk-kitaplari\/cizgi-film-ve-illustrasyon-el-kitabi\/"]}]},{"@type":"ImageObject","inLanguage":"tr","@id":"https:\/\/sakipsabancimuzesi.org\/shop\/urun\/yayin-ve-multimedya\/cocuk-kitaplari\/cizgi-film-ve-illustrasyon-el-kitabi\/#primaryimage","url":"https:\/\/sakipsabancimuzesi.org\/shop\/wp-content\/uploads\/2023\/07\/Cizgi-Film-ve-Illustrasyon-El-Kitabi-1.jpg","contentUrl":"https:\/\/sakipsabancimuzesi.org\/shop\/wp-content\/uploads\/2023\/07\/Cizgi-Film-ve-Illustrasyon-El-Kitabi-1.jpg","width":1280,"height":1600},{"@type":"BreadcrumbList","@id":"https:\/\/sakipsabancimuzesi.org\/shop\/urun\/yayin-ve-multimedya\/cocuk-kitaplari\/cizgi-film-ve-illustrasyon-el-kitabi\/#breadcrumb","itemListElement":[{"@type":"ListItem","position":1,"name":"Ana sayfa","item":"https:\/\/sakipsabancimuzesi.org\/shop\/"},{"@type":"ListItem","position":2,"name":"Shop","item":"https:\/\/sakipsabancimuzesi.org\/shop\/shop\/"},{"@type":"ListItem","position":3,"name":"\u00c7izgi Film ve \u0130ll\u00fcstrasyon El Kitab\u0131"}]},{"@type":"WebSite","@id":"https:\/\/sakipsabancimuzesi.org\/shop\/#website","url":"https:\/\/sakipsabancimuzesi.org\/shop\/","name":"SSM Shop","description":"Sak\u0131p Sabanc\u0131 M\u00fczesi, Ma\u011faza","publisher":{"@id":"https:\/\/sakipsabancimuzesi.org\/shop\/#organization"},"potentialAction":[{"@type":"SearchAction","target":{"@type":"EntryPoint","urlTemplate":"https:\/\/sakipsabancimuzesi.org\/shop\/?s={search_term_string}"},"query-input":{"@type":"PropertyValueSpecification","valueRequired":true,"valueName":"search_term_string"}}],"inLanguage":"tr"},{"@type":"Organization","@id":"https:\/\/sakipsabancimuzesi.org\/shop\/#organization","name":"SSM Shop","url":"https:\/\/sakipsabancimuzesi.org\/shop\/","logo":{"@type":"ImageObject","inLanguage":"tr","@id":"https:\/\/sakipsabancimuzesi.org\/shop\/#\/schema\/logo\/image\/","url":"https:\/\/sakipsabancimuzesi.org\/shop\/wp-content\/uploads\/2019\/11\/logo.png","contentUrl":"https:\/\/sakipsabancimuzesi.org\/shop\/wp-content\/uploads\/2019\/11\/logo.png","width":227,"height":87,"caption":"SSM Shop"},"image":{"@id":"https:\/\/sakipsabancimuzesi.org\/shop\/#\/schema\/logo\/image\/"},"sameAs":["https:\/\/www.facebook.com\/SakipSabanciMuzesi\/"]}]}},"jetpack_sharing_enabled":true,"_links":{"self":[{"href":"https:\/\/sakipsabancimuzesi.org\/shop\/wp-json\/wp\/v2\/product\/258757","targetHints":{"allow":["GET"]}}],"collection":[{"href":"https:\/\/sakipsabancimuzesi.org\/shop\/wp-json\/wp\/v2\/product"}],"about":[{"href":"https:\/\/sakipsabancimuzesi.org\/shop\/wp-json\/wp\/v2\/types\/product"}],"wp:featuredmedia":[{"embeddable":true,"href":"https:\/\/sakipsabancimuzesi.org\/shop\/wp-json\/wp\/v2\/media\/258759"}],"wp:attachment":[{"href":"https:\/\/sakipsabancimuzesi.org\/shop\/wp-json\/wp\/v2\/media?parent=258757"}],"wp:term":[{"taxonomy":"product_brand","embeddable":true,"href":"https:\/\/sakipsabancimuzesi.org\/shop\/wp-json\/wp\/v2\/product_brand?post=258757"},{"taxonomy":"product_cat","embeddable":true,"href":"https:\/\/sakipsabancimuzesi.org\/shop\/wp-json\/wp\/v2\/product_cat?post=258757"},{"taxonomy":"product_tag","embeddable":true,"href":"https:\/\/sakipsabancimuzesi.org\/shop\/wp-json\/wp\/v2\/product_tag?post=258757"},{"taxonomy":"woo-feed-brand","embeddable":true,"href":"https:\/\/sakipsabancimuzesi.org\/shop\/wp-json\/wp\/v2\/woo-feed-brand?post=258757"}],"curies":[{"name":"wp","href":"https:\/\/api.w.org\/{rel}","templated":true}]}}