{"id":258761,"date":"2023-07-20T12:10:55","date_gmt":"2023-07-20T09:10:55","guid":{"rendered":"https:\/\/sakipsabancimuzesi.org\/shop\/?post_type=product&#038;p=258761"},"modified":"2025-04-11T15:17:22","modified_gmt":"2025-04-11T12:17:22","slug":"modern-resim-nasil-okunur","status":"publish","type":"product","link":"https:\/\/sakipsabancimuzesi.org\/shop\/urun\/yayin-ve-multimedya\/kitap\/modern-resim-nasil-okunur\/","title":{"rendered":"Modern Resim Nas\u0131l Okunur"},"content":{"rendered":"<p>Ne kadar pop\u00fcler olursa olsun modern resimlerin anla\u015f\u0131lmas\u0131, sanat konusunda detayl\u0131 bilgisi olmayanlar a\u00e7\u0131s\u0131ndan genellikle zordur. How to Read a Painting\u2019e (2004) e\u015flik eden bu kitapta yazar Jon Thompson, Bonnard\u2019dan, Basquiat\u2019den Warhol\u2019a ve Whistler\u2019a kadar toplam 140 sanat\u00e7\u0131n\u0131n yapt\u0131\u011f\u0131 iki y\u00fczden fazla resimle okuyucuya k\u0131lavuzluk ediyor. Sanat\u00e7\u0131lar\u0131n di\u011fer resimleri ve etkilendikleri kaynaklar ba\u011flam\u0131nda ele alarak her yap\u0131t\u0131n karakteristik \u00f6zelli\u011finin ke\u015ffedilmesini sa\u011fl\u0131yor.<br \/>\nOn dokuzuncu y\u00fczy\u0131l ger\u00e7ek\u00e7ilik ak\u0131m\u0131 ve Barbizon Okulu\u2019yla ba\u015flayan kitapta Thompson, okuyucuyu bir y\u00fczy\u0131ldan fazla s\u00fcren bir zaman yolculu\u011funa \u00e7\u0131kar\u0131p 1980\u2019lerin avangart ak\u0131mlar\u0131na ula\u015fmas\u0131na \u00f6nc\u00fcl\u00fck ediyor. Hem \u00e7a\u011fda\u015f hem de eski d\u00f6nemlerde \u00fcretilen yap\u0131tlardan \u00f6rnekler veren Thompson, okuyucunun resmin anlam\u0131na ili\u015fkin \u015fifreleri \u00e7\u00f6zmesine yard\u0131mc\u0131 olmak amac\u0131yla kitaptaki her sanat\u00e7\u0131n\u0131n ya\u015fam \u00f6yk\u00fcs\u00fcn\u00fc, sembolik dilini ve kulland\u0131\u011f\u0131 teknikleri de anlat\u0131yor.<br \/>\nJON THOMPSON, ressam, yazar; ba\u011f\u0131ms\u0131z bir k\u00fcrator ve ayn\u0131 zamanda e\u011fitimcidir: Bir s\u00fcre once Middlesex \u00dcniversitesi\u2019nden professor \u00fcnvan\u0131yla emekli olmu\u015ftur. En son sergisi Londra\u2019daki Anthony Reynolds Gallery\u2019de a\u00e7\u0131lan sanat\u00e7\u0131n\u0131n yap\u0131tlar\u0131 resmi ve \u00f6zel pek \u00e7ok koleksiyonda yer almaktad\u0131r.<\/p>\n","protected":false},"excerpt":{"rendered":"<p>Ne kadar pop\u00fcler olursa olsun modern resimlerin anla\u015f\u0131lmas\u0131, sanat konusunda detayl\u0131 bilgisi olmayanlar a\u00e7\u0131s\u0131ndan genellikle zordur. How to Read a Painting\u2019e (2004) e\u015flik eden bu kitapta yazar Jon Thompson, Bonnard\u2019dan, Basquiat\u2019den Warhol\u2019a ve Whistler\u2019a kadar toplam 140 sanat\u00e7\u0131n\u0131n yapt\u0131\u011f\u0131 iki y\u00fczden fazla resimle okuyucuya k\u0131lavuzluk ediyor. Sanat\u00e7\u0131lar\u0131n di\u011fer resimleri ve etkilendikleri kaynaklar ba\u011flam\u0131nda ele alarak [&#8230;]\n","protected":false},"featured_media":258763,"template":"","meta":{"_exactmetrics_skip_tracking":false,"_exactmetrics_sitenote_active":false,"_exactmetrics_sitenote_note":"","_exactmetrics_sitenote_category":0},"product_brand":[],"product_cat":[662,663],"product_tag":[],"woo-feed-brand":[],"class_list":{"0":"post-258761","1":"product","2":"type-product","3":"status-publish","4":"has-post-thumbnail","6":"product_cat-yayin-ve-multimedya","7":"product_cat-kitap","9":"first","10":"instock","11":"taxable","12":"shipping-taxable","13":"purchasable","14":"product-type-simple"},"yoast_head":"<!-- This site is optimized with the Yoast SEO plugin v27.1.1 - https:\/\/yoast.com\/product\/yoast-seo-wordpress\/ -->\n<title>Modern Resim Nas\u0131l Okunur - SSM Shop<\/title>\n<meta name=\"robots\" content=\"index, follow, max-snippet:-1, max-image-preview:large, max-video-preview:-1\" \/>\n<link rel=\"canonical\" href=\"https:\/\/sakipsabancimuzesi.org\/shop\/urun\/yayin-ve-multimedya\/kitap\/modern-resim-nasil-okunur\/\" \/>\n<meta property=\"og:locale\" content=\"tr_TR\" \/>\n<meta property=\"og:type\" content=\"article\" \/>\n<meta property=\"og:title\" content=\"Modern Resim Nas\u0131l Okunur - SSM Shop\" \/>\n<meta property=\"og:description\" content=\"Ne kadar pop\u00fcler olursa olsun modern resimlerin anla\u015f\u0131lmas\u0131, sanat konusunda detayl\u0131 bilgisi olmayanlar a\u00e7\u0131s\u0131ndan genellikle zordur. How to Read a Painting\u2019e (2004) e\u015flik eden bu kitapta yazar Jon Thompson, Bonnard\u2019dan, Basquiat\u2019den Warhol\u2019a ve Whistler\u2019a kadar toplam 140 sanat\u00e7\u0131n\u0131n yapt\u0131\u011f\u0131 iki y\u00fczden fazla resimle okuyucuya k\u0131lavuzluk ediyor. Sanat\u00e7\u0131lar\u0131n di\u011fer resimleri ve etkilendikleri kaynaklar ba\u011flam\u0131nda ele alarak [...]\" \/>\n<meta property=\"og:url\" content=\"https:\/\/sakipsabancimuzesi.org\/shop\/urun\/yayin-ve-multimedya\/kitap\/modern-resim-nasil-okunur\/\" \/>\n<meta property=\"og:site_name\" content=\"SSM Shop\" \/>\n<meta property=\"article:publisher\" content=\"https:\/\/www.facebook.com\/SakipSabanciMuzesi\/\" \/>\n<meta property=\"article:modified_time\" content=\"2025-04-11T12:17:22+00:00\" \/>\n<meta property=\"og:image\" content=\"https:\/\/sakipsabancimuzesi.org\/shop\/wp-content\/uploads\/2023\/07\/Modern-Resim-Nasil-Okunur.jpg\" \/>\n\t<meta property=\"og:image:width\" content=\"1280\" \/>\n\t<meta property=\"og:image:height\" content=\"1600\" \/>\n\t<meta property=\"og:image:type\" content=\"image\/jpeg\" \/>\n<meta name=\"twitter:card\" content=\"summary_large_image\" \/>\n<meta name=\"twitter:label1\" content=\"Tahmini okuma s\u00fcresi\" \/>\n\t<meta name=\"twitter:data1\" content=\"1 dakika\" \/>\n<script type=\"application\/ld+json\" class=\"yoast-schema-graph\">{\"@context\":\"https:\/\/schema.org\",\"@graph\":[{\"@type\":\"WebPage\",\"@id\":\"https:\/\/sakipsabancimuzesi.org\/shop\/urun\/yayin-ve-multimedya\/kitap\/modern-resim-nasil-okunur\/\",\"url\":\"https:\/\/sakipsabancimuzesi.org\/shop\/urun\/yayin-ve-multimedya\/kitap\/modern-resim-nasil-okunur\/\",\"name\":\"Modern Resim Nas\u0131l Okunur - SSM Shop\",\"isPartOf\":{\"@id\":\"https:\/\/sakipsabancimuzesi.org\/shop\/#website\"},\"primaryImageOfPage\":{\"@id\":\"https:\/\/sakipsabancimuzesi.org\/shop\/urun\/yayin-ve-multimedya\/kitap\/modern-resim-nasil-okunur\/#primaryimage\"},\"image\":{\"@id\":\"https:\/\/sakipsabancimuzesi.org\/shop\/urun\/yayin-ve-multimedya\/kitap\/modern-resim-nasil-okunur\/#primaryimage\"},\"thumbnailUrl\":\"https:\/\/sakipsabancimuzesi.org\/shop\/wp-content\/uploads\/2023\/07\/Modern-Resim-Nasil-Okunur.jpg\",\"datePublished\":\"2023-07-20T09:10:55+00:00\",\"dateModified\":\"2025-04-11T12:17:22+00:00\",\"breadcrumb\":{\"@id\":\"https:\/\/sakipsabancimuzesi.org\/shop\/urun\/yayin-ve-multimedya\/kitap\/modern-resim-nasil-okunur\/#breadcrumb\"},\"inLanguage\":\"tr\",\"potentialAction\":[{\"@type\":\"ReadAction\",\"target\":[\"https:\/\/sakipsabancimuzesi.org\/shop\/urun\/yayin-ve-multimedya\/kitap\/modern-resim-nasil-okunur\/\"]}]},{\"@type\":\"ImageObject\",\"inLanguage\":\"tr\",\"@id\":\"https:\/\/sakipsabancimuzesi.org\/shop\/urun\/yayin-ve-multimedya\/kitap\/modern-resim-nasil-okunur\/#primaryimage\",\"url\":\"https:\/\/sakipsabancimuzesi.org\/shop\/wp-content\/uploads\/2023\/07\/Modern-Resim-Nasil-Okunur.jpg\",\"contentUrl\":\"https:\/\/sakipsabancimuzesi.org\/shop\/wp-content\/uploads\/2023\/07\/Modern-Resim-Nasil-Okunur.jpg\",\"width\":1280,\"height\":1600},{\"@type\":\"BreadcrumbList\",\"@id\":\"https:\/\/sakipsabancimuzesi.org\/shop\/urun\/yayin-ve-multimedya\/kitap\/modern-resim-nasil-okunur\/#breadcrumb\",\"itemListElement\":[{\"@type\":\"ListItem\",\"position\":1,\"name\":\"Ana sayfa\",\"item\":\"https:\/\/sakipsabancimuzesi.org\/shop\/\"},{\"@type\":\"ListItem\",\"position\":2,\"name\":\"Shop\",\"item\":\"https:\/\/sakipsabancimuzesi.org\/shop\/shop\/\"},{\"@type\":\"ListItem\",\"position\":3,\"name\":\"Modern Resim Nas\u0131l Okunur\"}]},{\"@type\":\"WebSite\",\"@id\":\"https:\/\/sakipsabancimuzesi.org\/shop\/#website\",\"url\":\"https:\/\/sakipsabancimuzesi.org\/shop\/\",\"name\":\"SSM Shop\",\"description\":\"Sak\u0131p Sabanc\u0131 M\u00fczesi, Ma\u011faza\",\"publisher\":{\"@id\":\"https:\/\/sakipsabancimuzesi.org\/shop\/#organization\"},\"potentialAction\":[{\"@type\":\"SearchAction\",\"target\":{\"@type\":\"EntryPoint\",\"urlTemplate\":\"https:\/\/sakipsabancimuzesi.org\/shop\/?s={search_term_string}\"},\"query-input\":{\"@type\":\"PropertyValueSpecification\",\"valueRequired\":true,\"valueName\":\"search_term_string\"}}],\"inLanguage\":\"tr\"},{\"@type\":\"Organization\",\"@id\":\"https:\/\/sakipsabancimuzesi.org\/shop\/#organization\",\"name\":\"SSM Shop\",\"url\":\"https:\/\/sakipsabancimuzesi.org\/shop\/\",\"logo\":{\"@type\":\"ImageObject\",\"inLanguage\":\"tr\",\"@id\":\"https:\/\/sakipsabancimuzesi.org\/shop\/#\/schema\/logo\/image\/\",\"url\":\"https:\/\/sakipsabancimuzesi.org\/shop\/wp-content\/uploads\/2019\/11\/logo.png\",\"contentUrl\":\"https:\/\/sakipsabancimuzesi.org\/shop\/wp-content\/uploads\/2019\/11\/logo.png\",\"width\":227,\"height\":87,\"caption\":\"SSM Shop\"},\"image\":{\"@id\":\"https:\/\/sakipsabancimuzesi.org\/shop\/#\/schema\/logo\/image\/\"},\"sameAs\":[\"https:\/\/www.facebook.com\/SakipSabanciMuzesi\/\"]}]}<\/script>\n<!-- \/ Yoast SEO plugin. -->","yoast_head_json":{"title":"Modern Resim Nas\u0131l Okunur - SSM Shop","robots":{"index":"index","follow":"follow","max-snippet":"max-snippet:-1","max-image-preview":"max-image-preview:large","max-video-preview":"max-video-preview:-1"},"canonical":"https:\/\/sakipsabancimuzesi.org\/shop\/urun\/yayin-ve-multimedya\/kitap\/modern-resim-nasil-okunur\/","og_locale":"tr_TR","og_type":"article","og_title":"Modern Resim Nas\u0131l Okunur - SSM Shop","og_description":"Ne kadar pop\u00fcler olursa olsun modern resimlerin anla\u015f\u0131lmas\u0131, sanat konusunda detayl\u0131 bilgisi olmayanlar a\u00e7\u0131s\u0131ndan genellikle zordur. How to Read a Painting\u2019e (2004) e\u015flik eden bu kitapta yazar Jon Thompson, Bonnard\u2019dan, Basquiat\u2019den Warhol\u2019a ve Whistler\u2019a kadar toplam 140 sanat\u00e7\u0131n\u0131n yapt\u0131\u011f\u0131 iki y\u00fczden fazla resimle okuyucuya k\u0131lavuzluk ediyor. Sanat\u00e7\u0131lar\u0131n di\u011fer resimleri ve etkilendikleri kaynaklar ba\u011flam\u0131nda ele alarak [...]","og_url":"https:\/\/sakipsabancimuzesi.org\/shop\/urun\/yayin-ve-multimedya\/kitap\/modern-resim-nasil-okunur\/","og_site_name":"SSM Shop","article_publisher":"https:\/\/www.facebook.com\/SakipSabanciMuzesi\/","article_modified_time":"2025-04-11T12:17:22+00:00","og_image":[{"width":1280,"height":1600,"url":"https:\/\/sakipsabancimuzesi.org\/shop\/wp-content\/uploads\/2023\/07\/Modern-Resim-Nasil-Okunur.jpg","type":"image\/jpeg"}],"twitter_card":"summary_large_image","twitter_misc":{"Tahmini okuma s\u00fcresi":"1 dakika"},"schema":{"@context":"https:\/\/schema.org","@graph":[{"@type":"WebPage","@id":"https:\/\/sakipsabancimuzesi.org\/shop\/urun\/yayin-ve-multimedya\/kitap\/modern-resim-nasil-okunur\/","url":"https:\/\/sakipsabancimuzesi.org\/shop\/urun\/yayin-ve-multimedya\/kitap\/modern-resim-nasil-okunur\/","name":"Modern Resim Nas\u0131l Okunur - SSM Shop","isPartOf":{"@id":"https:\/\/sakipsabancimuzesi.org\/shop\/#website"},"primaryImageOfPage":{"@id":"https:\/\/sakipsabancimuzesi.org\/shop\/urun\/yayin-ve-multimedya\/kitap\/modern-resim-nasil-okunur\/#primaryimage"},"image":{"@id":"https:\/\/sakipsabancimuzesi.org\/shop\/urun\/yayin-ve-multimedya\/kitap\/modern-resim-nasil-okunur\/#primaryimage"},"thumbnailUrl":"https:\/\/sakipsabancimuzesi.org\/shop\/wp-content\/uploads\/2023\/07\/Modern-Resim-Nasil-Okunur.jpg","datePublished":"2023-07-20T09:10:55+00:00","dateModified":"2025-04-11T12:17:22+00:00","breadcrumb":{"@id":"https:\/\/sakipsabancimuzesi.org\/shop\/urun\/yayin-ve-multimedya\/kitap\/modern-resim-nasil-okunur\/#breadcrumb"},"inLanguage":"tr","potentialAction":[{"@type":"ReadAction","target":["https:\/\/sakipsabancimuzesi.org\/shop\/urun\/yayin-ve-multimedya\/kitap\/modern-resim-nasil-okunur\/"]}]},{"@type":"ImageObject","inLanguage":"tr","@id":"https:\/\/sakipsabancimuzesi.org\/shop\/urun\/yayin-ve-multimedya\/kitap\/modern-resim-nasil-okunur\/#primaryimage","url":"https:\/\/sakipsabancimuzesi.org\/shop\/wp-content\/uploads\/2023\/07\/Modern-Resim-Nasil-Okunur.jpg","contentUrl":"https:\/\/sakipsabancimuzesi.org\/shop\/wp-content\/uploads\/2023\/07\/Modern-Resim-Nasil-Okunur.jpg","width":1280,"height":1600},{"@type":"BreadcrumbList","@id":"https:\/\/sakipsabancimuzesi.org\/shop\/urun\/yayin-ve-multimedya\/kitap\/modern-resim-nasil-okunur\/#breadcrumb","itemListElement":[{"@type":"ListItem","position":1,"name":"Ana sayfa","item":"https:\/\/sakipsabancimuzesi.org\/shop\/"},{"@type":"ListItem","position":2,"name":"Shop","item":"https:\/\/sakipsabancimuzesi.org\/shop\/shop\/"},{"@type":"ListItem","position":3,"name":"Modern Resim Nas\u0131l Okunur"}]},{"@type":"WebSite","@id":"https:\/\/sakipsabancimuzesi.org\/shop\/#website","url":"https:\/\/sakipsabancimuzesi.org\/shop\/","name":"SSM Shop","description":"Sak\u0131p Sabanc\u0131 M\u00fczesi, Ma\u011faza","publisher":{"@id":"https:\/\/sakipsabancimuzesi.org\/shop\/#organization"},"potentialAction":[{"@type":"SearchAction","target":{"@type":"EntryPoint","urlTemplate":"https:\/\/sakipsabancimuzesi.org\/shop\/?s={search_term_string}"},"query-input":{"@type":"PropertyValueSpecification","valueRequired":true,"valueName":"search_term_string"}}],"inLanguage":"tr"},{"@type":"Organization","@id":"https:\/\/sakipsabancimuzesi.org\/shop\/#organization","name":"SSM Shop","url":"https:\/\/sakipsabancimuzesi.org\/shop\/","logo":{"@type":"ImageObject","inLanguage":"tr","@id":"https:\/\/sakipsabancimuzesi.org\/shop\/#\/schema\/logo\/image\/","url":"https:\/\/sakipsabancimuzesi.org\/shop\/wp-content\/uploads\/2019\/11\/logo.png","contentUrl":"https:\/\/sakipsabancimuzesi.org\/shop\/wp-content\/uploads\/2019\/11\/logo.png","width":227,"height":87,"caption":"SSM Shop"},"image":{"@id":"https:\/\/sakipsabancimuzesi.org\/shop\/#\/schema\/logo\/image\/"},"sameAs":["https:\/\/www.facebook.com\/SakipSabanciMuzesi\/"]}]}},"jetpack_sharing_enabled":true,"_links":{"self":[{"href":"https:\/\/sakipsabancimuzesi.org\/shop\/wp-json\/wp\/v2\/product\/258761","targetHints":{"allow":["GET"]}}],"collection":[{"href":"https:\/\/sakipsabancimuzesi.org\/shop\/wp-json\/wp\/v2\/product"}],"about":[{"href":"https:\/\/sakipsabancimuzesi.org\/shop\/wp-json\/wp\/v2\/types\/product"}],"wp:featuredmedia":[{"embeddable":true,"href":"https:\/\/sakipsabancimuzesi.org\/shop\/wp-json\/wp\/v2\/media\/258763"}],"wp:attachment":[{"href":"https:\/\/sakipsabancimuzesi.org\/shop\/wp-json\/wp\/v2\/media?parent=258761"}],"wp:term":[{"taxonomy":"product_brand","embeddable":true,"href":"https:\/\/sakipsabancimuzesi.org\/shop\/wp-json\/wp\/v2\/product_brand?post=258761"},{"taxonomy":"product_cat","embeddable":true,"href":"https:\/\/sakipsabancimuzesi.org\/shop\/wp-json\/wp\/v2\/product_cat?post=258761"},{"taxonomy":"product_tag","embeddable":true,"href":"https:\/\/sakipsabancimuzesi.org\/shop\/wp-json\/wp\/v2\/product_tag?post=258761"},{"taxonomy":"woo-feed-brand","embeddable":true,"href":"https:\/\/sakipsabancimuzesi.org\/shop\/wp-json\/wp\/v2\/woo-feed-brand?post=258761"}],"curies":[{"name":"wp","href":"https:\/\/api.w.org\/{rel}","templated":true}]}}