{"id":258762,"date":"2023-07-20T12:38:36","date_gmt":"2023-07-20T09:38:36","guid":{"rendered":"https:\/\/sakipsabancimuzesi.org\/shop\/?post_type=product&#038;p=258762"},"modified":"2024-09-22T14:30:09","modified_gmt":"2024-09-22T11:30:09","slug":"cagdas-sanat-nasil-okunur","status":"publish","type":"product","link":"https:\/\/sakipsabancimuzesi.org\/shop\/urun\/yayin-ve-multimedya\/kitap\/cagdas-sanat-nasil-okunur\/","title":{"rendered":"\u00c7a\u011fda\u015f Sanat Nas\u0131l Okunur"},"content":{"rendered":"<p>21. y\u00fczy\u0131l sanat\u0131n\u0131n s\u00fcrekli de\u011fi\u015fen, s\u0131k s\u0131k da kafa kar\u0131\u015ft\u0131ran d\u00fcnyas\u0131, \u00f6nemli bir sanat yazar\u0131n\u0131n iddial\u0131 ve \u00e7arp\u0131c\u0131 ara\u015ft\u0131rmas\u0131yla incelendi.<br \/>\nG\u00fcn\u00fcm\u00fcz sanat\u00e7\u0131lar\u0131, insan\u0131 zorlayan, karma\u015f\u0131k ve genellikle kafa kar\u0131\u015ft\u0131ran yap\u0131tlar \u00fcretiyorlar. Bu kitap, d\u00fcnyan\u0131n d\u00f6rt bir yan\u0131ndaki m\u00fczelerde, galerilerde sergilenen geni\u015f yap\u0131t yelpazesini anlamay\u0131 ve bunlardan haz almay\u0131 sa\u011flayan bir k\u0131lavuz sunuyor.<br \/>\nKitapta, son yirmi y\u0131l i\u00e7inde d\u00fcnya genelinde \u00fcretilen, aralar\u0131nda foto\u011fraf, yerle\u015ftirme, heykel, resim, video, performans ve benzerlerinin de bulundu\u011fu iki y\u00fczden fazla sanat yap\u0131t\u0131 yer al\u0131yor. Kitab\u0131n yazar\u0131 Michael Wilson; Francis Alys, Allora ve Calzadille, Luc Tuymans, Marina Abramovic gibi bug\u00fcn d\u00fcnya \u00e7a\u011f\u0131nda bilenen \u00e7al\u0131\u015fmalar yapa\u0131n \u00fcnl\u00fc sanat\u00e7\u0131lar\u0131n yap\u0131tlar\u0131n\u0131 i\u00e7eren kapsaml\u0131 bir se\u00e7kiyle konuyu irdeliyor.<br \/>\nMICHAEL WILSON, Artforum ve Art in America dergileri i\u00e7in sanat ve g\u00f6rsel k\u00fclt\u00fcr hakk\u0131nda makaleler yazmakta, edit\u00f6rl\u00fck yapmaktad\u0131r. Londra\u2019daki Royal College of Art\u2019tan mezun olan yazar, New York\u2019un Brooklyn semtinde ya\u015famaktad\u0131r.<\/p>\n","protected":false},"excerpt":{"rendered":"<p>21. y\u00fczy\u0131l sanat\u0131n\u0131n s\u00fcrekli de\u011fi\u015fen, s\u0131k s\u0131k da kafa kar\u0131\u015ft\u0131ran d\u00fcnyas\u0131, \u00f6nemli bir sanat yazar\u0131n\u0131n iddial\u0131 ve \u00e7arp\u0131c\u0131 ara\u015ft\u0131rmas\u0131yla incelendi. G\u00fcn\u00fcm\u00fcz sanat\u00e7\u0131lar\u0131, insan\u0131 zorlayan, karma\u015f\u0131k ve genellikle kafa kar\u0131\u015ft\u0131ran yap\u0131tlar \u00fcretiyorlar. Bu kitap, d\u00fcnyan\u0131n d\u00f6rt bir yan\u0131ndaki m\u00fczelerde, galerilerde sergilenen geni\u015f yap\u0131t yelpazesini anlamay\u0131 ve bunlardan haz almay\u0131 sa\u011flayan bir k\u0131lavuz sunuyor. Kitapta, son yirmi [&#8230;]\n","protected":false},"featured_media":258765,"template":"","meta":{"_exactmetrics_skip_tracking":false,"_exactmetrics_sitenote_active":false,"_exactmetrics_sitenote_note":"","_exactmetrics_sitenote_category":0},"product_brand":[],"product_cat":[662,663],"product_tag":[],"woo-feed-brand":[],"class_list":{"0":"post-258762","1":"product","2":"type-product","3":"status-publish","4":"has-post-thumbnail","6":"product_cat-yayin-ve-multimedya","7":"product_cat-kitap","9":"first","10":"instock","11":"taxable","12":"shipping-taxable","13":"purchasable","14":"product-type-simple"},"yoast_head":"<!-- This site is optimized with the Yoast SEO plugin v27.1.1 - https:\/\/yoast.com\/product\/yoast-seo-wordpress\/ -->\n<title>\u00c7a\u011fda\u015f Sanat Nas\u0131l Okunur - SSM Shop<\/title>\n<meta name=\"robots\" content=\"index, follow, max-snippet:-1, max-image-preview:large, max-video-preview:-1\" \/>\n<link rel=\"canonical\" href=\"https:\/\/sakipsabancimuzesi.org\/shop\/urun\/yayin-ve-multimedya\/kitap\/cagdas-sanat-nasil-okunur\/\" \/>\n<meta property=\"og:locale\" content=\"tr_TR\" \/>\n<meta property=\"og:type\" content=\"article\" \/>\n<meta property=\"og:title\" content=\"\u00c7a\u011fda\u015f Sanat Nas\u0131l Okunur - SSM Shop\" \/>\n<meta property=\"og:description\" content=\"21. y\u00fczy\u0131l sanat\u0131n\u0131n s\u00fcrekli de\u011fi\u015fen, s\u0131k s\u0131k da kafa kar\u0131\u015ft\u0131ran d\u00fcnyas\u0131, \u00f6nemli bir sanat yazar\u0131n\u0131n iddial\u0131 ve \u00e7arp\u0131c\u0131 ara\u015ft\u0131rmas\u0131yla incelendi. G\u00fcn\u00fcm\u00fcz sanat\u00e7\u0131lar\u0131, insan\u0131 zorlayan, karma\u015f\u0131k ve genellikle kafa kar\u0131\u015ft\u0131ran yap\u0131tlar \u00fcretiyorlar. Bu kitap, d\u00fcnyan\u0131n d\u00f6rt bir yan\u0131ndaki m\u00fczelerde, galerilerde sergilenen geni\u015f yap\u0131t yelpazesini anlamay\u0131 ve bunlardan haz almay\u0131 sa\u011flayan bir k\u0131lavuz sunuyor. Kitapta, son yirmi [...]\" \/>\n<meta property=\"og:url\" content=\"https:\/\/sakipsabancimuzesi.org\/shop\/urun\/yayin-ve-multimedya\/kitap\/cagdas-sanat-nasil-okunur\/\" \/>\n<meta property=\"og:site_name\" content=\"SSM Shop\" \/>\n<meta property=\"article:publisher\" content=\"https:\/\/www.facebook.com\/SakipSabanciMuzesi\/\" \/>\n<meta property=\"article:modified_time\" content=\"2024-09-22T11:30:09+00:00\" \/>\n<meta property=\"og:image\" content=\"https:\/\/sakipsabancimuzesi.org\/shop\/wp-content\/uploads\/2023\/07\/Cagdas-Sanat-Nasil-Okunur.jpg\" \/>\n\t<meta property=\"og:image:width\" content=\"1280\" \/>\n\t<meta property=\"og:image:height\" content=\"1600\" \/>\n\t<meta property=\"og:image:type\" content=\"image\/jpeg\" \/>\n<meta name=\"twitter:card\" content=\"summary_large_image\" \/>\n<meta name=\"twitter:label1\" content=\"Tahmini okuma s\u00fcresi\" \/>\n\t<meta name=\"twitter:data1\" content=\"1 dakika\" \/>\n<script type=\"application\/ld+json\" class=\"yoast-schema-graph\">{\"@context\":\"https:\/\/schema.org\",\"@graph\":[{\"@type\":\"WebPage\",\"@id\":\"https:\/\/sakipsabancimuzesi.org\/shop\/urun\/yayin-ve-multimedya\/kitap\/cagdas-sanat-nasil-okunur\/\",\"url\":\"https:\/\/sakipsabancimuzesi.org\/shop\/urun\/yayin-ve-multimedya\/kitap\/cagdas-sanat-nasil-okunur\/\",\"name\":\"\u00c7a\u011fda\u015f Sanat Nas\u0131l Okunur - SSM Shop\",\"isPartOf\":{\"@id\":\"https:\/\/sakipsabancimuzesi.org\/shop\/#website\"},\"primaryImageOfPage\":{\"@id\":\"https:\/\/sakipsabancimuzesi.org\/shop\/urun\/yayin-ve-multimedya\/kitap\/cagdas-sanat-nasil-okunur\/#primaryimage\"},\"image\":{\"@id\":\"https:\/\/sakipsabancimuzesi.org\/shop\/urun\/yayin-ve-multimedya\/kitap\/cagdas-sanat-nasil-okunur\/#primaryimage\"},\"thumbnailUrl\":\"https:\/\/sakipsabancimuzesi.org\/shop\/wp-content\/uploads\/2023\/07\/Cagdas-Sanat-Nasil-Okunur.jpg\",\"datePublished\":\"2023-07-20T09:38:36+00:00\",\"dateModified\":\"2024-09-22T11:30:09+00:00\",\"breadcrumb\":{\"@id\":\"https:\/\/sakipsabancimuzesi.org\/shop\/urun\/yayin-ve-multimedya\/kitap\/cagdas-sanat-nasil-okunur\/#breadcrumb\"},\"inLanguage\":\"tr\",\"potentialAction\":[{\"@type\":\"ReadAction\",\"target\":[\"https:\/\/sakipsabancimuzesi.org\/shop\/urun\/yayin-ve-multimedya\/kitap\/cagdas-sanat-nasil-okunur\/\"]}]},{\"@type\":\"ImageObject\",\"inLanguage\":\"tr\",\"@id\":\"https:\/\/sakipsabancimuzesi.org\/shop\/urun\/yayin-ve-multimedya\/kitap\/cagdas-sanat-nasil-okunur\/#primaryimage\",\"url\":\"https:\/\/sakipsabancimuzesi.org\/shop\/wp-content\/uploads\/2023\/07\/Cagdas-Sanat-Nasil-Okunur.jpg\",\"contentUrl\":\"https:\/\/sakipsabancimuzesi.org\/shop\/wp-content\/uploads\/2023\/07\/Cagdas-Sanat-Nasil-Okunur.jpg\",\"width\":1280,\"height\":1600},{\"@type\":\"BreadcrumbList\",\"@id\":\"https:\/\/sakipsabancimuzesi.org\/shop\/urun\/yayin-ve-multimedya\/kitap\/cagdas-sanat-nasil-okunur\/#breadcrumb\",\"itemListElement\":[{\"@type\":\"ListItem\",\"position\":1,\"name\":\"Ana sayfa\",\"item\":\"https:\/\/sakipsabancimuzesi.org\/shop\/\"},{\"@type\":\"ListItem\",\"position\":2,\"name\":\"Shop\",\"item\":\"https:\/\/sakipsabancimuzesi.org\/shop\/shop\/\"},{\"@type\":\"ListItem\",\"position\":3,\"name\":\"\u00c7a\u011fda\u015f Sanat Nas\u0131l Okunur\"}]},{\"@type\":\"WebSite\",\"@id\":\"https:\/\/sakipsabancimuzesi.org\/shop\/#website\",\"url\":\"https:\/\/sakipsabancimuzesi.org\/shop\/\",\"name\":\"SSM Shop\",\"description\":\"Sak\u0131p Sabanc\u0131 M\u00fczesi, Ma\u011faza\",\"publisher\":{\"@id\":\"https:\/\/sakipsabancimuzesi.org\/shop\/#organization\"},\"potentialAction\":[{\"@type\":\"SearchAction\",\"target\":{\"@type\":\"EntryPoint\",\"urlTemplate\":\"https:\/\/sakipsabancimuzesi.org\/shop\/?s={search_term_string}\"},\"query-input\":{\"@type\":\"PropertyValueSpecification\",\"valueRequired\":true,\"valueName\":\"search_term_string\"}}],\"inLanguage\":\"tr\"},{\"@type\":\"Organization\",\"@id\":\"https:\/\/sakipsabancimuzesi.org\/shop\/#organization\",\"name\":\"SSM Shop\",\"url\":\"https:\/\/sakipsabancimuzesi.org\/shop\/\",\"logo\":{\"@type\":\"ImageObject\",\"inLanguage\":\"tr\",\"@id\":\"https:\/\/sakipsabancimuzesi.org\/shop\/#\/schema\/logo\/image\/\",\"url\":\"https:\/\/sakipsabancimuzesi.org\/shop\/wp-content\/uploads\/2019\/11\/logo.png\",\"contentUrl\":\"https:\/\/sakipsabancimuzesi.org\/shop\/wp-content\/uploads\/2019\/11\/logo.png\",\"width\":227,\"height\":87,\"caption\":\"SSM Shop\"},\"image\":{\"@id\":\"https:\/\/sakipsabancimuzesi.org\/shop\/#\/schema\/logo\/image\/\"},\"sameAs\":[\"https:\/\/www.facebook.com\/SakipSabanciMuzesi\/\"]}]}<\/script>\n<!-- \/ Yoast SEO plugin. -->","yoast_head_json":{"title":"\u00c7a\u011fda\u015f Sanat Nas\u0131l Okunur - SSM Shop","robots":{"index":"index","follow":"follow","max-snippet":"max-snippet:-1","max-image-preview":"max-image-preview:large","max-video-preview":"max-video-preview:-1"},"canonical":"https:\/\/sakipsabancimuzesi.org\/shop\/urun\/yayin-ve-multimedya\/kitap\/cagdas-sanat-nasil-okunur\/","og_locale":"tr_TR","og_type":"article","og_title":"\u00c7a\u011fda\u015f Sanat Nas\u0131l Okunur - SSM Shop","og_description":"21. y\u00fczy\u0131l sanat\u0131n\u0131n s\u00fcrekli de\u011fi\u015fen, s\u0131k s\u0131k da kafa kar\u0131\u015ft\u0131ran d\u00fcnyas\u0131, \u00f6nemli bir sanat yazar\u0131n\u0131n iddial\u0131 ve \u00e7arp\u0131c\u0131 ara\u015ft\u0131rmas\u0131yla incelendi. G\u00fcn\u00fcm\u00fcz sanat\u00e7\u0131lar\u0131, insan\u0131 zorlayan, karma\u015f\u0131k ve genellikle kafa kar\u0131\u015ft\u0131ran yap\u0131tlar \u00fcretiyorlar. Bu kitap, d\u00fcnyan\u0131n d\u00f6rt bir yan\u0131ndaki m\u00fczelerde, galerilerde sergilenen geni\u015f yap\u0131t yelpazesini anlamay\u0131 ve bunlardan haz almay\u0131 sa\u011flayan bir k\u0131lavuz sunuyor. Kitapta, son yirmi [...]","og_url":"https:\/\/sakipsabancimuzesi.org\/shop\/urun\/yayin-ve-multimedya\/kitap\/cagdas-sanat-nasil-okunur\/","og_site_name":"SSM Shop","article_publisher":"https:\/\/www.facebook.com\/SakipSabanciMuzesi\/","article_modified_time":"2024-09-22T11:30:09+00:00","og_image":[{"width":1280,"height":1600,"url":"https:\/\/sakipsabancimuzesi.org\/shop\/wp-content\/uploads\/2023\/07\/Cagdas-Sanat-Nasil-Okunur.jpg","type":"image\/jpeg"}],"twitter_card":"summary_large_image","twitter_misc":{"Tahmini okuma s\u00fcresi":"1 dakika"},"schema":{"@context":"https:\/\/schema.org","@graph":[{"@type":"WebPage","@id":"https:\/\/sakipsabancimuzesi.org\/shop\/urun\/yayin-ve-multimedya\/kitap\/cagdas-sanat-nasil-okunur\/","url":"https:\/\/sakipsabancimuzesi.org\/shop\/urun\/yayin-ve-multimedya\/kitap\/cagdas-sanat-nasil-okunur\/","name":"\u00c7a\u011fda\u015f Sanat Nas\u0131l Okunur - SSM Shop","isPartOf":{"@id":"https:\/\/sakipsabancimuzesi.org\/shop\/#website"},"primaryImageOfPage":{"@id":"https:\/\/sakipsabancimuzesi.org\/shop\/urun\/yayin-ve-multimedya\/kitap\/cagdas-sanat-nasil-okunur\/#primaryimage"},"image":{"@id":"https:\/\/sakipsabancimuzesi.org\/shop\/urun\/yayin-ve-multimedya\/kitap\/cagdas-sanat-nasil-okunur\/#primaryimage"},"thumbnailUrl":"https:\/\/sakipsabancimuzesi.org\/shop\/wp-content\/uploads\/2023\/07\/Cagdas-Sanat-Nasil-Okunur.jpg","datePublished":"2023-07-20T09:38:36+00:00","dateModified":"2024-09-22T11:30:09+00:00","breadcrumb":{"@id":"https:\/\/sakipsabancimuzesi.org\/shop\/urun\/yayin-ve-multimedya\/kitap\/cagdas-sanat-nasil-okunur\/#breadcrumb"},"inLanguage":"tr","potentialAction":[{"@type":"ReadAction","target":["https:\/\/sakipsabancimuzesi.org\/shop\/urun\/yayin-ve-multimedya\/kitap\/cagdas-sanat-nasil-okunur\/"]}]},{"@type":"ImageObject","inLanguage":"tr","@id":"https:\/\/sakipsabancimuzesi.org\/shop\/urun\/yayin-ve-multimedya\/kitap\/cagdas-sanat-nasil-okunur\/#primaryimage","url":"https:\/\/sakipsabancimuzesi.org\/shop\/wp-content\/uploads\/2023\/07\/Cagdas-Sanat-Nasil-Okunur.jpg","contentUrl":"https:\/\/sakipsabancimuzesi.org\/shop\/wp-content\/uploads\/2023\/07\/Cagdas-Sanat-Nasil-Okunur.jpg","width":1280,"height":1600},{"@type":"BreadcrumbList","@id":"https:\/\/sakipsabancimuzesi.org\/shop\/urun\/yayin-ve-multimedya\/kitap\/cagdas-sanat-nasil-okunur\/#breadcrumb","itemListElement":[{"@type":"ListItem","position":1,"name":"Ana sayfa","item":"https:\/\/sakipsabancimuzesi.org\/shop\/"},{"@type":"ListItem","position":2,"name":"Shop","item":"https:\/\/sakipsabancimuzesi.org\/shop\/shop\/"},{"@type":"ListItem","position":3,"name":"\u00c7a\u011fda\u015f Sanat Nas\u0131l Okunur"}]},{"@type":"WebSite","@id":"https:\/\/sakipsabancimuzesi.org\/shop\/#website","url":"https:\/\/sakipsabancimuzesi.org\/shop\/","name":"SSM Shop","description":"Sak\u0131p Sabanc\u0131 M\u00fczesi, Ma\u011faza","publisher":{"@id":"https:\/\/sakipsabancimuzesi.org\/shop\/#organization"},"potentialAction":[{"@type":"SearchAction","target":{"@type":"EntryPoint","urlTemplate":"https:\/\/sakipsabancimuzesi.org\/shop\/?s={search_term_string}"},"query-input":{"@type":"PropertyValueSpecification","valueRequired":true,"valueName":"search_term_string"}}],"inLanguage":"tr"},{"@type":"Organization","@id":"https:\/\/sakipsabancimuzesi.org\/shop\/#organization","name":"SSM Shop","url":"https:\/\/sakipsabancimuzesi.org\/shop\/","logo":{"@type":"ImageObject","inLanguage":"tr","@id":"https:\/\/sakipsabancimuzesi.org\/shop\/#\/schema\/logo\/image\/","url":"https:\/\/sakipsabancimuzesi.org\/shop\/wp-content\/uploads\/2019\/11\/logo.png","contentUrl":"https:\/\/sakipsabancimuzesi.org\/shop\/wp-content\/uploads\/2019\/11\/logo.png","width":227,"height":87,"caption":"SSM Shop"},"image":{"@id":"https:\/\/sakipsabancimuzesi.org\/shop\/#\/schema\/logo\/image\/"},"sameAs":["https:\/\/www.facebook.com\/SakipSabanciMuzesi\/"]}]}},"jetpack_sharing_enabled":true,"_links":{"self":[{"href":"https:\/\/sakipsabancimuzesi.org\/shop\/wp-json\/wp\/v2\/product\/258762","targetHints":{"allow":["GET"]}}],"collection":[{"href":"https:\/\/sakipsabancimuzesi.org\/shop\/wp-json\/wp\/v2\/product"}],"about":[{"href":"https:\/\/sakipsabancimuzesi.org\/shop\/wp-json\/wp\/v2\/types\/product"}],"wp:featuredmedia":[{"embeddable":true,"href":"https:\/\/sakipsabancimuzesi.org\/shop\/wp-json\/wp\/v2\/media\/258765"}],"wp:attachment":[{"href":"https:\/\/sakipsabancimuzesi.org\/shop\/wp-json\/wp\/v2\/media?parent=258762"}],"wp:term":[{"taxonomy":"product_brand","embeddable":true,"href":"https:\/\/sakipsabancimuzesi.org\/shop\/wp-json\/wp\/v2\/product_brand?post=258762"},{"taxonomy":"product_cat","embeddable":true,"href":"https:\/\/sakipsabancimuzesi.org\/shop\/wp-json\/wp\/v2\/product_cat?post=258762"},{"taxonomy":"product_tag","embeddable":true,"href":"https:\/\/sakipsabancimuzesi.org\/shop\/wp-json\/wp\/v2\/product_tag?post=258762"},{"taxonomy":"woo-feed-brand","embeddable":true,"href":"https:\/\/sakipsabancimuzesi.org\/shop\/wp-json\/wp\/v2\/woo-feed-brand?post=258762"}],"curies":[{"name":"wp","href":"https:\/\/api.w.org\/{rel}","templated":true}]}}