{"id":258766,"date":"2023-07-20T12:42:54","date_gmt":"2023-07-20T09:42:54","guid":{"rendered":"https:\/\/sakipsabancimuzesi.org\/shop\/?post_type=product&#038;p=258766"},"modified":"2024-09-22T14:30:09","modified_gmt":"2024-09-22T11:30:09","slug":"izlenimcilik-nasil-okunur","status":"publish","type":"product","link":"https:\/\/sakipsabancimuzesi.org\/shop\/urun\/yayin-ve-multimedya\/kitap\/izlenimcilik-nasil-okunur\/","title":{"rendered":"\u0130zlenimcilik Nas\u0131l Okunur"},"content":{"rendered":"<p>\u0130zlenimcilik Nas\u0131l Okunur, sanat\u0131 sonsuza dek de\u011fi\u015ftiren ve Monet, Renoir, Degas, Seurat, Cassatt gibi bir\u00e7ok ressam\u0131n tan\u0131nmas\u0131na neden olan on dokuzuncu y\u00fczy\u0131l ak\u0131m\u0131na ili\u015fkin yeni, \u00f6zg\u00fcn bir inceleme.<br \/>\nJames Rubin, bu kitab\u0131 sanat\u00e7\u0131lar \u00fczerinden ya da kronolojik olarak de\u011fil; \u015fehir manzaralar\u0131 ve ya\u015fam\u0131, i\u00e7 mekan ve nat\u00fcrmortlar, aile ve arkada\u015flar gibi farkl\u0131 ortak temalara g\u00f6re olu\u015fturuyor. B\u00f6ylece okurlar\u0131 \u0130zlenimci ak\u0131mla ilgili ele\u015ftirel ve analitik d\u00fc\u015f\u00fcnmeye sevk edecek ara\u00e7lar\u0131 sa\u011flam\u0131\u015f oluyor. Sanat\u00e7\u0131lar\u0131, modern temalar\u0131 ele almaya, \u00f6zg\u00fcnl\u00fc\u011fe ve ba\u011fl\u0131l\u0131kla \u00e7al\u0131\u015fmaya iten ortak hareketi (momentum) yeni bir anlay\u0131\u015fla incelemeyi \u00f6neriyor. Belliba\u015fl\u0131 eserleri kar\u015f\u0131la\u015ft\u0131rarak iyi bir resim okumas\u0131 yapan Rubin, canl\u0131 renklerle yap\u0131lm\u0131\u015f etkileyici resimleri se\u00e7erek d\u00f6nemin geni\u015f g\u00f6rsel k\u00fclt\u00fcr\u00fc, \u0130zlenimci sanat\u00e7\u0131lar ve bu sanat\u00e7\u0131lar\u0131n kendi kariyerleri aras\u0131nda ba\u011flar kuruyor; \u0130zlenimcilik tarihini, t\u00fcm\u00fcyle yeni bir bi\u00e7imde ele al\u0131yor.<br \/>\nJAMES H.RUBIN, on be\u015f y\u0131l boyunca b\u00f6l\u00fcm ba\u015fkanl\u0131\u011f\u0131n\u0131 yapt\u0131\u011f\u0131 Stony Brook New York State \u00dcniversitesi\u2019nde sanat tarihi profes\u00f6r\u00fcd\u00fcr.<\/p>\n","protected":false},"excerpt":{"rendered":"<p>\u0130zlenimcilik Nas\u0131l Okunur, sanat\u0131 sonsuza dek de\u011fi\u015ftiren ve Monet, Renoir, Degas, Seurat, Cassatt gibi bir\u00e7ok ressam\u0131n tan\u0131nmas\u0131na neden olan on dokuzuncu y\u00fczy\u0131l ak\u0131m\u0131na ili\u015fkin yeni, \u00f6zg\u00fcn bir inceleme. James Rubin, bu kitab\u0131 sanat\u00e7\u0131lar \u00fczerinden ya da kronolojik olarak de\u011fil; \u015fehir manzaralar\u0131 ve ya\u015fam\u0131, i\u00e7 mekan ve nat\u00fcrmortlar, aile ve arkada\u015flar gibi farkl\u0131 ortak temalara g\u00f6re [&#8230;]\n","protected":false},"featured_media":258768,"template":"","meta":{"_exactmetrics_skip_tracking":false,"_exactmetrics_sitenote_active":false,"_exactmetrics_sitenote_note":"","_exactmetrics_sitenote_category":0},"product_brand":[],"product_cat":[662,663],"product_tag":[],"woo-feed-brand":[],"class_list":{"0":"post-258766","1":"product","2":"type-product","3":"status-publish","4":"has-post-thumbnail","6":"product_cat-yayin-ve-multimedya","7":"product_cat-kitap","9":"first","10":"instock","11":"taxable","12":"shipping-taxable","13":"purchasable","14":"product-type-simple"},"yoast_head":"<!-- This site is optimized with the Yoast SEO plugin v27.1.1 - https:\/\/yoast.com\/product\/yoast-seo-wordpress\/ -->\n<title>\u0130zlenimcilik Nas\u0131l Okunur - SSM Shop<\/title>\n<meta name=\"robots\" content=\"index, follow, max-snippet:-1, max-image-preview:large, max-video-preview:-1\" \/>\n<link rel=\"canonical\" href=\"https:\/\/sakipsabancimuzesi.org\/shop\/urun\/yayin-ve-multimedya\/kitap\/izlenimcilik-nasil-okunur\/\" \/>\n<meta property=\"og:locale\" content=\"tr_TR\" \/>\n<meta property=\"og:type\" content=\"article\" \/>\n<meta property=\"og:title\" content=\"\u0130zlenimcilik Nas\u0131l Okunur - SSM Shop\" \/>\n<meta property=\"og:description\" content=\"\u0130zlenimcilik Nas\u0131l Okunur, sanat\u0131 sonsuza dek de\u011fi\u015ftiren ve Monet, Renoir, Degas, Seurat, Cassatt gibi bir\u00e7ok ressam\u0131n tan\u0131nmas\u0131na neden olan on dokuzuncu y\u00fczy\u0131l ak\u0131m\u0131na ili\u015fkin yeni, \u00f6zg\u00fcn bir inceleme. James Rubin, bu kitab\u0131 sanat\u00e7\u0131lar \u00fczerinden ya da kronolojik olarak de\u011fil; \u015fehir manzaralar\u0131 ve ya\u015fam\u0131, i\u00e7 mekan ve nat\u00fcrmortlar, aile ve arkada\u015flar gibi farkl\u0131 ortak temalara g\u00f6re [...]\" \/>\n<meta property=\"og:url\" content=\"https:\/\/sakipsabancimuzesi.org\/shop\/urun\/yayin-ve-multimedya\/kitap\/izlenimcilik-nasil-okunur\/\" \/>\n<meta property=\"og:site_name\" content=\"SSM Shop\" \/>\n<meta property=\"article:publisher\" content=\"https:\/\/www.facebook.com\/SakipSabanciMuzesi\/\" \/>\n<meta property=\"article:modified_time\" content=\"2024-09-22T11:30:09+00:00\" \/>\n<meta property=\"og:image\" content=\"https:\/\/sakipsabancimuzesi.org\/shop\/wp-content\/uploads\/2023\/07\/Izlenimcilik-Nasil-Okunur-1.jpg\" \/>\n\t<meta property=\"og:image:width\" content=\"1280\" \/>\n\t<meta property=\"og:image:height\" content=\"1600\" \/>\n\t<meta property=\"og:image:type\" content=\"image\/jpeg\" \/>\n<meta name=\"twitter:card\" content=\"summary_large_image\" \/>\n<meta name=\"twitter:label1\" content=\"Tahmini okuma s\u00fcresi\" \/>\n\t<meta name=\"twitter:data1\" content=\"1 dakika\" \/>\n<script type=\"application\/ld+json\" class=\"yoast-schema-graph\">{\"@context\":\"https:\/\/schema.org\",\"@graph\":[{\"@type\":\"WebPage\",\"@id\":\"https:\/\/sakipsabancimuzesi.org\/shop\/urun\/yayin-ve-multimedya\/kitap\/izlenimcilik-nasil-okunur\/\",\"url\":\"https:\/\/sakipsabancimuzesi.org\/shop\/urun\/yayin-ve-multimedya\/kitap\/izlenimcilik-nasil-okunur\/\",\"name\":\"\u0130zlenimcilik Nas\u0131l Okunur - SSM Shop\",\"isPartOf\":{\"@id\":\"https:\/\/sakipsabancimuzesi.org\/shop\/#website\"},\"primaryImageOfPage\":{\"@id\":\"https:\/\/sakipsabancimuzesi.org\/shop\/urun\/yayin-ve-multimedya\/kitap\/izlenimcilik-nasil-okunur\/#primaryimage\"},\"image\":{\"@id\":\"https:\/\/sakipsabancimuzesi.org\/shop\/urun\/yayin-ve-multimedya\/kitap\/izlenimcilik-nasil-okunur\/#primaryimage\"},\"thumbnailUrl\":\"https:\/\/sakipsabancimuzesi.org\/shop\/wp-content\/uploads\/2023\/07\/Izlenimcilik-Nasil-Okunur-1.jpg\",\"datePublished\":\"2023-07-20T09:42:54+00:00\",\"dateModified\":\"2024-09-22T11:30:09+00:00\",\"breadcrumb\":{\"@id\":\"https:\/\/sakipsabancimuzesi.org\/shop\/urun\/yayin-ve-multimedya\/kitap\/izlenimcilik-nasil-okunur\/#breadcrumb\"},\"inLanguage\":\"tr\",\"potentialAction\":[{\"@type\":\"ReadAction\",\"target\":[\"https:\/\/sakipsabancimuzesi.org\/shop\/urun\/yayin-ve-multimedya\/kitap\/izlenimcilik-nasil-okunur\/\"]}]},{\"@type\":\"ImageObject\",\"inLanguage\":\"tr\",\"@id\":\"https:\/\/sakipsabancimuzesi.org\/shop\/urun\/yayin-ve-multimedya\/kitap\/izlenimcilik-nasil-okunur\/#primaryimage\",\"url\":\"https:\/\/sakipsabancimuzesi.org\/shop\/wp-content\/uploads\/2023\/07\/Izlenimcilik-Nasil-Okunur-1.jpg\",\"contentUrl\":\"https:\/\/sakipsabancimuzesi.org\/shop\/wp-content\/uploads\/2023\/07\/Izlenimcilik-Nasil-Okunur-1.jpg\",\"width\":1280,\"height\":1600},{\"@type\":\"BreadcrumbList\",\"@id\":\"https:\/\/sakipsabancimuzesi.org\/shop\/urun\/yayin-ve-multimedya\/kitap\/izlenimcilik-nasil-okunur\/#breadcrumb\",\"itemListElement\":[{\"@type\":\"ListItem\",\"position\":1,\"name\":\"Ana sayfa\",\"item\":\"https:\/\/sakipsabancimuzesi.org\/shop\/\"},{\"@type\":\"ListItem\",\"position\":2,\"name\":\"Shop\",\"item\":\"https:\/\/sakipsabancimuzesi.org\/shop\/shop\/\"},{\"@type\":\"ListItem\",\"position\":3,\"name\":\"\u0130zlenimcilik Nas\u0131l Okunur\"}]},{\"@type\":\"WebSite\",\"@id\":\"https:\/\/sakipsabancimuzesi.org\/shop\/#website\",\"url\":\"https:\/\/sakipsabancimuzesi.org\/shop\/\",\"name\":\"SSM Shop\",\"description\":\"Sak\u0131p Sabanc\u0131 M\u00fczesi, Ma\u011faza\",\"publisher\":{\"@id\":\"https:\/\/sakipsabancimuzesi.org\/shop\/#organization\"},\"potentialAction\":[{\"@type\":\"SearchAction\",\"target\":{\"@type\":\"EntryPoint\",\"urlTemplate\":\"https:\/\/sakipsabancimuzesi.org\/shop\/?s={search_term_string}\"},\"query-input\":{\"@type\":\"PropertyValueSpecification\",\"valueRequired\":true,\"valueName\":\"search_term_string\"}}],\"inLanguage\":\"tr\"},{\"@type\":\"Organization\",\"@id\":\"https:\/\/sakipsabancimuzesi.org\/shop\/#organization\",\"name\":\"SSM Shop\",\"url\":\"https:\/\/sakipsabancimuzesi.org\/shop\/\",\"logo\":{\"@type\":\"ImageObject\",\"inLanguage\":\"tr\",\"@id\":\"https:\/\/sakipsabancimuzesi.org\/shop\/#\/schema\/logo\/image\/\",\"url\":\"https:\/\/sakipsabancimuzesi.org\/shop\/wp-content\/uploads\/2019\/11\/logo.png\",\"contentUrl\":\"https:\/\/sakipsabancimuzesi.org\/shop\/wp-content\/uploads\/2019\/11\/logo.png\",\"width\":227,\"height\":87,\"caption\":\"SSM Shop\"},\"image\":{\"@id\":\"https:\/\/sakipsabancimuzesi.org\/shop\/#\/schema\/logo\/image\/\"},\"sameAs\":[\"https:\/\/www.facebook.com\/SakipSabanciMuzesi\/\"]}]}<\/script>\n<!-- \/ Yoast SEO plugin. -->","yoast_head_json":{"title":"\u0130zlenimcilik Nas\u0131l Okunur - SSM Shop","robots":{"index":"index","follow":"follow","max-snippet":"max-snippet:-1","max-image-preview":"max-image-preview:large","max-video-preview":"max-video-preview:-1"},"canonical":"https:\/\/sakipsabancimuzesi.org\/shop\/urun\/yayin-ve-multimedya\/kitap\/izlenimcilik-nasil-okunur\/","og_locale":"tr_TR","og_type":"article","og_title":"\u0130zlenimcilik Nas\u0131l Okunur - SSM Shop","og_description":"\u0130zlenimcilik Nas\u0131l Okunur, sanat\u0131 sonsuza dek de\u011fi\u015ftiren ve Monet, Renoir, Degas, Seurat, Cassatt gibi bir\u00e7ok ressam\u0131n tan\u0131nmas\u0131na neden olan on dokuzuncu y\u00fczy\u0131l ak\u0131m\u0131na ili\u015fkin yeni, \u00f6zg\u00fcn bir inceleme. James Rubin, bu kitab\u0131 sanat\u00e7\u0131lar \u00fczerinden ya da kronolojik olarak de\u011fil; \u015fehir manzaralar\u0131 ve ya\u015fam\u0131, i\u00e7 mekan ve nat\u00fcrmortlar, aile ve arkada\u015flar gibi farkl\u0131 ortak temalara g\u00f6re [...]","og_url":"https:\/\/sakipsabancimuzesi.org\/shop\/urun\/yayin-ve-multimedya\/kitap\/izlenimcilik-nasil-okunur\/","og_site_name":"SSM Shop","article_publisher":"https:\/\/www.facebook.com\/SakipSabanciMuzesi\/","article_modified_time":"2024-09-22T11:30:09+00:00","og_image":[{"width":1280,"height":1600,"url":"https:\/\/sakipsabancimuzesi.org\/shop\/wp-content\/uploads\/2023\/07\/Izlenimcilik-Nasil-Okunur-1.jpg","type":"image\/jpeg"}],"twitter_card":"summary_large_image","twitter_misc":{"Tahmini okuma s\u00fcresi":"1 dakika"},"schema":{"@context":"https:\/\/schema.org","@graph":[{"@type":"WebPage","@id":"https:\/\/sakipsabancimuzesi.org\/shop\/urun\/yayin-ve-multimedya\/kitap\/izlenimcilik-nasil-okunur\/","url":"https:\/\/sakipsabancimuzesi.org\/shop\/urun\/yayin-ve-multimedya\/kitap\/izlenimcilik-nasil-okunur\/","name":"\u0130zlenimcilik Nas\u0131l Okunur - SSM Shop","isPartOf":{"@id":"https:\/\/sakipsabancimuzesi.org\/shop\/#website"},"primaryImageOfPage":{"@id":"https:\/\/sakipsabancimuzesi.org\/shop\/urun\/yayin-ve-multimedya\/kitap\/izlenimcilik-nasil-okunur\/#primaryimage"},"image":{"@id":"https:\/\/sakipsabancimuzesi.org\/shop\/urun\/yayin-ve-multimedya\/kitap\/izlenimcilik-nasil-okunur\/#primaryimage"},"thumbnailUrl":"https:\/\/sakipsabancimuzesi.org\/shop\/wp-content\/uploads\/2023\/07\/Izlenimcilik-Nasil-Okunur-1.jpg","datePublished":"2023-07-20T09:42:54+00:00","dateModified":"2024-09-22T11:30:09+00:00","breadcrumb":{"@id":"https:\/\/sakipsabancimuzesi.org\/shop\/urun\/yayin-ve-multimedya\/kitap\/izlenimcilik-nasil-okunur\/#breadcrumb"},"inLanguage":"tr","potentialAction":[{"@type":"ReadAction","target":["https:\/\/sakipsabancimuzesi.org\/shop\/urun\/yayin-ve-multimedya\/kitap\/izlenimcilik-nasil-okunur\/"]}]},{"@type":"ImageObject","inLanguage":"tr","@id":"https:\/\/sakipsabancimuzesi.org\/shop\/urun\/yayin-ve-multimedya\/kitap\/izlenimcilik-nasil-okunur\/#primaryimage","url":"https:\/\/sakipsabancimuzesi.org\/shop\/wp-content\/uploads\/2023\/07\/Izlenimcilik-Nasil-Okunur-1.jpg","contentUrl":"https:\/\/sakipsabancimuzesi.org\/shop\/wp-content\/uploads\/2023\/07\/Izlenimcilik-Nasil-Okunur-1.jpg","width":1280,"height":1600},{"@type":"BreadcrumbList","@id":"https:\/\/sakipsabancimuzesi.org\/shop\/urun\/yayin-ve-multimedya\/kitap\/izlenimcilik-nasil-okunur\/#breadcrumb","itemListElement":[{"@type":"ListItem","position":1,"name":"Ana sayfa","item":"https:\/\/sakipsabancimuzesi.org\/shop\/"},{"@type":"ListItem","position":2,"name":"Shop","item":"https:\/\/sakipsabancimuzesi.org\/shop\/shop\/"},{"@type":"ListItem","position":3,"name":"\u0130zlenimcilik Nas\u0131l Okunur"}]},{"@type":"WebSite","@id":"https:\/\/sakipsabancimuzesi.org\/shop\/#website","url":"https:\/\/sakipsabancimuzesi.org\/shop\/","name":"SSM Shop","description":"Sak\u0131p Sabanc\u0131 M\u00fczesi, Ma\u011faza","publisher":{"@id":"https:\/\/sakipsabancimuzesi.org\/shop\/#organization"},"potentialAction":[{"@type":"SearchAction","target":{"@type":"EntryPoint","urlTemplate":"https:\/\/sakipsabancimuzesi.org\/shop\/?s={search_term_string}"},"query-input":{"@type":"PropertyValueSpecification","valueRequired":true,"valueName":"search_term_string"}}],"inLanguage":"tr"},{"@type":"Organization","@id":"https:\/\/sakipsabancimuzesi.org\/shop\/#organization","name":"SSM Shop","url":"https:\/\/sakipsabancimuzesi.org\/shop\/","logo":{"@type":"ImageObject","inLanguage":"tr","@id":"https:\/\/sakipsabancimuzesi.org\/shop\/#\/schema\/logo\/image\/","url":"https:\/\/sakipsabancimuzesi.org\/shop\/wp-content\/uploads\/2019\/11\/logo.png","contentUrl":"https:\/\/sakipsabancimuzesi.org\/shop\/wp-content\/uploads\/2019\/11\/logo.png","width":227,"height":87,"caption":"SSM Shop"},"image":{"@id":"https:\/\/sakipsabancimuzesi.org\/shop\/#\/schema\/logo\/image\/"},"sameAs":["https:\/\/www.facebook.com\/SakipSabanciMuzesi\/"]}]}},"jetpack_sharing_enabled":true,"_links":{"self":[{"href":"https:\/\/sakipsabancimuzesi.org\/shop\/wp-json\/wp\/v2\/product\/258766","targetHints":{"allow":["GET"]}}],"collection":[{"href":"https:\/\/sakipsabancimuzesi.org\/shop\/wp-json\/wp\/v2\/product"}],"about":[{"href":"https:\/\/sakipsabancimuzesi.org\/shop\/wp-json\/wp\/v2\/types\/product"}],"wp:featuredmedia":[{"embeddable":true,"href":"https:\/\/sakipsabancimuzesi.org\/shop\/wp-json\/wp\/v2\/media\/258768"}],"wp:attachment":[{"href":"https:\/\/sakipsabancimuzesi.org\/shop\/wp-json\/wp\/v2\/media?parent=258766"}],"wp:term":[{"taxonomy":"product_brand","embeddable":true,"href":"https:\/\/sakipsabancimuzesi.org\/shop\/wp-json\/wp\/v2\/product_brand?post=258766"},{"taxonomy":"product_cat","embeddable":true,"href":"https:\/\/sakipsabancimuzesi.org\/shop\/wp-json\/wp\/v2\/product_cat?post=258766"},{"taxonomy":"product_tag","embeddable":true,"href":"https:\/\/sakipsabancimuzesi.org\/shop\/wp-json\/wp\/v2\/product_tag?post=258766"},{"taxonomy":"woo-feed-brand","embeddable":true,"href":"https:\/\/sakipsabancimuzesi.org\/shop\/wp-json\/wp\/v2\/woo-feed-brand?post=258766"}],"curies":[{"name":"wp","href":"https:\/\/api.w.org\/{rel}","templated":true}]}}