{"id":258767,"date":"2023-07-20T12:45:38","date_gmt":"2023-07-20T09:45:38","guid":{"rendered":"https:\/\/sakipsabancimuzesi.org\/shop\/?post_type=product&#038;p=258767"},"modified":"2025-09-18T16:24:45","modified_gmt":"2025-09-18T13:24:45","slug":"benjamin-barthes-ve-fotografin-tekilligi","status":"publish","type":"product","link":"https:\/\/sakipsabancimuzesi.org\/shop\/urun\/yayin-ve-multimedya\/kitap\/benjamin-barthes-ve-fotografin-tekilligi\/","title":{"rendered":"Benjamin Barthes ve Foto\u011fraf\u0131n Tekilli\u011fi"},"content":{"rendered":"<p>Benjamin, Barthes ve Foto\u011fraf\u0131n Tekilli\u011fi, yirminci y\u00fczy\u0131l\u0131n en \u00f6nemli entelekt\u00fcel ki\u015filiklerinden ikisini yeni bir bak\u0131\u015f a\u00e7\u0131s\u0131yla kar\u015f\u0131la\u015ft\u0131r\u0131yor. Benjamin\u2019in ve Barthes\u2019\u0131n foto\u011frafla ili\u015fkilerinin \u015fimdiye kadar ke\u015ffedilmemi\u015f boyutlar\u0131n\u0131 ara\u015ft\u0131r\u0131rken bir yandan da bilindik metinlere yeni yorumlar getiriyor; ancak yak\u0131n ge\u00e7mi\u015fte ortaya \u00e7\u0131kar\u0131lm\u0131\u015f olan kaynaklar\u0131 \u00e7\u00f6z\u00fcml\u00fcyor. \u00c7al\u0131\u015fmalar\u0131n\u0131n farkl\u0131 tarihsel, felsefi ve k\u00fclt\u00fcrel ba\u011flamlar\u0131na kar\u015f\u0131n, Benjamin ile Barthes\u2019\u0131n, yaln\u0131zca foto\u011frafa \u00f6zg\u00fc benzer konular ve sorunlarla foto\u011fraf ve ona bakan ki\u015fi aras\u0131nda, benlik ve \u00f6teki aras\u0131nda ya\u015fanan bir y\u00fczle\u015fme \u015feklindeki ili\u015fkinin yan\u0131 s\u0131ra zaman, \u00f6znellik, bellek ve kay\u0131p aras\u0131ndaki dinamik ba\u011f dahil- ilgilendiklerini ileri s\u00fcr\u00fcyor. Her iki yazar da foto\u011fraf\u0131n alg\u0131nlan\u0131\u015f\u0131n\u0131n tekil olay\u0131na ve bunun foto\u011fraf imgelerinin g\u00fcc\u00fcnden, keskinli\u011finden kaynaklanan etik, varolu\u015f\u00e7u boyutlar\u0131na vurgu yap\u0131yor. Foto\u011fraf tarihi ile kuram\u0131, k\u00fclt\u00fcrel ele\u015ftirellik, otobiyografi aras\u0131ndaki karma\u015f\u0131k ili\u015fkiyi e\u015fle\u015ftiren bu kitap yaln\u0131zca tarih\u00e7ilerin ve foto\u011fraf kuramlar\u0131n\u0131n de\u011fil, edebi ve k\u00fclt\u00fcrel \u00e7al\u0131\u015fmalar y\u00fcr\u00fcten akademisyenlerin de fazlas\u0131yla ilgisini \u00e7ekecek. Benjamin ile Barthes\u2019\u0131n foto\u011fraf ve ona bakan ki\u015fi aras\u0131ndaki etkile\u015fime dair vizyonlar\u0131 aras\u0131ndaki ba\u011flant\u0131lar a\u011f\u0131n\u0131n \u00f6zenle izini s\u00fcren bu kitap, paha bi\u00e7ilemez bir ele\u015ftiri \u00f6rne\u011fi sergiliyor. Kathrin Yacavone\u2019nin \u00e7al\u0131\u015fmas\u0131n\u0131, foto\u011fraf fenomenolojisine ciddi anlamda ilgi duyan ya da bir foto\u011fraf imgesinin tekil etkisini hissetmi\u015f herkesin mutlaka okumas\u0131 gerek. Micheal Sheringham, Marchal Foch Frans\u0131z Edebiyat\u0131 Profes\u00f6r\u00fc, All Souls Koleji, Oxford \u00dcnviersitesi Benjamin\u2019in ve Barthes\u2019\u0131n foto\u011fraf \u00fczerine \u00e7al\u0131\u015fmalar\u0131n\u0131n kar\u015f\u0131la\u015ft\u0131r\u0131lmal\u0131 incelemesi olan bu kitap, bir ilk! Do\u011frudan do\u011fruya, foto\u011fraf \u00fcretimini ve okumas\u0131n\u0131 i\u00e7eren etik olgusuna hitap ediyor. Elizabeth Stewart, \u0130ngiliz Dili ve Edebiyat\u0131 B\u00f6l\u00fcm\u00fc, Yeshiva \u00dcniversitesi, New York KATHRIN YACAVONE Birle\u015fik Krall\u0131k\u2019taki Nottingham \u00dcniversitesi\u2019nde Frans\u0131zca ve Frankofoni \u00c7al\u0131\u015fmalar\u0131 B\u00f6l\u00fcm\u00fc\u2019nde ders vermektedir.<\/p>\n","protected":false},"excerpt":{"rendered":"<p>Benjamin, Barthes ve Foto\u011fraf\u0131n Tekilli\u011fi, yirminci y\u00fczy\u0131l\u0131n en \u00f6nemli entelekt\u00fcel ki\u015filiklerinden ikisini yeni bir bak\u0131\u015f a\u00e7\u0131s\u0131yla kar\u015f\u0131la\u015ft\u0131r\u0131yor. Benjamin\u2019in ve Barthes\u2019\u0131n foto\u011frafla ili\u015fkilerinin \u015fimdiye kadar ke\u015ffedilmemi\u015f boyutlar\u0131n\u0131 ara\u015ft\u0131r\u0131rken bir yandan da bilindik metinlere yeni yorumlar getiriyor; ancak yak\u0131n ge\u00e7mi\u015fte ortaya \u00e7\u0131kar\u0131lm\u0131\u015f olan kaynaklar\u0131 \u00e7\u00f6z\u00fcml\u00fcyor. \u00c7al\u0131\u015fmalar\u0131n\u0131n farkl\u0131 tarihsel, felsefi ve k\u00fclt\u00fcrel ba\u011flamlar\u0131na kar\u015f\u0131n, Benjamin ile Barthes\u2019\u0131n, yaln\u0131zca [&#8230;]\n","protected":false},"featured_media":258769,"template":"","meta":{"_exactmetrics_skip_tracking":false,"_exactmetrics_sitenote_active":false,"_exactmetrics_sitenote_note":"","_exactmetrics_sitenote_category":0},"product_brand":[],"product_cat":[662,663],"product_tag":[],"woo-feed-brand":[],"class_list":{"0":"post-258767","1":"product","2":"type-product","3":"status-publish","4":"has-post-thumbnail","6":"product_cat-yayin-ve-multimedya","7":"product_cat-kitap","9":"first","10":"instock","11":"taxable","12":"shipping-taxable","13":"purchasable","14":"product-type-simple"},"yoast_head":"<!-- This site is optimized with the Yoast SEO plugin v27.1.1 - https:\/\/yoast.com\/product\/yoast-seo-wordpress\/ -->\n<title>Benjamin Barthes ve Foto\u011fraf\u0131n Tekilli\u011fi - SSM Shop<\/title>\n<meta name=\"robots\" content=\"index, follow, max-snippet:-1, max-image-preview:large, max-video-preview:-1\" \/>\n<link rel=\"canonical\" href=\"https:\/\/sakipsabancimuzesi.org\/shop\/urun\/yayin-ve-multimedya\/kitap\/benjamin-barthes-ve-fotografin-tekilligi\/\" \/>\n<meta property=\"og:locale\" content=\"tr_TR\" \/>\n<meta property=\"og:type\" content=\"article\" \/>\n<meta property=\"og:title\" content=\"Benjamin Barthes ve Foto\u011fraf\u0131n Tekilli\u011fi - SSM Shop\" \/>\n<meta property=\"og:description\" content=\"Benjamin, Barthes ve Foto\u011fraf\u0131n Tekilli\u011fi, yirminci y\u00fczy\u0131l\u0131n en \u00f6nemli entelekt\u00fcel ki\u015filiklerinden ikisini yeni bir bak\u0131\u015f a\u00e7\u0131s\u0131yla kar\u015f\u0131la\u015ft\u0131r\u0131yor. Benjamin\u2019in ve Barthes\u2019\u0131n foto\u011frafla ili\u015fkilerinin \u015fimdiye kadar ke\u015ffedilmemi\u015f boyutlar\u0131n\u0131 ara\u015ft\u0131r\u0131rken bir yandan da bilindik metinlere yeni yorumlar getiriyor; ancak yak\u0131n ge\u00e7mi\u015fte ortaya \u00e7\u0131kar\u0131lm\u0131\u015f olan kaynaklar\u0131 \u00e7\u00f6z\u00fcml\u00fcyor. \u00c7al\u0131\u015fmalar\u0131n\u0131n farkl\u0131 tarihsel, felsefi ve k\u00fclt\u00fcrel ba\u011flamlar\u0131na kar\u015f\u0131n, Benjamin ile Barthes\u2019\u0131n, yaln\u0131zca [...]\" \/>\n<meta property=\"og:url\" content=\"https:\/\/sakipsabancimuzesi.org\/shop\/urun\/yayin-ve-multimedya\/kitap\/benjamin-barthes-ve-fotografin-tekilligi\/\" \/>\n<meta property=\"og:site_name\" content=\"SSM Shop\" \/>\n<meta property=\"article:publisher\" content=\"https:\/\/www.facebook.com\/SakipSabanciMuzesi\/\" \/>\n<meta property=\"article:modified_time\" content=\"2025-09-18T13:24:45+00:00\" \/>\n<meta property=\"og:image\" content=\"https:\/\/sakipsabancimuzesi.org\/shop\/wp-content\/uploads\/2023\/07\/Benjamin-Barthes-ve-Fotografin-Tekilligi-1.jpg\" \/>\n\t<meta property=\"og:image:width\" content=\"1280\" \/>\n\t<meta property=\"og:image:height\" content=\"1600\" \/>\n\t<meta property=\"og:image:type\" content=\"image\/jpeg\" \/>\n<meta name=\"twitter:card\" content=\"summary_large_image\" \/>\n<meta name=\"twitter:label1\" content=\"Tahmini okuma s\u00fcresi\" \/>\n\t<meta name=\"twitter:data1\" content=\"2 dakika\" \/>\n<script type=\"application\/ld+json\" class=\"yoast-schema-graph\">{\"@context\":\"https:\/\/schema.org\",\"@graph\":[{\"@type\":\"WebPage\",\"@id\":\"https:\/\/sakipsabancimuzesi.org\/shop\/urun\/yayin-ve-multimedya\/kitap\/benjamin-barthes-ve-fotografin-tekilligi\/\",\"url\":\"https:\/\/sakipsabancimuzesi.org\/shop\/urun\/yayin-ve-multimedya\/kitap\/benjamin-barthes-ve-fotografin-tekilligi\/\",\"name\":\"Benjamin Barthes ve Foto\u011fraf\u0131n Tekilli\u011fi - SSM Shop\",\"isPartOf\":{\"@id\":\"https:\/\/sakipsabancimuzesi.org\/shop\/#website\"},\"primaryImageOfPage\":{\"@id\":\"https:\/\/sakipsabancimuzesi.org\/shop\/urun\/yayin-ve-multimedya\/kitap\/benjamin-barthes-ve-fotografin-tekilligi\/#primaryimage\"},\"image\":{\"@id\":\"https:\/\/sakipsabancimuzesi.org\/shop\/urun\/yayin-ve-multimedya\/kitap\/benjamin-barthes-ve-fotografin-tekilligi\/#primaryimage\"},\"thumbnailUrl\":\"https:\/\/sakipsabancimuzesi.org\/shop\/wp-content\/uploads\/2023\/07\/Benjamin-Barthes-ve-Fotografin-Tekilligi-1.jpg\",\"datePublished\":\"2023-07-20T09:45:38+00:00\",\"dateModified\":\"2025-09-18T13:24:45+00:00\",\"breadcrumb\":{\"@id\":\"https:\/\/sakipsabancimuzesi.org\/shop\/urun\/yayin-ve-multimedya\/kitap\/benjamin-barthes-ve-fotografin-tekilligi\/#breadcrumb\"},\"inLanguage\":\"tr\",\"potentialAction\":[{\"@type\":\"ReadAction\",\"target\":[\"https:\/\/sakipsabancimuzesi.org\/shop\/urun\/yayin-ve-multimedya\/kitap\/benjamin-barthes-ve-fotografin-tekilligi\/\"]}]},{\"@type\":\"ImageObject\",\"inLanguage\":\"tr\",\"@id\":\"https:\/\/sakipsabancimuzesi.org\/shop\/urun\/yayin-ve-multimedya\/kitap\/benjamin-barthes-ve-fotografin-tekilligi\/#primaryimage\",\"url\":\"https:\/\/sakipsabancimuzesi.org\/shop\/wp-content\/uploads\/2023\/07\/Benjamin-Barthes-ve-Fotografin-Tekilligi-1.jpg\",\"contentUrl\":\"https:\/\/sakipsabancimuzesi.org\/shop\/wp-content\/uploads\/2023\/07\/Benjamin-Barthes-ve-Fotografin-Tekilligi-1.jpg\",\"width\":1280,\"height\":1600},{\"@type\":\"BreadcrumbList\",\"@id\":\"https:\/\/sakipsabancimuzesi.org\/shop\/urun\/yayin-ve-multimedya\/kitap\/benjamin-barthes-ve-fotografin-tekilligi\/#breadcrumb\",\"itemListElement\":[{\"@type\":\"ListItem\",\"position\":1,\"name\":\"Ana sayfa\",\"item\":\"https:\/\/sakipsabancimuzesi.org\/shop\/\"},{\"@type\":\"ListItem\",\"position\":2,\"name\":\"Shop\",\"item\":\"https:\/\/sakipsabancimuzesi.org\/shop\/shop\/\"},{\"@type\":\"ListItem\",\"position\":3,\"name\":\"Benjamin Barthes ve Foto\u011fraf\u0131n Tekilli\u011fi\"}]},{\"@type\":\"WebSite\",\"@id\":\"https:\/\/sakipsabancimuzesi.org\/shop\/#website\",\"url\":\"https:\/\/sakipsabancimuzesi.org\/shop\/\",\"name\":\"SSM Shop\",\"description\":\"Sak\u0131p Sabanc\u0131 M\u00fczesi, Ma\u011faza\",\"publisher\":{\"@id\":\"https:\/\/sakipsabancimuzesi.org\/shop\/#organization\"},\"potentialAction\":[{\"@type\":\"SearchAction\",\"target\":{\"@type\":\"EntryPoint\",\"urlTemplate\":\"https:\/\/sakipsabancimuzesi.org\/shop\/?s={search_term_string}\"},\"query-input\":{\"@type\":\"PropertyValueSpecification\",\"valueRequired\":true,\"valueName\":\"search_term_string\"}}],\"inLanguage\":\"tr\"},{\"@type\":\"Organization\",\"@id\":\"https:\/\/sakipsabancimuzesi.org\/shop\/#organization\",\"name\":\"SSM Shop\",\"url\":\"https:\/\/sakipsabancimuzesi.org\/shop\/\",\"logo\":{\"@type\":\"ImageObject\",\"inLanguage\":\"tr\",\"@id\":\"https:\/\/sakipsabancimuzesi.org\/shop\/#\/schema\/logo\/image\/\",\"url\":\"https:\/\/sakipsabancimuzesi.org\/shop\/wp-content\/uploads\/2019\/11\/logo.png\",\"contentUrl\":\"https:\/\/sakipsabancimuzesi.org\/shop\/wp-content\/uploads\/2019\/11\/logo.png\",\"width\":227,\"height\":87,\"caption\":\"SSM Shop\"},\"image\":{\"@id\":\"https:\/\/sakipsabancimuzesi.org\/shop\/#\/schema\/logo\/image\/\"},\"sameAs\":[\"https:\/\/www.facebook.com\/SakipSabanciMuzesi\/\"]}]}<\/script>\n<!-- \/ Yoast SEO plugin. -->","yoast_head_json":{"title":"Benjamin Barthes ve Foto\u011fraf\u0131n Tekilli\u011fi - SSM Shop","robots":{"index":"index","follow":"follow","max-snippet":"max-snippet:-1","max-image-preview":"max-image-preview:large","max-video-preview":"max-video-preview:-1"},"canonical":"https:\/\/sakipsabancimuzesi.org\/shop\/urun\/yayin-ve-multimedya\/kitap\/benjamin-barthes-ve-fotografin-tekilligi\/","og_locale":"tr_TR","og_type":"article","og_title":"Benjamin Barthes ve Foto\u011fraf\u0131n Tekilli\u011fi - SSM Shop","og_description":"Benjamin, Barthes ve Foto\u011fraf\u0131n Tekilli\u011fi, yirminci y\u00fczy\u0131l\u0131n en \u00f6nemli entelekt\u00fcel ki\u015filiklerinden ikisini yeni bir bak\u0131\u015f a\u00e7\u0131s\u0131yla kar\u015f\u0131la\u015ft\u0131r\u0131yor. Benjamin\u2019in ve Barthes\u2019\u0131n foto\u011frafla ili\u015fkilerinin \u015fimdiye kadar ke\u015ffedilmemi\u015f boyutlar\u0131n\u0131 ara\u015ft\u0131r\u0131rken bir yandan da bilindik metinlere yeni yorumlar getiriyor; ancak yak\u0131n ge\u00e7mi\u015fte ortaya \u00e7\u0131kar\u0131lm\u0131\u015f olan kaynaklar\u0131 \u00e7\u00f6z\u00fcml\u00fcyor. \u00c7al\u0131\u015fmalar\u0131n\u0131n farkl\u0131 tarihsel, felsefi ve k\u00fclt\u00fcrel ba\u011flamlar\u0131na kar\u015f\u0131n, Benjamin ile Barthes\u2019\u0131n, yaln\u0131zca [...]","og_url":"https:\/\/sakipsabancimuzesi.org\/shop\/urun\/yayin-ve-multimedya\/kitap\/benjamin-barthes-ve-fotografin-tekilligi\/","og_site_name":"SSM Shop","article_publisher":"https:\/\/www.facebook.com\/SakipSabanciMuzesi\/","article_modified_time":"2025-09-18T13:24:45+00:00","og_image":[{"width":1280,"height":1600,"url":"https:\/\/sakipsabancimuzesi.org\/shop\/wp-content\/uploads\/2023\/07\/Benjamin-Barthes-ve-Fotografin-Tekilligi-1.jpg","type":"image\/jpeg"}],"twitter_card":"summary_large_image","twitter_misc":{"Tahmini okuma s\u00fcresi":"2 dakika"},"schema":{"@context":"https:\/\/schema.org","@graph":[{"@type":"WebPage","@id":"https:\/\/sakipsabancimuzesi.org\/shop\/urun\/yayin-ve-multimedya\/kitap\/benjamin-barthes-ve-fotografin-tekilligi\/","url":"https:\/\/sakipsabancimuzesi.org\/shop\/urun\/yayin-ve-multimedya\/kitap\/benjamin-barthes-ve-fotografin-tekilligi\/","name":"Benjamin Barthes ve Foto\u011fraf\u0131n Tekilli\u011fi - SSM Shop","isPartOf":{"@id":"https:\/\/sakipsabancimuzesi.org\/shop\/#website"},"primaryImageOfPage":{"@id":"https:\/\/sakipsabancimuzesi.org\/shop\/urun\/yayin-ve-multimedya\/kitap\/benjamin-barthes-ve-fotografin-tekilligi\/#primaryimage"},"image":{"@id":"https:\/\/sakipsabancimuzesi.org\/shop\/urun\/yayin-ve-multimedya\/kitap\/benjamin-barthes-ve-fotografin-tekilligi\/#primaryimage"},"thumbnailUrl":"https:\/\/sakipsabancimuzesi.org\/shop\/wp-content\/uploads\/2023\/07\/Benjamin-Barthes-ve-Fotografin-Tekilligi-1.jpg","datePublished":"2023-07-20T09:45:38+00:00","dateModified":"2025-09-18T13:24:45+00:00","breadcrumb":{"@id":"https:\/\/sakipsabancimuzesi.org\/shop\/urun\/yayin-ve-multimedya\/kitap\/benjamin-barthes-ve-fotografin-tekilligi\/#breadcrumb"},"inLanguage":"tr","potentialAction":[{"@type":"ReadAction","target":["https:\/\/sakipsabancimuzesi.org\/shop\/urun\/yayin-ve-multimedya\/kitap\/benjamin-barthes-ve-fotografin-tekilligi\/"]}]},{"@type":"ImageObject","inLanguage":"tr","@id":"https:\/\/sakipsabancimuzesi.org\/shop\/urun\/yayin-ve-multimedya\/kitap\/benjamin-barthes-ve-fotografin-tekilligi\/#primaryimage","url":"https:\/\/sakipsabancimuzesi.org\/shop\/wp-content\/uploads\/2023\/07\/Benjamin-Barthes-ve-Fotografin-Tekilligi-1.jpg","contentUrl":"https:\/\/sakipsabancimuzesi.org\/shop\/wp-content\/uploads\/2023\/07\/Benjamin-Barthes-ve-Fotografin-Tekilligi-1.jpg","width":1280,"height":1600},{"@type":"BreadcrumbList","@id":"https:\/\/sakipsabancimuzesi.org\/shop\/urun\/yayin-ve-multimedya\/kitap\/benjamin-barthes-ve-fotografin-tekilligi\/#breadcrumb","itemListElement":[{"@type":"ListItem","position":1,"name":"Ana sayfa","item":"https:\/\/sakipsabancimuzesi.org\/shop\/"},{"@type":"ListItem","position":2,"name":"Shop","item":"https:\/\/sakipsabancimuzesi.org\/shop\/shop\/"},{"@type":"ListItem","position":3,"name":"Benjamin Barthes ve Foto\u011fraf\u0131n Tekilli\u011fi"}]},{"@type":"WebSite","@id":"https:\/\/sakipsabancimuzesi.org\/shop\/#website","url":"https:\/\/sakipsabancimuzesi.org\/shop\/","name":"SSM Shop","description":"Sak\u0131p Sabanc\u0131 M\u00fczesi, Ma\u011faza","publisher":{"@id":"https:\/\/sakipsabancimuzesi.org\/shop\/#organization"},"potentialAction":[{"@type":"SearchAction","target":{"@type":"EntryPoint","urlTemplate":"https:\/\/sakipsabancimuzesi.org\/shop\/?s={search_term_string}"},"query-input":{"@type":"PropertyValueSpecification","valueRequired":true,"valueName":"search_term_string"}}],"inLanguage":"tr"},{"@type":"Organization","@id":"https:\/\/sakipsabancimuzesi.org\/shop\/#organization","name":"SSM Shop","url":"https:\/\/sakipsabancimuzesi.org\/shop\/","logo":{"@type":"ImageObject","inLanguage":"tr","@id":"https:\/\/sakipsabancimuzesi.org\/shop\/#\/schema\/logo\/image\/","url":"https:\/\/sakipsabancimuzesi.org\/shop\/wp-content\/uploads\/2019\/11\/logo.png","contentUrl":"https:\/\/sakipsabancimuzesi.org\/shop\/wp-content\/uploads\/2019\/11\/logo.png","width":227,"height":87,"caption":"SSM Shop"},"image":{"@id":"https:\/\/sakipsabancimuzesi.org\/shop\/#\/schema\/logo\/image\/"},"sameAs":["https:\/\/www.facebook.com\/SakipSabanciMuzesi\/"]}]}},"jetpack_sharing_enabled":true,"_links":{"self":[{"href":"https:\/\/sakipsabancimuzesi.org\/shop\/wp-json\/wp\/v2\/product\/258767","targetHints":{"allow":["GET"]}}],"collection":[{"href":"https:\/\/sakipsabancimuzesi.org\/shop\/wp-json\/wp\/v2\/product"}],"about":[{"href":"https:\/\/sakipsabancimuzesi.org\/shop\/wp-json\/wp\/v2\/types\/product"}],"wp:featuredmedia":[{"embeddable":true,"href":"https:\/\/sakipsabancimuzesi.org\/shop\/wp-json\/wp\/v2\/media\/258769"}],"wp:attachment":[{"href":"https:\/\/sakipsabancimuzesi.org\/shop\/wp-json\/wp\/v2\/media?parent=258767"}],"wp:term":[{"taxonomy":"product_brand","embeddable":true,"href":"https:\/\/sakipsabancimuzesi.org\/shop\/wp-json\/wp\/v2\/product_brand?post=258767"},{"taxonomy":"product_cat","embeddable":true,"href":"https:\/\/sakipsabancimuzesi.org\/shop\/wp-json\/wp\/v2\/product_cat?post=258767"},{"taxonomy":"product_tag","embeddable":true,"href":"https:\/\/sakipsabancimuzesi.org\/shop\/wp-json\/wp\/v2\/product_tag?post=258767"},{"taxonomy":"woo-feed-brand","embeddable":true,"href":"https:\/\/sakipsabancimuzesi.org\/shop\/wp-json\/wp\/v2\/woo-feed-brand?post=258767"}],"curies":[{"name":"wp","href":"https:\/\/api.w.org\/{rel}","templated":true}]}}