{"id":261199,"date":"2023-09-07T14:54:36","date_gmt":"2023-09-07T11:54:36","guid":{"rendered":"https:\/\/sakipsabancimuzesi.org\/shop\/?post_type=product&#038;p=261199"},"modified":"2025-10-15T17:13:52","modified_gmt":"2025-10-15T14:13:52","slug":"ssm-ebru-desenli-sumen","status":"publish","type":"product","link":"https:\/\/sakipsabancimuzesi.org\/shop\/urun\/kirtasiye-2\/baskili\/ssm-ebru-desenli-sumen\/","title":{"rendered":"SSM Ebru Desenli S\u00fcmen"},"content":{"rendered":"<p>Osmanl\u0131 hat sanat\u0131nda, usta hattatlar\u0131n se\u00e7kin yaz\u0131lar\u0131, g\u00f6steri\u015fli s\u00fcslemelere kavu\u015fmu\u015ftur. Kartonlara yap\u0131\u015ft\u0131r\u0131lm\u0131\u015f, tezhiplenmi\u015f, zarif bord\u00fcrlere d\u00f6n\u00fc\u015fen ebrulu, bezemeli ve renkli ka\u011f\u0131tlarla \u00e7er\u00e7evelenmi\u015ftir. Sak\u0131p Sabanc\u0131 M\u00fczesi koleksiyonundaki bir murakka, me\u015fhur hattat \u015eeyh Hamdullah (\u00f6. 1520) taraf\u0131ndan yaz\u0131lm\u0131\u015f k\u0131talar\u0131 i\u00e7ermektedir. K\u0131talar, 18. y\u00fczy\u0131lda tezhiplenmi\u015f ve ebrulu ka\u011f\u0131tlarla \u00e7evrelenmi\u015ftir.<\/p>\n<p>Koleksiyondaki ebru desenleri, bu ebrulu ka\u011f\u0131tlardan al\u0131narak yap\u0131lm\u0131\u015ft\u0131r ve Osmanl\u0131 sanat\u0131n\u0131n ustal\u0131\u011f\u0131 ve miras\u0131n\u0131n \u00e7arp\u0131c\u0131 bir hat\u0131rlatmas\u0131 niteli\u011findedir.<\/p>\n<p>Murakka \/ Album (env. no. \/ inv. no. SSM 120-0243)<\/p>\n","protected":false},"excerpt":{"rendered":"<p>Osmanl\u0131 hat sanat\u0131nda, usta hattatlar\u0131n se\u00e7kin yaz\u0131lar\u0131, g\u00f6steri\u015fli s\u00fcslemelere kavu\u015fmu\u015ftur. Kartonlara yap\u0131\u015ft\u0131r\u0131lm\u0131\u015f, tezhiplenmi\u015f, zarif bord\u00fcrlere d\u00f6n\u00fc\u015fen ebrulu, bezemeli ve renkli ka\u011f\u0131tlarla \u00e7er\u00e7evelenmi\u015ftir. Sak\u0131p Sabanc\u0131 M\u00fczesi koleksiyonundaki bir murakka, me\u015fhur hattat \u015eeyh Hamdullah (\u00f6. 1520) taraf\u0131ndan yaz\u0131lm\u0131\u015f k\u0131talar\u0131 i\u00e7ermektedir. K\u0131talar, 18. y\u00fczy\u0131lda tezhiplenmi\u015f ve ebrulu ka\u011f\u0131tlarla \u00e7evrelenmi\u015ftir. Koleksiyondaki ebru desenleri, bu ebrulu ka\u011f\u0131tlardan al\u0131narak yap\u0131lm\u0131\u015ft\u0131r ve [&#8230;]\n","protected":false},"featured_media":261201,"template":"","meta":{"_exactmetrics_skip_tracking":false,"_exactmetrics_sitenote_active":false,"_exactmetrics_sitenote_note":"","_exactmetrics_sitenote_category":0},"product_brand":[],"product_cat":[641,643],"product_tag":[779,777],"woo-feed-brand":[],"class_list":{"0":"post-261199","1":"product","2":"type-product","3":"status-publish","4":"has-post-thumbnail","6":"product_cat-kirtasiye-2","7":"product_cat-baskili","8":"product_tag-kitapsanatlarivehatkoleksiyonu","9":"product_tag-ssmebrudesenli","11":"first","12":"instock","13":"taxable","14":"shipping-taxable","15":"purchasable","16":"product-type-variable"},"yoast_head":"<!-- This site is optimized with the Yoast SEO plugin v27.1.1 - https:\/\/yoast.com\/product\/yoast-seo-wordpress\/ -->\n<title>SSM Ebru Desenli S\u00fcmen - SSM Shop<\/title>\n<meta name=\"robots\" content=\"index, follow, max-snippet:-1, max-image-preview:large, max-video-preview:-1\" \/>\n<link rel=\"canonical\" href=\"https:\/\/sakipsabancimuzesi.org\/shop\/urun\/kirtasiye-2\/baskili\/ssm-ebru-desenli-sumen\/\" \/>\n<meta property=\"og:locale\" content=\"tr_TR\" \/>\n<meta property=\"og:type\" content=\"article\" \/>\n<meta property=\"og:title\" content=\"SSM Ebru Desenli S\u00fcmen - SSM Shop\" \/>\n<meta property=\"og:description\" content=\"Osmanl\u0131 hat sanat\u0131nda, usta hattatlar\u0131n se\u00e7kin yaz\u0131lar\u0131, g\u00f6steri\u015fli s\u00fcslemelere kavu\u015fmu\u015ftur. Kartonlara yap\u0131\u015ft\u0131r\u0131lm\u0131\u015f, tezhiplenmi\u015f, zarif bord\u00fcrlere d\u00f6n\u00fc\u015fen ebrulu, bezemeli ve renkli ka\u011f\u0131tlarla \u00e7er\u00e7evelenmi\u015ftir. Sak\u0131p Sabanc\u0131 M\u00fczesi koleksiyonundaki bir murakka, me\u015fhur hattat \u015eeyh Hamdullah (\u00f6. 1520) taraf\u0131ndan yaz\u0131lm\u0131\u015f k\u0131talar\u0131 i\u00e7ermektedir. K\u0131talar, 18. y\u00fczy\u0131lda tezhiplenmi\u015f ve ebrulu ka\u011f\u0131tlarla \u00e7evrelenmi\u015ftir. Koleksiyondaki ebru desenleri, bu ebrulu ka\u011f\u0131tlardan al\u0131narak yap\u0131lm\u0131\u015ft\u0131r ve [...]\" \/>\n<meta property=\"og:url\" content=\"https:\/\/sakipsabancimuzesi.org\/shop\/urun\/kirtasiye-2\/baskili\/ssm-ebru-desenli-sumen\/\" \/>\n<meta property=\"og:site_name\" content=\"SSM Shop\" \/>\n<meta property=\"article:publisher\" content=\"https:\/\/www.facebook.com\/SakipSabanciMuzesi\/\" \/>\n<meta property=\"article:modified_time\" content=\"2025-10-15T14:13:52+00:00\" \/>\n<meta property=\"og:image\" content=\"https:\/\/sakipsabancimuzesi.org\/shop\/wp-content\/uploads\/2023\/09\/CEF6030.jpg\" \/>\n\t<meta property=\"og:image:width\" content=\"1280\" \/>\n\t<meta property=\"og:image:height\" content=\"1600\" \/>\n\t<meta property=\"og:image:type\" content=\"image\/jpeg\" \/>\n<meta name=\"twitter:card\" content=\"summary_large_image\" \/>\n<meta name=\"twitter:label1\" content=\"Tahmini okuma s\u00fcresi\" \/>\n\t<meta name=\"twitter:data1\" content=\"1 dakika\" \/>\n<script type=\"application\/ld+json\" class=\"yoast-schema-graph\">{\"@context\":\"https:\/\/schema.org\",\"@graph\":[{\"@type\":\"WebPage\",\"@id\":\"https:\/\/sakipsabancimuzesi.org\/shop\/urun\/kirtasiye-2\/baskili\/ssm-ebru-desenli-sumen\/\",\"url\":\"https:\/\/sakipsabancimuzesi.org\/shop\/urun\/kirtasiye-2\/baskili\/ssm-ebru-desenli-sumen\/\",\"name\":\"SSM Ebru Desenli S\u00fcmen - SSM Shop\",\"isPartOf\":{\"@id\":\"https:\/\/sakipsabancimuzesi.org\/shop\/#website\"},\"primaryImageOfPage\":{\"@id\":\"https:\/\/sakipsabancimuzesi.org\/shop\/urun\/kirtasiye-2\/baskili\/ssm-ebru-desenli-sumen\/#primaryimage\"},\"image\":{\"@id\":\"https:\/\/sakipsabancimuzesi.org\/shop\/urun\/kirtasiye-2\/baskili\/ssm-ebru-desenli-sumen\/#primaryimage\"},\"thumbnailUrl\":\"https:\/\/sakipsabancimuzesi.org\/shop\/wp-content\/uploads\/2023\/09\/CEF6030.jpg\",\"datePublished\":\"2023-09-07T11:54:36+00:00\",\"dateModified\":\"2025-10-15T14:13:52+00:00\",\"breadcrumb\":{\"@id\":\"https:\/\/sakipsabancimuzesi.org\/shop\/urun\/kirtasiye-2\/baskili\/ssm-ebru-desenli-sumen\/#breadcrumb\"},\"inLanguage\":\"tr\",\"potentialAction\":[{\"@type\":\"ReadAction\",\"target\":[\"https:\/\/sakipsabancimuzesi.org\/shop\/urun\/kirtasiye-2\/baskili\/ssm-ebru-desenli-sumen\/\"]}]},{\"@type\":\"ImageObject\",\"inLanguage\":\"tr\",\"@id\":\"https:\/\/sakipsabancimuzesi.org\/shop\/urun\/kirtasiye-2\/baskili\/ssm-ebru-desenli-sumen\/#primaryimage\",\"url\":\"https:\/\/sakipsabancimuzesi.org\/shop\/wp-content\/uploads\/2023\/09\/CEF6030.jpg\",\"contentUrl\":\"https:\/\/sakipsabancimuzesi.org\/shop\/wp-content\/uploads\/2023\/09\/CEF6030.jpg\",\"width\":1280,\"height\":1600},{\"@type\":\"BreadcrumbList\",\"@id\":\"https:\/\/sakipsabancimuzesi.org\/shop\/urun\/kirtasiye-2\/baskili\/ssm-ebru-desenli-sumen\/#breadcrumb\",\"itemListElement\":[{\"@type\":\"ListItem\",\"position\":1,\"name\":\"Ana sayfa\",\"item\":\"https:\/\/sakipsabancimuzesi.org\/shop\/\"},{\"@type\":\"ListItem\",\"position\":2,\"name\":\"Shop\",\"item\":\"https:\/\/sakipsabancimuzesi.org\/shop\/shop\/\"},{\"@type\":\"ListItem\",\"position\":3,\"name\":\"SSM Ebru Desenli S\u00fcmen\"}]},{\"@type\":\"WebSite\",\"@id\":\"https:\/\/sakipsabancimuzesi.org\/shop\/#website\",\"url\":\"https:\/\/sakipsabancimuzesi.org\/shop\/\",\"name\":\"SSM Shop\",\"description\":\"Sak\u0131p Sabanc\u0131 M\u00fczesi, Ma\u011faza\",\"publisher\":{\"@id\":\"https:\/\/sakipsabancimuzesi.org\/shop\/#organization\"},\"potentialAction\":[{\"@type\":\"SearchAction\",\"target\":{\"@type\":\"EntryPoint\",\"urlTemplate\":\"https:\/\/sakipsabancimuzesi.org\/shop\/?s={search_term_string}\"},\"query-input\":{\"@type\":\"PropertyValueSpecification\",\"valueRequired\":true,\"valueName\":\"search_term_string\"}}],\"inLanguage\":\"tr\"},{\"@type\":\"Organization\",\"@id\":\"https:\/\/sakipsabancimuzesi.org\/shop\/#organization\",\"name\":\"SSM Shop\",\"url\":\"https:\/\/sakipsabancimuzesi.org\/shop\/\",\"logo\":{\"@type\":\"ImageObject\",\"inLanguage\":\"tr\",\"@id\":\"https:\/\/sakipsabancimuzesi.org\/shop\/#\/schema\/logo\/image\/\",\"url\":\"https:\/\/sakipsabancimuzesi.org\/shop\/wp-content\/uploads\/2019\/11\/logo.png\",\"contentUrl\":\"https:\/\/sakipsabancimuzesi.org\/shop\/wp-content\/uploads\/2019\/11\/logo.png\",\"width\":227,\"height\":87,\"caption\":\"SSM Shop\"},\"image\":{\"@id\":\"https:\/\/sakipsabancimuzesi.org\/shop\/#\/schema\/logo\/image\/\"},\"sameAs\":[\"https:\/\/www.facebook.com\/SakipSabanciMuzesi\/\"]}]}<\/script>\n<!-- \/ Yoast SEO plugin. -->","yoast_head_json":{"title":"SSM Ebru Desenli S\u00fcmen - SSM Shop","robots":{"index":"index","follow":"follow","max-snippet":"max-snippet:-1","max-image-preview":"max-image-preview:large","max-video-preview":"max-video-preview:-1"},"canonical":"https:\/\/sakipsabancimuzesi.org\/shop\/urun\/kirtasiye-2\/baskili\/ssm-ebru-desenli-sumen\/","og_locale":"tr_TR","og_type":"article","og_title":"SSM Ebru Desenli S\u00fcmen - SSM Shop","og_description":"Osmanl\u0131 hat sanat\u0131nda, usta hattatlar\u0131n se\u00e7kin yaz\u0131lar\u0131, g\u00f6steri\u015fli s\u00fcslemelere kavu\u015fmu\u015ftur. Kartonlara yap\u0131\u015ft\u0131r\u0131lm\u0131\u015f, tezhiplenmi\u015f, zarif bord\u00fcrlere d\u00f6n\u00fc\u015fen ebrulu, bezemeli ve renkli ka\u011f\u0131tlarla \u00e7er\u00e7evelenmi\u015ftir. Sak\u0131p Sabanc\u0131 M\u00fczesi koleksiyonundaki bir murakka, me\u015fhur hattat \u015eeyh Hamdullah (\u00f6. 1520) taraf\u0131ndan yaz\u0131lm\u0131\u015f k\u0131talar\u0131 i\u00e7ermektedir. K\u0131talar, 18. y\u00fczy\u0131lda tezhiplenmi\u015f ve ebrulu ka\u011f\u0131tlarla \u00e7evrelenmi\u015ftir. Koleksiyondaki ebru desenleri, bu ebrulu ka\u011f\u0131tlardan al\u0131narak yap\u0131lm\u0131\u015ft\u0131r ve [...]","og_url":"https:\/\/sakipsabancimuzesi.org\/shop\/urun\/kirtasiye-2\/baskili\/ssm-ebru-desenli-sumen\/","og_site_name":"SSM Shop","article_publisher":"https:\/\/www.facebook.com\/SakipSabanciMuzesi\/","article_modified_time":"2025-10-15T14:13:52+00:00","og_image":[{"width":1280,"height":1600,"url":"https:\/\/sakipsabancimuzesi.org\/shop\/wp-content\/uploads\/2023\/09\/CEF6030.jpg","type":"image\/jpeg"}],"twitter_card":"summary_large_image","twitter_misc":{"Tahmini okuma s\u00fcresi":"1 dakika"},"schema":{"@context":"https:\/\/schema.org","@graph":[{"@type":"WebPage","@id":"https:\/\/sakipsabancimuzesi.org\/shop\/urun\/kirtasiye-2\/baskili\/ssm-ebru-desenli-sumen\/","url":"https:\/\/sakipsabancimuzesi.org\/shop\/urun\/kirtasiye-2\/baskili\/ssm-ebru-desenli-sumen\/","name":"SSM Ebru Desenli S\u00fcmen - SSM Shop","isPartOf":{"@id":"https:\/\/sakipsabancimuzesi.org\/shop\/#website"},"primaryImageOfPage":{"@id":"https:\/\/sakipsabancimuzesi.org\/shop\/urun\/kirtasiye-2\/baskili\/ssm-ebru-desenli-sumen\/#primaryimage"},"image":{"@id":"https:\/\/sakipsabancimuzesi.org\/shop\/urun\/kirtasiye-2\/baskili\/ssm-ebru-desenli-sumen\/#primaryimage"},"thumbnailUrl":"https:\/\/sakipsabancimuzesi.org\/shop\/wp-content\/uploads\/2023\/09\/CEF6030.jpg","datePublished":"2023-09-07T11:54:36+00:00","dateModified":"2025-10-15T14:13:52+00:00","breadcrumb":{"@id":"https:\/\/sakipsabancimuzesi.org\/shop\/urun\/kirtasiye-2\/baskili\/ssm-ebru-desenli-sumen\/#breadcrumb"},"inLanguage":"tr","potentialAction":[{"@type":"ReadAction","target":["https:\/\/sakipsabancimuzesi.org\/shop\/urun\/kirtasiye-2\/baskili\/ssm-ebru-desenli-sumen\/"]}]},{"@type":"ImageObject","inLanguage":"tr","@id":"https:\/\/sakipsabancimuzesi.org\/shop\/urun\/kirtasiye-2\/baskili\/ssm-ebru-desenli-sumen\/#primaryimage","url":"https:\/\/sakipsabancimuzesi.org\/shop\/wp-content\/uploads\/2023\/09\/CEF6030.jpg","contentUrl":"https:\/\/sakipsabancimuzesi.org\/shop\/wp-content\/uploads\/2023\/09\/CEF6030.jpg","width":1280,"height":1600},{"@type":"BreadcrumbList","@id":"https:\/\/sakipsabancimuzesi.org\/shop\/urun\/kirtasiye-2\/baskili\/ssm-ebru-desenli-sumen\/#breadcrumb","itemListElement":[{"@type":"ListItem","position":1,"name":"Ana sayfa","item":"https:\/\/sakipsabancimuzesi.org\/shop\/"},{"@type":"ListItem","position":2,"name":"Shop","item":"https:\/\/sakipsabancimuzesi.org\/shop\/shop\/"},{"@type":"ListItem","position":3,"name":"SSM Ebru Desenli S\u00fcmen"}]},{"@type":"WebSite","@id":"https:\/\/sakipsabancimuzesi.org\/shop\/#website","url":"https:\/\/sakipsabancimuzesi.org\/shop\/","name":"SSM Shop","description":"Sak\u0131p Sabanc\u0131 M\u00fczesi, Ma\u011faza","publisher":{"@id":"https:\/\/sakipsabancimuzesi.org\/shop\/#organization"},"potentialAction":[{"@type":"SearchAction","target":{"@type":"EntryPoint","urlTemplate":"https:\/\/sakipsabancimuzesi.org\/shop\/?s={search_term_string}"},"query-input":{"@type":"PropertyValueSpecification","valueRequired":true,"valueName":"search_term_string"}}],"inLanguage":"tr"},{"@type":"Organization","@id":"https:\/\/sakipsabancimuzesi.org\/shop\/#organization","name":"SSM Shop","url":"https:\/\/sakipsabancimuzesi.org\/shop\/","logo":{"@type":"ImageObject","inLanguage":"tr","@id":"https:\/\/sakipsabancimuzesi.org\/shop\/#\/schema\/logo\/image\/","url":"https:\/\/sakipsabancimuzesi.org\/shop\/wp-content\/uploads\/2019\/11\/logo.png","contentUrl":"https:\/\/sakipsabancimuzesi.org\/shop\/wp-content\/uploads\/2019\/11\/logo.png","width":227,"height":87,"caption":"SSM Shop"},"image":{"@id":"https:\/\/sakipsabancimuzesi.org\/shop\/#\/schema\/logo\/image\/"},"sameAs":["https:\/\/www.facebook.com\/SakipSabanciMuzesi\/"]}]}},"jetpack_sharing_enabled":true,"_links":{"self":[{"href":"https:\/\/sakipsabancimuzesi.org\/shop\/wp-json\/wp\/v2\/product\/261199","targetHints":{"allow":["GET"]}}],"collection":[{"href":"https:\/\/sakipsabancimuzesi.org\/shop\/wp-json\/wp\/v2\/product"}],"about":[{"href":"https:\/\/sakipsabancimuzesi.org\/shop\/wp-json\/wp\/v2\/types\/product"}],"wp:featuredmedia":[{"embeddable":true,"href":"https:\/\/sakipsabancimuzesi.org\/shop\/wp-json\/wp\/v2\/media\/261201"}],"wp:attachment":[{"href":"https:\/\/sakipsabancimuzesi.org\/shop\/wp-json\/wp\/v2\/media?parent=261199"}],"wp:term":[{"taxonomy":"product_brand","embeddable":true,"href":"https:\/\/sakipsabancimuzesi.org\/shop\/wp-json\/wp\/v2\/product_brand?post=261199"},{"taxonomy":"product_cat","embeddable":true,"href":"https:\/\/sakipsabancimuzesi.org\/shop\/wp-json\/wp\/v2\/product_cat?post=261199"},{"taxonomy":"product_tag","embeddable":true,"href":"https:\/\/sakipsabancimuzesi.org\/shop\/wp-json\/wp\/v2\/product_tag?post=261199"},{"taxonomy":"woo-feed-brand","embeddable":true,"href":"https:\/\/sakipsabancimuzesi.org\/shop\/wp-json\/wp\/v2\/woo-feed-brand?post=261199"}],"curies":[{"name":"wp","href":"https:\/\/api.w.org\/{rel}","templated":true}]}}