{"id":261944,"date":"2023-09-29T09:47:36","date_gmt":"2023-09-29T06:47:36","guid":{"rendered":"https:\/\/sakipsabancimuzesi.org\/shop\/?post_type=product&#038;p=261944"},"modified":"2026-03-26T12:05:20","modified_gmt":"2026-03-26T09:05:20","slug":"dogaya-bir-bilet","status":"publish","type":"product","link":"https:\/\/sakipsabancimuzesi.org\/shop\/urun\/cocuk-ve-oyun\/cocuk-kitaplari-cocuk-ve-oyun\/dogaya-bir-bilet\/","title":{"rendered":"Do\u011faya Bir Bilet"},"content":{"rendered":"<p>Do\u011faya bir bilet l\u00fctfen!<br \/>\nBug\u00fcn s\u00fcrd\u00fcr\u00fclebilir bir ya\u015fam\u0131n anahtarlar\u0131n\u0131 ar\u0131yoruz. Ya\u015fanabilir bir d\u00fcnyan\u0131n kap\u0131lar\u0131n\u0131 ba\u015fka t\u00fcrl\u00fc a\u00e7amayaca\u011f\u0131z. Bu kitapta edebiyat\u0131m\u0131z\u0131n \u00e7ok de\u011ferli kalemleri, daha g\u00fczel bir d\u00fcnyan\u0131n kap\u0131lar\u0131n\u0131 aralayacak \u00f6yk\u00fcler yazd\u0131lar sizler i\u00e7in. Her \u00f6yk\u00fc sizleri farkl\u0131 bir d\u00fcnyaya g\u00f6t\u00fcrecek, s\u00fcrd\u00fcr\u00fclebilir bir gelecek i\u00e7in hayaller kurduracak.<\/p>\n<p>13 Yazar 13 \u00d6yk\u00fc<br \/>\nAhmet B\u00fcke \u2013 Asl\u0131 Tohumcu \u2013 Ay\u015fe Sar\u0131say\u0131n \u2013 Bar\u0131\u015f \u0130nce \u2013 Bedia Ceylan G\u00fczelce \u2013 Burcu Akta\u015f \u2013 Ece Erdo\u011fu\u015f Levi \u2013 G\u00fcl\u015fah Elikbank \u2013 Melisa Kesmez \u2013 \u00d6zge Lokmanhekim \u2013 Sima \u00d6zkan \u2013 Sunay Ak\u0131n \u2013 Yalva\u00e7 Ural<\/p>\n<p>Teknik \u00d6zellikler;<br \/>\n13x19cm<br \/>\n128 sayfa<br \/>\n250 gsm Amerikan Bristol Mat selofan lokal lak kapak,<br \/>\n70 gsm Enzo ic\u0327,<br \/>\n3 renk bask\u0131<br \/>\nAmerikan cilt, ko\u0308s\u0327e radyus kesim<\/p>\n","protected":false},"excerpt":{"rendered":"<p>Do\u011faya bir bilet l\u00fctfen! Bug\u00fcn s\u00fcrd\u00fcr\u00fclebilir bir ya\u015fam\u0131n anahtarlar\u0131n\u0131 ar\u0131yoruz. Ya\u015fanabilir bir d\u00fcnyan\u0131n kap\u0131lar\u0131n\u0131 ba\u015fka t\u00fcrl\u00fc a\u00e7amayaca\u011f\u0131z. Bu kitapta edebiyat\u0131m\u0131z\u0131n \u00e7ok de\u011ferli kalemleri, daha g\u00fczel bir d\u00fcnyan\u0131n kap\u0131lar\u0131n\u0131 aralayacak \u00f6yk\u00fcler yazd\u0131lar sizler i\u00e7in. Her \u00f6yk\u00fc sizleri farkl\u0131 bir d\u00fcnyaya g\u00f6t\u00fcrecek, s\u00fcrd\u00fcr\u00fclebilir bir gelecek i\u00e7in hayaller kurduracak. 13 Yazar 13 \u00d6yk\u00fc Ahmet B\u00fcke \u2013 Asl\u0131 Tohumcu [&#8230;]\n","protected":false},"featured_media":261946,"template":"","meta":{"_exactmetrics_skip_tracking":false,"_exactmetrics_sitenote_active":false,"_exactmetrics_sitenote_note":"","_exactmetrics_sitenote_category":0},"product_brand":[],"product_cat":[628,760],"product_tag":[],"woo-feed-brand":[],"class_list":{"0":"post-261944","1":"product","2":"type-product","3":"status-publish","4":"has-post-thumbnail","6":"product_cat-cocuk-ve-oyun","7":"product_cat-cocuk-kitaplari-cocuk-ve-oyun","9":"first","10":"instock","11":"taxable","12":"shipping-taxable","13":"purchasable","14":"product-type-simple"},"yoast_head":"<!-- This site is optimized with the Yoast SEO plugin v27.1.1 - https:\/\/yoast.com\/product\/yoast-seo-wordpress\/ -->\n<title>Do\u011faya Bir Bilet - SSM Shop<\/title>\n<meta name=\"robots\" content=\"index, follow, max-snippet:-1, max-image-preview:large, max-video-preview:-1\" \/>\n<link rel=\"canonical\" href=\"https:\/\/sakipsabancimuzesi.org\/shop\/urun\/cocuk-ve-oyun\/cocuk-kitaplari-cocuk-ve-oyun\/dogaya-bir-bilet\/\" \/>\n<meta property=\"og:locale\" content=\"tr_TR\" \/>\n<meta property=\"og:type\" content=\"article\" \/>\n<meta property=\"og:title\" content=\"Do\u011faya Bir Bilet - SSM Shop\" \/>\n<meta property=\"og:description\" content=\"Do\u011faya bir bilet l\u00fctfen! Bug\u00fcn s\u00fcrd\u00fcr\u00fclebilir bir ya\u015fam\u0131n anahtarlar\u0131n\u0131 ar\u0131yoruz. Ya\u015fanabilir bir d\u00fcnyan\u0131n kap\u0131lar\u0131n\u0131 ba\u015fka t\u00fcrl\u00fc a\u00e7amayaca\u011f\u0131z. Bu kitapta edebiyat\u0131m\u0131z\u0131n \u00e7ok de\u011ferli kalemleri, daha g\u00fczel bir d\u00fcnyan\u0131n kap\u0131lar\u0131n\u0131 aralayacak \u00f6yk\u00fcler yazd\u0131lar sizler i\u00e7in. Her \u00f6yk\u00fc sizleri farkl\u0131 bir d\u00fcnyaya g\u00f6t\u00fcrecek, s\u00fcrd\u00fcr\u00fclebilir bir gelecek i\u00e7in hayaller kurduracak. 13 Yazar 13 \u00d6yk\u00fc Ahmet B\u00fcke \u2013 Asl\u0131 Tohumcu [...]\" \/>\n<meta property=\"og:url\" content=\"https:\/\/sakipsabancimuzesi.org\/shop\/urun\/cocuk-ve-oyun\/cocuk-kitaplari-cocuk-ve-oyun\/dogaya-bir-bilet\/\" \/>\n<meta property=\"og:site_name\" content=\"SSM Shop\" \/>\n<meta property=\"article:publisher\" content=\"https:\/\/www.facebook.com\/SakipSabanciMuzesi\/\" \/>\n<meta property=\"article:modified_time\" content=\"2026-03-26T09:05:20+00:00\" \/>\n<meta property=\"og:image\" content=\"https:\/\/sakipsabancimuzesi.org\/shop\/wp-content\/uploads\/2023\/09\/DogayaBirBilet.jpg\" \/>\n\t<meta property=\"og:image:width\" content=\"1280\" \/>\n\t<meta property=\"og:image:height\" content=\"1600\" \/>\n\t<meta property=\"og:image:type\" content=\"image\/jpeg\" \/>\n<meta name=\"twitter:card\" content=\"summary_large_image\" \/>\n<meta name=\"twitter:label1\" content=\"Tahmini okuma s\u00fcresi\" \/>\n\t<meta name=\"twitter:data1\" content=\"1 dakika\" \/>\n<script type=\"application\/ld+json\" class=\"yoast-schema-graph\">{\"@context\":\"https:\/\/schema.org\",\"@graph\":[{\"@type\":\"WebPage\",\"@id\":\"https:\/\/sakipsabancimuzesi.org\/shop\/urun\/cocuk-ve-oyun\/cocuk-kitaplari-cocuk-ve-oyun\/dogaya-bir-bilet\/\",\"url\":\"https:\/\/sakipsabancimuzesi.org\/shop\/urun\/cocuk-ve-oyun\/cocuk-kitaplari-cocuk-ve-oyun\/dogaya-bir-bilet\/\",\"name\":\"Do\u011faya Bir Bilet - SSM Shop\",\"isPartOf\":{\"@id\":\"https:\/\/sakipsabancimuzesi.org\/shop\/#website\"},\"primaryImageOfPage\":{\"@id\":\"https:\/\/sakipsabancimuzesi.org\/shop\/urun\/cocuk-ve-oyun\/cocuk-kitaplari-cocuk-ve-oyun\/dogaya-bir-bilet\/#primaryimage\"},\"image\":{\"@id\":\"https:\/\/sakipsabancimuzesi.org\/shop\/urun\/cocuk-ve-oyun\/cocuk-kitaplari-cocuk-ve-oyun\/dogaya-bir-bilet\/#primaryimage\"},\"thumbnailUrl\":\"https:\/\/sakipsabancimuzesi.org\/shop\/wp-content\/uploads\/2023\/09\/DogayaBirBilet.jpg\",\"datePublished\":\"2023-09-29T06:47:36+00:00\",\"dateModified\":\"2026-03-26T09:05:20+00:00\",\"breadcrumb\":{\"@id\":\"https:\/\/sakipsabancimuzesi.org\/shop\/urun\/cocuk-ve-oyun\/cocuk-kitaplari-cocuk-ve-oyun\/dogaya-bir-bilet\/#breadcrumb\"},\"inLanguage\":\"tr\",\"potentialAction\":[{\"@type\":\"ReadAction\",\"target\":[\"https:\/\/sakipsabancimuzesi.org\/shop\/urun\/cocuk-ve-oyun\/cocuk-kitaplari-cocuk-ve-oyun\/dogaya-bir-bilet\/\"]}]},{\"@type\":\"ImageObject\",\"inLanguage\":\"tr\",\"@id\":\"https:\/\/sakipsabancimuzesi.org\/shop\/urun\/cocuk-ve-oyun\/cocuk-kitaplari-cocuk-ve-oyun\/dogaya-bir-bilet\/#primaryimage\",\"url\":\"https:\/\/sakipsabancimuzesi.org\/shop\/wp-content\/uploads\/2023\/09\/DogayaBirBilet.jpg\",\"contentUrl\":\"https:\/\/sakipsabancimuzesi.org\/shop\/wp-content\/uploads\/2023\/09\/DogayaBirBilet.jpg\",\"width\":1280,\"height\":1600},{\"@type\":\"BreadcrumbList\",\"@id\":\"https:\/\/sakipsabancimuzesi.org\/shop\/urun\/cocuk-ve-oyun\/cocuk-kitaplari-cocuk-ve-oyun\/dogaya-bir-bilet\/#breadcrumb\",\"itemListElement\":[{\"@type\":\"ListItem\",\"position\":1,\"name\":\"Ana sayfa\",\"item\":\"https:\/\/sakipsabancimuzesi.org\/shop\/\"},{\"@type\":\"ListItem\",\"position\":2,\"name\":\"Shop\",\"item\":\"https:\/\/sakipsabancimuzesi.org\/shop\/shop\/\"},{\"@type\":\"ListItem\",\"position\":3,\"name\":\"Do\u011faya Bir Bilet\"}]},{\"@type\":\"WebSite\",\"@id\":\"https:\/\/sakipsabancimuzesi.org\/shop\/#website\",\"url\":\"https:\/\/sakipsabancimuzesi.org\/shop\/\",\"name\":\"SSM Shop\",\"description\":\"Sak\u0131p Sabanc\u0131 M\u00fczesi, Ma\u011faza\",\"publisher\":{\"@id\":\"https:\/\/sakipsabancimuzesi.org\/shop\/#organization\"},\"potentialAction\":[{\"@type\":\"SearchAction\",\"target\":{\"@type\":\"EntryPoint\",\"urlTemplate\":\"https:\/\/sakipsabancimuzesi.org\/shop\/?s={search_term_string}\"},\"query-input\":{\"@type\":\"PropertyValueSpecification\",\"valueRequired\":true,\"valueName\":\"search_term_string\"}}],\"inLanguage\":\"tr\"},{\"@type\":\"Organization\",\"@id\":\"https:\/\/sakipsabancimuzesi.org\/shop\/#organization\",\"name\":\"SSM Shop\",\"url\":\"https:\/\/sakipsabancimuzesi.org\/shop\/\",\"logo\":{\"@type\":\"ImageObject\",\"inLanguage\":\"tr\",\"@id\":\"https:\/\/sakipsabancimuzesi.org\/shop\/#\/schema\/logo\/image\/\",\"url\":\"https:\/\/sakipsabancimuzesi.org\/shop\/wp-content\/uploads\/2019\/11\/logo.png\",\"contentUrl\":\"https:\/\/sakipsabancimuzesi.org\/shop\/wp-content\/uploads\/2019\/11\/logo.png\",\"width\":227,\"height\":87,\"caption\":\"SSM Shop\"},\"image\":{\"@id\":\"https:\/\/sakipsabancimuzesi.org\/shop\/#\/schema\/logo\/image\/\"},\"sameAs\":[\"https:\/\/www.facebook.com\/SakipSabanciMuzesi\/\"]}]}<\/script>\n<!-- \/ Yoast SEO plugin. -->","yoast_head_json":{"title":"Do\u011faya Bir Bilet - SSM Shop","robots":{"index":"index","follow":"follow","max-snippet":"max-snippet:-1","max-image-preview":"max-image-preview:large","max-video-preview":"max-video-preview:-1"},"canonical":"https:\/\/sakipsabancimuzesi.org\/shop\/urun\/cocuk-ve-oyun\/cocuk-kitaplari-cocuk-ve-oyun\/dogaya-bir-bilet\/","og_locale":"tr_TR","og_type":"article","og_title":"Do\u011faya Bir Bilet - SSM Shop","og_description":"Do\u011faya bir bilet l\u00fctfen! Bug\u00fcn s\u00fcrd\u00fcr\u00fclebilir bir ya\u015fam\u0131n anahtarlar\u0131n\u0131 ar\u0131yoruz. Ya\u015fanabilir bir d\u00fcnyan\u0131n kap\u0131lar\u0131n\u0131 ba\u015fka t\u00fcrl\u00fc a\u00e7amayaca\u011f\u0131z. Bu kitapta edebiyat\u0131m\u0131z\u0131n \u00e7ok de\u011ferli kalemleri, daha g\u00fczel bir d\u00fcnyan\u0131n kap\u0131lar\u0131n\u0131 aralayacak \u00f6yk\u00fcler yazd\u0131lar sizler i\u00e7in. Her \u00f6yk\u00fc sizleri farkl\u0131 bir d\u00fcnyaya g\u00f6t\u00fcrecek, s\u00fcrd\u00fcr\u00fclebilir bir gelecek i\u00e7in hayaller kurduracak. 13 Yazar 13 \u00d6yk\u00fc Ahmet B\u00fcke \u2013 Asl\u0131 Tohumcu [...]","og_url":"https:\/\/sakipsabancimuzesi.org\/shop\/urun\/cocuk-ve-oyun\/cocuk-kitaplari-cocuk-ve-oyun\/dogaya-bir-bilet\/","og_site_name":"SSM Shop","article_publisher":"https:\/\/www.facebook.com\/SakipSabanciMuzesi\/","article_modified_time":"2026-03-26T09:05:20+00:00","og_image":[{"width":1280,"height":1600,"url":"https:\/\/sakipsabancimuzesi.org\/shop\/wp-content\/uploads\/2023\/09\/DogayaBirBilet.jpg","type":"image\/jpeg"}],"twitter_card":"summary_large_image","twitter_misc":{"Tahmini okuma s\u00fcresi":"1 dakika"},"schema":{"@context":"https:\/\/schema.org","@graph":[{"@type":"WebPage","@id":"https:\/\/sakipsabancimuzesi.org\/shop\/urun\/cocuk-ve-oyun\/cocuk-kitaplari-cocuk-ve-oyun\/dogaya-bir-bilet\/","url":"https:\/\/sakipsabancimuzesi.org\/shop\/urun\/cocuk-ve-oyun\/cocuk-kitaplari-cocuk-ve-oyun\/dogaya-bir-bilet\/","name":"Do\u011faya Bir Bilet - SSM Shop","isPartOf":{"@id":"https:\/\/sakipsabancimuzesi.org\/shop\/#website"},"primaryImageOfPage":{"@id":"https:\/\/sakipsabancimuzesi.org\/shop\/urun\/cocuk-ve-oyun\/cocuk-kitaplari-cocuk-ve-oyun\/dogaya-bir-bilet\/#primaryimage"},"image":{"@id":"https:\/\/sakipsabancimuzesi.org\/shop\/urun\/cocuk-ve-oyun\/cocuk-kitaplari-cocuk-ve-oyun\/dogaya-bir-bilet\/#primaryimage"},"thumbnailUrl":"https:\/\/sakipsabancimuzesi.org\/shop\/wp-content\/uploads\/2023\/09\/DogayaBirBilet.jpg","datePublished":"2023-09-29T06:47:36+00:00","dateModified":"2026-03-26T09:05:20+00:00","breadcrumb":{"@id":"https:\/\/sakipsabancimuzesi.org\/shop\/urun\/cocuk-ve-oyun\/cocuk-kitaplari-cocuk-ve-oyun\/dogaya-bir-bilet\/#breadcrumb"},"inLanguage":"tr","potentialAction":[{"@type":"ReadAction","target":["https:\/\/sakipsabancimuzesi.org\/shop\/urun\/cocuk-ve-oyun\/cocuk-kitaplari-cocuk-ve-oyun\/dogaya-bir-bilet\/"]}]},{"@type":"ImageObject","inLanguage":"tr","@id":"https:\/\/sakipsabancimuzesi.org\/shop\/urun\/cocuk-ve-oyun\/cocuk-kitaplari-cocuk-ve-oyun\/dogaya-bir-bilet\/#primaryimage","url":"https:\/\/sakipsabancimuzesi.org\/shop\/wp-content\/uploads\/2023\/09\/DogayaBirBilet.jpg","contentUrl":"https:\/\/sakipsabancimuzesi.org\/shop\/wp-content\/uploads\/2023\/09\/DogayaBirBilet.jpg","width":1280,"height":1600},{"@type":"BreadcrumbList","@id":"https:\/\/sakipsabancimuzesi.org\/shop\/urun\/cocuk-ve-oyun\/cocuk-kitaplari-cocuk-ve-oyun\/dogaya-bir-bilet\/#breadcrumb","itemListElement":[{"@type":"ListItem","position":1,"name":"Ana sayfa","item":"https:\/\/sakipsabancimuzesi.org\/shop\/"},{"@type":"ListItem","position":2,"name":"Shop","item":"https:\/\/sakipsabancimuzesi.org\/shop\/shop\/"},{"@type":"ListItem","position":3,"name":"Do\u011faya Bir Bilet"}]},{"@type":"WebSite","@id":"https:\/\/sakipsabancimuzesi.org\/shop\/#website","url":"https:\/\/sakipsabancimuzesi.org\/shop\/","name":"SSM Shop","description":"Sak\u0131p Sabanc\u0131 M\u00fczesi, Ma\u011faza","publisher":{"@id":"https:\/\/sakipsabancimuzesi.org\/shop\/#organization"},"potentialAction":[{"@type":"SearchAction","target":{"@type":"EntryPoint","urlTemplate":"https:\/\/sakipsabancimuzesi.org\/shop\/?s={search_term_string}"},"query-input":{"@type":"PropertyValueSpecification","valueRequired":true,"valueName":"search_term_string"}}],"inLanguage":"tr"},{"@type":"Organization","@id":"https:\/\/sakipsabancimuzesi.org\/shop\/#organization","name":"SSM Shop","url":"https:\/\/sakipsabancimuzesi.org\/shop\/","logo":{"@type":"ImageObject","inLanguage":"tr","@id":"https:\/\/sakipsabancimuzesi.org\/shop\/#\/schema\/logo\/image\/","url":"https:\/\/sakipsabancimuzesi.org\/shop\/wp-content\/uploads\/2019\/11\/logo.png","contentUrl":"https:\/\/sakipsabancimuzesi.org\/shop\/wp-content\/uploads\/2019\/11\/logo.png","width":227,"height":87,"caption":"SSM Shop"},"image":{"@id":"https:\/\/sakipsabancimuzesi.org\/shop\/#\/schema\/logo\/image\/"},"sameAs":["https:\/\/www.facebook.com\/SakipSabanciMuzesi\/"]}]}},"jetpack_sharing_enabled":true,"_links":{"self":[{"href":"https:\/\/sakipsabancimuzesi.org\/shop\/wp-json\/wp\/v2\/product\/261944","targetHints":{"allow":["GET"]}}],"collection":[{"href":"https:\/\/sakipsabancimuzesi.org\/shop\/wp-json\/wp\/v2\/product"}],"about":[{"href":"https:\/\/sakipsabancimuzesi.org\/shop\/wp-json\/wp\/v2\/types\/product"}],"wp:featuredmedia":[{"embeddable":true,"href":"https:\/\/sakipsabancimuzesi.org\/shop\/wp-json\/wp\/v2\/media\/261946"}],"wp:attachment":[{"href":"https:\/\/sakipsabancimuzesi.org\/shop\/wp-json\/wp\/v2\/media?parent=261944"}],"wp:term":[{"taxonomy":"product_brand","embeddable":true,"href":"https:\/\/sakipsabancimuzesi.org\/shop\/wp-json\/wp\/v2\/product_brand?post=261944"},{"taxonomy":"product_cat","embeddable":true,"href":"https:\/\/sakipsabancimuzesi.org\/shop\/wp-json\/wp\/v2\/product_cat?post=261944"},{"taxonomy":"product_tag","embeddable":true,"href":"https:\/\/sakipsabancimuzesi.org\/shop\/wp-json\/wp\/v2\/product_tag?post=261944"},{"taxonomy":"woo-feed-brand","embeddable":true,"href":"https:\/\/sakipsabancimuzesi.org\/shop\/wp-json\/wp\/v2\/woo-feed-brand?post=261944"}],"curies":[{"name":"wp","href":"https:\/\/api.w.org\/{rel}","templated":true}]}}