{"id":262023,"date":"2023-10-27T15:48:24","date_gmt":"2023-10-27T12:48:24","guid":{"rendered":"https:\/\/sakipsabancimuzesi.org\/shop\/?post_type=product&#038;p=262023"},"modified":"2025-08-11T14:36:36","modified_gmt":"2025-08-11T11:36:36","slug":"marbowl","status":"publish","type":"product","link":"https:\/\/sakipsabancimuzesi.org\/shop\/urun\/moda\/pet-urunleri\/marbowl\/","title":{"rendered":"Marbowl"},"content":{"rendered":"<p>\u00d6zenle se\u00e7ilmis\u0327 dog\u0306al mermer bloklardan ve elde is\u0327lenmis\u0327 detaylarla \u00fcretilen St. Pia Marbowl, hem i\u00e7 hem de d\u0131s\u0327 mekan kullan\u0131m\u0131na uygun, g\u00fcvenli ve dayan\u0131kl\u0131 mama ve su kab\u0131d\u0131r. Malzemenin do\u011fal yap\u0131s\u0131 sebebiyle Marbowl kaplar kendi aralar\u0131nda ton ve damar farkl\u0131l\u0131klar\u0131 g\u00f6sterebilir<\/p>\n","protected":false},"excerpt":{"rendered":"<p>\u00d6zenle se\u00e7ilmis\u0327 dog\u0306al mermer bloklardan ve elde is\u0327lenmis\u0327 detaylarla \u00fcretilen St. Pia Marbowl, hem i\u00e7 hem de d\u0131s\u0327 mekan kullan\u0131m\u0131na uygun, g\u00fcvenli ve dayan\u0131kl\u0131 mama ve su kab\u0131d\u0131r. Malzemenin do\u011fal yap\u0131s\u0131 sebebiyle Marbowl kaplar kendi aralar\u0131nda ton ve damar farkl\u0131l\u0131klar\u0131 g\u00f6sterebilir<\/p>\n","protected":false},"featured_media":262040,"template":"","meta":{"_exactmetrics_skip_tracking":false,"_exactmetrics_sitenote_active":false,"_exactmetrics_sitenote_note":"","_exactmetrics_sitenote_category":0},"product_brand":[],"product_cat":[649,783],"product_tag":[784],"woo-feed-brand":[],"class_list":{"0":"post-262023","1":"product","2":"type-product","3":"status-publish","4":"has-post-thumbnail","6":"product_cat-moda","7":"product_cat-pet-urunleri","8":"product_tag-pet-urunleri","10":"first","11":"instock","12":"taxable","13":"shipping-taxable","14":"purchasable","15":"product-type-simple"},"yoast_head":"<!-- This site is optimized with the Yoast SEO plugin v27.1.1 - https:\/\/yoast.com\/product\/yoast-seo-wordpress\/ -->\n<title>Marbowl - SSM Shop<\/title>\n<meta name=\"robots\" content=\"index, follow, max-snippet:-1, max-image-preview:large, max-video-preview:-1\" \/>\n<link rel=\"canonical\" href=\"https:\/\/sakipsabancimuzesi.org\/shop\/urun\/moda\/pet-urunleri\/marbowl\/\" \/>\n<meta property=\"og:locale\" content=\"tr_TR\" \/>\n<meta property=\"og:type\" content=\"article\" \/>\n<meta property=\"og:title\" content=\"Marbowl - SSM Shop\" \/>\n<meta property=\"og:description\" content=\"\u00d6zenle se\u00e7ilmis\u0327 dog\u0306al mermer bloklardan ve elde is\u0327lenmis\u0327 detaylarla \u00fcretilen St. Pia Marbowl, hem i\u00e7 hem de d\u0131s\u0327 mekan kullan\u0131m\u0131na uygun, g\u00fcvenli ve dayan\u0131kl\u0131 mama ve su kab\u0131d\u0131r. Malzemenin do\u011fal yap\u0131s\u0131 sebebiyle Marbowl kaplar kendi aralar\u0131nda ton ve damar farkl\u0131l\u0131klar\u0131 g\u00f6sterebilir\" \/>\n<meta property=\"og:url\" content=\"https:\/\/sakipsabancimuzesi.org\/shop\/urun\/moda\/pet-urunleri\/marbowl\/\" \/>\n<meta property=\"og:site_name\" content=\"SSM Shop\" \/>\n<meta property=\"article:publisher\" content=\"https:\/\/www.facebook.com\/SakipSabanciMuzesi\/\" \/>\n<meta property=\"article:modified_time\" content=\"2025-08-11T11:36:36+00:00\" \/>\n<meta property=\"og:image\" content=\"https:\/\/sakipsabancimuzesi.org\/shop\/wp-content\/uploads\/2023\/10\/Marbowl-Spilt-Ink-2-SSM.jpg\" \/>\n\t<meta property=\"og:image:width\" content=\"1280\" \/>\n\t<meta property=\"og:image:height\" content=\"1600\" \/>\n\t<meta property=\"og:image:type\" content=\"image\/jpeg\" \/>\n<meta name=\"twitter:card\" content=\"summary_large_image\" \/>\n<script type=\"application\/ld+json\" class=\"yoast-schema-graph\">{\"@context\":\"https:\/\/schema.org\",\"@graph\":[{\"@type\":\"WebPage\",\"@id\":\"https:\/\/sakipsabancimuzesi.org\/shop\/urun\/moda\/pet-urunleri\/marbowl\/\",\"url\":\"https:\/\/sakipsabancimuzesi.org\/shop\/urun\/moda\/pet-urunleri\/marbowl\/\",\"name\":\"Marbowl - SSM Shop\",\"isPartOf\":{\"@id\":\"https:\/\/sakipsabancimuzesi.org\/shop\/#website\"},\"primaryImageOfPage\":{\"@id\":\"https:\/\/sakipsabancimuzesi.org\/shop\/urun\/moda\/pet-urunleri\/marbowl\/#primaryimage\"},\"image\":{\"@id\":\"https:\/\/sakipsabancimuzesi.org\/shop\/urun\/moda\/pet-urunleri\/marbowl\/#primaryimage\"},\"thumbnailUrl\":\"https:\/\/sakipsabancimuzesi.org\/shop\/wp-content\/uploads\/2023\/10\/Marbowl-Spilt-Ink-2-SSM.jpg\",\"datePublished\":\"2023-10-27T12:48:24+00:00\",\"dateModified\":\"2025-08-11T11:36:36+00:00\",\"breadcrumb\":{\"@id\":\"https:\/\/sakipsabancimuzesi.org\/shop\/urun\/moda\/pet-urunleri\/marbowl\/#breadcrumb\"},\"inLanguage\":\"tr\",\"potentialAction\":[{\"@type\":\"ReadAction\",\"target\":[\"https:\/\/sakipsabancimuzesi.org\/shop\/urun\/moda\/pet-urunleri\/marbowl\/\"]}]},{\"@type\":\"ImageObject\",\"inLanguage\":\"tr\",\"@id\":\"https:\/\/sakipsabancimuzesi.org\/shop\/urun\/moda\/pet-urunleri\/marbowl\/#primaryimage\",\"url\":\"https:\/\/sakipsabancimuzesi.org\/shop\/wp-content\/uploads\/2023\/10\/Marbowl-Spilt-Ink-2-SSM.jpg\",\"contentUrl\":\"https:\/\/sakipsabancimuzesi.org\/shop\/wp-content\/uploads\/2023\/10\/Marbowl-Spilt-Ink-2-SSM.jpg\",\"width\":1280,\"height\":1600},{\"@type\":\"BreadcrumbList\",\"@id\":\"https:\/\/sakipsabancimuzesi.org\/shop\/urun\/moda\/pet-urunleri\/marbowl\/#breadcrumb\",\"itemListElement\":[{\"@type\":\"ListItem\",\"position\":1,\"name\":\"Ana sayfa\",\"item\":\"https:\/\/sakipsabancimuzesi.org\/shop\/\"},{\"@type\":\"ListItem\",\"position\":2,\"name\":\"Shop\",\"item\":\"https:\/\/sakipsabancimuzesi.org\/shop\/shop\/\"},{\"@type\":\"ListItem\",\"position\":3,\"name\":\"Marbowl\"}]},{\"@type\":\"WebSite\",\"@id\":\"https:\/\/sakipsabancimuzesi.org\/shop\/#website\",\"url\":\"https:\/\/sakipsabancimuzesi.org\/shop\/\",\"name\":\"SSM Shop\",\"description\":\"Sak\u0131p Sabanc\u0131 M\u00fczesi, Ma\u011faza\",\"publisher\":{\"@id\":\"https:\/\/sakipsabancimuzesi.org\/shop\/#organization\"},\"potentialAction\":[{\"@type\":\"SearchAction\",\"target\":{\"@type\":\"EntryPoint\",\"urlTemplate\":\"https:\/\/sakipsabancimuzesi.org\/shop\/?s={search_term_string}\"},\"query-input\":{\"@type\":\"PropertyValueSpecification\",\"valueRequired\":true,\"valueName\":\"search_term_string\"}}],\"inLanguage\":\"tr\"},{\"@type\":\"Organization\",\"@id\":\"https:\/\/sakipsabancimuzesi.org\/shop\/#organization\",\"name\":\"SSM Shop\",\"url\":\"https:\/\/sakipsabancimuzesi.org\/shop\/\",\"logo\":{\"@type\":\"ImageObject\",\"inLanguage\":\"tr\",\"@id\":\"https:\/\/sakipsabancimuzesi.org\/shop\/#\/schema\/logo\/image\/\",\"url\":\"https:\/\/sakipsabancimuzesi.org\/shop\/wp-content\/uploads\/2019\/11\/logo.png\",\"contentUrl\":\"https:\/\/sakipsabancimuzesi.org\/shop\/wp-content\/uploads\/2019\/11\/logo.png\",\"width\":227,\"height\":87,\"caption\":\"SSM Shop\"},\"image\":{\"@id\":\"https:\/\/sakipsabancimuzesi.org\/shop\/#\/schema\/logo\/image\/\"},\"sameAs\":[\"https:\/\/www.facebook.com\/SakipSabanciMuzesi\/\"]}]}<\/script>\n<!-- \/ Yoast SEO plugin. -->","yoast_head_json":{"title":"Marbowl - SSM Shop","robots":{"index":"index","follow":"follow","max-snippet":"max-snippet:-1","max-image-preview":"max-image-preview:large","max-video-preview":"max-video-preview:-1"},"canonical":"https:\/\/sakipsabancimuzesi.org\/shop\/urun\/moda\/pet-urunleri\/marbowl\/","og_locale":"tr_TR","og_type":"article","og_title":"Marbowl - SSM Shop","og_description":"\u00d6zenle se\u00e7ilmis\u0327 dog\u0306al mermer bloklardan ve elde is\u0327lenmis\u0327 detaylarla \u00fcretilen St. Pia Marbowl, hem i\u00e7 hem de d\u0131s\u0327 mekan kullan\u0131m\u0131na uygun, g\u00fcvenli ve dayan\u0131kl\u0131 mama ve su kab\u0131d\u0131r. Malzemenin do\u011fal yap\u0131s\u0131 sebebiyle Marbowl kaplar kendi aralar\u0131nda ton ve damar farkl\u0131l\u0131klar\u0131 g\u00f6sterebilir","og_url":"https:\/\/sakipsabancimuzesi.org\/shop\/urun\/moda\/pet-urunleri\/marbowl\/","og_site_name":"SSM Shop","article_publisher":"https:\/\/www.facebook.com\/SakipSabanciMuzesi\/","article_modified_time":"2025-08-11T11:36:36+00:00","og_image":[{"width":1280,"height":1600,"url":"https:\/\/sakipsabancimuzesi.org\/shop\/wp-content\/uploads\/2023\/10\/Marbowl-Spilt-Ink-2-SSM.jpg","type":"image\/jpeg"}],"twitter_card":"summary_large_image","schema":{"@context":"https:\/\/schema.org","@graph":[{"@type":"WebPage","@id":"https:\/\/sakipsabancimuzesi.org\/shop\/urun\/moda\/pet-urunleri\/marbowl\/","url":"https:\/\/sakipsabancimuzesi.org\/shop\/urun\/moda\/pet-urunleri\/marbowl\/","name":"Marbowl - SSM Shop","isPartOf":{"@id":"https:\/\/sakipsabancimuzesi.org\/shop\/#website"},"primaryImageOfPage":{"@id":"https:\/\/sakipsabancimuzesi.org\/shop\/urun\/moda\/pet-urunleri\/marbowl\/#primaryimage"},"image":{"@id":"https:\/\/sakipsabancimuzesi.org\/shop\/urun\/moda\/pet-urunleri\/marbowl\/#primaryimage"},"thumbnailUrl":"https:\/\/sakipsabancimuzesi.org\/shop\/wp-content\/uploads\/2023\/10\/Marbowl-Spilt-Ink-2-SSM.jpg","datePublished":"2023-10-27T12:48:24+00:00","dateModified":"2025-08-11T11:36:36+00:00","breadcrumb":{"@id":"https:\/\/sakipsabancimuzesi.org\/shop\/urun\/moda\/pet-urunleri\/marbowl\/#breadcrumb"},"inLanguage":"tr","potentialAction":[{"@type":"ReadAction","target":["https:\/\/sakipsabancimuzesi.org\/shop\/urun\/moda\/pet-urunleri\/marbowl\/"]}]},{"@type":"ImageObject","inLanguage":"tr","@id":"https:\/\/sakipsabancimuzesi.org\/shop\/urun\/moda\/pet-urunleri\/marbowl\/#primaryimage","url":"https:\/\/sakipsabancimuzesi.org\/shop\/wp-content\/uploads\/2023\/10\/Marbowl-Spilt-Ink-2-SSM.jpg","contentUrl":"https:\/\/sakipsabancimuzesi.org\/shop\/wp-content\/uploads\/2023\/10\/Marbowl-Spilt-Ink-2-SSM.jpg","width":1280,"height":1600},{"@type":"BreadcrumbList","@id":"https:\/\/sakipsabancimuzesi.org\/shop\/urun\/moda\/pet-urunleri\/marbowl\/#breadcrumb","itemListElement":[{"@type":"ListItem","position":1,"name":"Ana sayfa","item":"https:\/\/sakipsabancimuzesi.org\/shop\/"},{"@type":"ListItem","position":2,"name":"Shop","item":"https:\/\/sakipsabancimuzesi.org\/shop\/shop\/"},{"@type":"ListItem","position":3,"name":"Marbowl"}]},{"@type":"WebSite","@id":"https:\/\/sakipsabancimuzesi.org\/shop\/#website","url":"https:\/\/sakipsabancimuzesi.org\/shop\/","name":"SSM Shop","description":"Sak\u0131p Sabanc\u0131 M\u00fczesi, Ma\u011faza","publisher":{"@id":"https:\/\/sakipsabancimuzesi.org\/shop\/#organization"},"potentialAction":[{"@type":"SearchAction","target":{"@type":"EntryPoint","urlTemplate":"https:\/\/sakipsabancimuzesi.org\/shop\/?s={search_term_string}"},"query-input":{"@type":"PropertyValueSpecification","valueRequired":true,"valueName":"search_term_string"}}],"inLanguage":"tr"},{"@type":"Organization","@id":"https:\/\/sakipsabancimuzesi.org\/shop\/#organization","name":"SSM Shop","url":"https:\/\/sakipsabancimuzesi.org\/shop\/","logo":{"@type":"ImageObject","inLanguage":"tr","@id":"https:\/\/sakipsabancimuzesi.org\/shop\/#\/schema\/logo\/image\/","url":"https:\/\/sakipsabancimuzesi.org\/shop\/wp-content\/uploads\/2019\/11\/logo.png","contentUrl":"https:\/\/sakipsabancimuzesi.org\/shop\/wp-content\/uploads\/2019\/11\/logo.png","width":227,"height":87,"caption":"SSM Shop"},"image":{"@id":"https:\/\/sakipsabancimuzesi.org\/shop\/#\/schema\/logo\/image\/"},"sameAs":["https:\/\/www.facebook.com\/SakipSabanciMuzesi\/"]}]}},"jetpack_sharing_enabled":true,"_links":{"self":[{"href":"https:\/\/sakipsabancimuzesi.org\/shop\/wp-json\/wp\/v2\/product\/262023","targetHints":{"allow":["GET"]}}],"collection":[{"href":"https:\/\/sakipsabancimuzesi.org\/shop\/wp-json\/wp\/v2\/product"}],"about":[{"href":"https:\/\/sakipsabancimuzesi.org\/shop\/wp-json\/wp\/v2\/types\/product"}],"wp:featuredmedia":[{"embeddable":true,"href":"https:\/\/sakipsabancimuzesi.org\/shop\/wp-json\/wp\/v2\/media\/262040"}],"wp:attachment":[{"href":"https:\/\/sakipsabancimuzesi.org\/shop\/wp-json\/wp\/v2\/media?parent=262023"}],"wp:term":[{"taxonomy":"product_brand","embeddable":true,"href":"https:\/\/sakipsabancimuzesi.org\/shop\/wp-json\/wp\/v2\/product_brand?post=262023"},{"taxonomy":"product_cat","embeddable":true,"href":"https:\/\/sakipsabancimuzesi.org\/shop\/wp-json\/wp\/v2\/product_cat?post=262023"},{"taxonomy":"product_tag","embeddable":true,"href":"https:\/\/sakipsabancimuzesi.org\/shop\/wp-json\/wp\/v2\/product_tag?post=262023"},{"taxonomy":"woo-feed-brand","embeddable":true,"href":"https:\/\/sakipsabancimuzesi.org\/shop\/wp-json\/wp\/v2\/woo-feed-brand?post=262023"}],"curies":[{"name":"wp","href":"https:\/\/api.w.org\/{rel}","templated":true}]}}