{"id":262095,"date":"2023-11-02T15:13:56","date_gmt":"2023-11-02T12:13:56","guid":{"rendered":"https:\/\/sakipsabancimuzesi.org\/shop\/?post_type=product&#038;p=262095"},"modified":"2026-03-26T12:06:46","modified_gmt":"2026-03-26T09:06:46","slug":"yayoi-kusama-buradan-sonsuzluga","status":"publish","type":"product","link":"https:\/\/sakipsabancimuzesi.org\/shop\/urun\/cocuk-ve-oyun\/cocuk-kitaplari-cocuk-ve-oyun\/yayoi-kusama-buradan-sonsuzluga\/","title":{"rendered":"Yayoi Kusama &#8211; Buradan Sonsuzlu\u011fa"},"content":{"rendered":"<p>New York Modern Sanat M\u00fczesi (MoMA)\u2019n\u0131n \u00e7ocuklar i\u00e7in haz\u0131rlad\u0131\u011f\u0131 kitaplardan be\u015fincisi T\u00fcrk\u00e7ede! Yayoi Kusama, hep sanat\u00e7\u0131 olmak istemi\u015fti. Japonya\u2019da b\u00fcy\u00fcrken d\u00fcnyay\u0131 sonsuz noktalar zinciri olarak hayal ediyor, hayalinde g\u00f6rd\u00fcklerinin ya\u011fl\u0131 boya resimlerini ve \u00e7izimlerini yap\u0131yordu. Yirmi sekiz ya\u015f\u0131ndayken ta\u015f\u0131nd\u0131\u011f\u0131 New York\u2019ta resimleri, heykelleri ve performans sanat\u0131yla \u00fcnl\u00fc oldu. Bug\u00fcn d\u00fcnyan\u0131n en pop\u00fcler sanat\u00e7\u0131lar\u0131ndan biri kabul edilen Yayoi Kusama\u2019n\u0131n eserlerini bir \u00e7ok m\u00fczede g\u00f6rebilirsiniz. Kusama\u2019n\u0131n yedi eserini sayfalar\u0131na ta\u015f\u0131yan Yayoi Kusama \u2013 Buradan Sonsuzlu\u011fa adl\u0131 bu kitap, d\u00fcnyay\u0131 buradan sonsuzlu\u011fa noktalarla kaplayan bir sanat\u00e7\u0131n\u0131n \u00f6yk\u00fcs\u00fcn\u00fc\u00a0anlat\u0131yor.<\/p>\n","protected":false},"excerpt":{"rendered":"<p>New York Modern Sanat M\u00fczesi (MoMA)\u2019n\u0131n \u00e7ocuklar i\u00e7in haz\u0131rlad\u0131\u011f\u0131 kitaplardan be\u015fincisi T\u00fcrk\u00e7ede! Yayoi Kusama, hep sanat\u00e7\u0131 olmak istemi\u015fti. Japonya\u2019da b\u00fcy\u00fcrken d\u00fcnyay\u0131 sonsuz noktalar zinciri olarak hayal ediyor, hayalinde g\u00f6rd\u00fcklerinin ya\u011fl\u0131 boya resimlerini ve \u00e7izimlerini yap\u0131yordu. Yirmi sekiz ya\u015f\u0131ndayken ta\u015f\u0131nd\u0131\u011f\u0131 New York\u2019ta resimleri, heykelleri ve performans sanat\u0131yla \u00fcnl\u00fc oldu. Bug\u00fcn d\u00fcnyan\u0131n en pop\u00fcler sanat\u00e7\u0131lar\u0131ndan biri kabul [&#8230;]\n","protected":false},"featured_media":262096,"template":"","meta":{"_exactmetrics_skip_tracking":false,"_exactmetrics_sitenote_active":false,"_exactmetrics_sitenote_note":"","_exactmetrics_sitenote_category":0},"product_brand":[],"product_cat":[628,760],"product_tag":[],"woo-feed-brand":[],"class_list":{"0":"post-262095","1":"product","2":"type-product","3":"status-publish","4":"has-post-thumbnail","6":"product_cat-cocuk-ve-oyun","7":"product_cat-cocuk-kitaplari-cocuk-ve-oyun","9":"first","10":"instock","11":"taxable","12":"shipping-taxable","13":"purchasable","14":"product-type-simple"},"yoast_head":"<!-- This site is optimized with the Yoast SEO plugin v27.1.1 - https:\/\/yoast.com\/product\/yoast-seo-wordpress\/ -->\n<title>Yayoi Kusama - Buradan Sonsuzlu\u011fa - SSM Shop<\/title>\n<meta name=\"robots\" content=\"index, follow, max-snippet:-1, max-image-preview:large, max-video-preview:-1\" \/>\n<link rel=\"canonical\" href=\"https:\/\/sakipsabancimuzesi.org\/shop\/urun\/cocuk-ve-oyun\/cocuk-kitaplari-cocuk-ve-oyun\/yayoi-kusama-buradan-sonsuzluga\/\" \/>\n<meta property=\"og:locale\" content=\"tr_TR\" \/>\n<meta property=\"og:type\" content=\"article\" \/>\n<meta property=\"og:title\" content=\"Yayoi Kusama - Buradan Sonsuzlu\u011fa - SSM Shop\" \/>\n<meta property=\"og:description\" content=\"New York Modern Sanat M\u00fczesi (MoMA)\u2019n\u0131n \u00e7ocuklar i\u00e7in haz\u0131rlad\u0131\u011f\u0131 kitaplardan be\u015fincisi T\u00fcrk\u00e7ede! Yayoi Kusama, hep sanat\u00e7\u0131 olmak istemi\u015fti. Japonya\u2019da b\u00fcy\u00fcrken d\u00fcnyay\u0131 sonsuz noktalar zinciri olarak hayal ediyor, hayalinde g\u00f6rd\u00fcklerinin ya\u011fl\u0131 boya resimlerini ve \u00e7izimlerini yap\u0131yordu. Yirmi sekiz ya\u015f\u0131ndayken ta\u015f\u0131nd\u0131\u011f\u0131 New York\u2019ta resimleri, heykelleri ve performans sanat\u0131yla \u00fcnl\u00fc oldu. Bug\u00fcn d\u00fcnyan\u0131n en pop\u00fcler sanat\u00e7\u0131lar\u0131ndan biri kabul [...]\" \/>\n<meta property=\"og:url\" content=\"https:\/\/sakipsabancimuzesi.org\/shop\/urun\/cocuk-ve-oyun\/cocuk-kitaplari-cocuk-ve-oyun\/yayoi-kusama-buradan-sonsuzluga\/\" \/>\n<meta property=\"og:site_name\" content=\"SSM Shop\" \/>\n<meta property=\"article:publisher\" content=\"https:\/\/www.facebook.com\/SakipSabanciMuzesi\/\" \/>\n<meta property=\"article:modified_time\" content=\"2026-03-26T09:06:46+00:00\" \/>\n<meta property=\"og:image\" content=\"https:\/\/sakipsabancimuzesi.org\/shop\/wp-content\/uploads\/2023\/11\/Yayoi-Kusama.jpg\" \/>\n\t<meta property=\"og:image:width\" content=\"1280\" \/>\n\t<meta property=\"og:image:height\" content=\"1600\" \/>\n\t<meta property=\"og:image:type\" content=\"image\/jpeg\" \/>\n<meta name=\"twitter:card\" content=\"summary_large_image\" \/>\n<meta name=\"twitter:label1\" content=\"Tahmini okuma s\u00fcresi\" \/>\n\t<meta name=\"twitter:data1\" content=\"1 dakika\" \/>\n<script type=\"application\/ld+json\" class=\"yoast-schema-graph\">{\"@context\":\"https:\/\/schema.org\",\"@graph\":[{\"@type\":\"WebPage\",\"@id\":\"https:\/\/sakipsabancimuzesi.org\/shop\/urun\/cocuk-ve-oyun\/cocuk-kitaplari-cocuk-ve-oyun\/yayoi-kusama-buradan-sonsuzluga\/\",\"url\":\"https:\/\/sakipsabancimuzesi.org\/shop\/urun\/cocuk-ve-oyun\/cocuk-kitaplari-cocuk-ve-oyun\/yayoi-kusama-buradan-sonsuzluga\/\",\"name\":\"Yayoi Kusama - Buradan Sonsuzlu\u011fa - SSM Shop\",\"isPartOf\":{\"@id\":\"https:\/\/sakipsabancimuzesi.org\/shop\/#website\"},\"primaryImageOfPage\":{\"@id\":\"https:\/\/sakipsabancimuzesi.org\/shop\/urun\/cocuk-ve-oyun\/cocuk-kitaplari-cocuk-ve-oyun\/yayoi-kusama-buradan-sonsuzluga\/#primaryimage\"},\"image\":{\"@id\":\"https:\/\/sakipsabancimuzesi.org\/shop\/urun\/cocuk-ve-oyun\/cocuk-kitaplari-cocuk-ve-oyun\/yayoi-kusama-buradan-sonsuzluga\/#primaryimage\"},\"thumbnailUrl\":\"https:\/\/sakipsabancimuzesi.org\/shop\/wp-content\/uploads\/2023\/11\/Yayoi-Kusama.jpg\",\"datePublished\":\"2023-11-02T12:13:56+00:00\",\"dateModified\":\"2026-03-26T09:06:46+00:00\",\"breadcrumb\":{\"@id\":\"https:\/\/sakipsabancimuzesi.org\/shop\/urun\/cocuk-ve-oyun\/cocuk-kitaplari-cocuk-ve-oyun\/yayoi-kusama-buradan-sonsuzluga\/#breadcrumb\"},\"inLanguage\":\"tr\",\"potentialAction\":[{\"@type\":\"ReadAction\",\"target\":[\"https:\/\/sakipsabancimuzesi.org\/shop\/urun\/cocuk-ve-oyun\/cocuk-kitaplari-cocuk-ve-oyun\/yayoi-kusama-buradan-sonsuzluga\/\"]}]},{\"@type\":\"ImageObject\",\"inLanguage\":\"tr\",\"@id\":\"https:\/\/sakipsabancimuzesi.org\/shop\/urun\/cocuk-ve-oyun\/cocuk-kitaplari-cocuk-ve-oyun\/yayoi-kusama-buradan-sonsuzluga\/#primaryimage\",\"url\":\"https:\/\/sakipsabancimuzesi.org\/shop\/wp-content\/uploads\/2023\/11\/Yayoi-Kusama.jpg\",\"contentUrl\":\"https:\/\/sakipsabancimuzesi.org\/shop\/wp-content\/uploads\/2023\/11\/Yayoi-Kusama.jpg\",\"width\":1280,\"height\":1600},{\"@type\":\"BreadcrumbList\",\"@id\":\"https:\/\/sakipsabancimuzesi.org\/shop\/urun\/cocuk-ve-oyun\/cocuk-kitaplari-cocuk-ve-oyun\/yayoi-kusama-buradan-sonsuzluga\/#breadcrumb\",\"itemListElement\":[{\"@type\":\"ListItem\",\"position\":1,\"name\":\"Ana sayfa\",\"item\":\"https:\/\/sakipsabancimuzesi.org\/shop\/\"},{\"@type\":\"ListItem\",\"position\":2,\"name\":\"Shop\",\"item\":\"https:\/\/sakipsabancimuzesi.org\/shop\/shop\/\"},{\"@type\":\"ListItem\",\"position\":3,\"name\":\"Yayoi Kusama &#8211; Buradan Sonsuzlu\u011fa\"}]},{\"@type\":\"WebSite\",\"@id\":\"https:\/\/sakipsabancimuzesi.org\/shop\/#website\",\"url\":\"https:\/\/sakipsabancimuzesi.org\/shop\/\",\"name\":\"SSM Shop\",\"description\":\"Sak\u0131p Sabanc\u0131 M\u00fczesi, Ma\u011faza\",\"publisher\":{\"@id\":\"https:\/\/sakipsabancimuzesi.org\/shop\/#organization\"},\"potentialAction\":[{\"@type\":\"SearchAction\",\"target\":{\"@type\":\"EntryPoint\",\"urlTemplate\":\"https:\/\/sakipsabancimuzesi.org\/shop\/?s={search_term_string}\"},\"query-input\":{\"@type\":\"PropertyValueSpecification\",\"valueRequired\":true,\"valueName\":\"search_term_string\"}}],\"inLanguage\":\"tr\"},{\"@type\":\"Organization\",\"@id\":\"https:\/\/sakipsabancimuzesi.org\/shop\/#organization\",\"name\":\"SSM Shop\",\"url\":\"https:\/\/sakipsabancimuzesi.org\/shop\/\",\"logo\":{\"@type\":\"ImageObject\",\"inLanguage\":\"tr\",\"@id\":\"https:\/\/sakipsabancimuzesi.org\/shop\/#\/schema\/logo\/image\/\",\"url\":\"https:\/\/sakipsabancimuzesi.org\/shop\/wp-content\/uploads\/2019\/11\/logo.png\",\"contentUrl\":\"https:\/\/sakipsabancimuzesi.org\/shop\/wp-content\/uploads\/2019\/11\/logo.png\",\"width\":227,\"height\":87,\"caption\":\"SSM Shop\"},\"image\":{\"@id\":\"https:\/\/sakipsabancimuzesi.org\/shop\/#\/schema\/logo\/image\/\"},\"sameAs\":[\"https:\/\/www.facebook.com\/SakipSabanciMuzesi\/\"]}]}<\/script>\n<!-- \/ Yoast SEO plugin. -->","yoast_head_json":{"title":"Yayoi Kusama - Buradan Sonsuzlu\u011fa - SSM Shop","robots":{"index":"index","follow":"follow","max-snippet":"max-snippet:-1","max-image-preview":"max-image-preview:large","max-video-preview":"max-video-preview:-1"},"canonical":"https:\/\/sakipsabancimuzesi.org\/shop\/urun\/cocuk-ve-oyun\/cocuk-kitaplari-cocuk-ve-oyun\/yayoi-kusama-buradan-sonsuzluga\/","og_locale":"tr_TR","og_type":"article","og_title":"Yayoi Kusama - Buradan Sonsuzlu\u011fa - SSM Shop","og_description":"New York Modern Sanat M\u00fczesi (MoMA)\u2019n\u0131n \u00e7ocuklar i\u00e7in haz\u0131rlad\u0131\u011f\u0131 kitaplardan be\u015fincisi T\u00fcrk\u00e7ede! Yayoi Kusama, hep sanat\u00e7\u0131 olmak istemi\u015fti. Japonya\u2019da b\u00fcy\u00fcrken d\u00fcnyay\u0131 sonsuz noktalar zinciri olarak hayal ediyor, hayalinde g\u00f6rd\u00fcklerinin ya\u011fl\u0131 boya resimlerini ve \u00e7izimlerini yap\u0131yordu. Yirmi sekiz ya\u015f\u0131ndayken ta\u015f\u0131nd\u0131\u011f\u0131 New York\u2019ta resimleri, heykelleri ve performans sanat\u0131yla \u00fcnl\u00fc oldu. Bug\u00fcn d\u00fcnyan\u0131n en pop\u00fcler sanat\u00e7\u0131lar\u0131ndan biri kabul [...]","og_url":"https:\/\/sakipsabancimuzesi.org\/shop\/urun\/cocuk-ve-oyun\/cocuk-kitaplari-cocuk-ve-oyun\/yayoi-kusama-buradan-sonsuzluga\/","og_site_name":"SSM Shop","article_publisher":"https:\/\/www.facebook.com\/SakipSabanciMuzesi\/","article_modified_time":"2026-03-26T09:06:46+00:00","og_image":[{"width":1280,"height":1600,"url":"https:\/\/sakipsabancimuzesi.org\/shop\/wp-content\/uploads\/2023\/11\/Yayoi-Kusama.jpg","type":"image\/jpeg"}],"twitter_card":"summary_large_image","twitter_misc":{"Tahmini okuma s\u00fcresi":"1 dakika"},"schema":{"@context":"https:\/\/schema.org","@graph":[{"@type":"WebPage","@id":"https:\/\/sakipsabancimuzesi.org\/shop\/urun\/cocuk-ve-oyun\/cocuk-kitaplari-cocuk-ve-oyun\/yayoi-kusama-buradan-sonsuzluga\/","url":"https:\/\/sakipsabancimuzesi.org\/shop\/urun\/cocuk-ve-oyun\/cocuk-kitaplari-cocuk-ve-oyun\/yayoi-kusama-buradan-sonsuzluga\/","name":"Yayoi Kusama - Buradan Sonsuzlu\u011fa - SSM Shop","isPartOf":{"@id":"https:\/\/sakipsabancimuzesi.org\/shop\/#website"},"primaryImageOfPage":{"@id":"https:\/\/sakipsabancimuzesi.org\/shop\/urun\/cocuk-ve-oyun\/cocuk-kitaplari-cocuk-ve-oyun\/yayoi-kusama-buradan-sonsuzluga\/#primaryimage"},"image":{"@id":"https:\/\/sakipsabancimuzesi.org\/shop\/urun\/cocuk-ve-oyun\/cocuk-kitaplari-cocuk-ve-oyun\/yayoi-kusama-buradan-sonsuzluga\/#primaryimage"},"thumbnailUrl":"https:\/\/sakipsabancimuzesi.org\/shop\/wp-content\/uploads\/2023\/11\/Yayoi-Kusama.jpg","datePublished":"2023-11-02T12:13:56+00:00","dateModified":"2026-03-26T09:06:46+00:00","breadcrumb":{"@id":"https:\/\/sakipsabancimuzesi.org\/shop\/urun\/cocuk-ve-oyun\/cocuk-kitaplari-cocuk-ve-oyun\/yayoi-kusama-buradan-sonsuzluga\/#breadcrumb"},"inLanguage":"tr","potentialAction":[{"@type":"ReadAction","target":["https:\/\/sakipsabancimuzesi.org\/shop\/urun\/cocuk-ve-oyun\/cocuk-kitaplari-cocuk-ve-oyun\/yayoi-kusama-buradan-sonsuzluga\/"]}]},{"@type":"ImageObject","inLanguage":"tr","@id":"https:\/\/sakipsabancimuzesi.org\/shop\/urun\/cocuk-ve-oyun\/cocuk-kitaplari-cocuk-ve-oyun\/yayoi-kusama-buradan-sonsuzluga\/#primaryimage","url":"https:\/\/sakipsabancimuzesi.org\/shop\/wp-content\/uploads\/2023\/11\/Yayoi-Kusama.jpg","contentUrl":"https:\/\/sakipsabancimuzesi.org\/shop\/wp-content\/uploads\/2023\/11\/Yayoi-Kusama.jpg","width":1280,"height":1600},{"@type":"BreadcrumbList","@id":"https:\/\/sakipsabancimuzesi.org\/shop\/urun\/cocuk-ve-oyun\/cocuk-kitaplari-cocuk-ve-oyun\/yayoi-kusama-buradan-sonsuzluga\/#breadcrumb","itemListElement":[{"@type":"ListItem","position":1,"name":"Ana sayfa","item":"https:\/\/sakipsabancimuzesi.org\/shop\/"},{"@type":"ListItem","position":2,"name":"Shop","item":"https:\/\/sakipsabancimuzesi.org\/shop\/shop\/"},{"@type":"ListItem","position":3,"name":"Yayoi Kusama &#8211; Buradan Sonsuzlu\u011fa"}]},{"@type":"WebSite","@id":"https:\/\/sakipsabancimuzesi.org\/shop\/#website","url":"https:\/\/sakipsabancimuzesi.org\/shop\/","name":"SSM Shop","description":"Sak\u0131p Sabanc\u0131 M\u00fczesi, Ma\u011faza","publisher":{"@id":"https:\/\/sakipsabancimuzesi.org\/shop\/#organization"},"potentialAction":[{"@type":"SearchAction","target":{"@type":"EntryPoint","urlTemplate":"https:\/\/sakipsabancimuzesi.org\/shop\/?s={search_term_string}"},"query-input":{"@type":"PropertyValueSpecification","valueRequired":true,"valueName":"search_term_string"}}],"inLanguage":"tr"},{"@type":"Organization","@id":"https:\/\/sakipsabancimuzesi.org\/shop\/#organization","name":"SSM Shop","url":"https:\/\/sakipsabancimuzesi.org\/shop\/","logo":{"@type":"ImageObject","inLanguage":"tr","@id":"https:\/\/sakipsabancimuzesi.org\/shop\/#\/schema\/logo\/image\/","url":"https:\/\/sakipsabancimuzesi.org\/shop\/wp-content\/uploads\/2019\/11\/logo.png","contentUrl":"https:\/\/sakipsabancimuzesi.org\/shop\/wp-content\/uploads\/2019\/11\/logo.png","width":227,"height":87,"caption":"SSM Shop"},"image":{"@id":"https:\/\/sakipsabancimuzesi.org\/shop\/#\/schema\/logo\/image\/"},"sameAs":["https:\/\/www.facebook.com\/SakipSabanciMuzesi\/"]}]}},"jetpack_sharing_enabled":true,"_links":{"self":[{"href":"https:\/\/sakipsabancimuzesi.org\/shop\/wp-json\/wp\/v2\/product\/262095","targetHints":{"allow":["GET"]}}],"collection":[{"href":"https:\/\/sakipsabancimuzesi.org\/shop\/wp-json\/wp\/v2\/product"}],"about":[{"href":"https:\/\/sakipsabancimuzesi.org\/shop\/wp-json\/wp\/v2\/types\/product"}],"wp:featuredmedia":[{"embeddable":true,"href":"https:\/\/sakipsabancimuzesi.org\/shop\/wp-json\/wp\/v2\/media\/262096"}],"wp:attachment":[{"href":"https:\/\/sakipsabancimuzesi.org\/shop\/wp-json\/wp\/v2\/media?parent=262095"}],"wp:term":[{"taxonomy":"product_brand","embeddable":true,"href":"https:\/\/sakipsabancimuzesi.org\/shop\/wp-json\/wp\/v2\/product_brand?post=262095"},{"taxonomy":"product_cat","embeddable":true,"href":"https:\/\/sakipsabancimuzesi.org\/shop\/wp-json\/wp\/v2\/product_cat?post=262095"},{"taxonomy":"product_tag","embeddable":true,"href":"https:\/\/sakipsabancimuzesi.org\/shop\/wp-json\/wp\/v2\/product_tag?post=262095"},{"taxonomy":"woo-feed-brand","embeddable":true,"href":"https:\/\/sakipsabancimuzesi.org\/shop\/wp-json\/wp\/v2\/woo-feed-brand?post=262095"}],"curies":[{"name":"wp","href":"https:\/\/api.w.org\/{rel}","templated":true}]}}