{"id":262156,"date":"2023-11-17T14:41:52","date_gmt":"2023-11-17T11:41:52","guid":{"rendered":"https:\/\/sakipsabancimuzesi.org\/shop\/?post_type=product&#038;p=262156"},"modified":"2026-02-09T10:18:01","modified_gmt":"2026-02-09T07:18:01","slug":"greta-devlere-karsi","status":"publish","type":"product","link":"https:\/\/sakipsabancimuzesi.org\/shop\/urun\/yayin-ve-multimedya\/cocuk-kitaplari\/greta-devlere-karsi\/","title":{"rendered":"Greta Devlere Kar\u015f\u0131"},"content":{"rendered":"<p>Greta, iklim krizine kar\u015f\u0131 bir t\u00fcrl\u00fc yeterli tepkiyi g\u00f6stermeyen kendi h\u00fck\u00fcmetini protesto etmek i\u00e7in yola \u00e7\u0131kt\u0131\u011f\u0131nda okul arkada\u015flar\u0131 ve yak\u0131n \u00e7evresi d\u0131\u015f\u0131nda pek kimsenin tan\u0131mad\u0131\u011f\u0131 k\u00fc\u00e7\u00fck bir k\u0131z \u00e7ocu\u011fuydu.<\/p>\n<p>Bu \u00e7abayla ge\u00e7en 5 y\u0131lda ise \u00e7ok \u015fey de\u011fi\u015fti: Greta art\u0131k 20 ya\u015f\u0131na basm\u0131\u015f, d\u00fcnyan\u0131n d\u00f6rt bir yan\u0131ndaki protestolara ve toplant\u0131lara art\u0131k yaln\u0131z kat\u0131lmayan bir gen\u00e7. 2018 y\u0131l\u0131nda \u0130sve\u00e7 Parlamentosu\u2019nun \u00f6n\u00fcnde, k\u00fc\u00e7\u00fcc\u00fck bir karton d\u00f6vizle protestosuna ba\u015flad\u0131\u011f\u0131ndan bu yana, d\u00fcnyan\u0131n d\u00f6rt bir yan\u0131ndan milyonlarca gen\u00e7 ve vicdanl\u0131 insan yola koyuldu. Greta\u2019n\u0131n verdi\u011fi ilham, iklim krizi konusundaki hareketlerin b\u00fcy\u00fcmesinde \u00e7ok \u00f6nemli bir rol oynad\u0131.<\/p>\n<p>Bu kitap, Greta\u2019n\u0131n verdi\u011fi ilhamla yaz\u0131ld\u0131. Oturup bir solukta oturup okuyaca\u011f\u0131n\u0131z; resimlerini ise uzun uzun inceleyece\u011finiz bu kitab\u0131n ismi ipucunu veriyor asl\u0131nda. \u201cGreta Devlere Kar\u015f\u0131\u201d, ayn\u0131 masallardaki gibi. Kitab\u0131 okuyup bitirdi\u011finizde g\u00f6receksiniz; asl\u0131nda bu i\u015ften devler de memnun de\u011fil; cesaretli ve a\u00e7\u0131k s\u00f6zl\u00fc bir y\u00fcre\u011fin de\u011fi\u015fimine onlar da dahil olabilir&#8230;<\/p>\n<p>Greta\u2019n\u0131n hik\u00e2yesinde de g\u00f6rd\u00fc\u011f\u00fcm\u00fcz gibi unutmamam\u0131z gerekiyor ki \u201cHi\u00e7 kimse bir fark yaratmak i\u00e7in k\u00fc\u00e7\u00fck de\u011fildir.\u201d O y\u00fczden gelin kimseyi beklemeyelim, hayal etti\u011fimiz de\u011fi\u015fimin kendisi olal\u0131m.<\/p>\n","protected":false},"excerpt":{"rendered":"<p>Greta, iklim krizine kar\u015f\u0131 bir t\u00fcrl\u00fc yeterli tepkiyi g\u00f6stermeyen kendi h\u00fck\u00fcmetini protesto etmek i\u00e7in yola \u00e7\u0131kt\u0131\u011f\u0131nda okul arkada\u015flar\u0131 ve yak\u0131n \u00e7evresi d\u0131\u015f\u0131nda pek kimsenin tan\u0131mad\u0131\u011f\u0131 k\u00fc\u00e7\u00fck bir k\u0131z \u00e7ocu\u011fuydu. Bu \u00e7abayla ge\u00e7en 5 y\u0131lda ise \u00e7ok \u015fey de\u011fi\u015fti: Greta art\u0131k 20 ya\u015f\u0131na basm\u0131\u015f, d\u00fcnyan\u0131n d\u00f6rt bir yan\u0131ndaki protestolara ve toplant\u0131lara art\u0131k yaln\u0131z kat\u0131lmayan bir gen\u00e7. [&#8230;]\n","protected":false},"featured_media":262157,"template":"","meta":{"_exactmetrics_skip_tracking":false,"_exactmetrics_sitenote_active":false,"_exactmetrics_sitenote_note":"","_exactmetrics_sitenote_category":0},"product_brand":[],"product_cat":[628,662,665,760],"product_tag":[],"woo-feed-brand":[],"class_list":{"0":"post-262156","1":"product","2":"type-product","3":"status-publish","4":"has-post-thumbnail","6":"product_cat-cocuk-ve-oyun","7":"product_cat-yayin-ve-multimedya","8":"product_cat-cocuk-kitaplari","9":"product_cat-cocuk-kitaplari-cocuk-ve-oyun","11":"first","12":"instock","13":"taxable","14":"shipping-taxable","15":"purchasable","16":"product-type-simple"},"yoast_head":"<!-- This site is optimized with the Yoast SEO plugin v27.1.1 - https:\/\/yoast.com\/product\/yoast-seo-wordpress\/ -->\n<title>Greta Devlere Kar\u015f\u0131 - SSM Shop<\/title>\n<meta name=\"robots\" content=\"index, follow, max-snippet:-1, max-image-preview:large, max-video-preview:-1\" \/>\n<link rel=\"canonical\" href=\"https:\/\/sakipsabancimuzesi.org\/shop\/urun\/yayin-ve-multimedya\/cocuk-kitaplari\/greta-devlere-karsi\/\" \/>\n<meta property=\"og:locale\" content=\"tr_TR\" \/>\n<meta property=\"og:type\" content=\"article\" \/>\n<meta property=\"og:title\" content=\"Greta Devlere Kar\u015f\u0131 - SSM Shop\" \/>\n<meta property=\"og:description\" content=\"Greta, iklim krizine kar\u015f\u0131 bir t\u00fcrl\u00fc yeterli tepkiyi g\u00f6stermeyen kendi h\u00fck\u00fcmetini protesto etmek i\u00e7in yola \u00e7\u0131kt\u0131\u011f\u0131nda okul arkada\u015flar\u0131 ve yak\u0131n \u00e7evresi d\u0131\u015f\u0131nda pek kimsenin tan\u0131mad\u0131\u011f\u0131 k\u00fc\u00e7\u00fck bir k\u0131z \u00e7ocu\u011fuydu. Bu \u00e7abayla ge\u00e7en 5 y\u0131lda ise \u00e7ok \u015fey de\u011fi\u015fti: Greta art\u0131k 20 ya\u015f\u0131na basm\u0131\u015f, d\u00fcnyan\u0131n d\u00f6rt bir yan\u0131ndaki protestolara ve toplant\u0131lara art\u0131k yaln\u0131z kat\u0131lmayan bir gen\u00e7. [...]\" \/>\n<meta property=\"og:url\" content=\"https:\/\/sakipsabancimuzesi.org\/shop\/urun\/yayin-ve-multimedya\/cocuk-kitaplari\/greta-devlere-karsi\/\" \/>\n<meta property=\"og:site_name\" content=\"SSM Shop\" \/>\n<meta property=\"article:publisher\" content=\"https:\/\/www.facebook.com\/SakipSabanciMuzesi\/\" \/>\n<meta property=\"article:modified_time\" content=\"2026-02-09T07:18:01+00:00\" \/>\n<meta property=\"og:image\" content=\"https:\/\/sakipsabancimuzesi.org\/shop\/wp-content\/uploads\/2023\/11\/greta-devlere-karsi.jpg\" \/>\n\t<meta property=\"og:image:width\" content=\"1280\" \/>\n\t<meta property=\"og:image:height\" content=\"1600\" \/>\n\t<meta property=\"og:image:type\" content=\"image\/jpeg\" \/>\n<meta name=\"twitter:card\" content=\"summary_large_image\" \/>\n<meta name=\"twitter:label1\" content=\"Tahmini okuma s\u00fcresi\" \/>\n\t<meta name=\"twitter:data1\" content=\"1 dakika\" \/>\n<script type=\"application\/ld+json\" class=\"yoast-schema-graph\">{\"@context\":\"https:\/\/schema.org\",\"@graph\":[{\"@type\":\"WebPage\",\"@id\":\"https:\/\/sakipsabancimuzesi.org\/shop\/urun\/yayin-ve-multimedya\/cocuk-kitaplari\/greta-devlere-karsi\/\",\"url\":\"https:\/\/sakipsabancimuzesi.org\/shop\/urun\/yayin-ve-multimedya\/cocuk-kitaplari\/greta-devlere-karsi\/\",\"name\":\"Greta Devlere Kar\u015f\u0131 - SSM Shop\",\"isPartOf\":{\"@id\":\"https:\/\/sakipsabancimuzesi.org\/shop\/#website\"},\"primaryImageOfPage\":{\"@id\":\"https:\/\/sakipsabancimuzesi.org\/shop\/urun\/yayin-ve-multimedya\/cocuk-kitaplari\/greta-devlere-karsi\/#primaryimage\"},\"image\":{\"@id\":\"https:\/\/sakipsabancimuzesi.org\/shop\/urun\/yayin-ve-multimedya\/cocuk-kitaplari\/greta-devlere-karsi\/#primaryimage\"},\"thumbnailUrl\":\"https:\/\/sakipsabancimuzesi.org\/shop\/wp-content\/uploads\/2023\/11\/greta-devlere-karsi.jpg\",\"datePublished\":\"2023-11-17T11:41:52+00:00\",\"dateModified\":\"2026-02-09T07:18:01+00:00\",\"breadcrumb\":{\"@id\":\"https:\/\/sakipsabancimuzesi.org\/shop\/urun\/yayin-ve-multimedya\/cocuk-kitaplari\/greta-devlere-karsi\/#breadcrumb\"},\"inLanguage\":\"tr\",\"potentialAction\":[{\"@type\":\"ReadAction\",\"target\":[\"https:\/\/sakipsabancimuzesi.org\/shop\/urun\/yayin-ve-multimedya\/cocuk-kitaplari\/greta-devlere-karsi\/\"]}]},{\"@type\":\"ImageObject\",\"inLanguage\":\"tr\",\"@id\":\"https:\/\/sakipsabancimuzesi.org\/shop\/urun\/yayin-ve-multimedya\/cocuk-kitaplari\/greta-devlere-karsi\/#primaryimage\",\"url\":\"https:\/\/sakipsabancimuzesi.org\/shop\/wp-content\/uploads\/2023\/11\/greta-devlere-karsi.jpg\",\"contentUrl\":\"https:\/\/sakipsabancimuzesi.org\/shop\/wp-content\/uploads\/2023\/11\/greta-devlere-karsi.jpg\",\"width\":1280,\"height\":1600},{\"@type\":\"BreadcrumbList\",\"@id\":\"https:\/\/sakipsabancimuzesi.org\/shop\/urun\/yayin-ve-multimedya\/cocuk-kitaplari\/greta-devlere-karsi\/#breadcrumb\",\"itemListElement\":[{\"@type\":\"ListItem\",\"position\":1,\"name\":\"Ana sayfa\",\"item\":\"https:\/\/sakipsabancimuzesi.org\/shop\/\"},{\"@type\":\"ListItem\",\"position\":2,\"name\":\"Shop\",\"item\":\"https:\/\/sakipsabancimuzesi.org\/shop\/shop\/\"},{\"@type\":\"ListItem\",\"position\":3,\"name\":\"Greta Devlere Kar\u015f\u0131\"}]},{\"@type\":\"WebSite\",\"@id\":\"https:\/\/sakipsabancimuzesi.org\/shop\/#website\",\"url\":\"https:\/\/sakipsabancimuzesi.org\/shop\/\",\"name\":\"SSM Shop\",\"description\":\"Sak\u0131p Sabanc\u0131 M\u00fczesi, Ma\u011faza\",\"publisher\":{\"@id\":\"https:\/\/sakipsabancimuzesi.org\/shop\/#organization\"},\"potentialAction\":[{\"@type\":\"SearchAction\",\"target\":{\"@type\":\"EntryPoint\",\"urlTemplate\":\"https:\/\/sakipsabancimuzesi.org\/shop\/?s={search_term_string}\"},\"query-input\":{\"@type\":\"PropertyValueSpecification\",\"valueRequired\":true,\"valueName\":\"search_term_string\"}}],\"inLanguage\":\"tr\"},{\"@type\":\"Organization\",\"@id\":\"https:\/\/sakipsabancimuzesi.org\/shop\/#organization\",\"name\":\"SSM Shop\",\"url\":\"https:\/\/sakipsabancimuzesi.org\/shop\/\",\"logo\":{\"@type\":\"ImageObject\",\"inLanguage\":\"tr\",\"@id\":\"https:\/\/sakipsabancimuzesi.org\/shop\/#\/schema\/logo\/image\/\",\"url\":\"https:\/\/sakipsabancimuzesi.org\/shop\/wp-content\/uploads\/2019\/11\/logo.png\",\"contentUrl\":\"https:\/\/sakipsabancimuzesi.org\/shop\/wp-content\/uploads\/2019\/11\/logo.png\",\"width\":227,\"height\":87,\"caption\":\"SSM Shop\"},\"image\":{\"@id\":\"https:\/\/sakipsabancimuzesi.org\/shop\/#\/schema\/logo\/image\/\"},\"sameAs\":[\"https:\/\/www.facebook.com\/SakipSabanciMuzesi\/\"]}]}<\/script>\n<!-- \/ Yoast SEO plugin. -->","yoast_head_json":{"title":"Greta Devlere Kar\u015f\u0131 - SSM Shop","robots":{"index":"index","follow":"follow","max-snippet":"max-snippet:-1","max-image-preview":"max-image-preview:large","max-video-preview":"max-video-preview:-1"},"canonical":"https:\/\/sakipsabancimuzesi.org\/shop\/urun\/yayin-ve-multimedya\/cocuk-kitaplari\/greta-devlere-karsi\/","og_locale":"tr_TR","og_type":"article","og_title":"Greta Devlere Kar\u015f\u0131 - SSM Shop","og_description":"Greta, iklim krizine kar\u015f\u0131 bir t\u00fcrl\u00fc yeterli tepkiyi g\u00f6stermeyen kendi h\u00fck\u00fcmetini protesto etmek i\u00e7in yola \u00e7\u0131kt\u0131\u011f\u0131nda okul arkada\u015flar\u0131 ve yak\u0131n \u00e7evresi d\u0131\u015f\u0131nda pek kimsenin tan\u0131mad\u0131\u011f\u0131 k\u00fc\u00e7\u00fck bir k\u0131z \u00e7ocu\u011fuydu. Bu \u00e7abayla ge\u00e7en 5 y\u0131lda ise \u00e7ok \u015fey de\u011fi\u015fti: Greta art\u0131k 20 ya\u015f\u0131na basm\u0131\u015f, d\u00fcnyan\u0131n d\u00f6rt bir yan\u0131ndaki protestolara ve toplant\u0131lara art\u0131k yaln\u0131z kat\u0131lmayan bir gen\u00e7. [...]","og_url":"https:\/\/sakipsabancimuzesi.org\/shop\/urun\/yayin-ve-multimedya\/cocuk-kitaplari\/greta-devlere-karsi\/","og_site_name":"SSM Shop","article_publisher":"https:\/\/www.facebook.com\/SakipSabanciMuzesi\/","article_modified_time":"2026-02-09T07:18:01+00:00","og_image":[{"width":1280,"height":1600,"url":"https:\/\/sakipsabancimuzesi.org\/shop\/wp-content\/uploads\/2023\/11\/greta-devlere-karsi.jpg","type":"image\/jpeg"}],"twitter_card":"summary_large_image","twitter_misc":{"Tahmini okuma s\u00fcresi":"1 dakika"},"schema":{"@context":"https:\/\/schema.org","@graph":[{"@type":"WebPage","@id":"https:\/\/sakipsabancimuzesi.org\/shop\/urun\/yayin-ve-multimedya\/cocuk-kitaplari\/greta-devlere-karsi\/","url":"https:\/\/sakipsabancimuzesi.org\/shop\/urun\/yayin-ve-multimedya\/cocuk-kitaplari\/greta-devlere-karsi\/","name":"Greta Devlere Kar\u015f\u0131 - SSM Shop","isPartOf":{"@id":"https:\/\/sakipsabancimuzesi.org\/shop\/#website"},"primaryImageOfPage":{"@id":"https:\/\/sakipsabancimuzesi.org\/shop\/urun\/yayin-ve-multimedya\/cocuk-kitaplari\/greta-devlere-karsi\/#primaryimage"},"image":{"@id":"https:\/\/sakipsabancimuzesi.org\/shop\/urun\/yayin-ve-multimedya\/cocuk-kitaplari\/greta-devlere-karsi\/#primaryimage"},"thumbnailUrl":"https:\/\/sakipsabancimuzesi.org\/shop\/wp-content\/uploads\/2023\/11\/greta-devlere-karsi.jpg","datePublished":"2023-11-17T11:41:52+00:00","dateModified":"2026-02-09T07:18:01+00:00","breadcrumb":{"@id":"https:\/\/sakipsabancimuzesi.org\/shop\/urun\/yayin-ve-multimedya\/cocuk-kitaplari\/greta-devlere-karsi\/#breadcrumb"},"inLanguage":"tr","potentialAction":[{"@type":"ReadAction","target":["https:\/\/sakipsabancimuzesi.org\/shop\/urun\/yayin-ve-multimedya\/cocuk-kitaplari\/greta-devlere-karsi\/"]}]},{"@type":"ImageObject","inLanguage":"tr","@id":"https:\/\/sakipsabancimuzesi.org\/shop\/urun\/yayin-ve-multimedya\/cocuk-kitaplari\/greta-devlere-karsi\/#primaryimage","url":"https:\/\/sakipsabancimuzesi.org\/shop\/wp-content\/uploads\/2023\/11\/greta-devlere-karsi.jpg","contentUrl":"https:\/\/sakipsabancimuzesi.org\/shop\/wp-content\/uploads\/2023\/11\/greta-devlere-karsi.jpg","width":1280,"height":1600},{"@type":"BreadcrumbList","@id":"https:\/\/sakipsabancimuzesi.org\/shop\/urun\/yayin-ve-multimedya\/cocuk-kitaplari\/greta-devlere-karsi\/#breadcrumb","itemListElement":[{"@type":"ListItem","position":1,"name":"Ana sayfa","item":"https:\/\/sakipsabancimuzesi.org\/shop\/"},{"@type":"ListItem","position":2,"name":"Shop","item":"https:\/\/sakipsabancimuzesi.org\/shop\/shop\/"},{"@type":"ListItem","position":3,"name":"Greta Devlere Kar\u015f\u0131"}]},{"@type":"WebSite","@id":"https:\/\/sakipsabancimuzesi.org\/shop\/#website","url":"https:\/\/sakipsabancimuzesi.org\/shop\/","name":"SSM Shop","description":"Sak\u0131p Sabanc\u0131 M\u00fczesi, Ma\u011faza","publisher":{"@id":"https:\/\/sakipsabancimuzesi.org\/shop\/#organization"},"potentialAction":[{"@type":"SearchAction","target":{"@type":"EntryPoint","urlTemplate":"https:\/\/sakipsabancimuzesi.org\/shop\/?s={search_term_string}"},"query-input":{"@type":"PropertyValueSpecification","valueRequired":true,"valueName":"search_term_string"}}],"inLanguage":"tr"},{"@type":"Organization","@id":"https:\/\/sakipsabancimuzesi.org\/shop\/#organization","name":"SSM Shop","url":"https:\/\/sakipsabancimuzesi.org\/shop\/","logo":{"@type":"ImageObject","inLanguage":"tr","@id":"https:\/\/sakipsabancimuzesi.org\/shop\/#\/schema\/logo\/image\/","url":"https:\/\/sakipsabancimuzesi.org\/shop\/wp-content\/uploads\/2019\/11\/logo.png","contentUrl":"https:\/\/sakipsabancimuzesi.org\/shop\/wp-content\/uploads\/2019\/11\/logo.png","width":227,"height":87,"caption":"SSM Shop"},"image":{"@id":"https:\/\/sakipsabancimuzesi.org\/shop\/#\/schema\/logo\/image\/"},"sameAs":["https:\/\/www.facebook.com\/SakipSabanciMuzesi\/"]}]}},"jetpack_sharing_enabled":true,"_links":{"self":[{"href":"https:\/\/sakipsabancimuzesi.org\/shop\/wp-json\/wp\/v2\/product\/262156","targetHints":{"allow":["GET"]}}],"collection":[{"href":"https:\/\/sakipsabancimuzesi.org\/shop\/wp-json\/wp\/v2\/product"}],"about":[{"href":"https:\/\/sakipsabancimuzesi.org\/shop\/wp-json\/wp\/v2\/types\/product"}],"wp:featuredmedia":[{"embeddable":true,"href":"https:\/\/sakipsabancimuzesi.org\/shop\/wp-json\/wp\/v2\/media\/262157"}],"wp:attachment":[{"href":"https:\/\/sakipsabancimuzesi.org\/shop\/wp-json\/wp\/v2\/media?parent=262156"}],"wp:term":[{"taxonomy":"product_brand","embeddable":true,"href":"https:\/\/sakipsabancimuzesi.org\/shop\/wp-json\/wp\/v2\/product_brand?post=262156"},{"taxonomy":"product_cat","embeddable":true,"href":"https:\/\/sakipsabancimuzesi.org\/shop\/wp-json\/wp\/v2\/product_cat?post=262156"},{"taxonomy":"product_tag","embeddable":true,"href":"https:\/\/sakipsabancimuzesi.org\/shop\/wp-json\/wp\/v2\/product_tag?post=262156"},{"taxonomy":"woo-feed-brand","embeddable":true,"href":"https:\/\/sakipsabancimuzesi.org\/shop\/wp-json\/wp\/v2\/woo-feed-brand?post=262156"}],"curies":[{"name":"wp","href":"https:\/\/api.w.org\/{rel}","templated":true}]}}