{"id":262682,"date":"2024-01-03T14:43:53","date_gmt":"2024-01-03T11:43:53","guid":{"rendered":"https:\/\/sakipsabancimuzesi.org\/shop\/?post_type=product&#038;p=262682"},"modified":"2025-12-24T14:16:06","modified_gmt":"2025-12-24T11:16:06","slug":"ani-yuvarlak-seramik-tabak","status":"publish","type":"product","link":"https:\/\/sakipsabancimuzesi.org\/shop\/urun\/ev-dekorasyon\/mutfak\/ani-yuvarlak-seramik-tabak\/","title":{"rendered":"Ani Yuvarlak Seramik Tabak"},"content":{"rendered":"<p>Anistudio, \u201cotantik\u201d ve \u201cmodern\u201d kelimelerinden ilham alan bir tasar\u0131m<br \/>\nfirmas\u0131d\u0131r. 2021 y\u0131l\u0131nda Izmir\u2019de kurulan bu firman\u0131n temel de\u011ferleri;<br \/>\ngeleneksel T\u00fcrk zanaat tekniklerini korumak ve geli\u015ftirmektir. \u00dcretiminin bir<br \/>\nk\u0131sm\u0131n\u0131 Anadolu\u2019daki k\u00f6ylerden sa\u011flayan AniStudio, ayn\u0131 zamanda k\u00f6ylerde<br \/>\n\u00e7al\u0131\u015fma iste\u011fi olan kad\u0131nlara i\u015f imkan\u0131 sa\u011flamay\u0131 hedefler. Geleneksel el<br \/>\ni\u015f\u00e7ili\u011fini unutmamak ve bu k\u00fclt\u00fcrel miras\u0131 korumak markan\u0131n birincil<br \/>\nhedeflerindendir.<\/p>\n","protected":false},"excerpt":{"rendered":"<p>Anistudio, \u201cotantik\u201d ve \u201cmodern\u201d kelimelerinden ilham alan bir tasar\u0131m firmas\u0131d\u0131r. 2021 y\u0131l\u0131nda Izmir\u2019de kurulan bu firman\u0131n temel de\u011ferleri; geleneksel T\u00fcrk zanaat tekniklerini korumak ve geli\u015ftirmektir. \u00dcretiminin bir k\u0131sm\u0131n\u0131 Anadolu\u2019daki k\u00f6ylerden sa\u011flayan AniStudio, ayn\u0131 zamanda k\u00f6ylerde \u00e7al\u0131\u015fma iste\u011fi olan kad\u0131nlara i\u015f imkan\u0131 sa\u011flamay\u0131 hedefler. Geleneksel el i\u015f\u00e7ili\u011fini unutmamak ve bu k\u00fclt\u00fcrel miras\u0131 korumak markan\u0131n birincil hedeflerindendir.<\/p>\n","protected":false},"featured_media":262690,"template":"","meta":{"_exactmetrics_skip_tracking":false,"_exactmetrics_sitenote_active":false,"_exactmetrics_sitenote_note":"","_exactmetrics_sitenote_category":0},"product_brand":[],"product_cat":[634,636,638],"product_tag":[],"woo-feed-brand":[],"class_list":{"0":"post-262682","1":"product","2":"type-product","3":"status-publish","4":"has-post-thumbnail","6":"product_cat-ev-dekorasyon","7":"product_cat-mutfak","8":"product_cat-seramik","10":"first","11":"instock","12":"taxable","13":"shipping-taxable","14":"purchasable","15":"product-type-variable"},"yoast_head":"<!-- This site is optimized with the Yoast SEO plugin v27.1.1 - https:\/\/yoast.com\/product\/yoast-seo-wordpress\/ -->\n<title>Ani Yuvarlak Seramik Tabak - SSM Shop<\/title>\n<meta name=\"robots\" content=\"index, follow, max-snippet:-1, max-image-preview:large, max-video-preview:-1\" \/>\n<link rel=\"canonical\" href=\"https:\/\/sakipsabancimuzesi.org\/shop\/urun\/ev-dekorasyon\/mutfak\/ani-yuvarlak-seramik-tabak\/\" \/>\n<meta property=\"og:locale\" content=\"tr_TR\" \/>\n<meta property=\"og:type\" content=\"article\" \/>\n<meta property=\"og:title\" content=\"Ani Yuvarlak Seramik Tabak - SSM Shop\" \/>\n<meta property=\"og:description\" content=\"Anistudio, \u201cotantik\u201d ve \u201cmodern\u201d kelimelerinden ilham alan bir tasar\u0131m firmas\u0131d\u0131r. 2021 y\u0131l\u0131nda Izmir\u2019de kurulan bu firman\u0131n temel de\u011ferleri; geleneksel T\u00fcrk zanaat tekniklerini korumak ve geli\u015ftirmektir. \u00dcretiminin bir k\u0131sm\u0131n\u0131 Anadolu\u2019daki k\u00f6ylerden sa\u011flayan AniStudio, ayn\u0131 zamanda k\u00f6ylerde \u00e7al\u0131\u015fma iste\u011fi olan kad\u0131nlara i\u015f imkan\u0131 sa\u011flamay\u0131 hedefler. Geleneksel el i\u015f\u00e7ili\u011fini unutmamak ve bu k\u00fclt\u00fcrel miras\u0131 korumak markan\u0131n birincil hedeflerindendir.\" \/>\n<meta property=\"og:url\" content=\"https:\/\/sakipsabancimuzesi.org\/shop\/urun\/ev-dekorasyon\/mutfak\/ani-yuvarlak-seramik-tabak\/\" \/>\n<meta property=\"og:site_name\" content=\"SSM Shop\" \/>\n<meta property=\"article:publisher\" content=\"https:\/\/www.facebook.com\/SakipSabanciMuzesi\/\" \/>\n<meta property=\"article:modified_time\" content=\"2025-12-24T11:16:06+00:00\" \/>\n<meta property=\"og:image\" content=\"https:\/\/sakipsabancimuzesi.org\/shop\/wp-content\/uploads\/2024\/01\/yuvarlak-tabak6.jpg\" \/>\n\t<meta property=\"og:image:width\" content=\"1280\" \/>\n\t<meta property=\"og:image:height\" content=\"1600\" \/>\n\t<meta property=\"og:image:type\" content=\"image\/jpeg\" \/>\n<meta name=\"twitter:card\" content=\"summary_large_image\" \/>\n<script type=\"application\/ld+json\" class=\"yoast-schema-graph\">{\"@context\":\"https:\/\/schema.org\",\"@graph\":[{\"@type\":\"WebPage\",\"@id\":\"https:\/\/sakipsabancimuzesi.org\/shop\/urun\/ev-dekorasyon\/mutfak\/ani-yuvarlak-seramik-tabak\/\",\"url\":\"https:\/\/sakipsabancimuzesi.org\/shop\/urun\/ev-dekorasyon\/mutfak\/ani-yuvarlak-seramik-tabak\/\",\"name\":\"Ani Yuvarlak Seramik Tabak - SSM Shop\",\"isPartOf\":{\"@id\":\"https:\/\/sakipsabancimuzesi.org\/shop\/#website\"},\"primaryImageOfPage\":{\"@id\":\"https:\/\/sakipsabancimuzesi.org\/shop\/urun\/ev-dekorasyon\/mutfak\/ani-yuvarlak-seramik-tabak\/#primaryimage\"},\"image\":{\"@id\":\"https:\/\/sakipsabancimuzesi.org\/shop\/urun\/ev-dekorasyon\/mutfak\/ani-yuvarlak-seramik-tabak\/#primaryimage\"},\"thumbnailUrl\":\"https:\/\/sakipsabancimuzesi.org\/shop\/wp-content\/uploads\/2024\/01\/yuvarlak-tabak6.jpg\",\"datePublished\":\"2024-01-03T11:43:53+00:00\",\"dateModified\":\"2025-12-24T11:16:06+00:00\",\"breadcrumb\":{\"@id\":\"https:\/\/sakipsabancimuzesi.org\/shop\/urun\/ev-dekorasyon\/mutfak\/ani-yuvarlak-seramik-tabak\/#breadcrumb\"},\"inLanguage\":\"tr\",\"potentialAction\":[{\"@type\":\"ReadAction\",\"target\":[\"https:\/\/sakipsabancimuzesi.org\/shop\/urun\/ev-dekorasyon\/mutfak\/ani-yuvarlak-seramik-tabak\/\"]}]},{\"@type\":\"ImageObject\",\"inLanguage\":\"tr\",\"@id\":\"https:\/\/sakipsabancimuzesi.org\/shop\/urun\/ev-dekorasyon\/mutfak\/ani-yuvarlak-seramik-tabak\/#primaryimage\",\"url\":\"https:\/\/sakipsabancimuzesi.org\/shop\/wp-content\/uploads\/2024\/01\/yuvarlak-tabak6.jpg\",\"contentUrl\":\"https:\/\/sakipsabancimuzesi.org\/shop\/wp-content\/uploads\/2024\/01\/yuvarlak-tabak6.jpg\",\"width\":1280,\"height\":1600},{\"@type\":\"BreadcrumbList\",\"@id\":\"https:\/\/sakipsabancimuzesi.org\/shop\/urun\/ev-dekorasyon\/mutfak\/ani-yuvarlak-seramik-tabak\/#breadcrumb\",\"itemListElement\":[{\"@type\":\"ListItem\",\"position\":1,\"name\":\"Ana sayfa\",\"item\":\"https:\/\/sakipsabancimuzesi.org\/shop\/\"},{\"@type\":\"ListItem\",\"position\":2,\"name\":\"Shop\",\"item\":\"https:\/\/sakipsabancimuzesi.org\/shop\/shop\/\"},{\"@type\":\"ListItem\",\"position\":3,\"name\":\"Ani Yuvarlak Seramik Tabak\"}]},{\"@type\":\"WebSite\",\"@id\":\"https:\/\/sakipsabancimuzesi.org\/shop\/#website\",\"url\":\"https:\/\/sakipsabancimuzesi.org\/shop\/\",\"name\":\"SSM Shop\",\"description\":\"Sak\u0131p Sabanc\u0131 M\u00fczesi, Ma\u011faza\",\"publisher\":{\"@id\":\"https:\/\/sakipsabancimuzesi.org\/shop\/#organization\"},\"potentialAction\":[{\"@type\":\"SearchAction\",\"target\":{\"@type\":\"EntryPoint\",\"urlTemplate\":\"https:\/\/sakipsabancimuzesi.org\/shop\/?s={search_term_string}\"},\"query-input\":{\"@type\":\"PropertyValueSpecification\",\"valueRequired\":true,\"valueName\":\"search_term_string\"}}],\"inLanguage\":\"tr\"},{\"@type\":\"Organization\",\"@id\":\"https:\/\/sakipsabancimuzesi.org\/shop\/#organization\",\"name\":\"SSM Shop\",\"url\":\"https:\/\/sakipsabancimuzesi.org\/shop\/\",\"logo\":{\"@type\":\"ImageObject\",\"inLanguage\":\"tr\",\"@id\":\"https:\/\/sakipsabancimuzesi.org\/shop\/#\/schema\/logo\/image\/\",\"url\":\"https:\/\/sakipsabancimuzesi.org\/shop\/wp-content\/uploads\/2019\/11\/logo.png\",\"contentUrl\":\"https:\/\/sakipsabancimuzesi.org\/shop\/wp-content\/uploads\/2019\/11\/logo.png\",\"width\":227,\"height\":87,\"caption\":\"SSM Shop\"},\"image\":{\"@id\":\"https:\/\/sakipsabancimuzesi.org\/shop\/#\/schema\/logo\/image\/\"},\"sameAs\":[\"https:\/\/www.facebook.com\/SakipSabanciMuzesi\/\"]}]}<\/script>\n<!-- \/ Yoast SEO plugin. -->","yoast_head_json":{"title":"Ani Yuvarlak Seramik Tabak - SSM Shop","robots":{"index":"index","follow":"follow","max-snippet":"max-snippet:-1","max-image-preview":"max-image-preview:large","max-video-preview":"max-video-preview:-1"},"canonical":"https:\/\/sakipsabancimuzesi.org\/shop\/urun\/ev-dekorasyon\/mutfak\/ani-yuvarlak-seramik-tabak\/","og_locale":"tr_TR","og_type":"article","og_title":"Ani Yuvarlak Seramik Tabak - SSM Shop","og_description":"Anistudio, \u201cotantik\u201d ve \u201cmodern\u201d kelimelerinden ilham alan bir tasar\u0131m firmas\u0131d\u0131r. 2021 y\u0131l\u0131nda Izmir\u2019de kurulan bu firman\u0131n temel de\u011ferleri; geleneksel T\u00fcrk zanaat tekniklerini korumak ve geli\u015ftirmektir. \u00dcretiminin bir k\u0131sm\u0131n\u0131 Anadolu\u2019daki k\u00f6ylerden sa\u011flayan AniStudio, ayn\u0131 zamanda k\u00f6ylerde \u00e7al\u0131\u015fma iste\u011fi olan kad\u0131nlara i\u015f imkan\u0131 sa\u011flamay\u0131 hedefler. Geleneksel el i\u015f\u00e7ili\u011fini unutmamak ve bu k\u00fclt\u00fcrel miras\u0131 korumak markan\u0131n birincil hedeflerindendir.","og_url":"https:\/\/sakipsabancimuzesi.org\/shop\/urun\/ev-dekorasyon\/mutfak\/ani-yuvarlak-seramik-tabak\/","og_site_name":"SSM Shop","article_publisher":"https:\/\/www.facebook.com\/SakipSabanciMuzesi\/","article_modified_time":"2025-12-24T11:16:06+00:00","og_image":[{"width":1280,"height":1600,"url":"https:\/\/sakipsabancimuzesi.org\/shop\/wp-content\/uploads\/2024\/01\/yuvarlak-tabak6.jpg","type":"image\/jpeg"}],"twitter_card":"summary_large_image","schema":{"@context":"https:\/\/schema.org","@graph":[{"@type":"WebPage","@id":"https:\/\/sakipsabancimuzesi.org\/shop\/urun\/ev-dekorasyon\/mutfak\/ani-yuvarlak-seramik-tabak\/","url":"https:\/\/sakipsabancimuzesi.org\/shop\/urun\/ev-dekorasyon\/mutfak\/ani-yuvarlak-seramik-tabak\/","name":"Ani Yuvarlak Seramik Tabak - SSM Shop","isPartOf":{"@id":"https:\/\/sakipsabancimuzesi.org\/shop\/#website"},"primaryImageOfPage":{"@id":"https:\/\/sakipsabancimuzesi.org\/shop\/urun\/ev-dekorasyon\/mutfak\/ani-yuvarlak-seramik-tabak\/#primaryimage"},"image":{"@id":"https:\/\/sakipsabancimuzesi.org\/shop\/urun\/ev-dekorasyon\/mutfak\/ani-yuvarlak-seramik-tabak\/#primaryimage"},"thumbnailUrl":"https:\/\/sakipsabancimuzesi.org\/shop\/wp-content\/uploads\/2024\/01\/yuvarlak-tabak6.jpg","datePublished":"2024-01-03T11:43:53+00:00","dateModified":"2025-12-24T11:16:06+00:00","breadcrumb":{"@id":"https:\/\/sakipsabancimuzesi.org\/shop\/urun\/ev-dekorasyon\/mutfak\/ani-yuvarlak-seramik-tabak\/#breadcrumb"},"inLanguage":"tr","potentialAction":[{"@type":"ReadAction","target":["https:\/\/sakipsabancimuzesi.org\/shop\/urun\/ev-dekorasyon\/mutfak\/ani-yuvarlak-seramik-tabak\/"]}]},{"@type":"ImageObject","inLanguage":"tr","@id":"https:\/\/sakipsabancimuzesi.org\/shop\/urun\/ev-dekorasyon\/mutfak\/ani-yuvarlak-seramik-tabak\/#primaryimage","url":"https:\/\/sakipsabancimuzesi.org\/shop\/wp-content\/uploads\/2024\/01\/yuvarlak-tabak6.jpg","contentUrl":"https:\/\/sakipsabancimuzesi.org\/shop\/wp-content\/uploads\/2024\/01\/yuvarlak-tabak6.jpg","width":1280,"height":1600},{"@type":"BreadcrumbList","@id":"https:\/\/sakipsabancimuzesi.org\/shop\/urun\/ev-dekorasyon\/mutfak\/ani-yuvarlak-seramik-tabak\/#breadcrumb","itemListElement":[{"@type":"ListItem","position":1,"name":"Ana sayfa","item":"https:\/\/sakipsabancimuzesi.org\/shop\/"},{"@type":"ListItem","position":2,"name":"Shop","item":"https:\/\/sakipsabancimuzesi.org\/shop\/shop\/"},{"@type":"ListItem","position":3,"name":"Ani Yuvarlak Seramik Tabak"}]},{"@type":"WebSite","@id":"https:\/\/sakipsabancimuzesi.org\/shop\/#website","url":"https:\/\/sakipsabancimuzesi.org\/shop\/","name":"SSM Shop","description":"Sak\u0131p Sabanc\u0131 M\u00fczesi, Ma\u011faza","publisher":{"@id":"https:\/\/sakipsabancimuzesi.org\/shop\/#organization"},"potentialAction":[{"@type":"SearchAction","target":{"@type":"EntryPoint","urlTemplate":"https:\/\/sakipsabancimuzesi.org\/shop\/?s={search_term_string}"},"query-input":{"@type":"PropertyValueSpecification","valueRequired":true,"valueName":"search_term_string"}}],"inLanguage":"tr"},{"@type":"Organization","@id":"https:\/\/sakipsabancimuzesi.org\/shop\/#organization","name":"SSM Shop","url":"https:\/\/sakipsabancimuzesi.org\/shop\/","logo":{"@type":"ImageObject","inLanguage":"tr","@id":"https:\/\/sakipsabancimuzesi.org\/shop\/#\/schema\/logo\/image\/","url":"https:\/\/sakipsabancimuzesi.org\/shop\/wp-content\/uploads\/2019\/11\/logo.png","contentUrl":"https:\/\/sakipsabancimuzesi.org\/shop\/wp-content\/uploads\/2019\/11\/logo.png","width":227,"height":87,"caption":"SSM Shop"},"image":{"@id":"https:\/\/sakipsabancimuzesi.org\/shop\/#\/schema\/logo\/image\/"},"sameAs":["https:\/\/www.facebook.com\/SakipSabanciMuzesi\/"]}]}},"jetpack_sharing_enabled":true,"_links":{"self":[{"href":"https:\/\/sakipsabancimuzesi.org\/shop\/wp-json\/wp\/v2\/product\/262682","targetHints":{"allow":["GET"]}}],"collection":[{"href":"https:\/\/sakipsabancimuzesi.org\/shop\/wp-json\/wp\/v2\/product"}],"about":[{"href":"https:\/\/sakipsabancimuzesi.org\/shop\/wp-json\/wp\/v2\/types\/product"}],"wp:featuredmedia":[{"embeddable":true,"href":"https:\/\/sakipsabancimuzesi.org\/shop\/wp-json\/wp\/v2\/media\/262690"}],"wp:attachment":[{"href":"https:\/\/sakipsabancimuzesi.org\/shop\/wp-json\/wp\/v2\/media?parent=262682"}],"wp:term":[{"taxonomy":"product_brand","embeddable":true,"href":"https:\/\/sakipsabancimuzesi.org\/shop\/wp-json\/wp\/v2\/product_brand?post=262682"},{"taxonomy":"product_cat","embeddable":true,"href":"https:\/\/sakipsabancimuzesi.org\/shop\/wp-json\/wp\/v2\/product_cat?post=262682"},{"taxonomy":"product_tag","embeddable":true,"href":"https:\/\/sakipsabancimuzesi.org\/shop\/wp-json\/wp\/v2\/product_tag?post=262682"},{"taxonomy":"woo-feed-brand","embeddable":true,"href":"https:\/\/sakipsabancimuzesi.org\/shop\/wp-json\/wp\/v2\/woo-feed-brand?post=262682"}],"curies":[{"name":"wp","href":"https:\/\/api.w.org\/{rel}","templated":true}]}}