{"id":26276,"date":"2020-10-07T10:37:21","date_gmt":"2020-10-07T07:37:21","guid":{"rendered":"https:\/\/sakipsabancimuzesi.org\/shop\/?post_type=product&#038;p=26276"},"modified":"2020-11-07T15:49:28","modified_gmt":"2020-11-07T12:49:28","slug":"cevrimici-cocuk-atolyeleri-2020-cizgi-film-atolyesi-7-12-yas","status":"publish","type":"product","link":"https:\/\/sakipsabancimuzesi.org\/shop\/urun\/kategorilenmemis\/cevrimici-cocuk-atolyeleri-2020-cizgi-film-atolyesi-7-12-yas\/","title":{"rendered":"\u00c7evrimi\u00e7i \u00c7ocuk At\u00f6lyeleri 2020 &#8211; \u00c7izgi Film At\u00f6lyesi (7-12 ya\u015f)"},"content":{"rendered":"<p>\u0130leti\u015fim teknolojilerindeki geli\u015fmelerle beraber, amat\u00f6r d\u00fczeyde animasyon yap\u0131m\u0131 olanaklar\u0131n\u0131n geli\u015fmesinden yola \u00e7\u0131kan at\u00f6lyede, \u00e7ocuklara tablet veya ak\u0131ll\u0131 telefonlar\u0131nda \u00e7izgi film \u00e7al\u0131\u015fmalar\u0131 yapman\u0131n yollar\u0131 \u00f6\u011fretiliyor. \u00c7izgi film okulu The Cartoon Mill\u2019in kurucusu Fatih K\u00fc\u00e7\u00fck y\u00fcr\u00fct\u00fcc\u00fcl\u00fc\u011f\u00fcnde, \u00e7evrimi\u00e7i ortamda ger\u00e7ekle\u015ftirilecek at\u00f6lyede, \u00e7ocuklara teknolojinin farkl\u0131 yollar\u0131n\u0131 ke\u015ffetme ve el becerilerini geli\u015ftirme imk\u00e2n\u0131 sunuluyor.<\/p>\n<p>\u00d6nemli Bilgiler:<\/p>\n<p>&#8211; \u00c7al\u0131\u015fma \u00f6ncesi FlipaClip uygulamas\u0131n\u0131 indiriniz.\u00a0At\u00f6lye program\u0131 d\u00f6rt g\u00fcn\u00fc kapsar. Tek g\u00fcnl\u00fck kay\u0131t se\u00e7ene\u011fi yoktur.<\/p>\n<p>&#8211; At\u00f6lye, Zoom servisi \u00fczerinden ger\u00e7ekle\u015ftirilir. At\u00f6lyeye kat\u0131l\u0131m linki, sat\u0131n alma i\u015flemi sonras\u0131 g\u00f6nderilecek e-postada payla\u015f\u0131laca\u011f\u0131 i\u00e7in e-posta adresinizi belirtmeniz gerekmektedir.<\/p>\n<p>&#8211; \u0130nternet ba\u011flant\u0131s\u0131ndan do\u011fabilecek aksakl\u0131k ve ma\u011fduriyetlerden SSM sorumlu de\u011fildir.<\/p>\n<p>&#8211; Kat\u0131l\u0131mc\u0131lar\u0131n ki\u015fisel sebeplerle e\u011fitime kat\u0131lamamas\u0131 durumunda \u00fccret iadesi veya de\u011fi\u015fiklik yap\u0131lmaz.<\/p>\n<p>&#8211; At\u00f6lyelere bilet alan her kat\u0131l\u0131mc\u0131, bilgisayar\u0131ndaki mikrofon ve kameran\u0131n a\u00e7\u0131k olaca\u011f\u0131n\u0131 kabul eder<\/p>\n","protected":false},"excerpt":{"rendered":"<p>7-8-14-15 Kas\u0131m Cumartesi ve Pazar<\/p>\n<p>14.00 &#8211; 15.20<\/p>\n","protected":false},"featured_media":26828,"template":"","meta":{"_exactmetrics_skip_tracking":false,"_exactmetrics_sitenote_active":false,"_exactmetrics_sitenote_note":"","_exactmetrics_sitenote_category":0},"product_brand":[],"product_cat":[],"product_tag":[255,375,427,253,425],"woo-feed-brand":[],"class_list":{"0":"post-26276","1":"product","2":"type-product","3":"status-publish","4":"has-post-thumbnail","6":"product_tag-atolye","7":"product_tag-cevrimici","8":"product_tag-cizgi-film","9":"product_tag-cocuk","10":"product_tag-ogrenme","12":"first","13":"outofstock","14":"virtual","15":"taxable","16":"purchasable","17":"product-type-simple"},"yoast_head":"<!-- This site is optimized with the Yoast SEO plugin v27.1.1 - https:\/\/yoast.com\/product\/yoast-seo-wordpress\/ -->\n<title>\u00c7evrimi\u00e7i \u00c7ocuk At\u00f6lyeleri 2020 - \u00c7izgi Film At\u00f6lyesi (7-12 ya\u015f) - SSM Shop<\/title>\n<meta name=\"robots\" content=\"index, follow, max-snippet:-1, max-image-preview:large, max-video-preview:-1\" \/>\n<link rel=\"canonical\" href=\"https:\/\/sakipsabancimuzesi.org\/shop\/urun\/egitim-ve-etkinlik\/cevrimici-cocuk-atolyeleri-2020-cizgi-film-atolyesi-7-12-yas\/\" \/>\n<meta property=\"og:locale\" content=\"tr_TR\" \/>\n<meta property=\"og:type\" content=\"article\" \/>\n<meta property=\"og:title\" content=\"\u00c7evrimi\u00e7i \u00c7ocuk At\u00f6lyeleri 2020 - \u00c7izgi Film At\u00f6lyesi (7-12 ya\u015f) - SSM Shop\" \/>\n<meta property=\"og:description\" content=\"7-8-14-15 Kas\u0131m Cumartesi ve Pazar  14.00 - 15.20\" \/>\n<meta property=\"og:url\" content=\"https:\/\/sakipsabancimuzesi.org\/shop\/urun\/egitim-ve-etkinlik\/cevrimici-cocuk-atolyeleri-2020-cizgi-film-atolyesi-7-12-yas\/\" \/>\n<meta property=\"og:site_name\" content=\"SSM Shop\" \/>\n<meta property=\"article:publisher\" content=\"https:\/\/www.facebook.com\/SakipSabanciMuzesi\/\" \/>\n<meta property=\"article:modified_time\" content=\"2020-11-07T12:49:28+00:00\" \/>\n<meta property=\"og:image\" content=\"https:\/\/sakipsabancimuzesi.org\/shop\/wp-content\/uploads\/2020\/10\/1280x1280sat\u0131s\u0327syf.jpg\" \/>\n\t<meta property=\"og:image:width\" content=\"1280\" \/>\n\t<meta property=\"og:image:height\" content=\"1281\" \/>\n\t<meta property=\"og:image:type\" content=\"image\/jpeg\" \/>\n<meta name=\"twitter:card\" content=\"summary_large_image\" \/>\n<meta name=\"twitter:label1\" content=\"Tahmini okuma s\u00fcresi\" \/>\n\t<meta name=\"twitter:data1\" content=\"1 dakika\" \/>\n<script type=\"application\/ld+json\" class=\"yoast-schema-graph\">{\"@context\":\"https:\/\/schema.org\",\"@graph\":[{\"@type\":\"WebPage\",\"@id\":\"https:\/\/sakipsabancimuzesi.org\/shop\/urun\/egitim-ve-etkinlik\/cevrimici-cocuk-atolyeleri-2020-cizgi-film-atolyesi-7-12-yas\/\",\"url\":\"https:\/\/sakipsabancimuzesi.org\/shop\/urun\/egitim-ve-etkinlik\/cevrimici-cocuk-atolyeleri-2020-cizgi-film-atolyesi-7-12-yas\/\",\"name\":\"\u00c7evrimi\u00e7i \u00c7ocuk At\u00f6lyeleri 2020 - \u00c7izgi Film At\u00f6lyesi (7-12 ya\u015f) - SSM Shop\",\"isPartOf\":{\"@id\":\"https:\/\/sakipsabancimuzesi.org\/shop\/#website\"},\"primaryImageOfPage\":{\"@id\":\"https:\/\/sakipsabancimuzesi.org\/shop\/urun\/egitim-ve-etkinlik\/cevrimici-cocuk-atolyeleri-2020-cizgi-film-atolyesi-7-12-yas\/#primaryimage\"},\"image\":{\"@id\":\"https:\/\/sakipsabancimuzesi.org\/shop\/urun\/egitim-ve-etkinlik\/cevrimici-cocuk-atolyeleri-2020-cizgi-film-atolyesi-7-12-yas\/#primaryimage\"},\"thumbnailUrl\":\"https:\/\/sakipsabancimuzesi.org\/shop\/wp-content\/uploads\/2020\/10\/1280x1280sat\u0131s\u0327syf.jpg\",\"datePublished\":\"2020-10-07T07:37:21+00:00\",\"dateModified\":\"2020-11-07T12:49:28+00:00\",\"breadcrumb\":{\"@id\":\"https:\/\/sakipsabancimuzesi.org\/shop\/urun\/egitim-ve-etkinlik\/cevrimici-cocuk-atolyeleri-2020-cizgi-film-atolyesi-7-12-yas\/#breadcrumb\"},\"inLanguage\":\"tr\",\"potentialAction\":[{\"@type\":\"ReadAction\",\"target\":[\"https:\/\/sakipsabancimuzesi.org\/shop\/urun\/egitim-ve-etkinlik\/cevrimici-cocuk-atolyeleri-2020-cizgi-film-atolyesi-7-12-yas\/\"]}]},{\"@type\":\"ImageObject\",\"inLanguage\":\"tr\",\"@id\":\"https:\/\/sakipsabancimuzesi.org\/shop\/urun\/egitim-ve-etkinlik\/cevrimici-cocuk-atolyeleri-2020-cizgi-film-atolyesi-7-12-yas\/#primaryimage\",\"url\":\"https:\/\/sakipsabancimuzesi.org\/shop\/wp-content\/uploads\/2020\/10\/1280x1280sat\u0131s\u0327syf.jpg\",\"contentUrl\":\"https:\/\/sakipsabancimuzesi.org\/shop\/wp-content\/uploads\/2020\/10\/1280x1280sat\u0131s\u0327syf.jpg\",\"width\":1280,\"height\":1281},{\"@type\":\"BreadcrumbList\",\"@id\":\"https:\/\/sakipsabancimuzesi.org\/shop\/urun\/egitim-ve-etkinlik\/cevrimici-cocuk-atolyeleri-2020-cizgi-film-atolyesi-7-12-yas\/#breadcrumb\",\"itemListElement\":[{\"@type\":\"ListItem\",\"position\":1,\"name\":\"Ana sayfa\",\"item\":\"https:\/\/sakipsabancimuzesi.org\/shop\/\"},{\"@type\":\"ListItem\",\"position\":2,\"name\":\"Shop\",\"item\":\"https:\/\/sakipsabancimuzesi.org\/shop\/shop\/\"},{\"@type\":\"ListItem\",\"position\":3,\"name\":\"\u00c7evrimi\u00e7i \u00c7ocuk At\u00f6lyeleri 2020 &#8211; \u00c7izgi Film At\u00f6lyesi (7-12 ya\u015f)\"}]},{\"@type\":\"WebSite\",\"@id\":\"https:\/\/sakipsabancimuzesi.org\/shop\/#website\",\"url\":\"https:\/\/sakipsabancimuzesi.org\/shop\/\",\"name\":\"SSM Shop\",\"description\":\"Sak\u0131p Sabanc\u0131 M\u00fczesi, Ma\u011faza\",\"publisher\":{\"@id\":\"https:\/\/sakipsabancimuzesi.org\/shop\/#organization\"},\"potentialAction\":[{\"@type\":\"SearchAction\",\"target\":{\"@type\":\"EntryPoint\",\"urlTemplate\":\"https:\/\/sakipsabancimuzesi.org\/shop\/?s={search_term_string}\"},\"query-input\":{\"@type\":\"PropertyValueSpecification\",\"valueRequired\":true,\"valueName\":\"search_term_string\"}}],\"inLanguage\":\"tr\"},{\"@type\":\"Organization\",\"@id\":\"https:\/\/sakipsabancimuzesi.org\/shop\/#organization\",\"name\":\"SSM Shop\",\"url\":\"https:\/\/sakipsabancimuzesi.org\/shop\/\",\"logo\":{\"@type\":\"ImageObject\",\"inLanguage\":\"tr\",\"@id\":\"https:\/\/sakipsabancimuzesi.org\/shop\/#\/schema\/logo\/image\/\",\"url\":\"https:\/\/sakipsabancimuzesi.org\/shop\/wp-content\/uploads\/2019\/11\/logo.png\",\"contentUrl\":\"https:\/\/sakipsabancimuzesi.org\/shop\/wp-content\/uploads\/2019\/11\/logo.png\",\"width\":227,\"height\":87,\"caption\":\"SSM Shop\"},\"image\":{\"@id\":\"https:\/\/sakipsabancimuzesi.org\/shop\/#\/schema\/logo\/image\/\"},\"sameAs\":[\"https:\/\/www.facebook.com\/SakipSabanciMuzesi\/\"]}]}<\/script>\n<!-- \/ Yoast SEO plugin. -->","yoast_head_json":{"title":"\u00c7evrimi\u00e7i \u00c7ocuk At\u00f6lyeleri 2020 - \u00c7izgi Film At\u00f6lyesi (7-12 ya\u015f) - SSM Shop","robots":{"index":"index","follow":"follow","max-snippet":"max-snippet:-1","max-image-preview":"max-image-preview:large","max-video-preview":"max-video-preview:-1"},"canonical":"https:\/\/sakipsabancimuzesi.org\/shop\/urun\/egitim-ve-etkinlik\/cevrimici-cocuk-atolyeleri-2020-cizgi-film-atolyesi-7-12-yas\/","og_locale":"tr_TR","og_type":"article","og_title":"\u00c7evrimi\u00e7i \u00c7ocuk At\u00f6lyeleri 2020 - \u00c7izgi Film At\u00f6lyesi (7-12 ya\u015f) - SSM Shop","og_description":"7-8-14-15 Kas\u0131m Cumartesi ve Pazar  14.00 - 15.20","og_url":"https:\/\/sakipsabancimuzesi.org\/shop\/urun\/egitim-ve-etkinlik\/cevrimici-cocuk-atolyeleri-2020-cizgi-film-atolyesi-7-12-yas\/","og_site_name":"SSM Shop","article_publisher":"https:\/\/www.facebook.com\/SakipSabanciMuzesi\/","article_modified_time":"2020-11-07T12:49:28+00:00","og_image":[{"width":1280,"height":1281,"url":"https:\/\/sakipsabancimuzesi.org\/shop\/wp-content\/uploads\/2020\/10\/1280x1280sat\u0131s\u0327syf.jpg","type":"image\/jpeg"}],"twitter_card":"summary_large_image","twitter_misc":{"Tahmini okuma s\u00fcresi":"1 dakika"},"schema":{"@context":"https:\/\/schema.org","@graph":[{"@type":"WebPage","@id":"https:\/\/sakipsabancimuzesi.org\/shop\/urun\/egitim-ve-etkinlik\/cevrimici-cocuk-atolyeleri-2020-cizgi-film-atolyesi-7-12-yas\/","url":"https:\/\/sakipsabancimuzesi.org\/shop\/urun\/egitim-ve-etkinlik\/cevrimici-cocuk-atolyeleri-2020-cizgi-film-atolyesi-7-12-yas\/","name":"\u00c7evrimi\u00e7i \u00c7ocuk At\u00f6lyeleri 2020 - \u00c7izgi Film At\u00f6lyesi (7-12 ya\u015f) - SSM Shop","isPartOf":{"@id":"https:\/\/sakipsabancimuzesi.org\/shop\/#website"},"primaryImageOfPage":{"@id":"https:\/\/sakipsabancimuzesi.org\/shop\/urun\/egitim-ve-etkinlik\/cevrimici-cocuk-atolyeleri-2020-cizgi-film-atolyesi-7-12-yas\/#primaryimage"},"image":{"@id":"https:\/\/sakipsabancimuzesi.org\/shop\/urun\/egitim-ve-etkinlik\/cevrimici-cocuk-atolyeleri-2020-cizgi-film-atolyesi-7-12-yas\/#primaryimage"},"thumbnailUrl":"https:\/\/sakipsabancimuzesi.org\/shop\/wp-content\/uploads\/2020\/10\/1280x1280sat\u0131s\u0327syf.jpg","datePublished":"2020-10-07T07:37:21+00:00","dateModified":"2020-11-07T12:49:28+00:00","breadcrumb":{"@id":"https:\/\/sakipsabancimuzesi.org\/shop\/urun\/egitim-ve-etkinlik\/cevrimici-cocuk-atolyeleri-2020-cizgi-film-atolyesi-7-12-yas\/#breadcrumb"},"inLanguage":"tr","potentialAction":[{"@type":"ReadAction","target":["https:\/\/sakipsabancimuzesi.org\/shop\/urun\/egitim-ve-etkinlik\/cevrimici-cocuk-atolyeleri-2020-cizgi-film-atolyesi-7-12-yas\/"]}]},{"@type":"ImageObject","inLanguage":"tr","@id":"https:\/\/sakipsabancimuzesi.org\/shop\/urun\/egitim-ve-etkinlik\/cevrimici-cocuk-atolyeleri-2020-cizgi-film-atolyesi-7-12-yas\/#primaryimage","url":"https:\/\/sakipsabancimuzesi.org\/shop\/wp-content\/uploads\/2020\/10\/1280x1280sat\u0131s\u0327syf.jpg","contentUrl":"https:\/\/sakipsabancimuzesi.org\/shop\/wp-content\/uploads\/2020\/10\/1280x1280sat\u0131s\u0327syf.jpg","width":1280,"height":1281},{"@type":"BreadcrumbList","@id":"https:\/\/sakipsabancimuzesi.org\/shop\/urun\/egitim-ve-etkinlik\/cevrimici-cocuk-atolyeleri-2020-cizgi-film-atolyesi-7-12-yas\/#breadcrumb","itemListElement":[{"@type":"ListItem","position":1,"name":"Ana sayfa","item":"https:\/\/sakipsabancimuzesi.org\/shop\/"},{"@type":"ListItem","position":2,"name":"Shop","item":"https:\/\/sakipsabancimuzesi.org\/shop\/shop\/"},{"@type":"ListItem","position":3,"name":"\u00c7evrimi\u00e7i \u00c7ocuk At\u00f6lyeleri 2020 &#8211; \u00c7izgi Film At\u00f6lyesi (7-12 ya\u015f)"}]},{"@type":"WebSite","@id":"https:\/\/sakipsabancimuzesi.org\/shop\/#website","url":"https:\/\/sakipsabancimuzesi.org\/shop\/","name":"SSM Shop","description":"Sak\u0131p Sabanc\u0131 M\u00fczesi, Ma\u011faza","publisher":{"@id":"https:\/\/sakipsabancimuzesi.org\/shop\/#organization"},"potentialAction":[{"@type":"SearchAction","target":{"@type":"EntryPoint","urlTemplate":"https:\/\/sakipsabancimuzesi.org\/shop\/?s={search_term_string}"},"query-input":{"@type":"PropertyValueSpecification","valueRequired":true,"valueName":"search_term_string"}}],"inLanguage":"tr"},{"@type":"Organization","@id":"https:\/\/sakipsabancimuzesi.org\/shop\/#organization","name":"SSM Shop","url":"https:\/\/sakipsabancimuzesi.org\/shop\/","logo":{"@type":"ImageObject","inLanguage":"tr","@id":"https:\/\/sakipsabancimuzesi.org\/shop\/#\/schema\/logo\/image\/","url":"https:\/\/sakipsabancimuzesi.org\/shop\/wp-content\/uploads\/2019\/11\/logo.png","contentUrl":"https:\/\/sakipsabancimuzesi.org\/shop\/wp-content\/uploads\/2019\/11\/logo.png","width":227,"height":87,"caption":"SSM Shop"},"image":{"@id":"https:\/\/sakipsabancimuzesi.org\/shop\/#\/schema\/logo\/image\/"},"sameAs":["https:\/\/www.facebook.com\/SakipSabanciMuzesi\/"]}]}},"jetpack_sharing_enabled":true,"_links":{"self":[{"href":"https:\/\/sakipsabancimuzesi.org\/shop\/wp-json\/wp\/v2\/product\/26276","targetHints":{"allow":["GET"]}}],"collection":[{"href":"https:\/\/sakipsabancimuzesi.org\/shop\/wp-json\/wp\/v2\/product"}],"about":[{"href":"https:\/\/sakipsabancimuzesi.org\/shop\/wp-json\/wp\/v2\/types\/product"}],"wp:featuredmedia":[{"embeddable":true,"href":"https:\/\/sakipsabancimuzesi.org\/shop\/wp-json\/wp\/v2\/media\/26828"}],"wp:attachment":[{"href":"https:\/\/sakipsabancimuzesi.org\/shop\/wp-json\/wp\/v2\/media?parent=26276"}],"wp:term":[{"taxonomy":"product_brand","embeddable":true,"href":"https:\/\/sakipsabancimuzesi.org\/shop\/wp-json\/wp\/v2\/product_brand?post=26276"},{"taxonomy":"product_cat","embeddable":true,"href":"https:\/\/sakipsabancimuzesi.org\/shop\/wp-json\/wp\/v2\/product_cat?post=26276"},{"taxonomy":"product_tag","embeddable":true,"href":"https:\/\/sakipsabancimuzesi.org\/shop\/wp-json\/wp\/v2\/product_tag?post=26276"},{"taxonomy":"woo-feed-brand","embeddable":true,"href":"https:\/\/sakipsabancimuzesi.org\/shop\/wp-json\/wp\/v2\/woo-feed-brand?post=26276"}],"curies":[{"name":"wp","href":"https:\/\/api.w.org\/{rel}","templated":true}]}}