{"id":262821,"date":"2024-01-05T09:31:12","date_gmt":"2024-01-05T06:31:12","guid":{"rendered":"https:\/\/sakipsabancimuzesi.org\/shop\/?post_type=product&#038;p=262821"},"modified":"2025-09-05T14:13:49","modified_gmt":"2025-09-05T11:13:49","slug":"riva-lavantalik-kucuk","status":"publish","type":"product","link":"https:\/\/sakipsabancimuzesi.org\/shop\/urun\/ev-dekorasyon\/mutfak\/riva-lavantalik-kucuk\/","title":{"rendered":"Riva Lavantal\u0131k K\u00fc\u00e7\u00fck"},"content":{"rendered":"<p>Lavanta Kalbi<br \/>\nGe\u00e7mi\u015fi 18. y\u00fczy\u0131la dayanan Lavanta Kalpleri, G\u00fcney Fransa\u2019n\u0131n Provence b\u00f6lgesine \u00f6zg\u00fc geleneksel bir el sanat\u0131d\u0131r. Ge\u00e7mi\u015fte yeni evlilerin \u00e7eyizlerinin vazge\u00e7ilmez bir par\u00e7as\u0131 olan Lavanta Kalpleri, sevgi ve mutlulu\u011fun sembol\u00fc olarak kabul edilir. Orijinal Lavanta Kalpleri sadece taze kesilmi\u015f lavanta \u00e7i\u00e7ekleriyle ve tamamen el i\u015f\u00e7ili\u011fiyle \u00fcretilir. Lavanta saplar\u0131, renkli kurdelelerle taze lavanta \u00e7i\u00e7eklerini i\u00e7ine alacak \u015fekilde \u00f6r\u00fcl\u00fcr ve kapat\u0131l\u0131r. Lavantan\u0131n huzur veren kokusu bu kalbin i\u00e7inde uzun y\u0131llar sakl\u0131 kal\u0131r. Lavanta kokusunu aktive etmek i\u00e7in \u00f6r\u00fcl\u00fc k\u0131sm\u0131 hafif\u00e7e s\u0131kman\u0131z yeterli olacakt\u0131r. Bir s\u00fcre sonra lavanta kokusunu canland\u0131rmak isterseniz Lavanta Kalbinin tepesine birka\u00e7 damla lavanta ya\u011f\u0131 damlatabilirsiniz.<br \/>\nMaison Riva Lavanta Kalpleri, yerel olarak yeti\u015ftirilen organik lavantalarla yetenekli kad\u0131nlar\u0131n el i\u015f\u00e7ili\u011finde hayat bulur. Emek yo\u011fun bir \u00fcretim gerektirmesi ve lavantan\u0131n k\u0131sa d\u00f6nemli bir bitki olmas\u0131, Lavanta Kalplerini daha da \u00f6zel k\u0131lmaktad\u0131r. Maison Riva Lavanta Kalpleri, sevdikleriniz ve konuklar\u0131n\u0131z i\u00e7in se\u00e7kin bir arma\u011fan, \u00f6zel sofralar\u0131n\u0131z i\u00e7in m\u00fckemmel bir se\u00e7imdir.<\/p>\n<p>&nbsp;<\/p>\n","protected":false},"excerpt":{"rendered":"<p>Lavanta Kalbi Ge\u00e7mi\u015fi 18. y\u00fczy\u0131la dayanan Lavanta Kalpleri, G\u00fcney Fransa\u2019n\u0131n Provence b\u00f6lgesine \u00f6zg\u00fc geleneksel bir el sanat\u0131d\u0131r. Ge\u00e7mi\u015fte yeni evlilerin \u00e7eyizlerinin vazge\u00e7ilmez bir par\u00e7as\u0131 olan Lavanta Kalpleri, sevgi ve mutlulu\u011fun sembol\u00fc olarak kabul edilir. Orijinal Lavanta Kalpleri sadece taze kesilmi\u015f lavanta \u00e7i\u00e7ekleriyle ve tamamen el i\u015f\u00e7ili\u011fiyle \u00fcretilir. Lavanta saplar\u0131, renkli kurdelelerle taze lavanta \u00e7i\u00e7eklerini i\u00e7ine [&#8230;]\n","protected":false},"featured_media":262834,"template":"","meta":{"_exactmetrics_skip_tracking":false,"_exactmetrics_sitenote_active":false,"_exactmetrics_sitenote_note":"","_exactmetrics_sitenote_category":0},"product_brand":[],"product_cat":[634,636],"product_tag":[],"woo-feed-brand":[],"class_list":{"0":"post-262821","1":"product","2":"type-product","3":"status-publish","4":"has-post-thumbnail","6":"product_cat-ev-dekorasyon","7":"product_cat-mutfak","9":"first","10":"outofstock","11":"taxable","12":"shipping-taxable","13":"purchasable","14":"product-type-variable"},"yoast_head":"<!-- This site is optimized with the Yoast SEO plugin v27.1.1 - https:\/\/yoast.com\/product\/yoast-seo-wordpress\/ -->\n<title>Riva Lavantal\u0131k K\u00fc\u00e7\u00fck - SSM Shop<\/title>\n<meta name=\"robots\" content=\"index, follow, max-snippet:-1, max-image-preview:large, max-video-preview:-1\" \/>\n<link rel=\"canonical\" href=\"https:\/\/sakipsabancimuzesi.org\/shop\/urun\/ev-dekorasyon\/mutfak\/riva-lavantalik-kucuk\/\" \/>\n<meta property=\"og:locale\" content=\"tr_TR\" \/>\n<meta property=\"og:type\" content=\"article\" \/>\n<meta property=\"og:title\" content=\"Riva Lavantal\u0131k K\u00fc\u00e7\u00fck - SSM Shop\" \/>\n<meta property=\"og:description\" content=\"Lavanta Kalbi Ge\u00e7mi\u015fi 18. y\u00fczy\u0131la dayanan Lavanta Kalpleri, G\u00fcney Fransa\u2019n\u0131n Provence b\u00f6lgesine \u00f6zg\u00fc geleneksel bir el sanat\u0131d\u0131r. Ge\u00e7mi\u015fte yeni evlilerin \u00e7eyizlerinin vazge\u00e7ilmez bir par\u00e7as\u0131 olan Lavanta Kalpleri, sevgi ve mutlulu\u011fun sembol\u00fc olarak kabul edilir. Orijinal Lavanta Kalpleri sadece taze kesilmi\u015f lavanta \u00e7i\u00e7ekleriyle ve tamamen el i\u015f\u00e7ili\u011fiyle \u00fcretilir. Lavanta saplar\u0131, renkli kurdelelerle taze lavanta \u00e7i\u00e7eklerini i\u00e7ine [...]\" \/>\n<meta property=\"og:url\" content=\"https:\/\/sakipsabancimuzesi.org\/shop\/urun\/ev-dekorasyon\/mutfak\/riva-lavantalik-kucuk\/\" \/>\n<meta property=\"og:site_name\" content=\"SSM Shop\" \/>\n<meta property=\"article:publisher\" content=\"https:\/\/www.facebook.com\/SakipSabanciMuzesi\/\" \/>\n<meta property=\"article:modified_time\" content=\"2025-09-05T11:13:49+00:00\" \/>\n<meta property=\"og:image\" content=\"https:\/\/sakipsabancimuzesi.org\/shop\/wp-content\/uploads\/2024\/01\/lavantalik-kucuk5.jpg\" \/>\n\t<meta property=\"og:image:width\" content=\"1280\" \/>\n\t<meta property=\"og:image:height\" content=\"1600\" \/>\n\t<meta property=\"og:image:type\" content=\"image\/jpeg\" \/>\n<meta name=\"twitter:card\" content=\"summary_large_image\" \/>\n<meta name=\"twitter:label1\" content=\"Tahmini okuma s\u00fcresi\" \/>\n\t<meta name=\"twitter:data1\" content=\"1 dakika\" \/>\n<script type=\"application\/ld+json\" class=\"yoast-schema-graph\">{\"@context\":\"https:\/\/schema.org\",\"@graph\":[{\"@type\":\"WebPage\",\"@id\":\"https:\/\/sakipsabancimuzesi.org\/shop\/urun\/ev-dekorasyon\/mutfak\/riva-lavantalik-kucuk\/\",\"url\":\"https:\/\/sakipsabancimuzesi.org\/shop\/urun\/ev-dekorasyon\/mutfak\/riva-lavantalik-kucuk\/\",\"name\":\"Riva Lavantal\u0131k K\u00fc\u00e7\u00fck - SSM Shop\",\"isPartOf\":{\"@id\":\"https:\/\/sakipsabancimuzesi.org\/shop\/#website\"},\"primaryImageOfPage\":{\"@id\":\"https:\/\/sakipsabancimuzesi.org\/shop\/urun\/ev-dekorasyon\/mutfak\/riva-lavantalik-kucuk\/#primaryimage\"},\"image\":{\"@id\":\"https:\/\/sakipsabancimuzesi.org\/shop\/urun\/ev-dekorasyon\/mutfak\/riva-lavantalik-kucuk\/#primaryimage\"},\"thumbnailUrl\":\"https:\/\/sakipsabancimuzesi.org\/shop\/wp-content\/uploads\/2024\/01\/lavantalik-kucuk5.jpg\",\"datePublished\":\"2024-01-05T06:31:12+00:00\",\"dateModified\":\"2025-09-05T11:13:49+00:00\",\"breadcrumb\":{\"@id\":\"https:\/\/sakipsabancimuzesi.org\/shop\/urun\/ev-dekorasyon\/mutfak\/riva-lavantalik-kucuk\/#breadcrumb\"},\"inLanguage\":\"tr\",\"potentialAction\":[{\"@type\":\"ReadAction\",\"target\":[\"https:\/\/sakipsabancimuzesi.org\/shop\/urun\/ev-dekorasyon\/mutfak\/riva-lavantalik-kucuk\/\"]}]},{\"@type\":\"ImageObject\",\"inLanguage\":\"tr\",\"@id\":\"https:\/\/sakipsabancimuzesi.org\/shop\/urun\/ev-dekorasyon\/mutfak\/riva-lavantalik-kucuk\/#primaryimage\",\"url\":\"https:\/\/sakipsabancimuzesi.org\/shop\/wp-content\/uploads\/2024\/01\/lavantalik-kucuk5.jpg\",\"contentUrl\":\"https:\/\/sakipsabancimuzesi.org\/shop\/wp-content\/uploads\/2024\/01\/lavantalik-kucuk5.jpg\",\"width\":1280,\"height\":1600},{\"@type\":\"BreadcrumbList\",\"@id\":\"https:\/\/sakipsabancimuzesi.org\/shop\/urun\/ev-dekorasyon\/mutfak\/riva-lavantalik-kucuk\/#breadcrumb\",\"itemListElement\":[{\"@type\":\"ListItem\",\"position\":1,\"name\":\"Ana sayfa\",\"item\":\"https:\/\/sakipsabancimuzesi.org\/shop\/\"},{\"@type\":\"ListItem\",\"position\":2,\"name\":\"Shop\",\"item\":\"https:\/\/sakipsabancimuzesi.org\/shop\/shop\/\"},{\"@type\":\"ListItem\",\"position\":3,\"name\":\"Riva Lavantal\u0131k K\u00fc\u00e7\u00fck\"}]},{\"@type\":\"WebSite\",\"@id\":\"https:\/\/sakipsabancimuzesi.org\/shop\/#website\",\"url\":\"https:\/\/sakipsabancimuzesi.org\/shop\/\",\"name\":\"SSM Shop\",\"description\":\"Sak\u0131p Sabanc\u0131 M\u00fczesi, Ma\u011faza\",\"publisher\":{\"@id\":\"https:\/\/sakipsabancimuzesi.org\/shop\/#organization\"},\"potentialAction\":[{\"@type\":\"SearchAction\",\"target\":{\"@type\":\"EntryPoint\",\"urlTemplate\":\"https:\/\/sakipsabancimuzesi.org\/shop\/?s={search_term_string}\"},\"query-input\":{\"@type\":\"PropertyValueSpecification\",\"valueRequired\":true,\"valueName\":\"search_term_string\"}}],\"inLanguage\":\"tr\"},{\"@type\":\"Organization\",\"@id\":\"https:\/\/sakipsabancimuzesi.org\/shop\/#organization\",\"name\":\"SSM Shop\",\"url\":\"https:\/\/sakipsabancimuzesi.org\/shop\/\",\"logo\":{\"@type\":\"ImageObject\",\"inLanguage\":\"tr\",\"@id\":\"https:\/\/sakipsabancimuzesi.org\/shop\/#\/schema\/logo\/image\/\",\"url\":\"https:\/\/sakipsabancimuzesi.org\/shop\/wp-content\/uploads\/2019\/11\/logo.png\",\"contentUrl\":\"https:\/\/sakipsabancimuzesi.org\/shop\/wp-content\/uploads\/2019\/11\/logo.png\",\"width\":227,\"height\":87,\"caption\":\"SSM Shop\"},\"image\":{\"@id\":\"https:\/\/sakipsabancimuzesi.org\/shop\/#\/schema\/logo\/image\/\"},\"sameAs\":[\"https:\/\/www.facebook.com\/SakipSabanciMuzesi\/\"]}]}<\/script>\n<!-- \/ Yoast SEO plugin. -->","yoast_head_json":{"title":"Riva Lavantal\u0131k K\u00fc\u00e7\u00fck - SSM Shop","robots":{"index":"index","follow":"follow","max-snippet":"max-snippet:-1","max-image-preview":"max-image-preview:large","max-video-preview":"max-video-preview:-1"},"canonical":"https:\/\/sakipsabancimuzesi.org\/shop\/urun\/ev-dekorasyon\/mutfak\/riva-lavantalik-kucuk\/","og_locale":"tr_TR","og_type":"article","og_title":"Riva Lavantal\u0131k K\u00fc\u00e7\u00fck - SSM Shop","og_description":"Lavanta Kalbi Ge\u00e7mi\u015fi 18. y\u00fczy\u0131la dayanan Lavanta Kalpleri, G\u00fcney Fransa\u2019n\u0131n Provence b\u00f6lgesine \u00f6zg\u00fc geleneksel bir el sanat\u0131d\u0131r. Ge\u00e7mi\u015fte yeni evlilerin \u00e7eyizlerinin vazge\u00e7ilmez bir par\u00e7as\u0131 olan Lavanta Kalpleri, sevgi ve mutlulu\u011fun sembol\u00fc olarak kabul edilir. Orijinal Lavanta Kalpleri sadece taze kesilmi\u015f lavanta \u00e7i\u00e7ekleriyle ve tamamen el i\u015f\u00e7ili\u011fiyle \u00fcretilir. Lavanta saplar\u0131, renkli kurdelelerle taze lavanta \u00e7i\u00e7eklerini i\u00e7ine [...]","og_url":"https:\/\/sakipsabancimuzesi.org\/shop\/urun\/ev-dekorasyon\/mutfak\/riva-lavantalik-kucuk\/","og_site_name":"SSM Shop","article_publisher":"https:\/\/www.facebook.com\/SakipSabanciMuzesi\/","article_modified_time":"2025-09-05T11:13:49+00:00","og_image":[{"width":1280,"height":1600,"url":"https:\/\/sakipsabancimuzesi.org\/shop\/wp-content\/uploads\/2024\/01\/lavantalik-kucuk5.jpg","type":"image\/jpeg"}],"twitter_card":"summary_large_image","twitter_misc":{"Tahmini okuma s\u00fcresi":"1 dakika"},"schema":{"@context":"https:\/\/schema.org","@graph":[{"@type":"WebPage","@id":"https:\/\/sakipsabancimuzesi.org\/shop\/urun\/ev-dekorasyon\/mutfak\/riva-lavantalik-kucuk\/","url":"https:\/\/sakipsabancimuzesi.org\/shop\/urun\/ev-dekorasyon\/mutfak\/riva-lavantalik-kucuk\/","name":"Riva Lavantal\u0131k K\u00fc\u00e7\u00fck - SSM Shop","isPartOf":{"@id":"https:\/\/sakipsabancimuzesi.org\/shop\/#website"},"primaryImageOfPage":{"@id":"https:\/\/sakipsabancimuzesi.org\/shop\/urun\/ev-dekorasyon\/mutfak\/riva-lavantalik-kucuk\/#primaryimage"},"image":{"@id":"https:\/\/sakipsabancimuzesi.org\/shop\/urun\/ev-dekorasyon\/mutfak\/riva-lavantalik-kucuk\/#primaryimage"},"thumbnailUrl":"https:\/\/sakipsabancimuzesi.org\/shop\/wp-content\/uploads\/2024\/01\/lavantalik-kucuk5.jpg","datePublished":"2024-01-05T06:31:12+00:00","dateModified":"2025-09-05T11:13:49+00:00","breadcrumb":{"@id":"https:\/\/sakipsabancimuzesi.org\/shop\/urun\/ev-dekorasyon\/mutfak\/riva-lavantalik-kucuk\/#breadcrumb"},"inLanguage":"tr","potentialAction":[{"@type":"ReadAction","target":["https:\/\/sakipsabancimuzesi.org\/shop\/urun\/ev-dekorasyon\/mutfak\/riva-lavantalik-kucuk\/"]}]},{"@type":"ImageObject","inLanguage":"tr","@id":"https:\/\/sakipsabancimuzesi.org\/shop\/urun\/ev-dekorasyon\/mutfak\/riva-lavantalik-kucuk\/#primaryimage","url":"https:\/\/sakipsabancimuzesi.org\/shop\/wp-content\/uploads\/2024\/01\/lavantalik-kucuk5.jpg","contentUrl":"https:\/\/sakipsabancimuzesi.org\/shop\/wp-content\/uploads\/2024\/01\/lavantalik-kucuk5.jpg","width":1280,"height":1600},{"@type":"BreadcrumbList","@id":"https:\/\/sakipsabancimuzesi.org\/shop\/urun\/ev-dekorasyon\/mutfak\/riva-lavantalik-kucuk\/#breadcrumb","itemListElement":[{"@type":"ListItem","position":1,"name":"Ana sayfa","item":"https:\/\/sakipsabancimuzesi.org\/shop\/"},{"@type":"ListItem","position":2,"name":"Shop","item":"https:\/\/sakipsabancimuzesi.org\/shop\/shop\/"},{"@type":"ListItem","position":3,"name":"Riva Lavantal\u0131k K\u00fc\u00e7\u00fck"}]},{"@type":"WebSite","@id":"https:\/\/sakipsabancimuzesi.org\/shop\/#website","url":"https:\/\/sakipsabancimuzesi.org\/shop\/","name":"SSM Shop","description":"Sak\u0131p Sabanc\u0131 M\u00fczesi, Ma\u011faza","publisher":{"@id":"https:\/\/sakipsabancimuzesi.org\/shop\/#organization"},"potentialAction":[{"@type":"SearchAction","target":{"@type":"EntryPoint","urlTemplate":"https:\/\/sakipsabancimuzesi.org\/shop\/?s={search_term_string}"},"query-input":{"@type":"PropertyValueSpecification","valueRequired":true,"valueName":"search_term_string"}}],"inLanguage":"tr"},{"@type":"Organization","@id":"https:\/\/sakipsabancimuzesi.org\/shop\/#organization","name":"SSM Shop","url":"https:\/\/sakipsabancimuzesi.org\/shop\/","logo":{"@type":"ImageObject","inLanguage":"tr","@id":"https:\/\/sakipsabancimuzesi.org\/shop\/#\/schema\/logo\/image\/","url":"https:\/\/sakipsabancimuzesi.org\/shop\/wp-content\/uploads\/2019\/11\/logo.png","contentUrl":"https:\/\/sakipsabancimuzesi.org\/shop\/wp-content\/uploads\/2019\/11\/logo.png","width":227,"height":87,"caption":"SSM Shop"},"image":{"@id":"https:\/\/sakipsabancimuzesi.org\/shop\/#\/schema\/logo\/image\/"},"sameAs":["https:\/\/www.facebook.com\/SakipSabanciMuzesi\/"]}]}},"jetpack_sharing_enabled":true,"_links":{"self":[{"href":"https:\/\/sakipsabancimuzesi.org\/shop\/wp-json\/wp\/v2\/product\/262821","targetHints":{"allow":["GET"]}}],"collection":[{"href":"https:\/\/sakipsabancimuzesi.org\/shop\/wp-json\/wp\/v2\/product"}],"about":[{"href":"https:\/\/sakipsabancimuzesi.org\/shop\/wp-json\/wp\/v2\/types\/product"}],"wp:featuredmedia":[{"embeddable":true,"href":"https:\/\/sakipsabancimuzesi.org\/shop\/wp-json\/wp\/v2\/media\/262834"}],"wp:attachment":[{"href":"https:\/\/sakipsabancimuzesi.org\/shop\/wp-json\/wp\/v2\/media?parent=262821"}],"wp:term":[{"taxonomy":"product_brand","embeddable":true,"href":"https:\/\/sakipsabancimuzesi.org\/shop\/wp-json\/wp\/v2\/product_brand?post=262821"},{"taxonomy":"product_cat","embeddable":true,"href":"https:\/\/sakipsabancimuzesi.org\/shop\/wp-json\/wp\/v2\/product_cat?post=262821"},{"taxonomy":"product_tag","embeddable":true,"href":"https:\/\/sakipsabancimuzesi.org\/shop\/wp-json\/wp\/v2\/product_tag?post=262821"},{"taxonomy":"woo-feed-brand","embeddable":true,"href":"https:\/\/sakipsabancimuzesi.org\/shop\/wp-json\/wp\/v2\/woo-feed-brand?post=262821"}],"curies":[{"name":"wp","href":"https:\/\/api.w.org\/{rel}","templated":true}]}}