{"id":263022,"date":"2024-02-21T14:23:34","date_gmt":"2024-02-21T11:23:34","guid":{"rendered":"https:\/\/sakipsabancimuzesi.org\/shop\/?post_type=product&#038;p=263022"},"modified":"2025-09-25T11:58:15","modified_gmt":"2025-09-25T08:58:15","slug":"ssmnin-kadinlari-el-cantasi-buyuk-2","status":"publish","type":"product","link":"https:\/\/sakipsabancimuzesi.org\/shop\/urun\/moda\/canta-moda\/ssmnin-kadinlari-el-cantasi-buyuk-2\/","title":{"rendered":"SSM&#8217;nin Kad\u0131nlar\u0131 El \u00c7antas\u0131 \/ B\u00fcy\u00fck"},"content":{"rendered":"<p>Sak\u0131p Sabanc\u0131 M\u00fczesi Resim Koleksiyonu, resim sanat\u0131n\u0131n geli\u015fiminin ba\u015flang\u0131\u00e7 evresine dair \u00f6nemli ipu\u00e7lar\u0131 veren k\u00fclt\u00fcrel bir birikimdir. \u0130mge \u00fcretimindeki d\u00f6n\u00fc\u015f\u00fcm\u00fc, sanat ve sanat\u00e7\u0131 kavramlar\u0131n\u0131n de\u011fi\u015fen anlamlar\u0131n\u0131 g\u00f6zler \u00f6n\u00fcne sererek Osmanl\u0131 \u0130mparatorlu\u011fu\u2019ndan T\u00fcrkiye Cumhuriyeti\u2019ne uzanan modernle\u015fme s\u00fcrecini yans\u0131t\u0131r.<\/p>\n<p>\u0130brahim \u00c7all\u0131\u2019n\u0131n\u00a0<i>Ye\u015filli Kad\u0131n\u00a0<\/i>ve\u00a0<i>K\u0131z Portresi<\/i>, Halil Pa\u015fa\u2019n\u0131n\u00a0<i>Pembeli Kad\u0131n<\/i>\u00a0ve Hikmet Onat\u2019\u0131n\u00a0<i>Oturan Kad\u0131n<\/i>\u00a0isimli eserleriyle haz\u0131rlanan tasar\u0131mlar, portrecilikte a\u011f\u0131rl\u0131kl\u0131 olarak kad\u0131nlar\u0131n betimlenmesinin ve Tanzimat d\u00f6neminden itibaren Osmanl\u0131 toplumunda daha g\u00f6r\u00fcn\u00fcr olmaya ba\u015flamalar\u0131n\u0131n ipu\u00e7lar\u0131n\u0131 ta\u015f\u0131r.<\/p>\n","protected":false},"excerpt":{"rendered":"<p>Ebat: 24&#215;19<\/p>\n","protected":false},"featured_media":263014,"template":"","meta":{"_exactmetrics_skip_tracking":false,"_exactmetrics_sitenote_active":false,"_exactmetrics_sitenote_note":"","_exactmetrics_sitenote_category":0},"product_brand":[],"product_cat":[649,653],"product_tag":[788],"woo-feed-brand":[],"class_list":{"0":"post-263022","1":"product","2":"type-product","3":"status-publish","4":"has-post-thumbnail","6":"product_cat-moda","7":"product_cat-canta-moda","8":"product_tag-ssmnin-kadinlari","10":"first","11":"instock","12":"taxable","13":"shipping-taxable","14":"purchasable","15":"product-type-simple"},"yoast_head":"<!-- This site is optimized with the Yoast SEO plugin v27.1.1 - https:\/\/yoast.com\/product\/yoast-seo-wordpress\/ -->\n<title>SSM&#039;nin Kad\u0131nlar\u0131 El \u00c7antas\u0131 \/ B\u00fcy\u00fck - SSM Shop<\/title>\n<meta name=\"robots\" content=\"index, follow, max-snippet:-1, max-image-preview:large, max-video-preview:-1\" \/>\n<link rel=\"canonical\" href=\"https:\/\/sakipsabancimuzesi.org\/shop\/urun\/moda\/canta-moda\/ssmnin-kadinlari-el-cantasi-buyuk-2\/\" \/>\n<meta property=\"og:locale\" content=\"tr_TR\" \/>\n<meta property=\"og:type\" content=\"article\" \/>\n<meta property=\"og:title\" content=\"SSM&#039;nin Kad\u0131nlar\u0131 El \u00c7antas\u0131 \/ B\u00fcy\u00fck - SSM Shop\" \/>\n<meta property=\"og:description\" content=\"Ebat: 24x19\" \/>\n<meta property=\"og:url\" content=\"https:\/\/sakipsabancimuzesi.org\/shop\/urun\/moda\/canta-moda\/ssmnin-kadinlari-el-cantasi-buyuk-2\/\" \/>\n<meta property=\"og:site_name\" content=\"SSM Shop\" \/>\n<meta property=\"article:publisher\" content=\"https:\/\/www.facebook.com\/SakipSabanciMuzesi\/\" \/>\n<meta property=\"article:modified_time\" content=\"2025-09-25T08:58:15+00:00\" \/>\n<meta property=\"og:image\" content=\"https:\/\/sakipsabancimuzesi.org\/shop\/wp-content\/uploads\/2024\/02\/CEF5338-1280.png\" \/>\n\t<meta property=\"og:image:width\" content=\"1280\" \/>\n\t<meta property=\"og:image:height\" content=\"1600\" \/>\n\t<meta property=\"og:image:type\" content=\"image\/png\" \/>\n<meta name=\"twitter:card\" content=\"summary_large_image\" \/>\n<meta name=\"twitter:label1\" content=\"Tahmini okuma s\u00fcresi\" \/>\n\t<meta name=\"twitter:data1\" content=\"1 dakika\" \/>\n<script type=\"application\/ld+json\" class=\"yoast-schema-graph\">{\"@context\":\"https:\/\/schema.org\",\"@graph\":[{\"@type\":\"WebPage\",\"@id\":\"https:\/\/sakipsabancimuzesi.org\/shop\/urun\/moda\/canta-moda\/ssmnin-kadinlari-el-cantasi-buyuk-2\/\",\"url\":\"https:\/\/sakipsabancimuzesi.org\/shop\/urun\/moda\/canta-moda\/ssmnin-kadinlari-el-cantasi-buyuk-2\/\",\"name\":\"SSM'nin Kad\u0131nlar\u0131 El \u00c7antas\u0131 \/ B\u00fcy\u00fck - SSM Shop\",\"isPartOf\":{\"@id\":\"https:\/\/sakipsabancimuzesi.org\/shop\/#website\"},\"primaryImageOfPage\":{\"@id\":\"https:\/\/sakipsabancimuzesi.org\/shop\/urun\/moda\/canta-moda\/ssmnin-kadinlari-el-cantasi-buyuk-2\/#primaryimage\"},\"image\":{\"@id\":\"https:\/\/sakipsabancimuzesi.org\/shop\/urun\/moda\/canta-moda\/ssmnin-kadinlari-el-cantasi-buyuk-2\/#primaryimage\"},\"thumbnailUrl\":\"https:\/\/sakipsabancimuzesi.org\/shop\/wp-content\/uploads\/2024\/02\/CEF5338-1280.png\",\"datePublished\":\"2024-02-21T11:23:34+00:00\",\"dateModified\":\"2025-09-25T08:58:15+00:00\",\"breadcrumb\":{\"@id\":\"https:\/\/sakipsabancimuzesi.org\/shop\/urun\/moda\/canta-moda\/ssmnin-kadinlari-el-cantasi-buyuk-2\/#breadcrumb\"},\"inLanguage\":\"tr\",\"potentialAction\":[{\"@type\":\"ReadAction\",\"target\":[\"https:\/\/sakipsabancimuzesi.org\/shop\/urun\/moda\/canta-moda\/ssmnin-kadinlari-el-cantasi-buyuk-2\/\"]}]},{\"@type\":\"ImageObject\",\"inLanguage\":\"tr\",\"@id\":\"https:\/\/sakipsabancimuzesi.org\/shop\/urun\/moda\/canta-moda\/ssmnin-kadinlari-el-cantasi-buyuk-2\/#primaryimage\",\"url\":\"https:\/\/sakipsabancimuzesi.org\/shop\/wp-content\/uploads\/2024\/02\/CEF5338-1280.png\",\"contentUrl\":\"https:\/\/sakipsabancimuzesi.org\/shop\/wp-content\/uploads\/2024\/02\/CEF5338-1280.png\",\"width\":1280,\"height\":1600},{\"@type\":\"BreadcrumbList\",\"@id\":\"https:\/\/sakipsabancimuzesi.org\/shop\/urun\/moda\/canta-moda\/ssmnin-kadinlari-el-cantasi-buyuk-2\/#breadcrumb\",\"itemListElement\":[{\"@type\":\"ListItem\",\"position\":1,\"name\":\"Ana sayfa\",\"item\":\"https:\/\/sakipsabancimuzesi.org\/shop\/\"},{\"@type\":\"ListItem\",\"position\":2,\"name\":\"Shop\",\"item\":\"https:\/\/sakipsabancimuzesi.org\/shop\/shop\/\"},{\"@type\":\"ListItem\",\"position\":3,\"name\":\"SSM&#8217;nin Kad\u0131nlar\u0131 El \u00c7antas\u0131 \/ B\u00fcy\u00fck\"}]},{\"@type\":\"WebSite\",\"@id\":\"https:\/\/sakipsabancimuzesi.org\/shop\/#website\",\"url\":\"https:\/\/sakipsabancimuzesi.org\/shop\/\",\"name\":\"SSM Shop\",\"description\":\"Sak\u0131p Sabanc\u0131 M\u00fczesi, Ma\u011faza\",\"publisher\":{\"@id\":\"https:\/\/sakipsabancimuzesi.org\/shop\/#organization\"},\"potentialAction\":[{\"@type\":\"SearchAction\",\"target\":{\"@type\":\"EntryPoint\",\"urlTemplate\":\"https:\/\/sakipsabancimuzesi.org\/shop\/?s={search_term_string}\"},\"query-input\":{\"@type\":\"PropertyValueSpecification\",\"valueRequired\":true,\"valueName\":\"search_term_string\"}}],\"inLanguage\":\"tr\"},{\"@type\":\"Organization\",\"@id\":\"https:\/\/sakipsabancimuzesi.org\/shop\/#organization\",\"name\":\"SSM Shop\",\"url\":\"https:\/\/sakipsabancimuzesi.org\/shop\/\",\"logo\":{\"@type\":\"ImageObject\",\"inLanguage\":\"tr\",\"@id\":\"https:\/\/sakipsabancimuzesi.org\/shop\/#\/schema\/logo\/image\/\",\"url\":\"https:\/\/sakipsabancimuzesi.org\/shop\/wp-content\/uploads\/2019\/11\/logo.png\",\"contentUrl\":\"https:\/\/sakipsabancimuzesi.org\/shop\/wp-content\/uploads\/2019\/11\/logo.png\",\"width\":227,\"height\":87,\"caption\":\"SSM Shop\"},\"image\":{\"@id\":\"https:\/\/sakipsabancimuzesi.org\/shop\/#\/schema\/logo\/image\/\"},\"sameAs\":[\"https:\/\/www.facebook.com\/SakipSabanciMuzesi\/\"]}]}<\/script>\n<!-- \/ Yoast SEO plugin. -->","yoast_head_json":{"title":"SSM'nin Kad\u0131nlar\u0131 El \u00c7antas\u0131 \/ B\u00fcy\u00fck - SSM Shop","robots":{"index":"index","follow":"follow","max-snippet":"max-snippet:-1","max-image-preview":"max-image-preview:large","max-video-preview":"max-video-preview:-1"},"canonical":"https:\/\/sakipsabancimuzesi.org\/shop\/urun\/moda\/canta-moda\/ssmnin-kadinlari-el-cantasi-buyuk-2\/","og_locale":"tr_TR","og_type":"article","og_title":"SSM'nin Kad\u0131nlar\u0131 El \u00c7antas\u0131 \/ B\u00fcy\u00fck - SSM Shop","og_description":"Ebat: 24x19","og_url":"https:\/\/sakipsabancimuzesi.org\/shop\/urun\/moda\/canta-moda\/ssmnin-kadinlari-el-cantasi-buyuk-2\/","og_site_name":"SSM Shop","article_publisher":"https:\/\/www.facebook.com\/SakipSabanciMuzesi\/","article_modified_time":"2025-09-25T08:58:15+00:00","og_image":[{"width":1280,"height":1600,"url":"https:\/\/sakipsabancimuzesi.org\/shop\/wp-content\/uploads\/2024\/02\/CEF5338-1280.png","type":"image\/png"}],"twitter_card":"summary_large_image","twitter_misc":{"Tahmini okuma s\u00fcresi":"1 dakika"},"schema":{"@context":"https:\/\/schema.org","@graph":[{"@type":"WebPage","@id":"https:\/\/sakipsabancimuzesi.org\/shop\/urun\/moda\/canta-moda\/ssmnin-kadinlari-el-cantasi-buyuk-2\/","url":"https:\/\/sakipsabancimuzesi.org\/shop\/urun\/moda\/canta-moda\/ssmnin-kadinlari-el-cantasi-buyuk-2\/","name":"SSM'nin Kad\u0131nlar\u0131 El \u00c7antas\u0131 \/ B\u00fcy\u00fck - SSM Shop","isPartOf":{"@id":"https:\/\/sakipsabancimuzesi.org\/shop\/#website"},"primaryImageOfPage":{"@id":"https:\/\/sakipsabancimuzesi.org\/shop\/urun\/moda\/canta-moda\/ssmnin-kadinlari-el-cantasi-buyuk-2\/#primaryimage"},"image":{"@id":"https:\/\/sakipsabancimuzesi.org\/shop\/urun\/moda\/canta-moda\/ssmnin-kadinlari-el-cantasi-buyuk-2\/#primaryimage"},"thumbnailUrl":"https:\/\/sakipsabancimuzesi.org\/shop\/wp-content\/uploads\/2024\/02\/CEF5338-1280.png","datePublished":"2024-02-21T11:23:34+00:00","dateModified":"2025-09-25T08:58:15+00:00","breadcrumb":{"@id":"https:\/\/sakipsabancimuzesi.org\/shop\/urun\/moda\/canta-moda\/ssmnin-kadinlari-el-cantasi-buyuk-2\/#breadcrumb"},"inLanguage":"tr","potentialAction":[{"@type":"ReadAction","target":["https:\/\/sakipsabancimuzesi.org\/shop\/urun\/moda\/canta-moda\/ssmnin-kadinlari-el-cantasi-buyuk-2\/"]}]},{"@type":"ImageObject","inLanguage":"tr","@id":"https:\/\/sakipsabancimuzesi.org\/shop\/urun\/moda\/canta-moda\/ssmnin-kadinlari-el-cantasi-buyuk-2\/#primaryimage","url":"https:\/\/sakipsabancimuzesi.org\/shop\/wp-content\/uploads\/2024\/02\/CEF5338-1280.png","contentUrl":"https:\/\/sakipsabancimuzesi.org\/shop\/wp-content\/uploads\/2024\/02\/CEF5338-1280.png","width":1280,"height":1600},{"@type":"BreadcrumbList","@id":"https:\/\/sakipsabancimuzesi.org\/shop\/urun\/moda\/canta-moda\/ssmnin-kadinlari-el-cantasi-buyuk-2\/#breadcrumb","itemListElement":[{"@type":"ListItem","position":1,"name":"Ana sayfa","item":"https:\/\/sakipsabancimuzesi.org\/shop\/"},{"@type":"ListItem","position":2,"name":"Shop","item":"https:\/\/sakipsabancimuzesi.org\/shop\/shop\/"},{"@type":"ListItem","position":3,"name":"SSM&#8217;nin Kad\u0131nlar\u0131 El \u00c7antas\u0131 \/ B\u00fcy\u00fck"}]},{"@type":"WebSite","@id":"https:\/\/sakipsabancimuzesi.org\/shop\/#website","url":"https:\/\/sakipsabancimuzesi.org\/shop\/","name":"SSM Shop","description":"Sak\u0131p Sabanc\u0131 M\u00fczesi, Ma\u011faza","publisher":{"@id":"https:\/\/sakipsabancimuzesi.org\/shop\/#organization"},"potentialAction":[{"@type":"SearchAction","target":{"@type":"EntryPoint","urlTemplate":"https:\/\/sakipsabancimuzesi.org\/shop\/?s={search_term_string}"},"query-input":{"@type":"PropertyValueSpecification","valueRequired":true,"valueName":"search_term_string"}}],"inLanguage":"tr"},{"@type":"Organization","@id":"https:\/\/sakipsabancimuzesi.org\/shop\/#organization","name":"SSM Shop","url":"https:\/\/sakipsabancimuzesi.org\/shop\/","logo":{"@type":"ImageObject","inLanguage":"tr","@id":"https:\/\/sakipsabancimuzesi.org\/shop\/#\/schema\/logo\/image\/","url":"https:\/\/sakipsabancimuzesi.org\/shop\/wp-content\/uploads\/2019\/11\/logo.png","contentUrl":"https:\/\/sakipsabancimuzesi.org\/shop\/wp-content\/uploads\/2019\/11\/logo.png","width":227,"height":87,"caption":"SSM Shop"},"image":{"@id":"https:\/\/sakipsabancimuzesi.org\/shop\/#\/schema\/logo\/image\/"},"sameAs":["https:\/\/www.facebook.com\/SakipSabanciMuzesi\/"]}]}},"jetpack_sharing_enabled":true,"_links":{"self":[{"href":"https:\/\/sakipsabancimuzesi.org\/shop\/wp-json\/wp\/v2\/product\/263022","targetHints":{"allow":["GET"]}}],"collection":[{"href":"https:\/\/sakipsabancimuzesi.org\/shop\/wp-json\/wp\/v2\/product"}],"about":[{"href":"https:\/\/sakipsabancimuzesi.org\/shop\/wp-json\/wp\/v2\/types\/product"}],"wp:featuredmedia":[{"embeddable":true,"href":"https:\/\/sakipsabancimuzesi.org\/shop\/wp-json\/wp\/v2\/media\/263014"}],"wp:attachment":[{"href":"https:\/\/sakipsabancimuzesi.org\/shop\/wp-json\/wp\/v2\/media?parent=263022"}],"wp:term":[{"taxonomy":"product_brand","embeddable":true,"href":"https:\/\/sakipsabancimuzesi.org\/shop\/wp-json\/wp\/v2\/product_brand?post=263022"},{"taxonomy":"product_cat","embeddable":true,"href":"https:\/\/sakipsabancimuzesi.org\/shop\/wp-json\/wp\/v2\/product_cat?post=263022"},{"taxonomy":"product_tag","embeddable":true,"href":"https:\/\/sakipsabancimuzesi.org\/shop\/wp-json\/wp\/v2\/product_tag?post=263022"},{"taxonomy":"woo-feed-brand","embeddable":true,"href":"https:\/\/sakipsabancimuzesi.org\/shop\/wp-json\/wp\/v2\/woo-feed-brand?post=263022"}],"curies":[{"name":"wp","href":"https:\/\/api.w.org\/{rel}","templated":true}]}}