{"id":263575,"date":"2024-05-14T15:40:54","date_gmt":"2024-05-14T12:40:54","guid":{"rendered":"https:\/\/sakipsabancimuzesi.org\/shop\/?post_type=product&#038;p=263575"},"modified":"2024-05-14T23:53:41","modified_gmt":"2024-05-14T20:53:41","slug":"arzuhaller-torbada-ne-varsa","status":"publish","type":"product","link":"https:\/\/sakipsabancimuzesi.org\/shop\/urun\/egitim-ve-etkinlik\/etkinlikler\/arzuhaller-torbada-ne-varsa\/","title":{"rendered":"Arzuhaller: Torbada Ne Varsa"},"content":{"rendered":"<p>Sak\u0131p Sabanc\u0131 M\u00fczesi, 18 May\u0131s Uluslararas\u0131 M\u00fczeler G\u00fcn\u00fc&#8217;n\u00fc kutluyor!<\/p>\n<p>Foto\u011fraflardan ve mektuplardan ilhamla yeti\u015fkinlere y\u00f6nelik \u201cArzuhaller: Torbada Ne Varsa\u201d at\u00f6lyemize \u00fccretsiz kat\u0131larak nostaljik bir filmde \u00e7\u0131kabilirsiniz.<\/p>\n<p>Diplomalar, pasaportlar, u\u00e7ak evraklar\u0131, faturalar, i\u015f kabul ve fesih evraklar\u0131, d\u00fc\u011f\u00fcn kay\u0131tlar\u0131, davetiyeler, tapu kay\u0131tlar\u0131, foto\u011fraflar ve ya\u015famdaki g\u00fczel anlar\u0131, ba\u015far\u0131lar\u0131 veya d\u00f6nemde\u00e7leri simgeleyen t\u00fcm evraklar, ya\u015fam boyunca g\u00f6zden ka\u00e7\u0131r\u0131larak; kayb\u0131n ve yas\u0131n ac\u0131s\u0131n\u0131 yok etmek plan\u0131yla ortadan kald\u0131r\u0131l\u0131r. Tasdiknameleri kutlama kartlar\u0131na d\u00f6n\u00fc\u015ft\u00fcr\u00fcld\u00fc\u011f\u00fcm\u00fcz bu at\u00f6lyede, o \u00f6zel anlara yeni \u015fanslar ve ki\u015filerin ya\u015fam ser\u00fcvenlerini kutsamaya talip bulunur.<\/p>\n<p>Etkinlik S\u00fcresi: 120 dakika<\/p>\n<p>Tasarlayan ve Uygulayan: G\u00fcl\u00e7in Uslu, Asl\u0131 Altan \u015eekerci<\/p>\n<p>Etkinlik Kurallar\u0131<\/p>\n<ul>\n<li>Belirtilen etkinlik saati, at\u00f6lyenin ba\u015flama saatidir.<\/li>\n<li>Organizasyondan kaynaklanmayan sebepler i\u00e7in de\u011fi\u015fiklik yap\u0131lmaz.<\/li>\n<li>At\u00f6lye malzemelerini SSM sa\u011flar.<\/li>\n<li>Rahat k\u0131yafetlerin giyilmesi \u00f6nerilir.<\/li>\n<li>Organizasyon, \u00f6ng\u00f6r\u00fclmeyen ve ka\u00e7\u0131n\u0131lmaz olarak ger\u00e7ekle\u015fecek olan programda her t\u00fcrl\u00fc de\u011fi\u015fiklik yapma hakk\u0131n\u0131 sakl\u0131 tutar.<\/li>\n<li>Etkinli\u011fe kat\u0131lan kat\u0131l\u0131mc\u0131lar\u0131n foto\u011fraf ve video \u00e7ekimlerinin tan\u0131t\u0131m materyallerinde kullan\u0131m hakk\u0131 etkinli\u011fine ait olup olmad\u0131\u011f\u0131, etkinli\u011fe kat\u0131larak bu haklar \u00f6zelliklerini kabul etmektedir.<\/li>\n<\/ul>\n","protected":false},"excerpt":{"rendered":"<p>Tarih: 18 May\u0131s 2024, Cumartesi<\/p>\n<p>Saat: 15:00-17:00<\/p>\n<p>Bulu\u015fma Yeri: SSM Galeri Giri\u015fi<\/p>\n","protected":false},"featured_media":263579,"template":"","meta":{"_exactmetrics_skip_tracking":false,"_exactmetrics_sitenote_active":false,"_exactmetrics_sitenote_note":"","_exactmetrics_sitenote_category":0},"product_brand":[],"product_cat":[581],"product_tag":[],"woo-feed-brand":[],"class_list":{"0":"post-263575","1":"product","2":"type-product","3":"status-publish","4":"has-post-thumbnail","6":"product_cat-etkinlikler","8":"first","9":"outofstock","10":"sold-individually","11":"taxable","12":"shipping-taxable","13":"purchasable","14":"product-type-simple"},"yoast_head":"<!-- This site is optimized with the Yoast SEO plugin v27.1.1 - https:\/\/yoast.com\/product\/yoast-seo-wordpress\/ -->\n<title>Arzuhaller: Torbada Ne Varsa - SSM Shop<\/title>\n<meta name=\"robots\" content=\"index, follow, max-snippet:-1, max-image-preview:large, max-video-preview:-1\" \/>\n<link rel=\"canonical\" href=\"https:\/\/sakipsabancimuzesi.org\/shop\/urun\/egitim-ve-etkinlik\/etkinlikler\/arzuhaller-torbada-ne-varsa\/\" \/>\n<meta property=\"og:locale\" content=\"tr_TR\" \/>\n<meta property=\"og:type\" content=\"article\" \/>\n<meta property=\"og:title\" content=\"Arzuhaller: Torbada Ne Varsa - SSM Shop\" \/>\n<meta property=\"og:description\" content=\"Tarih: 18 May\u0131s 2024, Cumartesi  Saat: 15:00-17:00  Bulu\u015fma Yeri: SSM Galeri Giri\u015fi\" \/>\n<meta property=\"og:url\" content=\"https:\/\/sakipsabancimuzesi.org\/shop\/urun\/egitim-ve-etkinlik\/etkinlikler\/arzuhaller-torbada-ne-varsa\/\" \/>\n<meta property=\"og:site_name\" content=\"SSM Shop\" \/>\n<meta property=\"article:publisher\" content=\"https:\/\/www.facebook.com\/SakipSabanciMuzesi\/\" \/>\n<meta property=\"article:modified_time\" content=\"2024-05-14T20:53:41+00:00\" \/>\n<meta property=\"og:image\" content=\"https:\/\/sakipsabancimuzesi.org\/shop\/wp-content\/uploads\/2024\/05\/POST_1.jpg\" \/>\n\t<meta property=\"og:image:width\" content=\"1080\" \/>\n\t<meta property=\"og:image:height\" content=\"1080\" \/>\n\t<meta property=\"og:image:type\" content=\"image\/jpeg\" \/>\n<meta name=\"twitter:card\" content=\"summary_large_image\" \/>\n<meta name=\"twitter:label1\" content=\"Tahmini okuma s\u00fcresi\" \/>\n\t<meta name=\"twitter:data1\" content=\"1 dakika\" \/>\n<script type=\"application\/ld+json\" class=\"yoast-schema-graph\">{\"@context\":\"https:\/\/schema.org\",\"@graph\":[{\"@type\":\"WebPage\",\"@id\":\"https:\/\/sakipsabancimuzesi.org\/shop\/urun\/egitim-ve-etkinlik\/etkinlikler\/arzuhaller-torbada-ne-varsa\/\",\"url\":\"https:\/\/sakipsabancimuzesi.org\/shop\/urun\/egitim-ve-etkinlik\/etkinlikler\/arzuhaller-torbada-ne-varsa\/\",\"name\":\"Arzuhaller: Torbada Ne Varsa - SSM Shop\",\"isPartOf\":{\"@id\":\"https:\/\/sakipsabancimuzesi.org\/shop\/#website\"},\"primaryImageOfPage\":{\"@id\":\"https:\/\/sakipsabancimuzesi.org\/shop\/urun\/egitim-ve-etkinlik\/etkinlikler\/arzuhaller-torbada-ne-varsa\/#primaryimage\"},\"image\":{\"@id\":\"https:\/\/sakipsabancimuzesi.org\/shop\/urun\/egitim-ve-etkinlik\/etkinlikler\/arzuhaller-torbada-ne-varsa\/#primaryimage\"},\"thumbnailUrl\":\"https:\/\/sakipsabancimuzesi.org\/shop\/wp-content\/uploads\/2024\/05\/POST_1.jpg\",\"datePublished\":\"2024-05-14T12:40:54+00:00\",\"dateModified\":\"2024-05-14T20:53:41+00:00\",\"breadcrumb\":{\"@id\":\"https:\/\/sakipsabancimuzesi.org\/shop\/urun\/egitim-ve-etkinlik\/etkinlikler\/arzuhaller-torbada-ne-varsa\/#breadcrumb\"},\"inLanguage\":\"tr\",\"potentialAction\":[{\"@type\":\"ReadAction\",\"target\":[\"https:\/\/sakipsabancimuzesi.org\/shop\/urun\/egitim-ve-etkinlik\/etkinlikler\/arzuhaller-torbada-ne-varsa\/\"]}]},{\"@type\":\"ImageObject\",\"inLanguage\":\"tr\",\"@id\":\"https:\/\/sakipsabancimuzesi.org\/shop\/urun\/egitim-ve-etkinlik\/etkinlikler\/arzuhaller-torbada-ne-varsa\/#primaryimage\",\"url\":\"https:\/\/sakipsabancimuzesi.org\/shop\/wp-content\/uploads\/2024\/05\/POST_1.jpg\",\"contentUrl\":\"https:\/\/sakipsabancimuzesi.org\/shop\/wp-content\/uploads\/2024\/05\/POST_1.jpg\",\"width\":1080,\"height\":1080},{\"@type\":\"BreadcrumbList\",\"@id\":\"https:\/\/sakipsabancimuzesi.org\/shop\/urun\/egitim-ve-etkinlik\/etkinlikler\/arzuhaller-torbada-ne-varsa\/#breadcrumb\",\"itemListElement\":[{\"@type\":\"ListItem\",\"position\":1,\"name\":\"Ana sayfa\",\"item\":\"https:\/\/sakipsabancimuzesi.org\/shop\/\"},{\"@type\":\"ListItem\",\"position\":2,\"name\":\"Shop\",\"item\":\"https:\/\/sakipsabancimuzesi.org\/shop\/shop\/\"},{\"@type\":\"ListItem\",\"position\":3,\"name\":\"Arzuhaller: Torbada Ne Varsa\"}]},{\"@type\":\"WebSite\",\"@id\":\"https:\/\/sakipsabancimuzesi.org\/shop\/#website\",\"url\":\"https:\/\/sakipsabancimuzesi.org\/shop\/\",\"name\":\"SSM Shop\",\"description\":\"Sak\u0131p Sabanc\u0131 M\u00fczesi, Ma\u011faza\",\"publisher\":{\"@id\":\"https:\/\/sakipsabancimuzesi.org\/shop\/#organization\"},\"potentialAction\":[{\"@type\":\"SearchAction\",\"target\":{\"@type\":\"EntryPoint\",\"urlTemplate\":\"https:\/\/sakipsabancimuzesi.org\/shop\/?s={search_term_string}\"},\"query-input\":{\"@type\":\"PropertyValueSpecification\",\"valueRequired\":true,\"valueName\":\"search_term_string\"}}],\"inLanguage\":\"tr\"},{\"@type\":\"Organization\",\"@id\":\"https:\/\/sakipsabancimuzesi.org\/shop\/#organization\",\"name\":\"SSM Shop\",\"url\":\"https:\/\/sakipsabancimuzesi.org\/shop\/\",\"logo\":{\"@type\":\"ImageObject\",\"inLanguage\":\"tr\",\"@id\":\"https:\/\/sakipsabancimuzesi.org\/shop\/#\/schema\/logo\/image\/\",\"url\":\"https:\/\/sakipsabancimuzesi.org\/shop\/wp-content\/uploads\/2019\/11\/logo.png\",\"contentUrl\":\"https:\/\/sakipsabancimuzesi.org\/shop\/wp-content\/uploads\/2019\/11\/logo.png\",\"width\":227,\"height\":87,\"caption\":\"SSM Shop\"},\"image\":{\"@id\":\"https:\/\/sakipsabancimuzesi.org\/shop\/#\/schema\/logo\/image\/\"},\"sameAs\":[\"https:\/\/www.facebook.com\/SakipSabanciMuzesi\/\"]}]}<\/script>\n<!-- \/ Yoast SEO plugin. -->","yoast_head_json":{"title":"Arzuhaller: Torbada Ne Varsa - SSM Shop","robots":{"index":"index","follow":"follow","max-snippet":"max-snippet:-1","max-image-preview":"max-image-preview:large","max-video-preview":"max-video-preview:-1"},"canonical":"https:\/\/sakipsabancimuzesi.org\/shop\/urun\/egitim-ve-etkinlik\/etkinlikler\/arzuhaller-torbada-ne-varsa\/","og_locale":"tr_TR","og_type":"article","og_title":"Arzuhaller: Torbada Ne Varsa - SSM Shop","og_description":"Tarih: 18 May\u0131s 2024, Cumartesi  Saat: 15:00-17:00  Bulu\u015fma Yeri: SSM Galeri Giri\u015fi","og_url":"https:\/\/sakipsabancimuzesi.org\/shop\/urun\/egitim-ve-etkinlik\/etkinlikler\/arzuhaller-torbada-ne-varsa\/","og_site_name":"SSM Shop","article_publisher":"https:\/\/www.facebook.com\/SakipSabanciMuzesi\/","article_modified_time":"2024-05-14T20:53:41+00:00","og_image":[{"width":1080,"height":1080,"url":"https:\/\/sakipsabancimuzesi.org\/shop\/wp-content\/uploads\/2024\/05\/POST_1.jpg","type":"image\/jpeg"}],"twitter_card":"summary_large_image","twitter_misc":{"Tahmini okuma s\u00fcresi":"1 dakika"},"schema":{"@context":"https:\/\/schema.org","@graph":[{"@type":"WebPage","@id":"https:\/\/sakipsabancimuzesi.org\/shop\/urun\/egitim-ve-etkinlik\/etkinlikler\/arzuhaller-torbada-ne-varsa\/","url":"https:\/\/sakipsabancimuzesi.org\/shop\/urun\/egitim-ve-etkinlik\/etkinlikler\/arzuhaller-torbada-ne-varsa\/","name":"Arzuhaller: Torbada Ne Varsa - SSM Shop","isPartOf":{"@id":"https:\/\/sakipsabancimuzesi.org\/shop\/#website"},"primaryImageOfPage":{"@id":"https:\/\/sakipsabancimuzesi.org\/shop\/urun\/egitim-ve-etkinlik\/etkinlikler\/arzuhaller-torbada-ne-varsa\/#primaryimage"},"image":{"@id":"https:\/\/sakipsabancimuzesi.org\/shop\/urun\/egitim-ve-etkinlik\/etkinlikler\/arzuhaller-torbada-ne-varsa\/#primaryimage"},"thumbnailUrl":"https:\/\/sakipsabancimuzesi.org\/shop\/wp-content\/uploads\/2024\/05\/POST_1.jpg","datePublished":"2024-05-14T12:40:54+00:00","dateModified":"2024-05-14T20:53:41+00:00","breadcrumb":{"@id":"https:\/\/sakipsabancimuzesi.org\/shop\/urun\/egitim-ve-etkinlik\/etkinlikler\/arzuhaller-torbada-ne-varsa\/#breadcrumb"},"inLanguage":"tr","potentialAction":[{"@type":"ReadAction","target":["https:\/\/sakipsabancimuzesi.org\/shop\/urun\/egitim-ve-etkinlik\/etkinlikler\/arzuhaller-torbada-ne-varsa\/"]}]},{"@type":"ImageObject","inLanguage":"tr","@id":"https:\/\/sakipsabancimuzesi.org\/shop\/urun\/egitim-ve-etkinlik\/etkinlikler\/arzuhaller-torbada-ne-varsa\/#primaryimage","url":"https:\/\/sakipsabancimuzesi.org\/shop\/wp-content\/uploads\/2024\/05\/POST_1.jpg","contentUrl":"https:\/\/sakipsabancimuzesi.org\/shop\/wp-content\/uploads\/2024\/05\/POST_1.jpg","width":1080,"height":1080},{"@type":"BreadcrumbList","@id":"https:\/\/sakipsabancimuzesi.org\/shop\/urun\/egitim-ve-etkinlik\/etkinlikler\/arzuhaller-torbada-ne-varsa\/#breadcrumb","itemListElement":[{"@type":"ListItem","position":1,"name":"Ana sayfa","item":"https:\/\/sakipsabancimuzesi.org\/shop\/"},{"@type":"ListItem","position":2,"name":"Shop","item":"https:\/\/sakipsabancimuzesi.org\/shop\/shop\/"},{"@type":"ListItem","position":3,"name":"Arzuhaller: Torbada Ne Varsa"}]},{"@type":"WebSite","@id":"https:\/\/sakipsabancimuzesi.org\/shop\/#website","url":"https:\/\/sakipsabancimuzesi.org\/shop\/","name":"SSM Shop","description":"Sak\u0131p Sabanc\u0131 M\u00fczesi, Ma\u011faza","publisher":{"@id":"https:\/\/sakipsabancimuzesi.org\/shop\/#organization"},"potentialAction":[{"@type":"SearchAction","target":{"@type":"EntryPoint","urlTemplate":"https:\/\/sakipsabancimuzesi.org\/shop\/?s={search_term_string}"},"query-input":{"@type":"PropertyValueSpecification","valueRequired":true,"valueName":"search_term_string"}}],"inLanguage":"tr"},{"@type":"Organization","@id":"https:\/\/sakipsabancimuzesi.org\/shop\/#organization","name":"SSM Shop","url":"https:\/\/sakipsabancimuzesi.org\/shop\/","logo":{"@type":"ImageObject","inLanguage":"tr","@id":"https:\/\/sakipsabancimuzesi.org\/shop\/#\/schema\/logo\/image\/","url":"https:\/\/sakipsabancimuzesi.org\/shop\/wp-content\/uploads\/2019\/11\/logo.png","contentUrl":"https:\/\/sakipsabancimuzesi.org\/shop\/wp-content\/uploads\/2019\/11\/logo.png","width":227,"height":87,"caption":"SSM Shop"},"image":{"@id":"https:\/\/sakipsabancimuzesi.org\/shop\/#\/schema\/logo\/image\/"},"sameAs":["https:\/\/www.facebook.com\/SakipSabanciMuzesi\/"]}]}},"jetpack_sharing_enabled":true,"_links":{"self":[{"href":"https:\/\/sakipsabancimuzesi.org\/shop\/wp-json\/wp\/v2\/product\/263575","targetHints":{"allow":["GET"]}}],"collection":[{"href":"https:\/\/sakipsabancimuzesi.org\/shop\/wp-json\/wp\/v2\/product"}],"about":[{"href":"https:\/\/sakipsabancimuzesi.org\/shop\/wp-json\/wp\/v2\/types\/product"}],"wp:featuredmedia":[{"embeddable":true,"href":"https:\/\/sakipsabancimuzesi.org\/shop\/wp-json\/wp\/v2\/media\/263579"}],"wp:attachment":[{"href":"https:\/\/sakipsabancimuzesi.org\/shop\/wp-json\/wp\/v2\/media?parent=263575"}],"wp:term":[{"taxonomy":"product_brand","embeddable":true,"href":"https:\/\/sakipsabancimuzesi.org\/shop\/wp-json\/wp\/v2\/product_brand?post=263575"},{"taxonomy":"product_cat","embeddable":true,"href":"https:\/\/sakipsabancimuzesi.org\/shop\/wp-json\/wp\/v2\/product_cat?post=263575"},{"taxonomy":"product_tag","embeddable":true,"href":"https:\/\/sakipsabancimuzesi.org\/shop\/wp-json\/wp\/v2\/product_tag?post=263575"},{"taxonomy":"woo-feed-brand","embeddable":true,"href":"https:\/\/sakipsabancimuzesi.org\/shop\/wp-json\/wp\/v2\/woo-feed-brand?post=263575"}],"curies":[{"name":"wp","href":"https:\/\/api.w.org\/{rel}","templated":true}]}}