{"id":265623,"date":"2024-05-28T13:51:41","date_gmt":"2024-05-28T10:51:41","guid":{"rendered":"https:\/\/sakipsabancimuzesi.org\/shop\/?post_type=product&#038;p=265623"},"modified":"2024-09-16T17:42:53","modified_gmt":"2024-09-16T14:42:53","slug":"muzede-yoga-2024","status":"publish","type":"product","link":"https:\/\/sakipsabancimuzesi.org\/shop\/urun\/egitim-ve-etkinlik\/etkinlikler\/muzede-yoga-2024\/","title":{"rendered":"M\u00fczede Yoga 2024"},"content":{"rendered":"<p><span style=\"font-weight: 400\">\u201cM\u00fczede Yoga\u201d her \u00e7ar\u015famba 07.00 &#8211; 08.00\u2019de SSM ve Cihangir Yoga i\u015fbirli\u011fiyle SSM\u2019nin bah\u00e7esinde ger\u00e7ekle\u015ftiriliyor.<\/span><\/p>\n<ul>\n<li style=\"font-weight: 400\"><span style=\"font-weight: 400\">Her seviyeye a\u00e7\u0131k ve \u00fccretsiz etkinli\u011fe kat\u0131lmak i\u00e7in kay\u0131t gereklidir, kontenjan s\u0131n\u0131rl\u0131 say\u0131dad\u0131r. Kay\u0131tlar dersten \u00f6nceki sal\u0131 g\u00fcn\u00fc saat 16:00&#8217;da kapanacakt\u0131r.\u00a0<\/span><\/li>\n<li>Kay\u0131tlar ki\u015fiye \u00f6zeldir. Kendi isminiz ile kay\u0131t olunmas\u0131 gereklidir.<\/li>\n<li style=\"font-weight: 400\"><span style=\"font-weight: 400\">Kat\u0131l\u0131mc\u0131lar\u0131n derse kendi matlar\u0131n\u0131 getirmesi gerekmektedir.\u00a0<\/span><\/li>\n<li style=\"font-weight: 400\"><span style=\"font-weight: 400\">Etkinlik m\u00fczenin ziyarete kapal\u0131 oldu\u011fu saatlerde ger\u00e7ekle\u015fece\u011fi i\u00e7in yiyecek-i\u00e7ecek sat\u0131\u015f\u0131 yap\u0131lmayacakt\u0131r.<\/span><\/li>\n<li style=\"font-weight: 400\"><span style=\"font-weight: 400\">Dersin ba\u015flamas\u0131ndan 10 dakika sonra etkinlik alan\u0131na kat\u0131l\u0131mc\u0131 al\u0131nmayacakt\u0131r.\u00a0<\/span><\/li>\n<li style=\"font-weight: 400\"><span style=\"font-weight: 400\">Vestiyer, vale ve otopark hizmeti yoktur.<\/span><\/li>\n<li style=\"font-weight: 400\"><span style=\"font-weight: 400\">Organizasyon, \u00f6ng\u00f6r\u00fclmeyen ve ka\u00e7\u0131n\u0131lmaz nedenlerden \u00f6t\u00fcr\u00fc programda her t\u00fcrl\u00fc de\u011fi\u015fiklik yapma hakk\u0131n\u0131 sakl\u0131 tutar.<\/span><\/li>\n<\/ul>\n<p><span style=\"font-weight: 400\">Kay\u0131t yapt\u0131rarak a\u015fa\u011f\u0131daki ko\u015fullar\u0131 kabul etmi\u015f say\u0131l\u0131rs\u0131n\u0131z:<\/span><\/p>\n<ul>\n<li style=\"font-weight: 400\"><span style=\"font-weight: 400\">Sabanc\u0131 \u00dcniversitesi Sak\u0131p Sabanc\u0131 M\u00fczesi ve Cihangir Yoga A.\u015e. taraf\u0131ndan d\u00fczenlenen \u201cM\u00fczede Yoga\u201d etkinli\u011finde kat\u0131l\u0131mc\u0131 olarak yer ald\u0131\u011f\u0131m\u0131, etkinlik esnas\u0131nda kendi sa\u011fl\u0131\u011f\u0131mdan ve g\u00fcvenli\u011fimden sorumlu oldu\u011fumu,<\/span><\/li>\n<li style=\"font-weight: 400\"><span style=\"font-weight: 400\">Etkinlik s\u0131ras\u0131nda sadece etkinlik ile ilgili olarak kullan\u0131lmak \u00fczere, ses ve g\u00f6r\u00fcnt\u00fcm\u00fcn al\u0131nabilece\u011fini, s\u00f6z konusu ses ve g\u00f6r\u00fcnt\u00fclerimin sosyal medya, web sitesi ve televizyon kanallar\u0131 da dahil olmak \u00fczere dijital ortamlarda bu etkinlikle ilgili olarak kullan\u0131lmas\u0131na m\u00fcsaade etti\u011fimi,<\/span><\/li>\n<li style=\"font-weight: 400\"><span style=\"font-weight: 400\">SSM ve Cihangir Yoga\u2019n\u0131n etkinliklerinden haberdar olmak istedi\u011fimi,<\/span><\/li>\n<\/ul>\n<p><span style=\"font-weight: 400\">Bu konularda herhangi bir hak talebim olmad\u0131\u011f\u0131n\u0131 kabul, beyan ve taahh\u00fct ederim.<\/span><\/p>\n","protected":false},"excerpt":{"rendered":"<p>Kat\u0131lmak istedi\u011finiz ders tarihini se\u00e7iniz.<\/p>\n<p>&nbsp;<\/p>\n","protected":false},"featured_media":266907,"template":"","meta":{"_exactmetrics_skip_tracking":false,"_exactmetrics_sitenote_active":false,"_exactmetrics_sitenote_note":"","_exactmetrics_sitenote_category":0},"product_brand":[],"product_cat":[581],"product_tag":[580],"woo-feed-brand":[],"class_list":{"0":"post-265623","1":"product","2":"type-product","3":"status-publish","4":"has-post-thumbnail","6":"product_cat-etkinlikler","7":"product_tag-yoga","9":"first","10":"outofstock","11":"sold-individually","12":"taxable","13":"shipping-taxable","14":"purchasable","15":"product-type-variable"},"yoast_head":"<!-- This site is optimized with the Yoast SEO plugin v27.1.1 - https:\/\/yoast.com\/product\/yoast-seo-wordpress\/ -->\n<title>M\u00fczede Yoga 2024 - SSM Shop<\/title>\n<meta name=\"robots\" content=\"index, follow, max-snippet:-1, max-image-preview:large, max-video-preview:-1\" \/>\n<link rel=\"canonical\" href=\"https:\/\/sakipsabancimuzesi.org\/shop\/urun\/egitim-ve-etkinlik\/etkinlikler\/muzede-yoga-2024\/\" \/>\n<meta property=\"og:locale\" content=\"tr_TR\" \/>\n<meta property=\"og:type\" content=\"article\" \/>\n<meta property=\"og:title\" content=\"M\u00fczede Yoga 2024 - SSM Shop\" \/>\n<meta property=\"og:description\" content=\"Kat\u0131lmak istedi\u011finiz ders tarihini se\u00e7iniz.  &nbsp;\" \/>\n<meta property=\"og:url\" content=\"https:\/\/sakipsabancimuzesi.org\/shop\/urun\/egitim-ve-etkinlik\/etkinlikler\/muzede-yoga-2024\/\" \/>\n<meta property=\"og:site_name\" content=\"SSM Shop\" \/>\n<meta property=\"article:publisher\" content=\"https:\/\/www.facebook.com\/SakipSabanciMuzesi\/\" \/>\n<meta property=\"article:modified_time\" content=\"2024-09-16T14:42:53+00:00\" \/>\n<meta property=\"og:image\" content=\"https:\/\/sakipsabancimuzesi.org\/shop\/wp-content\/uploads\/2024\/05\/yg5-1.jpg\" \/>\n\t<meta property=\"og:image:width\" content=\"1080\" \/>\n\t<meta property=\"og:image:height\" content=\"1080\" \/>\n\t<meta property=\"og:image:type\" content=\"image\/jpeg\" \/>\n<meta name=\"twitter:card\" content=\"summary_large_image\" \/>\n<meta name=\"twitter:label1\" content=\"Tahmini okuma s\u00fcresi\" \/>\n\t<meta name=\"twitter:data1\" content=\"1 dakika\" \/>\n<script type=\"application\/ld+json\" class=\"yoast-schema-graph\">{\"@context\":\"https:\/\/schema.org\",\"@graph\":[{\"@type\":\"WebPage\",\"@id\":\"https:\/\/sakipsabancimuzesi.org\/shop\/urun\/egitim-ve-etkinlik\/etkinlikler\/muzede-yoga-2024\/\",\"url\":\"https:\/\/sakipsabancimuzesi.org\/shop\/urun\/egitim-ve-etkinlik\/etkinlikler\/muzede-yoga-2024\/\",\"name\":\"M\u00fczede Yoga 2024 - SSM Shop\",\"isPartOf\":{\"@id\":\"https:\/\/sakipsabancimuzesi.org\/shop\/#website\"},\"primaryImageOfPage\":{\"@id\":\"https:\/\/sakipsabancimuzesi.org\/shop\/urun\/egitim-ve-etkinlik\/etkinlikler\/muzede-yoga-2024\/#primaryimage\"},\"image\":{\"@id\":\"https:\/\/sakipsabancimuzesi.org\/shop\/urun\/egitim-ve-etkinlik\/etkinlikler\/muzede-yoga-2024\/#primaryimage\"},\"thumbnailUrl\":\"https:\/\/sakipsabancimuzesi.org\/shop\/wp-content\/uploads\/2024\/05\/yg5-1.jpg\",\"datePublished\":\"2024-05-28T10:51:41+00:00\",\"dateModified\":\"2024-09-16T14:42:53+00:00\",\"breadcrumb\":{\"@id\":\"https:\/\/sakipsabancimuzesi.org\/shop\/urun\/egitim-ve-etkinlik\/etkinlikler\/muzede-yoga-2024\/#breadcrumb\"},\"inLanguage\":\"tr\",\"potentialAction\":[{\"@type\":\"ReadAction\",\"target\":[\"https:\/\/sakipsabancimuzesi.org\/shop\/urun\/egitim-ve-etkinlik\/etkinlikler\/muzede-yoga-2024\/\"]}]},{\"@type\":\"ImageObject\",\"inLanguage\":\"tr\",\"@id\":\"https:\/\/sakipsabancimuzesi.org\/shop\/urun\/egitim-ve-etkinlik\/etkinlikler\/muzede-yoga-2024\/#primaryimage\",\"url\":\"https:\/\/sakipsabancimuzesi.org\/shop\/wp-content\/uploads\/2024\/05\/yg5-1.jpg\",\"contentUrl\":\"https:\/\/sakipsabancimuzesi.org\/shop\/wp-content\/uploads\/2024\/05\/yg5-1.jpg\",\"width\":1080,\"height\":1080},{\"@type\":\"BreadcrumbList\",\"@id\":\"https:\/\/sakipsabancimuzesi.org\/shop\/urun\/egitim-ve-etkinlik\/etkinlikler\/muzede-yoga-2024\/#breadcrumb\",\"itemListElement\":[{\"@type\":\"ListItem\",\"position\":1,\"name\":\"Ana sayfa\",\"item\":\"https:\/\/sakipsabancimuzesi.org\/shop\/\"},{\"@type\":\"ListItem\",\"position\":2,\"name\":\"Shop\",\"item\":\"https:\/\/sakipsabancimuzesi.org\/shop\/shop\/\"},{\"@type\":\"ListItem\",\"position\":3,\"name\":\"M\u00fczede Yoga 2024\"}]},{\"@type\":\"WebSite\",\"@id\":\"https:\/\/sakipsabancimuzesi.org\/shop\/#website\",\"url\":\"https:\/\/sakipsabancimuzesi.org\/shop\/\",\"name\":\"SSM Shop\",\"description\":\"Sak\u0131p Sabanc\u0131 M\u00fczesi, Ma\u011faza\",\"publisher\":{\"@id\":\"https:\/\/sakipsabancimuzesi.org\/shop\/#organization\"},\"potentialAction\":[{\"@type\":\"SearchAction\",\"target\":{\"@type\":\"EntryPoint\",\"urlTemplate\":\"https:\/\/sakipsabancimuzesi.org\/shop\/?s={search_term_string}\"},\"query-input\":{\"@type\":\"PropertyValueSpecification\",\"valueRequired\":true,\"valueName\":\"search_term_string\"}}],\"inLanguage\":\"tr\"},{\"@type\":\"Organization\",\"@id\":\"https:\/\/sakipsabancimuzesi.org\/shop\/#organization\",\"name\":\"SSM Shop\",\"url\":\"https:\/\/sakipsabancimuzesi.org\/shop\/\",\"logo\":{\"@type\":\"ImageObject\",\"inLanguage\":\"tr\",\"@id\":\"https:\/\/sakipsabancimuzesi.org\/shop\/#\/schema\/logo\/image\/\",\"url\":\"https:\/\/sakipsabancimuzesi.org\/shop\/wp-content\/uploads\/2019\/11\/logo.png\",\"contentUrl\":\"https:\/\/sakipsabancimuzesi.org\/shop\/wp-content\/uploads\/2019\/11\/logo.png\",\"width\":227,\"height\":87,\"caption\":\"SSM Shop\"},\"image\":{\"@id\":\"https:\/\/sakipsabancimuzesi.org\/shop\/#\/schema\/logo\/image\/\"},\"sameAs\":[\"https:\/\/www.facebook.com\/SakipSabanciMuzesi\/\"]}]}<\/script>\n<!-- \/ Yoast SEO plugin. -->","yoast_head_json":{"title":"M\u00fczede Yoga 2024 - SSM Shop","robots":{"index":"index","follow":"follow","max-snippet":"max-snippet:-1","max-image-preview":"max-image-preview:large","max-video-preview":"max-video-preview:-1"},"canonical":"https:\/\/sakipsabancimuzesi.org\/shop\/urun\/egitim-ve-etkinlik\/etkinlikler\/muzede-yoga-2024\/","og_locale":"tr_TR","og_type":"article","og_title":"M\u00fczede Yoga 2024 - SSM Shop","og_description":"Kat\u0131lmak istedi\u011finiz ders tarihini se\u00e7iniz.  &nbsp;","og_url":"https:\/\/sakipsabancimuzesi.org\/shop\/urun\/egitim-ve-etkinlik\/etkinlikler\/muzede-yoga-2024\/","og_site_name":"SSM Shop","article_publisher":"https:\/\/www.facebook.com\/SakipSabanciMuzesi\/","article_modified_time":"2024-09-16T14:42:53+00:00","og_image":[{"width":1080,"height":1080,"url":"https:\/\/sakipsabancimuzesi.org\/shop\/wp-content\/uploads\/2024\/05\/yg5-1.jpg","type":"image\/jpeg"}],"twitter_card":"summary_large_image","twitter_misc":{"Tahmini okuma s\u00fcresi":"1 dakika"},"schema":{"@context":"https:\/\/schema.org","@graph":[{"@type":"WebPage","@id":"https:\/\/sakipsabancimuzesi.org\/shop\/urun\/egitim-ve-etkinlik\/etkinlikler\/muzede-yoga-2024\/","url":"https:\/\/sakipsabancimuzesi.org\/shop\/urun\/egitim-ve-etkinlik\/etkinlikler\/muzede-yoga-2024\/","name":"M\u00fczede Yoga 2024 - SSM Shop","isPartOf":{"@id":"https:\/\/sakipsabancimuzesi.org\/shop\/#website"},"primaryImageOfPage":{"@id":"https:\/\/sakipsabancimuzesi.org\/shop\/urun\/egitim-ve-etkinlik\/etkinlikler\/muzede-yoga-2024\/#primaryimage"},"image":{"@id":"https:\/\/sakipsabancimuzesi.org\/shop\/urun\/egitim-ve-etkinlik\/etkinlikler\/muzede-yoga-2024\/#primaryimage"},"thumbnailUrl":"https:\/\/sakipsabancimuzesi.org\/shop\/wp-content\/uploads\/2024\/05\/yg5-1.jpg","datePublished":"2024-05-28T10:51:41+00:00","dateModified":"2024-09-16T14:42:53+00:00","breadcrumb":{"@id":"https:\/\/sakipsabancimuzesi.org\/shop\/urun\/egitim-ve-etkinlik\/etkinlikler\/muzede-yoga-2024\/#breadcrumb"},"inLanguage":"tr","potentialAction":[{"@type":"ReadAction","target":["https:\/\/sakipsabancimuzesi.org\/shop\/urun\/egitim-ve-etkinlik\/etkinlikler\/muzede-yoga-2024\/"]}]},{"@type":"ImageObject","inLanguage":"tr","@id":"https:\/\/sakipsabancimuzesi.org\/shop\/urun\/egitim-ve-etkinlik\/etkinlikler\/muzede-yoga-2024\/#primaryimage","url":"https:\/\/sakipsabancimuzesi.org\/shop\/wp-content\/uploads\/2024\/05\/yg5-1.jpg","contentUrl":"https:\/\/sakipsabancimuzesi.org\/shop\/wp-content\/uploads\/2024\/05\/yg5-1.jpg","width":1080,"height":1080},{"@type":"BreadcrumbList","@id":"https:\/\/sakipsabancimuzesi.org\/shop\/urun\/egitim-ve-etkinlik\/etkinlikler\/muzede-yoga-2024\/#breadcrumb","itemListElement":[{"@type":"ListItem","position":1,"name":"Ana sayfa","item":"https:\/\/sakipsabancimuzesi.org\/shop\/"},{"@type":"ListItem","position":2,"name":"Shop","item":"https:\/\/sakipsabancimuzesi.org\/shop\/shop\/"},{"@type":"ListItem","position":3,"name":"M\u00fczede Yoga 2024"}]},{"@type":"WebSite","@id":"https:\/\/sakipsabancimuzesi.org\/shop\/#website","url":"https:\/\/sakipsabancimuzesi.org\/shop\/","name":"SSM Shop","description":"Sak\u0131p Sabanc\u0131 M\u00fczesi, Ma\u011faza","publisher":{"@id":"https:\/\/sakipsabancimuzesi.org\/shop\/#organization"},"potentialAction":[{"@type":"SearchAction","target":{"@type":"EntryPoint","urlTemplate":"https:\/\/sakipsabancimuzesi.org\/shop\/?s={search_term_string}"},"query-input":{"@type":"PropertyValueSpecification","valueRequired":true,"valueName":"search_term_string"}}],"inLanguage":"tr"},{"@type":"Organization","@id":"https:\/\/sakipsabancimuzesi.org\/shop\/#organization","name":"SSM Shop","url":"https:\/\/sakipsabancimuzesi.org\/shop\/","logo":{"@type":"ImageObject","inLanguage":"tr","@id":"https:\/\/sakipsabancimuzesi.org\/shop\/#\/schema\/logo\/image\/","url":"https:\/\/sakipsabancimuzesi.org\/shop\/wp-content\/uploads\/2019\/11\/logo.png","contentUrl":"https:\/\/sakipsabancimuzesi.org\/shop\/wp-content\/uploads\/2019\/11\/logo.png","width":227,"height":87,"caption":"SSM Shop"},"image":{"@id":"https:\/\/sakipsabancimuzesi.org\/shop\/#\/schema\/logo\/image\/"},"sameAs":["https:\/\/www.facebook.com\/SakipSabanciMuzesi\/"]}]}},"jetpack_sharing_enabled":true,"_links":{"self":[{"href":"https:\/\/sakipsabancimuzesi.org\/shop\/wp-json\/wp\/v2\/product\/265623","targetHints":{"allow":["GET"]}}],"collection":[{"href":"https:\/\/sakipsabancimuzesi.org\/shop\/wp-json\/wp\/v2\/product"}],"about":[{"href":"https:\/\/sakipsabancimuzesi.org\/shop\/wp-json\/wp\/v2\/types\/product"}],"wp:featuredmedia":[{"embeddable":true,"href":"https:\/\/sakipsabancimuzesi.org\/shop\/wp-json\/wp\/v2\/media\/266907"}],"wp:attachment":[{"href":"https:\/\/sakipsabancimuzesi.org\/shop\/wp-json\/wp\/v2\/media?parent=265623"}],"wp:term":[{"taxonomy":"product_brand","embeddable":true,"href":"https:\/\/sakipsabancimuzesi.org\/shop\/wp-json\/wp\/v2\/product_brand?post=265623"},{"taxonomy":"product_cat","embeddable":true,"href":"https:\/\/sakipsabancimuzesi.org\/shop\/wp-json\/wp\/v2\/product_cat?post=265623"},{"taxonomy":"product_tag","embeddable":true,"href":"https:\/\/sakipsabancimuzesi.org\/shop\/wp-json\/wp\/v2\/product_tag?post=265623"},{"taxonomy":"woo-feed-brand","embeddable":true,"href":"https:\/\/sakipsabancimuzesi.org\/shop\/wp-json\/wp\/v2\/woo-feed-brand?post=265623"}],"curies":[{"name":"wp","href":"https:\/\/api.w.org\/{rel}","templated":true}]}}