{"id":267281,"date":"2024-08-04T14:22:25","date_gmt":"2024-08-04T11:22:25","guid":{"rendered":"https:\/\/sakipsabancimuzesi.org\/shop\/?post_type=product&#038;p=267281"},"modified":"2024-08-07T12:29:16","modified_gmt":"2024-08-07T09:29:16","slug":"chris-chavez-ile-muzede-yoga-9-agustos-2024-cuma","status":"publish","type":"product","link":"https:\/\/sakipsabancimuzesi.org\/shop\/urun\/egitim-ve-etkinlik\/etkinlikler\/chris-chavez-ile-muzede-yoga-9-agustos-2024-cuma\/","title":{"rendered":"Chris Chavez ile M\u00fczede Yoga &#8211; 9 A\u011fustos 2024 Cuma"},"content":{"rendered":"<p>Sak\u0131p Sabanc\u0131 M\u00fczesi, Cihangir Yoga i\u015fbirli\u011fiyle her y\u0131l d\u00fczenledi\u011fi ve yoga severler taraf\u0131ndan heyecanla beklenen \u201cChris Chavez ile M\u00fczede Yoga\u201d etkinli\u011fine, 9 A\u011fustos Cuma g\u00fcn\u00fc ev sahipli\u011fi yap\u0131yor.<\/p>\n<ul>\n<li style=\"font-weight: 400\"><span style=\"font-weight: 400\">Her seviyeye a\u00e7\u0131k ve \u00fccretsiz etkinli\u011fe kat\u0131lmak i\u00e7in kay\u0131t gereklidir, kontenjan s\u0131n\u0131rl\u0131 say\u0131dad\u0131r.\u00a0<\/span><\/li>\n<li style=\"font-weight: 400\">Kay\u0131tlar ki\u015fiye \u00f6zeldir. Kendi isminiz ile kay\u0131t olunmas\u0131 zorunludur.<\/li>\n<li style=\"font-weight: 400\"><span style=\"font-weight: 400\">Kat\u0131l\u0131mc\u0131lar\u0131n derse kendi matlar\u0131n\u0131 getirmesi gerekmektedir.\u00a0<\/span><\/li>\n<li style=\"font-weight: 400\"><span style=\"font-weight: 400\">Etkinlik m\u00fczenin ziyarete kapal\u0131 oldu\u011fu saatlerde ger\u00e7ekle\u015fece\u011fi i\u00e7in yiyecek-i\u00e7ecek sat\u0131\u015f\u0131 yap\u0131lmayacakt\u0131r.<\/span><\/li>\n<li style=\"font-weight: 400\"><span style=\"font-weight: 400\">Dersin ba\u015flamas\u0131ndan sonra etkinlik alan\u0131na kat\u0131l\u0131mc\u0131 al\u0131nmayacakt\u0131r.\u00a0<\/span><\/li>\n<li style=\"font-weight: 400\"><span style=\"font-weight: 400\">Vestiyer, vale ve otopark hizmeti yoktur.<\/span><\/li>\n<li style=\"font-weight: 400\"><span style=\"font-weight: 400\">Organizasyon, \u00f6ng\u00f6r\u00fclmeyen ve ka\u00e7\u0131n\u0131lmaz nedenlerden \u00f6t\u00fcr\u00fc programda her t\u00fcrl\u00fc de\u011fi\u015fiklik yapma hakk\u0131n\u0131 sakl\u0131 tutar.<\/span><\/li>\n<\/ul>\n<p><span style=\"font-weight: 400\">Kay\u0131t yapt\u0131rarak a\u015fa\u011f\u0131daki ko\u015fullar\u0131 kabul etmi\u015f say\u0131l\u0131rs\u0131n\u0131z:<\/span><\/p>\n<ul>\n<li style=\"font-weight: 400\"><span style=\"font-weight: 400\">Sabanc\u0131 \u00dcniversitesi Sak\u0131p Sabanc\u0131 M\u00fczesi ve Cihangir Yoga A.\u015e. taraf\u0131ndan d\u00fczenlenen \u201cM\u00fczede Yoga\u201d etkinli\u011finde kat\u0131l\u0131mc\u0131 olarak yer ald\u0131\u011f\u0131m\u0131, etkinlik esnas\u0131nda kendi sa\u011fl\u0131\u011f\u0131mdan ve g\u00fcvenli\u011fimden sorumlu oldu\u011fumu,<\/span><\/li>\n<li style=\"font-weight: 400\"><span style=\"font-weight: 400\">Etkinlik s\u0131ras\u0131nda sadece etkinlik ile ilgili olarak kullan\u0131lmak \u00fczere, ses ve g\u00f6r\u00fcnt\u00fcm\u00fcn al\u0131nabilece\u011fini, s\u00f6z konusu ses ve g\u00f6r\u00fcnt\u00fclerimin sosyal medya, web sitesi ve televizyon kanallar\u0131 da dahil olmak \u00fczere dijital ortamlarda bu etkinlikle ilgili olarak kullan\u0131lmas\u0131na m\u00fcsaade etti\u011fimi,<\/span><\/li>\n<li style=\"font-weight: 400\"><span style=\"font-weight: 400\">SSM ve Cihangir Yoga\u2019n\u0131n etkinliklerinden haberdar olmak istedi\u011fimi,<\/span><\/li>\n<\/ul>\n<p><span style=\"font-weight: 400\">Bu konularda herhangi bir hak talebim olmad\u0131\u011f\u0131n\u0131 kabul, beyan ve taahh\u00fct ederim.<\/span><\/p>\n","protected":false},"excerpt":{"rendered":"<p>Chris Chavez ile M\u00fczede Yoga<\/p>\n<p>9 A\u011fustos Cuma<\/p>\n<p>18.30 &#8211; 19.30<\/p>\n","protected":false},"featured_media":267282,"template":"","meta":{"_exactmetrics_skip_tracking":false,"_exactmetrics_sitenote_active":false,"_exactmetrics_sitenote_note":"","_exactmetrics_sitenote_category":0},"product_brand":[],"product_cat":[581],"product_tag":[],"woo-feed-brand":[],"class_list":{"0":"post-267281","1":"product","2":"type-product","3":"status-publish","4":"has-post-thumbnail","6":"product_cat-etkinlikler","8":"first","9":"outofstock","10":"sold-individually","11":"taxable","12":"shipping-taxable","13":"purchasable","14":"product-type-simple"},"yoast_head":"<!-- This site is optimized with the Yoast SEO plugin v27.1.1 - https:\/\/yoast.com\/product\/yoast-seo-wordpress\/ -->\n<title>Chris Chavez ile M\u00fczede Yoga - 9 A\u011fustos 2024 Cuma - SSM Shop<\/title>\n<meta name=\"robots\" content=\"index, follow, max-snippet:-1, max-image-preview:large, max-video-preview:-1\" \/>\n<link rel=\"canonical\" href=\"https:\/\/sakipsabancimuzesi.org\/shop\/urun\/egitim-ve-etkinlik\/etkinlikler\/chris-chavez-ile-muzede-yoga-9-agustos-2024-cuma\/\" \/>\n<meta property=\"og:locale\" content=\"tr_TR\" \/>\n<meta property=\"og:type\" content=\"article\" \/>\n<meta property=\"og:title\" content=\"Chris Chavez ile M\u00fczede Yoga - 9 A\u011fustos 2024 Cuma - SSM Shop\" \/>\n<meta property=\"og:description\" content=\"Chris Chavez ile M\u00fczede Yoga  9 A\u011fustos Cuma  18.30 - 19.30\" \/>\n<meta property=\"og:url\" content=\"https:\/\/sakipsabancimuzesi.org\/shop\/urun\/egitim-ve-etkinlik\/etkinlikler\/chris-chavez-ile-muzede-yoga-9-agustos-2024-cuma\/\" \/>\n<meta property=\"og:site_name\" content=\"SSM Shop\" \/>\n<meta property=\"article:publisher\" content=\"https:\/\/www.facebook.com\/SakipSabanciMuzesi\/\" \/>\n<meta property=\"article:modified_time\" content=\"2024-08-07T09:29:16+00:00\" \/>\n<meta property=\"og:image\" content=\"https:\/\/sakipsabancimuzesi.org\/shop\/wp-content\/uploads\/2024\/08\/Chavez_24.jpg\" \/>\n\t<meta property=\"og:image:width\" content=\"1080\" \/>\n\t<meta property=\"og:image:height\" content=\"1080\" \/>\n\t<meta property=\"og:image:type\" content=\"image\/jpeg\" \/>\n<meta name=\"twitter:card\" content=\"summary_large_image\" \/>\n<meta name=\"twitter:label1\" content=\"Tahmini okuma s\u00fcresi\" \/>\n\t<meta name=\"twitter:data1\" content=\"1 dakika\" \/>\n<script type=\"application\/ld+json\" class=\"yoast-schema-graph\">{\"@context\":\"https:\/\/schema.org\",\"@graph\":[{\"@type\":\"WebPage\",\"@id\":\"https:\/\/sakipsabancimuzesi.org\/shop\/urun\/egitim-ve-etkinlik\/etkinlikler\/chris-chavez-ile-muzede-yoga-9-agustos-2024-cuma\/\",\"url\":\"https:\/\/sakipsabancimuzesi.org\/shop\/urun\/egitim-ve-etkinlik\/etkinlikler\/chris-chavez-ile-muzede-yoga-9-agustos-2024-cuma\/\",\"name\":\"Chris Chavez ile M\u00fczede Yoga - 9 A\u011fustos 2024 Cuma - SSM Shop\",\"isPartOf\":{\"@id\":\"https:\/\/sakipsabancimuzesi.org\/shop\/#website\"},\"primaryImageOfPage\":{\"@id\":\"https:\/\/sakipsabancimuzesi.org\/shop\/urun\/egitim-ve-etkinlik\/etkinlikler\/chris-chavez-ile-muzede-yoga-9-agustos-2024-cuma\/#primaryimage\"},\"image\":{\"@id\":\"https:\/\/sakipsabancimuzesi.org\/shop\/urun\/egitim-ve-etkinlik\/etkinlikler\/chris-chavez-ile-muzede-yoga-9-agustos-2024-cuma\/#primaryimage\"},\"thumbnailUrl\":\"https:\/\/sakipsabancimuzesi.org\/shop\/wp-content\/uploads\/2024\/08\/Chavez_24.jpg\",\"datePublished\":\"2024-08-04T11:22:25+00:00\",\"dateModified\":\"2024-08-07T09:29:16+00:00\",\"breadcrumb\":{\"@id\":\"https:\/\/sakipsabancimuzesi.org\/shop\/urun\/egitim-ve-etkinlik\/etkinlikler\/chris-chavez-ile-muzede-yoga-9-agustos-2024-cuma\/#breadcrumb\"},\"inLanguage\":\"tr\",\"potentialAction\":[{\"@type\":\"ReadAction\",\"target\":[\"https:\/\/sakipsabancimuzesi.org\/shop\/urun\/egitim-ve-etkinlik\/etkinlikler\/chris-chavez-ile-muzede-yoga-9-agustos-2024-cuma\/\"]}]},{\"@type\":\"ImageObject\",\"inLanguage\":\"tr\",\"@id\":\"https:\/\/sakipsabancimuzesi.org\/shop\/urun\/egitim-ve-etkinlik\/etkinlikler\/chris-chavez-ile-muzede-yoga-9-agustos-2024-cuma\/#primaryimage\",\"url\":\"https:\/\/sakipsabancimuzesi.org\/shop\/wp-content\/uploads\/2024\/08\/Chavez_24.jpg\",\"contentUrl\":\"https:\/\/sakipsabancimuzesi.org\/shop\/wp-content\/uploads\/2024\/08\/Chavez_24.jpg\",\"width\":1080,\"height\":1080},{\"@type\":\"BreadcrumbList\",\"@id\":\"https:\/\/sakipsabancimuzesi.org\/shop\/urun\/egitim-ve-etkinlik\/etkinlikler\/chris-chavez-ile-muzede-yoga-9-agustos-2024-cuma\/#breadcrumb\",\"itemListElement\":[{\"@type\":\"ListItem\",\"position\":1,\"name\":\"Ana sayfa\",\"item\":\"https:\/\/sakipsabancimuzesi.org\/shop\/\"},{\"@type\":\"ListItem\",\"position\":2,\"name\":\"Shop\",\"item\":\"https:\/\/sakipsabancimuzesi.org\/shop\/shop\/\"},{\"@type\":\"ListItem\",\"position\":3,\"name\":\"Chris Chavez ile M\u00fczede Yoga &#8211; 9 A\u011fustos 2024 Cuma\"}]},{\"@type\":\"WebSite\",\"@id\":\"https:\/\/sakipsabancimuzesi.org\/shop\/#website\",\"url\":\"https:\/\/sakipsabancimuzesi.org\/shop\/\",\"name\":\"SSM Shop\",\"description\":\"Sak\u0131p Sabanc\u0131 M\u00fczesi, Ma\u011faza\",\"publisher\":{\"@id\":\"https:\/\/sakipsabancimuzesi.org\/shop\/#organization\"},\"potentialAction\":[{\"@type\":\"SearchAction\",\"target\":{\"@type\":\"EntryPoint\",\"urlTemplate\":\"https:\/\/sakipsabancimuzesi.org\/shop\/?s={search_term_string}\"},\"query-input\":{\"@type\":\"PropertyValueSpecification\",\"valueRequired\":true,\"valueName\":\"search_term_string\"}}],\"inLanguage\":\"tr\"},{\"@type\":\"Organization\",\"@id\":\"https:\/\/sakipsabancimuzesi.org\/shop\/#organization\",\"name\":\"SSM Shop\",\"url\":\"https:\/\/sakipsabancimuzesi.org\/shop\/\",\"logo\":{\"@type\":\"ImageObject\",\"inLanguage\":\"tr\",\"@id\":\"https:\/\/sakipsabancimuzesi.org\/shop\/#\/schema\/logo\/image\/\",\"url\":\"https:\/\/sakipsabancimuzesi.org\/shop\/wp-content\/uploads\/2019\/11\/logo.png\",\"contentUrl\":\"https:\/\/sakipsabancimuzesi.org\/shop\/wp-content\/uploads\/2019\/11\/logo.png\",\"width\":227,\"height\":87,\"caption\":\"SSM Shop\"},\"image\":{\"@id\":\"https:\/\/sakipsabancimuzesi.org\/shop\/#\/schema\/logo\/image\/\"},\"sameAs\":[\"https:\/\/www.facebook.com\/SakipSabanciMuzesi\/\"]}]}<\/script>\n<!-- \/ Yoast SEO plugin. -->","yoast_head_json":{"title":"Chris Chavez ile M\u00fczede Yoga - 9 A\u011fustos 2024 Cuma - SSM Shop","robots":{"index":"index","follow":"follow","max-snippet":"max-snippet:-1","max-image-preview":"max-image-preview:large","max-video-preview":"max-video-preview:-1"},"canonical":"https:\/\/sakipsabancimuzesi.org\/shop\/urun\/egitim-ve-etkinlik\/etkinlikler\/chris-chavez-ile-muzede-yoga-9-agustos-2024-cuma\/","og_locale":"tr_TR","og_type":"article","og_title":"Chris Chavez ile M\u00fczede Yoga - 9 A\u011fustos 2024 Cuma - SSM Shop","og_description":"Chris Chavez ile M\u00fczede Yoga  9 A\u011fustos Cuma  18.30 - 19.30","og_url":"https:\/\/sakipsabancimuzesi.org\/shop\/urun\/egitim-ve-etkinlik\/etkinlikler\/chris-chavez-ile-muzede-yoga-9-agustos-2024-cuma\/","og_site_name":"SSM Shop","article_publisher":"https:\/\/www.facebook.com\/SakipSabanciMuzesi\/","article_modified_time":"2024-08-07T09:29:16+00:00","og_image":[{"width":1080,"height":1080,"url":"https:\/\/sakipsabancimuzesi.org\/shop\/wp-content\/uploads\/2024\/08\/Chavez_24.jpg","type":"image\/jpeg"}],"twitter_card":"summary_large_image","twitter_misc":{"Tahmini okuma s\u00fcresi":"1 dakika"},"schema":{"@context":"https:\/\/schema.org","@graph":[{"@type":"WebPage","@id":"https:\/\/sakipsabancimuzesi.org\/shop\/urun\/egitim-ve-etkinlik\/etkinlikler\/chris-chavez-ile-muzede-yoga-9-agustos-2024-cuma\/","url":"https:\/\/sakipsabancimuzesi.org\/shop\/urun\/egitim-ve-etkinlik\/etkinlikler\/chris-chavez-ile-muzede-yoga-9-agustos-2024-cuma\/","name":"Chris Chavez ile M\u00fczede Yoga - 9 A\u011fustos 2024 Cuma - SSM Shop","isPartOf":{"@id":"https:\/\/sakipsabancimuzesi.org\/shop\/#website"},"primaryImageOfPage":{"@id":"https:\/\/sakipsabancimuzesi.org\/shop\/urun\/egitim-ve-etkinlik\/etkinlikler\/chris-chavez-ile-muzede-yoga-9-agustos-2024-cuma\/#primaryimage"},"image":{"@id":"https:\/\/sakipsabancimuzesi.org\/shop\/urun\/egitim-ve-etkinlik\/etkinlikler\/chris-chavez-ile-muzede-yoga-9-agustos-2024-cuma\/#primaryimage"},"thumbnailUrl":"https:\/\/sakipsabancimuzesi.org\/shop\/wp-content\/uploads\/2024\/08\/Chavez_24.jpg","datePublished":"2024-08-04T11:22:25+00:00","dateModified":"2024-08-07T09:29:16+00:00","breadcrumb":{"@id":"https:\/\/sakipsabancimuzesi.org\/shop\/urun\/egitim-ve-etkinlik\/etkinlikler\/chris-chavez-ile-muzede-yoga-9-agustos-2024-cuma\/#breadcrumb"},"inLanguage":"tr","potentialAction":[{"@type":"ReadAction","target":["https:\/\/sakipsabancimuzesi.org\/shop\/urun\/egitim-ve-etkinlik\/etkinlikler\/chris-chavez-ile-muzede-yoga-9-agustos-2024-cuma\/"]}]},{"@type":"ImageObject","inLanguage":"tr","@id":"https:\/\/sakipsabancimuzesi.org\/shop\/urun\/egitim-ve-etkinlik\/etkinlikler\/chris-chavez-ile-muzede-yoga-9-agustos-2024-cuma\/#primaryimage","url":"https:\/\/sakipsabancimuzesi.org\/shop\/wp-content\/uploads\/2024\/08\/Chavez_24.jpg","contentUrl":"https:\/\/sakipsabancimuzesi.org\/shop\/wp-content\/uploads\/2024\/08\/Chavez_24.jpg","width":1080,"height":1080},{"@type":"BreadcrumbList","@id":"https:\/\/sakipsabancimuzesi.org\/shop\/urun\/egitim-ve-etkinlik\/etkinlikler\/chris-chavez-ile-muzede-yoga-9-agustos-2024-cuma\/#breadcrumb","itemListElement":[{"@type":"ListItem","position":1,"name":"Ana sayfa","item":"https:\/\/sakipsabancimuzesi.org\/shop\/"},{"@type":"ListItem","position":2,"name":"Shop","item":"https:\/\/sakipsabancimuzesi.org\/shop\/shop\/"},{"@type":"ListItem","position":3,"name":"Chris Chavez ile M\u00fczede Yoga &#8211; 9 A\u011fustos 2024 Cuma"}]},{"@type":"WebSite","@id":"https:\/\/sakipsabancimuzesi.org\/shop\/#website","url":"https:\/\/sakipsabancimuzesi.org\/shop\/","name":"SSM Shop","description":"Sak\u0131p Sabanc\u0131 M\u00fczesi, Ma\u011faza","publisher":{"@id":"https:\/\/sakipsabancimuzesi.org\/shop\/#organization"},"potentialAction":[{"@type":"SearchAction","target":{"@type":"EntryPoint","urlTemplate":"https:\/\/sakipsabancimuzesi.org\/shop\/?s={search_term_string}"},"query-input":{"@type":"PropertyValueSpecification","valueRequired":true,"valueName":"search_term_string"}}],"inLanguage":"tr"},{"@type":"Organization","@id":"https:\/\/sakipsabancimuzesi.org\/shop\/#organization","name":"SSM Shop","url":"https:\/\/sakipsabancimuzesi.org\/shop\/","logo":{"@type":"ImageObject","inLanguage":"tr","@id":"https:\/\/sakipsabancimuzesi.org\/shop\/#\/schema\/logo\/image\/","url":"https:\/\/sakipsabancimuzesi.org\/shop\/wp-content\/uploads\/2019\/11\/logo.png","contentUrl":"https:\/\/sakipsabancimuzesi.org\/shop\/wp-content\/uploads\/2019\/11\/logo.png","width":227,"height":87,"caption":"SSM Shop"},"image":{"@id":"https:\/\/sakipsabancimuzesi.org\/shop\/#\/schema\/logo\/image\/"},"sameAs":["https:\/\/www.facebook.com\/SakipSabanciMuzesi\/"]}]}},"jetpack_sharing_enabled":true,"_links":{"self":[{"href":"https:\/\/sakipsabancimuzesi.org\/shop\/wp-json\/wp\/v2\/product\/267281","targetHints":{"allow":["GET"]}}],"collection":[{"href":"https:\/\/sakipsabancimuzesi.org\/shop\/wp-json\/wp\/v2\/product"}],"about":[{"href":"https:\/\/sakipsabancimuzesi.org\/shop\/wp-json\/wp\/v2\/types\/product"}],"wp:featuredmedia":[{"embeddable":true,"href":"https:\/\/sakipsabancimuzesi.org\/shop\/wp-json\/wp\/v2\/media\/267282"}],"wp:attachment":[{"href":"https:\/\/sakipsabancimuzesi.org\/shop\/wp-json\/wp\/v2\/media?parent=267281"}],"wp:term":[{"taxonomy":"product_brand","embeddable":true,"href":"https:\/\/sakipsabancimuzesi.org\/shop\/wp-json\/wp\/v2\/product_brand?post=267281"},{"taxonomy":"product_cat","embeddable":true,"href":"https:\/\/sakipsabancimuzesi.org\/shop\/wp-json\/wp\/v2\/product_cat?post=267281"},{"taxonomy":"product_tag","embeddable":true,"href":"https:\/\/sakipsabancimuzesi.org\/shop\/wp-json\/wp\/v2\/product_tag?post=267281"},{"taxonomy":"woo-feed-brand","embeddable":true,"href":"https:\/\/sakipsabancimuzesi.org\/shop\/wp-json\/wp\/v2\/woo-feed-brand?post=267281"}],"curies":[{"name":"wp","href":"https:\/\/api.w.org\/{rel}","templated":true}]}}