{"id":267960,"date":"2024-08-14T14:40:02","date_gmt":"2024-08-14T11:40:02","guid":{"rendered":"https:\/\/sakipsabancimuzesi.org\/shop\/?post_type=product&#038;p=267960"},"modified":"2024-08-24T15:15:40","modified_gmt":"2024-08-24T12:15:40","slug":"muzede-sahne-sessiz-disko","status":"publish","type":"product","link":"https:\/\/sakipsabancimuzesi.org\/shop\/urun\/kategorilenmemis\/muzede-sahne-sessiz-disko\/","title":{"rendered":"M\u00fczede Sahne: Sessiz Disko"},"content":{"rendered":"<p>Kulakl\u0131klar\u0131n\u0131z\u0131 tak\u0131n, g\u00f6ren kulaklar ve duyan g\u00f6zlerle, m\u00fczenin bah\u00e7esinde, sizin i\u00e7in Q-Bra\u2019 n\u0131n haz\u0131rlad\u0131\u011f\u0131 m\u00fcziklerle hep birlikte dans etmenin tad\u0131n\u0131 \u00e7\u0131kar\u0131n.<\/p>\n<p>Tek yapman\u0131z gereken internet eri\u015fimi olan kendi telefonlar\u0131n\u0131z ve onlara uygun kulakl\u0131klar\u0131n\u0131zla gelmeniz. Orta Bah\u00e7e&#8217;de 1 saat boyunca bizler i\u00e7in canl\u0131 m\u00fczik yapacak Q-Bra\u2019n\u0131n yay\u0131n\u0131na qr kodlar \u00fczerinde ba\u011flanarak hem kendi kulakl\u0131\u011f\u0131n\u0131zdan m\u00fczi\u011fi duyman\u0131n verdi\u011fi mahremiyet duygusunun hem de hep birlikte hareket ediyor olman\u0131n getirdi\u011fi \u00f6zg\u00fcrle\u015fme g\u00fcc\u00fcn\u00fcn tad\u0131na varabilir, sessizli\u011fin \u00e7ok sesli bir d\u00fcnyaya d\u00f6n\u00fc\u015ft\u00fc\u011f\u00fc bu benzersiz disko deneyimine kendinizi kapt\u0131rabilirsiniz.<\/p>\n<p>Etkinlik Alan\u0131: Orta Bah\u00e7e<\/p>\n<p>Etkinlik Zaman\u0131: 24 A\u011fustos Cumartesi, 19:00<\/p>\n<p>Ya\u015f S\u0131n\u0131r\u0131: 10+<\/p>\n<p><strong>\u00d6nemli Bilgiler<\/strong><\/p>\n<ul>\n<li>Kat\u0131l\u0131mc\u0131lar\u0131n etkinli\u011fe kendi kulakl\u0131k ve ak\u0131ll\u0131 telefonlar\u0131n\u0131 getirmesi gerekmektedir.<\/li>\n<li>Etkinli\u011fe kat\u0131lmak i\u00e7in kay\u0131t gereklidir, kontenjan s\u0131n\u0131rl\u0131 say\u0131dad\u0131r. Etkinlik s\u00fcresince diledi\u011finiz an kat\u0131labilir ve ayr\u0131labilirsiniz.<\/li>\n<li>Kay\u0131tlar ki\u015fiye \u00f6zeldir. Kendi isminiz ile kay\u0131t olunmas\u0131 gereklidir.<\/li>\n<li><span style=\"font-weight: 400\">Bas\u0131l\u0131 bilet g\u00f6nderilmeyecektir. Giri\u015fte size g\u00f6nderilen e-postay\u0131 g\u00f6stermeniz yeterlidir.<\/span><\/li>\n<li><span style=\"font-weight: 400\">Oturma d\u00fczeni yoktur, etkinlik ayaktad\u0131r ve \u00e7im alandad\u0131r.<\/span><\/li>\n<li>Etkinlik a\u00e7\u0131k havada ger\u00e7ekle\u015fece\u011finden izleyicilerin hava ko\u015fullar\u0131na uygun giyinmeleri tavsiye edilir.<\/li>\n<li>Vestiyer ve otopark hizmeti verilmeyecektir.<\/li>\n<\/ul>\n<p><strong>Etkinlik Kurallar\u0131:\u00a0<\/strong><\/p>\n<p><span style=\"font-weight: 400\">Etkinlik \u00fccretsizdir ve kat\u0131l\u0131m i\u00e7in kay\u0131t gerekmektedir. Kay\u0131tl\u0131 izleyicilere \u00f6ncelik tan\u0131nacakt\u0131r. Her etkinli\u011fe ili\u015fkin ya\u015f s\u0131n\u0131r\u0131 etkinli\u011fin kay\u0131t sayfas\u0131nda belirtilmi\u015ftir.<\/span><\/p>\n<p><span style=\"font-weight: 400\">Organizasyon, \u00f6ng\u00f6r\u00fclmeyen ve ka\u00e7\u0131n\u0131lmaz nedenlerden \u00f6t\u00fcr\u00fc programda her t\u00fcrl\u00fc de\u011fi\u015fiklik yapma hakk\u0131n\u0131 sakl\u0131 tutar.\u00a0<\/span><\/p>\n<p><span style=\"font-weight: 400\">Etkinli\u011fe kat\u0131lan ki\u015filerin foto\u011fraf ve video \u00e7ekimlerinin tan\u0131t\u0131m materyallerinde kullan\u0131m hakk\u0131 etkinlik organizasyonuna ait olup kat\u0131l\u0131mc\u0131, etkinli\u011fe kat\u0131larak bu hakk\u0131n kullan\u0131lmas\u0131n\u0131 kabul etmektedir.<\/span><\/p>\n<p>Etkinlik alan\u0131nda izleyicilerin yan\u0131nda bulunan e\u015fyalar\u0131n sorumlulu\u011fu kendilerine aittir.<\/p>\n<p>Etkinlik organizat\u00f6r\u00fc, alanda ba\u015fkalar\u0131n\u0131n huzurunu bozacak \u015fekilde davran\u0131\u015flar g\u00f6steren kat\u0131l\u0131mc\u0131lar\u0131 etkinlik alan\u0131ndan \u00e7\u0131karma hakk\u0131na sahiptir.<\/p>\n","protected":false},"excerpt":{"rendered":"<p>Etkinlik Alan\u0131: Orta Bah\u00e7e<\/p>\n<p>Etkinlik Zaman\u0131: 24 A\u011fustos Cumartesi, 19:00<\/p>\n","protected":false},"featured_media":267962,"template":"","meta":{"_exactmetrics_skip_tracking":false,"_exactmetrics_sitenote_active":false,"_exactmetrics_sitenote_note":"","_exactmetrics_sitenote_category":0},"product_brand":[],"product_cat":[],"product_tag":[],"woo-feed-brand":[],"class_list":{"0":"post-267960","1":"product","2":"type-product","3":"status-publish","4":"has-post-thumbnail","7":"first","8":"instock","9":"sold-individually","10":"taxable","11":"shipping-taxable","12":"purchasable","13":"product-type-simple"},"yoast_head":"<!-- This site is optimized with the Yoast SEO plugin v27.1.1 - https:\/\/yoast.com\/product\/yoast-seo-wordpress\/ -->\n<title>M\u00fczede Sahne: Sessiz Disko - SSM Shop<\/title>\n<meta name=\"robots\" content=\"index, follow, max-snippet:-1, max-image-preview:large, max-video-preview:-1\" \/>\n<link rel=\"canonical\" href=\"https:\/\/sakipsabancimuzesi.org\/shop\/urun\/egitim-ve-etkinlik\/muzede-sahne-sessiz-disko\/\" \/>\n<meta property=\"og:locale\" content=\"tr_TR\" \/>\n<meta property=\"og:type\" content=\"article\" \/>\n<meta property=\"og:title\" content=\"M\u00fczede Sahne: Sessiz Disko - SSM Shop\" \/>\n<meta property=\"og:description\" content=\"Etkinlik Alan\u0131: Orta Bah\u00e7e  Etkinlik Zaman\u0131: 24 A\u011fustos Cumartesi, 19:00\" \/>\n<meta property=\"og:url\" content=\"https:\/\/sakipsabancimuzesi.org\/shop\/urun\/egitim-ve-etkinlik\/muzede-sahne-sessiz-disko\/\" \/>\n<meta property=\"og:site_name\" content=\"SSM Shop\" \/>\n<meta property=\"article:publisher\" content=\"https:\/\/www.facebook.com\/SakipSabanciMuzesi\/\" \/>\n<meta property=\"article:modified_time\" content=\"2024-08-24T12:15:40+00:00\" \/>\n<meta property=\"og:image\" content=\"https:\/\/sakipsabancimuzesi.org\/shop\/wp-content\/uploads\/2024\/08\/sessiz-1.jpg\" \/>\n\t<meta property=\"og:image:width\" content=\"1080\" \/>\n\t<meta property=\"og:image:height\" content=\"1080\" \/>\n\t<meta property=\"og:image:type\" content=\"image\/jpeg\" \/>\n<meta name=\"twitter:card\" content=\"summary_large_image\" \/>\n<meta name=\"twitter:label1\" content=\"Tahmini okuma s\u00fcresi\" \/>\n\t<meta name=\"twitter:data1\" content=\"2 dakika\" \/>\n<script type=\"application\/ld+json\" class=\"yoast-schema-graph\">{\"@context\":\"https:\/\/schema.org\",\"@graph\":[{\"@type\":\"WebPage\",\"@id\":\"https:\/\/sakipsabancimuzesi.org\/shop\/urun\/egitim-ve-etkinlik\/muzede-sahne-sessiz-disko\/\",\"url\":\"https:\/\/sakipsabancimuzesi.org\/shop\/urun\/egitim-ve-etkinlik\/muzede-sahne-sessiz-disko\/\",\"name\":\"M\u00fczede Sahne: Sessiz Disko - SSM Shop\",\"isPartOf\":{\"@id\":\"https:\/\/sakipsabancimuzesi.org\/shop\/#website\"},\"primaryImageOfPage\":{\"@id\":\"https:\/\/sakipsabancimuzesi.org\/shop\/urun\/egitim-ve-etkinlik\/muzede-sahne-sessiz-disko\/#primaryimage\"},\"image\":{\"@id\":\"https:\/\/sakipsabancimuzesi.org\/shop\/urun\/egitim-ve-etkinlik\/muzede-sahne-sessiz-disko\/#primaryimage\"},\"thumbnailUrl\":\"https:\/\/sakipsabancimuzesi.org\/shop\/wp-content\/uploads\/2024\/08\/sessiz-1.jpg\",\"datePublished\":\"2024-08-14T11:40:02+00:00\",\"dateModified\":\"2024-08-24T12:15:40+00:00\",\"breadcrumb\":{\"@id\":\"https:\/\/sakipsabancimuzesi.org\/shop\/urun\/egitim-ve-etkinlik\/muzede-sahne-sessiz-disko\/#breadcrumb\"},\"inLanguage\":\"tr\",\"potentialAction\":[{\"@type\":\"ReadAction\",\"target\":[\"https:\/\/sakipsabancimuzesi.org\/shop\/urun\/egitim-ve-etkinlik\/muzede-sahne-sessiz-disko\/\"]}]},{\"@type\":\"ImageObject\",\"inLanguage\":\"tr\",\"@id\":\"https:\/\/sakipsabancimuzesi.org\/shop\/urun\/egitim-ve-etkinlik\/muzede-sahne-sessiz-disko\/#primaryimage\",\"url\":\"https:\/\/sakipsabancimuzesi.org\/shop\/wp-content\/uploads\/2024\/08\/sessiz-1.jpg\",\"contentUrl\":\"https:\/\/sakipsabancimuzesi.org\/shop\/wp-content\/uploads\/2024\/08\/sessiz-1.jpg\",\"width\":1080,\"height\":1080},{\"@type\":\"BreadcrumbList\",\"@id\":\"https:\/\/sakipsabancimuzesi.org\/shop\/urun\/egitim-ve-etkinlik\/muzede-sahne-sessiz-disko\/#breadcrumb\",\"itemListElement\":[{\"@type\":\"ListItem\",\"position\":1,\"name\":\"Ana sayfa\",\"item\":\"https:\/\/sakipsabancimuzesi.org\/shop\/\"},{\"@type\":\"ListItem\",\"position\":2,\"name\":\"Shop\",\"item\":\"https:\/\/sakipsabancimuzesi.org\/shop\/shop\/\"},{\"@type\":\"ListItem\",\"position\":3,\"name\":\"M\u00fczede Sahne: Sessiz Disko\"}]},{\"@type\":\"WebSite\",\"@id\":\"https:\/\/sakipsabancimuzesi.org\/shop\/#website\",\"url\":\"https:\/\/sakipsabancimuzesi.org\/shop\/\",\"name\":\"SSM Shop\",\"description\":\"Sak\u0131p Sabanc\u0131 M\u00fczesi, Ma\u011faza\",\"publisher\":{\"@id\":\"https:\/\/sakipsabancimuzesi.org\/shop\/#organization\"},\"potentialAction\":[{\"@type\":\"SearchAction\",\"target\":{\"@type\":\"EntryPoint\",\"urlTemplate\":\"https:\/\/sakipsabancimuzesi.org\/shop\/?s={search_term_string}\"},\"query-input\":{\"@type\":\"PropertyValueSpecification\",\"valueRequired\":true,\"valueName\":\"search_term_string\"}}],\"inLanguage\":\"tr\"},{\"@type\":\"Organization\",\"@id\":\"https:\/\/sakipsabancimuzesi.org\/shop\/#organization\",\"name\":\"SSM Shop\",\"url\":\"https:\/\/sakipsabancimuzesi.org\/shop\/\",\"logo\":{\"@type\":\"ImageObject\",\"inLanguage\":\"tr\",\"@id\":\"https:\/\/sakipsabancimuzesi.org\/shop\/#\/schema\/logo\/image\/\",\"url\":\"https:\/\/sakipsabancimuzesi.org\/shop\/wp-content\/uploads\/2019\/11\/logo.png\",\"contentUrl\":\"https:\/\/sakipsabancimuzesi.org\/shop\/wp-content\/uploads\/2019\/11\/logo.png\",\"width\":227,\"height\":87,\"caption\":\"SSM Shop\"},\"image\":{\"@id\":\"https:\/\/sakipsabancimuzesi.org\/shop\/#\/schema\/logo\/image\/\"},\"sameAs\":[\"https:\/\/www.facebook.com\/SakipSabanciMuzesi\/\"]}]}<\/script>\n<!-- \/ Yoast SEO plugin. -->","yoast_head_json":{"title":"M\u00fczede Sahne: Sessiz Disko - SSM Shop","robots":{"index":"index","follow":"follow","max-snippet":"max-snippet:-1","max-image-preview":"max-image-preview:large","max-video-preview":"max-video-preview:-1"},"canonical":"https:\/\/sakipsabancimuzesi.org\/shop\/urun\/egitim-ve-etkinlik\/muzede-sahne-sessiz-disko\/","og_locale":"tr_TR","og_type":"article","og_title":"M\u00fczede Sahne: Sessiz Disko - SSM Shop","og_description":"Etkinlik Alan\u0131: Orta Bah\u00e7e  Etkinlik Zaman\u0131: 24 A\u011fustos Cumartesi, 19:00","og_url":"https:\/\/sakipsabancimuzesi.org\/shop\/urun\/egitim-ve-etkinlik\/muzede-sahne-sessiz-disko\/","og_site_name":"SSM Shop","article_publisher":"https:\/\/www.facebook.com\/SakipSabanciMuzesi\/","article_modified_time":"2024-08-24T12:15:40+00:00","og_image":[{"width":1080,"height":1080,"url":"https:\/\/sakipsabancimuzesi.org\/shop\/wp-content\/uploads\/2024\/08\/sessiz-1.jpg","type":"image\/jpeg"}],"twitter_card":"summary_large_image","twitter_misc":{"Tahmini okuma s\u00fcresi":"2 dakika"},"schema":{"@context":"https:\/\/schema.org","@graph":[{"@type":"WebPage","@id":"https:\/\/sakipsabancimuzesi.org\/shop\/urun\/egitim-ve-etkinlik\/muzede-sahne-sessiz-disko\/","url":"https:\/\/sakipsabancimuzesi.org\/shop\/urun\/egitim-ve-etkinlik\/muzede-sahne-sessiz-disko\/","name":"M\u00fczede Sahne: Sessiz Disko - SSM Shop","isPartOf":{"@id":"https:\/\/sakipsabancimuzesi.org\/shop\/#website"},"primaryImageOfPage":{"@id":"https:\/\/sakipsabancimuzesi.org\/shop\/urun\/egitim-ve-etkinlik\/muzede-sahne-sessiz-disko\/#primaryimage"},"image":{"@id":"https:\/\/sakipsabancimuzesi.org\/shop\/urun\/egitim-ve-etkinlik\/muzede-sahne-sessiz-disko\/#primaryimage"},"thumbnailUrl":"https:\/\/sakipsabancimuzesi.org\/shop\/wp-content\/uploads\/2024\/08\/sessiz-1.jpg","datePublished":"2024-08-14T11:40:02+00:00","dateModified":"2024-08-24T12:15:40+00:00","breadcrumb":{"@id":"https:\/\/sakipsabancimuzesi.org\/shop\/urun\/egitim-ve-etkinlik\/muzede-sahne-sessiz-disko\/#breadcrumb"},"inLanguage":"tr","potentialAction":[{"@type":"ReadAction","target":["https:\/\/sakipsabancimuzesi.org\/shop\/urun\/egitim-ve-etkinlik\/muzede-sahne-sessiz-disko\/"]}]},{"@type":"ImageObject","inLanguage":"tr","@id":"https:\/\/sakipsabancimuzesi.org\/shop\/urun\/egitim-ve-etkinlik\/muzede-sahne-sessiz-disko\/#primaryimage","url":"https:\/\/sakipsabancimuzesi.org\/shop\/wp-content\/uploads\/2024\/08\/sessiz-1.jpg","contentUrl":"https:\/\/sakipsabancimuzesi.org\/shop\/wp-content\/uploads\/2024\/08\/sessiz-1.jpg","width":1080,"height":1080},{"@type":"BreadcrumbList","@id":"https:\/\/sakipsabancimuzesi.org\/shop\/urun\/egitim-ve-etkinlik\/muzede-sahne-sessiz-disko\/#breadcrumb","itemListElement":[{"@type":"ListItem","position":1,"name":"Ana sayfa","item":"https:\/\/sakipsabancimuzesi.org\/shop\/"},{"@type":"ListItem","position":2,"name":"Shop","item":"https:\/\/sakipsabancimuzesi.org\/shop\/shop\/"},{"@type":"ListItem","position":3,"name":"M\u00fczede Sahne: Sessiz Disko"}]},{"@type":"WebSite","@id":"https:\/\/sakipsabancimuzesi.org\/shop\/#website","url":"https:\/\/sakipsabancimuzesi.org\/shop\/","name":"SSM Shop","description":"Sak\u0131p Sabanc\u0131 M\u00fczesi, Ma\u011faza","publisher":{"@id":"https:\/\/sakipsabancimuzesi.org\/shop\/#organization"},"potentialAction":[{"@type":"SearchAction","target":{"@type":"EntryPoint","urlTemplate":"https:\/\/sakipsabancimuzesi.org\/shop\/?s={search_term_string}"},"query-input":{"@type":"PropertyValueSpecification","valueRequired":true,"valueName":"search_term_string"}}],"inLanguage":"tr"},{"@type":"Organization","@id":"https:\/\/sakipsabancimuzesi.org\/shop\/#organization","name":"SSM Shop","url":"https:\/\/sakipsabancimuzesi.org\/shop\/","logo":{"@type":"ImageObject","inLanguage":"tr","@id":"https:\/\/sakipsabancimuzesi.org\/shop\/#\/schema\/logo\/image\/","url":"https:\/\/sakipsabancimuzesi.org\/shop\/wp-content\/uploads\/2019\/11\/logo.png","contentUrl":"https:\/\/sakipsabancimuzesi.org\/shop\/wp-content\/uploads\/2019\/11\/logo.png","width":227,"height":87,"caption":"SSM Shop"},"image":{"@id":"https:\/\/sakipsabancimuzesi.org\/shop\/#\/schema\/logo\/image\/"},"sameAs":["https:\/\/www.facebook.com\/SakipSabanciMuzesi\/"]}]}},"jetpack_sharing_enabled":true,"_links":{"self":[{"href":"https:\/\/sakipsabancimuzesi.org\/shop\/wp-json\/wp\/v2\/product\/267960","targetHints":{"allow":["GET"]}}],"collection":[{"href":"https:\/\/sakipsabancimuzesi.org\/shop\/wp-json\/wp\/v2\/product"}],"about":[{"href":"https:\/\/sakipsabancimuzesi.org\/shop\/wp-json\/wp\/v2\/types\/product"}],"wp:featuredmedia":[{"embeddable":true,"href":"https:\/\/sakipsabancimuzesi.org\/shop\/wp-json\/wp\/v2\/media\/267962"}],"wp:attachment":[{"href":"https:\/\/sakipsabancimuzesi.org\/shop\/wp-json\/wp\/v2\/media?parent=267960"}],"wp:term":[{"taxonomy":"product_brand","embeddable":true,"href":"https:\/\/sakipsabancimuzesi.org\/shop\/wp-json\/wp\/v2\/product_brand?post=267960"},{"taxonomy":"product_cat","embeddable":true,"href":"https:\/\/sakipsabancimuzesi.org\/shop\/wp-json\/wp\/v2\/product_cat?post=267960"},{"taxonomy":"product_tag","embeddable":true,"href":"https:\/\/sakipsabancimuzesi.org\/shop\/wp-json\/wp\/v2\/product_tag?post=267960"},{"taxonomy":"woo-feed-brand","embeddable":true,"href":"https:\/\/sakipsabancimuzesi.org\/shop\/wp-json\/wp\/v2\/woo-feed-brand?post=267960"}],"curies":[{"name":"wp","href":"https:\/\/api.w.org\/{rel}","templated":true}]}}