{"id":267986,"date":"2024-08-15T12:11:09","date_gmt":"2024-08-15T09:11:09","guid":{"rendered":"https:\/\/sakipsabancimuzesi.org\/shop\/?post_type=product&#038;p=267986"},"modified":"2024-08-16T09:28:45","modified_gmt":"2024-08-16T06:28:45","slug":"ssm-laptop-kilifi","status":"publish","type":"product","link":"https:\/\/sakipsabancimuzesi.org\/shop\/urun\/moda\/aksesuar\/ssm-laptop-kilifi\/","title":{"rendered":"SSM Laptop K\u0131l\u0131f\u0131"},"content":{"rendered":"<p>Gabardin Laptop \u00c7antas\u0131<\/p>\n<p>Gabardin kuma\u015ftan, astarl\u0131, ipli laptop \u00e7antas\u0131.<\/p>\n<p>%100 Pamuklu, gabardin kuma\u015f<br \/>\nGeri d\u00f6n\u00fc\u015ft\u00fcr\u00fclm\u00fc\u015f pamuktan astar<br \/>\n2 e\u015fit \u00f6l\u00e7\u00fcl\u00fc cep<br \/>\nFermuarda ele ge\u00e7ebilen ip<br \/>\n345 GSM, hafif kuma\u015f<br \/>\n14.3\u201d\u00a0uyumlu<\/p>\n","protected":false},"excerpt":{"rendered":"<p>Gabardin Laptop \u00c7antas\u0131 Gabardin kuma\u015ftan, astarl\u0131, ipli laptop \u00e7antas\u0131. %100 Pamuklu, gabardin kuma\u015f Geri d\u00f6n\u00fc\u015ft\u00fcr\u00fclm\u00fc\u015f pamuktan astar 2 e\u015fit \u00f6l\u00e7\u00fcl\u00fc cep Fermuarda ele ge\u00e7ebilen ip 345 GSM, hafif kuma\u015f 14.3\u201d\u00a0uyumlu<\/p>\n","protected":false},"featured_media":267992,"template":"","meta":{"_exactmetrics_skip_tracking":false,"_exactmetrics_sitenote_active":false,"_exactmetrics_sitenote_note":"","_exactmetrics_sitenote_category":0},"product_brand":[],"product_cat":[649,650],"product_tag":[793],"woo-feed-brand":[],"class_list":{"0":"post-267986","1":"product","2":"type-product","3":"status-publish","4":"has-post-thumbnail","6":"product_cat-moda","7":"product_cat-aksesuar","8":"product_tag-ssm-tekstil-koleksiyonu","10":"first","11":"instock","12":"taxable","13":"shipping-taxable","14":"purchasable","15":"product-type-variable"},"yoast_head":"<!-- This site is optimized with the Yoast SEO plugin v27.1.1 - https:\/\/yoast.com\/product\/yoast-seo-wordpress\/ -->\n<title>SSM Laptop K\u0131l\u0131f\u0131 - SSM Shop<\/title>\n<meta name=\"robots\" content=\"index, follow, max-snippet:-1, max-image-preview:large, max-video-preview:-1\" \/>\n<link rel=\"canonical\" href=\"https:\/\/sakipsabancimuzesi.org\/shop\/urun\/moda\/aksesuar\/ssm-laptop-kilifi\/\" \/>\n<meta property=\"og:locale\" content=\"tr_TR\" \/>\n<meta property=\"og:type\" content=\"article\" \/>\n<meta property=\"og:title\" content=\"SSM Laptop K\u0131l\u0131f\u0131 - SSM Shop\" \/>\n<meta property=\"og:description\" content=\"Gabardin Laptop \u00c7antas\u0131 Gabardin kuma\u015ftan, astarl\u0131, ipli laptop \u00e7antas\u0131. %100 Pamuklu, gabardin kuma\u015f Geri d\u00f6n\u00fc\u015ft\u00fcr\u00fclm\u00fc\u015f pamuktan astar 2 e\u015fit \u00f6l\u00e7\u00fcl\u00fc cep Fermuarda ele ge\u00e7ebilen ip 345 GSM, hafif kuma\u015f 14.3\u201d\u00a0uyumlu\" \/>\n<meta property=\"og:url\" content=\"https:\/\/sakipsabancimuzesi.org\/shop\/urun\/moda\/aksesuar\/ssm-laptop-kilifi\/\" \/>\n<meta property=\"og:site_name\" content=\"SSM Shop\" \/>\n<meta property=\"article:publisher\" content=\"https:\/\/www.facebook.com\/SakipSabanciMuzesi\/\" \/>\n<meta property=\"article:modified_time\" content=\"2024-08-16T06:28:45+00:00\" \/>\n<meta property=\"og:image\" content=\"https:\/\/sakipsabancimuzesi.org\/shop\/wp-content\/uploads\/2024\/08\/SSM-Laptop-Kilifi-ve-canta1.jpg\" \/>\n\t<meta property=\"og:image:width\" content=\"1280\" \/>\n\t<meta property=\"og:image:height\" content=\"1600\" \/>\n\t<meta property=\"og:image:type\" content=\"image\/jpeg\" \/>\n<meta name=\"twitter:card\" content=\"summary_large_image\" \/>\n<script type=\"application\/ld+json\" class=\"yoast-schema-graph\">{\"@context\":\"https:\/\/schema.org\",\"@graph\":[{\"@type\":\"WebPage\",\"@id\":\"https:\/\/sakipsabancimuzesi.org\/shop\/urun\/moda\/aksesuar\/ssm-laptop-kilifi\/\",\"url\":\"https:\/\/sakipsabancimuzesi.org\/shop\/urun\/moda\/aksesuar\/ssm-laptop-kilifi\/\",\"name\":\"SSM Laptop K\u0131l\u0131f\u0131 - SSM Shop\",\"isPartOf\":{\"@id\":\"https:\/\/sakipsabancimuzesi.org\/shop\/#website\"},\"primaryImageOfPage\":{\"@id\":\"https:\/\/sakipsabancimuzesi.org\/shop\/urun\/moda\/aksesuar\/ssm-laptop-kilifi\/#primaryimage\"},\"image\":{\"@id\":\"https:\/\/sakipsabancimuzesi.org\/shop\/urun\/moda\/aksesuar\/ssm-laptop-kilifi\/#primaryimage\"},\"thumbnailUrl\":\"https:\/\/sakipsabancimuzesi.org\/shop\/wp-content\/uploads\/2024\/08\/SSM-Laptop-Kilifi-ve-canta1.jpg\",\"datePublished\":\"2024-08-15T09:11:09+00:00\",\"dateModified\":\"2024-08-16T06:28:45+00:00\",\"breadcrumb\":{\"@id\":\"https:\/\/sakipsabancimuzesi.org\/shop\/urun\/moda\/aksesuar\/ssm-laptop-kilifi\/#breadcrumb\"},\"inLanguage\":\"tr\",\"potentialAction\":[{\"@type\":\"ReadAction\",\"target\":[\"https:\/\/sakipsabancimuzesi.org\/shop\/urun\/moda\/aksesuar\/ssm-laptop-kilifi\/\"]}]},{\"@type\":\"ImageObject\",\"inLanguage\":\"tr\",\"@id\":\"https:\/\/sakipsabancimuzesi.org\/shop\/urun\/moda\/aksesuar\/ssm-laptop-kilifi\/#primaryimage\",\"url\":\"https:\/\/sakipsabancimuzesi.org\/shop\/wp-content\/uploads\/2024\/08\/SSM-Laptop-Kilifi-ve-canta1.jpg\",\"contentUrl\":\"https:\/\/sakipsabancimuzesi.org\/shop\/wp-content\/uploads\/2024\/08\/SSM-Laptop-Kilifi-ve-canta1.jpg\",\"width\":1280,\"height\":1600},{\"@type\":\"BreadcrumbList\",\"@id\":\"https:\/\/sakipsabancimuzesi.org\/shop\/urun\/moda\/aksesuar\/ssm-laptop-kilifi\/#breadcrumb\",\"itemListElement\":[{\"@type\":\"ListItem\",\"position\":1,\"name\":\"Ana sayfa\",\"item\":\"https:\/\/sakipsabancimuzesi.org\/shop\/\"},{\"@type\":\"ListItem\",\"position\":2,\"name\":\"Shop\",\"item\":\"https:\/\/sakipsabancimuzesi.org\/shop\/shop\/\"},{\"@type\":\"ListItem\",\"position\":3,\"name\":\"SSM Laptop K\u0131l\u0131f\u0131\"}]},{\"@type\":\"WebSite\",\"@id\":\"https:\/\/sakipsabancimuzesi.org\/shop\/#website\",\"url\":\"https:\/\/sakipsabancimuzesi.org\/shop\/\",\"name\":\"SSM Shop\",\"description\":\"Sak\u0131p Sabanc\u0131 M\u00fczesi, Ma\u011faza\",\"publisher\":{\"@id\":\"https:\/\/sakipsabancimuzesi.org\/shop\/#organization\"},\"potentialAction\":[{\"@type\":\"SearchAction\",\"target\":{\"@type\":\"EntryPoint\",\"urlTemplate\":\"https:\/\/sakipsabancimuzesi.org\/shop\/?s={search_term_string}\"},\"query-input\":{\"@type\":\"PropertyValueSpecification\",\"valueRequired\":true,\"valueName\":\"search_term_string\"}}],\"inLanguage\":\"tr\"},{\"@type\":\"Organization\",\"@id\":\"https:\/\/sakipsabancimuzesi.org\/shop\/#organization\",\"name\":\"SSM Shop\",\"url\":\"https:\/\/sakipsabancimuzesi.org\/shop\/\",\"logo\":{\"@type\":\"ImageObject\",\"inLanguage\":\"tr\",\"@id\":\"https:\/\/sakipsabancimuzesi.org\/shop\/#\/schema\/logo\/image\/\",\"url\":\"https:\/\/sakipsabancimuzesi.org\/shop\/wp-content\/uploads\/2019\/11\/logo.png\",\"contentUrl\":\"https:\/\/sakipsabancimuzesi.org\/shop\/wp-content\/uploads\/2019\/11\/logo.png\",\"width\":227,\"height\":87,\"caption\":\"SSM Shop\"},\"image\":{\"@id\":\"https:\/\/sakipsabancimuzesi.org\/shop\/#\/schema\/logo\/image\/\"},\"sameAs\":[\"https:\/\/www.facebook.com\/SakipSabanciMuzesi\/\"]}]}<\/script>\n<!-- \/ Yoast SEO plugin. -->","yoast_head_json":{"title":"SSM Laptop K\u0131l\u0131f\u0131 - SSM Shop","robots":{"index":"index","follow":"follow","max-snippet":"max-snippet:-1","max-image-preview":"max-image-preview:large","max-video-preview":"max-video-preview:-1"},"canonical":"https:\/\/sakipsabancimuzesi.org\/shop\/urun\/moda\/aksesuar\/ssm-laptop-kilifi\/","og_locale":"tr_TR","og_type":"article","og_title":"SSM Laptop K\u0131l\u0131f\u0131 - SSM Shop","og_description":"Gabardin Laptop \u00c7antas\u0131 Gabardin kuma\u015ftan, astarl\u0131, ipli laptop \u00e7antas\u0131. %100 Pamuklu, gabardin kuma\u015f Geri d\u00f6n\u00fc\u015ft\u00fcr\u00fclm\u00fc\u015f pamuktan astar 2 e\u015fit \u00f6l\u00e7\u00fcl\u00fc cep Fermuarda ele ge\u00e7ebilen ip 345 GSM, hafif kuma\u015f 14.3\u201d\u00a0uyumlu","og_url":"https:\/\/sakipsabancimuzesi.org\/shop\/urun\/moda\/aksesuar\/ssm-laptop-kilifi\/","og_site_name":"SSM Shop","article_publisher":"https:\/\/www.facebook.com\/SakipSabanciMuzesi\/","article_modified_time":"2024-08-16T06:28:45+00:00","og_image":[{"width":1280,"height":1600,"url":"https:\/\/sakipsabancimuzesi.org\/shop\/wp-content\/uploads\/2024\/08\/SSM-Laptop-Kilifi-ve-canta1.jpg","type":"image\/jpeg"}],"twitter_card":"summary_large_image","schema":{"@context":"https:\/\/schema.org","@graph":[{"@type":"WebPage","@id":"https:\/\/sakipsabancimuzesi.org\/shop\/urun\/moda\/aksesuar\/ssm-laptop-kilifi\/","url":"https:\/\/sakipsabancimuzesi.org\/shop\/urun\/moda\/aksesuar\/ssm-laptop-kilifi\/","name":"SSM Laptop K\u0131l\u0131f\u0131 - SSM Shop","isPartOf":{"@id":"https:\/\/sakipsabancimuzesi.org\/shop\/#website"},"primaryImageOfPage":{"@id":"https:\/\/sakipsabancimuzesi.org\/shop\/urun\/moda\/aksesuar\/ssm-laptop-kilifi\/#primaryimage"},"image":{"@id":"https:\/\/sakipsabancimuzesi.org\/shop\/urun\/moda\/aksesuar\/ssm-laptop-kilifi\/#primaryimage"},"thumbnailUrl":"https:\/\/sakipsabancimuzesi.org\/shop\/wp-content\/uploads\/2024\/08\/SSM-Laptop-Kilifi-ve-canta1.jpg","datePublished":"2024-08-15T09:11:09+00:00","dateModified":"2024-08-16T06:28:45+00:00","breadcrumb":{"@id":"https:\/\/sakipsabancimuzesi.org\/shop\/urun\/moda\/aksesuar\/ssm-laptop-kilifi\/#breadcrumb"},"inLanguage":"tr","potentialAction":[{"@type":"ReadAction","target":["https:\/\/sakipsabancimuzesi.org\/shop\/urun\/moda\/aksesuar\/ssm-laptop-kilifi\/"]}]},{"@type":"ImageObject","inLanguage":"tr","@id":"https:\/\/sakipsabancimuzesi.org\/shop\/urun\/moda\/aksesuar\/ssm-laptop-kilifi\/#primaryimage","url":"https:\/\/sakipsabancimuzesi.org\/shop\/wp-content\/uploads\/2024\/08\/SSM-Laptop-Kilifi-ve-canta1.jpg","contentUrl":"https:\/\/sakipsabancimuzesi.org\/shop\/wp-content\/uploads\/2024\/08\/SSM-Laptop-Kilifi-ve-canta1.jpg","width":1280,"height":1600},{"@type":"BreadcrumbList","@id":"https:\/\/sakipsabancimuzesi.org\/shop\/urun\/moda\/aksesuar\/ssm-laptop-kilifi\/#breadcrumb","itemListElement":[{"@type":"ListItem","position":1,"name":"Ana sayfa","item":"https:\/\/sakipsabancimuzesi.org\/shop\/"},{"@type":"ListItem","position":2,"name":"Shop","item":"https:\/\/sakipsabancimuzesi.org\/shop\/shop\/"},{"@type":"ListItem","position":3,"name":"SSM Laptop K\u0131l\u0131f\u0131"}]},{"@type":"WebSite","@id":"https:\/\/sakipsabancimuzesi.org\/shop\/#website","url":"https:\/\/sakipsabancimuzesi.org\/shop\/","name":"SSM Shop","description":"Sak\u0131p Sabanc\u0131 M\u00fczesi, Ma\u011faza","publisher":{"@id":"https:\/\/sakipsabancimuzesi.org\/shop\/#organization"},"potentialAction":[{"@type":"SearchAction","target":{"@type":"EntryPoint","urlTemplate":"https:\/\/sakipsabancimuzesi.org\/shop\/?s={search_term_string}"},"query-input":{"@type":"PropertyValueSpecification","valueRequired":true,"valueName":"search_term_string"}}],"inLanguage":"tr"},{"@type":"Organization","@id":"https:\/\/sakipsabancimuzesi.org\/shop\/#organization","name":"SSM Shop","url":"https:\/\/sakipsabancimuzesi.org\/shop\/","logo":{"@type":"ImageObject","inLanguage":"tr","@id":"https:\/\/sakipsabancimuzesi.org\/shop\/#\/schema\/logo\/image\/","url":"https:\/\/sakipsabancimuzesi.org\/shop\/wp-content\/uploads\/2019\/11\/logo.png","contentUrl":"https:\/\/sakipsabancimuzesi.org\/shop\/wp-content\/uploads\/2019\/11\/logo.png","width":227,"height":87,"caption":"SSM Shop"},"image":{"@id":"https:\/\/sakipsabancimuzesi.org\/shop\/#\/schema\/logo\/image\/"},"sameAs":["https:\/\/www.facebook.com\/SakipSabanciMuzesi\/"]}]}},"jetpack_sharing_enabled":true,"_links":{"self":[{"href":"https:\/\/sakipsabancimuzesi.org\/shop\/wp-json\/wp\/v2\/product\/267986","targetHints":{"allow":["GET"]}}],"collection":[{"href":"https:\/\/sakipsabancimuzesi.org\/shop\/wp-json\/wp\/v2\/product"}],"about":[{"href":"https:\/\/sakipsabancimuzesi.org\/shop\/wp-json\/wp\/v2\/types\/product"}],"wp:featuredmedia":[{"embeddable":true,"href":"https:\/\/sakipsabancimuzesi.org\/shop\/wp-json\/wp\/v2\/media\/267992"}],"wp:attachment":[{"href":"https:\/\/sakipsabancimuzesi.org\/shop\/wp-json\/wp\/v2\/media?parent=267986"}],"wp:term":[{"taxonomy":"product_brand","embeddable":true,"href":"https:\/\/sakipsabancimuzesi.org\/shop\/wp-json\/wp\/v2\/product_brand?post=267986"},{"taxonomy":"product_cat","embeddable":true,"href":"https:\/\/sakipsabancimuzesi.org\/shop\/wp-json\/wp\/v2\/product_cat?post=267986"},{"taxonomy":"product_tag","embeddable":true,"href":"https:\/\/sakipsabancimuzesi.org\/shop\/wp-json\/wp\/v2\/product_tag?post=267986"},{"taxonomy":"woo-feed-brand","embeddable":true,"href":"https:\/\/sakipsabancimuzesi.org\/shop\/wp-json\/wp\/v2\/woo-feed-brand?post=267986"}],"curies":[{"name":"wp","href":"https:\/\/api.w.org\/{rel}","templated":true}]}}