{"id":268373,"date":"2024-09-16T12:54:03","date_gmt":"2024-09-16T09:54:03","guid":{"rendered":"https:\/\/sakipsabancimuzesi.org\/shop\/?post_type=product&#038;p=268373"},"modified":"2024-10-04T22:16:50","modified_gmt":"2024-10-04T19:16:50","slug":"halil-berktay-baselitzin-dogdugu-col-nazizm-ve-yikintilari","status":"publish","type":"product","link":"https:\/\/sakipsabancimuzesi.org\/shop\/urun\/egitim-ve-etkinlik\/etkinlikler\/halil-berktay-baselitzin-dogdugu-col-nazizm-ve-yikintilari\/","title":{"rendered":"Halil Berktay: &#8220;Baselitz\u2019in Do\u011fdu\u011fu \u00c7\u00f6l: Nazizm ve Y\u0131k\u0131nt\u0131lar\u0131&#8221;"},"content":{"rendered":"","protected":false},"excerpt":{"rendered":"<p><strong>*Konferansa kat\u0131l\u0131m i\u00e7in m\u00fcze giri\u015f bileti al\u0131nmal\u0131d\u0131r.<\/strong><\/p>\n<p><strong>*A valid museum entry ticket is required to attend the conference.<\/strong><\/p>\n<p>Tarih\/ Date: 5 Ekim \/ 5 October 2024<\/p>\n<p>Saat\/Time: 14:00 \u23bc 15:30<\/p>\n<p>Yer\/Location: SSM Konferans Salonu \/ SSM Conference Hall<\/p>\n","protected":false},"featured_media":268374,"template":"","meta":{"_exactmetrics_skip_tracking":false,"_exactmetrics_sitenote_active":false,"_exactmetrics_sitenote_note":"","_exactmetrics_sitenote_category":0},"product_brand":[],"product_cat":[581],"product_tag":[],"woo-feed-brand":[],"class_list":{"0":"post-268373","1":"product","2":"type-product","3":"status-publish","4":"has-post-thumbnail","6":"product_cat-etkinlikler","8":"first","9":"instock","10":"sold-individually","11":"taxable","12":"shipping-taxable","13":"purchasable","14":"product-type-simple"},"yoast_head":"<!-- This site is optimized with the Yoast SEO plugin v27.1.1 - https:\/\/yoast.com\/product\/yoast-seo-wordpress\/ -->\n<title>Halil Berktay: &quot;Baselitz\u2019in Do\u011fdu\u011fu \u00c7\u00f6l: Nazizm ve Y\u0131k\u0131nt\u0131lar\u0131&quot; - SSM Shop<\/title>\n<meta name=\"robots\" content=\"index, follow, max-snippet:-1, max-image-preview:large, max-video-preview:-1\" \/>\n<link rel=\"canonical\" href=\"https:\/\/sakipsabancimuzesi.org\/shop\/urun\/egitim-ve-etkinlik\/etkinlikler\/halil-berktay-baselitzin-dogdugu-col-nazizm-ve-yikintilari\/\" \/>\n<meta property=\"og:locale\" content=\"tr_TR\" \/>\n<meta property=\"og:type\" content=\"article\" \/>\n<meta property=\"og:title\" content=\"Halil Berktay: &quot;Baselitz\u2019in Do\u011fdu\u011fu \u00c7\u00f6l: Nazizm ve Y\u0131k\u0131nt\u0131lar\u0131&quot; - SSM Shop\" \/>\n<meta property=\"og:description\" content=\"*Konferansa kat\u0131l\u0131m i\u00e7in m\u00fcze giri\u015f bileti al\u0131nmal\u0131d\u0131r.  *A valid museum entry ticket is required to attend the conference.  Tarih\/ Date: 5 Ekim \/ 5 October 2024  Saat\/Time: 14:00 \u23bc 15:30  Yer\/Location: SSM Konferans Salonu \/ SSM Conference Hall\" \/>\n<meta property=\"og:url\" content=\"https:\/\/sakipsabancimuzesi.org\/shop\/urun\/egitim-ve-etkinlik\/etkinlikler\/halil-berktay-baselitzin-dogdugu-col-nazizm-ve-yikintilari\/\" \/>\n<meta property=\"og:site_name\" content=\"SSM Shop\" \/>\n<meta property=\"article:publisher\" content=\"https:\/\/www.facebook.com\/SakipSabanciMuzesi\/\" \/>\n<meta property=\"article:modified_time\" content=\"2024-10-04T19:16:50+00:00\" \/>\n<meta property=\"og:image\" content=\"https:\/\/sakipsabancimuzesi.org\/shop\/wp-content\/uploads\/2024\/09\/5Ekim_shop.jpg\" \/>\n\t<meta property=\"og:image:width\" content=\"1080\" \/>\n\t<meta property=\"og:image:height\" content=\"1080\" \/>\n\t<meta property=\"og:image:type\" content=\"image\/jpeg\" \/>\n<meta name=\"twitter:card\" content=\"summary_large_image\" \/>\n<script type=\"application\/ld+json\" class=\"yoast-schema-graph\">{\"@context\":\"https:\/\/schema.org\",\"@graph\":[{\"@type\":\"WebPage\",\"@id\":\"https:\/\/sakipsabancimuzesi.org\/shop\/urun\/egitim-ve-etkinlik\/etkinlikler\/halil-berktay-baselitzin-dogdugu-col-nazizm-ve-yikintilari\/\",\"url\":\"https:\/\/sakipsabancimuzesi.org\/shop\/urun\/egitim-ve-etkinlik\/etkinlikler\/halil-berktay-baselitzin-dogdugu-col-nazizm-ve-yikintilari\/\",\"name\":\"Halil Berktay: \\\"Baselitz\u2019in Do\u011fdu\u011fu \u00c7\u00f6l: Nazizm ve Y\u0131k\u0131nt\u0131lar\u0131\\\" - SSM Shop\",\"isPartOf\":{\"@id\":\"https:\/\/sakipsabancimuzesi.org\/shop\/#website\"},\"primaryImageOfPage\":{\"@id\":\"https:\/\/sakipsabancimuzesi.org\/shop\/urun\/egitim-ve-etkinlik\/etkinlikler\/halil-berktay-baselitzin-dogdugu-col-nazizm-ve-yikintilari\/#primaryimage\"},\"image\":{\"@id\":\"https:\/\/sakipsabancimuzesi.org\/shop\/urun\/egitim-ve-etkinlik\/etkinlikler\/halil-berktay-baselitzin-dogdugu-col-nazizm-ve-yikintilari\/#primaryimage\"},\"thumbnailUrl\":\"https:\/\/sakipsabancimuzesi.org\/shop\/wp-content\/uploads\/2024\/09\/5Ekim_shop.jpg\",\"datePublished\":\"2024-09-16T09:54:03+00:00\",\"dateModified\":\"2024-10-04T19:16:50+00:00\",\"breadcrumb\":{\"@id\":\"https:\/\/sakipsabancimuzesi.org\/shop\/urun\/egitim-ve-etkinlik\/etkinlikler\/halil-berktay-baselitzin-dogdugu-col-nazizm-ve-yikintilari\/#breadcrumb\"},\"inLanguage\":\"tr\",\"potentialAction\":[{\"@type\":\"ReadAction\",\"target\":[\"https:\/\/sakipsabancimuzesi.org\/shop\/urun\/egitim-ve-etkinlik\/etkinlikler\/halil-berktay-baselitzin-dogdugu-col-nazizm-ve-yikintilari\/\"]}]},{\"@type\":\"ImageObject\",\"inLanguage\":\"tr\",\"@id\":\"https:\/\/sakipsabancimuzesi.org\/shop\/urun\/egitim-ve-etkinlik\/etkinlikler\/halil-berktay-baselitzin-dogdugu-col-nazizm-ve-yikintilari\/#primaryimage\",\"url\":\"https:\/\/sakipsabancimuzesi.org\/shop\/wp-content\/uploads\/2024\/09\/5Ekim_shop.jpg\",\"contentUrl\":\"https:\/\/sakipsabancimuzesi.org\/shop\/wp-content\/uploads\/2024\/09\/5Ekim_shop.jpg\",\"width\":1080,\"height\":1080},{\"@type\":\"BreadcrumbList\",\"@id\":\"https:\/\/sakipsabancimuzesi.org\/shop\/urun\/egitim-ve-etkinlik\/etkinlikler\/halil-berktay-baselitzin-dogdugu-col-nazizm-ve-yikintilari\/#breadcrumb\",\"itemListElement\":[{\"@type\":\"ListItem\",\"position\":1,\"name\":\"Ana sayfa\",\"item\":\"https:\/\/sakipsabancimuzesi.org\/shop\/\"},{\"@type\":\"ListItem\",\"position\":2,\"name\":\"Shop\",\"item\":\"https:\/\/sakipsabancimuzesi.org\/shop\/shop\/\"},{\"@type\":\"ListItem\",\"position\":3,\"name\":\"Halil Berktay: &#8220;Baselitz\u2019in Do\u011fdu\u011fu \u00c7\u00f6l: Nazizm ve Y\u0131k\u0131nt\u0131lar\u0131&#8221;\"}]},{\"@type\":\"WebSite\",\"@id\":\"https:\/\/sakipsabancimuzesi.org\/shop\/#website\",\"url\":\"https:\/\/sakipsabancimuzesi.org\/shop\/\",\"name\":\"SSM Shop\",\"description\":\"Sak\u0131p Sabanc\u0131 M\u00fczesi, Ma\u011faza\",\"publisher\":{\"@id\":\"https:\/\/sakipsabancimuzesi.org\/shop\/#organization\"},\"potentialAction\":[{\"@type\":\"SearchAction\",\"target\":{\"@type\":\"EntryPoint\",\"urlTemplate\":\"https:\/\/sakipsabancimuzesi.org\/shop\/?s={search_term_string}\"},\"query-input\":{\"@type\":\"PropertyValueSpecification\",\"valueRequired\":true,\"valueName\":\"search_term_string\"}}],\"inLanguage\":\"tr\"},{\"@type\":\"Organization\",\"@id\":\"https:\/\/sakipsabancimuzesi.org\/shop\/#organization\",\"name\":\"SSM Shop\",\"url\":\"https:\/\/sakipsabancimuzesi.org\/shop\/\",\"logo\":{\"@type\":\"ImageObject\",\"inLanguage\":\"tr\",\"@id\":\"https:\/\/sakipsabancimuzesi.org\/shop\/#\/schema\/logo\/image\/\",\"url\":\"https:\/\/sakipsabancimuzesi.org\/shop\/wp-content\/uploads\/2019\/11\/logo.png\",\"contentUrl\":\"https:\/\/sakipsabancimuzesi.org\/shop\/wp-content\/uploads\/2019\/11\/logo.png\",\"width\":227,\"height\":87,\"caption\":\"SSM Shop\"},\"image\":{\"@id\":\"https:\/\/sakipsabancimuzesi.org\/shop\/#\/schema\/logo\/image\/\"},\"sameAs\":[\"https:\/\/www.facebook.com\/SakipSabanciMuzesi\/\"]}]}<\/script>\n<!-- \/ Yoast SEO plugin. -->","yoast_head_json":{"title":"Halil Berktay: \"Baselitz\u2019in Do\u011fdu\u011fu \u00c7\u00f6l: Nazizm ve Y\u0131k\u0131nt\u0131lar\u0131\" - SSM Shop","robots":{"index":"index","follow":"follow","max-snippet":"max-snippet:-1","max-image-preview":"max-image-preview:large","max-video-preview":"max-video-preview:-1"},"canonical":"https:\/\/sakipsabancimuzesi.org\/shop\/urun\/egitim-ve-etkinlik\/etkinlikler\/halil-berktay-baselitzin-dogdugu-col-nazizm-ve-yikintilari\/","og_locale":"tr_TR","og_type":"article","og_title":"Halil Berktay: \"Baselitz\u2019in Do\u011fdu\u011fu \u00c7\u00f6l: Nazizm ve Y\u0131k\u0131nt\u0131lar\u0131\" - SSM Shop","og_description":"*Konferansa kat\u0131l\u0131m i\u00e7in m\u00fcze giri\u015f bileti al\u0131nmal\u0131d\u0131r.  *A valid museum entry ticket is required to attend the conference.  Tarih\/ Date: 5 Ekim \/ 5 October 2024  Saat\/Time: 14:00 \u23bc 15:30  Yer\/Location: SSM Konferans Salonu \/ SSM Conference Hall","og_url":"https:\/\/sakipsabancimuzesi.org\/shop\/urun\/egitim-ve-etkinlik\/etkinlikler\/halil-berktay-baselitzin-dogdugu-col-nazizm-ve-yikintilari\/","og_site_name":"SSM Shop","article_publisher":"https:\/\/www.facebook.com\/SakipSabanciMuzesi\/","article_modified_time":"2024-10-04T19:16:50+00:00","og_image":[{"width":1080,"height":1080,"url":"https:\/\/sakipsabancimuzesi.org\/shop\/wp-content\/uploads\/2024\/09\/5Ekim_shop.jpg","type":"image\/jpeg"}],"twitter_card":"summary_large_image","schema":{"@context":"https:\/\/schema.org","@graph":[{"@type":"WebPage","@id":"https:\/\/sakipsabancimuzesi.org\/shop\/urun\/egitim-ve-etkinlik\/etkinlikler\/halil-berktay-baselitzin-dogdugu-col-nazizm-ve-yikintilari\/","url":"https:\/\/sakipsabancimuzesi.org\/shop\/urun\/egitim-ve-etkinlik\/etkinlikler\/halil-berktay-baselitzin-dogdugu-col-nazizm-ve-yikintilari\/","name":"Halil Berktay: \"Baselitz\u2019in Do\u011fdu\u011fu \u00c7\u00f6l: Nazizm ve Y\u0131k\u0131nt\u0131lar\u0131\" - SSM Shop","isPartOf":{"@id":"https:\/\/sakipsabancimuzesi.org\/shop\/#website"},"primaryImageOfPage":{"@id":"https:\/\/sakipsabancimuzesi.org\/shop\/urun\/egitim-ve-etkinlik\/etkinlikler\/halil-berktay-baselitzin-dogdugu-col-nazizm-ve-yikintilari\/#primaryimage"},"image":{"@id":"https:\/\/sakipsabancimuzesi.org\/shop\/urun\/egitim-ve-etkinlik\/etkinlikler\/halil-berktay-baselitzin-dogdugu-col-nazizm-ve-yikintilari\/#primaryimage"},"thumbnailUrl":"https:\/\/sakipsabancimuzesi.org\/shop\/wp-content\/uploads\/2024\/09\/5Ekim_shop.jpg","datePublished":"2024-09-16T09:54:03+00:00","dateModified":"2024-10-04T19:16:50+00:00","breadcrumb":{"@id":"https:\/\/sakipsabancimuzesi.org\/shop\/urun\/egitim-ve-etkinlik\/etkinlikler\/halil-berktay-baselitzin-dogdugu-col-nazizm-ve-yikintilari\/#breadcrumb"},"inLanguage":"tr","potentialAction":[{"@type":"ReadAction","target":["https:\/\/sakipsabancimuzesi.org\/shop\/urun\/egitim-ve-etkinlik\/etkinlikler\/halil-berktay-baselitzin-dogdugu-col-nazizm-ve-yikintilari\/"]}]},{"@type":"ImageObject","inLanguage":"tr","@id":"https:\/\/sakipsabancimuzesi.org\/shop\/urun\/egitim-ve-etkinlik\/etkinlikler\/halil-berktay-baselitzin-dogdugu-col-nazizm-ve-yikintilari\/#primaryimage","url":"https:\/\/sakipsabancimuzesi.org\/shop\/wp-content\/uploads\/2024\/09\/5Ekim_shop.jpg","contentUrl":"https:\/\/sakipsabancimuzesi.org\/shop\/wp-content\/uploads\/2024\/09\/5Ekim_shop.jpg","width":1080,"height":1080},{"@type":"BreadcrumbList","@id":"https:\/\/sakipsabancimuzesi.org\/shop\/urun\/egitim-ve-etkinlik\/etkinlikler\/halil-berktay-baselitzin-dogdugu-col-nazizm-ve-yikintilari\/#breadcrumb","itemListElement":[{"@type":"ListItem","position":1,"name":"Ana sayfa","item":"https:\/\/sakipsabancimuzesi.org\/shop\/"},{"@type":"ListItem","position":2,"name":"Shop","item":"https:\/\/sakipsabancimuzesi.org\/shop\/shop\/"},{"@type":"ListItem","position":3,"name":"Halil Berktay: &#8220;Baselitz\u2019in Do\u011fdu\u011fu \u00c7\u00f6l: Nazizm ve Y\u0131k\u0131nt\u0131lar\u0131&#8221;"}]},{"@type":"WebSite","@id":"https:\/\/sakipsabancimuzesi.org\/shop\/#website","url":"https:\/\/sakipsabancimuzesi.org\/shop\/","name":"SSM Shop","description":"Sak\u0131p Sabanc\u0131 M\u00fczesi, Ma\u011faza","publisher":{"@id":"https:\/\/sakipsabancimuzesi.org\/shop\/#organization"},"potentialAction":[{"@type":"SearchAction","target":{"@type":"EntryPoint","urlTemplate":"https:\/\/sakipsabancimuzesi.org\/shop\/?s={search_term_string}"},"query-input":{"@type":"PropertyValueSpecification","valueRequired":true,"valueName":"search_term_string"}}],"inLanguage":"tr"},{"@type":"Organization","@id":"https:\/\/sakipsabancimuzesi.org\/shop\/#organization","name":"SSM Shop","url":"https:\/\/sakipsabancimuzesi.org\/shop\/","logo":{"@type":"ImageObject","inLanguage":"tr","@id":"https:\/\/sakipsabancimuzesi.org\/shop\/#\/schema\/logo\/image\/","url":"https:\/\/sakipsabancimuzesi.org\/shop\/wp-content\/uploads\/2019\/11\/logo.png","contentUrl":"https:\/\/sakipsabancimuzesi.org\/shop\/wp-content\/uploads\/2019\/11\/logo.png","width":227,"height":87,"caption":"SSM Shop"},"image":{"@id":"https:\/\/sakipsabancimuzesi.org\/shop\/#\/schema\/logo\/image\/"},"sameAs":["https:\/\/www.facebook.com\/SakipSabanciMuzesi\/"]}]}},"jetpack_sharing_enabled":true,"_links":{"self":[{"href":"https:\/\/sakipsabancimuzesi.org\/shop\/wp-json\/wp\/v2\/product\/268373","targetHints":{"allow":["GET"]}}],"collection":[{"href":"https:\/\/sakipsabancimuzesi.org\/shop\/wp-json\/wp\/v2\/product"}],"about":[{"href":"https:\/\/sakipsabancimuzesi.org\/shop\/wp-json\/wp\/v2\/types\/product"}],"wp:featuredmedia":[{"embeddable":true,"href":"https:\/\/sakipsabancimuzesi.org\/shop\/wp-json\/wp\/v2\/media\/268374"}],"wp:attachment":[{"href":"https:\/\/sakipsabancimuzesi.org\/shop\/wp-json\/wp\/v2\/media?parent=268373"}],"wp:term":[{"taxonomy":"product_brand","embeddable":true,"href":"https:\/\/sakipsabancimuzesi.org\/shop\/wp-json\/wp\/v2\/product_brand?post=268373"},{"taxonomy":"product_cat","embeddable":true,"href":"https:\/\/sakipsabancimuzesi.org\/shop\/wp-json\/wp\/v2\/product_cat?post=268373"},{"taxonomy":"product_tag","embeddable":true,"href":"https:\/\/sakipsabancimuzesi.org\/shop\/wp-json\/wp\/v2\/product_tag?post=268373"},{"taxonomy":"woo-feed-brand","embeddable":true,"href":"https:\/\/sakipsabancimuzesi.org\/shop\/wp-json\/wp\/v2\/woo-feed-brand?post=268373"}],"curies":[{"name":"wp","href":"https:\/\/api.w.org\/{rel}","templated":true}]}}