{"id":269076,"date":"2024-12-10T13:53:35","date_gmt":"2024-12-10T10:53:35","guid":{"rendered":"https:\/\/sakipsabancimuzesi.org\/shop\/?post_type=product&#038;p=269076"},"modified":"2026-02-09T10:27:45","modified_gmt":"2026-02-09T07:27:45","slug":"tanistirayim-baselitz","status":"publish","type":"product","link":"https:\/\/sakipsabancimuzesi.org\/shop\/urun\/yayin-ve-multimedya\/cocuk-kitaplari\/tanistirayim-baselitz\/","title":{"rendered":"Tan\u0131\u015ft\u0131ray\u0131m Baselitz"},"content":{"rendered":"<p>Tan\u0131\u015ft\u0131ray\u0131m; Baselitz!<\/p>\n<p>Sak\u0131p Sabanc\u0131 M\u00fczesi, \u00e7ocuklar\u0131 sanat\u0131n b\u00fcy\u00fcl\u00fc d\u00fcnyas\u0131nda ilham verici bir yolculu\u011fa davet ediyor!<\/p>\n<p>Tan\u0131\u015ft\u0131ray\u0131m; Baselitz kitab\u0131yla, \u00fcnl\u00fc sanat\u00e7\u0131 Georg Baselitz\u2019in renkli ve s\u0131ra d\u0131\u015f\u0131 d\u00fcnyas\u0131n\u0131 \u00e7ocuklu\u011fundan ba\u015flayarak bir yolculukla ke\u015ffet!<\/p>\n<p>Onun benzersiz bak\u0131\u015f a\u00e7\u0131s\u0131n\u0131 ve eserlerindeki s\u00fcrpriz dolu hik\u00e2yeleri \u00f6\u011frenirken, hayal g\u00fcc\u00fcn\u00fcn s\u0131n\u0131rlar\u0131n\u0131 zorlayabilirsin!<\/p>\n<p>Sanata dair bu heyecan verici macera i\u00e7in tek ihtiyac\u0131n\u00a0yarat\u0131c\u0131l\u0131k!<\/p>\n<p>Haz\u0131rsan, sanat\u0131n d\u00f6n\u00fc\u015ft\u00fcr\u00fcc\u00fc g\u00fcc\u00fcn\u00fc ke\u015ffet!<\/p>\n<p>Kitap hakk\u0131nda daha fazla bilgi edinmek i\u00e7in bizi takip etmeyi unutma!<\/p>\n","protected":false},"excerpt":{"rendered":"<p>Tan\u0131\u015ft\u0131ray\u0131m; Baselitz! Sak\u0131p Sabanc\u0131 M\u00fczesi, \u00e7ocuklar\u0131 sanat\u0131n b\u00fcy\u00fcl\u00fc d\u00fcnyas\u0131nda ilham verici bir yolculu\u011fa davet ediyor! Tan\u0131\u015ft\u0131ray\u0131m; Baselitz kitab\u0131yla, \u00fcnl\u00fc sanat\u00e7\u0131 Georg Baselitz\u2019in renkli ve s\u0131ra d\u0131\u015f\u0131 d\u00fcnyas\u0131n\u0131 \u00e7ocuklu\u011fundan ba\u015flayarak bir yolculukla ke\u015ffet! Onun benzersiz bak\u0131\u015f a\u00e7\u0131s\u0131n\u0131 ve eserlerindeki s\u00fcrpriz dolu hik\u00e2yeleri \u00f6\u011frenirken, hayal g\u00fcc\u00fcn\u00fcn s\u0131n\u0131rlar\u0131n\u0131 zorlayabilirsin! Sanata dair bu heyecan verici macera i\u00e7in tek ihtiyac\u0131n\u00a0yarat\u0131c\u0131l\u0131k! [&#8230;]\n","protected":false},"featured_media":269077,"template":"","meta":{"_exactmetrics_skip_tracking":false,"_exactmetrics_sitenote_active":false,"_exactmetrics_sitenote_note":"","_exactmetrics_sitenote_category":0},"product_brand":[],"product_cat":[662,665],"product_tag":[],"woo-feed-brand":[],"class_list":{"0":"post-269076","1":"product","2":"type-product","3":"status-publish","4":"has-post-thumbnail","6":"product_cat-yayin-ve-multimedya","7":"product_cat-cocuk-kitaplari","9":"first","10":"instock","11":"taxable","12":"shipping-taxable","13":"purchasable","14":"product-type-simple"},"yoast_head":"<!-- This site is optimized with the Yoast SEO plugin v27.1.1 - https:\/\/yoast.com\/product\/yoast-seo-wordpress\/ -->\n<title>Tan\u0131\u015ft\u0131ray\u0131m Baselitz - SSM Shop<\/title>\n<meta name=\"robots\" content=\"index, follow, max-snippet:-1, max-image-preview:large, max-video-preview:-1\" \/>\n<link rel=\"canonical\" href=\"https:\/\/sakipsabancimuzesi.org\/shop\/urun\/yayin-ve-multimedya\/cocuk-kitaplari\/tanistirayim-baselitz\/\" \/>\n<meta property=\"og:locale\" content=\"tr_TR\" \/>\n<meta property=\"og:type\" content=\"article\" \/>\n<meta property=\"og:title\" content=\"Tan\u0131\u015ft\u0131ray\u0131m Baselitz - SSM Shop\" \/>\n<meta property=\"og:description\" content=\"Tan\u0131\u015ft\u0131ray\u0131m; Baselitz! Sak\u0131p Sabanc\u0131 M\u00fczesi, \u00e7ocuklar\u0131 sanat\u0131n b\u00fcy\u00fcl\u00fc d\u00fcnyas\u0131nda ilham verici bir yolculu\u011fa davet ediyor! Tan\u0131\u015ft\u0131ray\u0131m; Baselitz kitab\u0131yla, \u00fcnl\u00fc sanat\u00e7\u0131 Georg Baselitz\u2019in renkli ve s\u0131ra d\u0131\u015f\u0131 d\u00fcnyas\u0131n\u0131 \u00e7ocuklu\u011fundan ba\u015flayarak bir yolculukla ke\u015ffet! Onun benzersiz bak\u0131\u015f a\u00e7\u0131s\u0131n\u0131 ve eserlerindeki s\u00fcrpriz dolu hik\u00e2yeleri \u00f6\u011frenirken, hayal g\u00fcc\u00fcn\u00fcn s\u0131n\u0131rlar\u0131n\u0131 zorlayabilirsin! Sanata dair bu heyecan verici macera i\u00e7in tek ihtiyac\u0131n\u00a0yarat\u0131c\u0131l\u0131k! [...]\" \/>\n<meta property=\"og:url\" content=\"https:\/\/sakipsabancimuzesi.org\/shop\/urun\/yayin-ve-multimedya\/cocuk-kitaplari\/tanistirayim-baselitz\/\" \/>\n<meta property=\"og:site_name\" content=\"SSM Shop\" \/>\n<meta property=\"article:publisher\" content=\"https:\/\/www.facebook.com\/SakipSabanciMuzesi\/\" \/>\n<meta property=\"article:modified_time\" content=\"2026-02-09T07:27:45+00:00\" \/>\n<meta property=\"og:image\" content=\"https:\/\/sakipsabancimuzesi.org\/shop\/wp-content\/uploads\/2024\/12\/GB_cocuk.jpg\" \/>\n\t<meta property=\"og:image:width\" content=\"1280\" \/>\n\t<meta property=\"og:image:height\" content=\"1600\" \/>\n\t<meta property=\"og:image:type\" content=\"image\/jpeg\" \/>\n<meta name=\"twitter:card\" content=\"summary_large_image\" \/>\n<meta name=\"twitter:label1\" content=\"Tahmini okuma s\u00fcresi\" \/>\n\t<meta name=\"twitter:data1\" content=\"1 dakika\" \/>\n<script type=\"application\/ld+json\" class=\"yoast-schema-graph\">{\"@context\":\"https:\/\/schema.org\",\"@graph\":[{\"@type\":\"WebPage\",\"@id\":\"https:\/\/sakipsabancimuzesi.org\/shop\/urun\/yayin-ve-multimedya\/cocuk-kitaplari\/tanistirayim-baselitz\/\",\"url\":\"https:\/\/sakipsabancimuzesi.org\/shop\/urun\/yayin-ve-multimedya\/cocuk-kitaplari\/tanistirayim-baselitz\/\",\"name\":\"Tan\u0131\u015ft\u0131ray\u0131m Baselitz - SSM Shop\",\"isPartOf\":{\"@id\":\"https:\/\/sakipsabancimuzesi.org\/shop\/#website\"},\"primaryImageOfPage\":{\"@id\":\"https:\/\/sakipsabancimuzesi.org\/shop\/urun\/yayin-ve-multimedya\/cocuk-kitaplari\/tanistirayim-baselitz\/#primaryimage\"},\"image\":{\"@id\":\"https:\/\/sakipsabancimuzesi.org\/shop\/urun\/yayin-ve-multimedya\/cocuk-kitaplari\/tanistirayim-baselitz\/#primaryimage\"},\"thumbnailUrl\":\"https:\/\/sakipsabancimuzesi.org\/shop\/wp-content\/uploads\/2024\/12\/GB_cocuk.jpg\",\"datePublished\":\"2024-12-10T10:53:35+00:00\",\"dateModified\":\"2026-02-09T07:27:45+00:00\",\"breadcrumb\":{\"@id\":\"https:\/\/sakipsabancimuzesi.org\/shop\/urun\/yayin-ve-multimedya\/cocuk-kitaplari\/tanistirayim-baselitz\/#breadcrumb\"},\"inLanguage\":\"tr\",\"potentialAction\":[{\"@type\":\"ReadAction\",\"target\":[\"https:\/\/sakipsabancimuzesi.org\/shop\/urun\/yayin-ve-multimedya\/cocuk-kitaplari\/tanistirayim-baselitz\/\"]}]},{\"@type\":\"ImageObject\",\"inLanguage\":\"tr\",\"@id\":\"https:\/\/sakipsabancimuzesi.org\/shop\/urun\/yayin-ve-multimedya\/cocuk-kitaplari\/tanistirayim-baselitz\/#primaryimage\",\"url\":\"https:\/\/sakipsabancimuzesi.org\/shop\/wp-content\/uploads\/2024\/12\/GB_cocuk.jpg\",\"contentUrl\":\"https:\/\/sakipsabancimuzesi.org\/shop\/wp-content\/uploads\/2024\/12\/GB_cocuk.jpg\",\"width\":1280,\"height\":1600},{\"@type\":\"BreadcrumbList\",\"@id\":\"https:\/\/sakipsabancimuzesi.org\/shop\/urun\/yayin-ve-multimedya\/cocuk-kitaplari\/tanistirayim-baselitz\/#breadcrumb\",\"itemListElement\":[{\"@type\":\"ListItem\",\"position\":1,\"name\":\"Ana sayfa\",\"item\":\"https:\/\/sakipsabancimuzesi.org\/shop\/\"},{\"@type\":\"ListItem\",\"position\":2,\"name\":\"Shop\",\"item\":\"https:\/\/sakipsabancimuzesi.org\/shop\/shop\/\"},{\"@type\":\"ListItem\",\"position\":3,\"name\":\"Tan\u0131\u015ft\u0131ray\u0131m Baselitz\"}]},{\"@type\":\"WebSite\",\"@id\":\"https:\/\/sakipsabancimuzesi.org\/shop\/#website\",\"url\":\"https:\/\/sakipsabancimuzesi.org\/shop\/\",\"name\":\"SSM Shop\",\"description\":\"Sak\u0131p Sabanc\u0131 M\u00fczesi, Ma\u011faza\",\"publisher\":{\"@id\":\"https:\/\/sakipsabancimuzesi.org\/shop\/#organization\"},\"potentialAction\":[{\"@type\":\"SearchAction\",\"target\":{\"@type\":\"EntryPoint\",\"urlTemplate\":\"https:\/\/sakipsabancimuzesi.org\/shop\/?s={search_term_string}\"},\"query-input\":{\"@type\":\"PropertyValueSpecification\",\"valueRequired\":true,\"valueName\":\"search_term_string\"}}],\"inLanguage\":\"tr\"},{\"@type\":\"Organization\",\"@id\":\"https:\/\/sakipsabancimuzesi.org\/shop\/#organization\",\"name\":\"SSM Shop\",\"url\":\"https:\/\/sakipsabancimuzesi.org\/shop\/\",\"logo\":{\"@type\":\"ImageObject\",\"inLanguage\":\"tr\",\"@id\":\"https:\/\/sakipsabancimuzesi.org\/shop\/#\/schema\/logo\/image\/\",\"url\":\"https:\/\/sakipsabancimuzesi.org\/shop\/wp-content\/uploads\/2019\/11\/logo.png\",\"contentUrl\":\"https:\/\/sakipsabancimuzesi.org\/shop\/wp-content\/uploads\/2019\/11\/logo.png\",\"width\":227,\"height\":87,\"caption\":\"SSM Shop\"},\"image\":{\"@id\":\"https:\/\/sakipsabancimuzesi.org\/shop\/#\/schema\/logo\/image\/\"},\"sameAs\":[\"https:\/\/www.facebook.com\/SakipSabanciMuzesi\/\"]}]}<\/script>\n<!-- \/ Yoast SEO plugin. -->","yoast_head_json":{"title":"Tan\u0131\u015ft\u0131ray\u0131m Baselitz - SSM Shop","robots":{"index":"index","follow":"follow","max-snippet":"max-snippet:-1","max-image-preview":"max-image-preview:large","max-video-preview":"max-video-preview:-1"},"canonical":"https:\/\/sakipsabancimuzesi.org\/shop\/urun\/yayin-ve-multimedya\/cocuk-kitaplari\/tanistirayim-baselitz\/","og_locale":"tr_TR","og_type":"article","og_title":"Tan\u0131\u015ft\u0131ray\u0131m Baselitz - SSM Shop","og_description":"Tan\u0131\u015ft\u0131ray\u0131m; Baselitz! Sak\u0131p Sabanc\u0131 M\u00fczesi, \u00e7ocuklar\u0131 sanat\u0131n b\u00fcy\u00fcl\u00fc d\u00fcnyas\u0131nda ilham verici bir yolculu\u011fa davet ediyor! Tan\u0131\u015ft\u0131ray\u0131m; Baselitz kitab\u0131yla, \u00fcnl\u00fc sanat\u00e7\u0131 Georg Baselitz\u2019in renkli ve s\u0131ra d\u0131\u015f\u0131 d\u00fcnyas\u0131n\u0131 \u00e7ocuklu\u011fundan ba\u015flayarak bir yolculukla ke\u015ffet! Onun benzersiz bak\u0131\u015f a\u00e7\u0131s\u0131n\u0131 ve eserlerindeki s\u00fcrpriz dolu hik\u00e2yeleri \u00f6\u011frenirken, hayal g\u00fcc\u00fcn\u00fcn s\u0131n\u0131rlar\u0131n\u0131 zorlayabilirsin! Sanata dair bu heyecan verici macera i\u00e7in tek ihtiyac\u0131n\u00a0yarat\u0131c\u0131l\u0131k! [...]","og_url":"https:\/\/sakipsabancimuzesi.org\/shop\/urun\/yayin-ve-multimedya\/cocuk-kitaplari\/tanistirayim-baselitz\/","og_site_name":"SSM Shop","article_publisher":"https:\/\/www.facebook.com\/SakipSabanciMuzesi\/","article_modified_time":"2026-02-09T07:27:45+00:00","og_image":[{"width":1280,"height":1600,"url":"https:\/\/sakipsabancimuzesi.org\/shop\/wp-content\/uploads\/2024\/12\/GB_cocuk.jpg","type":"image\/jpeg"}],"twitter_card":"summary_large_image","twitter_misc":{"Tahmini okuma s\u00fcresi":"1 dakika"},"schema":{"@context":"https:\/\/schema.org","@graph":[{"@type":"WebPage","@id":"https:\/\/sakipsabancimuzesi.org\/shop\/urun\/yayin-ve-multimedya\/cocuk-kitaplari\/tanistirayim-baselitz\/","url":"https:\/\/sakipsabancimuzesi.org\/shop\/urun\/yayin-ve-multimedya\/cocuk-kitaplari\/tanistirayim-baselitz\/","name":"Tan\u0131\u015ft\u0131ray\u0131m Baselitz - SSM Shop","isPartOf":{"@id":"https:\/\/sakipsabancimuzesi.org\/shop\/#website"},"primaryImageOfPage":{"@id":"https:\/\/sakipsabancimuzesi.org\/shop\/urun\/yayin-ve-multimedya\/cocuk-kitaplari\/tanistirayim-baselitz\/#primaryimage"},"image":{"@id":"https:\/\/sakipsabancimuzesi.org\/shop\/urun\/yayin-ve-multimedya\/cocuk-kitaplari\/tanistirayim-baselitz\/#primaryimage"},"thumbnailUrl":"https:\/\/sakipsabancimuzesi.org\/shop\/wp-content\/uploads\/2024\/12\/GB_cocuk.jpg","datePublished":"2024-12-10T10:53:35+00:00","dateModified":"2026-02-09T07:27:45+00:00","breadcrumb":{"@id":"https:\/\/sakipsabancimuzesi.org\/shop\/urun\/yayin-ve-multimedya\/cocuk-kitaplari\/tanistirayim-baselitz\/#breadcrumb"},"inLanguage":"tr","potentialAction":[{"@type":"ReadAction","target":["https:\/\/sakipsabancimuzesi.org\/shop\/urun\/yayin-ve-multimedya\/cocuk-kitaplari\/tanistirayim-baselitz\/"]}]},{"@type":"ImageObject","inLanguage":"tr","@id":"https:\/\/sakipsabancimuzesi.org\/shop\/urun\/yayin-ve-multimedya\/cocuk-kitaplari\/tanistirayim-baselitz\/#primaryimage","url":"https:\/\/sakipsabancimuzesi.org\/shop\/wp-content\/uploads\/2024\/12\/GB_cocuk.jpg","contentUrl":"https:\/\/sakipsabancimuzesi.org\/shop\/wp-content\/uploads\/2024\/12\/GB_cocuk.jpg","width":1280,"height":1600},{"@type":"BreadcrumbList","@id":"https:\/\/sakipsabancimuzesi.org\/shop\/urun\/yayin-ve-multimedya\/cocuk-kitaplari\/tanistirayim-baselitz\/#breadcrumb","itemListElement":[{"@type":"ListItem","position":1,"name":"Ana sayfa","item":"https:\/\/sakipsabancimuzesi.org\/shop\/"},{"@type":"ListItem","position":2,"name":"Shop","item":"https:\/\/sakipsabancimuzesi.org\/shop\/shop\/"},{"@type":"ListItem","position":3,"name":"Tan\u0131\u015ft\u0131ray\u0131m Baselitz"}]},{"@type":"WebSite","@id":"https:\/\/sakipsabancimuzesi.org\/shop\/#website","url":"https:\/\/sakipsabancimuzesi.org\/shop\/","name":"SSM Shop","description":"Sak\u0131p Sabanc\u0131 M\u00fczesi, Ma\u011faza","publisher":{"@id":"https:\/\/sakipsabancimuzesi.org\/shop\/#organization"},"potentialAction":[{"@type":"SearchAction","target":{"@type":"EntryPoint","urlTemplate":"https:\/\/sakipsabancimuzesi.org\/shop\/?s={search_term_string}"},"query-input":{"@type":"PropertyValueSpecification","valueRequired":true,"valueName":"search_term_string"}}],"inLanguage":"tr"},{"@type":"Organization","@id":"https:\/\/sakipsabancimuzesi.org\/shop\/#organization","name":"SSM Shop","url":"https:\/\/sakipsabancimuzesi.org\/shop\/","logo":{"@type":"ImageObject","inLanguage":"tr","@id":"https:\/\/sakipsabancimuzesi.org\/shop\/#\/schema\/logo\/image\/","url":"https:\/\/sakipsabancimuzesi.org\/shop\/wp-content\/uploads\/2019\/11\/logo.png","contentUrl":"https:\/\/sakipsabancimuzesi.org\/shop\/wp-content\/uploads\/2019\/11\/logo.png","width":227,"height":87,"caption":"SSM Shop"},"image":{"@id":"https:\/\/sakipsabancimuzesi.org\/shop\/#\/schema\/logo\/image\/"},"sameAs":["https:\/\/www.facebook.com\/SakipSabanciMuzesi\/"]}]}},"jetpack_sharing_enabled":true,"_links":{"self":[{"href":"https:\/\/sakipsabancimuzesi.org\/shop\/wp-json\/wp\/v2\/product\/269076","targetHints":{"allow":["GET"]}}],"collection":[{"href":"https:\/\/sakipsabancimuzesi.org\/shop\/wp-json\/wp\/v2\/product"}],"about":[{"href":"https:\/\/sakipsabancimuzesi.org\/shop\/wp-json\/wp\/v2\/types\/product"}],"wp:featuredmedia":[{"embeddable":true,"href":"https:\/\/sakipsabancimuzesi.org\/shop\/wp-json\/wp\/v2\/media\/269077"}],"wp:attachment":[{"href":"https:\/\/sakipsabancimuzesi.org\/shop\/wp-json\/wp\/v2\/media?parent=269076"}],"wp:term":[{"taxonomy":"product_brand","embeddable":true,"href":"https:\/\/sakipsabancimuzesi.org\/shop\/wp-json\/wp\/v2\/product_brand?post=269076"},{"taxonomy":"product_cat","embeddable":true,"href":"https:\/\/sakipsabancimuzesi.org\/shop\/wp-json\/wp\/v2\/product_cat?post=269076"},{"taxonomy":"product_tag","embeddable":true,"href":"https:\/\/sakipsabancimuzesi.org\/shop\/wp-json\/wp\/v2\/product_tag?post=269076"},{"taxonomy":"woo-feed-brand","embeddable":true,"href":"https:\/\/sakipsabancimuzesi.org\/shop\/wp-json\/wp\/v2\/woo-feed-brand?post=269076"}],"curies":[{"name":"wp","href":"https:\/\/api.w.org\/{rel}","templated":true}]}}