{"id":269104,"date":"2024-12-17T15:25:45","date_gmt":"2024-12-17T12:25:45","guid":{"rendered":"https:\/\/sakipsabancimuzesi.org\/shop\/?post_type=product&#038;p=269104"},"modified":"2024-12-20T10:47:54","modified_gmt":"2024-12-20T07:47:54","slug":"tanistirayim-baselitz-cocuklar-icin-sanat-ve-hikaye-yolculugu","status":"publish","type":"product","link":"https:\/\/sakipsabancimuzesi.org\/shop\/urun\/kategorilenmemis\/tanistirayim-baselitz-cocuklar-icin-sanat-ve-hikaye-yolculugu\/","title":{"rendered":"Tan\u0131\u015ft\u0131ray\u0131m; Baselitz: \u00c7ocuklar \u0130\u00e7in Sanat ve Hik\u00e2ye Yolculu\u011fu"},"content":{"rendered":"<p><strong>Tan\u0131\u015ft\u0131ray\u0131m; Baselitz: \u00c7ocuklar \u0130\u00e7in Sanat ve Hik\u00e2ye Yolculu\u011fu<\/strong><\/p>\n<p>Sak\u0131p Sabanc\u0131 M\u00fczesi, \u00e7ocuklar\u0131 sanat\u0131n b\u00fcy\u00fcl\u00fc d\u00fcnyas\u0131yla bulu\u015fturmaya devam ediyor!<\/p>\n<p>\u015eimdi, sizleri\u00a0<strong>Tan\u0131\u015ft\u0131ray\u0131m; Baselitz<\/strong>\u00a0adl\u0131 \u00e7ocuk kitab\u0131yla e\u015fsiz bir maceraya davet ediyoruz. Kitab\u0131n yazar\u0131 ve hik\u00e2ye anlat\u0131c\u0131s\u0131\u00a0<strong>G\u00fcl\u00e7in Uslu<\/strong>, kat\u0131l\u0131mc\u0131lar\u0131 kitab\u0131n hayal d\u00fcnyas\u0131nda keyifli bir yolculu\u011fa \u00e7\u0131kar\u0131yor. \u00a0Kitab\u0131n izini s\u00fcren bu ilham verici etkinlik, devam\u0131nda <em>Georg Baselitz: Son On Y\u0131l<\/em> sergisini beraber gezerek sanat\u0131 yerinde deneyimleme olana\u011f\u0131 sa\u011fl\u0131yor.<\/p>\n<p>Sanat\u0131, hik\u00e2ye anlat\u0131m\u0131n\u0131 ve hayal g\u00fcc\u00fcn\u00fc bir araya getiren bu \u00f6zel g\u00fcn, \u00e7ocuklar\u0131n\u0131z i\u00e7in unutulmaz bir deneyim olacak.<\/p>\n<p><strong>\u00a0<\/strong><strong>Detaylar:<\/strong><\/p>\n<ul>\n<li>21 Aral\u0131k 2024, Cumartesi<\/li>\n<li>Saat: 12:00 \u2013 13:30 veya 14:00 \u2013 15.30<\/li>\n<li>Etkinlik \u00fccretsizdir, ancak kontenjan s\u0131n\u0131rl\u0131d\u0131r.<\/li>\n<li>Ebeveynlerin m\u00fcze giri\u015f bileti almas\u0131 gerekmektedir.<\/li>\n<\/ul>\n","protected":false},"excerpt":{"rendered":"<p>5-10 ya\u015f i\u00e7in uygundur.<\/p>\n","protected":false},"featured_media":269106,"template":"","meta":{"_exactmetrics_skip_tracking":false,"_exactmetrics_sitenote_active":false,"_exactmetrics_sitenote_note":"","_exactmetrics_sitenote_category":0},"product_brand":[],"product_cat":[],"product_tag":[],"woo-feed-brand":[],"class_list":{"0":"post-269104","1":"product","2":"type-product","3":"status-publish","4":"has-post-thumbnail","7":"first","8":"instock","9":"sold-individually","10":"taxable","11":"shipping-taxable","12":"purchasable","13":"product-type-variable"},"yoast_head":"<!-- This site is optimized with the Yoast SEO plugin v27.1.1 - https:\/\/yoast.com\/product\/yoast-seo-wordpress\/ -->\n<title>Tan\u0131\u015ft\u0131ray\u0131m; Baselitz: \u00c7ocuklar \u0130\u00e7in Sanat ve Hik\u00e2ye Yolculu\u011fu - SSM Shop<\/title>\n<meta name=\"robots\" content=\"index, follow, max-snippet:-1, max-image-preview:large, max-video-preview:-1\" \/>\n<link rel=\"canonical\" href=\"https:\/\/sakipsabancimuzesi.org\/shop\/urun\/egitim-ve-etkinlik\/ogrenme-programlari\/cocuk-ogrenme-programlari\/tanistirayim-baselitz-cocuklar-icin-sanat-ve-hikaye-yolculugu\/\" \/>\n<meta property=\"og:locale\" content=\"tr_TR\" \/>\n<meta property=\"og:type\" content=\"article\" \/>\n<meta property=\"og:title\" content=\"Tan\u0131\u015ft\u0131ray\u0131m; Baselitz: \u00c7ocuklar \u0130\u00e7in Sanat ve Hik\u00e2ye Yolculu\u011fu - SSM Shop\" \/>\n<meta property=\"og:description\" content=\"5-10 ya\u015f i\u00e7in uygundur.\" \/>\n<meta property=\"og:url\" content=\"https:\/\/sakipsabancimuzesi.org\/shop\/urun\/egitim-ve-etkinlik\/ogrenme-programlari\/cocuk-ogrenme-programlari\/tanistirayim-baselitz-cocuklar-icin-sanat-ve-hikaye-yolculugu\/\" \/>\n<meta property=\"og:site_name\" content=\"SSM Shop\" \/>\n<meta property=\"article:publisher\" content=\"https:\/\/www.facebook.com\/SakipSabanciMuzesi\/\" \/>\n<meta property=\"article:modified_time\" content=\"2024-12-20T07:47:54+00:00\" \/>\n<meta property=\"og:image\" content=\"https:\/\/sakipsabancimuzesi.org\/shop\/wp-content\/uploads\/2024\/12\/SSM-MAGAZA_WEB_1080X1080-2.jpg\" \/>\n\t<meta property=\"og:image:width\" content=\"1080\" \/>\n\t<meta property=\"og:image:height\" content=\"1080\" \/>\n\t<meta property=\"og:image:type\" content=\"image\/jpeg\" \/>\n<meta name=\"twitter:card\" content=\"summary_large_image\" \/>\n<meta name=\"twitter:label1\" content=\"Tahmini okuma s\u00fcresi\" \/>\n\t<meta name=\"twitter:data1\" content=\"1 dakika\" \/>\n<script type=\"application\/ld+json\" class=\"yoast-schema-graph\">{\"@context\":\"https:\/\/schema.org\",\"@graph\":[{\"@type\":\"WebPage\",\"@id\":\"https:\/\/sakipsabancimuzesi.org\/shop\/urun\/egitim-ve-etkinlik\/ogrenme-programlari\/cocuk-ogrenme-programlari\/tanistirayim-baselitz-cocuklar-icin-sanat-ve-hikaye-yolculugu\/\",\"url\":\"https:\/\/sakipsabancimuzesi.org\/shop\/urun\/egitim-ve-etkinlik\/ogrenme-programlari\/cocuk-ogrenme-programlari\/tanistirayim-baselitz-cocuklar-icin-sanat-ve-hikaye-yolculugu\/\",\"name\":\"Tan\u0131\u015ft\u0131ray\u0131m; Baselitz: \u00c7ocuklar \u0130\u00e7in Sanat ve Hik\u00e2ye Yolculu\u011fu - SSM Shop\",\"isPartOf\":{\"@id\":\"https:\/\/sakipsabancimuzesi.org\/shop\/#website\"},\"primaryImageOfPage\":{\"@id\":\"https:\/\/sakipsabancimuzesi.org\/shop\/urun\/egitim-ve-etkinlik\/ogrenme-programlari\/cocuk-ogrenme-programlari\/tanistirayim-baselitz-cocuklar-icin-sanat-ve-hikaye-yolculugu\/#primaryimage\"},\"image\":{\"@id\":\"https:\/\/sakipsabancimuzesi.org\/shop\/urun\/egitim-ve-etkinlik\/ogrenme-programlari\/cocuk-ogrenme-programlari\/tanistirayim-baselitz-cocuklar-icin-sanat-ve-hikaye-yolculugu\/#primaryimage\"},\"thumbnailUrl\":\"https:\/\/sakipsabancimuzesi.org\/shop\/wp-content\/uploads\/2024\/12\/SSM-MAGAZA_WEB_1080X1080-2.jpg\",\"datePublished\":\"2024-12-17T12:25:45+00:00\",\"dateModified\":\"2024-12-20T07:47:54+00:00\",\"breadcrumb\":{\"@id\":\"https:\/\/sakipsabancimuzesi.org\/shop\/urun\/egitim-ve-etkinlik\/ogrenme-programlari\/cocuk-ogrenme-programlari\/tanistirayim-baselitz-cocuklar-icin-sanat-ve-hikaye-yolculugu\/#breadcrumb\"},\"inLanguage\":\"tr\",\"potentialAction\":[{\"@type\":\"ReadAction\",\"target\":[\"https:\/\/sakipsabancimuzesi.org\/shop\/urun\/egitim-ve-etkinlik\/ogrenme-programlari\/cocuk-ogrenme-programlari\/tanistirayim-baselitz-cocuklar-icin-sanat-ve-hikaye-yolculugu\/\"]}]},{\"@type\":\"ImageObject\",\"inLanguage\":\"tr\",\"@id\":\"https:\/\/sakipsabancimuzesi.org\/shop\/urun\/egitim-ve-etkinlik\/ogrenme-programlari\/cocuk-ogrenme-programlari\/tanistirayim-baselitz-cocuklar-icin-sanat-ve-hikaye-yolculugu\/#primaryimage\",\"url\":\"https:\/\/sakipsabancimuzesi.org\/shop\/wp-content\/uploads\/2024\/12\/SSM-MAGAZA_WEB_1080X1080-2.jpg\",\"contentUrl\":\"https:\/\/sakipsabancimuzesi.org\/shop\/wp-content\/uploads\/2024\/12\/SSM-MAGAZA_WEB_1080X1080-2.jpg\",\"width\":1080,\"height\":1080},{\"@type\":\"BreadcrumbList\",\"@id\":\"https:\/\/sakipsabancimuzesi.org\/shop\/urun\/egitim-ve-etkinlik\/ogrenme-programlari\/cocuk-ogrenme-programlari\/tanistirayim-baselitz-cocuklar-icin-sanat-ve-hikaye-yolculugu\/#breadcrumb\",\"itemListElement\":[{\"@type\":\"ListItem\",\"position\":1,\"name\":\"Ana sayfa\",\"item\":\"https:\/\/sakipsabancimuzesi.org\/shop\/\"},{\"@type\":\"ListItem\",\"position\":2,\"name\":\"Shop\",\"item\":\"https:\/\/sakipsabancimuzesi.org\/shop\/shop\/\"},{\"@type\":\"ListItem\",\"position\":3,\"name\":\"Tan\u0131\u015ft\u0131ray\u0131m; Baselitz: \u00c7ocuklar \u0130\u00e7in Sanat ve Hik\u00e2ye Yolculu\u011fu\"}]},{\"@type\":\"WebSite\",\"@id\":\"https:\/\/sakipsabancimuzesi.org\/shop\/#website\",\"url\":\"https:\/\/sakipsabancimuzesi.org\/shop\/\",\"name\":\"SSM Shop\",\"description\":\"Sak\u0131p Sabanc\u0131 M\u00fczesi, Ma\u011faza\",\"publisher\":{\"@id\":\"https:\/\/sakipsabancimuzesi.org\/shop\/#organization\"},\"potentialAction\":[{\"@type\":\"SearchAction\",\"target\":{\"@type\":\"EntryPoint\",\"urlTemplate\":\"https:\/\/sakipsabancimuzesi.org\/shop\/?s={search_term_string}\"},\"query-input\":{\"@type\":\"PropertyValueSpecification\",\"valueRequired\":true,\"valueName\":\"search_term_string\"}}],\"inLanguage\":\"tr\"},{\"@type\":\"Organization\",\"@id\":\"https:\/\/sakipsabancimuzesi.org\/shop\/#organization\",\"name\":\"SSM Shop\",\"url\":\"https:\/\/sakipsabancimuzesi.org\/shop\/\",\"logo\":{\"@type\":\"ImageObject\",\"inLanguage\":\"tr\",\"@id\":\"https:\/\/sakipsabancimuzesi.org\/shop\/#\/schema\/logo\/image\/\",\"url\":\"https:\/\/sakipsabancimuzesi.org\/shop\/wp-content\/uploads\/2019\/11\/logo.png\",\"contentUrl\":\"https:\/\/sakipsabancimuzesi.org\/shop\/wp-content\/uploads\/2019\/11\/logo.png\",\"width\":227,\"height\":87,\"caption\":\"SSM Shop\"},\"image\":{\"@id\":\"https:\/\/sakipsabancimuzesi.org\/shop\/#\/schema\/logo\/image\/\"},\"sameAs\":[\"https:\/\/www.facebook.com\/SakipSabanciMuzesi\/\"]}]}<\/script>\n<!-- \/ Yoast SEO plugin. -->","yoast_head_json":{"title":"Tan\u0131\u015ft\u0131ray\u0131m; Baselitz: \u00c7ocuklar \u0130\u00e7in Sanat ve Hik\u00e2ye Yolculu\u011fu - SSM Shop","robots":{"index":"index","follow":"follow","max-snippet":"max-snippet:-1","max-image-preview":"max-image-preview:large","max-video-preview":"max-video-preview:-1"},"canonical":"https:\/\/sakipsabancimuzesi.org\/shop\/urun\/egitim-ve-etkinlik\/ogrenme-programlari\/cocuk-ogrenme-programlari\/tanistirayim-baselitz-cocuklar-icin-sanat-ve-hikaye-yolculugu\/","og_locale":"tr_TR","og_type":"article","og_title":"Tan\u0131\u015ft\u0131ray\u0131m; Baselitz: \u00c7ocuklar \u0130\u00e7in Sanat ve Hik\u00e2ye Yolculu\u011fu - SSM Shop","og_description":"5-10 ya\u015f i\u00e7in uygundur.","og_url":"https:\/\/sakipsabancimuzesi.org\/shop\/urun\/egitim-ve-etkinlik\/ogrenme-programlari\/cocuk-ogrenme-programlari\/tanistirayim-baselitz-cocuklar-icin-sanat-ve-hikaye-yolculugu\/","og_site_name":"SSM Shop","article_publisher":"https:\/\/www.facebook.com\/SakipSabanciMuzesi\/","article_modified_time":"2024-12-20T07:47:54+00:00","og_image":[{"width":1080,"height":1080,"url":"https:\/\/sakipsabancimuzesi.org\/shop\/wp-content\/uploads\/2024\/12\/SSM-MAGAZA_WEB_1080X1080-2.jpg","type":"image\/jpeg"}],"twitter_card":"summary_large_image","twitter_misc":{"Tahmini okuma s\u00fcresi":"1 dakika"},"schema":{"@context":"https:\/\/schema.org","@graph":[{"@type":"WebPage","@id":"https:\/\/sakipsabancimuzesi.org\/shop\/urun\/egitim-ve-etkinlik\/ogrenme-programlari\/cocuk-ogrenme-programlari\/tanistirayim-baselitz-cocuklar-icin-sanat-ve-hikaye-yolculugu\/","url":"https:\/\/sakipsabancimuzesi.org\/shop\/urun\/egitim-ve-etkinlik\/ogrenme-programlari\/cocuk-ogrenme-programlari\/tanistirayim-baselitz-cocuklar-icin-sanat-ve-hikaye-yolculugu\/","name":"Tan\u0131\u015ft\u0131ray\u0131m; Baselitz: \u00c7ocuklar \u0130\u00e7in Sanat ve Hik\u00e2ye Yolculu\u011fu - SSM Shop","isPartOf":{"@id":"https:\/\/sakipsabancimuzesi.org\/shop\/#website"},"primaryImageOfPage":{"@id":"https:\/\/sakipsabancimuzesi.org\/shop\/urun\/egitim-ve-etkinlik\/ogrenme-programlari\/cocuk-ogrenme-programlari\/tanistirayim-baselitz-cocuklar-icin-sanat-ve-hikaye-yolculugu\/#primaryimage"},"image":{"@id":"https:\/\/sakipsabancimuzesi.org\/shop\/urun\/egitim-ve-etkinlik\/ogrenme-programlari\/cocuk-ogrenme-programlari\/tanistirayim-baselitz-cocuklar-icin-sanat-ve-hikaye-yolculugu\/#primaryimage"},"thumbnailUrl":"https:\/\/sakipsabancimuzesi.org\/shop\/wp-content\/uploads\/2024\/12\/SSM-MAGAZA_WEB_1080X1080-2.jpg","datePublished":"2024-12-17T12:25:45+00:00","dateModified":"2024-12-20T07:47:54+00:00","breadcrumb":{"@id":"https:\/\/sakipsabancimuzesi.org\/shop\/urun\/egitim-ve-etkinlik\/ogrenme-programlari\/cocuk-ogrenme-programlari\/tanistirayim-baselitz-cocuklar-icin-sanat-ve-hikaye-yolculugu\/#breadcrumb"},"inLanguage":"tr","potentialAction":[{"@type":"ReadAction","target":["https:\/\/sakipsabancimuzesi.org\/shop\/urun\/egitim-ve-etkinlik\/ogrenme-programlari\/cocuk-ogrenme-programlari\/tanistirayim-baselitz-cocuklar-icin-sanat-ve-hikaye-yolculugu\/"]}]},{"@type":"ImageObject","inLanguage":"tr","@id":"https:\/\/sakipsabancimuzesi.org\/shop\/urun\/egitim-ve-etkinlik\/ogrenme-programlari\/cocuk-ogrenme-programlari\/tanistirayim-baselitz-cocuklar-icin-sanat-ve-hikaye-yolculugu\/#primaryimage","url":"https:\/\/sakipsabancimuzesi.org\/shop\/wp-content\/uploads\/2024\/12\/SSM-MAGAZA_WEB_1080X1080-2.jpg","contentUrl":"https:\/\/sakipsabancimuzesi.org\/shop\/wp-content\/uploads\/2024\/12\/SSM-MAGAZA_WEB_1080X1080-2.jpg","width":1080,"height":1080},{"@type":"BreadcrumbList","@id":"https:\/\/sakipsabancimuzesi.org\/shop\/urun\/egitim-ve-etkinlik\/ogrenme-programlari\/cocuk-ogrenme-programlari\/tanistirayim-baselitz-cocuklar-icin-sanat-ve-hikaye-yolculugu\/#breadcrumb","itemListElement":[{"@type":"ListItem","position":1,"name":"Ana sayfa","item":"https:\/\/sakipsabancimuzesi.org\/shop\/"},{"@type":"ListItem","position":2,"name":"Shop","item":"https:\/\/sakipsabancimuzesi.org\/shop\/shop\/"},{"@type":"ListItem","position":3,"name":"Tan\u0131\u015ft\u0131ray\u0131m; Baselitz: \u00c7ocuklar \u0130\u00e7in Sanat ve Hik\u00e2ye Yolculu\u011fu"}]},{"@type":"WebSite","@id":"https:\/\/sakipsabancimuzesi.org\/shop\/#website","url":"https:\/\/sakipsabancimuzesi.org\/shop\/","name":"SSM Shop","description":"Sak\u0131p Sabanc\u0131 M\u00fczesi, Ma\u011faza","publisher":{"@id":"https:\/\/sakipsabancimuzesi.org\/shop\/#organization"},"potentialAction":[{"@type":"SearchAction","target":{"@type":"EntryPoint","urlTemplate":"https:\/\/sakipsabancimuzesi.org\/shop\/?s={search_term_string}"},"query-input":{"@type":"PropertyValueSpecification","valueRequired":true,"valueName":"search_term_string"}}],"inLanguage":"tr"},{"@type":"Organization","@id":"https:\/\/sakipsabancimuzesi.org\/shop\/#organization","name":"SSM Shop","url":"https:\/\/sakipsabancimuzesi.org\/shop\/","logo":{"@type":"ImageObject","inLanguage":"tr","@id":"https:\/\/sakipsabancimuzesi.org\/shop\/#\/schema\/logo\/image\/","url":"https:\/\/sakipsabancimuzesi.org\/shop\/wp-content\/uploads\/2019\/11\/logo.png","contentUrl":"https:\/\/sakipsabancimuzesi.org\/shop\/wp-content\/uploads\/2019\/11\/logo.png","width":227,"height":87,"caption":"SSM Shop"},"image":{"@id":"https:\/\/sakipsabancimuzesi.org\/shop\/#\/schema\/logo\/image\/"},"sameAs":["https:\/\/www.facebook.com\/SakipSabanciMuzesi\/"]}]}},"jetpack_sharing_enabled":true,"_links":{"self":[{"href":"https:\/\/sakipsabancimuzesi.org\/shop\/wp-json\/wp\/v2\/product\/269104","targetHints":{"allow":["GET"]}}],"collection":[{"href":"https:\/\/sakipsabancimuzesi.org\/shop\/wp-json\/wp\/v2\/product"}],"about":[{"href":"https:\/\/sakipsabancimuzesi.org\/shop\/wp-json\/wp\/v2\/types\/product"}],"wp:featuredmedia":[{"embeddable":true,"href":"https:\/\/sakipsabancimuzesi.org\/shop\/wp-json\/wp\/v2\/media\/269106"}],"wp:attachment":[{"href":"https:\/\/sakipsabancimuzesi.org\/shop\/wp-json\/wp\/v2\/media?parent=269104"}],"wp:term":[{"taxonomy":"product_brand","embeddable":true,"href":"https:\/\/sakipsabancimuzesi.org\/shop\/wp-json\/wp\/v2\/product_brand?post=269104"},{"taxonomy":"product_cat","embeddable":true,"href":"https:\/\/sakipsabancimuzesi.org\/shop\/wp-json\/wp\/v2\/product_cat?post=269104"},{"taxonomy":"product_tag","embeddable":true,"href":"https:\/\/sakipsabancimuzesi.org\/shop\/wp-json\/wp\/v2\/product_tag?post=269104"},{"taxonomy":"woo-feed-brand","embeddable":true,"href":"https:\/\/sakipsabancimuzesi.org\/shop\/wp-json\/wp\/v2\/woo-feed-brand?post=269104"}],"curies":[{"name":"wp","href":"https:\/\/api.w.org\/{rel}","templated":true}]}}