{"id":269415,"date":"2025-07-30T11:31:59","date_gmt":"2025-07-30T08:31:59","guid":{"rendered":"https:\/\/sakipsabancimuzesi.org\/shop\/?post_type=product&#038;p=269415"},"modified":"2026-04-30T14:43:26","modified_gmt":"2026-04-30T11:43:26","slug":"oyun-atlasi-9-tas","status":"publish","type":"product","link":"https:\/\/sakipsabancimuzesi.org\/shop\/urun\/cocuk-ve-oyun\/aktivite\/oyun-atlasi-9-tas\/","title":{"rendered":"Oyun Atlas\u0131 &#8211; 9 Ta\u015f"},"content":{"rendered":"<p><strong>Oyun Atlas\u0131;\u00a0<\/strong>antik ve geleneksel oyunlar\u0131 ara\u015ft\u0131ran, ar\u015fivleyen ve yeniden tasarlayarak k\u00fclt\u00fcrel \u00fcr\u00fcnlere d\u00f6n\u00fc\u015ft\u00fcren bir sosyal giri\u015fim. Oyunlara yaln\u0131zca bir e\u011flence bi\u00e7imi olarak de\u011fil; tarih, k\u00fclt\u00fcr, do\u011fa ve insanla kurulan ba\u011flar\u0131n ta\u015f\u0131y\u0131c\u0131s\u0131 olarak yakla\u015f\u0131yor. Bu yakla\u015f\u0131m\u0131yla Oyun Atlas\u0131, ge\u00e7mi\u015fin izlerini bug\u00fcn\u00fcn d\u00fcnyas\u0131nda yeniden g\u00f6r\u00fcn\u00fcr k\u0131l\u0131yor.<\/p>\n<p><strong>Sabanc\u0131 Vakf\u0131 Fark Yaratanlar Program\u0131<\/strong>\u2019n\u0131n 14. Sezon Fark Yaratanlar\u0131ndan\u00a0<strong>G\u00f6k\u00e7en G\u00f6ksel<\/strong>\u2019in \u00f6nc\u00fcl\u00fc\u011f\u00fcnde y\u00fcr\u00fcyen bu giri\u015fim, geleneksel oyunlara \u00e7a\u011fda\u015f bir soluk getiriyor.\u00a0<strong>Oyun Atlas\u0131<\/strong>\u2019n\u0131n modern yorumlar\u0131yla \u015fekillenen d\u00f6rt \u00f6zel oyun,\u00a0<strong>\u201c\u0130stanbul Koleksiyonu\u201d\u00a0<\/strong>ile kentin benzersiz atmosferini tasar\u0131mlar\u0131na yans\u0131tarak oyunseverlere sanatsal bir deneyim sunuyor.Anadolu topraklar\u0131nda oyunlar; kuma\u015flar, ta\u015flar ve tohumlarla oynanm\u0131\u015ft\u0131r. Bu gelene\u011fi ya\u015fatmak ve s\u00fcrd\u00fcr\u00fclebilir bir d\u00fcnyada oyun oynamaya devam edebilmek i\u00e7in oyunlar %100 organik kuma\u015flara aktar\u0131lm\u0131\u015f ve oyun ta\u015flar\u0131 olarak tohumlar kullan\u0131lm\u0131\u015ft\u0131r.<\/p>\n<p>Sabanc\u0131 Vakf\u0131\u2019n\u0131n 2009 y\u0131l\u0131ndan bu yana s\u00fcrd\u00fcrd\u00fc\u011f\u00fc\u00a0<strong>Fark Yaratanlar Program\u0131<\/strong>, toplumsal sorunlara yenilik\u00e7i \u00e7\u00f6z\u00fcmler \u00fcreten bireyleri ve kurumlar\u0131 g\u00f6r\u00fcn\u00fcr k\u0131lmak, desteklemek ve topluma ilham vermek amac\u0131yla hayata ge\u00e7irilmi\u015f bir platformdur. Sosyal giri\u015fimcilerden aktivistlere, de\u011fi\u015fim akt\u00f6rlerinden sosyal etki odakl\u0131 bireylere uzanan geni\u015f bir yelpazede, her biri toplumun iyili\u011fi i\u00e7in harekete ge\u00e7en bu ki\u015fi ve kurumlar, yaratt\u0131klar\u0131 sosyal etkiyle fark yarat\u0131rlar.<\/p>\n","protected":false},"excerpt":{"rendered":"<p>Antik D\u00f6nemden Modern \u00c7a\u011fa: Dokuzta\u015f<\/p>\n<p>Basit bir oyun alan\u0131nda derin bir m\u00fccadele\u2026 9 Ta\u015f, binlerce y\u0131l \u00f6ncesine uzanan k\u00f6kleriyle Antik M\u0131s\u0131r\u2019dan Roma lejyonlar\u0131na, Anadolu k\u00f6ylerinden Avrupa saraylar\u0131na kadar say\u0131s\u0131z k\u00fclt\u00fcr\u00fcn vazge\u00e7ilmezi oldu. Stratejiyi zek\u00e2yla bulu\u015fturan bu oyun; sava\u015f\u00e7\u0131lar\u0131n planlama<\/p>\n<p>yetene\u011fini geli\u015ftirdi, halk\u0131n e\u011flencesi oldu ve zamanla bir felsefeye d\u00f6n\u00fc\u015ft\u00fc. Azla \u00e7ok \u015fey ba\u015farman\u0131n, sabr\u0131n ve \u00f6ng\u00f6r\u00fcn\u00fcn sembol\u00fc haline geldi.<\/p>\n","protected":false},"featured_media":269418,"template":"","meta":{"_exactmetrics_skip_tracking":false,"_exactmetrics_sitenote_active":false,"_exactmetrics_sitenote_note":"","_exactmetrics_sitenote_category":0},"product_brand":[],"product_cat":[628,629,631],"product_tag":[797],"woo-feed-brand":[],"class_list":{"0":"post-269415","1":"product","2":"type-product","3":"status-publish","4":"has-post-thumbnail","6":"product_cat-cocuk-ve-oyun","7":"product_cat-aktivite","8":"product_cat-cocuk-oyunlari","9":"product_tag-oyunatlasi","11":"first","12":"instock","13":"taxable","14":"shipping-taxable","15":"purchasable","16":"product-type-simple"},"yoast_head":"<!-- This site is optimized with the Yoast SEO plugin v27.1.1 - https:\/\/yoast.com\/product\/yoast-seo-wordpress\/ -->\n<title>Oyun Atlas\u0131 - 9 Ta\u015f - SSM Shop<\/title>\n<meta name=\"robots\" content=\"index, follow, max-snippet:-1, max-image-preview:large, max-video-preview:-1\" \/>\n<link rel=\"canonical\" href=\"https:\/\/sakipsabancimuzesi.org\/shop\/urun\/cocuk-ve-oyun\/aktivite\/oyun-atlasi-9-tas\/\" \/>\n<meta property=\"og:locale\" content=\"tr_TR\" \/>\n<meta property=\"og:type\" content=\"article\" \/>\n<meta property=\"og:title\" content=\"Oyun Atlas\u0131 - 9 Ta\u015f - SSM Shop\" \/>\n<meta property=\"og:description\" content=\"Antik D\u00f6nemden Modern \u00c7a\u011fa: Dokuzta\u015f  Basit bir oyun alan\u0131nda derin bir m\u00fccadele\u2026 9 Ta\u015f, binlerce y\u0131l \u00f6ncesine uzanan k\u00f6kleriyle Antik M\u0131s\u0131r\u2019dan Roma lejyonlar\u0131na, Anadolu k\u00f6ylerinden Avrupa saraylar\u0131na kadar say\u0131s\u0131z k\u00fclt\u00fcr\u00fcn vazge\u00e7ilmezi oldu. Stratejiyi zek\u00e2yla bulu\u015fturan bu oyun; sava\u015f\u00e7\u0131lar\u0131n planlama  yetene\u011fini geli\u015ftirdi, halk\u0131n e\u011flencesi oldu ve zamanla bir felsefeye d\u00f6n\u00fc\u015ft\u00fc. Azla \u00e7ok \u015fey ba\u015farman\u0131n, sabr\u0131n ve \u00f6ng\u00f6r\u00fcn\u00fcn sembol\u00fc haline geldi.\" \/>\n<meta property=\"og:url\" content=\"https:\/\/sakipsabancimuzesi.org\/shop\/urun\/cocuk-ve-oyun\/aktivite\/oyun-atlasi-9-tas\/\" \/>\n<meta property=\"og:site_name\" content=\"SSM Shop\" \/>\n<meta property=\"article:publisher\" content=\"https:\/\/www.facebook.com\/SakipSabanciMuzesi\/\" \/>\n<meta property=\"article:modified_time\" content=\"2026-04-30T11:43:26+00:00\" \/>\n<meta property=\"og:image\" content=\"https:\/\/sakipsabancimuzesi.org\/shop\/wp-content\/uploads\/2025\/07\/9-tas-1min.jpg\" \/>\n\t<meta property=\"og:image:width\" content=\"1280\" \/>\n\t<meta property=\"og:image:height\" content=\"1600\" \/>\n\t<meta property=\"og:image:type\" content=\"image\/jpeg\" \/>\n<meta name=\"twitter:card\" content=\"summary_large_image\" \/>\n<meta name=\"twitter:label1\" content=\"Tahmini okuma s\u00fcresi\" \/>\n\t<meta name=\"twitter:data1\" content=\"1 dakika\" \/>\n<script type=\"application\/ld+json\" class=\"yoast-schema-graph\">{\"@context\":\"https:\/\/schema.org\",\"@graph\":[{\"@type\":\"WebPage\",\"@id\":\"https:\/\/sakipsabancimuzesi.org\/shop\/urun\/cocuk-ve-oyun\/aktivite\/oyun-atlasi-9-tas\/\",\"url\":\"https:\/\/sakipsabancimuzesi.org\/shop\/urun\/cocuk-ve-oyun\/aktivite\/oyun-atlasi-9-tas\/\",\"name\":\"Oyun Atlas\u0131 - 9 Ta\u015f - SSM Shop\",\"isPartOf\":{\"@id\":\"https:\/\/sakipsabancimuzesi.org\/shop\/#website\"},\"primaryImageOfPage\":{\"@id\":\"https:\/\/sakipsabancimuzesi.org\/shop\/urun\/cocuk-ve-oyun\/aktivite\/oyun-atlasi-9-tas\/#primaryimage\"},\"image\":{\"@id\":\"https:\/\/sakipsabancimuzesi.org\/shop\/urun\/cocuk-ve-oyun\/aktivite\/oyun-atlasi-9-tas\/#primaryimage\"},\"thumbnailUrl\":\"https:\/\/sakipsabancimuzesi.org\/shop\/wp-content\/uploads\/2025\/07\/9-tas-1min.jpg\",\"datePublished\":\"2025-07-30T08:31:59+00:00\",\"dateModified\":\"2026-04-30T11:43:26+00:00\",\"breadcrumb\":{\"@id\":\"https:\/\/sakipsabancimuzesi.org\/shop\/urun\/cocuk-ve-oyun\/aktivite\/oyun-atlasi-9-tas\/#breadcrumb\"},\"inLanguage\":\"tr\",\"potentialAction\":[{\"@type\":\"ReadAction\",\"target\":[\"https:\/\/sakipsabancimuzesi.org\/shop\/urun\/cocuk-ve-oyun\/aktivite\/oyun-atlasi-9-tas\/\"]}]},{\"@type\":\"ImageObject\",\"inLanguage\":\"tr\",\"@id\":\"https:\/\/sakipsabancimuzesi.org\/shop\/urun\/cocuk-ve-oyun\/aktivite\/oyun-atlasi-9-tas\/#primaryimage\",\"url\":\"https:\/\/sakipsabancimuzesi.org\/shop\/wp-content\/uploads\/2025\/07\/9-tas-1min.jpg\",\"contentUrl\":\"https:\/\/sakipsabancimuzesi.org\/shop\/wp-content\/uploads\/2025\/07\/9-tas-1min.jpg\",\"width\":1280,\"height\":1600},{\"@type\":\"BreadcrumbList\",\"@id\":\"https:\/\/sakipsabancimuzesi.org\/shop\/urun\/cocuk-ve-oyun\/aktivite\/oyun-atlasi-9-tas\/#breadcrumb\",\"itemListElement\":[{\"@type\":\"ListItem\",\"position\":1,\"name\":\"Ana sayfa\",\"item\":\"https:\/\/sakipsabancimuzesi.org\/shop\/\"},{\"@type\":\"ListItem\",\"position\":2,\"name\":\"Shop\",\"item\":\"https:\/\/sakipsabancimuzesi.org\/shop\/shop\/\"},{\"@type\":\"ListItem\",\"position\":3,\"name\":\"Oyun Atlas\u0131 &#8211; 9 Ta\u015f\"}]},{\"@type\":\"WebSite\",\"@id\":\"https:\/\/sakipsabancimuzesi.org\/shop\/#website\",\"url\":\"https:\/\/sakipsabancimuzesi.org\/shop\/\",\"name\":\"SSM Shop\",\"description\":\"Sak\u0131p Sabanc\u0131 M\u00fczesi, Ma\u011faza\",\"publisher\":{\"@id\":\"https:\/\/sakipsabancimuzesi.org\/shop\/#organization\"},\"potentialAction\":[{\"@type\":\"SearchAction\",\"target\":{\"@type\":\"EntryPoint\",\"urlTemplate\":\"https:\/\/sakipsabancimuzesi.org\/shop\/?s={search_term_string}\"},\"query-input\":{\"@type\":\"PropertyValueSpecification\",\"valueRequired\":true,\"valueName\":\"search_term_string\"}}],\"inLanguage\":\"tr\"},{\"@type\":\"Organization\",\"@id\":\"https:\/\/sakipsabancimuzesi.org\/shop\/#organization\",\"name\":\"SSM Shop\",\"url\":\"https:\/\/sakipsabancimuzesi.org\/shop\/\",\"logo\":{\"@type\":\"ImageObject\",\"inLanguage\":\"tr\",\"@id\":\"https:\/\/sakipsabancimuzesi.org\/shop\/#\/schema\/logo\/image\/\",\"url\":\"https:\/\/sakipsabancimuzesi.org\/shop\/wp-content\/uploads\/2019\/11\/logo.png\",\"contentUrl\":\"https:\/\/sakipsabancimuzesi.org\/shop\/wp-content\/uploads\/2019\/11\/logo.png\",\"width\":227,\"height\":87,\"caption\":\"SSM Shop\"},\"image\":{\"@id\":\"https:\/\/sakipsabancimuzesi.org\/shop\/#\/schema\/logo\/image\/\"},\"sameAs\":[\"https:\/\/www.facebook.com\/SakipSabanciMuzesi\/\"]}]}<\/script>\n<!-- \/ Yoast SEO plugin. -->","yoast_head_json":{"title":"Oyun Atlas\u0131 - 9 Ta\u015f - SSM Shop","robots":{"index":"index","follow":"follow","max-snippet":"max-snippet:-1","max-image-preview":"max-image-preview:large","max-video-preview":"max-video-preview:-1"},"canonical":"https:\/\/sakipsabancimuzesi.org\/shop\/urun\/cocuk-ve-oyun\/aktivite\/oyun-atlasi-9-tas\/","og_locale":"tr_TR","og_type":"article","og_title":"Oyun Atlas\u0131 - 9 Ta\u015f - SSM Shop","og_description":"Antik D\u00f6nemden Modern \u00c7a\u011fa: Dokuzta\u015f  Basit bir oyun alan\u0131nda derin bir m\u00fccadele\u2026 9 Ta\u015f, binlerce y\u0131l \u00f6ncesine uzanan k\u00f6kleriyle Antik M\u0131s\u0131r\u2019dan Roma lejyonlar\u0131na, Anadolu k\u00f6ylerinden Avrupa saraylar\u0131na kadar say\u0131s\u0131z k\u00fclt\u00fcr\u00fcn vazge\u00e7ilmezi oldu. Stratejiyi zek\u00e2yla bulu\u015fturan bu oyun; sava\u015f\u00e7\u0131lar\u0131n planlama  yetene\u011fini geli\u015ftirdi, halk\u0131n e\u011flencesi oldu ve zamanla bir felsefeye d\u00f6n\u00fc\u015ft\u00fc. Azla \u00e7ok \u015fey ba\u015farman\u0131n, sabr\u0131n ve \u00f6ng\u00f6r\u00fcn\u00fcn sembol\u00fc haline geldi.","og_url":"https:\/\/sakipsabancimuzesi.org\/shop\/urun\/cocuk-ve-oyun\/aktivite\/oyun-atlasi-9-tas\/","og_site_name":"SSM Shop","article_publisher":"https:\/\/www.facebook.com\/SakipSabanciMuzesi\/","article_modified_time":"2026-04-30T11:43:26+00:00","og_image":[{"width":1280,"height":1600,"url":"https:\/\/sakipsabancimuzesi.org\/shop\/wp-content\/uploads\/2025\/07\/9-tas-1min.jpg","type":"image\/jpeg"}],"twitter_card":"summary_large_image","twitter_misc":{"Tahmini okuma s\u00fcresi":"1 dakika"},"schema":{"@context":"https:\/\/schema.org","@graph":[{"@type":"WebPage","@id":"https:\/\/sakipsabancimuzesi.org\/shop\/urun\/cocuk-ve-oyun\/aktivite\/oyun-atlasi-9-tas\/","url":"https:\/\/sakipsabancimuzesi.org\/shop\/urun\/cocuk-ve-oyun\/aktivite\/oyun-atlasi-9-tas\/","name":"Oyun Atlas\u0131 - 9 Ta\u015f - SSM Shop","isPartOf":{"@id":"https:\/\/sakipsabancimuzesi.org\/shop\/#website"},"primaryImageOfPage":{"@id":"https:\/\/sakipsabancimuzesi.org\/shop\/urun\/cocuk-ve-oyun\/aktivite\/oyun-atlasi-9-tas\/#primaryimage"},"image":{"@id":"https:\/\/sakipsabancimuzesi.org\/shop\/urun\/cocuk-ve-oyun\/aktivite\/oyun-atlasi-9-tas\/#primaryimage"},"thumbnailUrl":"https:\/\/sakipsabancimuzesi.org\/shop\/wp-content\/uploads\/2025\/07\/9-tas-1min.jpg","datePublished":"2025-07-30T08:31:59+00:00","dateModified":"2026-04-30T11:43:26+00:00","breadcrumb":{"@id":"https:\/\/sakipsabancimuzesi.org\/shop\/urun\/cocuk-ve-oyun\/aktivite\/oyun-atlasi-9-tas\/#breadcrumb"},"inLanguage":"tr","potentialAction":[{"@type":"ReadAction","target":["https:\/\/sakipsabancimuzesi.org\/shop\/urun\/cocuk-ve-oyun\/aktivite\/oyun-atlasi-9-tas\/"]}]},{"@type":"ImageObject","inLanguage":"tr","@id":"https:\/\/sakipsabancimuzesi.org\/shop\/urun\/cocuk-ve-oyun\/aktivite\/oyun-atlasi-9-tas\/#primaryimage","url":"https:\/\/sakipsabancimuzesi.org\/shop\/wp-content\/uploads\/2025\/07\/9-tas-1min.jpg","contentUrl":"https:\/\/sakipsabancimuzesi.org\/shop\/wp-content\/uploads\/2025\/07\/9-tas-1min.jpg","width":1280,"height":1600},{"@type":"BreadcrumbList","@id":"https:\/\/sakipsabancimuzesi.org\/shop\/urun\/cocuk-ve-oyun\/aktivite\/oyun-atlasi-9-tas\/#breadcrumb","itemListElement":[{"@type":"ListItem","position":1,"name":"Ana sayfa","item":"https:\/\/sakipsabancimuzesi.org\/shop\/"},{"@type":"ListItem","position":2,"name":"Shop","item":"https:\/\/sakipsabancimuzesi.org\/shop\/shop\/"},{"@type":"ListItem","position":3,"name":"Oyun Atlas\u0131 &#8211; 9 Ta\u015f"}]},{"@type":"WebSite","@id":"https:\/\/sakipsabancimuzesi.org\/shop\/#website","url":"https:\/\/sakipsabancimuzesi.org\/shop\/","name":"SSM Shop","description":"Sak\u0131p Sabanc\u0131 M\u00fczesi, Ma\u011faza","publisher":{"@id":"https:\/\/sakipsabancimuzesi.org\/shop\/#organization"},"potentialAction":[{"@type":"SearchAction","target":{"@type":"EntryPoint","urlTemplate":"https:\/\/sakipsabancimuzesi.org\/shop\/?s={search_term_string}"},"query-input":{"@type":"PropertyValueSpecification","valueRequired":true,"valueName":"search_term_string"}}],"inLanguage":"tr"},{"@type":"Organization","@id":"https:\/\/sakipsabancimuzesi.org\/shop\/#organization","name":"SSM Shop","url":"https:\/\/sakipsabancimuzesi.org\/shop\/","logo":{"@type":"ImageObject","inLanguage":"tr","@id":"https:\/\/sakipsabancimuzesi.org\/shop\/#\/schema\/logo\/image\/","url":"https:\/\/sakipsabancimuzesi.org\/shop\/wp-content\/uploads\/2019\/11\/logo.png","contentUrl":"https:\/\/sakipsabancimuzesi.org\/shop\/wp-content\/uploads\/2019\/11\/logo.png","width":227,"height":87,"caption":"SSM Shop"},"image":{"@id":"https:\/\/sakipsabancimuzesi.org\/shop\/#\/schema\/logo\/image\/"},"sameAs":["https:\/\/www.facebook.com\/SakipSabanciMuzesi\/"]}]}},"jetpack_sharing_enabled":true,"_links":{"self":[{"href":"https:\/\/sakipsabancimuzesi.org\/shop\/wp-json\/wp\/v2\/product\/269415","targetHints":{"allow":["GET"]}}],"collection":[{"href":"https:\/\/sakipsabancimuzesi.org\/shop\/wp-json\/wp\/v2\/product"}],"about":[{"href":"https:\/\/sakipsabancimuzesi.org\/shop\/wp-json\/wp\/v2\/types\/product"}],"wp:featuredmedia":[{"embeddable":true,"href":"https:\/\/sakipsabancimuzesi.org\/shop\/wp-json\/wp\/v2\/media\/269418"}],"wp:attachment":[{"href":"https:\/\/sakipsabancimuzesi.org\/shop\/wp-json\/wp\/v2\/media?parent=269415"}],"wp:term":[{"taxonomy":"product_brand","embeddable":true,"href":"https:\/\/sakipsabancimuzesi.org\/shop\/wp-json\/wp\/v2\/product_brand?post=269415"},{"taxonomy":"product_cat","embeddable":true,"href":"https:\/\/sakipsabancimuzesi.org\/shop\/wp-json\/wp\/v2\/product_cat?post=269415"},{"taxonomy":"product_tag","embeddable":true,"href":"https:\/\/sakipsabancimuzesi.org\/shop\/wp-json\/wp\/v2\/product_tag?post=269415"},{"taxonomy":"woo-feed-brand","embeddable":true,"href":"https:\/\/sakipsabancimuzesi.org\/shop\/wp-json\/wp\/v2\/woo-feed-brand?post=269415"}],"curies":[{"name":"wp","href":"https:\/\/api.w.org\/{rel}","templated":true}]}}