{"id":269459,"date":"2025-08-21T13:39:54","date_gmt":"2025-08-21T10:39:54","guid":{"rendered":"https:\/\/sakipsabancimuzesi.org\/shop\/?post_type=product&#038;p=269459"},"modified":"2025-08-21T13:52:45","modified_gmt":"2025-08-21T10:52:45","slug":"tabakli-kahve-fincani-bej-ve-mint","status":"publish","type":"product","link":"https:\/\/sakipsabancimuzesi.org\/shop\/urun\/ev-dekorasyon\/tabakli-kahve-fincani-bej-ve-mint\/","title":{"rendered":"Tabakl\u0131 Kahve Fincan\u0131 Bej ve Mint"},"content":{"rendered":"<p>Modern ve zamans\u0131z tasar\u0131m\u0131yla porselenin ince dokusunun vermi\u015f oldu\u011fu keyifle sizi bulu\u015fturuyoruz.<\/p>\n<p>Her bir \u00a0porselen \u00fcr\u00fcnlerimiz el i\u015f\u00e7ili\u011fiyle yap\u0131l\u0131p benzersiz ve tek olmas\u0131n\u0131 sa\u011flamaktad\u0131r.<\/p>\n<h4 class=\"sFFmR2l ovIAf_6---typography-11-runningText ovIAf_6---priority-7-primary _HOcyB x4nptw sxbtulv\" aria-hidden=\"false\" data-hook=\"info-section-title\">\u00dcR\u00dcN B\u0130LG\u0130LER\u0130<\/h4>\n<div class=\"rah-static rah-static--height-auto\" aria-hidden=\"false\">\n<div class=\"ulKuLk QfrfFD cell\">\n<div class=\"zp8uy2\" data-hook=\"info-section-description\">\n<ul>\n<li>Bula\u015f\u0131k makinesinde\u00a0y\u0131kanabilir<\/li>\n<li>100% el yap\u0131m\u0131<\/li>\n<li>Fincan\u0131n i\u00e7i parlak d\u0131\u015f\u0131 mat, fincan taba\u011f\u0131 mat<\/li>\n<\/ul>\n<\/div>\n<\/div>\n<\/div>\n","protected":false},"excerpt":{"rendered":"<p>Modern ve zamans\u0131z tasar\u0131m\u0131yla porselenin ince dokusunun vermi\u015f oldu\u011fu keyifle sizi bulu\u015fturuyoruz. Her bir \u00a0porselen \u00fcr\u00fcnlerimiz el i\u015f\u00e7ili\u011fiyle yap\u0131l\u0131p benzersiz ve tek olmas\u0131n\u0131 sa\u011flamaktad\u0131r. \u00dcR\u00dcN B\u0130LG\u0130LER\u0130 Bula\u015f\u0131k makinesinde\u00a0y\u0131kanabilir 100% el yap\u0131m\u0131 Fincan\u0131n i\u00e7i parlak d\u0131\u015f\u0131 mat, fincan taba\u011f\u0131 mat<\/p>\n","protected":false},"featured_media":269454,"template":"","meta":{"_exactmetrics_skip_tracking":false,"_exactmetrics_sitenote_active":false,"_exactmetrics_sitenote_note":"","_exactmetrics_sitenote_category":0},"product_brand":[],"product_cat":[634],"product_tag":[],"woo-feed-brand":[],"class_list":{"0":"post-269459","1":"product","2":"type-product","3":"status-publish","4":"has-post-thumbnail","6":"product_cat-ev-dekorasyon","8":"first","9":"instock","10":"taxable","11":"shipping-taxable","12":"purchasable","13":"product-type-simple"},"yoast_head":"<!-- This site is optimized with the Yoast SEO plugin v27.1.1 - https:\/\/yoast.com\/product\/yoast-seo-wordpress\/ -->\n<title>Tabakl\u0131 Kahve Fincan\u0131 Bej ve Mint - SSM Shop<\/title>\n<meta name=\"robots\" content=\"index, follow, max-snippet:-1, max-image-preview:large, max-video-preview:-1\" \/>\n<link rel=\"canonical\" href=\"https:\/\/sakipsabancimuzesi.org\/shop\/urun\/ev-dekorasyon\/tabakli-kahve-fincani-bej-ve-mint\/\" \/>\n<meta property=\"og:locale\" content=\"tr_TR\" \/>\n<meta property=\"og:type\" content=\"article\" \/>\n<meta property=\"og:title\" content=\"Tabakl\u0131 Kahve Fincan\u0131 Bej ve Mint - SSM Shop\" \/>\n<meta property=\"og:description\" content=\"Modern ve zamans\u0131z tasar\u0131m\u0131yla porselenin ince dokusunun vermi\u015f oldu\u011fu keyifle sizi bulu\u015fturuyoruz. Her bir \u00a0porselen \u00fcr\u00fcnlerimiz el i\u015f\u00e7ili\u011fiyle yap\u0131l\u0131p benzersiz ve tek olmas\u0131n\u0131 sa\u011flamaktad\u0131r. \u00dcR\u00dcN B\u0130LG\u0130LER\u0130 Bula\u015f\u0131k makinesinde\u00a0y\u0131kanabilir 100% el yap\u0131m\u0131 Fincan\u0131n i\u00e7i parlak d\u0131\u015f\u0131 mat, fincan taba\u011f\u0131 mat\" \/>\n<meta property=\"og:url\" content=\"https:\/\/sakipsabancimuzesi.org\/shop\/urun\/ev-dekorasyon\/tabakli-kahve-fincani-bej-ve-mint\/\" \/>\n<meta property=\"og:site_name\" content=\"SSM Shop\" \/>\n<meta property=\"article:publisher\" content=\"https:\/\/www.facebook.com\/SakipSabanciMuzesi\/\" \/>\n<meta property=\"article:modified_time\" content=\"2025-08-21T10:52:45+00:00\" \/>\n<meta property=\"og:image\" content=\"https:\/\/sakipsabancimuzesi.org\/shop\/wp-content\/uploads\/2025\/08\/Tabakli-kahve-fincan-bej-ve-mint.jpg\" \/>\n\t<meta property=\"og:image:width\" content=\"1280\" \/>\n\t<meta property=\"og:image:height\" content=\"1600\" \/>\n\t<meta property=\"og:image:type\" content=\"image\/jpeg\" \/>\n<meta name=\"twitter:card\" content=\"summary_large_image\" \/>\n<script type=\"application\/ld+json\" class=\"yoast-schema-graph\">{\"@context\":\"https:\/\/schema.org\",\"@graph\":[{\"@type\":\"WebPage\",\"@id\":\"https:\/\/sakipsabancimuzesi.org\/shop\/urun\/ev-dekorasyon\/tabakli-kahve-fincani-bej-ve-mint\/\",\"url\":\"https:\/\/sakipsabancimuzesi.org\/shop\/urun\/ev-dekorasyon\/tabakli-kahve-fincani-bej-ve-mint\/\",\"name\":\"Tabakl\u0131 Kahve Fincan\u0131 Bej ve Mint - SSM Shop\",\"isPartOf\":{\"@id\":\"https:\/\/sakipsabancimuzesi.org\/shop\/#website\"},\"primaryImageOfPage\":{\"@id\":\"https:\/\/sakipsabancimuzesi.org\/shop\/urun\/ev-dekorasyon\/tabakli-kahve-fincani-bej-ve-mint\/#primaryimage\"},\"image\":{\"@id\":\"https:\/\/sakipsabancimuzesi.org\/shop\/urun\/ev-dekorasyon\/tabakli-kahve-fincani-bej-ve-mint\/#primaryimage\"},\"thumbnailUrl\":\"https:\/\/sakipsabancimuzesi.org\/shop\/wp-content\/uploads\/2025\/08\/Tabakli-kahve-fincan-bej-ve-mint.jpg\",\"datePublished\":\"2025-08-21T10:39:54+00:00\",\"dateModified\":\"2025-08-21T10:52:45+00:00\",\"breadcrumb\":{\"@id\":\"https:\/\/sakipsabancimuzesi.org\/shop\/urun\/ev-dekorasyon\/tabakli-kahve-fincani-bej-ve-mint\/#breadcrumb\"},\"inLanguage\":\"tr\",\"potentialAction\":[{\"@type\":\"ReadAction\",\"target\":[\"https:\/\/sakipsabancimuzesi.org\/shop\/urun\/ev-dekorasyon\/tabakli-kahve-fincani-bej-ve-mint\/\"]}]},{\"@type\":\"ImageObject\",\"inLanguage\":\"tr\",\"@id\":\"https:\/\/sakipsabancimuzesi.org\/shop\/urun\/ev-dekorasyon\/tabakli-kahve-fincani-bej-ve-mint\/#primaryimage\",\"url\":\"https:\/\/sakipsabancimuzesi.org\/shop\/wp-content\/uploads\/2025\/08\/Tabakli-kahve-fincan-bej-ve-mint.jpg\",\"contentUrl\":\"https:\/\/sakipsabancimuzesi.org\/shop\/wp-content\/uploads\/2025\/08\/Tabakli-kahve-fincan-bej-ve-mint.jpg\",\"width\":1280,\"height\":1600},{\"@type\":\"BreadcrumbList\",\"@id\":\"https:\/\/sakipsabancimuzesi.org\/shop\/urun\/ev-dekorasyon\/tabakli-kahve-fincani-bej-ve-mint\/#breadcrumb\",\"itemListElement\":[{\"@type\":\"ListItem\",\"position\":1,\"name\":\"Ana sayfa\",\"item\":\"https:\/\/sakipsabancimuzesi.org\/shop\/\"},{\"@type\":\"ListItem\",\"position\":2,\"name\":\"Shop\",\"item\":\"https:\/\/sakipsabancimuzesi.org\/shop\/shop\/\"},{\"@type\":\"ListItem\",\"position\":3,\"name\":\"Tabakl\u0131 Kahve Fincan\u0131 Bej ve Mint\"}]},{\"@type\":\"WebSite\",\"@id\":\"https:\/\/sakipsabancimuzesi.org\/shop\/#website\",\"url\":\"https:\/\/sakipsabancimuzesi.org\/shop\/\",\"name\":\"SSM Shop\",\"description\":\"Sak\u0131p Sabanc\u0131 M\u00fczesi, Ma\u011faza\",\"publisher\":{\"@id\":\"https:\/\/sakipsabancimuzesi.org\/shop\/#organization\"},\"potentialAction\":[{\"@type\":\"SearchAction\",\"target\":{\"@type\":\"EntryPoint\",\"urlTemplate\":\"https:\/\/sakipsabancimuzesi.org\/shop\/?s={search_term_string}\"},\"query-input\":{\"@type\":\"PropertyValueSpecification\",\"valueRequired\":true,\"valueName\":\"search_term_string\"}}],\"inLanguage\":\"tr\"},{\"@type\":\"Organization\",\"@id\":\"https:\/\/sakipsabancimuzesi.org\/shop\/#organization\",\"name\":\"SSM Shop\",\"url\":\"https:\/\/sakipsabancimuzesi.org\/shop\/\",\"logo\":{\"@type\":\"ImageObject\",\"inLanguage\":\"tr\",\"@id\":\"https:\/\/sakipsabancimuzesi.org\/shop\/#\/schema\/logo\/image\/\",\"url\":\"https:\/\/sakipsabancimuzesi.org\/shop\/wp-content\/uploads\/2019\/11\/logo.png\",\"contentUrl\":\"https:\/\/sakipsabancimuzesi.org\/shop\/wp-content\/uploads\/2019\/11\/logo.png\",\"width\":227,\"height\":87,\"caption\":\"SSM Shop\"},\"image\":{\"@id\":\"https:\/\/sakipsabancimuzesi.org\/shop\/#\/schema\/logo\/image\/\"},\"sameAs\":[\"https:\/\/www.facebook.com\/SakipSabanciMuzesi\/\"]}]}<\/script>\n<!-- \/ Yoast SEO plugin. -->","yoast_head_json":{"title":"Tabakl\u0131 Kahve Fincan\u0131 Bej ve Mint - SSM Shop","robots":{"index":"index","follow":"follow","max-snippet":"max-snippet:-1","max-image-preview":"max-image-preview:large","max-video-preview":"max-video-preview:-1"},"canonical":"https:\/\/sakipsabancimuzesi.org\/shop\/urun\/ev-dekorasyon\/tabakli-kahve-fincani-bej-ve-mint\/","og_locale":"tr_TR","og_type":"article","og_title":"Tabakl\u0131 Kahve Fincan\u0131 Bej ve Mint - SSM Shop","og_description":"Modern ve zamans\u0131z tasar\u0131m\u0131yla porselenin ince dokusunun vermi\u015f oldu\u011fu keyifle sizi bulu\u015fturuyoruz. Her bir \u00a0porselen \u00fcr\u00fcnlerimiz el i\u015f\u00e7ili\u011fiyle yap\u0131l\u0131p benzersiz ve tek olmas\u0131n\u0131 sa\u011flamaktad\u0131r. \u00dcR\u00dcN B\u0130LG\u0130LER\u0130 Bula\u015f\u0131k makinesinde\u00a0y\u0131kanabilir 100% el yap\u0131m\u0131 Fincan\u0131n i\u00e7i parlak d\u0131\u015f\u0131 mat, fincan taba\u011f\u0131 mat","og_url":"https:\/\/sakipsabancimuzesi.org\/shop\/urun\/ev-dekorasyon\/tabakli-kahve-fincani-bej-ve-mint\/","og_site_name":"SSM Shop","article_publisher":"https:\/\/www.facebook.com\/SakipSabanciMuzesi\/","article_modified_time":"2025-08-21T10:52:45+00:00","og_image":[{"width":1280,"height":1600,"url":"https:\/\/sakipsabancimuzesi.org\/shop\/wp-content\/uploads\/2025\/08\/Tabakli-kahve-fincan-bej-ve-mint.jpg","type":"image\/jpeg"}],"twitter_card":"summary_large_image","schema":{"@context":"https:\/\/schema.org","@graph":[{"@type":"WebPage","@id":"https:\/\/sakipsabancimuzesi.org\/shop\/urun\/ev-dekorasyon\/tabakli-kahve-fincani-bej-ve-mint\/","url":"https:\/\/sakipsabancimuzesi.org\/shop\/urun\/ev-dekorasyon\/tabakli-kahve-fincani-bej-ve-mint\/","name":"Tabakl\u0131 Kahve Fincan\u0131 Bej ve Mint - SSM Shop","isPartOf":{"@id":"https:\/\/sakipsabancimuzesi.org\/shop\/#website"},"primaryImageOfPage":{"@id":"https:\/\/sakipsabancimuzesi.org\/shop\/urun\/ev-dekorasyon\/tabakli-kahve-fincani-bej-ve-mint\/#primaryimage"},"image":{"@id":"https:\/\/sakipsabancimuzesi.org\/shop\/urun\/ev-dekorasyon\/tabakli-kahve-fincani-bej-ve-mint\/#primaryimage"},"thumbnailUrl":"https:\/\/sakipsabancimuzesi.org\/shop\/wp-content\/uploads\/2025\/08\/Tabakli-kahve-fincan-bej-ve-mint.jpg","datePublished":"2025-08-21T10:39:54+00:00","dateModified":"2025-08-21T10:52:45+00:00","breadcrumb":{"@id":"https:\/\/sakipsabancimuzesi.org\/shop\/urun\/ev-dekorasyon\/tabakli-kahve-fincani-bej-ve-mint\/#breadcrumb"},"inLanguage":"tr","potentialAction":[{"@type":"ReadAction","target":["https:\/\/sakipsabancimuzesi.org\/shop\/urun\/ev-dekorasyon\/tabakli-kahve-fincani-bej-ve-mint\/"]}]},{"@type":"ImageObject","inLanguage":"tr","@id":"https:\/\/sakipsabancimuzesi.org\/shop\/urun\/ev-dekorasyon\/tabakli-kahve-fincani-bej-ve-mint\/#primaryimage","url":"https:\/\/sakipsabancimuzesi.org\/shop\/wp-content\/uploads\/2025\/08\/Tabakli-kahve-fincan-bej-ve-mint.jpg","contentUrl":"https:\/\/sakipsabancimuzesi.org\/shop\/wp-content\/uploads\/2025\/08\/Tabakli-kahve-fincan-bej-ve-mint.jpg","width":1280,"height":1600},{"@type":"BreadcrumbList","@id":"https:\/\/sakipsabancimuzesi.org\/shop\/urun\/ev-dekorasyon\/tabakli-kahve-fincani-bej-ve-mint\/#breadcrumb","itemListElement":[{"@type":"ListItem","position":1,"name":"Ana sayfa","item":"https:\/\/sakipsabancimuzesi.org\/shop\/"},{"@type":"ListItem","position":2,"name":"Shop","item":"https:\/\/sakipsabancimuzesi.org\/shop\/shop\/"},{"@type":"ListItem","position":3,"name":"Tabakl\u0131 Kahve Fincan\u0131 Bej ve Mint"}]},{"@type":"WebSite","@id":"https:\/\/sakipsabancimuzesi.org\/shop\/#website","url":"https:\/\/sakipsabancimuzesi.org\/shop\/","name":"SSM Shop","description":"Sak\u0131p Sabanc\u0131 M\u00fczesi, Ma\u011faza","publisher":{"@id":"https:\/\/sakipsabancimuzesi.org\/shop\/#organization"},"potentialAction":[{"@type":"SearchAction","target":{"@type":"EntryPoint","urlTemplate":"https:\/\/sakipsabancimuzesi.org\/shop\/?s={search_term_string}"},"query-input":{"@type":"PropertyValueSpecification","valueRequired":true,"valueName":"search_term_string"}}],"inLanguage":"tr"},{"@type":"Organization","@id":"https:\/\/sakipsabancimuzesi.org\/shop\/#organization","name":"SSM Shop","url":"https:\/\/sakipsabancimuzesi.org\/shop\/","logo":{"@type":"ImageObject","inLanguage":"tr","@id":"https:\/\/sakipsabancimuzesi.org\/shop\/#\/schema\/logo\/image\/","url":"https:\/\/sakipsabancimuzesi.org\/shop\/wp-content\/uploads\/2019\/11\/logo.png","contentUrl":"https:\/\/sakipsabancimuzesi.org\/shop\/wp-content\/uploads\/2019\/11\/logo.png","width":227,"height":87,"caption":"SSM Shop"},"image":{"@id":"https:\/\/sakipsabancimuzesi.org\/shop\/#\/schema\/logo\/image\/"},"sameAs":["https:\/\/www.facebook.com\/SakipSabanciMuzesi\/"]}]}},"jetpack_sharing_enabled":true,"_links":{"self":[{"href":"https:\/\/sakipsabancimuzesi.org\/shop\/wp-json\/wp\/v2\/product\/269459","targetHints":{"allow":["GET"]}}],"collection":[{"href":"https:\/\/sakipsabancimuzesi.org\/shop\/wp-json\/wp\/v2\/product"}],"about":[{"href":"https:\/\/sakipsabancimuzesi.org\/shop\/wp-json\/wp\/v2\/types\/product"}],"wp:featuredmedia":[{"embeddable":true,"href":"https:\/\/sakipsabancimuzesi.org\/shop\/wp-json\/wp\/v2\/media\/269454"}],"wp:attachment":[{"href":"https:\/\/sakipsabancimuzesi.org\/shop\/wp-json\/wp\/v2\/media?parent=269459"}],"wp:term":[{"taxonomy":"product_brand","embeddable":true,"href":"https:\/\/sakipsabancimuzesi.org\/shop\/wp-json\/wp\/v2\/product_brand?post=269459"},{"taxonomy":"product_cat","embeddable":true,"href":"https:\/\/sakipsabancimuzesi.org\/shop\/wp-json\/wp\/v2\/product_cat?post=269459"},{"taxonomy":"product_tag","embeddable":true,"href":"https:\/\/sakipsabancimuzesi.org\/shop\/wp-json\/wp\/v2\/product_tag?post=269459"},{"taxonomy":"woo-feed-brand","embeddable":true,"href":"https:\/\/sakipsabancimuzesi.org\/shop\/wp-json\/wp\/v2\/woo-feed-brand?post=269459"}],"curies":[{"name":"wp","href":"https:\/\/api.w.org\/{rel}","templated":true}]}}