{"id":269499,"date":"2025-09-05T14:57:23","date_gmt":"2025-09-05T11:57:23","guid":{"rendered":"https:\/\/sakipsabancimuzesi.org\/shop\/?post_type=product&#038;p=269499"},"modified":"2026-01-11T08:13:53","modified_gmt":"2026-01-11T05:13:53","slug":"emma-intaglio-quartz-kolye","status":"publish","type":"product","link":"https:\/\/sakipsabancimuzesi.org\/shop\/urun\/taki\/kolye\/emma-intaglio-quartz-kolye\/","title":{"rendered":"Emma Intaglio Quartz kolye"},"content":{"rendered":"<p>\u0130ntaglio, D\u00fcn ve Bug\u00fcn<\/p>\n<p dir=\"auto\">\u0130ntaglio oyma \u2014 d\u00fcnyan\u0131n en eski ta\u015f i\u015fleme sanatlar\u0131ndan biri \u2014 M\u00d6 Mezopotamya, Yunan ve Roma d\u00f6nemlerine uzan\u0131r; oyulmu\u015f ta\u015flar m\u00fch\u00fcr ve kimlik simgesi olarak kullan\u0131l\u0131rd\u0131.<\/p>\n<p dir=\"auto\">Sak\u0131p Sabanc\u0131 M\u00fczesi Ma\u011fazas\u0131 i\u00e7in, tak\u0131 sanat\u00e7\u0131s\u0131 Emma Krafft bu miras\u0131 nadir bir teknikle yeniden canland\u0131r\u0131yor: ters intaglio. Kuvars ta\u015flar\u0131n\u0131n arkas\u0131ndan oyularak yap\u0131lan bu teknik, \u0131\u015f\u0131kla canlanan \u00fc\u00e7 boyutlu minyat\u00fcr sahneler ortaya \u00e7\u0131kar\u0131r.<\/p>\n<p dir=\"auto\">Ma\u011fazam\u0131za \u00f6zel olarak, sanat\u00e7\u0131 Akdeniz\u2019den ilham alan el oymas\u0131 kuvars kolye tasarlad\u0131. Her bir par\u00e7a, denizin, do\u011fan\u0131n ve b\u00f6lgenin tarihinin ruhunu yans\u0131t\u0131r.<\/p>\n<p dir=\"auto\">Antik \u00e7a\u011flardan g\u00fcn\u00fcm\u00fcze, bu modern intagliolar zanaatk\u00e2rl\u0131\u011f\u0131, hik\u00e2ye anlat\u0131m\u0131n\u0131 ve zamans\u0131z g\u00fczelli\u011fi kutluyor.<\/p>\n","protected":false},"excerpt":{"rendered":"<p>\u0130ntaglio, D\u00fcn ve Bug\u00fcn \u0130ntaglio oyma \u2014 d\u00fcnyan\u0131n en eski ta\u015f i\u015fleme sanatlar\u0131ndan biri \u2014 M\u00d6 Mezopotamya, Yunan ve Roma d\u00f6nemlerine uzan\u0131r; oyulmu\u015f ta\u015flar m\u00fch\u00fcr ve kimlik simgesi olarak kullan\u0131l\u0131rd\u0131. Sak\u0131p Sabanc\u0131 M\u00fczesi Ma\u011fazas\u0131 i\u00e7in, tak\u0131 sanat\u00e7\u0131s\u0131 Emma Krafft bu miras\u0131 nadir bir teknikle yeniden canland\u0131r\u0131yor: ters intaglio. Kuvars ta\u015flar\u0131n\u0131n arkas\u0131ndan oyularak yap\u0131lan bu teknik, [&#8230;]\n","protected":false},"featured_media":269626,"template":"","meta":{"_exactmetrics_skip_tracking":false,"_exactmetrics_sitenote_active":false,"_exactmetrics_sitenote_note":"","_exactmetrics_sitenote_category":0},"product_brand":[],"product_cat":[656,659],"product_tag":[],"woo-feed-brand":[],"class_list":{"0":"post-269499","1":"product","2":"type-product","3":"status-publish","4":"has-post-thumbnail","6":"product_cat-taki","7":"product_cat-kolye","9":"first","10":"instock","11":"taxable","12":"shipping-taxable","13":"purchasable","14":"product-type-variable"},"yoast_head":"<!-- This site is optimized with the Yoast SEO plugin v27.1.1 - https:\/\/yoast.com\/product\/yoast-seo-wordpress\/ -->\n<title>Emma Intaglio Quartz kolye - SSM Shop<\/title>\n<meta name=\"robots\" content=\"index, follow, max-snippet:-1, max-image-preview:large, max-video-preview:-1\" \/>\n<link rel=\"canonical\" href=\"https:\/\/sakipsabancimuzesi.org\/shop\/urun\/taki\/kolye\/emma-intaglio-quartz-kolye\/\" \/>\n<meta property=\"og:locale\" content=\"tr_TR\" \/>\n<meta property=\"og:type\" content=\"article\" \/>\n<meta property=\"og:title\" content=\"Emma Intaglio Quartz kolye - SSM Shop\" \/>\n<meta property=\"og:description\" content=\"\u0130ntaglio, D\u00fcn ve Bug\u00fcn \u0130ntaglio oyma \u2014 d\u00fcnyan\u0131n en eski ta\u015f i\u015fleme sanatlar\u0131ndan biri \u2014 M\u00d6 Mezopotamya, Yunan ve Roma d\u00f6nemlerine uzan\u0131r; oyulmu\u015f ta\u015flar m\u00fch\u00fcr ve kimlik simgesi olarak kullan\u0131l\u0131rd\u0131. Sak\u0131p Sabanc\u0131 M\u00fczesi Ma\u011fazas\u0131 i\u00e7in, tak\u0131 sanat\u00e7\u0131s\u0131 Emma Krafft bu miras\u0131 nadir bir teknikle yeniden canland\u0131r\u0131yor: ters intaglio. Kuvars ta\u015flar\u0131n\u0131n arkas\u0131ndan oyularak yap\u0131lan bu teknik, [...]\" \/>\n<meta property=\"og:url\" content=\"https:\/\/sakipsabancimuzesi.org\/shop\/urun\/taki\/kolye\/emma-intaglio-quartz-kolye\/\" \/>\n<meta property=\"og:site_name\" content=\"SSM Shop\" \/>\n<meta property=\"article:publisher\" content=\"https:\/\/www.facebook.com\/SakipSabanciMuzesi\/\" \/>\n<meta property=\"article:modified_time\" content=\"2026-01-11T05:13:53+00:00\" \/>\n<meta property=\"og:image\" content=\"https:\/\/sakipsabancimuzesi.org\/shop\/wp-content\/uploads\/2025\/09\/Emma-vitrin.jpg\" \/>\n\t<meta property=\"og:image:width\" content=\"1280\" \/>\n\t<meta property=\"og:image:height\" content=\"1600\" \/>\n\t<meta property=\"og:image:type\" content=\"image\/jpeg\" \/>\n<meta name=\"twitter:card\" content=\"summary_large_image\" \/>\n<meta name=\"twitter:label1\" content=\"Tahmini okuma s\u00fcresi\" \/>\n\t<meta name=\"twitter:data1\" content=\"1 dakika\" \/>\n<script type=\"application\/ld+json\" class=\"yoast-schema-graph\">{\"@context\":\"https:\/\/schema.org\",\"@graph\":[{\"@type\":\"WebPage\",\"@id\":\"https:\/\/sakipsabancimuzesi.org\/shop\/urun\/taki\/kolye\/emma-intaglio-quartz-kolye\/\",\"url\":\"https:\/\/sakipsabancimuzesi.org\/shop\/urun\/taki\/kolye\/emma-intaglio-quartz-kolye\/\",\"name\":\"Emma Intaglio Quartz kolye - SSM Shop\",\"isPartOf\":{\"@id\":\"https:\/\/sakipsabancimuzesi.org\/shop\/#website\"},\"primaryImageOfPage\":{\"@id\":\"https:\/\/sakipsabancimuzesi.org\/shop\/urun\/taki\/kolye\/emma-intaglio-quartz-kolye\/#primaryimage\"},\"image\":{\"@id\":\"https:\/\/sakipsabancimuzesi.org\/shop\/urun\/taki\/kolye\/emma-intaglio-quartz-kolye\/#primaryimage\"},\"thumbnailUrl\":\"https:\/\/sakipsabancimuzesi.org\/shop\/wp-content\/uploads\/2025\/09\/Emma-vitrin.jpg\",\"datePublished\":\"2025-09-05T11:57:23+00:00\",\"dateModified\":\"2026-01-11T05:13:53+00:00\",\"breadcrumb\":{\"@id\":\"https:\/\/sakipsabancimuzesi.org\/shop\/urun\/taki\/kolye\/emma-intaglio-quartz-kolye\/#breadcrumb\"},\"inLanguage\":\"tr\",\"potentialAction\":[{\"@type\":\"ReadAction\",\"target\":[\"https:\/\/sakipsabancimuzesi.org\/shop\/urun\/taki\/kolye\/emma-intaglio-quartz-kolye\/\"]}]},{\"@type\":\"ImageObject\",\"inLanguage\":\"tr\",\"@id\":\"https:\/\/sakipsabancimuzesi.org\/shop\/urun\/taki\/kolye\/emma-intaglio-quartz-kolye\/#primaryimage\",\"url\":\"https:\/\/sakipsabancimuzesi.org\/shop\/wp-content\/uploads\/2025\/09\/Emma-vitrin.jpg\",\"contentUrl\":\"https:\/\/sakipsabancimuzesi.org\/shop\/wp-content\/uploads\/2025\/09\/Emma-vitrin.jpg\",\"width\":1280,\"height\":1600},{\"@type\":\"BreadcrumbList\",\"@id\":\"https:\/\/sakipsabancimuzesi.org\/shop\/urun\/taki\/kolye\/emma-intaglio-quartz-kolye\/#breadcrumb\",\"itemListElement\":[{\"@type\":\"ListItem\",\"position\":1,\"name\":\"Ana sayfa\",\"item\":\"https:\/\/sakipsabancimuzesi.org\/shop\/\"},{\"@type\":\"ListItem\",\"position\":2,\"name\":\"Shop\",\"item\":\"https:\/\/sakipsabancimuzesi.org\/shop\/shop\/\"},{\"@type\":\"ListItem\",\"position\":3,\"name\":\"Emma Intaglio Quartz kolye\"}]},{\"@type\":\"WebSite\",\"@id\":\"https:\/\/sakipsabancimuzesi.org\/shop\/#website\",\"url\":\"https:\/\/sakipsabancimuzesi.org\/shop\/\",\"name\":\"SSM Shop\",\"description\":\"Sak\u0131p Sabanc\u0131 M\u00fczesi, Ma\u011faza\",\"publisher\":{\"@id\":\"https:\/\/sakipsabancimuzesi.org\/shop\/#organization\"},\"potentialAction\":[{\"@type\":\"SearchAction\",\"target\":{\"@type\":\"EntryPoint\",\"urlTemplate\":\"https:\/\/sakipsabancimuzesi.org\/shop\/?s={search_term_string}\"},\"query-input\":{\"@type\":\"PropertyValueSpecification\",\"valueRequired\":true,\"valueName\":\"search_term_string\"}}],\"inLanguage\":\"tr\"},{\"@type\":\"Organization\",\"@id\":\"https:\/\/sakipsabancimuzesi.org\/shop\/#organization\",\"name\":\"SSM Shop\",\"url\":\"https:\/\/sakipsabancimuzesi.org\/shop\/\",\"logo\":{\"@type\":\"ImageObject\",\"inLanguage\":\"tr\",\"@id\":\"https:\/\/sakipsabancimuzesi.org\/shop\/#\/schema\/logo\/image\/\",\"url\":\"https:\/\/sakipsabancimuzesi.org\/shop\/wp-content\/uploads\/2019\/11\/logo.png\",\"contentUrl\":\"https:\/\/sakipsabancimuzesi.org\/shop\/wp-content\/uploads\/2019\/11\/logo.png\",\"width\":227,\"height\":87,\"caption\":\"SSM Shop\"},\"image\":{\"@id\":\"https:\/\/sakipsabancimuzesi.org\/shop\/#\/schema\/logo\/image\/\"},\"sameAs\":[\"https:\/\/www.facebook.com\/SakipSabanciMuzesi\/\"]}]}<\/script>\n<!-- \/ Yoast SEO plugin. -->","yoast_head_json":{"title":"Emma Intaglio Quartz kolye - SSM Shop","robots":{"index":"index","follow":"follow","max-snippet":"max-snippet:-1","max-image-preview":"max-image-preview:large","max-video-preview":"max-video-preview:-1"},"canonical":"https:\/\/sakipsabancimuzesi.org\/shop\/urun\/taki\/kolye\/emma-intaglio-quartz-kolye\/","og_locale":"tr_TR","og_type":"article","og_title":"Emma Intaglio Quartz kolye - SSM Shop","og_description":"\u0130ntaglio, D\u00fcn ve Bug\u00fcn \u0130ntaglio oyma \u2014 d\u00fcnyan\u0131n en eski ta\u015f i\u015fleme sanatlar\u0131ndan biri \u2014 M\u00d6 Mezopotamya, Yunan ve Roma d\u00f6nemlerine uzan\u0131r; oyulmu\u015f ta\u015flar m\u00fch\u00fcr ve kimlik simgesi olarak kullan\u0131l\u0131rd\u0131. Sak\u0131p Sabanc\u0131 M\u00fczesi Ma\u011fazas\u0131 i\u00e7in, tak\u0131 sanat\u00e7\u0131s\u0131 Emma Krafft bu miras\u0131 nadir bir teknikle yeniden canland\u0131r\u0131yor: ters intaglio. Kuvars ta\u015flar\u0131n\u0131n arkas\u0131ndan oyularak yap\u0131lan bu teknik, [...]","og_url":"https:\/\/sakipsabancimuzesi.org\/shop\/urun\/taki\/kolye\/emma-intaglio-quartz-kolye\/","og_site_name":"SSM Shop","article_publisher":"https:\/\/www.facebook.com\/SakipSabanciMuzesi\/","article_modified_time":"2026-01-11T05:13:53+00:00","og_image":[{"width":1280,"height":1600,"url":"https:\/\/sakipsabancimuzesi.org\/shop\/wp-content\/uploads\/2025\/09\/Emma-vitrin.jpg","type":"image\/jpeg"}],"twitter_card":"summary_large_image","twitter_misc":{"Tahmini okuma s\u00fcresi":"1 dakika"},"schema":{"@context":"https:\/\/schema.org","@graph":[{"@type":"WebPage","@id":"https:\/\/sakipsabancimuzesi.org\/shop\/urun\/taki\/kolye\/emma-intaglio-quartz-kolye\/","url":"https:\/\/sakipsabancimuzesi.org\/shop\/urun\/taki\/kolye\/emma-intaglio-quartz-kolye\/","name":"Emma Intaglio Quartz kolye - SSM Shop","isPartOf":{"@id":"https:\/\/sakipsabancimuzesi.org\/shop\/#website"},"primaryImageOfPage":{"@id":"https:\/\/sakipsabancimuzesi.org\/shop\/urun\/taki\/kolye\/emma-intaglio-quartz-kolye\/#primaryimage"},"image":{"@id":"https:\/\/sakipsabancimuzesi.org\/shop\/urun\/taki\/kolye\/emma-intaglio-quartz-kolye\/#primaryimage"},"thumbnailUrl":"https:\/\/sakipsabancimuzesi.org\/shop\/wp-content\/uploads\/2025\/09\/Emma-vitrin.jpg","datePublished":"2025-09-05T11:57:23+00:00","dateModified":"2026-01-11T05:13:53+00:00","breadcrumb":{"@id":"https:\/\/sakipsabancimuzesi.org\/shop\/urun\/taki\/kolye\/emma-intaglio-quartz-kolye\/#breadcrumb"},"inLanguage":"tr","potentialAction":[{"@type":"ReadAction","target":["https:\/\/sakipsabancimuzesi.org\/shop\/urun\/taki\/kolye\/emma-intaglio-quartz-kolye\/"]}]},{"@type":"ImageObject","inLanguage":"tr","@id":"https:\/\/sakipsabancimuzesi.org\/shop\/urun\/taki\/kolye\/emma-intaglio-quartz-kolye\/#primaryimage","url":"https:\/\/sakipsabancimuzesi.org\/shop\/wp-content\/uploads\/2025\/09\/Emma-vitrin.jpg","contentUrl":"https:\/\/sakipsabancimuzesi.org\/shop\/wp-content\/uploads\/2025\/09\/Emma-vitrin.jpg","width":1280,"height":1600},{"@type":"BreadcrumbList","@id":"https:\/\/sakipsabancimuzesi.org\/shop\/urun\/taki\/kolye\/emma-intaglio-quartz-kolye\/#breadcrumb","itemListElement":[{"@type":"ListItem","position":1,"name":"Ana sayfa","item":"https:\/\/sakipsabancimuzesi.org\/shop\/"},{"@type":"ListItem","position":2,"name":"Shop","item":"https:\/\/sakipsabancimuzesi.org\/shop\/shop\/"},{"@type":"ListItem","position":3,"name":"Emma Intaglio Quartz kolye"}]},{"@type":"WebSite","@id":"https:\/\/sakipsabancimuzesi.org\/shop\/#website","url":"https:\/\/sakipsabancimuzesi.org\/shop\/","name":"SSM Shop","description":"Sak\u0131p Sabanc\u0131 M\u00fczesi, Ma\u011faza","publisher":{"@id":"https:\/\/sakipsabancimuzesi.org\/shop\/#organization"},"potentialAction":[{"@type":"SearchAction","target":{"@type":"EntryPoint","urlTemplate":"https:\/\/sakipsabancimuzesi.org\/shop\/?s={search_term_string}"},"query-input":{"@type":"PropertyValueSpecification","valueRequired":true,"valueName":"search_term_string"}}],"inLanguage":"tr"},{"@type":"Organization","@id":"https:\/\/sakipsabancimuzesi.org\/shop\/#organization","name":"SSM Shop","url":"https:\/\/sakipsabancimuzesi.org\/shop\/","logo":{"@type":"ImageObject","inLanguage":"tr","@id":"https:\/\/sakipsabancimuzesi.org\/shop\/#\/schema\/logo\/image\/","url":"https:\/\/sakipsabancimuzesi.org\/shop\/wp-content\/uploads\/2019\/11\/logo.png","contentUrl":"https:\/\/sakipsabancimuzesi.org\/shop\/wp-content\/uploads\/2019\/11\/logo.png","width":227,"height":87,"caption":"SSM Shop"},"image":{"@id":"https:\/\/sakipsabancimuzesi.org\/shop\/#\/schema\/logo\/image\/"},"sameAs":["https:\/\/www.facebook.com\/SakipSabanciMuzesi\/"]}]}},"jetpack_sharing_enabled":true,"_links":{"self":[{"href":"https:\/\/sakipsabancimuzesi.org\/shop\/wp-json\/wp\/v2\/product\/269499","targetHints":{"allow":["GET"]}}],"collection":[{"href":"https:\/\/sakipsabancimuzesi.org\/shop\/wp-json\/wp\/v2\/product"}],"about":[{"href":"https:\/\/sakipsabancimuzesi.org\/shop\/wp-json\/wp\/v2\/types\/product"}],"wp:featuredmedia":[{"embeddable":true,"href":"https:\/\/sakipsabancimuzesi.org\/shop\/wp-json\/wp\/v2\/media\/269626"}],"wp:attachment":[{"href":"https:\/\/sakipsabancimuzesi.org\/shop\/wp-json\/wp\/v2\/media?parent=269499"}],"wp:term":[{"taxonomy":"product_brand","embeddable":true,"href":"https:\/\/sakipsabancimuzesi.org\/shop\/wp-json\/wp\/v2\/product_brand?post=269499"},{"taxonomy":"product_cat","embeddable":true,"href":"https:\/\/sakipsabancimuzesi.org\/shop\/wp-json\/wp\/v2\/product_cat?post=269499"},{"taxonomy":"product_tag","embeddable":true,"href":"https:\/\/sakipsabancimuzesi.org\/shop\/wp-json\/wp\/v2\/product_tag?post=269499"},{"taxonomy":"woo-feed-brand","embeddable":true,"href":"https:\/\/sakipsabancimuzesi.org\/shop\/wp-json\/wp\/v2\/woo-feed-brand?post=269499"}],"curies":[{"name":"wp","href":"https:\/\/api.w.org\/{rel}","templated":true}]}}