{"id":269571,"date":"2025-10-30T13:46:55","date_gmt":"2025-10-30T10:46:55","guid":{"rendered":"https:\/\/sakipsabancimuzesi.org\/shop\/?post_type=product&#038;p=269571"},"modified":"2025-10-30T14:07:21","modified_gmt":"2025-10-30T11:07:21","slug":"monte-tea-set","status":"publish","type":"product","link":"https:\/\/sakipsabancimuzesi.org\/shop\/urun\/ev-dekorasyon\/monte-tea-set\/","title":{"rendered":"Monte Tea Set"},"content":{"rendered":"<p>Ate\u015f B\u00f6ce\u011fi Tea Set<\/p>\n<p>\u00c7ay saatlerinize b\u00fcy\u00fcleyici bir dokunu\u015f kat\u0131n! Ate\u015f B\u00f6ce\u011fi Tea Set, ince el i\u015f\u00e7ili\u011fiyle \u015fekillendirilmi\u015f porseleni ve zarif \u0131\u015f\u0131k oyunlar\u0131yla \u00e7ay deneyiminizi \u00f6zel bir rit\u00fcele d\u00f6n\u00fc\u015ft\u00fcr\u00fcyor.<\/p>\n<p>Her bir par\u00e7a, transparan s\u0131r ile veya mat \u015fekilde \u00fcretiliyor, b\u00f6ylece porselenin do\u011fas\u0131ndaki saf g\u00fczellik en \u00fcst seviyeye ta\u015f\u0131nm\u0131\u015ft\u0131r. Benzersiz ate\u015f b\u00f6ce\u011fi deseni, \u0131\u015f\u0131kla etkile\u015fime girerek setinize farkl\u0131 a\u00e7\u0131lardan bak\u0131ld\u0131\u011f\u0131nda hafif\u00e7e parlayan bir efekt yarat\u0131r.<\/p>\n<p>&nbsp;<\/p>\n","protected":false},"excerpt":{"rendered":"<p>Ate\u015f B\u00f6ce\u011fi Tea Set \u00c7ay saatlerinize b\u00fcy\u00fcleyici bir dokunu\u015f kat\u0131n! Ate\u015f B\u00f6ce\u011fi Tea Set, ince el i\u015f\u00e7ili\u011fiyle \u015fekillendirilmi\u015f porseleni ve zarif \u0131\u015f\u0131k oyunlar\u0131yla \u00e7ay deneyiminizi \u00f6zel bir rit\u00fcele d\u00f6n\u00fc\u015ft\u00fcr\u00fcyor. Her bir par\u00e7a, transparan s\u0131r ile veya mat \u015fekilde \u00fcretiliyor, b\u00f6ylece porselenin do\u011fas\u0131ndaki saf g\u00fczellik en \u00fcst seviyeye ta\u015f\u0131nm\u0131\u015ft\u0131r. Benzersiz ate\u015f b\u00f6ce\u011fi deseni, \u0131\u015f\u0131kla etkile\u015fime girerek [&#8230;]\n","protected":false},"featured_media":269572,"template":"","meta":{"_exactmetrics_skip_tracking":false,"_exactmetrics_sitenote_active":false,"_exactmetrics_sitenote_note":"","_exactmetrics_sitenote_category":0},"product_brand":[],"product_cat":[634],"product_tag":[],"woo-feed-brand":[],"class_list":{"0":"post-269571","1":"product","2":"type-product","3":"status-publish","4":"has-post-thumbnail","6":"product_cat-ev-dekorasyon","8":"first","9":"instock","10":"taxable","11":"shipping-taxable","12":"purchasable","13":"product-type-simple"},"yoast_head":"<!-- This site is optimized with the Yoast SEO plugin v27.1.1 - https:\/\/yoast.com\/product\/yoast-seo-wordpress\/ -->\n<title>Monte Tea Set - SSM Shop<\/title>\n<meta name=\"robots\" content=\"index, follow, max-snippet:-1, max-image-preview:large, max-video-preview:-1\" \/>\n<link rel=\"canonical\" href=\"https:\/\/sakipsabancimuzesi.org\/shop\/urun\/ev-dekorasyon\/monte-tea-set\/\" \/>\n<meta property=\"og:locale\" content=\"tr_TR\" \/>\n<meta property=\"og:type\" content=\"article\" \/>\n<meta property=\"og:title\" content=\"Monte Tea Set - SSM Shop\" \/>\n<meta property=\"og:description\" content=\"Ate\u015f B\u00f6ce\u011fi Tea Set \u00c7ay saatlerinize b\u00fcy\u00fcleyici bir dokunu\u015f kat\u0131n! Ate\u015f B\u00f6ce\u011fi Tea Set, ince el i\u015f\u00e7ili\u011fiyle \u015fekillendirilmi\u015f porseleni ve zarif \u0131\u015f\u0131k oyunlar\u0131yla \u00e7ay deneyiminizi \u00f6zel bir rit\u00fcele d\u00f6n\u00fc\u015ft\u00fcr\u00fcyor. Her bir par\u00e7a, transparan s\u0131r ile veya mat \u015fekilde \u00fcretiliyor, b\u00f6ylece porselenin do\u011fas\u0131ndaki saf g\u00fczellik en \u00fcst seviyeye ta\u015f\u0131nm\u0131\u015ft\u0131r. Benzersiz ate\u015f b\u00f6ce\u011fi deseni, \u0131\u015f\u0131kla etkile\u015fime girerek [...]\" \/>\n<meta property=\"og:url\" content=\"https:\/\/sakipsabancimuzesi.org\/shop\/urun\/ev-dekorasyon\/monte-tea-set\/\" \/>\n<meta property=\"og:site_name\" content=\"SSM Shop\" \/>\n<meta property=\"article:publisher\" content=\"https:\/\/www.facebook.com\/SakipSabanciMuzesi\/\" \/>\n<meta property=\"article:modified_time\" content=\"2025-10-30T11:07:21+00:00\" \/>\n<meta property=\"og:image\" content=\"https:\/\/sakipsabancimuzesi.org\/shop\/wp-content\/uploads\/2025\/10\/Monte-Tea-Set.jpg\" \/>\n\t<meta property=\"og:image:width\" content=\"1280\" \/>\n\t<meta property=\"og:image:height\" content=\"1600\" \/>\n\t<meta property=\"og:image:type\" content=\"image\/jpeg\" \/>\n<meta name=\"twitter:card\" content=\"summary_large_image\" \/>\n<script type=\"application\/ld+json\" class=\"yoast-schema-graph\">{\"@context\":\"https:\/\/schema.org\",\"@graph\":[{\"@type\":\"WebPage\",\"@id\":\"https:\/\/sakipsabancimuzesi.org\/shop\/urun\/ev-dekorasyon\/monte-tea-set\/\",\"url\":\"https:\/\/sakipsabancimuzesi.org\/shop\/urun\/ev-dekorasyon\/monte-tea-set\/\",\"name\":\"Monte Tea Set - SSM Shop\",\"isPartOf\":{\"@id\":\"https:\/\/sakipsabancimuzesi.org\/shop\/#website\"},\"primaryImageOfPage\":{\"@id\":\"https:\/\/sakipsabancimuzesi.org\/shop\/urun\/ev-dekorasyon\/monte-tea-set\/#primaryimage\"},\"image\":{\"@id\":\"https:\/\/sakipsabancimuzesi.org\/shop\/urun\/ev-dekorasyon\/monte-tea-set\/#primaryimage\"},\"thumbnailUrl\":\"https:\/\/sakipsabancimuzesi.org\/shop\/wp-content\/uploads\/2025\/10\/Monte-Tea-Set.jpg\",\"datePublished\":\"2025-10-30T10:46:55+00:00\",\"dateModified\":\"2025-10-30T11:07:21+00:00\",\"breadcrumb\":{\"@id\":\"https:\/\/sakipsabancimuzesi.org\/shop\/urun\/ev-dekorasyon\/monte-tea-set\/#breadcrumb\"},\"inLanguage\":\"tr\",\"potentialAction\":[{\"@type\":\"ReadAction\",\"target\":[\"https:\/\/sakipsabancimuzesi.org\/shop\/urun\/ev-dekorasyon\/monte-tea-set\/\"]}]},{\"@type\":\"ImageObject\",\"inLanguage\":\"tr\",\"@id\":\"https:\/\/sakipsabancimuzesi.org\/shop\/urun\/ev-dekorasyon\/monte-tea-set\/#primaryimage\",\"url\":\"https:\/\/sakipsabancimuzesi.org\/shop\/wp-content\/uploads\/2025\/10\/Monte-Tea-Set.jpg\",\"contentUrl\":\"https:\/\/sakipsabancimuzesi.org\/shop\/wp-content\/uploads\/2025\/10\/Monte-Tea-Set.jpg\",\"width\":1280,\"height\":1600},{\"@type\":\"BreadcrumbList\",\"@id\":\"https:\/\/sakipsabancimuzesi.org\/shop\/urun\/ev-dekorasyon\/monte-tea-set\/#breadcrumb\",\"itemListElement\":[{\"@type\":\"ListItem\",\"position\":1,\"name\":\"Ana sayfa\",\"item\":\"https:\/\/sakipsabancimuzesi.org\/shop\/\"},{\"@type\":\"ListItem\",\"position\":2,\"name\":\"Shop\",\"item\":\"https:\/\/sakipsabancimuzesi.org\/shop\/shop\/\"},{\"@type\":\"ListItem\",\"position\":3,\"name\":\"Monte Tea Set\"}]},{\"@type\":\"WebSite\",\"@id\":\"https:\/\/sakipsabancimuzesi.org\/shop\/#website\",\"url\":\"https:\/\/sakipsabancimuzesi.org\/shop\/\",\"name\":\"SSM Shop\",\"description\":\"Sak\u0131p Sabanc\u0131 M\u00fczesi, Ma\u011faza\",\"publisher\":{\"@id\":\"https:\/\/sakipsabancimuzesi.org\/shop\/#organization\"},\"potentialAction\":[{\"@type\":\"SearchAction\",\"target\":{\"@type\":\"EntryPoint\",\"urlTemplate\":\"https:\/\/sakipsabancimuzesi.org\/shop\/?s={search_term_string}\"},\"query-input\":{\"@type\":\"PropertyValueSpecification\",\"valueRequired\":true,\"valueName\":\"search_term_string\"}}],\"inLanguage\":\"tr\"},{\"@type\":\"Organization\",\"@id\":\"https:\/\/sakipsabancimuzesi.org\/shop\/#organization\",\"name\":\"SSM Shop\",\"url\":\"https:\/\/sakipsabancimuzesi.org\/shop\/\",\"logo\":{\"@type\":\"ImageObject\",\"inLanguage\":\"tr\",\"@id\":\"https:\/\/sakipsabancimuzesi.org\/shop\/#\/schema\/logo\/image\/\",\"url\":\"https:\/\/sakipsabancimuzesi.org\/shop\/wp-content\/uploads\/2019\/11\/logo.png\",\"contentUrl\":\"https:\/\/sakipsabancimuzesi.org\/shop\/wp-content\/uploads\/2019\/11\/logo.png\",\"width\":227,\"height\":87,\"caption\":\"SSM Shop\"},\"image\":{\"@id\":\"https:\/\/sakipsabancimuzesi.org\/shop\/#\/schema\/logo\/image\/\"},\"sameAs\":[\"https:\/\/www.facebook.com\/SakipSabanciMuzesi\/\"]}]}<\/script>\n<!-- \/ Yoast SEO plugin. -->","yoast_head_json":{"title":"Monte Tea Set - SSM Shop","robots":{"index":"index","follow":"follow","max-snippet":"max-snippet:-1","max-image-preview":"max-image-preview:large","max-video-preview":"max-video-preview:-1"},"canonical":"https:\/\/sakipsabancimuzesi.org\/shop\/urun\/ev-dekorasyon\/monte-tea-set\/","og_locale":"tr_TR","og_type":"article","og_title":"Monte Tea Set - SSM Shop","og_description":"Ate\u015f B\u00f6ce\u011fi Tea Set \u00c7ay saatlerinize b\u00fcy\u00fcleyici bir dokunu\u015f kat\u0131n! Ate\u015f B\u00f6ce\u011fi Tea Set, ince el i\u015f\u00e7ili\u011fiyle \u015fekillendirilmi\u015f porseleni ve zarif \u0131\u015f\u0131k oyunlar\u0131yla \u00e7ay deneyiminizi \u00f6zel bir rit\u00fcele d\u00f6n\u00fc\u015ft\u00fcr\u00fcyor. Her bir par\u00e7a, transparan s\u0131r ile veya mat \u015fekilde \u00fcretiliyor, b\u00f6ylece porselenin do\u011fas\u0131ndaki saf g\u00fczellik en \u00fcst seviyeye ta\u015f\u0131nm\u0131\u015ft\u0131r. Benzersiz ate\u015f b\u00f6ce\u011fi deseni, \u0131\u015f\u0131kla etkile\u015fime girerek [...]","og_url":"https:\/\/sakipsabancimuzesi.org\/shop\/urun\/ev-dekorasyon\/monte-tea-set\/","og_site_name":"SSM Shop","article_publisher":"https:\/\/www.facebook.com\/SakipSabanciMuzesi\/","article_modified_time":"2025-10-30T11:07:21+00:00","og_image":[{"width":1280,"height":1600,"url":"https:\/\/sakipsabancimuzesi.org\/shop\/wp-content\/uploads\/2025\/10\/Monte-Tea-Set.jpg","type":"image\/jpeg"}],"twitter_card":"summary_large_image","schema":{"@context":"https:\/\/schema.org","@graph":[{"@type":"WebPage","@id":"https:\/\/sakipsabancimuzesi.org\/shop\/urun\/ev-dekorasyon\/monte-tea-set\/","url":"https:\/\/sakipsabancimuzesi.org\/shop\/urun\/ev-dekorasyon\/monte-tea-set\/","name":"Monte Tea Set - SSM Shop","isPartOf":{"@id":"https:\/\/sakipsabancimuzesi.org\/shop\/#website"},"primaryImageOfPage":{"@id":"https:\/\/sakipsabancimuzesi.org\/shop\/urun\/ev-dekorasyon\/monte-tea-set\/#primaryimage"},"image":{"@id":"https:\/\/sakipsabancimuzesi.org\/shop\/urun\/ev-dekorasyon\/monte-tea-set\/#primaryimage"},"thumbnailUrl":"https:\/\/sakipsabancimuzesi.org\/shop\/wp-content\/uploads\/2025\/10\/Monte-Tea-Set.jpg","datePublished":"2025-10-30T10:46:55+00:00","dateModified":"2025-10-30T11:07:21+00:00","breadcrumb":{"@id":"https:\/\/sakipsabancimuzesi.org\/shop\/urun\/ev-dekorasyon\/monte-tea-set\/#breadcrumb"},"inLanguage":"tr","potentialAction":[{"@type":"ReadAction","target":["https:\/\/sakipsabancimuzesi.org\/shop\/urun\/ev-dekorasyon\/monte-tea-set\/"]}]},{"@type":"ImageObject","inLanguage":"tr","@id":"https:\/\/sakipsabancimuzesi.org\/shop\/urun\/ev-dekorasyon\/monte-tea-set\/#primaryimage","url":"https:\/\/sakipsabancimuzesi.org\/shop\/wp-content\/uploads\/2025\/10\/Monte-Tea-Set.jpg","contentUrl":"https:\/\/sakipsabancimuzesi.org\/shop\/wp-content\/uploads\/2025\/10\/Monte-Tea-Set.jpg","width":1280,"height":1600},{"@type":"BreadcrumbList","@id":"https:\/\/sakipsabancimuzesi.org\/shop\/urun\/ev-dekorasyon\/monte-tea-set\/#breadcrumb","itemListElement":[{"@type":"ListItem","position":1,"name":"Ana sayfa","item":"https:\/\/sakipsabancimuzesi.org\/shop\/"},{"@type":"ListItem","position":2,"name":"Shop","item":"https:\/\/sakipsabancimuzesi.org\/shop\/shop\/"},{"@type":"ListItem","position":3,"name":"Monte Tea Set"}]},{"@type":"WebSite","@id":"https:\/\/sakipsabancimuzesi.org\/shop\/#website","url":"https:\/\/sakipsabancimuzesi.org\/shop\/","name":"SSM Shop","description":"Sak\u0131p Sabanc\u0131 M\u00fczesi, Ma\u011faza","publisher":{"@id":"https:\/\/sakipsabancimuzesi.org\/shop\/#organization"},"potentialAction":[{"@type":"SearchAction","target":{"@type":"EntryPoint","urlTemplate":"https:\/\/sakipsabancimuzesi.org\/shop\/?s={search_term_string}"},"query-input":{"@type":"PropertyValueSpecification","valueRequired":true,"valueName":"search_term_string"}}],"inLanguage":"tr"},{"@type":"Organization","@id":"https:\/\/sakipsabancimuzesi.org\/shop\/#organization","name":"SSM Shop","url":"https:\/\/sakipsabancimuzesi.org\/shop\/","logo":{"@type":"ImageObject","inLanguage":"tr","@id":"https:\/\/sakipsabancimuzesi.org\/shop\/#\/schema\/logo\/image\/","url":"https:\/\/sakipsabancimuzesi.org\/shop\/wp-content\/uploads\/2019\/11\/logo.png","contentUrl":"https:\/\/sakipsabancimuzesi.org\/shop\/wp-content\/uploads\/2019\/11\/logo.png","width":227,"height":87,"caption":"SSM Shop"},"image":{"@id":"https:\/\/sakipsabancimuzesi.org\/shop\/#\/schema\/logo\/image\/"},"sameAs":["https:\/\/www.facebook.com\/SakipSabanciMuzesi\/"]}]}},"jetpack_sharing_enabled":true,"_links":{"self":[{"href":"https:\/\/sakipsabancimuzesi.org\/shop\/wp-json\/wp\/v2\/product\/269571","targetHints":{"allow":["GET"]}}],"collection":[{"href":"https:\/\/sakipsabancimuzesi.org\/shop\/wp-json\/wp\/v2\/product"}],"about":[{"href":"https:\/\/sakipsabancimuzesi.org\/shop\/wp-json\/wp\/v2\/types\/product"}],"wp:featuredmedia":[{"embeddable":true,"href":"https:\/\/sakipsabancimuzesi.org\/shop\/wp-json\/wp\/v2\/media\/269572"}],"wp:attachment":[{"href":"https:\/\/sakipsabancimuzesi.org\/shop\/wp-json\/wp\/v2\/media?parent=269571"}],"wp:term":[{"taxonomy":"product_brand","embeddable":true,"href":"https:\/\/sakipsabancimuzesi.org\/shop\/wp-json\/wp\/v2\/product_brand?post=269571"},{"taxonomy":"product_cat","embeddable":true,"href":"https:\/\/sakipsabancimuzesi.org\/shop\/wp-json\/wp\/v2\/product_cat?post=269571"},{"taxonomy":"product_tag","embeddable":true,"href":"https:\/\/sakipsabancimuzesi.org\/shop\/wp-json\/wp\/v2\/product_tag?post=269571"},{"taxonomy":"woo-feed-brand","embeddable":true,"href":"https:\/\/sakipsabancimuzesi.org\/shop\/wp-json\/wp\/v2\/woo-feed-brand?post=269571"}],"curies":[{"name":"wp","href":"https:\/\/api.w.org\/{rel}","templated":true}]}}