{"id":28933,"date":"2020-11-05T15:31:32","date_gmt":"2020-11-05T12:31:32","guid":{"rendered":"https:\/\/sakipsabancimuzesi.org\/shop\/?post_type=product&#038;p=28933"},"modified":"2020-11-30T11:44:00","modified_gmt":"2020-11-30T08:44:00","slug":"cevrimici-cocuk-atolyeleri-2020-zihin-gelisimi-atolyesi-muzik-ve-psikomotrisite-7-11-yas","status":"publish","type":"product","link":"https:\/\/sakipsabancimuzesi.org\/shop\/urun\/kategorilenmemis\/cevrimici-cocuk-atolyeleri-2020-zihin-gelisimi-atolyesi-muzik-ve-psikomotrisite-7-11-yas\/","title":{"rendered":"\u00c7evrimi\u00e7i \u00c7ocuk At\u00f6lyeleri 2020 &#8211; Zihin Geli\u015fimi At\u00f6lyesi &#8211; M\u00fczik ve Psikomotrisite (7-11 ya\u015f)"},"content":{"rendered":"<p>M\u00fczik e\u011fitim uzman\u0131 Dr. Bilge Pirondini\u2019nin y\u00f6netimindeki at\u00f6lye, psikomotrisite disipliniyle m\u00fczi\u011fi bir araya getiriyor. Hareket yoluyla beynin aktive edilmesini i\u00e7eren psikomotrisite oda\u011f\u0131nda ger\u00e7ekle\u015fecek \u00e7al\u0131\u015fmada \u00e7ocuklar, bilin\u00e7li hareket \u00f6rg\u00fcleri ve m\u00fczik e\u015fli\u011finde motor, bili\u015fsel ve duyusal i\u015flevlerini ke\u015ffedecek. At\u00f6lyede, bale eserlerine hik\u00e2ye yaz\u0131p, bundan hareketle koreografiler olu\u015fturma, bedeni bir enstr\u00fcman olarak kullanma gibi etkinliklerin yan\u0131 s\u0131ra m\u00fczi\u011fin kinestetik y\u00f6n\u00fcn\u00fc ke\u015ffetmeye y\u00f6nelik al\u0131\u015ft\u0131rmalar yer al\u0131yor.<\/p>\n<p>Malzemeler: Al\u00fcminyum folyo (t\u00fcm rulo), bardak (yar\u0131s\u0131na kadar su dolu), pipet, tenis topu, t\u00fcl, fular veya e\u015farp (50&#215;50 cm)<\/p>\n<p>\u00d6nemli Bilgiler:<\/p>\n<p>&#8211; Kat\u0131l\u0131mc\u0131lar, at\u00f6lyede kullanacaklar\u0131 malzemeleri kendileri temin etmelidir.<\/p>\n<p>&#8211; Sat\u0131n alma i\u015flemi s\u0131ras\u0131nda ek bilgi b\u00f6l\u00fcm\u00fcne kat\u0131l\u0131mc\u0131n\u0131n ad\u0131 ve ya\u015f\u0131 yaz\u0131lmal\u0131d\u0131r.<\/p>\n<p>&#8211; At\u00f6lye, Zoom servisi \u00fczerinden ger\u00e7ekle\u015ftirilir. At\u00f6lyeye kat\u0131l\u0131m linki, sat\u0131n alma i\u015flemi sonras\u0131 g\u00f6nderilecek e-postada payla\u015f\u0131laca\u011f\u0131 i\u00e7in e-posta adresinizi belirtmeniz gerekmektedir.<\/p>\n<p>&#8211; \u0130nternet ba\u011flant\u0131s\u0131ndan do\u011fabilecek aksakl\u0131k ve ma\u011fduriyetlerden SSM sorumlu de\u011fildir.<\/p>\n<p>&#8211; Kat\u0131l\u0131mc\u0131lar\u0131n ki\u015fisel sebeplerle e\u011fitime kat\u0131lamamas\u0131 durumunda \u00fccret iadesi veya de\u011fi\u015fiklik yap\u0131lmaz.<\/p>\n<p>&#8211; At\u00f6lyelere bilet alan her kat\u0131l\u0131mc\u0131, bilgisayar\u0131ndaki mikrofon ve kameran\u0131n a\u00e7\u0131k olaca\u011f\u0131n\u0131 kabul eder.<\/p>\n","protected":false},"excerpt":{"rendered":"<p>5 Aral\u0131k Cumartesi, 12.00 &#8211; 12.45<\/p>\n","protected":false},"featured_media":39648,"template":"","meta":{"_exactmetrics_skip_tracking":false,"_exactmetrics_sitenote_active":false,"_exactmetrics_sitenote_note":"","_exactmetrics_sitenote_category":0},"product_brand":[],"product_cat":[],"product_tag":[255,375,253,451,453,452],"woo-feed-brand":[],"class_list":{"0":"post-28933","1":"product","2":"type-product","3":"status-publish","4":"has-post-thumbnail","6":"product_tag-atolye","7":"product_tag-cevrimici","8":"product_tag-cocuk","9":"product_tag-muzik","10":"product_tag-psikomotrisite","11":"product_tag-zihin-gelisimi","13":"first","14":"outofstock","15":"virtual","16":"taxable","17":"purchasable","18":"product-type-simple"},"yoast_head":"<!-- This site is optimized with the Yoast SEO plugin v27.1.1 - https:\/\/yoast.com\/product\/yoast-seo-wordpress\/ -->\n<title>\u00c7evrimi\u00e7i \u00c7ocuk At\u00f6lyeleri 2020 - Zihin Geli\u015fimi At\u00f6lyesi - M\u00fczik ve Psikomotrisite (7-11 ya\u015f) - SSM Shop<\/title>\n<meta name=\"robots\" content=\"index, follow, max-snippet:-1, max-image-preview:large, max-video-preview:-1\" \/>\n<link rel=\"canonical\" href=\"https:\/\/sakipsabancimuzesi.org\/shop\/urun\/egitim-ve-etkinlik\/cevrimici-cocuk-atolyeleri-2020-zihin-gelisimi-atolyesi-muzik-ve-psikomotrisite-7-11-yas\/\" \/>\n<meta property=\"og:locale\" content=\"tr_TR\" \/>\n<meta property=\"og:type\" content=\"article\" \/>\n<meta property=\"og:title\" content=\"\u00c7evrimi\u00e7i \u00c7ocuk At\u00f6lyeleri 2020 - Zihin Geli\u015fimi At\u00f6lyesi - M\u00fczik ve Psikomotrisite (7-11 ya\u015f) - SSM Shop\" \/>\n<meta property=\"og:description\" content=\"5 Aral\u0131k Cumartesi, 12.00 - 12.45\" \/>\n<meta property=\"og:url\" content=\"https:\/\/sakipsabancimuzesi.org\/shop\/urun\/egitim-ve-etkinlik\/cevrimici-cocuk-atolyeleri-2020-zihin-gelisimi-atolyesi-muzik-ve-psikomotrisite-7-11-yas\/\" \/>\n<meta property=\"og:site_name\" content=\"SSM Shop\" \/>\n<meta property=\"article:publisher\" content=\"https:\/\/www.facebook.com\/SakipSabanciMuzesi\/\" \/>\n<meta property=\"article:modified_time\" content=\"2020-11-30T08:44:00+00:00\" \/>\n<meta property=\"og:image\" content=\"https:\/\/sakipsabancimuzesi.org\/shop\/wp-content\/uploads\/2020\/11\/zihinsel-gelisim-atolyesi-1080x1080-1.jpg\" \/>\n\t<meta property=\"og:image:width\" content=\"1080\" \/>\n\t<meta property=\"og:image:height\" content=\"1080\" \/>\n\t<meta property=\"og:image:type\" content=\"image\/jpeg\" \/>\n<meta name=\"twitter:card\" content=\"summary_large_image\" \/>\n<meta name=\"twitter:label1\" content=\"Tahmini okuma s\u00fcresi\" \/>\n\t<meta name=\"twitter:data1\" content=\"1 dakika\" \/>\n<script type=\"application\/ld+json\" class=\"yoast-schema-graph\">{\"@context\":\"https:\/\/schema.org\",\"@graph\":[{\"@type\":\"WebPage\",\"@id\":\"https:\/\/sakipsabancimuzesi.org\/shop\/urun\/egitim-ve-etkinlik\/cevrimici-cocuk-atolyeleri-2020-zihin-gelisimi-atolyesi-muzik-ve-psikomotrisite-7-11-yas\/\",\"url\":\"https:\/\/sakipsabancimuzesi.org\/shop\/urun\/egitim-ve-etkinlik\/cevrimici-cocuk-atolyeleri-2020-zihin-gelisimi-atolyesi-muzik-ve-psikomotrisite-7-11-yas\/\",\"name\":\"\u00c7evrimi\u00e7i \u00c7ocuk At\u00f6lyeleri 2020 - Zihin Geli\u015fimi At\u00f6lyesi - M\u00fczik ve Psikomotrisite (7-11 ya\u015f) - SSM Shop\",\"isPartOf\":{\"@id\":\"https:\/\/sakipsabancimuzesi.org\/shop\/#website\"},\"primaryImageOfPage\":{\"@id\":\"https:\/\/sakipsabancimuzesi.org\/shop\/urun\/egitim-ve-etkinlik\/cevrimici-cocuk-atolyeleri-2020-zihin-gelisimi-atolyesi-muzik-ve-psikomotrisite-7-11-yas\/#primaryimage\"},\"image\":{\"@id\":\"https:\/\/sakipsabancimuzesi.org\/shop\/urun\/egitim-ve-etkinlik\/cevrimici-cocuk-atolyeleri-2020-zihin-gelisimi-atolyesi-muzik-ve-psikomotrisite-7-11-yas\/#primaryimage\"},\"thumbnailUrl\":\"https:\/\/sakipsabancimuzesi.org\/shop\/wp-content\/uploads\/2020\/11\/zihinsel-gelisim-atolyesi-1080x1080-1.jpg\",\"datePublished\":\"2020-11-05T12:31:32+00:00\",\"dateModified\":\"2020-11-30T08:44:00+00:00\",\"breadcrumb\":{\"@id\":\"https:\/\/sakipsabancimuzesi.org\/shop\/urun\/egitim-ve-etkinlik\/cevrimici-cocuk-atolyeleri-2020-zihin-gelisimi-atolyesi-muzik-ve-psikomotrisite-7-11-yas\/#breadcrumb\"},\"inLanguage\":\"tr\",\"potentialAction\":[{\"@type\":\"ReadAction\",\"target\":[\"https:\/\/sakipsabancimuzesi.org\/shop\/urun\/egitim-ve-etkinlik\/cevrimici-cocuk-atolyeleri-2020-zihin-gelisimi-atolyesi-muzik-ve-psikomotrisite-7-11-yas\/\"]}]},{\"@type\":\"ImageObject\",\"inLanguage\":\"tr\",\"@id\":\"https:\/\/sakipsabancimuzesi.org\/shop\/urun\/egitim-ve-etkinlik\/cevrimici-cocuk-atolyeleri-2020-zihin-gelisimi-atolyesi-muzik-ve-psikomotrisite-7-11-yas\/#primaryimage\",\"url\":\"https:\/\/sakipsabancimuzesi.org\/shop\/wp-content\/uploads\/2020\/11\/zihinsel-gelisim-atolyesi-1080x1080-1.jpg\",\"contentUrl\":\"https:\/\/sakipsabancimuzesi.org\/shop\/wp-content\/uploads\/2020\/11\/zihinsel-gelisim-atolyesi-1080x1080-1.jpg\",\"width\":1080,\"height\":1080},{\"@type\":\"BreadcrumbList\",\"@id\":\"https:\/\/sakipsabancimuzesi.org\/shop\/urun\/egitim-ve-etkinlik\/cevrimici-cocuk-atolyeleri-2020-zihin-gelisimi-atolyesi-muzik-ve-psikomotrisite-7-11-yas\/#breadcrumb\",\"itemListElement\":[{\"@type\":\"ListItem\",\"position\":1,\"name\":\"Ana sayfa\",\"item\":\"https:\/\/sakipsabancimuzesi.org\/shop\/\"},{\"@type\":\"ListItem\",\"position\":2,\"name\":\"Shop\",\"item\":\"https:\/\/sakipsabancimuzesi.org\/shop\/shop\/\"},{\"@type\":\"ListItem\",\"position\":3,\"name\":\"\u00c7evrimi\u00e7i \u00c7ocuk At\u00f6lyeleri 2020 &#8211; Zihin Geli\u015fimi At\u00f6lyesi &#8211; M\u00fczik ve Psikomotrisite (7-11 ya\u015f)\"}]},{\"@type\":\"WebSite\",\"@id\":\"https:\/\/sakipsabancimuzesi.org\/shop\/#website\",\"url\":\"https:\/\/sakipsabancimuzesi.org\/shop\/\",\"name\":\"SSM Shop\",\"description\":\"Sak\u0131p Sabanc\u0131 M\u00fczesi, Ma\u011faza\",\"publisher\":{\"@id\":\"https:\/\/sakipsabancimuzesi.org\/shop\/#organization\"},\"potentialAction\":[{\"@type\":\"SearchAction\",\"target\":{\"@type\":\"EntryPoint\",\"urlTemplate\":\"https:\/\/sakipsabancimuzesi.org\/shop\/?s={search_term_string}\"},\"query-input\":{\"@type\":\"PropertyValueSpecification\",\"valueRequired\":true,\"valueName\":\"search_term_string\"}}],\"inLanguage\":\"tr\"},{\"@type\":\"Organization\",\"@id\":\"https:\/\/sakipsabancimuzesi.org\/shop\/#organization\",\"name\":\"SSM Shop\",\"url\":\"https:\/\/sakipsabancimuzesi.org\/shop\/\",\"logo\":{\"@type\":\"ImageObject\",\"inLanguage\":\"tr\",\"@id\":\"https:\/\/sakipsabancimuzesi.org\/shop\/#\/schema\/logo\/image\/\",\"url\":\"https:\/\/sakipsabancimuzesi.org\/shop\/wp-content\/uploads\/2019\/11\/logo.png\",\"contentUrl\":\"https:\/\/sakipsabancimuzesi.org\/shop\/wp-content\/uploads\/2019\/11\/logo.png\",\"width\":227,\"height\":87,\"caption\":\"SSM Shop\"},\"image\":{\"@id\":\"https:\/\/sakipsabancimuzesi.org\/shop\/#\/schema\/logo\/image\/\"},\"sameAs\":[\"https:\/\/www.facebook.com\/SakipSabanciMuzesi\/\"]}]}<\/script>\n<!-- \/ Yoast SEO plugin. -->","yoast_head_json":{"title":"\u00c7evrimi\u00e7i \u00c7ocuk At\u00f6lyeleri 2020 - Zihin Geli\u015fimi At\u00f6lyesi - M\u00fczik ve Psikomotrisite (7-11 ya\u015f) - SSM Shop","robots":{"index":"index","follow":"follow","max-snippet":"max-snippet:-1","max-image-preview":"max-image-preview:large","max-video-preview":"max-video-preview:-1"},"canonical":"https:\/\/sakipsabancimuzesi.org\/shop\/urun\/egitim-ve-etkinlik\/cevrimici-cocuk-atolyeleri-2020-zihin-gelisimi-atolyesi-muzik-ve-psikomotrisite-7-11-yas\/","og_locale":"tr_TR","og_type":"article","og_title":"\u00c7evrimi\u00e7i \u00c7ocuk At\u00f6lyeleri 2020 - Zihin Geli\u015fimi At\u00f6lyesi - M\u00fczik ve Psikomotrisite (7-11 ya\u015f) - SSM Shop","og_description":"5 Aral\u0131k Cumartesi, 12.00 - 12.45","og_url":"https:\/\/sakipsabancimuzesi.org\/shop\/urun\/egitim-ve-etkinlik\/cevrimici-cocuk-atolyeleri-2020-zihin-gelisimi-atolyesi-muzik-ve-psikomotrisite-7-11-yas\/","og_site_name":"SSM Shop","article_publisher":"https:\/\/www.facebook.com\/SakipSabanciMuzesi\/","article_modified_time":"2020-11-30T08:44:00+00:00","og_image":[{"width":1080,"height":1080,"url":"https:\/\/sakipsabancimuzesi.org\/shop\/wp-content\/uploads\/2020\/11\/zihinsel-gelisim-atolyesi-1080x1080-1.jpg","type":"image\/jpeg"}],"twitter_card":"summary_large_image","twitter_misc":{"Tahmini okuma s\u00fcresi":"1 dakika"},"schema":{"@context":"https:\/\/schema.org","@graph":[{"@type":"WebPage","@id":"https:\/\/sakipsabancimuzesi.org\/shop\/urun\/egitim-ve-etkinlik\/cevrimici-cocuk-atolyeleri-2020-zihin-gelisimi-atolyesi-muzik-ve-psikomotrisite-7-11-yas\/","url":"https:\/\/sakipsabancimuzesi.org\/shop\/urun\/egitim-ve-etkinlik\/cevrimici-cocuk-atolyeleri-2020-zihin-gelisimi-atolyesi-muzik-ve-psikomotrisite-7-11-yas\/","name":"\u00c7evrimi\u00e7i \u00c7ocuk At\u00f6lyeleri 2020 - Zihin Geli\u015fimi At\u00f6lyesi - M\u00fczik ve Psikomotrisite (7-11 ya\u015f) - SSM Shop","isPartOf":{"@id":"https:\/\/sakipsabancimuzesi.org\/shop\/#website"},"primaryImageOfPage":{"@id":"https:\/\/sakipsabancimuzesi.org\/shop\/urun\/egitim-ve-etkinlik\/cevrimici-cocuk-atolyeleri-2020-zihin-gelisimi-atolyesi-muzik-ve-psikomotrisite-7-11-yas\/#primaryimage"},"image":{"@id":"https:\/\/sakipsabancimuzesi.org\/shop\/urun\/egitim-ve-etkinlik\/cevrimici-cocuk-atolyeleri-2020-zihin-gelisimi-atolyesi-muzik-ve-psikomotrisite-7-11-yas\/#primaryimage"},"thumbnailUrl":"https:\/\/sakipsabancimuzesi.org\/shop\/wp-content\/uploads\/2020\/11\/zihinsel-gelisim-atolyesi-1080x1080-1.jpg","datePublished":"2020-11-05T12:31:32+00:00","dateModified":"2020-11-30T08:44:00+00:00","breadcrumb":{"@id":"https:\/\/sakipsabancimuzesi.org\/shop\/urun\/egitim-ve-etkinlik\/cevrimici-cocuk-atolyeleri-2020-zihin-gelisimi-atolyesi-muzik-ve-psikomotrisite-7-11-yas\/#breadcrumb"},"inLanguage":"tr","potentialAction":[{"@type":"ReadAction","target":["https:\/\/sakipsabancimuzesi.org\/shop\/urun\/egitim-ve-etkinlik\/cevrimici-cocuk-atolyeleri-2020-zihin-gelisimi-atolyesi-muzik-ve-psikomotrisite-7-11-yas\/"]}]},{"@type":"ImageObject","inLanguage":"tr","@id":"https:\/\/sakipsabancimuzesi.org\/shop\/urun\/egitim-ve-etkinlik\/cevrimici-cocuk-atolyeleri-2020-zihin-gelisimi-atolyesi-muzik-ve-psikomotrisite-7-11-yas\/#primaryimage","url":"https:\/\/sakipsabancimuzesi.org\/shop\/wp-content\/uploads\/2020\/11\/zihinsel-gelisim-atolyesi-1080x1080-1.jpg","contentUrl":"https:\/\/sakipsabancimuzesi.org\/shop\/wp-content\/uploads\/2020\/11\/zihinsel-gelisim-atolyesi-1080x1080-1.jpg","width":1080,"height":1080},{"@type":"BreadcrumbList","@id":"https:\/\/sakipsabancimuzesi.org\/shop\/urun\/egitim-ve-etkinlik\/cevrimici-cocuk-atolyeleri-2020-zihin-gelisimi-atolyesi-muzik-ve-psikomotrisite-7-11-yas\/#breadcrumb","itemListElement":[{"@type":"ListItem","position":1,"name":"Ana sayfa","item":"https:\/\/sakipsabancimuzesi.org\/shop\/"},{"@type":"ListItem","position":2,"name":"Shop","item":"https:\/\/sakipsabancimuzesi.org\/shop\/shop\/"},{"@type":"ListItem","position":3,"name":"\u00c7evrimi\u00e7i \u00c7ocuk At\u00f6lyeleri 2020 &#8211; Zihin Geli\u015fimi At\u00f6lyesi &#8211; M\u00fczik ve Psikomotrisite (7-11 ya\u015f)"}]},{"@type":"WebSite","@id":"https:\/\/sakipsabancimuzesi.org\/shop\/#website","url":"https:\/\/sakipsabancimuzesi.org\/shop\/","name":"SSM Shop","description":"Sak\u0131p Sabanc\u0131 M\u00fczesi, Ma\u011faza","publisher":{"@id":"https:\/\/sakipsabancimuzesi.org\/shop\/#organization"},"potentialAction":[{"@type":"SearchAction","target":{"@type":"EntryPoint","urlTemplate":"https:\/\/sakipsabancimuzesi.org\/shop\/?s={search_term_string}"},"query-input":{"@type":"PropertyValueSpecification","valueRequired":true,"valueName":"search_term_string"}}],"inLanguage":"tr"},{"@type":"Organization","@id":"https:\/\/sakipsabancimuzesi.org\/shop\/#organization","name":"SSM Shop","url":"https:\/\/sakipsabancimuzesi.org\/shop\/","logo":{"@type":"ImageObject","inLanguage":"tr","@id":"https:\/\/sakipsabancimuzesi.org\/shop\/#\/schema\/logo\/image\/","url":"https:\/\/sakipsabancimuzesi.org\/shop\/wp-content\/uploads\/2019\/11\/logo.png","contentUrl":"https:\/\/sakipsabancimuzesi.org\/shop\/wp-content\/uploads\/2019\/11\/logo.png","width":227,"height":87,"caption":"SSM Shop"},"image":{"@id":"https:\/\/sakipsabancimuzesi.org\/shop\/#\/schema\/logo\/image\/"},"sameAs":["https:\/\/www.facebook.com\/SakipSabanciMuzesi\/"]}]}},"jetpack_sharing_enabled":true,"_links":{"self":[{"href":"https:\/\/sakipsabancimuzesi.org\/shop\/wp-json\/wp\/v2\/product\/28933","targetHints":{"allow":["GET"]}}],"collection":[{"href":"https:\/\/sakipsabancimuzesi.org\/shop\/wp-json\/wp\/v2\/product"}],"about":[{"href":"https:\/\/sakipsabancimuzesi.org\/shop\/wp-json\/wp\/v2\/types\/product"}],"wp:featuredmedia":[{"embeddable":true,"href":"https:\/\/sakipsabancimuzesi.org\/shop\/wp-json\/wp\/v2\/media\/39648"}],"wp:attachment":[{"href":"https:\/\/sakipsabancimuzesi.org\/shop\/wp-json\/wp\/v2\/media?parent=28933"}],"wp:term":[{"taxonomy":"product_brand","embeddable":true,"href":"https:\/\/sakipsabancimuzesi.org\/shop\/wp-json\/wp\/v2\/product_brand?post=28933"},{"taxonomy":"product_cat","embeddable":true,"href":"https:\/\/sakipsabancimuzesi.org\/shop\/wp-json\/wp\/v2\/product_cat?post=28933"},{"taxonomy":"product_tag","embeddable":true,"href":"https:\/\/sakipsabancimuzesi.org\/shop\/wp-json\/wp\/v2\/product_tag?post=28933"},{"taxonomy":"woo-feed-brand","embeddable":true,"href":"https:\/\/sakipsabancimuzesi.org\/shop\/wp-json\/wp\/v2\/woo-feed-brand?post=28933"}],"curies":[{"name":"wp","href":"https:\/\/api.w.org\/{rel}","templated":true}]}}