{"id":29012,"date":"2020-11-05T16:26:50","date_gmt":"2020-11-05T13:26:50","guid":{"rendered":"https:\/\/sakipsabancimuzesi.org\/shop\/?post_type=product&#038;p=29012"},"modified":"2020-12-19T13:07:41","modified_gmt":"2020-12-19T10:07:41","slug":"cevrimici-cocuk-atolyeleri-2020-resim-mi-heykel-mi-7-12-yas","status":"publish","type":"product","link":"https:\/\/sakipsabancimuzesi.org\/shop\/urun\/kategorilenmemis\/cevrimici-cocuk-atolyeleri-2020-resim-mi-heykel-mi-7-12-yas\/","title":{"rendered":"\u00c7evrimi\u00e7i \u00c7ocuk At\u00f6lyeleri 2020 &#8211; Resim mi Heykel Mi?  (7-12 ya\u015f)"},"content":{"rendered":"<p>Soyut ve hareketli konstr\u00fcksiyonlar\u0131yla tan\u0131nan ABD\u2019li sanat\u00e7\u0131 Alexander Calder\u2019\u0131n (1898-1976) eserlerinin temel al\u0131nd\u0131\u011f\u0131 at\u00f6lyede \u00e7ocuklar resim ve heykel kavramlar\u0131 ve bu alanda \u00e7al\u0131\u015fan sanat\u00e7\u0131lar\u0131n yarat\u0131m s\u00fcre\u00e7leri \u00fczerine d\u00fc\u015f\u00fcnecek. At\u00f6lyenin uygulama a\u015famas\u0131nda ise Calder\u2019\u0131n yaratt\u0131\u011f\u0131 bi\u00e7imleri k\u00e2\u011f\u0131da ge\u00e7irildikten sonra keserek kendi k\u00e2\u011f\u0131t heykellerini yapacaklar.<\/p>\n<p>Malzemeler: \u0130ki adet resim \u00e7\u0131kt\u0131s\u0131 (e-posta ile g\u00f6nderilecek), resim k\u00e2\u011f\u0131d\u0131, gazl\u0131 kalem, renkli karton k\u00e2\u011f\u0131tlar, makas, bant, stick yap\u0131\u015ft\u0131r\u0131c\u0131, s\u0131v\u0131 yap\u0131\u015ft\u0131r\u0131c\u0131, ip, renkli kraft teli (1 mm x 2 m), \u00e7ocuk pensesi<\/p>\n<p>\u00d6nemli Bilgiler:<\/p>\n<p>&#8211; Kat\u0131l\u0131mc\u0131lar, at\u00f6lyede kullanacaklar\u0131 malzemeleri kendileri temin etmelidir.<\/p>\n<p>&#8211; Sat\u0131n alma i\u015flemi s\u0131ras\u0131nda ek bilgi b\u00f6l\u00fcm\u00fcne kat\u0131l\u0131mc\u0131n\u0131n ad\u0131 ve ya\u015f\u0131 yaz\u0131lmal\u0131d\u0131r.<\/p>\n<p>&#8211; At\u00f6lye, Zoom servisi \u00fczerinden ger\u00e7ekle\u015ftirilir. At\u00f6lyeye kat\u0131l\u0131m linki, sat\u0131n alma i\u015flemi sonras\u0131 g\u00f6nderilecek e-postada payla\u015f\u0131laca\u011f\u0131 i\u00e7in e-posta adresinizi belirtmeniz gerekmektedir.<\/p>\n<p>&#8211; \u0130nternet ba\u011flant\u0131s\u0131ndan do\u011fabilecek aksakl\u0131k ve ma\u011fduriyetlerden SSM sorumlu de\u011fildir.<\/p>\n<p>&#8211; Kat\u0131l\u0131mc\u0131lar\u0131n ki\u015fisel sebeplerle e\u011fitime kat\u0131lamamas\u0131 durumunda \u00fccret iadesi veya de\u011fi\u015fiklik yap\u0131lmaz.<\/p>\n<p>&#8211; At\u00f6lyelere bilet alan her kat\u0131l\u0131mc\u0131, bilgisayar\u0131ndaki mikrofon ve kameran\u0131n a\u00e7\u0131k olaca\u011f\u0131n\u0131 kabul eder.<\/p>\n","protected":false},"excerpt":{"rendered":"<p>19 Aral\u0131k Cumartesi, 12.00 &#8211; 12.45<\/p>\n","protected":false},"featured_media":43201,"template":"","meta":{"_exactmetrics_skip_tracking":false,"_exactmetrics_sitenote_active":false,"_exactmetrics_sitenote_note":"","_exactmetrics_sitenote_category":0},"product_brand":[],"product_cat":[],"product_tag":[255,375,253,134,165,376],"woo-feed-brand":[],"class_list":{"0":"post-29012","1":"product","2":"type-product","3":"status-publish","4":"has-post-thumbnail","6":"product_tag-atolye","7":"product_tag-cevrimici","8":"product_tag-cocuk","9":"product_tag-heykel","10":"product_tag-resim","11":"product_tag-sanat","13":"first","14":"outofstock","15":"virtual","16":"taxable","17":"purchasable","18":"product-type-simple"},"yoast_head":"<!-- This site is optimized with the Yoast SEO plugin v27.1.1 - https:\/\/yoast.com\/product\/yoast-seo-wordpress\/ -->\n<title>\u00c7evrimi\u00e7i \u00c7ocuk At\u00f6lyeleri 2020 - Resim mi Heykel Mi? (7-12 ya\u015f) - SSM Shop<\/title>\n<meta name=\"robots\" content=\"index, follow, max-snippet:-1, max-image-preview:large, max-video-preview:-1\" \/>\n<link rel=\"canonical\" href=\"https:\/\/sakipsabancimuzesi.org\/shop\/urun\/egitim-ve-etkinlik\/cevrimici-cocuk-atolyeleri-2020-resim-mi-heykel-mi-7-12-yas\/\" \/>\n<meta property=\"og:locale\" content=\"tr_TR\" \/>\n<meta property=\"og:type\" content=\"article\" \/>\n<meta property=\"og:title\" content=\"\u00c7evrimi\u00e7i \u00c7ocuk At\u00f6lyeleri 2020 - Resim mi Heykel Mi? (7-12 ya\u015f) - SSM Shop\" \/>\n<meta property=\"og:description\" content=\"19 Aral\u0131k Cumartesi, 12.00 - 12.45\" \/>\n<meta property=\"og:url\" content=\"https:\/\/sakipsabancimuzesi.org\/shop\/urun\/egitim-ve-etkinlik\/cevrimici-cocuk-atolyeleri-2020-resim-mi-heykel-mi-7-12-yas\/\" \/>\n<meta property=\"og:site_name\" content=\"SSM Shop\" \/>\n<meta property=\"article:publisher\" content=\"https:\/\/www.facebook.com\/SakipSabanciMuzesi\/\" \/>\n<meta property=\"article:modified_time\" content=\"2020-12-19T10:07:41+00:00\" \/>\n<meta property=\"og:image\" content=\"https:\/\/sakipsabancimuzesi.org\/shop\/wp-content\/uploads\/2020\/11\/resimmi-heykelmi-1080x1080-2.jpg\" \/>\n\t<meta property=\"og:image:width\" content=\"1080\" \/>\n\t<meta property=\"og:image:height\" content=\"1080\" \/>\n\t<meta property=\"og:image:type\" content=\"image\/jpeg\" \/>\n<meta name=\"twitter:card\" content=\"summary_large_image\" \/>\n<meta name=\"twitter:label1\" content=\"Tahmini okuma s\u00fcresi\" \/>\n\t<meta name=\"twitter:data1\" content=\"1 dakika\" \/>\n<script type=\"application\/ld+json\" class=\"yoast-schema-graph\">{\"@context\":\"https:\/\/schema.org\",\"@graph\":[{\"@type\":\"WebPage\",\"@id\":\"https:\/\/sakipsabancimuzesi.org\/shop\/urun\/egitim-ve-etkinlik\/cevrimici-cocuk-atolyeleri-2020-resim-mi-heykel-mi-7-12-yas\/\",\"url\":\"https:\/\/sakipsabancimuzesi.org\/shop\/urun\/egitim-ve-etkinlik\/cevrimici-cocuk-atolyeleri-2020-resim-mi-heykel-mi-7-12-yas\/\",\"name\":\"\u00c7evrimi\u00e7i \u00c7ocuk At\u00f6lyeleri 2020 - Resim mi Heykel Mi? (7-12 ya\u015f) - SSM Shop\",\"isPartOf\":{\"@id\":\"https:\/\/sakipsabancimuzesi.org\/shop\/#website\"},\"primaryImageOfPage\":{\"@id\":\"https:\/\/sakipsabancimuzesi.org\/shop\/urun\/egitim-ve-etkinlik\/cevrimici-cocuk-atolyeleri-2020-resim-mi-heykel-mi-7-12-yas\/#primaryimage\"},\"image\":{\"@id\":\"https:\/\/sakipsabancimuzesi.org\/shop\/urun\/egitim-ve-etkinlik\/cevrimici-cocuk-atolyeleri-2020-resim-mi-heykel-mi-7-12-yas\/#primaryimage\"},\"thumbnailUrl\":\"https:\/\/sakipsabancimuzesi.org\/shop\/wp-content\/uploads\/2020\/11\/resimmi-heykelmi-1080x1080-2.jpg\",\"datePublished\":\"2020-11-05T13:26:50+00:00\",\"dateModified\":\"2020-12-19T10:07:41+00:00\",\"breadcrumb\":{\"@id\":\"https:\/\/sakipsabancimuzesi.org\/shop\/urun\/egitim-ve-etkinlik\/cevrimici-cocuk-atolyeleri-2020-resim-mi-heykel-mi-7-12-yas\/#breadcrumb\"},\"inLanguage\":\"tr\",\"potentialAction\":[{\"@type\":\"ReadAction\",\"target\":[\"https:\/\/sakipsabancimuzesi.org\/shop\/urun\/egitim-ve-etkinlik\/cevrimici-cocuk-atolyeleri-2020-resim-mi-heykel-mi-7-12-yas\/\"]}]},{\"@type\":\"ImageObject\",\"inLanguage\":\"tr\",\"@id\":\"https:\/\/sakipsabancimuzesi.org\/shop\/urun\/egitim-ve-etkinlik\/cevrimici-cocuk-atolyeleri-2020-resim-mi-heykel-mi-7-12-yas\/#primaryimage\",\"url\":\"https:\/\/sakipsabancimuzesi.org\/shop\/wp-content\/uploads\/2020\/11\/resimmi-heykelmi-1080x1080-2.jpg\",\"contentUrl\":\"https:\/\/sakipsabancimuzesi.org\/shop\/wp-content\/uploads\/2020\/11\/resimmi-heykelmi-1080x1080-2.jpg\",\"width\":1080,\"height\":1080},{\"@type\":\"BreadcrumbList\",\"@id\":\"https:\/\/sakipsabancimuzesi.org\/shop\/urun\/egitim-ve-etkinlik\/cevrimici-cocuk-atolyeleri-2020-resim-mi-heykel-mi-7-12-yas\/#breadcrumb\",\"itemListElement\":[{\"@type\":\"ListItem\",\"position\":1,\"name\":\"Ana sayfa\",\"item\":\"https:\/\/sakipsabancimuzesi.org\/shop\/\"},{\"@type\":\"ListItem\",\"position\":2,\"name\":\"Shop\",\"item\":\"https:\/\/sakipsabancimuzesi.org\/shop\/shop\/\"},{\"@type\":\"ListItem\",\"position\":3,\"name\":\"\u00c7evrimi\u00e7i \u00c7ocuk At\u00f6lyeleri 2020 &#8211; Resim mi Heykel Mi? (7-12 ya\u015f)\"}]},{\"@type\":\"WebSite\",\"@id\":\"https:\/\/sakipsabancimuzesi.org\/shop\/#website\",\"url\":\"https:\/\/sakipsabancimuzesi.org\/shop\/\",\"name\":\"SSM Shop\",\"description\":\"Sak\u0131p Sabanc\u0131 M\u00fczesi, Ma\u011faza\",\"publisher\":{\"@id\":\"https:\/\/sakipsabancimuzesi.org\/shop\/#organization\"},\"potentialAction\":[{\"@type\":\"SearchAction\",\"target\":{\"@type\":\"EntryPoint\",\"urlTemplate\":\"https:\/\/sakipsabancimuzesi.org\/shop\/?s={search_term_string}\"},\"query-input\":{\"@type\":\"PropertyValueSpecification\",\"valueRequired\":true,\"valueName\":\"search_term_string\"}}],\"inLanguage\":\"tr\"},{\"@type\":\"Organization\",\"@id\":\"https:\/\/sakipsabancimuzesi.org\/shop\/#organization\",\"name\":\"SSM Shop\",\"url\":\"https:\/\/sakipsabancimuzesi.org\/shop\/\",\"logo\":{\"@type\":\"ImageObject\",\"inLanguage\":\"tr\",\"@id\":\"https:\/\/sakipsabancimuzesi.org\/shop\/#\/schema\/logo\/image\/\",\"url\":\"https:\/\/sakipsabancimuzesi.org\/shop\/wp-content\/uploads\/2019\/11\/logo.png\",\"contentUrl\":\"https:\/\/sakipsabancimuzesi.org\/shop\/wp-content\/uploads\/2019\/11\/logo.png\",\"width\":227,\"height\":87,\"caption\":\"SSM Shop\"},\"image\":{\"@id\":\"https:\/\/sakipsabancimuzesi.org\/shop\/#\/schema\/logo\/image\/\"},\"sameAs\":[\"https:\/\/www.facebook.com\/SakipSabanciMuzesi\/\"]}]}<\/script>\n<!-- \/ Yoast SEO plugin. -->","yoast_head_json":{"title":"\u00c7evrimi\u00e7i \u00c7ocuk At\u00f6lyeleri 2020 - Resim mi Heykel Mi? (7-12 ya\u015f) - SSM Shop","robots":{"index":"index","follow":"follow","max-snippet":"max-snippet:-1","max-image-preview":"max-image-preview:large","max-video-preview":"max-video-preview:-1"},"canonical":"https:\/\/sakipsabancimuzesi.org\/shop\/urun\/egitim-ve-etkinlik\/cevrimici-cocuk-atolyeleri-2020-resim-mi-heykel-mi-7-12-yas\/","og_locale":"tr_TR","og_type":"article","og_title":"\u00c7evrimi\u00e7i \u00c7ocuk At\u00f6lyeleri 2020 - Resim mi Heykel Mi? (7-12 ya\u015f) - SSM Shop","og_description":"19 Aral\u0131k Cumartesi, 12.00 - 12.45","og_url":"https:\/\/sakipsabancimuzesi.org\/shop\/urun\/egitim-ve-etkinlik\/cevrimici-cocuk-atolyeleri-2020-resim-mi-heykel-mi-7-12-yas\/","og_site_name":"SSM Shop","article_publisher":"https:\/\/www.facebook.com\/SakipSabanciMuzesi\/","article_modified_time":"2020-12-19T10:07:41+00:00","og_image":[{"width":1080,"height":1080,"url":"https:\/\/sakipsabancimuzesi.org\/shop\/wp-content\/uploads\/2020\/11\/resimmi-heykelmi-1080x1080-2.jpg","type":"image\/jpeg"}],"twitter_card":"summary_large_image","twitter_misc":{"Tahmini okuma s\u00fcresi":"1 dakika"},"schema":{"@context":"https:\/\/schema.org","@graph":[{"@type":"WebPage","@id":"https:\/\/sakipsabancimuzesi.org\/shop\/urun\/egitim-ve-etkinlik\/cevrimici-cocuk-atolyeleri-2020-resim-mi-heykel-mi-7-12-yas\/","url":"https:\/\/sakipsabancimuzesi.org\/shop\/urun\/egitim-ve-etkinlik\/cevrimici-cocuk-atolyeleri-2020-resim-mi-heykel-mi-7-12-yas\/","name":"\u00c7evrimi\u00e7i \u00c7ocuk At\u00f6lyeleri 2020 - Resim mi Heykel Mi? (7-12 ya\u015f) - SSM Shop","isPartOf":{"@id":"https:\/\/sakipsabancimuzesi.org\/shop\/#website"},"primaryImageOfPage":{"@id":"https:\/\/sakipsabancimuzesi.org\/shop\/urun\/egitim-ve-etkinlik\/cevrimici-cocuk-atolyeleri-2020-resim-mi-heykel-mi-7-12-yas\/#primaryimage"},"image":{"@id":"https:\/\/sakipsabancimuzesi.org\/shop\/urun\/egitim-ve-etkinlik\/cevrimici-cocuk-atolyeleri-2020-resim-mi-heykel-mi-7-12-yas\/#primaryimage"},"thumbnailUrl":"https:\/\/sakipsabancimuzesi.org\/shop\/wp-content\/uploads\/2020\/11\/resimmi-heykelmi-1080x1080-2.jpg","datePublished":"2020-11-05T13:26:50+00:00","dateModified":"2020-12-19T10:07:41+00:00","breadcrumb":{"@id":"https:\/\/sakipsabancimuzesi.org\/shop\/urun\/egitim-ve-etkinlik\/cevrimici-cocuk-atolyeleri-2020-resim-mi-heykel-mi-7-12-yas\/#breadcrumb"},"inLanguage":"tr","potentialAction":[{"@type":"ReadAction","target":["https:\/\/sakipsabancimuzesi.org\/shop\/urun\/egitim-ve-etkinlik\/cevrimici-cocuk-atolyeleri-2020-resim-mi-heykel-mi-7-12-yas\/"]}]},{"@type":"ImageObject","inLanguage":"tr","@id":"https:\/\/sakipsabancimuzesi.org\/shop\/urun\/egitim-ve-etkinlik\/cevrimici-cocuk-atolyeleri-2020-resim-mi-heykel-mi-7-12-yas\/#primaryimage","url":"https:\/\/sakipsabancimuzesi.org\/shop\/wp-content\/uploads\/2020\/11\/resimmi-heykelmi-1080x1080-2.jpg","contentUrl":"https:\/\/sakipsabancimuzesi.org\/shop\/wp-content\/uploads\/2020\/11\/resimmi-heykelmi-1080x1080-2.jpg","width":1080,"height":1080},{"@type":"BreadcrumbList","@id":"https:\/\/sakipsabancimuzesi.org\/shop\/urun\/egitim-ve-etkinlik\/cevrimici-cocuk-atolyeleri-2020-resim-mi-heykel-mi-7-12-yas\/#breadcrumb","itemListElement":[{"@type":"ListItem","position":1,"name":"Ana sayfa","item":"https:\/\/sakipsabancimuzesi.org\/shop\/"},{"@type":"ListItem","position":2,"name":"Shop","item":"https:\/\/sakipsabancimuzesi.org\/shop\/shop\/"},{"@type":"ListItem","position":3,"name":"\u00c7evrimi\u00e7i \u00c7ocuk At\u00f6lyeleri 2020 &#8211; Resim mi Heykel Mi? (7-12 ya\u015f)"}]},{"@type":"WebSite","@id":"https:\/\/sakipsabancimuzesi.org\/shop\/#website","url":"https:\/\/sakipsabancimuzesi.org\/shop\/","name":"SSM Shop","description":"Sak\u0131p Sabanc\u0131 M\u00fczesi, Ma\u011faza","publisher":{"@id":"https:\/\/sakipsabancimuzesi.org\/shop\/#organization"},"potentialAction":[{"@type":"SearchAction","target":{"@type":"EntryPoint","urlTemplate":"https:\/\/sakipsabancimuzesi.org\/shop\/?s={search_term_string}"},"query-input":{"@type":"PropertyValueSpecification","valueRequired":true,"valueName":"search_term_string"}}],"inLanguage":"tr"},{"@type":"Organization","@id":"https:\/\/sakipsabancimuzesi.org\/shop\/#organization","name":"SSM Shop","url":"https:\/\/sakipsabancimuzesi.org\/shop\/","logo":{"@type":"ImageObject","inLanguage":"tr","@id":"https:\/\/sakipsabancimuzesi.org\/shop\/#\/schema\/logo\/image\/","url":"https:\/\/sakipsabancimuzesi.org\/shop\/wp-content\/uploads\/2019\/11\/logo.png","contentUrl":"https:\/\/sakipsabancimuzesi.org\/shop\/wp-content\/uploads\/2019\/11\/logo.png","width":227,"height":87,"caption":"SSM Shop"},"image":{"@id":"https:\/\/sakipsabancimuzesi.org\/shop\/#\/schema\/logo\/image\/"},"sameAs":["https:\/\/www.facebook.com\/SakipSabanciMuzesi\/"]}]}},"jetpack_sharing_enabled":true,"_links":{"self":[{"href":"https:\/\/sakipsabancimuzesi.org\/shop\/wp-json\/wp\/v2\/product\/29012","targetHints":{"allow":["GET"]}}],"collection":[{"href":"https:\/\/sakipsabancimuzesi.org\/shop\/wp-json\/wp\/v2\/product"}],"about":[{"href":"https:\/\/sakipsabancimuzesi.org\/shop\/wp-json\/wp\/v2\/types\/product"}],"wp:featuredmedia":[{"embeddable":true,"href":"https:\/\/sakipsabancimuzesi.org\/shop\/wp-json\/wp\/v2\/media\/43201"}],"wp:attachment":[{"href":"https:\/\/sakipsabancimuzesi.org\/shop\/wp-json\/wp\/v2\/media?parent=29012"}],"wp:term":[{"taxonomy":"product_brand","embeddable":true,"href":"https:\/\/sakipsabancimuzesi.org\/shop\/wp-json\/wp\/v2\/product_brand?post=29012"},{"taxonomy":"product_cat","embeddable":true,"href":"https:\/\/sakipsabancimuzesi.org\/shop\/wp-json\/wp\/v2\/product_cat?post=29012"},{"taxonomy":"product_tag","embeddable":true,"href":"https:\/\/sakipsabancimuzesi.org\/shop\/wp-json\/wp\/v2\/product_tag?post=29012"},{"taxonomy":"woo-feed-brand","embeddable":true,"href":"https:\/\/sakipsabancimuzesi.org\/shop\/wp-json\/wp\/v2\/woo-feed-brand?post=29012"}],"curies":[{"name":"wp","href":"https:\/\/api.w.org\/{rel}","templated":true}]}}