{"id":51722,"date":"2020-11-26T15:37:33","date_gmt":"2020-11-26T12:37:33","guid":{"rendered":"https:\/\/sakipsabancimuzesi.org\/shop\/?post_type=product&#038;p=51722"},"modified":"2025-09-25T11:52:10","modified_gmt":"2025-09-25T08:52:10","slug":"zamansiz-ajanda-defter","status":"publish","type":"product","link":"https:\/\/sakipsabancimuzesi.org\/shop\/urun\/kirtasiye-2\/ajanda-2\/zamansiz-ajanda-defter\/","title":{"rendered":"Zamans\u0131z Ajanda &#8211; Defter"},"content":{"rendered":"<p>SSM Emirg\u00e2n Ar\u015fivi\u2019nden sekiz foto\u011fraf\u0131n bulundu\u011fu 120 sayfal\u0131k ajanda haftal\u0131k plan ve not almak i\u00e7in b\u00f6l\u00fcmler de i\u00e7ermektedir. Ayrac\u0131yla beraber sat\u0131l\u0131r. Kapa\u011f\u0131 do\u011fal k\u00e2\u011f\u0131t (300 gr) i\u00e7i ise Ivory k\u00e2\u011f\u0131tt\u0131r (90 gr).<\/p>\n<p>Boyut: 14,5 x 18 cm<\/p>\n<p>Adet Fiyat\u0131d\u0131r. Sipari\u015finiz s\u0131ras\u0131nda renk tercihinizi belirtiniz.<\/p>\n","protected":false},"excerpt":{"rendered":"<p>SSM Emirg\u00e2n Ar\u015fivi\u2019nden sekiz foto\u011fraf\u0131n bulundu\u011fu 120 sayfal\u0131k ajanda haftal\u0131k plan ve not almak i\u00e7in b\u00f6l\u00fcmler de i\u00e7ermektedir. Ayrac\u0131yla beraber sat\u0131l\u0131r. Kapa\u011f\u0131 do\u011fal k\u00e2\u011f\u0131t (300 gr) i\u00e7i ise Ivory k\u00e2\u011f\u0131tt\u0131r (90 gr). Boyut: 14,5 x 18 cm Adet Fiyat\u0131d\u0131r. Sipari\u015finiz s\u0131ras\u0131nda renk tercihinizi belirtiniz.<\/p>\n","protected":false},"featured_media":244866,"template":"","meta":{"_exactmetrics_skip_tracking":false,"_exactmetrics_sitenote_active":false,"_exactmetrics_sitenote_note":"","_exactmetrics_sitenote_category":0},"product_brand":[],"product_cat":[641,642],"product_tag":[479,480,714,487],"woo-feed-brand":[],"class_list":{"0":"post-51722","1":"product","2":"type-product","3":"status-publish","4":"has-post-thumbnail","6":"product_cat-kirtasiye-2","7":"product_cat-ajanda-2","8":"product_tag-ajanda","9":"product_tag-defter","10":"product_tag-sevgililergunuseckisi","11":"product_tag-ssm-emirgan-arsivi","13":"first","14":"instock","15":"taxable","16":"shipping-taxable","17":"purchasable","18":"product-type-simple"},"yoast_head":"<!-- This site is optimized with the Yoast SEO plugin v27.1.1 - https:\/\/yoast.com\/product\/yoast-seo-wordpress\/ -->\n<title>Zamans\u0131z Ajanda - Defter - SSM Shop<\/title>\n<meta name=\"robots\" content=\"index, follow, max-snippet:-1, max-image-preview:large, max-video-preview:-1\" \/>\n<link rel=\"canonical\" href=\"https:\/\/sakipsabancimuzesi.org\/shop\/urun\/kirtasiye-2\/ajanda-2\/zamansiz-ajanda-defter\/\" \/>\n<meta property=\"og:locale\" content=\"tr_TR\" \/>\n<meta property=\"og:type\" content=\"article\" \/>\n<meta property=\"og:title\" content=\"Zamans\u0131z Ajanda - Defter - SSM Shop\" \/>\n<meta property=\"og:description\" content=\"SSM Emirg\u00e2n Ar\u015fivi\u2019nden sekiz foto\u011fraf\u0131n bulundu\u011fu 120 sayfal\u0131k ajanda haftal\u0131k plan ve not almak i\u00e7in b\u00f6l\u00fcmler de i\u00e7ermektedir. Ayrac\u0131yla beraber sat\u0131l\u0131r. Kapa\u011f\u0131 do\u011fal k\u00e2\u011f\u0131t (300 gr) i\u00e7i ise Ivory k\u00e2\u011f\u0131tt\u0131r (90 gr). Boyut: 14,5 x 18 cm Adet Fiyat\u0131d\u0131r. Sipari\u015finiz s\u0131ras\u0131nda renk tercihinizi belirtiniz.\" \/>\n<meta property=\"og:url\" content=\"https:\/\/sakipsabancimuzesi.org\/shop\/urun\/kirtasiye-2\/ajanda-2\/zamansiz-ajanda-defter\/\" \/>\n<meta property=\"og:site_name\" content=\"SSM Shop\" \/>\n<meta property=\"article:publisher\" content=\"https:\/\/www.facebook.com\/SakipSabanciMuzesi\/\" \/>\n<meta property=\"article:modified_time\" content=\"2025-09-25T08:52:10+00:00\" \/>\n<meta property=\"og:image\" content=\"https:\/\/sakipsabancimuzesi.org\/shop\/wp-content\/uploads\/2020\/11\/Ajanda-Defter.jpg\" \/>\n\t<meta property=\"og:image:width\" content=\"1280\" \/>\n\t<meta property=\"og:image:height\" content=\"1600\" \/>\n\t<meta property=\"og:image:type\" content=\"image\/jpeg\" \/>\n<meta name=\"twitter:card\" content=\"summary_large_image\" \/>\n<meta name=\"twitter:label1\" content=\"Tahmini okuma s\u00fcresi\" \/>\n\t<meta name=\"twitter:data1\" content=\"1 dakika\" \/>\n<script type=\"application\/ld+json\" class=\"yoast-schema-graph\">{\"@context\":\"https:\/\/schema.org\",\"@graph\":[{\"@type\":\"WebPage\",\"@id\":\"https:\/\/sakipsabancimuzesi.org\/shop\/urun\/kirtasiye-2\/ajanda-2\/zamansiz-ajanda-defter\/\",\"url\":\"https:\/\/sakipsabancimuzesi.org\/shop\/urun\/kirtasiye-2\/ajanda-2\/zamansiz-ajanda-defter\/\",\"name\":\"Zamans\u0131z Ajanda - Defter - SSM Shop\",\"isPartOf\":{\"@id\":\"https:\/\/sakipsabancimuzesi.org\/shop\/#website\"},\"primaryImageOfPage\":{\"@id\":\"https:\/\/sakipsabancimuzesi.org\/shop\/urun\/kirtasiye-2\/ajanda-2\/zamansiz-ajanda-defter\/#primaryimage\"},\"image\":{\"@id\":\"https:\/\/sakipsabancimuzesi.org\/shop\/urun\/kirtasiye-2\/ajanda-2\/zamansiz-ajanda-defter\/#primaryimage\"},\"thumbnailUrl\":\"https:\/\/sakipsabancimuzesi.org\/shop\/wp-content\/uploads\/2020\/11\/Ajanda-Defter.jpg\",\"datePublished\":\"2020-11-26T12:37:33+00:00\",\"dateModified\":\"2025-09-25T08:52:10+00:00\",\"breadcrumb\":{\"@id\":\"https:\/\/sakipsabancimuzesi.org\/shop\/urun\/kirtasiye-2\/ajanda-2\/zamansiz-ajanda-defter\/#breadcrumb\"},\"inLanguage\":\"tr\",\"potentialAction\":[{\"@type\":\"ReadAction\",\"target\":[\"https:\/\/sakipsabancimuzesi.org\/shop\/urun\/kirtasiye-2\/ajanda-2\/zamansiz-ajanda-defter\/\"]}]},{\"@type\":\"ImageObject\",\"inLanguage\":\"tr\",\"@id\":\"https:\/\/sakipsabancimuzesi.org\/shop\/urun\/kirtasiye-2\/ajanda-2\/zamansiz-ajanda-defter\/#primaryimage\",\"url\":\"https:\/\/sakipsabancimuzesi.org\/shop\/wp-content\/uploads\/2020\/11\/Ajanda-Defter.jpg\",\"contentUrl\":\"https:\/\/sakipsabancimuzesi.org\/shop\/wp-content\/uploads\/2020\/11\/Ajanda-Defter.jpg\",\"width\":1280,\"height\":1600},{\"@type\":\"BreadcrumbList\",\"@id\":\"https:\/\/sakipsabancimuzesi.org\/shop\/urun\/kirtasiye-2\/ajanda-2\/zamansiz-ajanda-defter\/#breadcrumb\",\"itemListElement\":[{\"@type\":\"ListItem\",\"position\":1,\"name\":\"Ana sayfa\",\"item\":\"https:\/\/sakipsabancimuzesi.org\/shop\/\"},{\"@type\":\"ListItem\",\"position\":2,\"name\":\"Shop\",\"item\":\"https:\/\/sakipsabancimuzesi.org\/shop\/shop\/\"},{\"@type\":\"ListItem\",\"position\":3,\"name\":\"Zamans\u0131z Ajanda &#8211; Defter\"}]},{\"@type\":\"WebSite\",\"@id\":\"https:\/\/sakipsabancimuzesi.org\/shop\/#website\",\"url\":\"https:\/\/sakipsabancimuzesi.org\/shop\/\",\"name\":\"SSM Shop\",\"description\":\"Sak\u0131p Sabanc\u0131 M\u00fczesi, Ma\u011faza\",\"publisher\":{\"@id\":\"https:\/\/sakipsabancimuzesi.org\/shop\/#organization\"},\"potentialAction\":[{\"@type\":\"SearchAction\",\"target\":{\"@type\":\"EntryPoint\",\"urlTemplate\":\"https:\/\/sakipsabancimuzesi.org\/shop\/?s={search_term_string}\"},\"query-input\":{\"@type\":\"PropertyValueSpecification\",\"valueRequired\":true,\"valueName\":\"search_term_string\"}}],\"inLanguage\":\"tr\"},{\"@type\":\"Organization\",\"@id\":\"https:\/\/sakipsabancimuzesi.org\/shop\/#organization\",\"name\":\"SSM Shop\",\"url\":\"https:\/\/sakipsabancimuzesi.org\/shop\/\",\"logo\":{\"@type\":\"ImageObject\",\"inLanguage\":\"tr\",\"@id\":\"https:\/\/sakipsabancimuzesi.org\/shop\/#\/schema\/logo\/image\/\",\"url\":\"https:\/\/sakipsabancimuzesi.org\/shop\/wp-content\/uploads\/2019\/11\/logo.png\",\"contentUrl\":\"https:\/\/sakipsabancimuzesi.org\/shop\/wp-content\/uploads\/2019\/11\/logo.png\",\"width\":227,\"height\":87,\"caption\":\"SSM Shop\"},\"image\":{\"@id\":\"https:\/\/sakipsabancimuzesi.org\/shop\/#\/schema\/logo\/image\/\"},\"sameAs\":[\"https:\/\/www.facebook.com\/SakipSabanciMuzesi\/\"]}]}<\/script>\n<!-- \/ Yoast SEO plugin. -->","yoast_head_json":{"title":"Zamans\u0131z Ajanda - Defter - SSM Shop","robots":{"index":"index","follow":"follow","max-snippet":"max-snippet:-1","max-image-preview":"max-image-preview:large","max-video-preview":"max-video-preview:-1"},"canonical":"https:\/\/sakipsabancimuzesi.org\/shop\/urun\/kirtasiye-2\/ajanda-2\/zamansiz-ajanda-defter\/","og_locale":"tr_TR","og_type":"article","og_title":"Zamans\u0131z Ajanda - Defter - SSM Shop","og_description":"SSM Emirg\u00e2n Ar\u015fivi\u2019nden sekiz foto\u011fraf\u0131n bulundu\u011fu 120 sayfal\u0131k ajanda haftal\u0131k plan ve not almak i\u00e7in b\u00f6l\u00fcmler de i\u00e7ermektedir. Ayrac\u0131yla beraber sat\u0131l\u0131r. Kapa\u011f\u0131 do\u011fal k\u00e2\u011f\u0131t (300 gr) i\u00e7i ise Ivory k\u00e2\u011f\u0131tt\u0131r (90 gr). Boyut: 14,5 x 18 cm Adet Fiyat\u0131d\u0131r. Sipari\u015finiz s\u0131ras\u0131nda renk tercihinizi belirtiniz.","og_url":"https:\/\/sakipsabancimuzesi.org\/shop\/urun\/kirtasiye-2\/ajanda-2\/zamansiz-ajanda-defter\/","og_site_name":"SSM Shop","article_publisher":"https:\/\/www.facebook.com\/SakipSabanciMuzesi\/","article_modified_time":"2025-09-25T08:52:10+00:00","og_image":[{"width":1280,"height":1600,"url":"https:\/\/sakipsabancimuzesi.org\/shop\/wp-content\/uploads\/2020\/11\/Ajanda-Defter.jpg","type":"image\/jpeg"}],"twitter_card":"summary_large_image","twitter_misc":{"Tahmini okuma s\u00fcresi":"1 dakika"},"schema":{"@context":"https:\/\/schema.org","@graph":[{"@type":"WebPage","@id":"https:\/\/sakipsabancimuzesi.org\/shop\/urun\/kirtasiye-2\/ajanda-2\/zamansiz-ajanda-defter\/","url":"https:\/\/sakipsabancimuzesi.org\/shop\/urun\/kirtasiye-2\/ajanda-2\/zamansiz-ajanda-defter\/","name":"Zamans\u0131z Ajanda - Defter - SSM Shop","isPartOf":{"@id":"https:\/\/sakipsabancimuzesi.org\/shop\/#website"},"primaryImageOfPage":{"@id":"https:\/\/sakipsabancimuzesi.org\/shop\/urun\/kirtasiye-2\/ajanda-2\/zamansiz-ajanda-defter\/#primaryimage"},"image":{"@id":"https:\/\/sakipsabancimuzesi.org\/shop\/urun\/kirtasiye-2\/ajanda-2\/zamansiz-ajanda-defter\/#primaryimage"},"thumbnailUrl":"https:\/\/sakipsabancimuzesi.org\/shop\/wp-content\/uploads\/2020\/11\/Ajanda-Defter.jpg","datePublished":"2020-11-26T12:37:33+00:00","dateModified":"2025-09-25T08:52:10+00:00","breadcrumb":{"@id":"https:\/\/sakipsabancimuzesi.org\/shop\/urun\/kirtasiye-2\/ajanda-2\/zamansiz-ajanda-defter\/#breadcrumb"},"inLanguage":"tr","potentialAction":[{"@type":"ReadAction","target":["https:\/\/sakipsabancimuzesi.org\/shop\/urun\/kirtasiye-2\/ajanda-2\/zamansiz-ajanda-defter\/"]}]},{"@type":"ImageObject","inLanguage":"tr","@id":"https:\/\/sakipsabancimuzesi.org\/shop\/urun\/kirtasiye-2\/ajanda-2\/zamansiz-ajanda-defter\/#primaryimage","url":"https:\/\/sakipsabancimuzesi.org\/shop\/wp-content\/uploads\/2020\/11\/Ajanda-Defter.jpg","contentUrl":"https:\/\/sakipsabancimuzesi.org\/shop\/wp-content\/uploads\/2020\/11\/Ajanda-Defter.jpg","width":1280,"height":1600},{"@type":"BreadcrumbList","@id":"https:\/\/sakipsabancimuzesi.org\/shop\/urun\/kirtasiye-2\/ajanda-2\/zamansiz-ajanda-defter\/#breadcrumb","itemListElement":[{"@type":"ListItem","position":1,"name":"Ana sayfa","item":"https:\/\/sakipsabancimuzesi.org\/shop\/"},{"@type":"ListItem","position":2,"name":"Shop","item":"https:\/\/sakipsabancimuzesi.org\/shop\/shop\/"},{"@type":"ListItem","position":3,"name":"Zamans\u0131z Ajanda &#8211; Defter"}]},{"@type":"WebSite","@id":"https:\/\/sakipsabancimuzesi.org\/shop\/#website","url":"https:\/\/sakipsabancimuzesi.org\/shop\/","name":"SSM Shop","description":"Sak\u0131p Sabanc\u0131 M\u00fczesi, Ma\u011faza","publisher":{"@id":"https:\/\/sakipsabancimuzesi.org\/shop\/#organization"},"potentialAction":[{"@type":"SearchAction","target":{"@type":"EntryPoint","urlTemplate":"https:\/\/sakipsabancimuzesi.org\/shop\/?s={search_term_string}"},"query-input":{"@type":"PropertyValueSpecification","valueRequired":true,"valueName":"search_term_string"}}],"inLanguage":"tr"},{"@type":"Organization","@id":"https:\/\/sakipsabancimuzesi.org\/shop\/#organization","name":"SSM Shop","url":"https:\/\/sakipsabancimuzesi.org\/shop\/","logo":{"@type":"ImageObject","inLanguage":"tr","@id":"https:\/\/sakipsabancimuzesi.org\/shop\/#\/schema\/logo\/image\/","url":"https:\/\/sakipsabancimuzesi.org\/shop\/wp-content\/uploads\/2019\/11\/logo.png","contentUrl":"https:\/\/sakipsabancimuzesi.org\/shop\/wp-content\/uploads\/2019\/11\/logo.png","width":227,"height":87,"caption":"SSM Shop"},"image":{"@id":"https:\/\/sakipsabancimuzesi.org\/shop\/#\/schema\/logo\/image\/"},"sameAs":["https:\/\/www.facebook.com\/SakipSabanciMuzesi\/"]}]}},"jetpack_sharing_enabled":true,"_links":{"self":[{"href":"https:\/\/sakipsabancimuzesi.org\/shop\/wp-json\/wp\/v2\/product\/51722","targetHints":{"allow":["GET"]}}],"collection":[{"href":"https:\/\/sakipsabancimuzesi.org\/shop\/wp-json\/wp\/v2\/product"}],"about":[{"href":"https:\/\/sakipsabancimuzesi.org\/shop\/wp-json\/wp\/v2\/types\/product"}],"wp:featuredmedia":[{"embeddable":true,"href":"https:\/\/sakipsabancimuzesi.org\/shop\/wp-json\/wp\/v2\/media\/244866"}],"wp:attachment":[{"href":"https:\/\/sakipsabancimuzesi.org\/shop\/wp-json\/wp\/v2\/media?parent=51722"}],"wp:term":[{"taxonomy":"product_brand","embeddable":true,"href":"https:\/\/sakipsabancimuzesi.org\/shop\/wp-json\/wp\/v2\/product_brand?post=51722"},{"taxonomy":"product_cat","embeddable":true,"href":"https:\/\/sakipsabancimuzesi.org\/shop\/wp-json\/wp\/v2\/product_cat?post=51722"},{"taxonomy":"product_tag","embeddable":true,"href":"https:\/\/sakipsabancimuzesi.org\/shop\/wp-json\/wp\/v2\/product_tag?post=51722"},{"taxonomy":"woo-feed-brand","embeddable":true,"href":"https:\/\/sakipsabancimuzesi.org\/shop\/wp-json\/wp\/v2\/woo-feed-brand?post=51722"}],"curies":[{"name":"wp","href":"https:\/\/api.w.org\/{rel}","templated":true}]}}