{"id":72077,"date":"2020-12-07T16:30:52","date_gmt":"2020-12-07T13:30:52","guid":{"rendered":"https:\/\/sakipsabancimuzesi.org\/shop\/?post_type=product&#038;p=72077"},"modified":"2021-01-25T18:21:56","modified_gmt":"2021-01-25T15:21:56","slug":"usun-tukel-ile-bir-disiplin-olarak-sanat-tarihi-baslangicindan-ilk-buyuk-ustalara","status":"publish","type":"product","link":"https:\/\/sakipsabancimuzesi.org\/shop\/urun\/kategorilenmemis\/usun-tukel-ile-bir-disiplin-olarak-sanat-tarihi-baslangicindan-ilk-buyuk-ustalara\/","title":{"rendered":"U\u015fun T\u00fckel ile Bir Disiplin Olarak Sanat Tarihi: Ba\u015flang\u0131c\u0131ndan \u0130lk B\u00fcy\u00fck Ustalara"},"content":{"rendered":"<p>SSM \u00d6\u011frenme Programlar\u0131, yeti\u015fkinler i\u00e7in \u00e7evrimi\u00e7i etkinliklerle devam ediyor. Program kapsam\u0131nda bu ay \u0130stanbul \u00dcniversitesi Edebiyat Fak\u00fcltesi Sanat Tarihi B\u00f6l\u00fcm\u00fc\u2019nden Prof. Dr. U\u015fun T\u00fckel, bir disiplin olarak sanat tarihinin olu\u015fumu konulu seminerini ger\u00e7ekle\u015ftirecek. D\u00f6rt hafta s\u00fcrecek seminerde yaz\u0131n alan\u0131nda da \u00fcreten sanat\u00e7\u0131lardan ba\u015flayarak, tarihin bu dal\u0131n\u0131n geli\u015fimi incelenecek.<\/p>\n<p>\u201c\u2018Eli kalem tutan\u2019 ilk sanat\u00e7\u0131 kimdi, kime ilk sanat tarih\u00e7isi diyebiliriz? \u0130lk\u00e7a\u011fdan 20. y\u00fczy\u0131la sanat tarihinin olu\u015fumu ve disiplin haline geli\u015finin kilometre ta\u015flar\u0131&#8230; Sanat\u00e7\u0131\/yazarlar, kuramc\u0131lar, y\u00f6ntemler, tart\u0131\u015fmalar\u2026 K\u0131saca \u2018materiam superabat opus.\u2019\u201d<\/p>\n<p>\u00d6nemli bilgiler:<\/p>\n<p>&#8211; Seminer, Zoom servisi \u00fczerinden ger\u00e7ekle\u015ftirilir. Seminere kat\u0131l\u0131m linki, sat\u0131n alma i\u015flemi sonras\u0131 g\u00f6nderilecek e-postada payla\u015f\u0131laca\u011f\u0131 i\u00e7in e-posta adresinizi belirtmeniz gerekmektedir.<\/p>\n<p>&#8211; Kay\u0131t \u00fccreti, d\u00f6rt haftay\u0131 kapsar. Tek oturumluk kay\u0131t se\u00e7ene\u011fi yoktur.<\/p>\n<p>&#8211; Kat\u0131l\u0131mc\u0131lara program sonunda kat\u0131l\u0131m belgesi verilir.<\/p>\n<p>&#8211; \u0130nternet ba\u011flant\u0131s\u0131ndan do\u011fabilecek aksakl\u0131k ve ma\u011fduriyetlerden SSM sorumlu de\u011fildir.<\/p>\n<p>&#8211; Kat\u0131l\u0131mc\u0131lar\u0131n ki\u015fisel sebeplerle seminere kat\u0131lamamas\u0131 durumunda \u00fccret iadesi veya de\u011fi\u015fiklik yap\u0131lmaz.<\/p>\n<p>&#8211; Kat\u0131l\u0131mc\u0131lar\u0131n, \u00e7evrimi\u00e7i programlar\u0131 veya bu programlar s\u0131ras\u0131nda kullan\u0131lan her t\u00fcrden g\u00f6rsel, i\u015fitsel, yaz\u0131l\u0131 materyali kaydetme, kopyalama, \u00e7o\u011faltma ve \u00fc\u00e7\u00fcnc\u00fc ki\u015filerle payla\u015fma hakk\u0131 bulunmaz. Aksi davran\u0131\u015flarda yasal sorumluluk kat\u0131l\u0131mc\u0131ya aittir.<\/p>\n","protected":false},"excerpt":{"rendered":"<p>9,16,23,30 Ocak Cumartesi<\/p>\n<p>14:00-16:00<\/p>\n","protected":false},"featured_media":81364,"template":"","meta":{"_exactmetrics_skip_tracking":false,"_exactmetrics_sitenote_active":false,"_exactmetrics_sitenote_note":"","_exactmetrics_sitenote_category":0},"product_brand":[],"product_cat":[],"product_tag":[375,425,426,373],"woo-feed-brand":[],"class_list":{"0":"post-72077","1":"product","2":"type-product","3":"status-publish","4":"has-post-thumbnail","6":"product_tag-cevrimici","7":"product_tag-ogrenme","8":"product_tag-seminer","9":"product_tag-yetiskin","11":"first","12":"outofstock","13":"virtual","14":"taxable","15":"purchasable","16":"product-type-simple"},"yoast_head":"<!-- This site is optimized with the Yoast SEO plugin v27.1.1 - https:\/\/yoast.com\/product\/yoast-seo-wordpress\/ -->\n<title>U\u015fun T\u00fckel ile Bir Disiplin Olarak Sanat Tarihi: Ba\u015flang\u0131c\u0131ndan \u0130lk B\u00fcy\u00fck Ustalara - SSM Shop<\/title>\n<meta name=\"robots\" content=\"index, follow, max-snippet:-1, max-image-preview:large, max-video-preview:-1\" \/>\n<link rel=\"canonical\" href=\"https:\/\/sakipsabancimuzesi.org\/shop\/urun\/egitim-ve-etkinlik\/ogrenme-programlari\/usun-tukel-ile-bir-disiplin-olarak-sanat-tarihi-baslangicindan-ilk-buyuk-ustalara\/\" \/>\n<meta property=\"og:locale\" content=\"tr_TR\" \/>\n<meta property=\"og:type\" content=\"article\" \/>\n<meta property=\"og:title\" content=\"U\u015fun T\u00fckel ile Bir Disiplin Olarak Sanat Tarihi: Ba\u015flang\u0131c\u0131ndan \u0130lk B\u00fcy\u00fck Ustalara - SSM Shop\" \/>\n<meta property=\"og:description\" content=\"9,16,23,30 Ocak Cumartesi  14:00-16:00\" \/>\n<meta property=\"og:url\" content=\"https:\/\/sakipsabancimuzesi.org\/shop\/urun\/egitim-ve-etkinlik\/ogrenme-programlari\/usun-tukel-ile-bir-disiplin-olarak-sanat-tarihi-baslangicindan-ilk-buyuk-ustalara\/\" \/>\n<meta property=\"og:site_name\" content=\"SSM Shop\" \/>\n<meta property=\"article:publisher\" content=\"https:\/\/www.facebook.com\/SakipSabanciMuzesi\/\" \/>\n<meta property=\"article:modified_time\" content=\"2021-01-25T15:21:56+00:00\" \/>\n<meta property=\"og:image\" content=\"https:\/\/sakipsabancimuzesi.org\/shop\/wp-content\/uploads\/2020\/12\/1080x1080.jpg\" \/>\n\t<meta property=\"og:image:width\" content=\"1080\" \/>\n\t<meta property=\"og:image:height\" content=\"1080\" \/>\n\t<meta property=\"og:image:type\" content=\"image\/jpeg\" \/>\n<meta name=\"twitter:card\" content=\"summary_large_image\" \/>\n<meta name=\"twitter:label1\" content=\"Tahmini okuma s\u00fcresi\" \/>\n\t<meta name=\"twitter:data1\" content=\"1 dakika\" \/>\n<script type=\"application\/ld+json\" class=\"yoast-schema-graph\">{\"@context\":\"https:\/\/schema.org\",\"@graph\":[{\"@type\":\"WebPage\",\"@id\":\"https:\/\/sakipsabancimuzesi.org\/shop\/urun\/egitim-ve-etkinlik\/ogrenme-programlari\/usun-tukel-ile-bir-disiplin-olarak-sanat-tarihi-baslangicindan-ilk-buyuk-ustalara\/\",\"url\":\"https:\/\/sakipsabancimuzesi.org\/shop\/urun\/egitim-ve-etkinlik\/ogrenme-programlari\/usun-tukel-ile-bir-disiplin-olarak-sanat-tarihi-baslangicindan-ilk-buyuk-ustalara\/\",\"name\":\"U\u015fun T\u00fckel ile Bir Disiplin Olarak Sanat Tarihi: Ba\u015flang\u0131c\u0131ndan \u0130lk B\u00fcy\u00fck Ustalara - SSM Shop\",\"isPartOf\":{\"@id\":\"https:\/\/sakipsabancimuzesi.org\/shop\/#website\"},\"primaryImageOfPage\":{\"@id\":\"https:\/\/sakipsabancimuzesi.org\/shop\/urun\/egitim-ve-etkinlik\/ogrenme-programlari\/usun-tukel-ile-bir-disiplin-olarak-sanat-tarihi-baslangicindan-ilk-buyuk-ustalara\/#primaryimage\"},\"image\":{\"@id\":\"https:\/\/sakipsabancimuzesi.org\/shop\/urun\/egitim-ve-etkinlik\/ogrenme-programlari\/usun-tukel-ile-bir-disiplin-olarak-sanat-tarihi-baslangicindan-ilk-buyuk-ustalara\/#primaryimage\"},\"thumbnailUrl\":\"https:\/\/sakipsabancimuzesi.org\/shop\/wp-content\/uploads\/2020\/12\/1080x1080.jpg\",\"datePublished\":\"2020-12-07T13:30:52+00:00\",\"dateModified\":\"2021-01-25T15:21:56+00:00\",\"breadcrumb\":{\"@id\":\"https:\/\/sakipsabancimuzesi.org\/shop\/urun\/egitim-ve-etkinlik\/ogrenme-programlari\/usun-tukel-ile-bir-disiplin-olarak-sanat-tarihi-baslangicindan-ilk-buyuk-ustalara\/#breadcrumb\"},\"inLanguage\":\"tr\",\"potentialAction\":[{\"@type\":\"ReadAction\",\"target\":[\"https:\/\/sakipsabancimuzesi.org\/shop\/urun\/egitim-ve-etkinlik\/ogrenme-programlari\/usun-tukel-ile-bir-disiplin-olarak-sanat-tarihi-baslangicindan-ilk-buyuk-ustalara\/\"]}]},{\"@type\":\"ImageObject\",\"inLanguage\":\"tr\",\"@id\":\"https:\/\/sakipsabancimuzesi.org\/shop\/urun\/egitim-ve-etkinlik\/ogrenme-programlari\/usun-tukel-ile-bir-disiplin-olarak-sanat-tarihi-baslangicindan-ilk-buyuk-ustalara\/#primaryimage\",\"url\":\"https:\/\/sakipsabancimuzesi.org\/shop\/wp-content\/uploads\/2020\/12\/1080x1080.jpg\",\"contentUrl\":\"https:\/\/sakipsabancimuzesi.org\/shop\/wp-content\/uploads\/2020\/12\/1080x1080.jpg\",\"width\":1080,\"height\":1080},{\"@type\":\"BreadcrumbList\",\"@id\":\"https:\/\/sakipsabancimuzesi.org\/shop\/urun\/egitim-ve-etkinlik\/ogrenme-programlari\/usun-tukel-ile-bir-disiplin-olarak-sanat-tarihi-baslangicindan-ilk-buyuk-ustalara\/#breadcrumb\",\"itemListElement\":[{\"@type\":\"ListItem\",\"position\":1,\"name\":\"Ana sayfa\",\"item\":\"https:\/\/sakipsabancimuzesi.org\/shop\/\"},{\"@type\":\"ListItem\",\"position\":2,\"name\":\"Shop\",\"item\":\"https:\/\/sakipsabancimuzesi.org\/shop\/shop\/\"},{\"@type\":\"ListItem\",\"position\":3,\"name\":\"U\u015fun T\u00fckel ile Bir Disiplin Olarak Sanat Tarihi: Ba\u015flang\u0131c\u0131ndan \u0130lk B\u00fcy\u00fck Ustalara\"}]},{\"@type\":\"WebSite\",\"@id\":\"https:\/\/sakipsabancimuzesi.org\/shop\/#website\",\"url\":\"https:\/\/sakipsabancimuzesi.org\/shop\/\",\"name\":\"SSM Shop\",\"description\":\"Sak\u0131p Sabanc\u0131 M\u00fczesi, Ma\u011faza\",\"publisher\":{\"@id\":\"https:\/\/sakipsabancimuzesi.org\/shop\/#organization\"},\"potentialAction\":[{\"@type\":\"SearchAction\",\"target\":{\"@type\":\"EntryPoint\",\"urlTemplate\":\"https:\/\/sakipsabancimuzesi.org\/shop\/?s={search_term_string}\"},\"query-input\":{\"@type\":\"PropertyValueSpecification\",\"valueRequired\":true,\"valueName\":\"search_term_string\"}}],\"inLanguage\":\"tr\"},{\"@type\":\"Organization\",\"@id\":\"https:\/\/sakipsabancimuzesi.org\/shop\/#organization\",\"name\":\"SSM Shop\",\"url\":\"https:\/\/sakipsabancimuzesi.org\/shop\/\",\"logo\":{\"@type\":\"ImageObject\",\"inLanguage\":\"tr\",\"@id\":\"https:\/\/sakipsabancimuzesi.org\/shop\/#\/schema\/logo\/image\/\",\"url\":\"https:\/\/sakipsabancimuzesi.org\/shop\/wp-content\/uploads\/2019\/11\/logo.png\",\"contentUrl\":\"https:\/\/sakipsabancimuzesi.org\/shop\/wp-content\/uploads\/2019\/11\/logo.png\",\"width\":227,\"height\":87,\"caption\":\"SSM Shop\"},\"image\":{\"@id\":\"https:\/\/sakipsabancimuzesi.org\/shop\/#\/schema\/logo\/image\/\"},\"sameAs\":[\"https:\/\/www.facebook.com\/SakipSabanciMuzesi\/\"]}]}<\/script>\n<!-- \/ Yoast SEO plugin. -->","yoast_head_json":{"title":"U\u015fun T\u00fckel ile Bir Disiplin Olarak Sanat Tarihi: Ba\u015flang\u0131c\u0131ndan \u0130lk B\u00fcy\u00fck Ustalara - SSM Shop","robots":{"index":"index","follow":"follow","max-snippet":"max-snippet:-1","max-image-preview":"max-image-preview:large","max-video-preview":"max-video-preview:-1"},"canonical":"https:\/\/sakipsabancimuzesi.org\/shop\/urun\/egitim-ve-etkinlik\/ogrenme-programlari\/usun-tukel-ile-bir-disiplin-olarak-sanat-tarihi-baslangicindan-ilk-buyuk-ustalara\/","og_locale":"tr_TR","og_type":"article","og_title":"U\u015fun T\u00fckel ile Bir Disiplin Olarak Sanat Tarihi: Ba\u015flang\u0131c\u0131ndan \u0130lk B\u00fcy\u00fck Ustalara - SSM Shop","og_description":"9,16,23,30 Ocak Cumartesi  14:00-16:00","og_url":"https:\/\/sakipsabancimuzesi.org\/shop\/urun\/egitim-ve-etkinlik\/ogrenme-programlari\/usun-tukel-ile-bir-disiplin-olarak-sanat-tarihi-baslangicindan-ilk-buyuk-ustalara\/","og_site_name":"SSM Shop","article_publisher":"https:\/\/www.facebook.com\/SakipSabanciMuzesi\/","article_modified_time":"2021-01-25T15:21:56+00:00","og_image":[{"width":1080,"height":1080,"url":"https:\/\/sakipsabancimuzesi.org\/shop\/wp-content\/uploads\/2020\/12\/1080x1080.jpg","type":"image\/jpeg"}],"twitter_card":"summary_large_image","twitter_misc":{"Tahmini okuma s\u00fcresi":"1 dakika"},"schema":{"@context":"https:\/\/schema.org","@graph":[{"@type":"WebPage","@id":"https:\/\/sakipsabancimuzesi.org\/shop\/urun\/egitim-ve-etkinlik\/ogrenme-programlari\/usun-tukel-ile-bir-disiplin-olarak-sanat-tarihi-baslangicindan-ilk-buyuk-ustalara\/","url":"https:\/\/sakipsabancimuzesi.org\/shop\/urun\/egitim-ve-etkinlik\/ogrenme-programlari\/usun-tukel-ile-bir-disiplin-olarak-sanat-tarihi-baslangicindan-ilk-buyuk-ustalara\/","name":"U\u015fun T\u00fckel ile Bir Disiplin Olarak Sanat Tarihi: Ba\u015flang\u0131c\u0131ndan \u0130lk B\u00fcy\u00fck Ustalara - SSM Shop","isPartOf":{"@id":"https:\/\/sakipsabancimuzesi.org\/shop\/#website"},"primaryImageOfPage":{"@id":"https:\/\/sakipsabancimuzesi.org\/shop\/urun\/egitim-ve-etkinlik\/ogrenme-programlari\/usun-tukel-ile-bir-disiplin-olarak-sanat-tarihi-baslangicindan-ilk-buyuk-ustalara\/#primaryimage"},"image":{"@id":"https:\/\/sakipsabancimuzesi.org\/shop\/urun\/egitim-ve-etkinlik\/ogrenme-programlari\/usun-tukel-ile-bir-disiplin-olarak-sanat-tarihi-baslangicindan-ilk-buyuk-ustalara\/#primaryimage"},"thumbnailUrl":"https:\/\/sakipsabancimuzesi.org\/shop\/wp-content\/uploads\/2020\/12\/1080x1080.jpg","datePublished":"2020-12-07T13:30:52+00:00","dateModified":"2021-01-25T15:21:56+00:00","breadcrumb":{"@id":"https:\/\/sakipsabancimuzesi.org\/shop\/urun\/egitim-ve-etkinlik\/ogrenme-programlari\/usun-tukel-ile-bir-disiplin-olarak-sanat-tarihi-baslangicindan-ilk-buyuk-ustalara\/#breadcrumb"},"inLanguage":"tr","potentialAction":[{"@type":"ReadAction","target":["https:\/\/sakipsabancimuzesi.org\/shop\/urun\/egitim-ve-etkinlik\/ogrenme-programlari\/usun-tukel-ile-bir-disiplin-olarak-sanat-tarihi-baslangicindan-ilk-buyuk-ustalara\/"]}]},{"@type":"ImageObject","inLanguage":"tr","@id":"https:\/\/sakipsabancimuzesi.org\/shop\/urun\/egitim-ve-etkinlik\/ogrenme-programlari\/usun-tukel-ile-bir-disiplin-olarak-sanat-tarihi-baslangicindan-ilk-buyuk-ustalara\/#primaryimage","url":"https:\/\/sakipsabancimuzesi.org\/shop\/wp-content\/uploads\/2020\/12\/1080x1080.jpg","contentUrl":"https:\/\/sakipsabancimuzesi.org\/shop\/wp-content\/uploads\/2020\/12\/1080x1080.jpg","width":1080,"height":1080},{"@type":"BreadcrumbList","@id":"https:\/\/sakipsabancimuzesi.org\/shop\/urun\/egitim-ve-etkinlik\/ogrenme-programlari\/usun-tukel-ile-bir-disiplin-olarak-sanat-tarihi-baslangicindan-ilk-buyuk-ustalara\/#breadcrumb","itemListElement":[{"@type":"ListItem","position":1,"name":"Ana sayfa","item":"https:\/\/sakipsabancimuzesi.org\/shop\/"},{"@type":"ListItem","position":2,"name":"Shop","item":"https:\/\/sakipsabancimuzesi.org\/shop\/shop\/"},{"@type":"ListItem","position":3,"name":"U\u015fun T\u00fckel ile Bir Disiplin Olarak Sanat Tarihi: Ba\u015flang\u0131c\u0131ndan \u0130lk B\u00fcy\u00fck Ustalara"}]},{"@type":"WebSite","@id":"https:\/\/sakipsabancimuzesi.org\/shop\/#website","url":"https:\/\/sakipsabancimuzesi.org\/shop\/","name":"SSM Shop","description":"Sak\u0131p Sabanc\u0131 M\u00fczesi, Ma\u011faza","publisher":{"@id":"https:\/\/sakipsabancimuzesi.org\/shop\/#organization"},"potentialAction":[{"@type":"SearchAction","target":{"@type":"EntryPoint","urlTemplate":"https:\/\/sakipsabancimuzesi.org\/shop\/?s={search_term_string}"},"query-input":{"@type":"PropertyValueSpecification","valueRequired":true,"valueName":"search_term_string"}}],"inLanguage":"tr"},{"@type":"Organization","@id":"https:\/\/sakipsabancimuzesi.org\/shop\/#organization","name":"SSM Shop","url":"https:\/\/sakipsabancimuzesi.org\/shop\/","logo":{"@type":"ImageObject","inLanguage":"tr","@id":"https:\/\/sakipsabancimuzesi.org\/shop\/#\/schema\/logo\/image\/","url":"https:\/\/sakipsabancimuzesi.org\/shop\/wp-content\/uploads\/2019\/11\/logo.png","contentUrl":"https:\/\/sakipsabancimuzesi.org\/shop\/wp-content\/uploads\/2019\/11\/logo.png","width":227,"height":87,"caption":"SSM Shop"},"image":{"@id":"https:\/\/sakipsabancimuzesi.org\/shop\/#\/schema\/logo\/image\/"},"sameAs":["https:\/\/www.facebook.com\/SakipSabanciMuzesi\/"]}]}},"jetpack_sharing_enabled":true,"_links":{"self":[{"href":"https:\/\/sakipsabancimuzesi.org\/shop\/wp-json\/wp\/v2\/product\/72077","targetHints":{"allow":["GET"]}}],"collection":[{"href":"https:\/\/sakipsabancimuzesi.org\/shop\/wp-json\/wp\/v2\/product"}],"about":[{"href":"https:\/\/sakipsabancimuzesi.org\/shop\/wp-json\/wp\/v2\/types\/product"}],"wp:featuredmedia":[{"embeddable":true,"href":"https:\/\/sakipsabancimuzesi.org\/shop\/wp-json\/wp\/v2\/media\/81364"}],"wp:attachment":[{"href":"https:\/\/sakipsabancimuzesi.org\/shop\/wp-json\/wp\/v2\/media?parent=72077"}],"wp:term":[{"taxonomy":"product_brand","embeddable":true,"href":"https:\/\/sakipsabancimuzesi.org\/shop\/wp-json\/wp\/v2\/product_brand?post=72077"},{"taxonomy":"product_cat","embeddable":true,"href":"https:\/\/sakipsabancimuzesi.org\/shop\/wp-json\/wp\/v2\/product_cat?post=72077"},{"taxonomy":"product_tag","embeddable":true,"href":"https:\/\/sakipsabancimuzesi.org\/shop\/wp-json\/wp\/v2\/product_tag?post=72077"},{"taxonomy":"woo-feed-brand","embeddable":true,"href":"https:\/\/sakipsabancimuzesi.org\/shop\/wp-json\/wp\/v2\/woo-feed-brand?post=72077"}],"curies":[{"name":"wp","href":"https:\/\/api.w.org\/{rel}","templated":true}]}}