{"id":9154,"date":"2020-02-26T13:51:08","date_gmt":"2020-02-26T10:51:08","guid":{"rendered":"https:\/\/sakipsabancimuzesi.org\/shop\/urun\/kategorilenmemis\/import-placeholder-for-2818\/"},"modified":"2025-12-24T14:26:57","modified_gmt":"2025-12-24T11:26:57","slug":"selim-turan-tez-antitez-sentez-katalog","status":"publish","type":"product","link":"https:\/\/sakipsabancimuzesi.org\/shop\/urun\/yayin-ve-multimedya\/sergi-kataloglari\/selim-turan-tez-antitez-sentez-katalog\/","title":{"rendered":"&#8220;Selim Turan. Tez-Antitez-Sentez&#8221; &#8211; Katalog"},"content":{"rendered":"<p>Sabanc\u0131 \u00dcniversitesi Sak\u0131p Sabanc\u0131 M\u00fczesi, \u201cFeyhaman Duran. \u0130ki D\u00fcnya Aras\u0131nda\u201d sergisini ger\u00e7ekle\u015ftirdi\u011fi 15. y\u0131l\u0131nda, T\u00fcrk sanat tarihinin bir ba\u015fka d\u00f6nemine \u0131\u015f\u0131k tutmak amac\u0131yla ressam ve heykelt\u0131ra\u015f Selim Turan\u2019\u0131n ki\u015fisel sergisine ev sahipli\u011fi yapt\u0131. K\u00fcrat\u00f6rl\u00fc\u011f\u00fcn\u00fc Dr. Necmi S\u00f6nmez\u2019in yapt\u0131\u011f\u0131 \u201cSelim Turan. Tez-Antitez-Sentez\u201d kapsam\u0131nda, sanat\u00e7\u0131n\u0131n 1935\u2019te G\u00fczel Sanatlar Akademisi\u2019nde ba\u015flay\u0131p, yo\u011funluklu olarak Paris\u2019te s\u00fcrd\u00fcrd\u00fc\u011f\u00fc \u00fcretiminden \u00f6rnekler kavramsal bir \u00e7er\u00e7evede bir araya getirildi. B\u00fcy\u00fck bir k\u0131sm\u0131 sanat\u00e7\u0131n\u0131n, seramik sanat\u00e7\u0131s\u0131 e\u015fi \u015eahika Turan\u2019\u0131n 2003\u2019te \u0130stanbul \u00dcniversitesi\u2019ne ba\u011f\u0131\u015flad\u0131\u011f\u0131 eserlerinden olu\u015fan se\u00e7ki, d\u00f6nemsel ve kavramsal birlikteliklerine g\u00f6re s\u0131n\u0131fland\u0131r\u0131ld\u0131. 100\u2019den fazla eserin yer ald\u0131\u011f\u0131 serginin katalo\u011funda S\u00f6nmez\u2019in, sanat\u00e7\u0131n\u0131n \u00fcretimini tez, antitez ve sentez do\u011frultusunda inceledi\u011fi makalesinin yan\u0131 s\u0131ra ya\u015fam \u00f6yk\u00fcs\u00fcn\u00fc kapsaml\u0131 bir \u015fekilde yans\u0131tan bir kronoloji ve sergiden geni\u015f bir se\u00e7ki yer al\u0131yor. \/ 63 Sayfa \/ 978-605-9178-92-1<\/p>\n","protected":false},"excerpt":{"rendered":"<p>&#8220;Selim Turan. Tez-Antitez-Sentez&#8221; &#8211; Katalog<\/p>\n","protected":false},"featured_media":245760,"template":"","meta":{"_exactmetrics_skip_tracking":false,"_exactmetrics_sitenote_active":false,"_exactmetrics_sitenote_note":"","_exactmetrics_sitenote_category":0},"product_brand":[],"product_cat":[662,664],"product_tag":[178,105,179,177,176],"woo-feed-brand":[],"class_list":{"0":"post-9154","1":"product","2":"type-product","3":"status-publish","4":"has-post-thumbnail","6":"product_cat-yayin-ve-multimedya","7":"product_cat-sergi-kataloglari","8":"product_tag-necmi-sonmez","9":"product_tag-paris","10":"product_tag-sahika-turan","11":"product_tag-selim-turan","12":"product_tag-selim-turan-tez-antitez-sentez","14":"first","15":"instock","16":"taxable","17":"shipping-taxable","18":"purchasable","19":"product-type-simple"},"yoast_head":"<!-- This site is optimized with the Yoast SEO plugin v27.1.1 - https:\/\/yoast.com\/product\/yoast-seo-wordpress\/ -->\n<title>&quot;Selim Turan. Tez-Antitez-Sentez&quot; - Katalog - SSM Shop<\/title>\n<meta name=\"robots\" content=\"index, follow, max-snippet:-1, max-image-preview:large, max-video-preview:-1\" \/>\n<link rel=\"canonical\" href=\"https:\/\/sakipsabancimuzesi.org\/shop\/urun\/yayin-ve-multimedya\/sergi-kataloglari\/selim-turan-tez-antitez-sentez-katalog\/\" \/>\n<meta property=\"og:locale\" content=\"tr_TR\" \/>\n<meta property=\"og:type\" content=\"article\" \/>\n<meta property=\"og:title\" content=\"&quot;Selim Turan. Tez-Antitez-Sentez&quot; - Katalog - SSM Shop\" \/>\n<meta property=\"og:description\" content=\"&quot;Selim Turan. Tez-Antitez-Sentez&quot; - Katalog\" \/>\n<meta property=\"og:url\" content=\"https:\/\/sakipsabancimuzesi.org\/shop\/urun\/yayin-ve-multimedya\/sergi-kataloglari\/selim-turan-tez-antitez-sentez-katalog\/\" \/>\n<meta property=\"og:site_name\" content=\"SSM Shop\" \/>\n<meta property=\"article:publisher\" content=\"https:\/\/www.facebook.com\/SakipSabanciMuzesi\/\" \/>\n<meta property=\"article:modified_time\" content=\"2025-12-24T11:26:57+00:00\" \/>\n<meta property=\"og:image\" content=\"https:\/\/sakipsabancimuzesi.org\/shop\/wp-content\/uploads\/2020\/02\/Selim-Turan-sentez.jpg\" \/>\n\t<meta property=\"og:image:width\" content=\"1280\" \/>\n\t<meta property=\"og:image:height\" content=\"1600\" \/>\n\t<meta property=\"og:image:type\" content=\"image\/jpeg\" \/>\n<meta name=\"twitter:card\" content=\"summary_large_image\" \/>\n<meta name=\"twitter:label1\" content=\"Tahmini okuma s\u00fcresi\" \/>\n\t<meta name=\"twitter:data1\" content=\"1 dakika\" \/>\n<script type=\"application\/ld+json\" class=\"yoast-schema-graph\">{\"@context\":\"https:\/\/schema.org\",\"@graph\":[{\"@type\":\"WebPage\",\"@id\":\"https:\/\/sakipsabancimuzesi.org\/shop\/urun\/yayin-ve-multimedya\/sergi-kataloglari\/selim-turan-tez-antitez-sentez-katalog\/\",\"url\":\"https:\/\/sakipsabancimuzesi.org\/shop\/urun\/yayin-ve-multimedya\/sergi-kataloglari\/selim-turan-tez-antitez-sentez-katalog\/\",\"name\":\"\\\"Selim Turan. Tez-Antitez-Sentez\\\" - Katalog - SSM Shop\",\"isPartOf\":{\"@id\":\"https:\/\/sakipsabancimuzesi.org\/shop\/#website\"},\"primaryImageOfPage\":{\"@id\":\"https:\/\/sakipsabancimuzesi.org\/shop\/urun\/yayin-ve-multimedya\/sergi-kataloglari\/selim-turan-tez-antitez-sentez-katalog\/#primaryimage\"},\"image\":{\"@id\":\"https:\/\/sakipsabancimuzesi.org\/shop\/urun\/yayin-ve-multimedya\/sergi-kataloglari\/selim-turan-tez-antitez-sentez-katalog\/#primaryimage\"},\"thumbnailUrl\":\"https:\/\/sakipsabancimuzesi.org\/shop\/wp-content\/uploads\/2020\/02\/Selim-Turan-sentez.jpg\",\"datePublished\":\"2020-02-26T10:51:08+00:00\",\"dateModified\":\"2025-12-24T11:26:57+00:00\",\"breadcrumb\":{\"@id\":\"https:\/\/sakipsabancimuzesi.org\/shop\/urun\/yayin-ve-multimedya\/sergi-kataloglari\/selim-turan-tez-antitez-sentez-katalog\/#breadcrumb\"},\"inLanguage\":\"tr\",\"potentialAction\":[{\"@type\":\"ReadAction\",\"target\":[\"https:\/\/sakipsabancimuzesi.org\/shop\/urun\/yayin-ve-multimedya\/sergi-kataloglari\/selim-turan-tez-antitez-sentez-katalog\/\"]}]},{\"@type\":\"ImageObject\",\"inLanguage\":\"tr\",\"@id\":\"https:\/\/sakipsabancimuzesi.org\/shop\/urun\/yayin-ve-multimedya\/sergi-kataloglari\/selim-turan-tez-antitez-sentez-katalog\/#primaryimage\",\"url\":\"https:\/\/sakipsabancimuzesi.org\/shop\/wp-content\/uploads\/2020\/02\/Selim-Turan-sentez.jpg\",\"contentUrl\":\"https:\/\/sakipsabancimuzesi.org\/shop\/wp-content\/uploads\/2020\/02\/Selim-Turan-sentez.jpg\",\"width\":1280,\"height\":1600},{\"@type\":\"BreadcrumbList\",\"@id\":\"https:\/\/sakipsabancimuzesi.org\/shop\/urun\/yayin-ve-multimedya\/sergi-kataloglari\/selim-turan-tez-antitez-sentez-katalog\/#breadcrumb\",\"itemListElement\":[{\"@type\":\"ListItem\",\"position\":1,\"name\":\"Ana sayfa\",\"item\":\"https:\/\/sakipsabancimuzesi.org\/shop\/\"},{\"@type\":\"ListItem\",\"position\":2,\"name\":\"Shop\",\"item\":\"https:\/\/sakipsabancimuzesi.org\/shop\/shop\/\"},{\"@type\":\"ListItem\",\"position\":3,\"name\":\"&#8220;Selim Turan. Tez-Antitez-Sentez&#8221; &#8211; Katalog\"}]},{\"@type\":\"WebSite\",\"@id\":\"https:\/\/sakipsabancimuzesi.org\/shop\/#website\",\"url\":\"https:\/\/sakipsabancimuzesi.org\/shop\/\",\"name\":\"SSM Shop\",\"description\":\"Sak\u0131p Sabanc\u0131 M\u00fczesi, Ma\u011faza\",\"publisher\":{\"@id\":\"https:\/\/sakipsabancimuzesi.org\/shop\/#organization\"},\"potentialAction\":[{\"@type\":\"SearchAction\",\"target\":{\"@type\":\"EntryPoint\",\"urlTemplate\":\"https:\/\/sakipsabancimuzesi.org\/shop\/?s={search_term_string}\"},\"query-input\":{\"@type\":\"PropertyValueSpecification\",\"valueRequired\":true,\"valueName\":\"search_term_string\"}}],\"inLanguage\":\"tr\"},{\"@type\":\"Organization\",\"@id\":\"https:\/\/sakipsabancimuzesi.org\/shop\/#organization\",\"name\":\"SSM Shop\",\"url\":\"https:\/\/sakipsabancimuzesi.org\/shop\/\",\"logo\":{\"@type\":\"ImageObject\",\"inLanguage\":\"tr\",\"@id\":\"https:\/\/sakipsabancimuzesi.org\/shop\/#\/schema\/logo\/image\/\",\"url\":\"https:\/\/sakipsabancimuzesi.org\/shop\/wp-content\/uploads\/2019\/11\/logo.png\",\"contentUrl\":\"https:\/\/sakipsabancimuzesi.org\/shop\/wp-content\/uploads\/2019\/11\/logo.png\",\"width\":227,\"height\":87,\"caption\":\"SSM Shop\"},\"image\":{\"@id\":\"https:\/\/sakipsabancimuzesi.org\/shop\/#\/schema\/logo\/image\/\"},\"sameAs\":[\"https:\/\/www.facebook.com\/SakipSabanciMuzesi\/\"]}]}<\/script>\n<!-- \/ Yoast SEO plugin. -->","yoast_head_json":{"title":"\"Selim Turan. Tez-Antitez-Sentez\" - Katalog - SSM Shop","robots":{"index":"index","follow":"follow","max-snippet":"max-snippet:-1","max-image-preview":"max-image-preview:large","max-video-preview":"max-video-preview:-1"},"canonical":"https:\/\/sakipsabancimuzesi.org\/shop\/urun\/yayin-ve-multimedya\/sergi-kataloglari\/selim-turan-tez-antitez-sentez-katalog\/","og_locale":"tr_TR","og_type":"article","og_title":"\"Selim Turan. Tez-Antitez-Sentez\" - Katalog - SSM Shop","og_description":"\"Selim Turan. Tez-Antitez-Sentez\" - Katalog","og_url":"https:\/\/sakipsabancimuzesi.org\/shop\/urun\/yayin-ve-multimedya\/sergi-kataloglari\/selim-turan-tez-antitez-sentez-katalog\/","og_site_name":"SSM Shop","article_publisher":"https:\/\/www.facebook.com\/SakipSabanciMuzesi\/","article_modified_time":"2025-12-24T11:26:57+00:00","og_image":[{"width":1280,"height":1600,"url":"https:\/\/sakipsabancimuzesi.org\/shop\/wp-content\/uploads\/2020\/02\/Selim-Turan-sentez.jpg","type":"image\/jpeg"}],"twitter_card":"summary_large_image","twitter_misc":{"Tahmini okuma s\u00fcresi":"1 dakika"},"schema":{"@context":"https:\/\/schema.org","@graph":[{"@type":"WebPage","@id":"https:\/\/sakipsabancimuzesi.org\/shop\/urun\/yayin-ve-multimedya\/sergi-kataloglari\/selim-turan-tez-antitez-sentez-katalog\/","url":"https:\/\/sakipsabancimuzesi.org\/shop\/urun\/yayin-ve-multimedya\/sergi-kataloglari\/selim-turan-tez-antitez-sentez-katalog\/","name":"\"Selim Turan. Tez-Antitez-Sentez\" - Katalog - SSM Shop","isPartOf":{"@id":"https:\/\/sakipsabancimuzesi.org\/shop\/#website"},"primaryImageOfPage":{"@id":"https:\/\/sakipsabancimuzesi.org\/shop\/urun\/yayin-ve-multimedya\/sergi-kataloglari\/selim-turan-tez-antitez-sentez-katalog\/#primaryimage"},"image":{"@id":"https:\/\/sakipsabancimuzesi.org\/shop\/urun\/yayin-ve-multimedya\/sergi-kataloglari\/selim-turan-tez-antitez-sentez-katalog\/#primaryimage"},"thumbnailUrl":"https:\/\/sakipsabancimuzesi.org\/shop\/wp-content\/uploads\/2020\/02\/Selim-Turan-sentez.jpg","datePublished":"2020-02-26T10:51:08+00:00","dateModified":"2025-12-24T11:26:57+00:00","breadcrumb":{"@id":"https:\/\/sakipsabancimuzesi.org\/shop\/urun\/yayin-ve-multimedya\/sergi-kataloglari\/selim-turan-tez-antitez-sentez-katalog\/#breadcrumb"},"inLanguage":"tr","potentialAction":[{"@type":"ReadAction","target":["https:\/\/sakipsabancimuzesi.org\/shop\/urun\/yayin-ve-multimedya\/sergi-kataloglari\/selim-turan-tez-antitez-sentez-katalog\/"]}]},{"@type":"ImageObject","inLanguage":"tr","@id":"https:\/\/sakipsabancimuzesi.org\/shop\/urun\/yayin-ve-multimedya\/sergi-kataloglari\/selim-turan-tez-antitez-sentez-katalog\/#primaryimage","url":"https:\/\/sakipsabancimuzesi.org\/shop\/wp-content\/uploads\/2020\/02\/Selim-Turan-sentez.jpg","contentUrl":"https:\/\/sakipsabancimuzesi.org\/shop\/wp-content\/uploads\/2020\/02\/Selim-Turan-sentez.jpg","width":1280,"height":1600},{"@type":"BreadcrumbList","@id":"https:\/\/sakipsabancimuzesi.org\/shop\/urun\/yayin-ve-multimedya\/sergi-kataloglari\/selim-turan-tez-antitez-sentez-katalog\/#breadcrumb","itemListElement":[{"@type":"ListItem","position":1,"name":"Ana sayfa","item":"https:\/\/sakipsabancimuzesi.org\/shop\/"},{"@type":"ListItem","position":2,"name":"Shop","item":"https:\/\/sakipsabancimuzesi.org\/shop\/shop\/"},{"@type":"ListItem","position":3,"name":"&#8220;Selim Turan. Tez-Antitez-Sentez&#8221; &#8211; Katalog"}]},{"@type":"WebSite","@id":"https:\/\/sakipsabancimuzesi.org\/shop\/#website","url":"https:\/\/sakipsabancimuzesi.org\/shop\/","name":"SSM Shop","description":"Sak\u0131p Sabanc\u0131 M\u00fczesi, Ma\u011faza","publisher":{"@id":"https:\/\/sakipsabancimuzesi.org\/shop\/#organization"},"potentialAction":[{"@type":"SearchAction","target":{"@type":"EntryPoint","urlTemplate":"https:\/\/sakipsabancimuzesi.org\/shop\/?s={search_term_string}"},"query-input":{"@type":"PropertyValueSpecification","valueRequired":true,"valueName":"search_term_string"}}],"inLanguage":"tr"},{"@type":"Organization","@id":"https:\/\/sakipsabancimuzesi.org\/shop\/#organization","name":"SSM Shop","url":"https:\/\/sakipsabancimuzesi.org\/shop\/","logo":{"@type":"ImageObject","inLanguage":"tr","@id":"https:\/\/sakipsabancimuzesi.org\/shop\/#\/schema\/logo\/image\/","url":"https:\/\/sakipsabancimuzesi.org\/shop\/wp-content\/uploads\/2019\/11\/logo.png","contentUrl":"https:\/\/sakipsabancimuzesi.org\/shop\/wp-content\/uploads\/2019\/11\/logo.png","width":227,"height":87,"caption":"SSM Shop"},"image":{"@id":"https:\/\/sakipsabancimuzesi.org\/shop\/#\/schema\/logo\/image\/"},"sameAs":["https:\/\/www.facebook.com\/SakipSabanciMuzesi\/"]}]}},"jetpack_sharing_enabled":true,"_links":{"self":[{"href":"https:\/\/sakipsabancimuzesi.org\/shop\/wp-json\/wp\/v2\/product\/9154","targetHints":{"allow":["GET"]}}],"collection":[{"href":"https:\/\/sakipsabancimuzesi.org\/shop\/wp-json\/wp\/v2\/product"}],"about":[{"href":"https:\/\/sakipsabancimuzesi.org\/shop\/wp-json\/wp\/v2\/types\/product"}],"wp:featuredmedia":[{"embeddable":true,"href":"https:\/\/sakipsabancimuzesi.org\/shop\/wp-json\/wp\/v2\/media\/245760"}],"wp:attachment":[{"href":"https:\/\/sakipsabancimuzesi.org\/shop\/wp-json\/wp\/v2\/media?parent=9154"}],"wp:term":[{"taxonomy":"product_brand","embeddable":true,"href":"https:\/\/sakipsabancimuzesi.org\/shop\/wp-json\/wp\/v2\/product_brand?post=9154"},{"taxonomy":"product_cat","embeddable":true,"href":"https:\/\/sakipsabancimuzesi.org\/shop\/wp-json\/wp\/v2\/product_cat?post=9154"},{"taxonomy":"product_tag","embeddable":true,"href":"https:\/\/sakipsabancimuzesi.org\/shop\/wp-json\/wp\/v2\/product_tag?post=9154"},{"taxonomy":"woo-feed-brand","embeddable":true,"href":"https:\/\/sakipsabancimuzesi.org\/shop\/wp-json\/wp\/v2\/woo-feed-brand?post=9154"}],"curies":[{"name":"wp","href":"https:\/\/api.w.org\/{rel}","templated":true}]}}