{"id":9171,"date":"2020-02-26T13:51:13","date_gmt":"2020-02-26T10:51:13","guid":{"rendered":"https:\/\/sakipsabancimuzesi.org\/shop\/urun\/kategorilenmemis\/import-placeholder-for-2837\/"},"modified":"2026-03-27T14:09:29","modified_gmt":"2026-03-27T11:09:29","slug":"aga-han-muzesi-hazineleri-katalog","status":"publish","type":"product","link":"https:\/\/sakipsabancimuzesi.org\/shop\/urun\/yayin-ve-multimedya\/sergi-kataloglari\/aga-han-muzesi-hazineleri-katalog\/","title":{"rendered":"&#8220;A\u011fa Han M\u00fczesi Hazineleri&#8221; &#8211; Katalog"},"content":{"rendered":"<p>Sabanc\u0131 \u00dcniversitesi Sak\u0131p Sabanc\u0131 M\u00fczesi\u2019nin A\u011fa Han K\u00fclt\u00fcr Vakf\u0131 i\u015fbirli\u011fiyle d\u00fczenledi\u011fi \u201cA\u011fa Han M\u00fczesi Hazineleri\u201d sergisi, en de\u011ferli \u0130slam sanat eserlerini b\u00fcnyesinde bar\u0131nd\u0131ran A\u011fa Han M\u00fczesi\u2019nin ba\u015fyap\u0131tlar\u0131n\u0131 bir araya getirdi. 2013\u2019te Toronto\u2019da a\u00e7\u0131lan A\u011fa Han M\u00fczesi\u2019nde yer alan eserleri, bu tarihin \u00f6ncesinde 5 Kas\u0131m 2010 \u2013 27 \u015eubat 2011\u2019de sunan sergi, \u0130slam sanat\u0131n\u0131n d\u00fcnyan\u0131n d\u00f6rt bir yan\u0131nda ortaya \u00e7\u0131kan yans\u0131malar\u0131n\u0131 g\u00f6zler \u00f6n\u00fcne serdi. Avrupa\u2019dan \u00c7in\u2019e ula\u015fan bir co\u011frafyadan \u00f6rneklerin bir araya getirildi\u011fi sergide seramik, ah\u015fap, metal, kuma\u015f gibi materyallerden yap\u0131lm\u0131\u015f ve \u00fczerlerinde Kuran\u2019dan metinlerin yer ald\u0131\u011f\u0131 objelerin yan\u0131 s\u0131ra elyazmalar\u0131 ve minyat\u00fcrler de yer ald\u0131. Bu eserlerden geni\u015f bir se\u00e7kinin bulundu\u011fu sergi katalo\u011fu, \u0130slam\u2019da kitap sanatlar\u0131na dair kapsaml\u0131 makaleleriyle kapsaml\u0131 bir ba\u015fvuru kayna\u011f\u0131 niteli\u011fi ta\u015f\u0131yor. A\u011fa Han\u2019\u0131un \u00f6ns\u00f6z\u00fcyle yay\u0131nlanan katalogda Almoor Merchant, Prens Amyn A\u011fa Han, Oleg Grabar, Annie-Vernay-Nouri, Francis Richard, Eloise Brac de la Perriere, Frantz Chaigne, Mathilde Cruvelier, Djamil Aissani, Dr. U Marzolph, L\u00e2le Ulu\u00e7, Laura Parodi\u2019nin makalelerinin yan\u0131 s\u0131ra St\u00e9phane Ipert ve Fran\u00e7ois Vinourd CCL taraf\u0131ndan haz\u0131rlanan \u201cKitap Sanatlar\u0131nda Kullan\u0131lan Terimler S\u00f6zl\u00fc\u011f\u00fc\u201d ve \u201cGenel S\u00f6zl\u00fck\u201d yer al\u0131yor. \/ 377 Sayfa \/ 987-605-4348-07-7<\/p>\n","protected":false},"excerpt":{"rendered":"<p>&#8220;A\u011fa Han M\u00fczesi Hazineleri&#8221; &#8211; Katalog<\/p>\n","protected":false},"featured_media":245766,"template":"","meta":{"_exactmetrics_skip_tracking":false,"_exactmetrics_sitenote_active":false,"_exactmetrics_sitenote_note":"","_exactmetrics_sitenote_category":0},"product_brand":[],"product_cat":[662,664],"product_tag":[197,196,202,205,210,211,207,199,206,215,208,198,201,212,213,209,200,204,203,214],"woo-feed-brand":[],"class_list":{"0":"post-9171","1":"product","2":"type-product","3":"status-publish","4":"has-post-thumbnail","6":"product_cat-yayin-ve-multimedya","7":"product_cat-sergi-kataloglari","8":"product_tag-aga-han-muzesi","9":"product_tag-aga-han-muzesi-hazineleri","10":"product_tag-almoor-merchant","11":"product_tag-annie-vernay-nouri","12":"product_tag-djamil-aissani","13":"product_tag-dr-u-marzolph","14":"product_tag-eloise-brac-de-la-perriere","15":"product_tag-elyazmasi","16":"product_tag-francis-richard","17":"product_tag-francois-vinourd-ccl","18":"product_tag-frantz-chaigne","19":"product_tag-islam-sanati","20":"product_tag-kitap-sanatlari","21":"product_tag-lale-uluc","22":"product_tag-laura-parodi","23":"product_tag-mathilde-cruvelier","24":"product_tag-minyatur","25":"product_tag-oleg-grabar","26":"product_tag-prens-amyn-aga-han","27":"product_tag-stephane-ipert","29":"first","30":"instock","31":"taxable","32":"shipping-taxable","33":"purchasable","34":"product-type-simple"},"yoast_head":"<!-- This site is optimized with the Yoast SEO plugin v27.1.1 - https:\/\/yoast.com\/product\/yoast-seo-wordpress\/ -->\n<title>&quot;A\u011fa Han M\u00fczesi Hazineleri&quot; - Katalog - SSM Shop<\/title>\n<meta name=\"robots\" content=\"index, follow, max-snippet:-1, max-image-preview:large, max-video-preview:-1\" \/>\n<link rel=\"canonical\" href=\"https:\/\/sakipsabancimuzesi.org\/shop\/urun\/yayin-ve-multimedya\/sergi-kataloglari\/aga-han-muzesi-hazineleri-katalog\/\" \/>\n<meta property=\"og:locale\" content=\"tr_TR\" \/>\n<meta property=\"og:type\" content=\"article\" \/>\n<meta property=\"og:title\" content=\"&quot;A\u011fa Han M\u00fczesi Hazineleri&quot; - Katalog - SSM Shop\" \/>\n<meta property=\"og:description\" content=\"&quot;A\u011fa Han M\u00fczesi Hazineleri&quot; - Katalog\" \/>\n<meta property=\"og:url\" content=\"https:\/\/sakipsabancimuzesi.org\/shop\/urun\/yayin-ve-multimedya\/sergi-kataloglari\/aga-han-muzesi-hazineleri-katalog\/\" \/>\n<meta property=\"og:site_name\" content=\"SSM Shop\" \/>\n<meta property=\"article:publisher\" content=\"https:\/\/www.facebook.com\/SakipSabanciMuzesi\/\" \/>\n<meta property=\"article:modified_time\" content=\"2026-03-27T11:09:29+00:00\" \/>\n<meta property=\"og:image\" content=\"https:\/\/sakipsabancimuzesi.org\/shop\/wp-content\/uploads\/2020\/02\/Aga-Han-Muzesi.jpg\" \/>\n\t<meta property=\"og:image:width\" content=\"1280\" \/>\n\t<meta property=\"og:image:height\" content=\"1600\" \/>\n\t<meta property=\"og:image:type\" content=\"image\/jpeg\" \/>\n<meta name=\"twitter:card\" content=\"summary_large_image\" \/>\n<meta name=\"twitter:label1\" content=\"Tahmini okuma s\u00fcresi\" \/>\n\t<meta name=\"twitter:data1\" content=\"1 dakika\" \/>\n<script type=\"application\/ld+json\" class=\"yoast-schema-graph\">{\"@context\":\"https:\/\/schema.org\",\"@graph\":[{\"@type\":\"WebPage\",\"@id\":\"https:\/\/sakipsabancimuzesi.org\/shop\/urun\/yayin-ve-multimedya\/sergi-kataloglari\/aga-han-muzesi-hazineleri-katalog\/\",\"url\":\"https:\/\/sakipsabancimuzesi.org\/shop\/urun\/yayin-ve-multimedya\/sergi-kataloglari\/aga-han-muzesi-hazineleri-katalog\/\",\"name\":\"\\\"A\u011fa Han M\u00fczesi Hazineleri\\\" - Katalog - SSM Shop\",\"isPartOf\":{\"@id\":\"https:\/\/sakipsabancimuzesi.org\/shop\/#website\"},\"primaryImageOfPage\":{\"@id\":\"https:\/\/sakipsabancimuzesi.org\/shop\/urun\/yayin-ve-multimedya\/sergi-kataloglari\/aga-han-muzesi-hazineleri-katalog\/#primaryimage\"},\"image\":{\"@id\":\"https:\/\/sakipsabancimuzesi.org\/shop\/urun\/yayin-ve-multimedya\/sergi-kataloglari\/aga-han-muzesi-hazineleri-katalog\/#primaryimage\"},\"thumbnailUrl\":\"https:\/\/sakipsabancimuzesi.org\/shop\/wp-content\/uploads\/2020\/02\/Aga-Han-Muzesi.jpg\",\"datePublished\":\"2020-02-26T10:51:13+00:00\",\"dateModified\":\"2026-03-27T11:09:29+00:00\",\"breadcrumb\":{\"@id\":\"https:\/\/sakipsabancimuzesi.org\/shop\/urun\/yayin-ve-multimedya\/sergi-kataloglari\/aga-han-muzesi-hazineleri-katalog\/#breadcrumb\"},\"inLanguage\":\"tr\",\"potentialAction\":[{\"@type\":\"ReadAction\",\"target\":[\"https:\/\/sakipsabancimuzesi.org\/shop\/urun\/yayin-ve-multimedya\/sergi-kataloglari\/aga-han-muzesi-hazineleri-katalog\/\"]}]},{\"@type\":\"ImageObject\",\"inLanguage\":\"tr\",\"@id\":\"https:\/\/sakipsabancimuzesi.org\/shop\/urun\/yayin-ve-multimedya\/sergi-kataloglari\/aga-han-muzesi-hazineleri-katalog\/#primaryimage\",\"url\":\"https:\/\/sakipsabancimuzesi.org\/shop\/wp-content\/uploads\/2020\/02\/Aga-Han-Muzesi.jpg\",\"contentUrl\":\"https:\/\/sakipsabancimuzesi.org\/shop\/wp-content\/uploads\/2020\/02\/Aga-Han-Muzesi.jpg\",\"width\":1280,\"height\":1600},{\"@type\":\"BreadcrumbList\",\"@id\":\"https:\/\/sakipsabancimuzesi.org\/shop\/urun\/yayin-ve-multimedya\/sergi-kataloglari\/aga-han-muzesi-hazineleri-katalog\/#breadcrumb\",\"itemListElement\":[{\"@type\":\"ListItem\",\"position\":1,\"name\":\"Ana sayfa\",\"item\":\"https:\/\/sakipsabancimuzesi.org\/shop\/\"},{\"@type\":\"ListItem\",\"position\":2,\"name\":\"Shop\",\"item\":\"https:\/\/sakipsabancimuzesi.org\/shop\/shop\/\"},{\"@type\":\"ListItem\",\"position\":3,\"name\":\"&#8220;A\u011fa Han M\u00fczesi Hazineleri&#8221; &#8211; Katalog\"}]},{\"@type\":\"WebSite\",\"@id\":\"https:\/\/sakipsabancimuzesi.org\/shop\/#website\",\"url\":\"https:\/\/sakipsabancimuzesi.org\/shop\/\",\"name\":\"SSM Shop\",\"description\":\"Sak\u0131p Sabanc\u0131 M\u00fczesi, Ma\u011faza\",\"publisher\":{\"@id\":\"https:\/\/sakipsabancimuzesi.org\/shop\/#organization\"},\"potentialAction\":[{\"@type\":\"SearchAction\",\"target\":{\"@type\":\"EntryPoint\",\"urlTemplate\":\"https:\/\/sakipsabancimuzesi.org\/shop\/?s={search_term_string}\"},\"query-input\":{\"@type\":\"PropertyValueSpecification\",\"valueRequired\":true,\"valueName\":\"search_term_string\"}}],\"inLanguage\":\"tr\"},{\"@type\":\"Organization\",\"@id\":\"https:\/\/sakipsabancimuzesi.org\/shop\/#organization\",\"name\":\"SSM Shop\",\"url\":\"https:\/\/sakipsabancimuzesi.org\/shop\/\",\"logo\":{\"@type\":\"ImageObject\",\"inLanguage\":\"tr\",\"@id\":\"https:\/\/sakipsabancimuzesi.org\/shop\/#\/schema\/logo\/image\/\",\"url\":\"https:\/\/sakipsabancimuzesi.org\/shop\/wp-content\/uploads\/2019\/11\/logo.png\",\"contentUrl\":\"https:\/\/sakipsabancimuzesi.org\/shop\/wp-content\/uploads\/2019\/11\/logo.png\",\"width\":227,\"height\":87,\"caption\":\"SSM Shop\"},\"image\":{\"@id\":\"https:\/\/sakipsabancimuzesi.org\/shop\/#\/schema\/logo\/image\/\"},\"sameAs\":[\"https:\/\/www.facebook.com\/SakipSabanciMuzesi\/\"]}]}<\/script>\n<!-- \/ Yoast SEO plugin. -->","yoast_head_json":{"title":"\"A\u011fa Han M\u00fczesi Hazineleri\" - Katalog - SSM Shop","robots":{"index":"index","follow":"follow","max-snippet":"max-snippet:-1","max-image-preview":"max-image-preview:large","max-video-preview":"max-video-preview:-1"},"canonical":"https:\/\/sakipsabancimuzesi.org\/shop\/urun\/yayin-ve-multimedya\/sergi-kataloglari\/aga-han-muzesi-hazineleri-katalog\/","og_locale":"tr_TR","og_type":"article","og_title":"\"A\u011fa Han M\u00fczesi Hazineleri\" - Katalog - SSM Shop","og_description":"\"A\u011fa Han M\u00fczesi Hazineleri\" - Katalog","og_url":"https:\/\/sakipsabancimuzesi.org\/shop\/urun\/yayin-ve-multimedya\/sergi-kataloglari\/aga-han-muzesi-hazineleri-katalog\/","og_site_name":"SSM Shop","article_publisher":"https:\/\/www.facebook.com\/SakipSabanciMuzesi\/","article_modified_time":"2026-03-27T11:09:29+00:00","og_image":[{"width":1280,"height":1600,"url":"https:\/\/sakipsabancimuzesi.org\/shop\/wp-content\/uploads\/2020\/02\/Aga-Han-Muzesi.jpg","type":"image\/jpeg"}],"twitter_card":"summary_large_image","twitter_misc":{"Tahmini okuma s\u00fcresi":"1 dakika"},"schema":{"@context":"https:\/\/schema.org","@graph":[{"@type":"WebPage","@id":"https:\/\/sakipsabancimuzesi.org\/shop\/urun\/yayin-ve-multimedya\/sergi-kataloglari\/aga-han-muzesi-hazineleri-katalog\/","url":"https:\/\/sakipsabancimuzesi.org\/shop\/urun\/yayin-ve-multimedya\/sergi-kataloglari\/aga-han-muzesi-hazineleri-katalog\/","name":"\"A\u011fa Han M\u00fczesi Hazineleri\" - Katalog - SSM Shop","isPartOf":{"@id":"https:\/\/sakipsabancimuzesi.org\/shop\/#website"},"primaryImageOfPage":{"@id":"https:\/\/sakipsabancimuzesi.org\/shop\/urun\/yayin-ve-multimedya\/sergi-kataloglari\/aga-han-muzesi-hazineleri-katalog\/#primaryimage"},"image":{"@id":"https:\/\/sakipsabancimuzesi.org\/shop\/urun\/yayin-ve-multimedya\/sergi-kataloglari\/aga-han-muzesi-hazineleri-katalog\/#primaryimage"},"thumbnailUrl":"https:\/\/sakipsabancimuzesi.org\/shop\/wp-content\/uploads\/2020\/02\/Aga-Han-Muzesi.jpg","datePublished":"2020-02-26T10:51:13+00:00","dateModified":"2026-03-27T11:09:29+00:00","breadcrumb":{"@id":"https:\/\/sakipsabancimuzesi.org\/shop\/urun\/yayin-ve-multimedya\/sergi-kataloglari\/aga-han-muzesi-hazineleri-katalog\/#breadcrumb"},"inLanguage":"tr","potentialAction":[{"@type":"ReadAction","target":["https:\/\/sakipsabancimuzesi.org\/shop\/urun\/yayin-ve-multimedya\/sergi-kataloglari\/aga-han-muzesi-hazineleri-katalog\/"]}]},{"@type":"ImageObject","inLanguage":"tr","@id":"https:\/\/sakipsabancimuzesi.org\/shop\/urun\/yayin-ve-multimedya\/sergi-kataloglari\/aga-han-muzesi-hazineleri-katalog\/#primaryimage","url":"https:\/\/sakipsabancimuzesi.org\/shop\/wp-content\/uploads\/2020\/02\/Aga-Han-Muzesi.jpg","contentUrl":"https:\/\/sakipsabancimuzesi.org\/shop\/wp-content\/uploads\/2020\/02\/Aga-Han-Muzesi.jpg","width":1280,"height":1600},{"@type":"BreadcrumbList","@id":"https:\/\/sakipsabancimuzesi.org\/shop\/urun\/yayin-ve-multimedya\/sergi-kataloglari\/aga-han-muzesi-hazineleri-katalog\/#breadcrumb","itemListElement":[{"@type":"ListItem","position":1,"name":"Ana sayfa","item":"https:\/\/sakipsabancimuzesi.org\/shop\/"},{"@type":"ListItem","position":2,"name":"Shop","item":"https:\/\/sakipsabancimuzesi.org\/shop\/shop\/"},{"@type":"ListItem","position":3,"name":"&#8220;A\u011fa Han M\u00fczesi Hazineleri&#8221; &#8211; Katalog"}]},{"@type":"WebSite","@id":"https:\/\/sakipsabancimuzesi.org\/shop\/#website","url":"https:\/\/sakipsabancimuzesi.org\/shop\/","name":"SSM Shop","description":"Sak\u0131p Sabanc\u0131 M\u00fczesi, Ma\u011faza","publisher":{"@id":"https:\/\/sakipsabancimuzesi.org\/shop\/#organization"},"potentialAction":[{"@type":"SearchAction","target":{"@type":"EntryPoint","urlTemplate":"https:\/\/sakipsabancimuzesi.org\/shop\/?s={search_term_string}"},"query-input":{"@type":"PropertyValueSpecification","valueRequired":true,"valueName":"search_term_string"}}],"inLanguage":"tr"},{"@type":"Organization","@id":"https:\/\/sakipsabancimuzesi.org\/shop\/#organization","name":"SSM Shop","url":"https:\/\/sakipsabancimuzesi.org\/shop\/","logo":{"@type":"ImageObject","inLanguage":"tr","@id":"https:\/\/sakipsabancimuzesi.org\/shop\/#\/schema\/logo\/image\/","url":"https:\/\/sakipsabancimuzesi.org\/shop\/wp-content\/uploads\/2019\/11\/logo.png","contentUrl":"https:\/\/sakipsabancimuzesi.org\/shop\/wp-content\/uploads\/2019\/11\/logo.png","width":227,"height":87,"caption":"SSM Shop"},"image":{"@id":"https:\/\/sakipsabancimuzesi.org\/shop\/#\/schema\/logo\/image\/"},"sameAs":["https:\/\/www.facebook.com\/SakipSabanciMuzesi\/"]}]}},"jetpack_sharing_enabled":true,"_links":{"self":[{"href":"https:\/\/sakipsabancimuzesi.org\/shop\/wp-json\/wp\/v2\/product\/9171","targetHints":{"allow":["GET"]}}],"collection":[{"href":"https:\/\/sakipsabancimuzesi.org\/shop\/wp-json\/wp\/v2\/product"}],"about":[{"href":"https:\/\/sakipsabancimuzesi.org\/shop\/wp-json\/wp\/v2\/types\/product"}],"wp:featuredmedia":[{"embeddable":true,"href":"https:\/\/sakipsabancimuzesi.org\/shop\/wp-json\/wp\/v2\/media\/245766"}],"wp:attachment":[{"href":"https:\/\/sakipsabancimuzesi.org\/shop\/wp-json\/wp\/v2\/media?parent=9171"}],"wp:term":[{"taxonomy":"product_brand","embeddable":true,"href":"https:\/\/sakipsabancimuzesi.org\/shop\/wp-json\/wp\/v2\/product_brand?post=9171"},{"taxonomy":"product_cat","embeddable":true,"href":"https:\/\/sakipsabancimuzesi.org\/shop\/wp-json\/wp\/v2\/product_cat?post=9171"},{"taxonomy":"product_tag","embeddable":true,"href":"https:\/\/sakipsabancimuzesi.org\/shop\/wp-json\/wp\/v2\/product_tag?post=9171"},{"taxonomy":"woo-feed-brand","embeddable":true,"href":"https:\/\/sakipsabancimuzesi.org\/shop\/wp-json\/wp\/v2\/woo-feed-brand?post=9171"}],"curies":[{"name":"wp","href":"https:\/\/api.w.org\/{rel}","templated":true}]}}